{"id":12091,"date":"2021-02-05T16:38:28","date_gmt":"2021-02-05T16:38:28","guid":{"rendered":"https:\/\/www.ticketswhales.com\/?post_type=product&#038;p=12091"},"modified":"2023-11-07T21:00:20","modified_gmt":"2023-11-07T21:00:20","slug":"27-waterfalls-buggies-tour-puerto-plata","status":"publish","type":"product","link":"https:\/\/ballenajorobada.com\/ca\/Tours-Excursions\/fees-entrace\/27-cascades-buggies-tour-puerto-plata","title":{"rendered":"27 cascades Buggies (excursionisme i nataci\u00f3)"},"content":{"rendered":"<section class=\"wpb-content-wrapper\"><div class=\"vc_row wpb_row vc_row-fluid\" ><div class=\"wpb_column vc_column_container vc_col-sm-12\"><div class=\"vc_column-inner\"><div class=\"wpb_wrapper\"><div class=\"mkdf-section-title-holder\" style=\"text-align: left\">\n\t<div class=\"mkdf-st-inner\">\n\t\t\t\t\t<h5 class=\"mkdf-st-subtitle\" >\n\t\t\t\tDinar incl\u00f2s\t\t\t<\/h5>\n\t\t\t\t\t\t\t<h3 class=\"mkdf-st-title\" >\n\t\t\t\t27 Cascades Buggies Tour Puerto Plata\t\t\t<\/h3>\n\t\t\t\t\t<\/div>\n<\/div><div class=\"vc_message_box vc_message_box-standard vc_message_box-rounded vc_color-info\" ><div class=\"vc_message_box-icon\"><i class=\"fas fa-info-circle\"><\/i><\/div><p>Reserveu nom\u00e9s les entrades o amb transport: <a href=\"https:\/\/ballenajorobada.com\/ca\/?s=27 waterfalls&amp;post_type=product&amp;dgwt_wcas=1\">Clica aqu\u00ed.<\/a><\/p>\n<\/div><div class=\"vc_empty_space\"   style=\"height: 32px\"><span class=\"vc_empty_space_inner\"><\/span><\/div><\/div><\/div><\/div><\/div><div class=\"vc_row wpb_row vc_row-fluid\" ><div class=\"wpb_column vc_column_container vc_col-sm-12\"><div class=\"vc_column-inner\"><div class=\"wpb_wrapper\"><div class=\"vc_btn3-container vc_btn3-inline\" ><button class=\"vc_general vc_btn3 vc_btn3-size-md vc_btn3-shape-rounded vc_btn3-style-modern vc_btn3-color-green\">RESERVAR ARA<\/button><\/div>\n\t<div class=\"wpb_text_column wpb_content_element\" >\n\t\t<div class=\"wpb_wrapper\">\n\t\t\t<h2 class=\"ui_header h1 attractions-product-info-ProductTitle__title--1qM0o\">27 Cascades Buggies Tour Puerto Plata<\/h2>\n<p><b><i>Visi\u00f3 general <\/i><\/b><\/p>\n<p>Aconsegueix les teves entrades per a Buggies a Puerto Plata amb el preu m\u00e9s baix de cascades de damajagua. Damajagua zones amb les millors <strong data-key=\"puerto plata waterfall excursion\">excursi\u00f3 a la cascada de puerto plata.\u00a0<\/strong><\/p>\n<p>No hi ha manera m\u00e9s emocionant d&#039;explorar el paisatge salvatge dominic\u00e0 que un d&#039;aquests buggies en una gira presentada pels locals. Fes senders tot terreny amb 27 zones forestals de cascades com a tel\u00f3 de fons i neda en un riu o a la platja en aquesta aventura matinal de mig dia.<\/p>\n<p>Despr\u00e9s d&#039;una instrucci\u00f3 experta, \u00e9s hora d&#039;anar pels camins i aventurar-se al camp. Passareu per palmeres, terres de conreu r\u00fastiques i pobles, mentre baixeu de pressa pels senders polsegosos i de la selva, molt lluny dels camins trillats.<\/p>\n<p>Hi haur\u00e0 un parell de parades a boxes on podreu agafar un coco fresc per a la carretera, si teniu set. A m\u00e9s, d&#039;una manera o altra us embrutar\u00e0s, aix\u00ed que porteu-vos el vestit de bany i refresqueu-vos a la platja o al riu natural, una manera encantadora de treure la pols. Tamb\u00e9 podreu gaudir d&#039;un dia emocionant amb una cervesa o un c\u00f2ctel freds gratu\u00efts a la base. Contacteu-nos per a la nostra <strong>combinaci\u00f3 de cascades de damajagua i buggy tot terreny<\/strong> .<\/p>\n<ul>\n<li style=\"font-weight: 400;\">Tarifes incloses<\/li>\n<li>Dinar<\/li>\n<li>Snacks<\/li>\n<li style=\"font-weight: 400;\">Guia local en angl\u00e8s<\/li>\n<\/ul>\n<p>&nbsp;<\/p>\n<h4><b>Inclusions i exclusions<\/b><\/h4>\n<p>&nbsp;<\/p>\n<p><b>Inclusions<\/b><\/p>\n<ol>\n<li>Dinar<\/li>\n<li style=\"font-weight: 400;\"><span style=\"font-weight: 400;\">Tots els impostos, taxes i despeses de gesti\u00f3<\/span><\/li>\n<li style=\"font-weight: 400;\"><span style=\"font-weight: 400;\">Impostos locals<\/span><\/li>\n<li style=\"font-weight: 400;\"><span style=\"font-weight: 400;\">Begudes<\/span><\/li>\n<li>Snacks<\/li>\n<li style=\"font-weight: 400;\"><span style=\"font-weight: 400;\">Totes les activitats<\/span><\/li>\n<li style=\"font-weight: 400;\"><span style=\"font-weight: 400;\">Guia local<\/span><\/li>\n<\/ol>\n<p><b> Exclusions<\/b><\/p>\n<ol>\n<li style=\"font-weight: 400;\"><span style=\"font-weight: 400;\">Propostes<\/span><\/li>\n<li>transport (establert posant-se en contacte amb nosaltres)<\/li>\n<li style=\"font-weight: 400;\"><span style=\"font-weight: 400;\">Begudes alcoh\u00f2liques<\/span><\/li>\n<\/ol>\n<p>&nbsp;<\/p>\n<p><em><strong>Sortida i tornada<\/strong><\/em><\/p>\n<p><span style=\"font-weight: 400;\">El viatger obtindr\u00e0 un punt de trobada despr\u00e9s del proc\u00e9s de reserva. Les visites comencen i acaben als vostres punts de trobada.<\/span><\/p>\n<h4><\/h4>\n<h3 class=\"ui_header h1 attractions-product-info-ProductTitle__title--1qM0o\">27 cascades de damajagua puerto plata tours excursions<\/h3>\n<p><b><i>Qu\u00e8 esperar?<\/i><\/b><\/p>\n<div class=\"apd_content_block\" data-tab=\"TABS_OVERVIEW\"><\/div>\n<div data-tab=\"TABS_WHAT_TO_EXPECT\">\n<div class=\"ui_card attractions-card-CollapsibleProductDetailsCard__cardContainer--3r2wk attractions-card-CollapsibleProductDetailsCard__cleanslateOverrideDT--2AJh0\">\n<div class=\"attractions-card-CollapsibleCard__content--2Ws8q\">\n<div class=\"attractions-card-CollapsibleCard__contentWrap--374jk attractions-card-CollapsibleCard__titleUnderline--1uHze\">\n<div class=\"attractions-card-CollapsibleProductDetailsCard__cardContent--23ext\">\n<div class=\"common-text-ReadMore__readMore--3Iu8c common-text-ReadMore__variantFadeOut--1tInd\">\n<div class=\"common-text-ReadMore__content--2X4LR\">\n<div class=\"ui_columns is-desktop\">\n<div class=\"ui_column\">\n<p>Damajagua Buggy&#039;s<\/p>\n<p>Encenem els nostres motors i comencem una ruta emocionant per senders fangosos, boscos tropicals i rius. Es tracta d&#039;un recorregut d&#039;una hora i mitja d&#039;entre 10 i 15 quil\u00f2metres de llargada.<\/p>\n<p>La primera parada ser\u00e0 al riu Bajabonico a la comunitat de Bellaco. A la carretera, podreu recollir algunes fruites i fins i tot menjar-vos la Patty dels locals.<\/p>\n<p>Continuarem la ruta en buggy fins a les comunitats de Bajabonico Arriba, on podrem provar-ho\u00a0 <strong>temperatura de l&#039;aigua de les cascades de damajagua.<\/strong> Palmar Grande i Los Felix. Un cop condu\u00efm dins d&#039;aquestes comunitats, hem de reduir la velocitat a causa dels nens, els animals i la gent local que viuen la seva vida normal.<br \/>\nBaixarem dels vehicles i tindrem l&#039;oportunitat de nedar a l&#039;aigua dol\u00e7a del riu!<br \/>\nA la tornada, agafarem una carretera externa podent creuar fins a 12 vegades el riu una a una.<br \/>\nFinalment, tornarem al punt de trobada i podreu tornar al vostre lloc i parlar amb els vostres amics d&#039;aquest recorregut inoblidable.<\/p>\n<\/div>\n<\/div>\n<\/div>\n<\/div>\n<\/div>\n<\/div>\n<\/div>\n<\/div>\n<\/div>\n<p><em><strong>Qu\u00e8 hauries de portar?<\/strong><\/em><\/p>\n<ul>\n<li style=\"font-weight: 400;\"><span style=\"font-weight: 400;\">C\u00e0mera<\/span><\/li>\n<li style=\"font-weight: 400;\"><span style=\"font-weight: 400;\">Brots repel\u00b7lents<\/span><\/li>\n<li style=\"font-weight: 400;\"><span style=\"font-weight: 400;\">Crema per al sol<\/span><\/li>\n<li style=\"font-weight: 400;\"><span style=\"font-weight: 400;\">Barret<\/span><\/li>\n<li style=\"font-weight: 400;\"><span style=\"font-weight: 400;\">Pantalons c\u00f2modes<\/span><\/li>\n<li style=\"font-weight: 400;\"><span style=\"font-weight: 400;\">Sabates de muntanya per al bosc<\/span><\/li>\n<li style=\"font-weight: 400;\"><span style=\"font-weight: 400;\">Sand\u00e0lies a les zones de primavera.<\/span><\/li>\n<li style=\"font-weight: 400;\"><span style=\"font-weight: 400;\">Roba de bany<\/span><\/li>\n<\/ul>\n<p>&nbsp;<\/p>\n<h3><b><i>Recollida a l&#039;hotel:\u00a0<\/i><\/b><\/h3>\n<p><span style=\"font-weight: 400;\"><strong>El servei de recollida a l&#039;hotel no ho \u00e9s<\/strong> s&#039;ofereix per a aquesta gira. Configurem Pick Up contactant amb nosaltres per Whatsapp. Tenim ofertes per si veniu <strong>amber cove 27 cascades.\u00a0<\/strong><\/span><\/p>\n<p>&nbsp;<\/p>\n<p><b>Nota:<\/b><span style=\"font-weight: 400;\"> Si feu la reserva dins de les 24 hores posteriors a l&#039;hora de sortida de l&#039;excursi\u00f3\/excursi\u00f3, podem organitzar la recollida a l&#039;hotel amb c\u00e0rrecs addicionals. Un cop completada la compra, us enviarem la informaci\u00f3 de contacte completa (n\u00famero de tel\u00e8fon, adre\u00e7a de correu electr\u00f2nic, etc.) perqu\u00e8 el nostre guia local organitzi la recollida.<\/span><\/p>\n<p><b><i>Confirmaci\u00f3 d&#039;informaci\u00f3 addicional <\/i><\/b><\/p>\n<ol>\n<li>Les entrades s\u00f3n el rebut despr\u00e9s de pagar aquest Tour. Podeu mostrar el pagament al vostre tel\u00e8fon.<\/li>\n<li style=\"font-weight: 400;\"><span style=\"font-weight: 400;\">El punt de trobada es rebr\u00e0 despr\u00e9s del proc\u00e9s de reserva.<\/span><\/li>\n<li style=\"font-weight: 400;\"><span style=\"font-weight: 400;\">Els nens han d&#039;anar acompanyats d&#039;un adult.<\/span><\/li>\n<li style=\"font-weight: 400;\"><span style=\"font-weight: 400;\"> No accessible amb cadira de rodes <\/span><\/li>\n<li style=\"font-weight: 400;\"><span style=\"font-weight: 400;\">Els nadons han de seure a les faldes <\/span><\/li>\n<li style=\"font-weight: 400;\"><span style=\"font-weight: 400;\">No recomanat per a viatgers amb problemes d&#039;esquena<\/span><\/li>\n<li style=\"font-weight: 400;\"><span style=\"font-weight: 400;\">No recomanat per a viatgers embarassades <\/span><\/li>\n<li style=\"font-weight: 400;\"><span style=\"font-weight: 400;\"> Sense problemes card\u00edacs ni altres afeccions m\u00e8diques greus <\/span><\/li>\n<li style=\"font-weight: 400;\"><span style=\"font-weight: 400;\">La majoria dels viatgers poden participar<\/span><\/li>\n<\/ol>\n<h4><b><i>Pol\u00edtica de cancel \u00b7 laci\u00f3<\/i><\/b><\/h4>\n<p>Per obtenir un reemborsament complet, llegiu les nostres pol\u00edtiques de cancel\u00b7lacions\u00a0<a href=\"https:\/\/ballenajorobada.com\/ca\/reserva-en-linia\/\" target=\"_blank\" rel=\"noopener\" data-saferedirecturl=\"https:\/\/www.google.com\/url?q=https:\/\/ballenajorobada.com\/online-booking\/&amp;source=gmail&amp;ust=1672449202351000&amp;usg=AOvVaw1yAeVAPktmaVCqDujgUn90\">Clica aqu\u00ed<\/a>. Els fons es perdran si la reserva es cancel\u00b7la el mateix dia del viatge.<\/p>\n<p>&nbsp;<\/p>\n<p><em><strong>La gent tamb\u00e9 cerca:\u00a0<\/strong><\/em><\/p>\n<p>visi\u00f3 general inclusions exclusions sortida<\/p>\n<p>inclusions exclusions sortida tornada<\/p>\n<p>morts en cascades de damajagua<\/p>\n<p>27 cascades mort rep\u00fablica dominicana<\/p>\n<p>preu de les cascades de damajagua<\/p>\n<p>&nbsp;<\/p>\n\n\t\t<\/div>\n\t<\/div>\n<\/div><\/div><\/div><\/div><div class=\"vc_row wpb_row vc_row-fluid\" ><div class=\"wpb_column vc_column_container vc_col-sm-12\"><div class=\"vc_column-inner\"><div class=\"wpb_wrapper\"><div class=\"vc_btn3-container vc_btn3-inline\" ><button class=\"vc_general vc_btn3 vc_btn3-size-md vc_btn3-shape-rounded vc_btn3-style-modern vc_btn3-color-green\">RESERVAR ARA<\/button><\/div>\n\t<div class=\"wpb_video_widget wpb_content_element vc_clearfix   vc_video-aspect-ratio-169 vc_video-el-width-100 vc_video-align-left\" >\n\t\t<div class=\"wpb_wrapper\">\n\t\t\t<h2 class=\"wpb_heading wpb_video_heading\">Excursi\u00f3 27 Cascades de Damajagua des de Puerto Plata:<\/h2>\n\t\t\t<div class=\"wpb_video_wrapper\"><iframe loading=\"lazy\" title=\"27 Cascades de Damajagua per Booking Adventures &amp; Travel Rep\u00fablica Dominicana\" width=\"1100\" height=\"619\" src=\"https:\/\/www.youtube.com\/embed\/AVNh_we_RQE?start=17&feature=oembed\" frameborder=\"0\" allow=\"accelerometer; autoplay; encrypted-media; gyroscope; picture-in-picture\" allowfullscreen><\/iframe><\/div>\n\t\t<\/div>\n\t<\/div>\n<\/div><\/div><\/div><\/div><div class=\"vc_row wpb_row vc_row-fluid\" ><\/div><div class=\"wpb_column vc_column_container vc_col-sm-12\"><div class=\"vc_column-inner\"><div class=\"wpb_wrapper\"><\/div><\/div><\/div><div class=\"vc_empty_space\"   style=\"height: 32px\"><span class=\"vc_empty_space_inner\"><\/span><\/div><div class=\"vc_empty_space\"   style=\"height: 32px\"><span class=\"vc_empty_space_inner\"><\/span><\/div><div class=\"vc_row wpb_row vc_row-fluid\" ><div class=\"wpb_column vc_column_container vc_col-sm-12\"><div class=\"vc_column-inner\"><div class=\"wpb_wrapper\"><div class=\"vc_btn3-container vc_btn3-inline\" ><button class=\"vc_general vc_btn3 vc_btn3-size-md vc_btn3-shape-rounded vc_btn3-style-modern vc_btn3-color-green\">RESERVAR ARA<\/button><\/div><\/div><\/div><\/div><\/div>\n<\/section>","protected":false},"excerpt":{"rendered":"<p>Aquesta excursi\u00f3 des de les 27 cascades de Damajagua a Puerto Plata, dinar i visita a les 27 cascades, caminada i salt al riu.<\/p>\n<p>Viatge ecol\u00f2gic a les 27 cascades de Puerto Plata. Aconsegueix les teves entrades per a una excursi\u00f3 de mig dia aqu\u00ed a la cascada de Damajagua 27. Les entrades amb dinar i excursi\u00f3 inclouen saltar i nedar a les cascades m\u00e9s boniques de la Rep\u00fablica Dominicana. Senderisme i nataci\u00f3 amb equip de seguretat per viure la millor experi\u00e8ncia!<\/p>\n<p><strong><span style=\"vertical-align: inherit;\"><span style=\"vertical-align: inherit;\"><span style=\"vertical-align: inherit;\"><span style=\"vertical-align: inherit;\">Seleccioneu la data per al Tour:\u00a0<\/span><\/span><\/span><\/span><\/strong><\/p>","protected":false},"featured_media":12093,"template":"","meta":[],"product_brand":[],"product_cat":[283,947,864,159,253,252],"product_tag":[405,865,403,402,285,407],"class_list":{"0":"post-12091","1":"product","2":"type-product","3":"status-publish","4":"has-post-thumbnail","6":"product_cat-damajagua","7":"product_cat-1-puerto-plata","8":"product_cat-buggies-puerto-plata","9":"product_cat-fees-entrace","10":"product_cat-tours-and-excursions","11":"product_cat-waterfalls","12":"product_tag-amber-cove-excursions","13":"product_tag-buggies-puerto-plata","14":"product_tag-damajagua-national-park","15":"product_tag-how-to-get-to-27-waterfalls-from-puerto-plata","16":"product_tag-puerto-plata","17":"product_tag-things-to-do-in-amber-cove","19":"first","20":"instock","21":"sale","22":"sold-individually","23":"shipping-taxable","24":"product-type-external"},"_links":{"self":[{"href":"https:\/\/ballenajorobada.com\/ca\/wp-json\/wp\/v2\/product\/12091","targetHints":{"allow":["GET"]}}],"collection":[{"href":"https:\/\/ballenajorobada.com\/ca\/wp-json\/wp\/v2\/product"}],"about":[{"href":"https:\/\/ballenajorobada.com\/ca\/wp-json\/wp\/v2\/types\/product"}],"wp:featuredmedia":[{"embeddable":true,"href":"https:\/\/ballenajorobada.com\/ca\/wp-json\/wp\/v2\/media\/12093"}],"wp:attachment":[{"href":"https:\/\/ballenajorobada.com\/ca\/wp-json\/wp\/v2\/media?parent=12091"}],"wp:term":[{"taxonomy":"product_brand","embeddable":true,"href":"https:\/\/ballenajorobada.com\/ca\/wp-json\/wp\/v2\/product_brand?post=12091"},{"taxonomy":"product_cat","embeddable":true,"href":"https:\/\/ballenajorobada.com\/ca\/wp-json\/wp\/v2\/product_cat?post=12091"},{"taxonomy":"product_tag","embeddable":true,"href":"https:\/\/ballenajorobada.com\/ca\/wp-json\/wp\/v2\/product_tag?post=12091"}],"curies":[{"name":"wp","href":"https:\/\/api.w.org\/{rel}","templated":true}]}}