{"id":12676,"date":"2021-08-15T16:10:03","date_gmt":"2021-08-15T16:10:03","guid":{"rendered":"https:\/\/www.ticketswhales.com\/?post_type=product&#038;p=12676"},"modified":"2023-11-06T13:36:18","modified_gmt":"2023-11-06T13:36:18","slug":"los-haitises-boat-private-trip-from-boca-chica","status":"publish","type":"product","link":"https:\/\/ballenajorobada.com\/ca\/Tours-Excursions\/fees-entrace\/los-haitis-boat-viatge-privado-des-boca-chica","title":{"rendered":"Viatge privat en vaixell de Los Haitises \u2013 Des de Boca Chica"},"content":{"rendered":"<section class=\"wpb-content-wrapper\"><div class=\"vc_row wpb_row vc_row-fluid\" ><div class=\"wpb_column vc_column_container vc_col-sm-12\"><div class=\"vc_column-inner\"><div class=\"wpb_wrapper\"><div class=\"mkdf-section-title-holder\" style=\"text-align: left\">\n\t<div class=\"mkdf-st-inner\">\n\t\t\t\t\t<h5 class=\"mkdf-st-subtitle\" >\n\t\t\t\tManglars, Guies Locals i Coves\t\t\t<\/h5>\n\t\t\t\t\t\t\t<h3 class=\"mkdf-st-title\" >\n\t\t\t\tViatge privat en vaixell de Los Haitises - Des de Boca Chica\t\t\t<\/h3>\n\t\t\t\t\t<\/div>\n<\/div><\/div><\/div><\/div><\/div><div class=\"vc_row wpb_row vc_row-fluid\" ><div class=\"wpb_column vc_column_container vc_col-sm-12\"><div class=\"vc_column-inner\"><div class=\"wpb_wrapper\"><div class=\"vc_btn3-container vc_btn3-inline\" ><button class=\"vc_general vc_btn3 vc_btn3-size-md vc_btn3-shape-rounded vc_btn3-style-modern vc_btn3-color-green\">RESERVAR ARA<\/button><\/div>\n\t<div class=\"wpb_text_column wpb_content_element\" >\n\t\t<div class=\"wpb_wrapper\">\n\t\t\t<h4><b><i>Visi\u00f3 general <\/i><\/b><\/h4>\n<p>Si esteu a Boca Chica, trieu un viatge normal privat al Parc Nacional Los Haitises. Vine amb nosaltres i visita el parc nacional m\u00e9s bonic de la Rep\u00fablica Dominicana, visitant manglars, coves i la badia de San Lorenzo. Despr\u00e9s del transport privat des de Bayahibe, aquest viatge en vaixell privat comen\u00e7a des de la comunitat de Sabana de la Mar aprenent sobre la hist\u00f2ria de Sabana de la Mar.<\/p>\n<ul>\n<li style=\"font-weight: 400;\">Tarifes incloses<\/li>\n<li style=\"font-weight: 400;\"><span style=\"font-weight: 400;\">La guia proporciona instrucci\u00f3 i supervisi\u00f3<\/span><\/li>\n<li>Dinar<\/li>\n<\/ul>\n<p>&nbsp;<\/p>\n<h4><b>Inclusions i exclusions<\/b><\/h4>\n<p>&nbsp;<\/p>\n<p><b>Inclusions<\/b><\/p>\n<ol>\n<li style=\"font-weight: 400;\">Visita Los Haitises + Coves i Pictogrames<\/li>\n<li style=\"font-weight: 400;\"><span style=\"font-weight: 400;\">Tots els impostos, taxes i despeses de gesti\u00f3<\/span><\/li>\n<li style=\"font-weight: 400;\"><span style=\"font-weight: 400;\">Impostos locals<\/span><\/li>\n<li style=\"font-weight: 400;\"><span style=\"font-weight: 400;\">Totes les activitats<\/span><\/li>\n<li style=\"font-weight: 400;\"><span style=\"font-weight: 400;\">Guia local<\/span><\/li>\n<li>Transport incl\u00f2s<\/li>\n<\/ol>\n<p><b> Exclusions<\/b><\/p>\n<ol>\n<li style=\"font-weight: 400;\"><span style=\"font-weight: 400;\">Propostes<\/span><\/li>\n<li style=\"font-weight: 400;\"><span style=\"font-weight: 400;\">Begudes alcoh\u00f2liques<\/span><\/li>\n<\/ol>\n<p>&nbsp;<\/p>\n<h4><em><strong>Sortida i tornada<\/strong><\/em><\/h4>\n<p><span style=\"font-weight: 400;\">El viatger obtindr\u00e0 un punt de trobada despr\u00e9s del proc\u00e9s de reserva. Les visites comencen i acaben als nostres punts de trobada.<\/span><\/p>\n<p>&nbsp;<\/p>\n<h4><b><i>Qu\u00e8 esperar?<\/i><\/b><\/h4>\n<p>&nbsp;<\/p>\n<p><em><strong>Aconsegueix les teves entrades<\/strong><\/em> per visitar el Parc Nacional Los Haitises des de<strong> Boca Chica<\/strong>\u00a0amb transport incl\u00f2s amb Coves, Manglars i Badia de San Lorenzo.<\/p>\n<p>Preu m\u00e9s baix per visitar <strong>Parc Nacional Los Haitises<\/strong> des de <strong>Hotels Boca Chica<\/strong> o Airbnb amb locals.<\/p>\n<p>Despr\u00e9s comencem des del port principal del parc nacional de Los Haitises nom Ca\u00f1o Hondo (Deep Creek) en un VAIXELL amb armilles salvavides. Gaudirem del bosc de manglars vermells fins arribar a la badia de San Lorenzo. Petita badia a la badia de Saman\u00e1. I aqu\u00ed anem! El primer sorprenent que podeu veure \u00e9s la col\u00b7lecci\u00f3 d&#039;una enorme illa de muntanya de pedres calc\u00e0ries anomenada Mogotes. a sobre d&#039;ells m\u00e9s de 700 esp\u00e8cies de plantes i molts ocells dels aiguamolls que volen al voltant. M\u00e9s tard Visitant les Coves amb pictogrames de les nostres comunitats ind\u00edgenes de fa 750 anys.<\/p>\n<p>A trav\u00e9s dels manglars i Terra a la badia oberta de San Lorenzo, des d&#039;on es pot fotografiar el paisatge forestal accidentat. Mireu l&#039;aigua per detectar-lo <em><strong>Manat\u00eds<\/strong><\/em>, crustacis, i <em><strong>dofins.<\/strong><\/em><\/p>\n<div class=\"body-description secondary\">\n<p>El nom del parc nacional prov\u00e9 dels seus habitants originals, els indis ta\u00efnos. En el seu idioma, &quot;Haitises&quot; es tradueix a les terres altes o turons, una refer\u00e8ncia a les escarpades formacions geol\u00f2giques de la costa amb calc\u00e0ries. Aventureu-vos m\u00e9s endins al parc per explorar coves com la <em><strong>Cueva de la Arena<\/strong><\/em> i <strong><em>Cueva de la L\u00ednia.<\/em><\/strong> Les coves de la reserva van ser utilitzades com a refugi pels indis ta\u00efnos i, m\u00e9s tard, pels pirates amagats. Busca dibuixos d&#039;indis que decoren algunes de les parets. Despr\u00e9s de visitar el Parc Nacional Los Haitises tornarem al port on va comen\u00e7ar el nostre viatge.<\/p>\n<\/div>\n<p>&nbsp;<\/p>\n<h4><em><strong>Qu\u00e8 hauries de portar?<\/strong><\/em><\/h4>\n<ul>\n<li style=\"font-weight: 400;\"><span style=\"font-weight: 400;\">C\u00e0mera<\/span><\/li>\n<li style=\"font-weight: 400;\"><span style=\"font-weight: 400;\">Brots repel\u00b7lents<\/span><\/li>\n<li style=\"font-weight: 400;\"><span style=\"font-weight: 400;\">crema per al sol<\/span><\/li>\n<li style=\"font-weight: 400;\"><span style=\"font-weight: 400;\">Barret<\/span><\/li>\n<li style=\"font-weight: 400;\"><span style=\"font-weight: 400;\">Pantalons c\u00f2modes<\/span><\/li>\n<li style=\"font-weight: 400;\"><span style=\"font-weight: 400;\">Sabates de muntanya per al bosc<\/span><\/li>\n<li style=\"font-weight: 400;\"><span style=\"font-weight: 400;\">Sand\u00e0lies a les zones de primavera.<\/span><\/li>\n<li style=\"font-weight: 400;\"><span style=\"font-weight: 400;\">Roba de bany<\/span><\/li>\n<\/ul>\n<p>&nbsp;<\/p>\n<h4><b><i>Recollida a l&#039;hotel <\/i><\/b><\/h4>\n<p><span style=\"font-weight: 400;\">S&#039;ofereix servei de recollida a l&#039;hotel si hi esteu\u00a0 <strong>Boca Chica.<\/strong><\/span><\/p>\n<p>&nbsp;<\/p>\n<p><b>Nota:<\/b><span style=\"font-weight: 400;\"> si feu la reserva dins de les 24 hores posteriors a l&#039;hora de sortida del tour o de l&#039;excursi\u00f3, podem organitzar la recollida a l&#039;hotel amb c\u00e0rrecs addicionals si no esteu als hotels de La Romana. Un cop completada la compra, us enviarem la informaci\u00f3 de contacte completa (n\u00famero de tel\u00e8fon, adre\u00e7a de correu electr\u00f2nic, etc.) perqu\u00e8 el nostre guia local organitzi la recollida.<\/span><\/p>\n<h4><b><i>Confirmaci\u00f3 d&#039;informaci\u00f3 addicional <\/i><\/b><\/h4>\n<ol>\n<li>Les entrades s\u00f3n el rebut despr\u00e9s de pagar aquest Tour. Podeu mostrar el pagament al vostre tel\u00e8fon.<\/li>\n<li style=\"font-weight: 400;\"><span style=\"font-weight: 400;\">El punt de trobada es rebr\u00e0 despr\u00e9s del proc\u00e9s de reserva.<\/span><\/li>\n<li style=\"font-weight: 400;\"><span style=\"font-weight: 400;\">Els nens han d&#039;anar acompanyats d&#039;un adult.<\/span><\/li>\n<li style=\"font-weight: 400;\"><span style=\"font-weight: 400;\"> No accessible amb cadira de rodes <\/span><\/li>\n<li style=\"font-weight: 400;\"><span style=\"font-weight: 400;\">Els nadons han de seure a les faldes <\/span><\/li>\n<li style=\"font-weight: 400;\"><span style=\"font-weight: 400;\">No recomanat per a viatgers amb problemes d&#039;esquena<\/span><\/li>\n<li style=\"font-weight: 400;\"><span style=\"font-weight: 400;\">No recomanat per a viatgers embarassades <\/span><\/li>\n<li style=\"font-weight: 400;\"><span style=\"font-weight: 400;\"> Sense problemes card\u00edacs ni altres afeccions m\u00e8diques greus <\/span><\/li>\n<li style=\"font-weight: 400;\"><span style=\"font-weight: 400;\">La majoria dels viatgers poden participar<\/span><\/li>\n<\/ol>\n<h4><b><i>Pol\u00edtica de cancel \u00b7 laci\u00f3<\/i><\/b><\/h4>\n<p>Per obtenir un reemborsament complet, llegiu les nostres pol\u00edtiques de cancel\u00b7lacions\u00a0<a href=\"https:\/\/ballenajorobada.com\/ca\/reserva-en-linia\/\" target=\"_blank\" rel=\"noopener\" data-saferedirecturl=\"https:\/\/www.google.com\/url?q=https:\/\/ballenajorobada.com\/online-booking\/&amp;source=gmail&amp;ust=1672449202351000&amp;usg=AOvVaw1yAeVAPktmaVCqDujgUn90\">Clica aqu\u00ed<\/a>. Els fons es perdran si la reserva es cancel\u00b7la el mateix dia del viatge.<\/p>\n\n\t\t<\/div>\n\t<\/div>\n<div class=\"vc_btn3-container vc_btn3-inline\" ><button class=\"vc_general vc_btn3 vc_btn3-size-md vc_btn3-shape-rounded vc_btn3-style-modern vc_btn3-color-green\">RESERVAR ARA<\/button><\/div><\/div><\/div><\/div><\/div><div class=\"vc_row wpb_row vc_row-fluid\" ><\/div><div class=\"wpb_column vc_column_container vc_col-sm-12\"><div class=\"vc_column-inner\"><div class=\"wpb_wrapper\"><\/div><\/div><\/div><div class=\"vc_empty_space\"   style=\"height: 32px\"><span class=\"vc_empty_space_inner\"><\/span><\/div>\n\t<div class=\"wpb_text_column wpb_content_element\" >\n\t\t<div class=\"wpb_wrapper\">\n\t\t\t<p>S\u00f3c bloc de text. Feu clic al bot\u00f3 Edita per canviar aquest text. Lorem ipsum dolor sit amet, consectetur adipiscing elit. Ut elit tellus, luctus nec ullamcorper mattis, pulvinar dapibus leo.<\/p>\n\n\t\t<\/div>\n\t<\/div>\n<div class=\"vc_empty_space\"   style=\"height: 32px\"><span class=\"vc_empty_space_inner\"><\/span><\/div><div class=\"vc_row wpb_row vc_row-fluid\" ><\/div><div class=\"wpb_column vc_column_container vc_col-sm-12\"><div class=\"vc_column-inner\"><div class=\"wpb_wrapper\"><div class=\"vc_btn3-container vc_btn3-inline\" ><button class=\"vc_general vc_btn3 vc_btn3-size-md vc_btn3-shape-rounded vc_btn3-style-modern vc_btn3-color-green\">RESERVAR ARA<\/button><\/div><\/div><\/div><\/div><div class=\"mkdf-section-title-holder\" style=\"text-align: left\">\n\t<div class=\"mkdf-st-inner\">\n\t\t\t\t\t\t\t<\/div>\n<\/div><div class=\"vc_row wpb_row vc_row-fluid\" ><div class=\"wpb_column vc_column_container vc_col-sm-12\"><div class=\"vc_column-inner\"><div class=\"wpb_wrapper\"><\/div><\/div><\/div><\/div><div class=\"vc_row wpb_row vc_row-fluid\" ><div class=\"wpb_column vc_column_container vc_col-sm-12\"><div class=\"vc_column-inner\"><div class=\"wpb_wrapper\"><\/div><\/div><\/div><\/div>\n<\/section>","protected":false},"excerpt":{"rendered":"<p>El preu m\u00e9s baix per visitar el Parc Nacional Los Haitises des de Boca Chica amb els locals. El viatge comen\u00e7a al Port Principal del Parc Nacional Los Haitises. El viatge pot comen\u00e7ar de 6:00 a 8:00 hores. Recollida a zones de Boca Chica. Un guia local que coneix la hist\u00f2ria original del bell Parc Nacional estar\u00e0 al vostre viatge.<\/p>\n<p><span style=\"vertical-align: inherit;\"><span style=\"vertical-align: inherit;\">A continuaci\u00f3, sortirem des del port principal del Parc Nacional Los Haitises anomenat Ca\u00f1o Hondo (Deep Creek) en un VAIXELL amb armilles salvavides. Gaudirem del bosc de manglars vermells fins arribar a la badia de San Lorenzo, una petita badia cap a la badia de Saman\u00e1. I aqu\u00ed anem! El primer que es pot veure \u00e9s la col\u00b7lecci\u00f3 d&#039;una enorme illa muntanyosa de pedra calc\u00e0ria anomenada Mogotes. Per sobre d&#039;ells volen m\u00e9s de 700 esp\u00e8cies de plantes i molts ocells de zones humides. M\u00e9s tard Visitant les Coves amb pictogrames de les nostres comunitats ind\u00edgenes de fa 750 anys.<\/span><\/span><\/p>\n<p><em><strong>Seleccioneu una data per al vostre viatge privat:<\/strong><\/em><\/p>","protected":false},"featured_media":12272,"template":"","meta":[],"product_brand":[],"product_cat":[909,946,904,928,168,159,170,169,191,253,254,255],"product_tag":[172,176,805,211,210,174,173,804,177,171,910,907,906,209,320,175],"class_list":{"0":"post-12676","1":"product","2":"type-product","3":"status-publish","4":"has-post-thumbnail","6":"product_cat-los-haitises-boat-private-trip-from-boca-chica","7":"product_cat-1-sabana-de-la-mar","8":"product_cat-bayahibe-boat-tour","9":"product_cat-boat-trip-los-haitises","10":"product_cat-caves","11":"product_cat-fees-entrace","12":"product_cat-local-tour-guides","13":"product_cat-mangroves","14":"product_cat-swimming-natural-springs","15":"product_cat-tours-and-excursions","16":"product_cat-tours-excursions-los-haitises-national-park","17":"product_cat-tours-excursions-samana-bay-dominican-republic","18":"product_tag-boat-tour","19":"product_tag-cano-hondo","20":"product_tag-cano-hondo-excursion","21":"product_tag-cano-hondo-hotel","22":"product_tag-cano-hondo-tours","23":"product_tag-eco-tours","24":"product_tag-excursion","25":"product_tag-hotel-cano-hondo","26":"product_tag-locals-guides","27":"product_tag-los-haitises","28":"product_tag-los-haitises-boat-private-trip-from-boca-chica","29":"product_tag-los-haitises-boat-private-trip-from-la-romana","30":"product_tag-los-haitises-from-la-romana","31":"product_tag-los-haitises-national-park","32":"product_tag-los-haitises-national-park-tour","33":"product_tag-sabana-de-la-mar","35":"first","36":"instock","37":"sale","38":"sold-individually","39":"shipping-taxable","40":"product-type-external"},"_links":{"self":[{"href":"https:\/\/ballenajorobada.com\/ca\/wp-json\/wp\/v2\/product\/12676","targetHints":{"allow":["GET"]}}],"collection":[{"href":"https:\/\/ballenajorobada.com\/ca\/wp-json\/wp\/v2\/product"}],"about":[{"href":"https:\/\/ballenajorobada.com\/ca\/wp-json\/wp\/v2\/types\/product"}],"wp:featuredmedia":[{"embeddable":true,"href":"https:\/\/ballenajorobada.com\/ca\/wp-json\/wp\/v2\/media\/12272"}],"wp:attachment":[{"href":"https:\/\/ballenajorobada.com\/ca\/wp-json\/wp\/v2\/media?parent=12676"}],"wp:term":[{"taxonomy":"product_brand","embeddable":true,"href":"https:\/\/ballenajorobada.com\/ca\/wp-json\/wp\/v2\/product_brand?post=12676"},{"taxonomy":"product_cat","embeddable":true,"href":"https:\/\/ballenajorobada.com\/ca\/wp-json\/wp\/v2\/product_cat?post=12676"},{"taxonomy":"product_tag","embeddable":true,"href":"https:\/\/ballenajorobada.com\/ca\/wp-json\/wp\/v2\/product_tag?post=12676"}],"curies":[{"name":"wp","href":"https:\/\/api.w.org\/{rel}","templated":true}]}}