{"id":9913,"date":"2020-03-29T08:08:03","date_gmt":"2020-03-29T08:08:03","guid":{"rendered":"https:\/\/www.ticketswhales.com\/Tours-Excursions\/uncategorized\/import-placeholder-for-9853\/"},"modified":"2025-02-02T17:15:36","modified_gmt":"2025-02-02T17:15:36","slug":"samana-whale-watching-from-las-terrenas-hotels-half-day-trip-for-whale-watching","status":"publish","type":"product","link":"https:\/\/ballenajorobada.com\/cs\/Tours-Excursions\/vstupni-poplatky\/pozorovani-velryb-samana-z-hotelu-las-terrenas-puldenni-vylet-za-pozorovanim-velryb","title":{"rendered":"Pozorov\u00e1n\u00ed velryb Saman\u00e1 z hotel\u016f Las Terrenas. P\u016fldenn\u00ed v\u00fdlet za pozorov\u00e1n\u00edm velryb."},"content":{"rendered":"<section class=\"wpb-content-wrapper\"><div class=\"vc_row wpb_row vc_row-fluid\" ><div class=\"wpb_column vc_column_container vc_col-sm-12\"><div class=\"vc_column-inner\"><div class=\"wpb_wrapper\">\n\t<div class=\"wpb_text_column wpb_content_element\" >\n\t\t<div class=\"wpb_wrapper\">\n\t\t\t<p>Pozorov\u00e1n\u00ed velryb v Las Terrenas do z\u00e1toky Samana<\/p>\n\n\t\t<\/div>\n\t<\/div>\n<\/div><\/div><\/div><\/div><div class=\"wpb_column vc_column_container vc_col-sm-12\"><div class=\"vc_column-inner\"><div class=\"wpb_wrapper\"><\/div><\/div><\/div><div class=\"vc_row wpb_row vc_row-fluid\" ><div class=\"wpb_column vc_column_container vc_col-sm-12\"><div class=\"vc_column-inner\"><div class=\"wpb_wrapper\">\n\t<div class=\"wpb_text_column wpb_content_element\" >\n\t\t<div class=\"wpb_wrapper\">\n\t\t\t<div class=\"vc_row wpb_row vc_row-fluid\">\n<div class=\"wpb_column vc_column_container vc_col-sm-12\">\n<div class=\"vc_column-inner\">\n<div class=\"wpb_wrapper\">\n<div class=\"wpb_text_column wpb_content_element\">\n<div class=\"wpb_wrapper\">\n<div class=\"vc_row wpb_row vc_row-fluid\">\n<div class=\"wpb_column vc_column_container vc_col-sm-12\">\n<div class=\"vc_column-inner\">\n<div class=\"wpb_wrapper\">\n<div class=\"wpb_text_column wpb_content_element\">\n<div class=\"wpb_wrapper\">\n<h4><b><i>P\u0159ehled \ud83d\udc33<\/i><\/b><\/h4>\n<p>Velryba Las Terrenas, pozorov\u00e1n\u00ed velryb v z\u00e1livu Saman\u00e1 z hotel\u016f Las Terrenas p\u016fldenn\u00ed v\u00fdlet. Cestujte do z\u00e1livu Saman\u00e1 na palub\u011b pohodln\u00e9ho klimatizovan\u00e9ho autobusu a pot\u00e9 se p\u0159esu\u0148te na lo\u010f. Vydejte se na otev\u0159en\u00e9 vody a hledejte lusky keporkak\u016f, kte\u0159\u00ed se v t\u00e9to oblasti nav\u0161t\u011bvuj\u00ed, aby se rozmno\u017eili a nechali sv\u00e1 telata. Zjist\u011bte o chov\u00e1n\u00ed a biologii t\u011bchto mo\u0159sk\u00fdch savc\u016f od sv\u00e9ho odborn\u00e9ho p\u0159\u00edrodov\u011bdeck\u00e9ho pr\u016fvodce. Po tomto p\u016fldenn\u00edm v\u00fdletu se vr\u00e1t\u00edme na m\u00edsto setk\u00e1n\u00ed v Las Terrenas.<\/p>\n<p>&nbsp;<\/p>\n<p><strong>Pozn\u00e1mka:<\/strong>\u00a0Tato prohl\u00eddka nen\u00ed soukrom\u00e1.<\/p>\n<ul>\n<li>V\u00fdlet za pozorov\u00e1n\u00edm velryb<\/li>\n<li>Vstupn\u00e9 do hv\u011bzd\u00e1rny<\/li>\n<li>Samana Safari<\/li>\n<li>P\u0159eprava lod\u00ed<\/li>\n<li>Kapit\u00e1n poskytuje instrukce a dohled<\/li>\n<li>Pr\u016fvodce<\/li>\n<\/ul>\n<p>&nbsp;<\/p>\n<h4><b>Zahrnut\u00ed a vylou\u010den\u00ed<\/b><\/h4>\n<p>&nbsp;<\/p>\n<p><b>Inkluze<\/b><\/p>\n<p>&nbsp;<\/p>\n<ol>\n<li>Ob\u011bd formou bufetu<\/li>\n<li>Transfer z hotel\u016f<\/li>\n<li>Pr\u016fvodce<\/li>\n<li>V\u00fdlet na lodi<\/li>\n<li>V\u0161echny dan\u011b, poplatky a manipula\u010dn\u00ed poplatky<\/li>\n<li>M\u00edstn\u00ed dan\u011b<\/li>\n<li>N\u00e1poje<\/li>\n<\/ol>\n<p><b>V\u00fdluky<\/b><\/p>\n<ol>\n<li>Spropitn\u00e9<\/li>\n<\/ol>\n<p>&nbsp;<\/p>\n<h4><em><strong>Odjezd a n\u00e1vrat<\/strong><\/em><\/h4>\n<p>Cestovatel z\u00edsk\u00e1 m\u00edsto setk\u00e1n\u00ed po procesu rezervace. Prohl\u00eddky za\u010d\u00ednaj\u00ed a kon\u010d\u00ed v na\u0161ich shroma\u017e\u010fovac\u00edch m\u00edstech.<\/p>\n<p>&nbsp;<\/p>\n<h3>Pozorov\u00e1n\u00ed velryb Saman\u00e1 z hotel\u016f Las Terrenas. P\u016fldenn\u00ed v\u00fdlet za pozorov\u00e1n\u00edm velryb.<\/h3>\n<h4><b><i>Co \u010dekat?<\/i><\/b><\/h4>\n<p>Keporkaci p\u0159iplouvaj\u00ed do z\u00e1toky Samana porodit a p\u00e1\u0159it se. Pozorov\u00e1n\u00ed velryb je povoleno pouze od 15. ledna do 15. b\u0159ezna. Tyto velryby m\u011b\u0159\u00ed asi 12 metr\u016f a v\u00e1\u017e\u00ed 40 tun a nab\u00edzej\u00ed nezapomenuteln\u00fd pohled pro va\u0161e ohromen\u00e9 o\u010di. Nenechte si uj\u00edt p\u0159\u00edle\u017eitost sly\u0161et siln\u00fd zvuk tohoto n\u00e1dhern\u00e9ho savce, kdy\u017e chrl\u00ed vzduch. Sledujte, jak se samci vypou\u0161t\u011bj\u00ed z vody ve snaze zap\u016fsobit na \u201ed\u00e1my\u201c jako ritu\u00e1l p\u00e1\u0159en\u00ed.<\/p>\n<p>Je tak vzru\u0161uj\u00edc\u00ed vid\u011bt \u010derstv\u011b narozen\u00e1 telata, jak se dr\u017e\u00ed sv\u00fdch matek, kter\u00e9 na opl\u00e1tku tr\u00e1v\u00ed cel\u00fd \u010das hlazen\u00edm a hran\u00edm si s nimi. N\u00e1\u0161 pr\u016fvodce se specializuje na mo\u0159sk\u00e9 savce a ohrom\u00ed v\u00e1s sv\u00fdmi znalostmi a pom\u016f\u017ee v\u00e1m interpretovat ka\u017ed\u00fd pohyb velryb.<\/p>\n<p>Od 9:00 do 12:00 hodin Observato\u0159 pro pozorov\u00e1n\u00ed velryb a po tomto v\u00fdletu za velrybami budeme m\u00edt ob\u011bd. Prohl\u00eddka bude ukon\u010dena ve 13:30 ve stejn\u00e9m p\u0159\u00edstavu, odkud za\u010d\u00edn\u00e1. Pot\u00e9 se vr\u00e1t\u00edme do Las Terrenas.<\/p>\n<p><strong>J\u00edzdn\u00ed \u0159\u00e1d:<\/strong><\/p>\n<p>8:00 \u2013 13:30<\/p>\n<p>&nbsp;<\/p>\n<h4><em><strong>Co byste m\u011bli p\u0159in\u00e9st?<\/strong><\/em><\/h4>\n<ul>\n<li>Fotoapar\u00e1t<\/li>\n<li>Repelentn\u00ed pupeny<\/li>\n<li>opalovac\u00ed kr\u00e9m<\/li>\n<li>\u010cepice<\/li>\n<li>Pohodln\u00e9 kalhoty<\/li>\n<li>Sand\u00e1ly na pl\u00e1\u017e<\/li>\n<li>Plavky<\/li>\n<li>Pen\u00edze za suven\u00fdry a tipy<\/li>\n<\/ul>\n<p>&nbsp;<\/p>\n<h4><b><i>Hotel vyzvednut\u00ed<\/i><\/b><\/h4>\n<p>Pro tento z\u00e1jezd je nab\u00edzeno vyzvednut\u00ed v hotelu. Jen v Las Terrenas.<\/p>\n<p><b>Pozn\u00e1mka:<\/b>\u00a0pokud prov\u00e1d\u00edte rezervaci do 24 hodin od \u010dasu odjezdu z\u00e1jezdu\/exkurze, m\u016f\u017eeme za\u0159\u00eddit vyzvednut\u00ed v hotelu za p\u0159\u00edplatek. Jakmile bude v\u00e1\u0161 n\u00e1kup dokon\u010den, za\u0161leme v\u00e1m kompletn\u00ed kontaktn\u00ed informace (telefonn\u00ed \u010d\u00edslo, e-mailovou adresu atd.) pro na\u0161eho m\u00edstn\u00edho pr\u016fvodce, abychom mohli zajistit vyzvednut\u00ed.<\/p>\n<h4><b><i>Potvrzen\u00ed dal\u0161\u00edch informac\u00ed<\/i><\/b><\/h4>\n<ol>\n<li>Vstupenky jsou \u00fa\u010dtenkou po zaplacen\u00ed tohoto z\u00e1jezdu. Platbu m\u016f\u017eete zobrazit na telefonu.<\/li>\n<li>M\u00edsto setk\u00e1n\u00ed bude obdr\u017eeno po procesu rezervace.<\/li>\n<li>D\u011bti mus\u00ed b\u00fdt v doprovodu dosp\u011bl\u00e9 osoby.<\/li>\n<li>bezbari\u00e9rov\u00fd<\/li>\n<li>D\u011bti mus\u00ed sed\u011bt na kl\u00edn\u011b<\/li>\n<li>Z\u00fa\u010dastnit se m\u016f\u017ee v\u011bt\u0161ina cestovatel\u016f<\/li>\n<\/ol>\n<h4><b><i>Storno podm\u00ednky<\/i><\/b><\/h4>\n<p>Pro vr\u00e1cen\u00ed cel\u00e9 \u010d\u00e1stky zru\u0161te alespo\u0148 24 hodin p\u0159ed datem zah\u00e1jen\u00ed z\u00e1\u017eitku.<\/p>\n<\/div>\n<\/div>\n<\/div>\n<\/div>\n<\/div>\n<\/div>\n<\/div>\n<\/div>\n<\/div>\n<\/div>\n<\/div>\n<\/div>\n<div class=\"vc_row wpb_row vc_row-fluid\">\n<div class=\"wpb_column vc_column_container vc_col-sm-12\">\n<div class=\"vc_column-inner\">\n<div class=\"wpb_wrapper\">\n<div class=\"vc_empty_space\"><\/div>\n<div class=\"wpb_text_column wpb_content_element\">\n<div class=\"wpb_wrapper\">\n<h4>Kontaktujte n\u00e1s?<\/h4>\n<h5><b><i>PROHL\u00cdDKA VELRYB SAMANA<\/i><\/b><\/h5>\n<p><em><strong>M\u00edstn\u00ed obyvatel\u00e9<\/strong>\u00a0a\u00a0<strong>st\u00e1tn\u00ed p\u0159\u00edslu\u0161n\u00edci<\/strong>\u00a0Pr\u016fvodci a slu\u017eby pro hosty<\/em><\/p>\n<p><span class=\"text-turquoise\">Rezervace:<\/span>\u00a0Prohl\u00eddky a exkurze v Dom. Rep.<\/p>\n<p>\ud83d\udcde Tel \/ Whatsapp\u00a0\u00a0<a href=\"tel:+1-809-720-6035\">+1-809-720-6035<\/a>.<\/p>\n<p>\ud83d\udce9\u00a0<a href=\"mailto:reservabatour@gmail.com\">rezervabatour@gmail.com<\/a><\/p>\n<p><strong>Flexibiln\u011b nastavujeme soukrom\u00e9 prohl\u00eddky od Whatsapp:\u00a0<a href=\"tel:+1 (829) 318-9463\">+1 (829) 318-9463.<\/a><\/strong><\/p>\n<\/div>\n<\/div>\n<\/div>\n<\/div>\n<\/div>\n<\/div>\n\n\t\t<\/div>\n\t<\/div>\n<\/div><\/div><\/div><\/div>\n<\/section>","protected":false},"excerpt":{"rendered":"<p>Experience whale watching in Saman\u00e1 Bay, Dominican Republic, with daily tours from the hotels of Las Terrenas. Join us to witness the majestic humpback whales in their natural sanctuary. Book your unforgettable whale-watching tour departing from Las Terrenas, Saman\u00e1. Contact us for any questions about whale watching tours in Saman\u00e1 Bay from Las Terrenas.<\/p>\n<p>&nbsp;<\/p>","protected":false},"featured_media":17222,"template":"","meta":[],"product_brand":[],"product_cat":[159,655,273],"product_tag":[631,184,328,480,380,651,267,522,652,649,327,199,526,342,653,276,529,274,654],"class_list":{"0":"post-9913","1":"product","2":"type-product","3":"status-publish","4":"has-post-thumbnail","6":"product_cat-fees-entrace","7":"product_cat-1-samana","8":"product_cat-whale-watching-samana","9":"product_tag-631","10":"product_tag-bacardi-island","11":"product_tag-cayo-levantado-day-pass","12":"product_tag-cheap-punta-cana-excursions","13":"product_tag-el-limon-waterfall-and-bacardi-island-tour-from-punta-cana","14":"product_tag-half-day-whale-watching-las-terrenas","15":"product_tag-las-terrenas","16":"product_tag-las-terrenas-excursions","17":"product_tag-las-terrenas-whale-watching","18":"product_tag-limon-from-punta-cana","19":"product_tag-private-tours-samana","20":"product_tag-samana-bay","21":"product_tag-samana-day-trip","22":"product_tag-samana-whale-watching","23":"product_tag-whale-las-terrenas","24":"product_tag-whale-samana","25":"product_tag-whale-watching-2020","26":"product_tag-whale-watching-dominican-republic","27":"product_tag-whale-watching-trips-las-terrenas","29":"first","30":"instock","31":"sale","32":"sold-individually","33":"shipping-taxable","34":"product-type-external"},"_links":{"self":[{"href":"https:\/\/ballenajorobada.com\/cs\/wp-json\/wp\/v2\/product\/9913","targetHints":{"allow":["GET"]}}],"collection":[{"href":"https:\/\/ballenajorobada.com\/cs\/wp-json\/wp\/v2\/product"}],"about":[{"href":"https:\/\/ballenajorobada.com\/cs\/wp-json\/wp\/v2\/types\/product"}],"wp:featuredmedia":[{"embeddable":true,"href":"https:\/\/ballenajorobada.com\/cs\/wp-json\/wp\/v2\/media\/17222"}],"wp:attachment":[{"href":"https:\/\/ballenajorobada.com\/cs\/wp-json\/wp\/v2\/media?parent=9913"}],"wp:term":[{"taxonomy":"product_brand","embeddable":true,"href":"https:\/\/ballenajorobada.com\/cs\/wp-json\/wp\/v2\/product_brand?post=9913"},{"taxonomy":"product_cat","embeddable":true,"href":"https:\/\/ballenajorobada.com\/cs\/wp-json\/wp\/v2\/product_cat?post=9913"},{"taxonomy":"product_tag","embeddable":true,"href":"https:\/\/ballenajorobada.com\/cs\/wp-json\/wp\/v2\/product_tag?post=9913"}],"curies":[{"name":"wp","href":"https:\/\/api.w.org\/{rel}","templated":true}]}}