{"id":8848,"date":"2018-06-11T10:11:05","date_gmt":"2018-06-11T10:11:05","guid":{"rendered":"https:\/\/www.ticketswhales.com\/?post_type=product&#038;p=8848"},"modified":"2025-02-02T17:03:34","modified_gmt":"2025-02-02T17:03:34","slug":"birdwatching-in-los-haitises-national-park","status":"publish","type":"product","link":"https:\/\/ballenajorobada.com\/de\/Tours-Excursions\/gebuhren-entrace\/vogelbeobachtung-im-nationalpark-los-haitises","title":{"rendered":"Vogelbeobachtung im Nationalpark Los Haitises"},"content":{"rendered":"<section class=\"wpb-content-wrapper\"><div class=\"vc_row wpb_row vc_row-fluid\" ><div class=\"wpb_column vc_column_container vc_col-sm-12\"><div class=\"vc_column-inner\"><div class=\"wpb_wrapper\"><div class=\"mkdf-section-title-holder\" style=\"text-align: left\">\n\t<div class=\"mkdf-st-inner\">\n\t\t\t\t\t<h5 class=\"mkdf-st-subtitle\" >\n\t\t\t\tVogelbeobachtung im Nationalpark Los Haitises\t\t\t<\/h5>\n\t\t\t\t\t\t\t<h3 class=\"mkdf-st-title\" >\n\t\t\t\tRidgways Hawk-Tour\t\t\t<\/h3>\n\t\t\t\t\t<\/div>\n<\/div><div class=\"vc_empty_space\"   style=\"height: 32px\"><span class=\"vc_empty_space_inner\"><\/span><\/div><div class=\"vc_message_box vc_message_box-standard vc_message_box-rounded vc_color-info\" ><div class=\"vc_message_box-icon\"><i class=\"fas fa-info-circle\"><\/i><\/div><p>Aktualisierung der Checkliste im Nationalpark Los Haitises:\u00a0 <a href=\"https:\/\/www.ticketswhales.com\/los-haitises-national-park-birdwatching-check-list-update\/\" rel=\"noopener\">Klicken Sie hier<\/a><\/p>\n<\/div><div class=\"vc_empty_space\"   style=\"height: 32px\"><span class=\"vc_empty_space_inner\"><\/span><\/div><\/div><\/div><\/div><\/div><div class=\"vc_row wpb_row vc_row-fluid\" ><div class=\"wpb_column vc_column_container vc_col-sm-12\"><div class=\"vc_column-inner\"><div class=\"wpb_wrapper\"><div class=\"vc_btn3-container vc_btn3-inline\" ><button class=\"vc_general vc_btn3 vc_btn3-size-md vc_btn3-shape-rounded vc_btn3-style-modern vc_btn3-color-green\">BUCHEN SIE JETZT<\/button><\/div>\n\t<div class=\"wpb_text_column wpb_content_element\" >\n\t\t<div class=\"wpb_wrapper\">\n\t\t\t<h4><b><i>\u00dcberblick <\/i><\/b><\/h4>\n<section><\/section>\n<p>Wir sch\u00fctzen 110 Vogelarten, die Sie im Nationalpark Los Haitises finden k\u00f6nnen. Wandern Sie durch diesen magischen Wald auf der Suche nach Papageien, Todys, Ridgway&#039;s Hawks, Tangaren, Kolibris und vielem mehr. Bietet eine interessante Geschichte \u00fcber all diese V\u00f6gel, die Sie auf dem Humit-Pfad sehen k\u00f6nnen. Wir kennen die Fleckenlebensr\u00e4ume von Ridgway&#039;s, Ashy Faced Owls und anderen endemischen Arten. Diese Tour konzentriert sich auf die Natur und konzentriert sich mehr auf Informationen \u00fcber Wildtiere.<\/p>\n<p><strong>Normalerweise ist eine private Tour f\u00fcr ein wirklich hochwertiges Erlebnis.<\/strong><\/p>\n<h4><\/h4>\n<h4><b>Einschl\u00fcsse &amp; Ausschl\u00fcsse<\/b><\/h4>\n<p><b>Einschl\u00fcsse<\/b><\/p>\n<ol>\n<li style=\"font-weight: 400;\">3 Stunden Vogelwanderung auf den Parkpfaden<\/li>\n<li style=\"font-weight: 400;\"><span style=\"font-weight: 400;\">Alle Steuern, Geb\u00fchren und Bearbeitungsgeb\u00fchren<\/span><\/li>\n<li style=\"font-weight: 400;\"><span style=\"font-weight: 400;\">Lokale Steuern<\/span><\/li>\n<li style=\"font-weight: 400;\">Beamte \u00d6kologe Reiseleiter Englisch\/Spanisch<\/li>\n<\/ol>\n<p><b> Ausschl\u00fcsse<\/b><\/p>\n<ol>\n<li style=\"font-weight: 400;\"><span style=\"font-weight: 400;\">Trinkgelder<\/span><\/li>\n<li style=\"font-weight: 400;\"><span style=\"font-weight: 400;\">\u00dcberweisen<\/span><\/li>\n<li style=\"font-weight: 400;\"><span style=\"font-weight: 400;\">Getr\u00e4nk<\/span><\/li>\n<\/ol>\n<p>&nbsp;<\/p>\n<h4><em><strong>Abreise &amp; R\u00fcckkehr<\/strong><\/em><\/h4>\n<p><span style=\"font-weight: 400;\">Die von \u201eBooking Adventures\u201c organisierte Tour beginnt am mit dem Reiseleiter vereinbarten Treffpunkt. Der Reisende erh\u00e4lt nach dem Reservierungsprozess einen Treffpunkt. Die Touren beginnen und enden an unseren Treffpunkten.<\/span><\/p>\n<p>&nbsp;<\/p>\n<h4><b><i>Was zu erwarten ist?<\/i><\/b><\/h4>\n<p><em><strong>Holen Sie sich Ihre Fahrkarte<\/strong><\/em> zur Vogelbeobachtung im Nationalpark Los Haitises.<\/p>\n<p>Dieser Ausflug beginnt am Treffpunkt mit einer Wanderung auf den Ridgway Trails zu den Nesting Areas. Nach 30 Minuten Wandern und Beobachten der Falken haben wir die M\u00f6glichkeit, weiter zu wandern und nach Papageien, Piculets und anderen endemischen Arten im Nationalpark Los Haitises zu suchen.<\/p>\n<p>Der Nationalpark Los Haitises hat nur zwei Wanderwege zur Vogelbeobachtung in Sabana de la Mar. Auf dem Weg zum Nationalpark Los Hiatises halten wir an einigen Stellen an, um mehr V\u00f6gel zu sehen.<\/p>\n<p>Ich war in der Bucht von San Lorenzo. Wir werden zwei H\u00f6hlen besuchen, die traurige H\u00f6hle in der spanischen Cueva de la Arena; In dieser H\u00f6hle k\u00f6nnen wir die Petrografen von Tainos-Gemeinschaften sehen, die sich in dieser Gegend aufhielten. und die H\u00f6hlen als Tempel zu benutzen.<\/p>\n<p>Danach gehen wir weiter zur Linea-H\u00f6hle, diese mit 2.243 Original-Piktogrammen, und unser Reiseleiter erkl\u00e4rt Ihnen die Informationen des Arch\u00e4ologen zu diesen Piktogrammen.<\/p>\n<p>Mit dem Boot zur\u00fcck zur Insel Pajaros (Vogelinsel), wo wir die meisten Feuchtgebietsv\u00f6gel rund um den Nationalpark Los Haitises sehen k\u00f6nnen. Nur weil nicht alle V\u00f6gel im Wasser sind.<\/p>\n<p>Nachdem Sie 4,5 Stunden lang etwas \u00fcber V\u00f6gel im Nationalpark Los Haitises gelernt haben, endet dieser Ausflug am selben Ort, an dem Sie begonnen haben.<\/p>\n<p><strong>Hinweis: Diese Touren werden von Officials Ecologist-Reiseleitern durchgef\u00fchrt. Bitte buchen Sie rechtzeitig, denn im Park gibt es nicht allzu viele Spezialisten.<\/strong><\/p>\n<p>&nbsp;<\/p>\n<h4><em><strong>Was sollten Sie mitbringen?<\/strong><\/em><\/h4>\n<ul>\n<li style=\"font-weight: 400;\"><span style=\"font-weight: 400;\">Kamera<\/span><\/li>\n<li>Fernglas<\/li>\n<li style=\"font-weight: 400;\"><span style=\"font-weight: 400;\">Absto\u00dfende Knospen<\/span><\/li>\n<li style=\"font-weight: 400;\"><span style=\"font-weight: 400;\">Sonnencreme<\/span><\/li>\n<li style=\"font-weight: 400;\"><span style=\"font-weight: 400;\">Hut<\/span><\/li>\n<li style=\"font-weight: 400;\"><span style=\"font-weight: 400;\">Bequeme Hose<\/span><\/li>\n<li style=\"font-weight: 400;\"><span style=\"font-weight: 400;\">Wanderschuhe f\u00fcr den Wald<\/span><\/li>\n<li style=\"font-weight: 400;\"><span style=\"font-weight: 400;\">Sandalen zu den Fr\u00fchlingsgebieten.<\/span><\/li>\n<li style=\"font-weight: 400;\"><span style=\"font-weight: 400;\">Schwimmkleidung<\/span><\/li>\n<\/ul>\n<p>&nbsp;<\/p>\n<h4><b><i>Hotelabholung <\/i><\/b><\/h4>\n<p><span style=\"font-weight: 400;\">Eine Hotelabholung wird f\u00fcr diese Tour nicht angeboten. <\/span><\/p>\n<p>&nbsp;<\/p>\n<p><b>Notiz:<\/b><span style=\"font-weight: 400;\"> Wenn Sie innerhalb von 24 Stunden vor der Abfahrtszeit der Tour\/des Ausflugs buchen, k\u00f6nnen wir die Abholung vom Hotel gegen Aufpreis arrangieren. Sobald Ihr Kauf abgeschlossen ist, senden wir Ihnen die vollst\u00e4ndigen Kontaktinformationen (Telefonnummer, E-Mail-Adresse usw.) f\u00fcr unseren \u00f6rtlichen Reiseleiter, um die Abholung zu organisieren.<\/span><\/p>\n<h4><b><i>Zus\u00e4tzliche Info-Best\u00e4tigung <\/i><\/b><\/h4>\n<ol>\n<li>Tickets sind die Quittung nach Bezahlung dieser Tour. Sie k\u00f6nnen die Zahlung auf Ihrem Telefon anzeigen.<\/li>\n<li style=\"font-weight: 400;\"><span style=\"font-weight: 400;\">Treffpunkt Wird nach dem Reservierungsprozess bekannt gegeben.<\/span><\/li>\n<li style=\"font-weight: 400;\"><span style=\"font-weight: 400;\">Kinder m\u00fcssen von einem Erwachsenen begleitet werden.<\/span><\/li>\n<li style=\"font-weight: 400;\"><span style=\"font-weight: 400;\"> Nicht rollstuhlgerecht <\/span><\/li>\n<li style=\"font-weight: 400;\"><span style=\"font-weight: 400;\">Kleinkinder m\u00fcssen auf dem Scho\u00df sitzen <\/span><\/li>\n<li style=\"font-weight: 400;\"><span style=\"font-weight: 400;\">F\u00fcr Reisende mit R\u00fcckenproblemen nicht zu empfehlen<\/span><\/li>\n<li style=\"font-weight: 400;\"><span style=\"font-weight: 400;\">Nicht f\u00fcr schwangere Reisende empfohlen <\/span><\/li>\n<li style=\"font-weight: 400;\"><span style=\"font-weight: 400;\"> Keine Herzprobleme oder andere ernsthafte Erkrankungen <\/span><\/li>\n<li style=\"font-weight: 400;\"><span style=\"font-weight: 400;\">Die meisten Reisenden k\u00f6nnen teilnehmen<\/span><\/li>\n<\/ol>\n<p>Diese Tour wird f\u00fcr mindestens 2 und maximal 15 Personen angeboten. Bei weniger Personen kontaktieren Sie uns bitte.<\/p>\n<h4><b><i>Stornierungsbedingungen<\/i><\/b><\/h4>\n<p>F\u00fcr eine vollst\u00e4ndige R\u00fcckerstattung lesen Sie bitte unsere Stornierungsbedingungen\u00a0<a href=\"https:\/\/www.ticketswhales.com\/online-booking\/\" target=\"_blank\" rel=\"noopener\" data-saferedirecturl=\"https:\/\/www.google.com\/url?q=https:\/\/www.ticketswhales.com\/online-booking\/&amp;source=gmail&amp;ust=1672449202351000&amp;usg=AOvVaw1yAeVAPktmaVCqDujgUn90\">Klicke hier<\/a>. Das Geld geht verloren, wenn die Reservierung am selben Tag der Reise storniert wird.<\/p>\n\n\t\t<\/div>\n\t<\/div>\n<\/div><\/div><\/div><\/div><div class=\"vc_row wpb_row vc_row-fluid\" ><\/div><div class=\"wpb_column vc_column_container vc_col-sm-12\"><div class=\"vc_column-inner\"><div class=\"wpb_wrapper\"><div class=\"vc_message_box vc_message_box-standard vc_message_box-rounded vc_color-info\" ><div class=\"vc_message_box-icon\"><i class=\"fas fa-info-circle\"><\/i><\/div><p>Aktualisierung der Checkliste im Nationalpark Los Haitises:\u00a0 <a href=\"https:\/\/www.ticketswhales.com\/los-haitises-national-park-birdwatching-check-list-update\/\" rel=\"noopener\">Klicken Sie hier<\/a><\/p>\n<\/div><\/div><\/div><\/div><div class=\"vc_row wpb_row vc_row-fluid\" ><div class=\"wpb_column vc_column_container vc_col-sm-12\"><div class=\"vc_column-inner\"><div class=\"wpb_wrapper\"><div class=\"vc_btn3-container vc_btn3-inline\" ><button class=\"vc_general vc_btn3 vc_btn3-size-md vc_btn3-shape-rounded vc_btn3-style-modern vc_btn3-color-green\">BUCHEN SIE JETZT<\/button><\/div><\/div><\/div><\/div><\/div>\n<\/section>","protected":false},"excerpt":{"rendered":"<p><span style=\"vertical-align: inherit;\"><span style=\"vertical-align: inherit;\">Viaje al Parque Nacional Los Haitises mit einem lokalen touristischen Gu\u00eda, der sich auf die Beobachtung der Aves + Cuevas konzentriert. <\/span><span style=\"vertical-align: inherit;\">Besuchen Sie die Cayos im Parque Nacional Los Haitises, Manglares, Vegetaci\u00f3n, Observaci\u00f3n de aves, Cuevas, Pictogramas y las \u00e1reas hist\u00f3ricas de Sabana de la Mar im Parque Nacional Los Haitises.<\/span><\/span><\/p>\n<p>&nbsp;<\/p>\n<p><em><strong><span style=\"vertical-align: inherit;\"><span style=\"vertical-align: inherit;\">Seleccione la fecha f\u00fcr die Tour\u00a0<\/span><\/span><\/strong><\/em><\/p>","protected":false},"featured_media":16774,"template":"","meta":[],"product_brand":[],"product_cat":[178,946,932,168,159,170,169,253,254,255],"product_tag":[586,237,582,584,628,236,583,625,626,630,629,585,171,624,209,627,614,239,238,175,186,199,240],"class_list":{"0":"post-8848","1":"product","2":"type-product","3":"status-publish","4":"has-post-thumbnail","6":"product_cat-hiking","7":"product_cat-1-sabana-de-la-mar","8":"product_cat-birdwatching-los-haitises","9":"product_cat-caves","10":"product_cat-fees-entrace","11":"product_cat-local-tour-guides","12":"product_cat-mangroves","13":"product_cat-tours-and-excursions","14":"product_cat-tours-excursions-los-haitises-national-park","15":"product_cat-tours-excursions-samana-bay-dominican-republic","16":"product_tag-biding-sabana-de-la-mar","17":"product_tag-birding","18":"product_tag-birding-dominican-republic","19":"product_tag-birding-in-los-haitises","20":"product_tag-los-haitises-national-park-birding-tour-from-punta-cana","21":"product_tag-birdwatching","22":"product_tag-birdwatching-dominicana","23":"product_tag-birdwtaching","24":"product_tag-boat-tour-birding","25":"product_tag-carretera-cano-hondo","26":"product_tag-eco-lodge-paraiso-cano-hondo","27":"product_tag-hire-a-guide-in-los-haitises","28":"product_tag-los-haitises","29":"product_tag-los-haitises-birding","30":"product_tag-los-haitises-national-park","31":"product_tag-los-haitises-national-park-cano-hondo","32":"product_tag-los-haitises-samana","33":"product_tag-nature","34":"product_tag-ridgways-hawk","35":"product_tag-sabana-de-la-mar","36":"product_tag-samana","37":"product_tag-samana-bay","38":"product_tag-wildlife","40":"first","41":"instock","42":"sale","43":"sold-individually","44":"shipping-taxable","45":"product-type-external"},"_links":{"self":[{"href":"https:\/\/ballenajorobada.com\/de\/wp-json\/wp\/v2\/product\/8848","targetHints":{"allow":["GET"]}}],"collection":[{"href":"https:\/\/ballenajorobada.com\/de\/wp-json\/wp\/v2\/product"}],"about":[{"href":"https:\/\/ballenajorobada.com\/de\/wp-json\/wp\/v2\/types\/product"}],"wp:featuredmedia":[{"embeddable":true,"href":"https:\/\/ballenajorobada.com\/de\/wp-json\/wp\/v2\/media\/16774"}],"wp:attachment":[{"href":"https:\/\/ballenajorobada.com\/de\/wp-json\/wp\/v2\/media?parent=8848"}],"wp:term":[{"taxonomy":"product_brand","embeddable":true,"href":"https:\/\/ballenajorobada.com\/de\/wp-json\/wp\/v2\/product_brand?post=8848"},{"taxonomy":"product_cat","embeddable":true,"href":"https:\/\/ballenajorobada.com\/de\/wp-json\/wp\/v2\/product_cat?post=8848"},{"taxonomy":"product_tag","embeddable":true,"href":"https:\/\/ballenajorobada.com\/de\/wp-json\/wp\/v2\/product_tag?post=8848"}],"curies":[{"name":"wp","href":"https:\/\/api.w.org\/{rel}","templated":true}]}}