{"id":11566,"date":"2020-10-09T08:06:39","date_gmt":"2020-10-09T08:06:39","guid":{"rendered":"https:\/\/www.ticketswhales.com\/?post_type=product&#038;p=11566"},"modified":"2023-11-07T21:59:08","modified_gmt":"2023-11-07T21:59:08","slug":"samana-day-trip-from-bayahibe-el-limon-waterfall-and-bacardi-island","status":"publish","type":"product","link":"https:\/\/ballenajorobada.com\/es\/Tours-Excursions\/tours-y-excursiones\/samana-day-trip-from-bayahibe-el-limon-waterfall-e-bacardi-island","title":{"rendered":"Escapada de un d\u00eda a Saman\u00e1 desde Bayahibe - Cascada El Lim\u00f3n e Isla Bacard\u00ed"},"content":{"rendered":"<section class=\"wpb-content-wrapper\"><div class=\"vc_row wpb_row vc_row-fluid\" ><div class=\"wpb_column vc_column_container vc_col-sm-12\"><div class=\"vc_column-inner\"><div class=\"wpb_wrapper\"><div class=\"mkdf-section-title-holder\" style=\"text-align: left\">\n\t<div class=\"mkdf-st-inner\">\n\t\t\t\t\t<h5 class=\"mkdf-st-subtitle\" >\n\t\t\t\t(Recogida en Hoteles de Bayahibe)\t\t\t<\/h5>\n\t\t\t\t\t\t\t<h3 class=\"mkdf-st-title\" >\n\t\t\t\tEscapada de un d\u00eda a Saman\u00e1 desde Bayahibe - Cascada El Lim\u00f3n e Isla Bacard\u00ed\t\t\t<\/h3>\n\t\t\t\t\t<\/div>\n<\/div><\/div><\/div><\/div><\/div><div class=\"vc_row wpb_row vc_row-fluid\" ><div class=\"wpb_column vc_column_container vc_col-sm-12\"><div class=\"vc_column-inner\"><div class=\"wpb_wrapper\"><div class=\"vc_btn3-container vc_btn3-inline\" ><button class=\"vc_general vc_btn3 vc_btn3-size-md vc_btn3-shape-rounded vc_btn3-style-modern vc_btn3-color-green\">RESERVAR AHORA<\/button><\/div>\n\t<div class=\"wpb_text_column wpb_content_element\" >\n\t\t<div class=\"wpb_wrapper\">\n\t\t\t<h4><b><i>Descripci\u00f3n general <\/i><\/b><\/h4>\n<p>Si est\u00e1s en Bayahibe, Punta Cana o B\u00e1varo, y quieres tener un viaje de un d\u00eda pagando menos de lo habitual, an\u00edmate y reserva este viaje. Dentro de este viaje, lo llevaremos a Saman\u00e1, donde en un catamar\u00e1n, lo llevar\u00e1n a Sabana de la Mar, un municipio de Hato Mayor, la casa del Parque Nacional Los Haitises. Este viaje incluye visitar las comunidades de Saman\u00e1 y El Lim\u00f3n donde podr\u00e1 montar a caballo o caminar hasta una cascada justo despu\u00e9s de cruzar la Bah\u00eda de Saman\u00e1. El almuerzo se servir\u00e1 en la isla Bacard\u00ed. Los viajes comienzan a las 6:00 am y terminan a las 6:30 pm. \u00a1Haz tu reserva ahora!<\/p>\n<p>Despu\u00e9s de esta experiencia, lo dejaremos en su hotel.<\/p>\n<ul>\n<li style=\"font-weight: 400;\">Tarifas incluidas<\/li>\n<li>Almuerzo en la playa incluido<\/li>\n<li>Traslado incluido<\/li>\n<li style=\"font-weight: 400;\"><span style=\"font-weight: 400;\">La gu\u00eda proporciona instrucci\u00f3n y supervisi\u00f3n.<\/span><\/li>\n<\/ul>\n<p>&nbsp;<\/p>\n<h4><b>Inclusiones y Exclusiones<\/b><\/h4>\n<p>&nbsp;<\/p>\n<p><b>Inclusiones<\/b><\/p>\n<p>&nbsp;<\/p>\n<ol>\n<li style=\"font-weight: 400;\">recogida en hoteles<\/li>\n<li style=\"font-weight: 400;\">Bah\u00eda de Saman\u00e1<\/li>\n<li>Isla Bacard\u00ed, playa y almuerzo<\/li>\n<li>Safari a El Lim\u00f3n<\/li>\n<li>Cabalgata o Senderismo a Cascadas<\/li>\n<li>C\u00f3cteles Dominicanos<\/li>\n<li style=\"font-weight: 400;\"><span style=\"font-weight: 400;\">Todos los impuestos, tasas y gastos de tramitaci\u00f3n<\/span><\/li>\n<li style=\"font-weight: 400;\"><span style=\"font-weight: 400;\">Impuestos locales<\/span><\/li>\n<li style=\"font-weight: 400;\"><span style=\"font-weight: 400;\">Bebidas<\/span><\/li>\n<li style=\"font-weight: 400;\"><span style=\"font-weight: 400;\">Todas las actividades<\/span><\/li>\n<li style=\"font-weight: 400;\"><span style=\"font-weight: 400;\">Gu\u00eda local<\/span><\/li>\n<\/ol>\n<p><b> Exclusiones<\/b><\/p>\n<ol>\n<li style=\"font-weight: 400;\"><span style=\"font-weight: 400;\">Propinas<\/span><\/li>\n<li style=\"font-weight: 400;\"><span style=\"font-weight: 400;\">Bebidas alcoh\u00f3licas despu\u00e9s de c\u00f3cteles\u00a0<\/span><\/li>\n<\/ol>\n<p>&nbsp;<\/p>\n<h4><em><strong>Salida y Regreso<\/strong><\/em><\/h4>\n<p><span style=\"font-weight: 400;\">El viajero obtendr\u00e1 un punto de encuentro despu\u00e9s del Proceso de Reserva. Los tours comienzan y terminan en nuestros puntos de encuentro.<\/span><\/p>\n<p>&nbsp;<\/p>\n<h3>Escapada de un d\u00eda a Saman\u00e1 desde Bayahibe - Cascada El Lim\u00f3n e Isla Bacard\u00ed<\/h3>\n<h4><b><i>\u00bfQue esperar?<\/i><\/b><\/h4>\n<p>&nbsp;<\/p>\n<p><strong>Consigue tus entradas ahora<\/strong>. Las cascadas, cabalgatas, caminatas y tour de safari, nataci\u00f3n en manantiales naturales, almuerzo en la isla Bacard\u00ed y otras actividades divertidas te est\u00e1n esperando.<\/p>\n<p>Saliendo de Bayahibe en un autob\u00fas, nos dirigiremos al puerto de la Bah\u00eda de Saman\u00e1. Una vez en el puerto, abordaremos un bote o catamar\u00e1n con gu\u00edas tur\u00edsticos locales que lo dirigir\u00e1n a la comunidad de Saman\u00e1. En esta comunidad, un Safari Tour lo llevar\u00e1 y le ense\u00f1ar\u00e1 sobre la historia de este pueblo. Pero esto no es todo, le sigue la cascada El Lim\u00f3n, aqu\u00ed podr\u00e1 nadar y caminar o montar a caballo. La cascada El Lim\u00f3n es un fant\u00e1stico monumento natural con un bosque tropical y manantiales naturales claros. En el camino de regreso a Saman\u00e1, haremos una parada en la isla Bacard\u00ed, donde se servir\u00e1 un almuerzo y podr\u00e1 nadar en una de las piscinas m\u00e1s naturales de Rep\u00fablica Dominicana.<\/p>\n<p>&nbsp;<\/p>\n<p>En caso de que desee ajustar este viaje para que sea m\u00e1s corto o m\u00e1s largo, cont\u00e1ctenos.<\/p>\n<p>&nbsp;<\/p>\n<h4><em><strong>\u00bfQu\u00e9 debes traer?<\/strong><\/em><\/h4>\n<ul>\n<li style=\"font-weight: 400;\"><span style=\"font-weight: 400;\">C\u00e1mara<\/span><\/li>\n<li style=\"font-weight: 400;\"><span style=\"font-weight: 400;\">Cogollos repelentes<\/span><\/li>\n<li style=\"font-weight: 400;\"><span style=\"font-weight: 400;\">crema solar<\/span><\/li>\n<li style=\"font-weight: 400;\"><span style=\"font-weight: 400;\">Sombrero<\/span><\/li>\n<li style=\"font-weight: 400;\"><span style=\"font-weight: 400;\">Pantalones c\u00f3modos<\/span><\/li>\n<li style=\"font-weight: 400;\"><span style=\"font-weight: 400;\">Zapatos de senderismo para el bosque<\/span><\/li>\n<li style=\"font-weight: 400;\"><span style=\"font-weight: 400;\">Sandalias para las zonas Primavera.<\/span><\/li>\n<li style=\"font-weight: 400;\"><span style=\"font-weight: 400;\">Vestido nadador<\/span><\/li>\n<\/ul>\n<p>&nbsp;<\/p>\n<h4><b><i>Recogida en el hotel <\/i><\/b><\/h4>\n<p><span style=\"font-weight: 400;\">\u00a1Se ofrece recogida de viajeros!<\/span><\/p>\n<p><span style=\"font-weight: 400;\">Recogemos en todos los hoteles de Bayahibe. El lugar de recogida es el vest\u00edbulo del hotel.<br \/>\nSi se hospeda en un condominio en el \u00e1rea, lo estaremos recogiendo en el condominio o en la entrada del resort m\u00e1s cercano. Programamos la recogida contact\u00e1ndonos por Whatsapp.<\/span><\/p>\n<p><b>Nota:<\/b><span style=\"font-weight: 400;\"> Si realiza la reserva dentro de las 24 horas anteriores a la hora de salida del tour\/excursi\u00f3n, podemos organizar la recogida en el hotel. Una vez que se complete su compra, le enviaremos la informaci\u00f3n de contacto completa (n\u00famero de tel\u00e9fono, direcci\u00f3n de correo electr\u00f3nico, etc.) para que nuestro gu\u00eda tur\u00edstico local organice los arreglos de recogida.<\/span><\/p>\n<h4><b><i>Confirmaci\u00f3n de informaci\u00f3n adicional <\/i><\/b><\/h4>\n<ol>\n<li>Los boletos son el Recibo despu\u00e9s de pagar este Tour. Puede mostrar el pago en su tel\u00e9fono.<\/li>\n<li style=\"font-weight: 400;\"><span style=\"font-weight: 400;\">El Punto de Encuentro se recibir\u00e1 Despu\u00e9s del Proceso de Reserva.<\/span><\/li>\n<li style=\"font-weight: 400;\"><span style=\"font-weight: 400;\">Los ni\u00f1os deben estar acompa\u00f1ados por un adulto.<\/span><\/li>\n<li style=\"font-weight: 400;\"><span style=\"font-weight: 400;\"> No accesible para sillas de ruedas <\/span><\/li>\n<li style=\"font-weight: 400;\"><span style=\"font-weight: 400;\">Los beb\u00e9s deben sentarse en el regazo <\/span><\/li>\n<li style=\"font-weight: 400;\"><span style=\"font-weight: 400;\">No recomendado para viajeros con problemas de espalda.<\/span><\/li>\n<li style=\"font-weight: 400;\"><span style=\"font-weight: 400;\">No recomendado para viajeros embarazadas. <\/span><\/li>\n<li style=\"font-weight: 400;\"><span style=\"font-weight: 400;\"> Sin problemas card\u00edacos u otras condiciones m\u00e9dicas graves. <\/span><\/li>\n<li style=\"font-weight: 400;\"><span style=\"font-weight: 400;\">La mayor\u00eda de los viajeros pueden participar<\/span><\/li>\n<\/ol>\n<h4><b><i>Pol\u00edtica de cancelaci\u00f3n<\/i><\/b><\/h4>\n<p>Para obtener un reembolso completo, lea nuestras Pol\u00edticas de cancelaci\u00f3n\u00a0<a href=\"https:\/\/ballenajorobada.com\/es\/reserva-en-linea\/\" target=\"_blank\" rel=\"noopener\" data-saferedirecturl=\"https:\/\/www.google.com\/url?q=https:\/\/ballenajorobada.com\/online-booking\/&amp;source=gmail&amp;ust=1672449202351000&amp;usg=AOvVaw1yAeVAPktmaVCqDujgUn90\">haga clic aqu\u00ed<\/a>. Los fondos se perder\u00e1n si la reserva se cancela el mismo d\u00eda del viaje.<\/p>\n\n\t\t<\/div>\n\t<\/div>\n<\/div><\/div><\/div><\/div><div class=\"vc_row wpb_row vc_row-fluid\" ><\/div><div class=\"wpb_column vc_column_container vc_col-sm-12\"><div class=\"vc_column-inner\"><div class=\"wpb_wrapper\"><\/div><\/div><\/div><div class=\"vc_empty_space\"   style=\"height: 32px\"><span class=\"vc_empty_space_inner\"><\/span><\/div><div class=\"vc_empty_space\"   style=\"height: 32px\"><span class=\"vc_empty_space_inner\"><\/span><\/div><div class=\"vc_row wpb_row vc_row-fluid\" ><div class=\"wpb_column vc_column_container vc_col-sm-12\"><div class=\"vc_column-inner\"><div class=\"wpb_wrapper\"><div class=\"vc_btn3-container vc_btn3-inline\" ><button class=\"vc_general vc_btn3 vc_btn3-size-md vc_btn3-shape-rounded vc_btn3-style-modern vc_btn3-color-green\">RESERVAR AHORA<\/button><\/div><\/div><\/div><\/div><\/div>\n<\/section>","protected":false},"excerpt":{"rendered":"<p>Si est\u00e1s en Punta Cana o B\u00e1varo y quieres hacer una excursi\u00f3n de un d\u00eda pagando menos de lo habitual, reserva esta excursi\u00f3n. Dentro de este viaje, lo llevaremos a Saman\u00e1, donde en un catamar\u00e1n lo llevar\u00e1n a Sabana de la Mar, municipio de Hato Mayor, hogar del Parque Nacional Los Haitises. Este viaje incluye Safari Tour, catamar\u00e1n, nado en cascada y playa, y m\u00e1s. El viaje comienza a las 6:00 am y finaliza a las 6:30 pm.<\/p>\n<p><em><strong>Selecciona la fecha para el tour:<\/strong><\/em><\/p>","protected":false},"featured_media":6947,"template":"","meta":[],"product_brand":[],"product_cat":[831,948,961,959,253],"product_tag":[184,183,384,223,382,380,185,381,222,175,383,186,458,457,200,187],"class_list":{"0":"post-11566","1":"product","2":"type-product","3":"status-publish","4":"has-post-thumbnail","6":"product_cat-bayahibe-to-samana","7":"product_cat-1-punta-cana","8":"product_cat-el-limon-horseback-riding","9":"product_cat-el-limon-punta-cana","10":"product_cat-tours-and-excursions","11":"product_tag-bacardi-island","12":"product_tag-beach-time","13":"product_tag-cascada-el-limon-salto-el-limon-samana-republica-dominicana","14":"product_tag-cayo-levantado","15":"product_tag-el-limon-waterfall-bacardi-island-from-punta-cana","16":"product_tag-el-limon-waterfall-and-bacardi-island-tour-from-punta-cana","17":"product_tag-el-limon-waterfalls","18":"product_tag-guided-adventures","19":"product_tag-punta-cana","20":"product_tag-sabana-de-la-mar","21":"product_tag-salto-de-limon-punta-cana","22":"product_tag-samana","23":"product_tag-samana-day-trip-from-punta-cana","24":"product_tag-samana-day-trip-from-punta-cana-el-limon-waterfall-and-bacardi-island","25":"product_tag-samana-excursions","26":"product_tag-samana-tours","28":"first","29":"instock","30":"sale","31":"sold-individually","32":"shipping-taxable","33":"product-type-external"},"_links":{"self":[{"href":"https:\/\/ballenajorobada.com\/es\/wp-json\/wp\/v2\/product\/11566","targetHints":{"allow":["GET"]}}],"collection":[{"href":"https:\/\/ballenajorobada.com\/es\/wp-json\/wp\/v2\/product"}],"about":[{"href":"https:\/\/ballenajorobada.com\/es\/wp-json\/wp\/v2\/types\/product"}],"wp:featuredmedia":[{"embeddable":true,"href":"https:\/\/ballenajorobada.com\/es\/wp-json\/wp\/v2\/media\/6947"}],"wp:attachment":[{"href":"https:\/\/ballenajorobada.com\/es\/wp-json\/wp\/v2\/media?parent=11566"}],"wp:term":[{"taxonomy":"product_brand","embeddable":true,"href":"https:\/\/ballenajorobada.com\/es\/wp-json\/wp\/v2\/product_brand?post=11566"},{"taxonomy":"product_cat","embeddable":true,"href":"https:\/\/ballenajorobada.com\/es\/wp-json\/wp\/v2\/product_cat?post=11566"},{"taxonomy":"product_tag","embeddable":true,"href":"https:\/\/ballenajorobada.com\/es\/wp-json\/wp\/v2\/product_tag?post=11566"}],"curies":[{"name":"wp","href":"https:\/\/api.w.org\/{rel}","templated":true}]}}