{"id":9453,"date":"2019-09-23T17:16:42","date_gmt":"2019-09-23T17:16:42","guid":{"rendered":"https:\/\/www.ticketswhales.com\/Tours-Excursions\/uncategorized\/import-placeholder-for-977\/"},"modified":"2025-02-02T17:12:35","modified_gmt":"2025-02-02T17:12:35","slug":"day-pass-cano-hondo-natural-pools-lunch-included","status":"publish","type":"product","link":"https:\/\/ballenajorobada.com\/es\/Tours-Excursions\/sin-categorizar\/day-pass-cano-hondo-piscinas-naturales-almuerzo-incluido","title":{"rendered":"Day Pass Ca\u00f1o Hondo \u2013 Piscinas Naturales &amp; Almuerzo Incluido"},"content":{"rendered":"<section class=\"wpb-content-wrapper\"><div class=\"vc_row wpb_row vc_row-fluid\" ><div class=\"wpb_column vc_column_container vc_col-sm-12\"><div class=\"vc_column-inner\"><div class=\"wpb_wrapper\"><div class=\"vc_message_box vc_message_box-standard vc_message_box-rounded vc_color-info\" ><div class=\"vc_message_box-icon\"><i class=\"fas fa-info-circle\"><\/i><\/div><p>Reserva Precios Bajos en Habitaciones Ca\u00f1o Hondo <a href=\"http:\/\/dominican-republic-hotels.com\/hotel\/cano-hondo-hotel-eco-lodge\/\" rel=\"noopener\">Haga clic aqu\u00ed.<\/a><\/p>\n<\/div><div class=\"vc_btn3-container vc_btn3-inline\" ><button class=\"vc_general vc_btn3 vc_btn3-size-md vc_btn3-shape-rounded vc_btn3-style-modern vc_btn3-color-green\">RESERVAR AHORA<\/button><\/div>\n\t<div class=\"wpb_text_column wpb_content_element\" >\n\t\t<div class=\"wpb_wrapper\">\n\t\t\t<div class=\"vc_row wpb_row vc_row-fluid\">\n<div class=\"wpb_column vc_column_container vc_col-sm-12\">\n<div class=\"vc_column-inner\">\n<div class=\"wpb_wrapper\">\n<div class=\"wpb_text_column wpb_content_element\">\n<div class=\"wpb_wrapper\">\n<h2 class=\"mkdf-single-product-title\">Day Pass Ca\u00f1o Hondo - Pozas Naturales y Almuerzo Incluido<\/h2>\n<h4><b><i>Descripci\u00f3n<\/i><\/b><\/h4>\n<p>Ca\u00f1o Hondo Day Pass Entrada a nuestras Piscinas Naturales Exteriores con Almuerzo Buffet incluido. Todos los d\u00edas de 8:30 a 17:00 hrs.<\/p>\n<div class=\"wpb_text_column wpb_content_element\">\n<div class=\"wpb_wrapper\">\n<p>Las piscinas son totalmente biol\u00f3gicas sin necesidad de cloro ni productos qu\u00edmicos que desarrollan su propia ecolog\u00eda natural y ecosistema equilibrado al estar dise\u00f1adas y construidas de una manera determinada. Cuando se logra el equilibrio, el agua es naturalmente clara como en un lago de monta\u00f1a.<\/p>\n<\/div>\n<\/div>\n<div class=\"wpb_text_column wpb_content_element\">\n<div class=\"wpb_wrapper\">\n<p><strong>Disfrute de las piscinas Natural Eco que se mezclan maravillosamente con el paisaje tranquilo y original en el Parque Nacional Los Haitises, Sabana de la Mar. <\/strong><\/p>\n<p style=\"text-align: center;\"><strong>Pasa un d\u00eda maravilloso con tu familia o amigos.<\/strong><\/p>\n<\/div>\n<\/div>\n<p>&nbsp;<\/p>\n<h3><b>Inclusiones y Exclusiones<\/b><\/h3>\n<p><b>Inclusiones<\/b><\/p>\n<ol>\n<li>Almuerzo buffet<\/li>\n<li>Entrada a Piscinas Naturales<\/li>\n<\/ol>\n<p><b>Exclusiones (No incluido)<\/b><\/p>\n<ol>\n<li>Transporte<\/li>\n<li>Bebidas alcoh\u00f3licas<\/li>\n<\/ol>\n<p>&nbsp;<\/p>\n<h4><em><strong>\u00bfPor qu\u00e9 comprar el billete?<\/strong><\/em><\/h4>\n<p>Por favor, haga una reserva con anticipaci\u00f3n para establecer el espacio en nuestro restaurante y prepararle el Almuerzo Buffet. Despu\u00e9s de hacer la reserva, nuestros representantes se comunicar\u00e1n con usted para brindarle m\u00e1s informaci\u00f3n: c\u00f3mo llegar a nuestro lugar, cu\u00e1l es el men\u00fa de Lunch Buffet y responder todas sus preguntas.<\/p>\n<p><strong>Nota: Gratuito para ni\u00f1os menores de 3 a\u00f1os. Los ni\u00f1os de 4 a 10 a\u00f1os pagan solo la mitad de precio.<\/strong><\/p>\n<h2 style=\"text-align: center;\"><strong>Piscinas de agua mineral dise\u00f1adas y construidas con atenci\u00f3n al detalle y creatividad.<\/strong><\/h2>\n<p><strong>Hora:<\/strong><\/p>\n<p>8:30 a. m. a 5:00 p. m.<\/p>\n<p>&nbsp;<\/p>\n<h4><em><strong>\u00bfQu\u00e9 debes llevar contigo?<\/strong><\/em><\/h4>\n<ul>\n<li>Camara<\/li>\n<li>\u00a0Repelente<\/li>\n<li>crema solar<\/li>\n<\/ul>\n<p>&nbsp;<\/p>\n<h4><i>Transporte: <\/i><\/h4>\n<p>El transporte no est\u00e1 incluido.<\/p>\n<p><b>Nota: Si desea una transferencia, por favor cont\u00e1ctenos.<\/b><\/p>\n<h4><b><i>Pol\u00edtica de cancelaci\u00f3n<\/i><\/b><\/h4>\n<p>Para obtener un reembolso completo, lea nuestras Pol\u00edticas de cancelaci\u00f3n en el pie de p\u00e1gina del sitio web.<\/p>\n<\/div>\n<\/div>\n<\/div>\n<\/div>\n<\/div>\n<\/div>\n<div class=\"vc_row wpb_row vc_row-fluid\">\n<div class=\"wpb_column vc_column_container vc_col-sm-12\">\n<div class=\"vc_column-inner\">\n<div class=\"wpb_wrapper\">\n<div class=\"wpb_text_column wpb_content_element\">\n<div class=\"wpb_wrapper\">\n<p>&nbsp;<\/p>\n<h3 style=\"text-align: center;\">Tambi\u00e9n puede disfrutar de numerosas actividades y excursiones con gu\u00eda local.<\/h3>\n<p><strong>Lista de las actividades:<\/strong><br \/>\nforro de tirolesa<br \/>\nescalada en roca<br \/>\npaseos a caballo<br \/>\nCaminatas guiadas o autoguiadas en Los Haitises<br \/>\nKayak en Los Haitises<br \/>\nVisitas guiadas en barco a Los Haitises<br \/>\nAvistamiento de ballenas (del 15 de enero al 20 de marzo)<br \/>\nObservaci\u00f3n guiada de aves<br \/>\nCayo Levantado\/Isla Bacard\u00ed<br \/>\nVida Silvestre y Naturaleza<br \/>\nCascadas El Lim\u00f3n, Saman\u00e1<\/p>\n<p><strong>Para m\u00e1s informaci\u00f3n sobre actividades y excursiones, por favor cont\u00e1ctenos. Tambien usted puede <a href=\"http:\/\/haitises.com\/\" rel=\"noopener\">Reserve aqu\u00ed.<\/a><\/strong><\/p>\n<h4><b><i>Pol\u00edtica de cancelaci\u00f3n<\/i><\/b><\/h4>\n<p>Para obtener un reembolso completo, lea nuestras Pol\u00edticas de cancelaci\u00f3n\u00a0<a href=\"https:\/\/www.ticketswhales.com\/online-booking\/\" target=\"_blank\" rel=\"noopener\" data-saferedirecturl=\"https:\/\/www.google.com\/url?q=https:\/\/www.ticketswhales.com\/online-booking\/&amp;source=gmail&amp;ust=1672449202351000&amp;usg=AOvVaw1yAeVAPktmaVCqDujgUn90\">haga clic aqu\u00ed<\/a>. Los fondos se perder\u00e1n si la reserva se cancela el mismo d\u00eda del viaje.<\/p>\n<\/div>\n<\/div>\n<\/div>\n<\/div>\n<\/div>\n<\/div>\n\n\t\t<\/div>\n\t<\/div>\n<\/div><\/div><\/div><\/div><div class=\"vc_row wpb_row vc_row-fluid\" ><div class=\"wpb_column vc_column_container vc_col-sm-12\"><div class=\"vc_column-inner\"><div class=\"wpb_wrapper\"><div class=\"vc_btn3-container vc_btn3-inline\" ><button class=\"vc_general vc_btn3 vc_btn3-size-md vc_btn3-shape-rounded vc_btn3-style-modern vc_btn3-color-green\">RESERVAR AHORA<\/button><\/div><\/div><\/div><\/div><\/div>\n<\/section>","protected":false},"excerpt":{"rendered":"<p>Compre un Boleto Day Pass Piscinas Naturales en el Hotel Ca\u00f1o Hondo en el Parque Nacional Los Haitises, Sabana de la Mar. Almuerzo incluido.<\/p>\n<p>Para obtener m\u00e1s informaci\u00f3n, p\u00f3ngase en contacto con nosotros.<\/p>","protected":false},"featured_media":17116,"template":"","meta":[],"product_brand":[],"product_cat":[946,160,933,15],"product_tag":[425,176,421,422,171,209,426,423,424,175,186,187],"class_list":{"0":"post-9453","1":"product","2":"type-product","3":"status-publish","4":"has-post-thumbnail","6":"product_cat-1-sabana-de-la-mar","7":"product_cat-lunch","8":"product_cat-natural-pools-los-haitises","9":"product_cat-uncategorized","10":"product_tag-altos-cano-hondo","11":"product_tag-cano-hondo","12":"product_tag-cano-hondo-day-pass","13":"product_tag-cano-hondo-sabana-de-la-mar","14":"product_tag-los-haitises","15":"product_tag-los-haitises-national-park","16":"product_tag-los-haitises-tours","17":"product_tag-paraiso-cano-hondo","18":"product_tag-parque-los-haitises","19":"product_tag-sabana-de-la-mar","20":"product_tag-samana","21":"product_tag-samana-tours","23":"first","24":"instock","25":"sale","26":"sold-individually","27":"shipping-taxable","28":"product-type-external"},"_links":{"self":[{"href":"https:\/\/ballenajorobada.com\/es\/wp-json\/wp\/v2\/product\/9453","targetHints":{"allow":["GET"]}}],"collection":[{"href":"https:\/\/ballenajorobada.com\/es\/wp-json\/wp\/v2\/product"}],"about":[{"href":"https:\/\/ballenajorobada.com\/es\/wp-json\/wp\/v2\/types\/product"}],"wp:featuredmedia":[{"embeddable":true,"href":"https:\/\/ballenajorobada.com\/es\/wp-json\/wp\/v2\/media\/17116"}],"wp:attachment":[{"href":"https:\/\/ballenajorobada.com\/es\/wp-json\/wp\/v2\/media?parent=9453"}],"wp:term":[{"taxonomy":"product_brand","embeddable":true,"href":"https:\/\/ballenajorobada.com\/es\/wp-json\/wp\/v2\/product_brand?post=9453"},{"taxonomy":"product_cat","embeddable":true,"href":"https:\/\/ballenajorobada.com\/es\/wp-json\/wp\/v2\/product_cat?post=9453"},{"taxonomy":"product_tag","embeddable":true,"href":"https:\/\/ballenajorobada.com\/es\/wp-json\/wp\/v2\/product_tag?post=9453"}],"curies":[{"name":"wp","href":"https:\/\/api.w.org\/{rel}","templated":true}]}}