{"id":11569,"date":"2020-10-10T15:42:33","date_gmt":"2020-10-10T15:42:33","guid":{"rendered":"https:\/\/www.ticketswhales.com\/?post_type=product&#038;p=11569"},"modified":"2023-11-07T21:53:32","modified_gmt":"2023-11-07T21:53:32","slug":"private-kayaking-snorkeling-with-lunch-on-cayo-levantado-island","status":"publish","type":"product","link":"https:\/\/ballenajorobada.com\/et\/Tours-Excursions\/tours-excursions-samana-bay-dominican-republic\/privaatne-sustaga-snorgeldamine-koos-lounasoogiga-cayo-levantado-saarel","title":{"rendered":"Samana: Cayo Levantado ja kajakis\u00f5it + snorgeldamine"},"content":{"rendered":"<section class=\"wpb-content-wrapper\"><div class=\"wpb_column vc_column_container vc_col-sm-12\"><div class=\"vc_column-inner\"><div class=\"wpb_wrapper\"><\/div><\/div><\/div><div class=\"vc_row wpb_row vc_row-fluid\" ><div class=\"wpb_column vc_column_container vc_col-sm-12\"><div class=\"vc_column-inner\"><div class=\"wpb_wrapper\">\n\t<div class=\"wpb_text_column wpb_content_element\" >\n\t\t<div class=\"wpb_wrapper\">\n\t\t\t<div class=\"vc_row wpb_row vc_row-fluid\">\n<div class=\"wpb_column vc_column_container vc_col-sm-12\">\n<div class=\"vc_column-inner\">\n<div class=\"wpb_wrapper\">\n<div class=\"mkdf-section-title-holder\">\n<div class=\"mkdf-st-inner\">\n<h5 class=\"mkdf-st-subtitle\">Samana sadamast: eratuur<\/h5>\n<h3 class=\"mkdf-st-title\">Privaatne s\u00fcsta ja snorgeldamine koos l\u00f5unas\u00f6\u00f6giga Cayo Levantado saarel<\/h3>\n<\/div>\n<\/div>\n<div class=\"vc_empty_space\"><\/div>\n<\/div>\n<\/div>\n<\/div>\n<\/div>\n<div class=\"vc_row wpb_row vc_row-fluid\"><\/div>\n<div class=\"wpb_column vc_column_container vc_col-sm-12\">\n<div class=\"vc_column-inner\">\n<div class=\"wpb_wrapper\"><\/div>\n<\/div>\n<\/div>\n<div class=\"wpb_text_column wpb_content_element\">\n<div class=\"wpb_wrapper\"><\/div>\n<\/div>\n<div class=\"vc_row wpb_row vc_row-fluid\">\n<div class=\"wpb_column vc_column_container vc_col-sm-12\">\n<div class=\"vc_column-inner\">\n<div class=\"wpb_wrapper\">\n<div class=\"wpb_text_column wpb_content_element\">\n<div class=\"wpb_wrapper\">\n<div class=\"vc_row wpb_row vc_row-fluid\">\n<div class=\"wpb_column vc_column_container vc_col-sm-12\">\n<div class=\"vc_column-inner\">\n<div class=\"wpb_wrapper\">\n<div class=\"wpb_text_column wpb_content_element\">\n<div class=\"wpb_wrapper\">\n<h4><b><i>\u00dclevaade \ud83d\udc33<\/i><\/b><\/h4>\n<p><strong>V\u00e4ltige suuri turistigruppe.<\/strong>\u00a0ja v\u00f5tke ette privaatne s\u00fcsta- ja snorgeldamisretk Saman\u00e1 lahes, mis v\u00e4ljub Saman\u00e1 sadamast.<\/p>\n<p>Imetlege s\u00fcsta ja snorgeldades merelt 40-minutilist v\u00f5rratut panoraamvaadet Samana lahele kuulsa Cayo Levantado\/Bacardi saare l\u00e4hedal asuva ranna kristallselges vees. Seal, kus saame jalgu sirutada ja snorgeldamiskomplekte kasutada, on avastamiseks veel \u00fcks maailm!<br \/>\nP\u00e4rast snorgeldamist l\u00e4heme randa t\u00fc\u00fcpilisele Dominikaani l\u00f5unale ja avastame Dominikaani Vabariigi kauneimat saart. Koduks on kaunis luksushotell, valged liivarannad, lopsakas vihmamets ja h\u00e4mmastavad oskuslikud kunstnikud, kes pakuvad oma k\u00e4sitsi valmistatud maale ja muid tooteid.<\/p>\n<p>Mida saarel teha saab?<br \/>\nUjumine, matkamine, v\u00f5rkpalli m\u00e4ngimine, pildistamine, snorgeldamine, rannas m\u00f5nulemine v\u00f5i lihtsalt varjus l\u00f5\u00f5gastumine ja kosutava joogi v\u00f5tmine (Pi\u00f1a Colada, Coco Loco, Cuba Libre jne) Saare nautimiseks on k\u00f5igile palju v\u00f5imalusi. !<\/p>\n<p>Tagasiteel Saman\u00e1sse muudame vaatenurka ja meie t\u00e4helepanu k\u00f6idavad detailid, mida me varem polnud m\u00e4rganud, nautides iga meetrit ca 40 min.<\/p>\n<p>Oleme ainsad, kes seda ekskursiooni pakuvad kogu Dominikaani Vabariigis! See ainulaadne kogemus on looduse- ja meres\u00f5prade unistuste t\u00e4itumine.<\/p>\n<p><strong>M\u00e4rge:<\/strong>\u00a0See ringk\u00e4ik on privaatne. (Ainult teie ja teie pere v\u00f5i s\u00f5brad ja reisijuht).<\/p>\n<p>&nbsp;<\/p>\n<h4><b>Kaasamised ja v\u00e4listused<\/b><\/h4>\n<p>&nbsp;<\/p>\n<p><b>Kaasamised<\/b><\/p>\n<p>&nbsp;<\/p>\n<ol>\n<li>L\u00f5unas\u00f6\u00f6k Rootsi lauas rannas.<\/li>\n<li>Giid<\/li>\n<li>s\u00fcstad, aerutamine<\/li>\n<li>P\u00e4\u00e4stevest<\/li>\n<li>Snorklikomplekt<\/li>\n<li>K\u00f5ik maksud, tasud ja k\u00e4itlustasud.<\/li>\n<li>Kohalikud maksud<\/li>\n<li>Joogid (pudel vett inimese kohta)<\/li>\n<\/ol>\n<p><b>V\u00e4listused<\/b><\/p>\n<ol>\n<li>N\u00e4pun\u00e4iteid<\/li>\n<li>Auto \u00fclekanne<\/li>\n<li>Alkohol<\/li>\n<\/ol>\n<p>&nbsp;<\/p>\n<h4><em><strong>V\u00e4ljas\u00f5it ja tagasis\u00f5it<\/strong><\/em><\/h4>\n<p>See reis algab kell 8.00 ja l\u00f5peb umbes kell 16.00. Kuid kuna tegemist on erareisiga, saate m\u00e4\u00e4rata algus- ja l\u00f5puaja.<\/p>\n<p>Reisija saab p\u00e4rast broneerimisprotsessi kohtumispunkti. Ekskursioonid algavad ja l\u00f5pevad meie kohtumispunktides.<\/p>\n<p>&nbsp;<\/p>\n<h4><b><i>Mida oodata?<\/i><\/b><\/h4>\n<p>&nbsp;<\/p>\n<p><em><strong>Hankige oma piletid<\/strong><\/em>\u00a0s\u00fcstas\u00f5iduks ja snorgeldamiseks Samana lahes. 40 minutit v\u00f5rreldamatut panoraamvaadet Saman\u00e1 lahele kajakiga ja snorgeldades l\u00e4hedal asuva kuulsa Cayo Levantado\/Bacardi ranna kristallselges vees. T\u00fc\u00fcpiline Dominikaani l\u00f5unas\u00f6\u00f6k rannas. Vaalavaatlushooajal on v\u00f5imalus n\u00e4ha k\u00fc\u00fcrvaalasid.<\/p>\n<p>\u201cBooking Adventuresi\u201d korraldatav s\u00fcsta- ja snorklituur algab reisijuhiga m\u00e4\u00e4ratud kohtumiskohast. L\u00f5unas\u00f6\u00f6k rannas ja v\u00f5id viibida nii kaua, kui ujuda tahad. Kui olete vegan, saame teile ka m\u00f5ne toidu valmistada.<\/p>\n<p><strong>Kalender:<\/strong><\/p>\n<p>8.00\u201316.00<\/p>\n<p>&nbsp;<\/p>\n<h4><em><strong>Mida peaksite kaasa v\u00f5tma?<\/strong><\/em><\/h4>\n<ul>\n<li>Kaamera<\/li>\n<li>R\u00e4tik<\/li>\n<li>P\u00e4ikesekaitse<\/li>\n<li>M\u00fcts<\/li>\n<li>Mugavad p\u00fcksid ja kingad.<\/li>\n<li>Sandaalid randa<\/li>\n<li>Ujuja kleit<\/li>\n<li>Sularaha suveniiride eest<\/li>\n<\/ul>\n<p>&nbsp;<\/p>\n<h4><b><i>Hotelli vastuv\u00f5tmine<\/i><\/b><\/h4>\n<p>Sellel ekskursioonil ei pakuta hotelli j\u00e4reletulemist.<\/p>\n<p>&nbsp;<\/p>\n<p><b>M\u00e4rge:<\/b>\u00a0Kui teete broneeringu 24 tunni jooksul enne ekskursiooni\/ekskursiooni v\u00e4ljumisaega, saame korraldada lisatasu eest hotelli j\u00e4reletulemise. Kui teie ost on l\u00f5pule viidud, saadame teile meie kohaliku giidi t\u00e4ieliku kontaktteabe (telefoninumbri, e-posti aadressi jne), et korraldada j\u00e4reletulemise korraldamine.<\/p>\n<h4><b><i>Lisainfo kinnitus<\/i><\/b><\/h4>\n<ol>\n<li>Piletid on kviitung p\u00e4rast selle tuuri eest tasumist. Saate makset oma telefonis kuvada.<\/li>\n<li>Kohtumispunkti saab k\u00e4tte p\u00e4rast broneerimisprotsessi.<\/li>\n<li>Lastega peab kaasas olema t\u00e4iskasvanu.<\/li>\n<li>Ratastooliga ligip\u00e4\u00e4setav<\/li>\n<li>Imikud peaksid istuma s\u00fcles.<\/li>\n<li>Enamikul reisijatest on \u00f5igus osaleda.<\/li>\n<\/ol>\n<h4><b><i>T\u00fchistamispoliitika<\/i><\/b><\/h4>\n<p>T\u00e4ieliku tagasimakse saamiseks t\u00fchistage v\u00e4hemalt 24 tundi enne kogemuse alguskuup\u00e4eva.<\/p>\n<\/div>\n<\/div>\n<\/div>\n<\/div>\n<\/div>\n<\/div>\n<\/div>\n<\/div>\n<\/div>\n<\/div>\n<\/div>\n<\/div>\n<div class=\"vc_row wpb_row vc_row-fluid\">\n<div class=\"wpb_column vc_column_container vc_col-sm-12\">\n<div class=\"vc_column-inner\">\n<div class=\"wpb_wrapper\">\n<div class=\"vc_empty_space\"><\/div>\n<div class=\"wpb_text_column wpb_content_element\">\n<div class=\"wpb_wrapper\">\n<h4>V\u00f5ta meiega \u00fchendust?<\/h4>\n<h5><b><i>Seikluste broneerimine<\/i><\/b><\/h5>\n<p><em>Giidid ja k\u00fclalisteenused.\u00a0<strong>kohalik<\/strong>\u00a0ja\u00a0<strong>rahvuslik<\/strong><\/em><\/p>\n<p><span class=\"text-turquoise\">Broneeringud:<\/span>\u00a0Reisid ja ekskursioonid Domis. esindajad.<\/p>\n<p>\ud83d\udcde Telefon\/Whatsapp\u00a0<a href=\"tel: 1-809-720-6035\">+ 1-809-720-6035<\/a>\u00a0.<\/p>\n<p>\ud83d\udce9\u00a0<a href=\"mailto:info@bookingadventures.com.do\">info@bookingadventures.com.do<\/a><\/p>\n<p><strong>Oleme Whatsapi paindliku konfiguratsiooniga privaatreisid:\u00a0<a href=\"tel: 18097206035\">+18097206035.<\/a><\/strong><\/p>\n<\/div>\n<\/div>\n<\/div>\n<\/div>\n<\/div>\n<\/div>\n\n\t\t<\/div>\n\t<\/div>\n<\/div><\/div><\/div><\/div>\n<\/section>","protected":false},"excerpt":{"rendered":"<p>Privaatne s\u00fcsta- ja snorgeldamisretk Dominikaani Vabariigis Samana lahes koos kohalike giididega. M\u00e4\u00e4rake julgelt teile k\u00f5ige sobivam algusaeg. Broneerige see Samana Bay ekskursioon kohe, et elada t\u00f5elises Kariibi mere seikluses.<\/p>\n<p>M\u00e4rkus: see ringk\u00e4ik on privaatne!<\/p>\n<p>&nbsp;<\/p>\n<p><em><strong>Valige ekskursiooni kuup\u00e4ev:<\/strong><\/em><\/p>","protected":false},"featured_media":13413,"template":"","meta":[],"product_brand":[],"product_cat":[255,946,655],"product_tag":[184,328,208,327,187,342,433,276],"class_list":{"0":"post-11569","1":"product","2":"type-product","3":"status-publish","4":"has-post-thumbnail","6":"product_cat-tours-excursions-samana-bay-dominican-republic","7":"product_cat-1-sabana-de-la-mar","8":"product_cat-1-samana","9":"product_tag-bacardi-island","10":"product_tag-cayo-levantado-day-pass","11":"product_tag-kayaking-dominican-republic","12":"product_tag-private-tours-samana","13":"product_tag-samana-tours","14":"product_tag-samana-whale-watching","15":"product_tag-snorkeling","16":"product_tag-whale-samana","18":"first","19":"instock","20":"sale","21":"sold-individually","22":"shipping-taxable","23":"product-type-external"},"_links":{"self":[{"href":"https:\/\/ballenajorobada.com\/et\/wp-json\/wp\/v2\/product\/11569","targetHints":{"allow":["GET"]}}],"collection":[{"href":"https:\/\/ballenajorobada.com\/et\/wp-json\/wp\/v2\/product"}],"about":[{"href":"https:\/\/ballenajorobada.com\/et\/wp-json\/wp\/v2\/types\/product"}],"wp:featuredmedia":[{"embeddable":true,"href":"https:\/\/ballenajorobada.com\/et\/wp-json\/wp\/v2\/media\/13413"}],"wp:attachment":[{"href":"https:\/\/ballenajorobada.com\/et\/wp-json\/wp\/v2\/media?parent=11569"}],"wp:term":[{"taxonomy":"product_brand","embeddable":true,"href":"https:\/\/ballenajorobada.com\/et\/wp-json\/wp\/v2\/product_brand?post=11569"},{"taxonomy":"product_cat","embeddable":true,"href":"https:\/\/ballenajorobada.com\/et\/wp-json\/wp\/v2\/product_cat?post=11569"},{"taxonomy":"product_tag","embeddable":true,"href":"https:\/\/ballenajorobada.com\/et\/wp-json\/wp\/v2\/product_tag?post=11569"}],"curies":[{"name":"wp","href":"https:\/\/api.w.org\/{rel}","templated":true}]}}