{"id":12652,"date":"2021-08-02T05:55:11","date_gmt":"2021-08-02T05:55:11","guid":{"rendered":"https:\/\/www.ticketswhales.com\/?post_type=product&#038;p=12652"},"modified":"2023-11-06T14:24:06","modified_gmt":"2023-11-06T14:24:06","slug":"el-limon-waterfalls-tour-private-from-las-galeras-horse-riding-lunch-swimming","status":"publish","type":"product","link":"https:\/\/ballenajorobada.com\/eu\/Tours-Excursions\/fees-entrace\/el-limon-ur-jauziak-tour-pribatua-las-galeras-tik-zaldi-ibilaldiak-bazkaria-igeriketa","title":{"rendered":"Las Galeras: El Lim\u00f3n ur-jauzien bisita pribatua (zaldiz, bazkaria eta igeriketa)"},"content":{"rendered":"<section class=\"wpb-content-wrapper\"><div class=\"vc_row wpb_row vc_row-fluid\" ><div class=\"wpb_column vc_column_container vc_col-sm-12\"><div class=\"vc_column-inner\"><div class=\"wpb_wrapper\"><div class=\"vc_btn3-container vc_btn3-inline\" ><a class=\"vc_general vc_btn3 vc_btn3-size-md vc_btn3-shape-rounded vc_btn3-style-modern vc_btn3-color-green\" href=\"https:\/\/bookingadventures.tours\/booking.php?tour_id=bb6af51ba5f35561b927993a771999a0\" title=\"\" rel=\"noopener\">ERRESERBATU ORAIN<\/a><\/div>\n\t<div class=\"wpb_text_column wpb_content_element\" >\n\t\t<div class=\"wpb_wrapper\">\n\t\t\t<div class=\"vc_row wpb_row vc_row-fluid\">\n<div class=\"wpb_column vc_column_container vc_col-sm-12\">\n<div class=\"vc_column-inner\">\n<div class=\"wpb_wrapper\">\n<div class=\"mkdf-section-title-holder\">\n<div class=\"mkdf-st-inner\">\n<h5 class=\"mkdf-st-subtitle\">(horse riding , Lunch &amp; swimming)<\/h5>\n<h2 class=\"mkdf-st-title\">El Limon waterfalls Tour Private From Las Galeras<\/h2>\n<\/div>\n<\/div>\n<\/div>\n<\/div>\n<\/div>\n<\/div>\n<div class=\"vc_row wpb_row vc_row-fluid\"><\/div>\n<h4><a id=\"overview\" class=\"aal_anchor\" href=\"https:\/\/bookingadventures.com.do\/dominicantour\/el-limon-waterfalls-tour-private-from-las-galeras-horse-riding-lunch-swimming\/#overview\" aria-hidden=\"true\" rel=\"noopener\"><\/a><b><i>Ikuspegi orokorra<\/i><\/b><\/h4>\n<p>Hau bisita pribatua da\u00a0<strong>El Lim\u00f3n Ur-jauziak<\/strong>\u00a0Zalditan Ibiltzea edo Mendi Ibiltzearekin. Kakao eta kafe basoa bisitatzen Coconuts Palms Canopy azpian. Ur-jauzietara iristen zarenean igeri egiteko baimena duzu eta zure Local Guiderekin ordua ezarri. El Lim\u00f3n Erkidegoan Bazkari Tipikoaz gozatu ondoren.<\/p>\n<p>Ikasi bertakoekin eta lortu bidaia seguru bat. Lortu zure Sarrerak Gaur Eskaintzan.<\/p>\n<ul>\n<li>Bazkaria barne<\/li>\n<li>Ibilaldiak edo Ibilaldiak<\/li>\n<li>Gidak argibideak eta gainbegiratzea eskaintzen ditu<\/li>\n<li>Parke Nazionalerako tasak<\/li>\n<\/ul>\n<p>&nbsp;<\/p>\n<h4><a id=\"inclusions-exclusions\" class=\"aal_anchor\" href=\"https:\/\/bookingadventures.com.do\/dominicantour\/el-limon-waterfalls-tour-private-from-las-galeras-horse-riding-lunch-swimming\/#inclusions-exclusions\" aria-hidden=\"true\" rel=\"noopener\"><\/a><b>Inklusioak eta bazterketak<\/b><\/h4>\n<p>&nbsp;<\/p>\n<p><b>Inklusioak<\/b><\/p>\n<ol>\n<li>Buffet bazkaria El Limonen<\/li>\n<li>Mendi Ibilaldia edo Ibilaldia<\/li>\n<li>Zerga, tasa eta kudeaketa-gastu guztiak<\/li>\n<li>Tokiko zergak<\/li>\n<li>Edariak<\/li>\n<li>Jarduera guztiak<\/li>\n<li>Tokiko gida<\/li>\n<\/ol>\n<p><b>Bazterketak<\/b><\/p>\n<ol>\n<li>Doanak<\/li>\n<li>Transferentzia<\/li>\n<li>Edari alkoholdunak<\/li>\n<li>Janaria Hondartzan<\/li>\n<\/ol>\n<p>&nbsp;<\/p>\n<h4><a id=\"departure-return\" class=\"aal_anchor\" href=\"https:\/\/bookingadventures.com.do\/dominicantour\/el-limon-waterfalls-tour-private-from-las-galeras-horse-riding-lunch-swimming\/#departure-return\" aria-hidden=\"true\" rel=\"noopener\"><\/a><em><strong>Irteera eta Itzulera<\/strong><\/em><\/h4>\n<p>Bidaiariak bilgune bat lortuko du Erreserba Prozesuaren ondoren. Bisitak gure topaguneetan hasi eta amaitu.<\/p>\n<p>&nbsp;<\/p>\n<h4><a id=\"what-to-expect\" class=\"aal_anchor\" href=\"https:\/\/bookingadventures.com.do\/dominicantour\/el-limon-waterfalls-tour-private-from-las-galeras-horse-riding-lunch-swimming\/#what-to-expect\" aria-hidden=\"true\" rel=\"noopener\"><\/a><b><i>Zer espero?<\/i><\/b><\/h4>\n<p>&nbsp;<\/p>\n<p><em><strong>Eskuratu zure sarrerak<\/strong><\/em>\u00a0The Waterfalls El Lim\u00f3n Saman\u00e1 bisitatzeagatik eta El Lim\u00f3n Jatetxean bazkari zoragarri batengatik.<\/p>\n<p>The tour, organized by \u201cBooking Adventures\u201d starts at the meeting point set with the Tour Guide.<\/p>\n<p>El Limon ur-jauzietara bidaia pribatu onenak tokiko gidari batekin. Erreserbatu zaldiz ibilaldi bat Basotik Lim\u00f3n ibaiaren ertza inguratuz, kakao eta kafe landaketak bisitatuz Coconuts itzalen palmondoen azpian.<\/p>\n<p>Lehenik eta behin, geldialdia Txikiko ur-jauzian, non normalean jende gutxi dagoen eta inguruan igeri egin dezakezu. Ur-jauzi handira jarraitu ondoren, nahi izanez gero ordubete edo gehiago egongo gara.<\/p>\n<p>Zaldiak itzultzea jatetxera, non hondartzan bazkari tipiko batez gozatuko dugu. Frite arraina Tostones eta Entsaladarekin edo menuan beste aukera batzuk lor ditzakezu aparteko kostuekin.<\/p>\n<p>Bazkaria El Lim\u00f3n komunitateko Jatetxean eta igerian nahi duzun bitartean egon zaitezke. Beganoa bazara, janaria ere ezar dezakegu.<\/p>\n<p>&nbsp;<\/p>\n<h4><a id=\"what-you-should-bring\" class=\"aal_anchor\" href=\"https:\/\/bookingadventures.com.do\/dominicantour\/el-limon-waterfalls-tour-private-from-las-galeras-horse-riding-lunch-swimming\/#what-you-should-bring\" aria-hidden=\"true\" rel=\"noopener\"><\/a><em><strong>Zer ekarri beharko zenuke?<\/strong><\/em><\/h4>\n<ul>\n<li>Kamera<\/li>\n<li>Kimuak uxatzeko<\/li>\n<li>eguzkitako krema<\/li>\n<li>Txapela<\/li>\n<li>Praka erosoak<\/li>\n<li>Basorako mendiko oinetakoak<\/li>\n<li>Igeriketa arropa<\/li>\n<\/ul>\n<p>&nbsp;<\/p>\n<h4><a id=\"hotel-pickup\" class=\"aal_anchor\" href=\"https:\/\/bookingadventures.com.do\/dominicantour\/el-limon-waterfalls-tour-private-from-las-galeras-horse-riding-lunch-swimming\/#hotel-pickup\" aria-hidden=\"true\" rel=\"noopener\"><\/a><b><i>Hoteleko bilketa<\/i><\/b><\/h4>\n<p>Bisita honetarako ez da hoteleko bilketa eskaintzen.<\/p>\n<p>&nbsp;<\/p>\n<p><b>Ohar:<\/b>\u00a0Txangoaren irteera ordutik 24 orduko epean erreserbatzen baduzu, hoteleko bilketa egin dezakegu aparteko karguekin. Erosketa amaitutakoan, harremanetarako informazio osoa bidaliko dizugu (telefono zenbakia, helbide elektronikoa, etab.) gure tokiko Tour gidari bilketa-antolaketak antola ditzan.<\/p>\n<h4><a id=\"additional-info-confirmation\" class=\"aal_anchor\" href=\"https:\/\/bookingadventures.com.do\/dominicantour\/el-limon-waterfalls-tour-private-from-las-galeras-horse-riding-lunch-swimming\/#additional-info-confirmation\" aria-hidden=\"true\" rel=\"noopener\"><\/a><b><i>Informazio gehigarria berrespena<\/i><\/b><\/h4>\n<ol>\n<li>Sarrerak Tour hau ordaindu ondoren ordainagiria dira. Ordainketa zure telefonoan erakutsi dezakezu.<\/li>\n<li>Topagunea Erreserba Prozesuaren ondoren jasoko da.<\/li>\n<li>Haurrak heldu batekin joan behar dira.<\/li>\n<li>Ez dago gurpil-aulkirako sarbidea<\/li>\n<li>Haurrak magalean eseri behar dira<\/li>\n<li>Ez da gomendagarria bizkarreko arazoak dituzten bidaiarientzat<\/li>\n<li>Ez da gomendagarria haurdun dauden bidaiarientzat<\/li>\n<li>Ez dago bihotzeko arazorik edo beste baldintza mediko larririk<\/li>\n<li>Bidaiari gehienek parte har dezakete<\/li>\n<\/ol>\n\n\t\t<\/div>\n\t<\/div>\n<\/div><\/div><\/div><\/div><div class=\"wpb_column vc_column_container vc_col-sm-12\"><div class=\"vc_column-inner\"><div class=\"wpb_wrapper\"><\/div><\/div><\/div><div class=\"wpb_column vc_column_container vc_col-sm-12\"><div class=\"vc_column-inner\"><div class=\"wpb_wrapper\"><\/div><\/div><\/div>\n<\/section>","protected":false},"excerpt":{"rendered":"<p>Visiting the waterfalls from Samana in a private transfer from las Galeras. After arrive to the meeting point for horse riding until the waterfall area. El limon waterfalls trip will be around 3 Hours.<\/p>\n<p><strong><span style=\"vertical-align: inherit;\"><span style=\"vertical-align: inherit;\"><span style=\"vertical-align: inherit;\"><span style=\"vertical-align: inherit;\">Aukeratu la fecha para el tour\u00a0<\/span><\/span><\/span><\/span><\/strong><\/p>","protected":false},"featured_media":12594,"template":"","meta":[],"product_brand":[],"product_cat":[255,655,961,958,159,178,189,160,190,253,254],"product_tag":[183,185,902,202,201,903,186,187],"class_list":{"0":"post-12652","1":"product","2":"type-product","3":"status-publish","4":"has-post-thumbnail","6":"product_cat-tours-excursions-samana-bay-dominican-republic","7":"product_cat-1-samana","8":"product_cat-el-limon-horseback-riding","9":"product_cat-el-limon-las-galeras","10":"product_cat-fees-entrace","11":"product_cat-hiking","12":"product_cat-horse-riding-to-waterfalls","13":"product_cat-lunch","14":"product_cat-safari-samana","15":"product_cat-tours-and-excursions","16":"product_cat-tours-excursions-los-haitises-national-park","17":"product_tag-beach-time","18":"product_tag-el-limon-waterfalls","19":"product_tag-el-limon-waterfalls-tour-private-from-las-galeras-horse-riding","20":"product_tag-hiking-el-limon","21":"product_tag-horses-el-limon","22":"product_tag-lunch-swimming","23":"product_tag-samana","24":"product_tag-samana-tours","26":"first","27":"instock","28":"sale","29":"sold-individually","30":"shipping-taxable","31":"product-type-external"},"_links":{"self":[{"href":"https:\/\/ballenajorobada.com\/eu\/wp-json\/wp\/v2\/product\/12652","targetHints":{"allow":["GET"]}}],"collection":[{"href":"https:\/\/ballenajorobada.com\/eu\/wp-json\/wp\/v2\/product"}],"about":[{"href":"https:\/\/ballenajorobada.com\/eu\/wp-json\/wp\/v2\/types\/product"}],"wp:featuredmedia":[{"embeddable":true,"href":"https:\/\/ballenajorobada.com\/eu\/wp-json\/wp\/v2\/media\/12594"}],"wp:attachment":[{"href":"https:\/\/ballenajorobada.com\/eu\/wp-json\/wp\/v2\/media?parent=12652"}],"wp:term":[{"taxonomy":"product_brand","embeddable":true,"href":"https:\/\/ballenajorobada.com\/eu\/wp-json\/wp\/v2\/product_brand?post=12652"},{"taxonomy":"product_cat","embeddable":true,"href":"https:\/\/ballenajorobada.com\/eu\/wp-json\/wp\/v2\/product_cat?post=12652"},{"taxonomy":"product_tag","embeddable":true,"href":"https:\/\/ballenajorobada.com\/eu\/wp-json\/wp\/v2\/product_tag?post=12652"}],"curies":[{"name":"wp","href":"https:\/\/api.w.org\/{rel}","templated":true}]}}