{"id":16647,"date":"2023-11-06T09:02:24","date_gmt":"2023-11-06T09:02:24","guid":{"rendered":"https:\/\/www.ticketswhales.com\/?post_type=product&#038;p=16647"},"modified":"2023-11-06T09:11:44","modified_gmt":"2023-11-06T09:11:44","slug":"los-haitises-cueva-el-naranjo-y-laguna-cristal-from-sabana-de-la-mar","status":"publish","type":"product","link":"https:\/\/ballenajorobada.com\/eu\/Tours-Excursions\/haitises\/los-haitises-cueva-el-naranjo-y-laguna-cristal-sabana-de-la-mar","title":{"rendered":"Los Haitises: Sabana de la mar-eko Cueva el Naranjo y Laguna Cristal"},"content":{"rendered":"<section class=\"wpb-content-wrapper\"><div class=\"vc_row wpb_row vc_row-fluid\" ><div class=\"wpb_column vc_column_container vc_col-sm-12\"><div class=\"vc_column-inner\"><div class=\"wpb_wrapper\">\n\t<div class=\"wpb_text_column wpb_content_element\" >\n\t\t<div class=\"wpb_wrapper\">\n\t\t\t<h2><span style=\"font-weight: 400;\">Los Haitises: Cueva el Naranjo y Laguna Cristal<\/span><\/h2>\n<p>Sabana de la mar<\/p>\n<p>&nbsp;<\/p>\n<p><b>Ikuspegi orokorra<\/b><span style=\"font-weight: 400;\">\u00a0<\/span><\/p>\n<p>&nbsp;<\/p>\n<p><span style=\"font-weight: 400;\">Los Haitises Parke Nazionala Dominikar Errepublikako altxor natural bat da, non Hispaniolan ur gezako 25% aurkitzen den, esperientzia honetan parke harrigarri honetako leku garrantzitsuenetako batzuk hartzen ari gara. Eskuratu zure txartela Ojo de Cielo koba, Laguna Cristal, Barracote ibaia eta Samana badia esploratzeko.\u00a0<\/span><\/p>\n<p>&nbsp;<\/p>\n<p><span style=\"font-weight: 400;\">Ikuspegi hidrografikotik<\/span><span style=\"font-weight: 400;\">, Los Haitises eta bere eragin-eremuak bi eskualde hartzen ditu: Yuna ibaiaren beheko arroa eta Miches eta Sabana de la Mar eremua. Yuna bi bokaletatik isurtzen da: Yuna berarena eta Barracoterena. Gainera, eremuan Payabo, Los Cocos eta Naranjo ibaiak eta Cabirma, Estero, Prieto eta beste ubide batzuk daude.<\/span><\/p>\n<p>&nbsp;<\/p>\n<p><span style=\"font-weight: 400;\">Los Haitises paisaiari buruz,<\/span><span style=\"font-weight: 400;\"> kobazuloez gain, Ca\u00f1o Hondo, Punta Arena, Ca\u00f1o Salado, Bah\u00eda de San Lorenzo eta Cayo de los P\u00e1jaros daude, paisaia-elementu oso ikusgarriak direnak. Azken hau, Boca del Infierno eta El Naranjo Arriba artean kokatua, erraz antzematen da belarri-orrika eta pelikanoen presentzia ia iraunkorragatik.<\/span><\/p>\n<p>&nbsp;<\/p>\n<p><span style=\"font-weight: 400;\">Sanchez hiriari buruz,<\/span><span style=\"font-weight: 400;\"> Lehen Las Ca\u00f1itas izeneko herri txiki bat zen, baina 1888an Francisco del Rosario S\u00e1nchez Dominikar Errepublikako fundatzaileetako baten izena zuen udalerri izatera iritsi zen. 1865ean trenbidea ezarri ondoren, garrantzia eta populazioa hazi zen. Lerro hau Zibaoko erdialdera hedatu zen, eta Karibeko komunitate txiki hau herrialdeko portu garrantzitsuena bihurtu zen XIX. mendearen amaieratik hasi zen arte. hurrengo mendean. .<\/span><\/p>\n<p>&nbsp;<\/p>\n<p><span style=\"font-weight: 400;\">Laguna Cristali buruz,<\/span><span style=\"font-weight: 400;\"> Laguna Cristal ur gezako iturri ederra da Los Haitises Parke Nazionalaren ateetan, Monte Plata probintziaren iparraldean, edertasun paregabea duena bere erakargarritasun naturalagatik eta ematen digun bakeagatik. Aintzira aldameneko parketik datorren lurpeko urez elikatzen da. Aintziratik ibai nabigagarri txiki bat irteten da ehunka metrotan Barracote ibaia elikatzen duena, gero San Lorentzoko badiara isurtzen duena. 200 metro inguruko sakonera eta 70 metroko diametroa izango zuen.\u00a0<\/span><\/p>\n<p>&nbsp;<\/p>\n<p><span style=\"font-weight: 400;\">El Naranjo koba<\/span><span style=\"font-weight: 400;\">, El Naranjo ibaia, 120 metroko luzera izan arren nabigagarria, kobazulo batean du jatorria eta Los Haitises Parke Nazionaleko naturaren harribitxitzat har daiteke. irla, Itsasontzi batean ura datorren kobazuloaren amaierara iritsi zaitezke. Kobazuloa saguzar eta txintxoentzako urtegia da eta bertako uretan arrain espezie autoktonoak daude, beste ibai eta erreka batzuetan iraganeko gauzak direnak, hala nola guabinak, dajaoak, karpiak, ganbak eta karramarroak.<\/span><\/p>\n<p>&nbsp;<\/p>\n<p><b>Inklusioak<\/b><\/p>\n<p><span style=\"font-weight: 400;\">Zerga, tasa eta kudeaketa-gastu guztiak<\/span><\/p>\n<p><span style=\"font-weight: 400;\">Tokiko zergak<\/span><\/p>\n<p><span style=\"font-weight: 400;\">Ofizialak Ekologistak gidari turistikoak ingelesa\/gaztelania<\/span><\/p>\n<p><span style=\"font-weight: 400;\">Tokiko garraioa (Hoteleko bilketa)<\/span><\/p>\n<p><span style=\"font-weight: 400;\">Abiadura Txalupa<\/span><\/p>\n<p><span style=\"font-weight: 400;\">Herri Bazkaria<\/span><\/p>\n<p><span style=\"font-weight: 400;\">Laguna Cristal\u00a0\u00a0<\/span><\/p>\n<p><span style=\"font-weight: 400;\">Cueva del Naranjo\u00a0<\/span><\/p>\n<p>&nbsp;<\/p>\n<p><b>Bazterketak<\/b><\/p>\n<p>&nbsp;<\/p>\n<p><span style=\"font-weight: 400;\">Doanak<\/span><\/p>\n<p><span style=\"font-weight: 400;\">Edaria<\/span><\/p>\n<p><span style=\"font-weight: 400;\">\u00a0<\/span><\/p>\n<p>&nbsp;<\/p>\n<p><b>Irteera eta Itzulera<\/b><\/p>\n<p><span style=\"font-weight: 400;\">\u201cReserba Abenturak\u201d-k antolatutako ibilaldia, Gidariarekin edo Langilearekin ezarritako topagunetik hasten da. Bidaiariak bilgune bat lortuko du Erreserba Prozesuaren ondoren. Bisitak gure topaguneetan hasi eta amaitzen dira.<\/span><\/p>\n<p>&nbsp;<\/p>\n<p><b>Zer espero?<\/b><\/p>\n<p><span style=\"font-weight: 400;\">Lortu zure txartela Searching For The Los Haitises: Los Haitises: Cueva el Naranjo y Laguna Cristal-erako, esperientzia honek uharteko biodibertsitate gehiena ikusteko aukera emango dizu.\u00a0<\/span><\/p>\n<p>&nbsp;<\/p>\n<p><span style=\"font-weight: 400;\">Jarduera hau zure ostatutik hartzen duzunetik hasiko da eremu hauetako batean:<\/span><\/p>\n<ul>\n<li style=\"font-weight: 400;\" aria-level=\"1\"><span style=\"font-weight: 400;\">Las Terrenas\u00a0<\/span><\/li>\n<li style=\"font-weight: 400;\" aria-level=\"1\"><span style=\"font-weight: 400;\">Sanchez\u00a0<\/span><\/li>\n<li style=\"font-weight: 400;\" aria-level=\"1\"><span style=\"font-weight: 400;\">Las Galeras<\/span><\/li>\n<li style=\"font-weight: 400;\" aria-level=\"1\"><span style=\"font-weight: 400;\">Santa Barbara de Samana\u00a0<\/span><\/li>\n<\/ul>\n<h3><b>Ordutegia<\/b><b>\u00a0<\/b><\/h3>\n<p><b>Sanchez Samana, Laguna Cristal eta El Naranjo River &amp; Caves igeriketa\u00a0<\/b><\/p>\n<p>&nbsp;<\/p>\n<p><span style=\"font-weight: 400;\">Hoteleko bilketa: goizeko 7:00etan hasiko da (non zauden arabera). Erreserba formularioan aukera desberdinak daude. Ibilbidea 8 ordukoa da.\u00a0<\/span><\/p>\n<p>&nbsp;<\/p>\n<p><span style=\"font-weight: 400;\">Goizean goiz izango da zure hoteletik jaso eta Sanchez Samaneko gure topagunera eramango zaituzten, non zure tokiko gidariarekin elkartuko zaren egun osoan zehar ibilbidearen berri eman aurretik.\u00a0<\/span><\/p>\n<p>&nbsp;<\/p>\n<p><span style=\"font-weight: 400;\">Prestatzen zarenean gure txalupa azkarrean sartuko gara El Naranjora joateko, hau da, eguneko lehen geldialdia, non kobazuloan sartuko gara itsasontziz eta uharteko ibairik motzeneko ur gezatan igeri egingo dugu.\u00a0<\/span><\/p>\n<p>&nbsp;<\/p>\n<p><span style=\"font-weight: 400;\">Zure bigarren txalupa Barracote ibaian zehar egingo da Laguna Cristalera iristeko. Herrialdearen ipar-ekialdeko ibai handienetako batean nabigatu beharko dugu. Cristal Arean bazkaltzeko tartea izango dugu uretara salto egin aurretik.<\/span><\/p>\n<p>&nbsp;<\/p>\n<p><span style=\"font-weight: 400;\">Bertako bazkaria probatu ondoren siesta bat egingo dugu Cristal Lagoon ondoan eta gero igerian joango gara, Sanchez Samanara itzuli aurretik.\u00a0<\/span><\/p>\n<p>&nbsp;<\/p>\n<p><span style=\"font-weight: 400;\">Hoteleko baja: 16:00etan edo geroago bidaia hasi duzun orduaren arabera. Ibilaldia guztira 8 ordukoa da.\u00a0<\/span><\/p>\n<p>&nbsp;<\/p>\n<p><span style=\"font-weight: 400;\">Ibilbide egunak eta jarduerak abisurik gabe alda daitezke, ezusteko edo gertaeren ondorioz. Ikusi baldintza eta baldintza osoak informazio gehiago lortzeko.<\/span><\/p>\n\n\t\t<\/div>\n\t<\/div>\n<\/div><\/div><\/div><\/div>\n<\/section>","protected":false},"excerpt":{"rendered":"<p>El Naranjo ibaia bisitatzea kobazuloarekin eta Cristal Lagunarekin Los Haitises Parke Nazionalean, bertako gidari adituarekin. Bazkaria eta garraioa Sabana de la mar-en barne daude.<\/p>","protected":false},"featured_media":16644,"template":"","meta":[],"product_brand":[],"product_cat":[1096],"product_tag":[1097],"class_list":{"0":"post-16647","1":"product","2":"type-product","3":"status-publish","4":"has-post-thumbnail","6":"product_cat-haitises","7":"product_tag-haitises","9":"first","10":"instock","11":"shipping-taxable","12":"product-type-external"},"_links":{"self":[{"href":"https:\/\/ballenajorobada.com\/eu\/wp-json\/wp\/v2\/product\/16647","targetHints":{"allow":["GET"]}}],"collection":[{"href":"https:\/\/ballenajorobada.com\/eu\/wp-json\/wp\/v2\/product"}],"about":[{"href":"https:\/\/ballenajorobada.com\/eu\/wp-json\/wp\/v2\/types\/product"}],"wp:featuredmedia":[{"embeddable":true,"href":"https:\/\/ballenajorobada.com\/eu\/wp-json\/wp\/v2\/media\/16644"}],"wp:attachment":[{"href":"https:\/\/ballenajorobada.com\/eu\/wp-json\/wp\/v2\/media?parent=16647"}],"wp:term":[{"taxonomy":"product_brand","embeddable":true,"href":"https:\/\/ballenajorobada.com\/eu\/wp-json\/wp\/v2\/product_brand?post=16647"},{"taxonomy":"product_cat","embeddable":true,"href":"https:\/\/ballenajorobada.com\/eu\/wp-json\/wp\/v2\/product_cat?post=16647"},{"taxonomy":"product_tag","embeddable":true,"href":"https:\/\/ballenajorobada.com\/eu\/wp-json\/wp\/v2\/product_tag?post=16647"}],"curies":[{"name":"wp","href":"https:\/\/api.w.org\/{rel}","templated":true}]}}