{"id":8344,"date":"2019-03-23T12:18:46","date_gmt":"2019-03-23T12:18:46","guid":{"rendered":"https:\/\/www.ticketswhales.com\/?post_type=product&#038;p=8344"},"modified":"2025-02-02T17:01:47","modified_gmt":"2025-02-02T17:01:47","slug":"bacardi-island-cayo-levantado-day-pass","status":"publish","type":"product","link":"https:\/\/ballenajorobada.com\/eu\/Tours-Excursions\/bazkaria\/bacardi-irla-cayo-levantado-eguneko-pasea","title":{"rendered":"Cayo Levantado eguneko irteera"},"content":{"rendered":"<section class=\"wpb-content-wrapper\"><div class=\"vc_row wpb_row vc_row-fluid\" ><div class=\"wpb_column vc_column_container vc_col-sm-12\"><div class=\"vc_column-inner\"><div class=\"wpb_wrapper\">\n\t<div class=\"wpb_text_column wpb_content_element\" >\n\t\t<div class=\"wpb_wrapper\">\n\t\t\t<p><span style=\"vertical-align: inherit;\"><span style=\"vertical-align: inherit;\"><\/p>\n\n\t\t<\/div>\n\t<\/div>\n<\/div><\/div><\/div><\/div><div class=\"vc_row wpb_row vc_row-fluid\" ><div class=\"wpb_column vc_column_container vc_col-sm-12\"><div class=\"vc_column-inner\"><div class=\"wpb_wrapper\"><\/div><\/div><\/div><div class=\"mkdf-section-title-holder\" style=\"text-align: left\">\n\t<div class=\"mkdf-st-inner\">\n\t\t\t\t\t<h5 class=\"mkdf-st-subtitle\" >\n\t\t\t\tAlmuerzo y nataci\u00f3n en la playa\t\t\t<\/h5>\n\t\t\t\t\t\t\t<h3 class=\"mkdf-st-title\" >\n\t\t\t\tPase de un d\u00eda a la isla Bacard\u00ed (Cayo Levantado)\t\t\t<\/h3>\n\t\t\t\t\t<\/div>\n<\/div><div class=\"vc_row wpb_row vc_row-fluid\" ><\/div><\/div>[\/vc_row]<div class=\"vc_row wpb_row vc_row-fluid\" ><div class=\"wpb_column vc_column_container vc_col-sm-12\"><div class=\"vc_column-inner\"><div class=\"wpb_wrapper\"><\/div><\/div><\/div><\/div><div class=\"vc_row wpb_row vc_row-fluid\" ><div class=\"wpb_column vc_column_container vc_col-sm-12\"><div class=\"vc_column-inner\"><div class=\"wpb_wrapper\"><div class=\"vc_btn3-container vc_btn3-inline\" ><button class=\"vc_general vc_btn3 vc_btn3-size-md vc_btn3-shape-rounded vc_btn3-style-modern vc_btn3-color-green\">ERRESERBATU ORAIN<\/button><\/div><\/div><\/div><\/div><\/div><div class=\"wpb_column vc_column_container vc_col-sm-12\"><div class=\"vc_column-inner\"><div class=\"wpb_wrapper\"><\/div><\/div><\/div><div class=\"vc_empty_space\"   style=\"height: 32px\"><span class=\"vc_empty_space_inner\"><\/span><\/div><div class=\"vc_row wpb_row vc_row-fluid\" ><\/div><div class=\"wpb_column vc_column_container vc_col-sm-12\"><div class=\"vc_column-inner\"><div class=\"wpb_wrapper\"><\/div><\/div><\/div>\n\t<div class=\"wpb_text_column wpb_content_element\" >\n\t\t<div class=\"wpb_wrapper\">\n\t\t\t<p>\u00a0<\/span><\/span><\/p>\n<h4><b><i><span style=\"vertical-align: inherit;\"><span style=\"vertical-align: inherit;\">Ikuspegi orokorra <\/span><\/span><\/i><\/b><\/h4>\n<p>Gure <em>eguna pasatzen da<\/em>\u00a0a gastatu nahi duen edonorentzat dira\u00a0<em>eguna<\/em> Dominikar Errepublikako hondartza ederrenetako batean. Aske ibiltzeko, igeri egiteko, erlaxatzeko, hozteko, boleibolean jolasteko, argazkiak ateratzeko, snorkela egiteko, hondartzaz gozatzeko edo, besterik gabe, itzalpean etzanda eta edari freskagarri bat hartzen (Pi\u00f1a Colada, Coco Loco, Cuba Libre, etab.)<\/p>\n<ul>\n<li style=\"font-weight: 400;\"><span style=\"font-weight: 400;\">Buffet bazkaria hondartzan barne<\/span><\/li>\n<li>Pina Colada bat alkoholarekin edo gabe heldu bakoitzeko.<\/li>\n<li>Itsasontzien transferentzia<\/li>\n<li style=\"font-weight: 400;\"><span style=\"font-weight: 400;\">Kapitainak instrukzioa eta gainbegiratzea ematen du<\/span><\/li>\n<\/ul>\n<p>&nbsp;<\/p>\n<h4><b>Inklusioak eta bazterketak<\/b><\/h4>\n<p>&nbsp;<\/p>\n<p><b>Inklusioak<\/b><\/p>\n<ol>\n<li>Pina Colada bat alkoholarekin edo gabe heldu bakoitzeko.<\/li>\n<li style=\"font-weight: 400;\"><span style=\"font-weight: 400;\">Buffet bazkaria hondartzan<\/span><\/li>\n<li style=\"font-weight: 400;\"><span style=\"font-weight: 400;\">Zerga, tasa eta kudeaketa-gastu guztiak<\/span><\/li>\n<li style=\"font-weight: 400;\"><span style=\"font-weight: 400;\">Tokiko zergak<\/span><\/li>\n<li style=\"font-weight: 400;\"><span style=\"font-weight: 400;\">Edariak<\/span><\/li>\n<\/ol>\n<p><b> Bazterketak<\/b><\/p>\n<ol>\n<li style=\"font-weight: 400;\"><span style=\"font-weight: 400;\">Doanak<\/span><\/li>\n<li style=\"font-weight: 400;\"><span style=\"font-weight: 400;\">Transferentzia Autoa<\/span><\/li>\n<li style=\"font-weight: 400;\"><span style=\"font-weight: 400;\">Edari alkoholdunak<\/span><\/li>\n<li>Tokiko Gida<\/li>\n<\/ol>\n<p>&nbsp;<\/p>\n<h4><em><strong>Irteera eta Itzulera<\/strong><\/em><\/h4>\n<p><span style=\"font-weight: 400;\">Bidaiariak bilgune bat lortuko du Erreserba Prozesuaren ondoren. Bisitak gure topaguneetan hasi eta amaitu.<\/span><\/p>\n<p>&nbsp;<\/p>\n<h4><b><i>Zer espero?<\/i><\/b><\/h4>\n<p>&nbsp;<\/p>\n<p><em><strong>Eskuratu zure sarrerak<\/strong><\/em> Samanan Bacardi uhartean (Cayo Levantado) eguneko pasea gehi bazkari eta hondartzarako denbora zoragarria.<\/p>\n<p><span style=\"font-weight: 400;\">\u201cReserba Abenturak\u201d-k antolatutako Daypass-a Tour Gidariarekin ezarritako topagunetik hasten da. <\/span>Bazkaria hondartzan eta nahi adina egon zaitezke igerian. Beganoa bazara, janaria ere ezar dezakegu.<\/p>\n<p><strong>Ordutegia:<\/strong><\/p>\n<p>8:45 - 16:30<\/p>\n<p>&nbsp;<\/p>\n<h4><em><strong>Zer ekarri beharko zenuke?<\/strong><\/em><\/h4>\n<ul>\n<li style=\"font-weight: 400;\"><span style=\"font-weight: 400;\">Kamera<\/span><\/li>\n<li style=\"font-weight: 400;\"><span style=\"font-weight: 400;\">Kimuak uxatzeko<\/span><\/li>\n<li style=\"font-weight: 400;\"><span style=\"font-weight: 400;\">eguzkitako krema<\/span><\/li>\n<li style=\"font-weight: 400;\"><span style=\"font-weight: 400;\">Txapela<\/span><\/li>\n<li style=\"font-weight: 400;\"><span style=\"font-weight: 400;\">Praka erosoak<\/span><\/li>\n<li style=\"font-weight: 400;\"><span style=\"font-weight: 400;\">Basorako mendiko oinetakoak<\/span><\/li>\n<li style=\"font-weight: 400;\"><span style=\"font-weight: 400;\">Sandaliak hondartzara<\/span><\/li>\n<li style=\"font-weight: 400;\"><span style=\"font-weight: 400;\">Igeriketa arropa<\/span><\/li>\n<li>Oroigarrietarako dirua<\/li>\n<\/ul>\n<p>&nbsp;<\/p>\n<h4><b><i>Hoteleko bilketa <\/i><\/b><\/h4>\n<p><span style=\"font-weight: 400;\">Bisita honetarako ez da hoteleko bilketa eskaintzen. <\/span><\/p>\n<p>&nbsp;<\/p>\n<p><b>Ohar:<\/b><span style=\"font-weight: 400;\"> Txangoaren irteera ordutik 24 orduko epean erreserbatzen baduzu, hoteleko bilketa egin dezakegu aparteko karguekin. Erosketa amaitutakoan, harremanetarako informazio osoa bidaliko dizugu (telefono zenbakia, helbide elektronikoa, etab.) gure tokiko Tour gidari bilketa-antolaketak antola ditzan.<\/span><\/p>\n<h4><b><i>Informazio gehigarria berrespena <\/i><\/b><\/h4>\n<ol>\n<li>Sarrerak Tour hau ordaindu ondoren ordainagiria dira. Ordainketa zure telefonoan erakutsi dezakezu.<\/li>\n<li style=\"font-weight: 400;\"><span style=\"font-weight: 400;\">Topagunea Erreserba Prozesuaren ondoren jasoko da.<\/span><\/li>\n<li style=\"font-weight: 400;\"><span style=\"font-weight: 400;\">Haurrak heldu batekin joan behar dira.<\/span><\/li>\n<li style=\"font-weight: 400;\"><span style=\"font-weight: 400;\">gurpil-aulkirako sarbidea <\/span><\/li>\n<li style=\"font-weight: 400;\"><span style=\"font-weight: 400;\">Haurrak magalean eseri behar dira <\/span><\/li>\n<li style=\"font-weight: 400;\"><span style=\"font-weight: 400;\">Bidaiari gehienek parte har dezakete<\/span><\/li>\n<\/ol>\n<h4><b><i>Baliogabetze politika<\/i><\/b><\/h4>\n<p>Itzulketa osoa lortzeko, irakurri gure Ezeztapen-politikak\u00a0<a href=\"https:\/\/www.ticketswhales.com\/online-booking\/\" target=\"_blank\" rel=\"noopener\" data-saferedirecturl=\"https:\/\/www.google.com\/url?q=https:\/\/www.ticketswhales.com\/online-booking\/&amp;source=gmail&amp;ust=1672532492004000&amp;usg=AOvVaw3ylqI1cdbIPTimEqEWneyd\">Klikatu hemen<\/a>. Funtsak galduko dira erreserba bidaiaren egun berean bertan behera uzten bada.<\/p>\n\n\t\t<\/div>\n\t<\/div>\n<div class=\"vc_row wpb_row vc_row-fluid\" ><\/div><div class=\"wpb_column vc_column_container vc_col-sm-12\"><div class=\"vc_column-inner\"><div class=\"wpb_wrapper\"><\/div><\/div><\/div><div class=\"vc_empty_space\"   style=\"height: 32px\"><span class=\"vc_empty_space_inner\"><\/span><\/div><div class=\"vc_empty_space\"   style=\"height: 32px\"><span class=\"vc_empty_space_inner\"><\/span><\/div><div class=\"vc_row wpb_row vc_row-fluid\" ><\/div><div class=\"wpb_column vc_column_container vc_col-sm-12\"><div class=\"vc_column-inner\"><div class=\"wpb_wrapper\"><\/div><\/div><\/div><div class=\"vc_row wpb_row vc_row-fluid\" ><div class=\"wpb_column vc_column_container vc_col-sm-12\"><div class=\"vc_column-inner\"><div class=\"wpb_wrapper\"><div class=\"vc_btn3-container vc_btn3-inline\" ><button class=\"vc_general vc_btn3 vc_btn3-size-md vc_btn3-shape-rounded vc_btn3-style-modern vc_btn3-color-green\">ERRESERBATU ORAIN<\/button><\/div><\/div><\/div><\/div><\/div>\n<\/section>","protected":false},"excerpt":{"rendered":"<p><span style=\"vertical-align: inherit;\"><span style=\"vertical-align: inherit;\">\u00a1Excursi\u00f3n de un d\u00eda a la playa de la isla Bacard\u00ed (Cayo Levantado)! <\/span><span style=\"vertical-align: inherit;\">Consiga sus entradas y almuerce en la playa. <\/span><span style=\"vertical-align: inherit;\">Traslado en barco o catamar\u00e1n todos los d\u00edas a la isla de Bacardi. <\/span><span style=\"vertical-align: inherit;\">Visite la bah\u00eda de Saman\u00e1 y reserve hoy esta oferta.<\/span><\/span><\/p>\n<p>&nbsp;<\/p>\n<p><em><strong><span style=\"vertical-align: inherit;\"><span style=\"vertical-align: inherit;\">Aukeratu la fecha para el tour\u00a0<\/span><\/span><\/strong><\/em><\/p>","protected":false},"featured_media":16828,"template":"","meta":[],"product_brand":[],"product_cat":[255,655,170,160,253,254],"product_tag":[184,183,328,311,177,186,199,200,187],"class_list":{"0":"post-8344","1":"product","2":"type-product","3":"status-publish","4":"has-post-thumbnail","6":"product_cat-tours-excursions-samana-bay-dominican-republic","7":"product_cat-1-samana","8":"product_cat-local-tour-guides","9":"product_cat-lunch","10":"product_cat-tours-and-excursions","11":"product_cat-tours-excursions-los-haitises-national-park","12":"product_tag-bacardi-island","13":"product_tag-beach-time","14":"product_tag-cayo-levantado-day-pass","15":"product_tag-cayo-levantado-tour","16":"product_tag-locals-guides","17":"product_tag-samana","18":"product_tag-samana-bay","19":"product_tag-samana-excursions","20":"product_tag-samana-tours","22":"first","23":"instock","24":"sale","25":"featured","26":"sold-individually","27":"shipping-taxable","28":"product-type-external"},"_links":{"self":[{"href":"https:\/\/ballenajorobada.com\/eu\/wp-json\/wp\/v2\/product\/8344","targetHints":{"allow":["GET"]}}],"collection":[{"href":"https:\/\/ballenajorobada.com\/eu\/wp-json\/wp\/v2\/product"}],"about":[{"href":"https:\/\/ballenajorobada.com\/eu\/wp-json\/wp\/v2\/types\/product"}],"wp:featuredmedia":[{"embeddable":true,"href":"https:\/\/ballenajorobada.com\/eu\/wp-json\/wp\/v2\/media\/16828"}],"wp:attachment":[{"href":"https:\/\/ballenajorobada.com\/eu\/wp-json\/wp\/v2\/media?parent=8344"}],"wp:term":[{"taxonomy":"product_brand","embeddable":true,"href":"https:\/\/ballenajorobada.com\/eu\/wp-json\/wp\/v2\/product_brand?post=8344"},{"taxonomy":"product_cat","embeddable":true,"href":"https:\/\/ballenajorobada.com\/eu\/wp-json\/wp\/v2\/product_cat?post=8344"},{"taxonomy":"product_tag","embeddable":true,"href":"https:\/\/ballenajorobada.com\/eu\/wp-json\/wp\/v2\/product_tag?post=8344"}],"curies":[{"name":"wp","href":"https:\/\/api.w.org\/{rel}","templated":true}]}}