{"id":644,"date":"2017-08-07T13:32:44","date_gmt":"2017-08-07T13:32:44","guid":{"rendered":"http:\/\/roam.mikado-themes.com\/?page_id=644"},"modified":"2020-07-11T14:29:40","modified_gmt":"2020-07-11T14:29:40","slug":"what-we-offer","status":"publish","type":"page","link":"https:\/\/ballenajorobada.com\/fi\/mita-me-tarjoamme","title":{"rendered":"Mit\u00e4 me tarjoamme"},"content":{"rendered":"<section class=\"wpb-content-wrapper\"><div class=\"mkdf-row-grid-section-wrapper\"  ><div class=\"mkdf-row-grid-section\"><div class=\"vc_row wpb_row vc_row-fluid vc_custom_1591875763632\" ><div class=\"wpb_column vc_column_container vc_col-sm-12\"><div class=\"vc_column-inner\"><div class=\"wpb_wrapper\"><div class=\"mkdf-section-title-holder\" style=\"text-align: center\">\n\t<div class=\"mkdf-st-inner\">\n\t\t\t\t\t<h5 class=\"mkdf-st-subtitle\" >\n\t\t\t\tOlemme erilaisia ...\t\t\t<\/h5>\n\t\t\t\t\t\t\t<h3 class=\"mkdf-st-title\" style=\"color: #444444\">\n\t\t\t\tKoska me v\u00e4lit\u00e4mme\t\t\t<\/h3>\n\t\t\t\t\t\t\t<p class=\"mkdf-st-text\" style=\"font-size: 16px\">\n\t\t\t\tEmme vain kohtele asiakkaitamme Dominikaanisen tasavallan vierailijoina, vaan n\u00e4emme heid\u00e4t kansainv\u00e4lisin\u00e4 matkailijoina, jotka odottavat el\u00e4m\u00e4ns\u00e4 lomaa, ja sit\u00e4 me tarjoamme! Asiantuntijatiimimme edistyksellinen ja dynaaminen l\u00e4hestymistapa takaa, ett\u00e4 voit olla varma 100%-sitoumuksestamme tarjota saumatonta ja ammattitaitoista palvelua sinulle, yst\u00e4villesi tai perheellesi.\t\t\t<\/p>\n\t\t\t<\/div>\n<\/div><div class=\"vc_separator wpb_content_element vc_separator_align_center vc_sep_width_100 vc_sep_pos_align_center vc_custom_1592667744152 vc_separator-has-text\" ><span class=\"vc_sep_holder vc_sep_holder_l\"><span style=\"border-color:#ff681a;\" class=\"vc_sep_line\"><\/span><\/span><h4>Satoja retki\u00e4, matkoja ja aktiviteetteja, joiden avulla voit nauttia Dominikaanisesta tasavallasta maksimissaan!<\/h4><span class=\"vc_sep_holder vc_sep_holder_r\"><span style=\"border-color:#ff681a;\" class=\"vc_sep_line\"><\/span><\/span>\n<\/div><\/div><\/div><\/div><\/div><\/div><\/div><div class=\"mkdf-row-grid-section-wrapper mkdf-content-aligment-center\"  ><div class=\"mkdf-row-grid-section\"><div class=\"vc_row wpb_row vc_row-fluid vc_custom_1591875648069\" ><div class=\"wpb_column vc_column_container vc_col-sm-6\"><div class=\"vc_column-inner\"><div class=\"wpb_wrapper\"><div class=\"mkdf-iwt clearfix  mkdf-iwt-icon-top mkdf-iwt-icon-medium\">\n\t<div class=\"mkdf-iwt-icon\">\n\t\t\t\t\t\t\t\t\t    <span class=\"mkdf-icon-shortcode mkdf-circle   mkdf-icon-medium\" style=\"width: 100px;height: 100px;line-height: 100px;background-color: #ff681a\" data-color=\"#ffffff\">\n                    <span aria-hidden=\"true\" class=\"mkdf-icon-font-elegant icon_chat mkdf-icon-element\" style=\"color: #ffffff;font-size:34px\" ><\/span>\n                            <span class=\"mkdf-icon-shortcode-hover-layer\" ><\/span>\n            \n            <\/span>\n\t\t\t\t\t\t<\/div>\n\t<div class=\"mkdf-iwt-content\" >\n\t\t\t\t\t<h6 class=\"mkdf-iwt-title\" >\n\t\t\t\t\t\t\t\t<span class=\"mkdf-iwt-title-text\">Paikalliset matkaoppaat<\/span>\n\t\t\t\t\t\t\t<\/h6>\n\t\t\t\t\t\t\t<p class=\"mkdf-iwt-text\" >Ammattitaitoiset matkanjohtajat, jotka puhuvat kielt\u00e4si<\/p>\n\t\t\t<\/div>\n<\/div><div class=\"vc_empty_space\"   style=\"height: 40px\"><span class=\"vc_empty_space_inner\"><\/span><\/div><\/div><\/div><\/div><div class=\"wpb_column vc_column_container vc_col-sm-6\"><div class=\"vc_column-inner\"><div class=\"wpb_wrapper\"><div class=\"mkdf-iwt clearfix  mkdf-iwt-icon-top mkdf-iwt-icon-medium\">\n\t<div class=\"mkdf-iwt-icon\">\n\t\t\t\t\t\t\t\t\t    <span class=\"mkdf-icon-shortcode mkdf-circle   mkdf-icon-medium\" style=\"width: 100px;height: 100px;line-height: 100px;background-color: #ff681a\" data-color=\"#ffffff\">\n                    <span aria-hidden=\"true\" class=\"mkdf-icon-font-elegant icon_pencil-edit mkdf-icon-element\" style=\"color: #ffffff;font-size:34px\" ><\/span>\n                            <span class=\"mkdf-icon-shortcode-hover-layer\" ><\/span>\n            \n            <\/span>\n\t\t\t\t\t\t<\/div>\n\t<div class=\"mkdf-iwt-content\" >\n\t\t\t\t\t<h6 class=\"mkdf-iwt-title\" >\n\t\t\t\t\t\t\t\t<span class=\"mkdf-iwt-title-text\">Mukautetut kokemukset<\/span>\n\t\t\t\t\t\t\t<\/h6>\n\t\t\t\t\t\t\t<p class=\"mkdf-iwt-text\" >Suunnittele oma kokemuksesi, joka on r\u00e4\u00e4t\u00e4l\u00f6ity kiinnostuksen kohteiden, tarpeiden ja budjetin mukaan.<\/p>\n\t\t\t<\/div>\n<\/div><div class=\"vc_empty_space\"   style=\"height: 40px\"><span class=\"vc_empty_space_inner\"><\/span><\/div><\/div><\/div><\/div><div class=\"wpb_column vc_column_container vc_col-sm-6\"><div class=\"vc_column-inner\"><div class=\"wpb_wrapper\"><div class=\"mkdf-iwt clearfix  mkdf-iwt-icon-top mkdf-iwt-icon-medium\">\n\t<div class=\"mkdf-iwt-icon\">\n\t\t\t\t\t\t\t\t\t    <span class=\"mkdf-icon-shortcode mkdf-circle   mkdf-icon-medium\" style=\"width: 100px;height: 100px;line-height: 100px;background-color: #ff681a\" data-color=\"#ffffff\">\n                    <i class=\"mkdf-icon-font-awesome fa fa-car mkdf-icon-element\" style=\"color: #ffffff;font-size:34px\" ><\/i>\n                            <span class=\"mkdf-icon-shortcode-hover-layer\" ><\/span>\n            \n            <\/span>\n\t\t\t\t\t\t<\/div>\n\t<div class=\"mkdf-iwt-content\" >\n\t\t\t\t\t<h6 class=\"mkdf-iwt-title\" >\n\t\t\t\t\t\t\t\t<span class=\"mkdf-iwt-title-text\">Yksityinen kuljetus<\/span>\n\t\t\t\t\t\t\t<\/h6>\n\t\t\t\t\t\t\t<p class=\"mkdf-iwt-text\" >Ammattitaitoiset kuljettajat, joiden ensisijainen huolenaihe on turvallisuutesi ja mukavuutesi.<\/p>\n\t\t\t<\/div>\n<\/div><div class=\"vc_empty_space\"   style=\"height: 40px\"><span class=\"vc_empty_space_inner\"><\/span><\/div><\/div><\/div><\/div><div class=\"wpb_column vc_column_container vc_col-sm-6\"><div class=\"vc_column-inner\"><div class=\"wpb_wrapper\"><div class=\"mkdf-iwt clearfix  mkdf-iwt-icon-top mkdf-iwt-icon-medium\">\n\t<div class=\"mkdf-iwt-icon\">\n\t\t\t\t\t\t\t\t\t    <span class=\"mkdf-icon-shortcode mkdf-circle   mkdf-icon-medium\" style=\"width: 100px;height: 100px;line-height: 100px;background-color: #ff681a\" data-color=\"#ffffff\">\n                    <span aria-hidden=\"true\" class=\"mkdf-icon-linear-icons lnr lnr-map-marker mkdf-icon-element\" style=\"color: #ffffff;font-size:34px\" ><\/span>\n                            <span class=\"mkdf-icon-shortcode-hover-layer\" ><\/span>\n            \n            <\/span>\n\t\t\t\t\t\t<\/div>\n\t<div class=\"mkdf-iwt-content\" >\n\t\t\t\t\t<h6 class=\"mkdf-iwt-title\" >\n\t\t\t\t\t\t\t\t<span class=\"mkdf-iwt-title-text\">Kauniita paikkoja<\/span>\n\t\t\t\t\t\t\t<\/h6>\n\t\t\t\t\t\t\t<p class=\"mkdf-iwt-text\" >Tutustu salaisiin paikkoihin kanssamme ja nauti omatoimisesti maksimaalisesti.<\/p>\n\t\t\t<\/div>\n<\/div><div class=\"vc_empty_space\"   style=\"height: 40px\"><span class=\"vc_empty_space_inner\"><\/span><\/div><\/div><\/div><\/div><\/div><\/div><\/div><div class=\"vc_row wpb_row vc_row-fluid\" ><div class=\"wpb_column vc_column_container vc_col-sm-12\"><div class=\"vc_column-inner vc_custom_1591878564878\"><div class=\"wpb_wrapper\"><div class=\"vc_separator wpb_content_element vc_separator_align_center vc_sep_width_100 vc_sep_border_width_2 vc_sep_pos_align_center vc_separator_no_text vc_custom_1591878577227  vc_custom_1591878577227\" ><span class=\"vc_sep_holder vc_sep_holder_l\"><span style=\"border-color:#ff681a;\" class=\"vc_sep_line\"><\/span><\/span><span class=\"vc_sep_holder vc_sep_holder_r\"><span style=\"border-color:#ff681a;\" class=\"vc_sep_line\"><\/span><\/span>\n<\/div><\/div><\/div><\/div><\/div><div class=\"mkdf-row-grid-section-wrapper\"  ><div class=\"mkdf-row-grid-section\"><div class=\"vc_row wpb_row vc_row-fluid vc_custom_1591878662778 vc_row-has-fill\" ><div class=\"wpb_column vc_column_container vc_col-sm-12 vc_col-has-fill\"><div class=\"vc_column-inner vc_custom_1591880860838\"><div class=\"wpb_wrapper\"><div class=\"mkdf-elements-holder   mkdf-two-columns  mkdf-responsive-mode-1024\" ><div class=\"mkdf-eh-item\"  data-item-class=\"mkdf-eh-custom-9661\" data-1024-1280=\"0px 5% 34px 0\" data-768-1024=\"78px 12% 19px 0\" data-680-768=\"78px 12% 19px 0\" data-680=\"78px 0% 19px 0\">\n\t<div class=\"mkdf-eh-item-inner\">\n\t\t<div class=\"mkdf-eh-item-content mkdf-eh-custom-9661\" style=\"padding: 0px 12% 41px 0\">\n\t\t\t<div class=\"mkdf-section-title-holder\" style=\"text-align: center\">\n\t<div class=\"mkdf-st-inner\">\n\t\t\t\t\t<h5 class=\"mkdf-st-subtitle\" >\n\t\t\t\tHelppo, nopea ja turvallinen\t\t\t<\/h5>\n\t\t\t\t\t\t\t<h3 class=\"mkdf-st-title\" >\n\t\t\t\tVaraa verkossa\t\t\t<\/h3>\n\t\t\t\t\t<\/div>\n<\/div><div class=\"vc_empty_space\"   style=\"height: 10px\"><span class=\"vc_empty_space_inner\"><\/span><\/div>\n\t<div class=\"wpb_text_column wpb_content_element\" >\n\t\t<div class=\"wpb_wrapper\">\n\t\t\t<p>Online-varaus on helppoa, nopeaa ja turvallista kanssamme. <strong>Tarjoamme 3 eri maksutapaa<\/strong>. Varaa verkossa retkesi tai retkesi ja <strong>varaa paikkasi<\/strong>. Jos tarvitset apua, ota yhteytt\u00e4 asiakaspalveluumme, joka on verkossa 24\/7, valmiina auttamaan sinua. <strong>Lue lis\u00e4\u00e4<\/strong> varausprosessista kanssamme.<\/p>\n<p style=\"text-align: center;\"><a href=\"https:\/\/ballenajorobada.com\/fi\/online-varaukset\/\"><a itemprop=\"url\" href=\"https:\/\/ballenajorobada.com\/fi\/online-varaukset\/\" target=\"_self\"  class=\"mkdf-btn mkdf-btn-large mkdf-btn-solid mkdf-btn-custom-hover-bg mkdf-btn-custom-hover-color\" data-hover-color=\"#ffffff\" data-hover-bg-color=\"#000000\" >\n    <span class=\"mkdf-btn-text\">Lue lis\u00e4\u00e4<\/span>\n    <i class=\"mkdf-icon-font-awesome fa\" ><\/i><\/a><\/a><\/p>\n\n\t\t<\/div>\n\t<\/div>\n\t\t<\/div>\n\t<\/div>\n<\/div><div class=\"mkdf-eh-item\"  data-item-class=\"mkdf-eh-custom-7505\" data-1024-1280=\"95px 1% 115px\" data-768-1024=\"40px 0 115px\" data-680-768=\"40px 0 115px\" data-680=\"40px 0 115px\">\n\t<div class=\"mkdf-eh-item-inner\">\n\t\t<div class=\"mkdf-eh-item-content mkdf-eh-custom-7505\" style=\"padding: 95px 0 115px\">\n\t\t\t<div class=\"mkdf-progress-bar\">\n\t<h6 class=\"mkdf-pb-title-holder\" >\n\t\t<span class=\"mkdf-pb-title\">NOPEA VARAUS<\/span>\n\t\t<span class=\"mkdf-pb-percent\">0<\/span>\n\t<\/h6>\n\t<div class=\"mkdf-pb-content-holder\" >\n\t\t<div data-percentage=\"100\" class=\"mkdf-pb-content\" ><\/div>\n\t<\/div>\n<\/div><div class=\"vc_empty_space\"   style=\"height: 20px\"><span class=\"vc_empty_space_inner\"><\/span><\/div><div class=\"mkdf-progress-bar\">\n\t<h6 class=\"mkdf-pb-title-holder\" >\n\t\t<span class=\"mkdf-pb-title\">SAFE &amp; SECURE Maksaminen<\/span>\n\t\t<span class=\"mkdf-pb-percent\">0<\/span>\n\t<\/h6>\n\t<div class=\"mkdf-pb-content-holder\" >\n\t\t<div data-percentage=\"100\" class=\"mkdf-pb-content\" ><\/div>\n\t<\/div>\n<\/div><div class=\"vc_empty_space\"   style=\"height: 20px\"><span class=\"vc_empty_space_inner\"><\/span><\/div><div class=\"mkdf-progress-bar\">\n\t<h6 class=\"mkdf-pb-title-holder\" >\n\t\t<span class=\"mkdf-pb-title\">Peruutuksen suojaus<\/span>\n\t\t<span class=\"mkdf-pb-percent\">0<\/span>\n\t<\/h6>\n\t<div class=\"mkdf-pb-content-holder\" >\n\t\t<div data-percentage=\"100\" class=\"mkdf-pb-content\" ><\/div>\n\t<\/div>\n<\/div><div class=\"vc_empty_space\"   style=\"height: 20px\"><span class=\"vc_empty_space_inner\"><\/span><\/div><div class=\"mkdf-progress-bar\">\n\t<h6 class=\"mkdf-pb-title-holder\" >\n\t\t<span class=\"mkdf-pb-title\">TUKITOIMINTA<\/span>\n\t\t<span class=\"mkdf-pb-percent\">0<\/span>\n\t<\/h6>\n\t<div class=\"mkdf-pb-content-holder\" >\n\t\t<div data-percentage=\"100\" class=\"mkdf-pb-content\" ><\/div>\n\t<\/div>\n<\/div>\t\t<\/div>\n\t<\/div>\n<\/div><\/div><\/div><\/div><\/div><\/div><\/div><\/div><div class=\"vc_row wpb_row vc_row-fluid\" ><div class=\"wpb_column vc_column_container vc_col-sm-12\"><div class=\"vc_column-inner vc_custom_1591880937669\"><div class=\"wpb_wrapper\"><div class=\"vc_separator wpb_content_element vc_separator_align_center vc_sep_width_100 vc_sep_border_width_2 vc_sep_pos_align_center vc_separator_no_text\" ><span class=\"vc_sep_holder vc_sep_holder_l\"><span style=\"border-color:#ff681a;\" class=\"vc_sep_line\"><\/span><\/span><span class=\"vc_sep_holder vc_sep_holder_r\"><span style=\"border-color:#ff681a;\" class=\"vc_sep_line\"><\/span><\/span>\n<\/div><\/div><\/div><\/div><\/div><div class=\"vc_row wpb_row vc_row-fluid\" ><div class=\"wpb_column vc_column_container vc_col-sm-12\"><div class=\"vc_column-inner\"><div class=\"wpb_wrapper\"><div class=\"mkdf-section-title-holder\" style=\"text-align: center\">\n\t<div class=\"mkdf-st-inner\">\n\t\t\t\t\t<h5 class=\"mkdf-st-subtitle\" >\n\t\t\t\tTutustu paikallisiin yrityksiin\t\t\t<\/h5>\n\t\t\t\t\t\t\t<h3 class=\"mkdf-st-title\" >\n\t\t\t\tL\u00f6yd\u00e4 huippuluokitellut ravintolat, kaupat ja paikat, joihin menn\u00e4\t\t\t<\/h3>\n\t\t\t\t\t<\/div>\n<\/div><div class=\"vc_empty_space\"   style=\"height: 32px\"><span class=\"vc_empty_space_inner\"><\/span><\/div><\/div><\/div><\/div><\/div><div class=\"vc_row wpb_row vc_row-fluid vc_custom_1594477758900 vc_row-o-full-height vc_row-o-columns-middle vc_row-flex\" style=\"background-image: url(https:\/\/ballenajorobada.com\/wp-content\/uploads\/2017\/08\/home-2-slider-image-1-4.jpg)\"><div class=\"wpb_column vc_column_container vc_col-sm-12\"><div class=\"vc_column-inner vc_custom_1591878623025\"><div class=\"wpb_wrapper\"><div class=\"mkdf-elements-holder   mkdf-five-columns  mkdf-responsive-mode-1024\" ><div class=\"mkdf-eh-item   mkdf-horizontal-alignment-center\"  data-item-class=\"mkdf-eh-custom-4949\"   data-768-1024=\"0 0 40px\" data-680-768=\"0 0 40px\" data-680=\"0 0 40px\">\n\t<div class=\"mkdf-eh-item-inner\">\n\t\t<div class=\"mkdf-eh-item-content mkdf-eh-custom-4949\" style=\"padding: 0\">\n\t\t\t<div class=\"mkdf-counter-holder\">\n\t<div class=\"mkdf-counter-inner\">\n\t\t\t\t\t<span class=\"mkdf-counter mkdf-zero-counter\" style=\"font-size: 65px;color: #ffffff\">100<\/span>\n\t\t\t\t\t\t\t<span class=\"mkdf-counter-symbol\" style=\"font-size: 65px;color: #ffffff\">\n\t\t\t+\t\t<\/span>\n\t\t\t\t\t\t\t\t\t\t<h6 class=\"mkdf-counter-title\" style=\"color: #ffffff\">\n\t\t\t\tRETKET &amp; RETKET\t\t\t<\/h6>\n\t\t\t\t\t<\/div>\n<\/div><div class=\"vc_empty_space\"   style=\"height: 100px\"><span class=\"vc_empty_space_inner\"><\/span><\/div><div class=\"mkdf-counter-holder\">\n\t<div class=\"mkdf-counter-inner\">\n\t\t\t\t\t<span class=\"mkdf-counter mkdf-zero-counter\" style=\"font-size: 65px;color: #ffffff\">10<\/span>\n\t\t\t\t\t\t\t<span class=\"mkdf-counter-symbol\" style=\"font-size: 65px;color: #ffffff\">\n\t\t\tK\t\t<\/span>\n\t\t\t\t\t\t\t\t\t\t<h6 class=\"mkdf-counter-title\" style=\"color: #ffffff\">\n\t\t\t\tSHOPPING\t\t\t<\/h6>\n\t\t\t\t\t<\/div>\n<\/div><div class=\"vc_empty_space\"   style=\"height: 80px\"><span class=\"vc_empty_space_inner\"><\/span><\/div>\t\t<\/div>\n\t<\/div>\n<\/div><div class=\"mkdf-eh-item   mkdf-horizontal-alignment-center\"  data-item-class=\"mkdf-eh-custom-5074\"   data-768-1024=\"0 0 40px\" data-680-768=\"0 0 40px\" data-680=\"0 0 40px\">\n\t<div class=\"mkdf-eh-item-inner\">\n\t\t<div class=\"mkdf-eh-item-content mkdf-eh-custom-5074\" style=\"padding: 0\">\n\t\t\t<div class=\"mkdf-counter-holder\">\n\t<div class=\"mkdf-counter-inner\">\n\t\t\t\t\t<span class=\"mkdf-counter mkdf-zero-counter\" style=\"font-size: 65px;color: #ffffff\">500<\/span>\n\t\t\t\t\t\t\t<span class=\"mkdf-counter-symbol\" style=\"font-size: 65px;color: #ffffff\">\n\t\t\t+\t\t<\/span>\n\t\t\t\t\t\t\t\t\t\t<h6 class=\"mkdf-counter-title\" style=\"color: #ffffff\">\n\t\t\t\tSIIRROT\t\t\t<\/h6>\n\t\t\t\t\t<\/div>\n<\/div><div class=\"vc_empty_space\"   style=\"height: 100px\"><span class=\"vc_empty_space_inner\"><\/span><\/div><div class=\"mkdf-counter-holder\">\n\t<div class=\"mkdf-counter-inner\">\n\t\t\t\t\t<span class=\"mkdf-counter mkdf-zero-counter\" style=\"font-size: 65px;color: #ffffff\">5000<\/span>\n\t\t\t\t\t\t\t<span class=\"mkdf-counter-symbol\" style=\"font-size: 65px;color: #ffffff\">\n\t\t\t+\t\t<\/span>\n\t\t\t\t\t\t\t\t\t\t<h6 class=\"mkdf-counter-title\" style=\"color: #ffffff\">\n\t\t\t\tRAVINTOLAT\t\t\t<\/h6>\n\t\t\t\t\t<\/div>\n<\/div><div class=\"vc_empty_space\"   style=\"height: 80px\"><span class=\"vc_empty_space_inner\"><\/span><\/div>\t\t<\/div>\n\t<\/div>\n<\/div><div class=\"mkdf-eh-item   mkdf-horizontal-alignment-center\"  data-item-class=\"mkdf-eh-custom-5794\"   data-768-1024=\"0 0 40px\" data-680-768=\"0 0 40px\" data-680=\"0 0 40px\">\n\t<div class=\"mkdf-eh-item-inner\">\n\t\t<div class=\"mkdf-eh-item-content mkdf-eh-custom-5794\" style=\"padding: 0\">\n\t\t\t<div class=\"mkdf-counter-holder\">\n\t<div class=\"mkdf-counter-inner\">\n\t\t\t\t\t<span class=\"mkdf-counter mkdf-zero-counter\" style=\"font-size: 65px;color: #ffffff\">11<\/span>\n\t\t\t\t\t\t\t<span class=\"mkdf-counter-symbol\" style=\"font-size: 65px;color: #ffffff\">\n\t\t\tK\t\t<\/span>\n\t\t\t\t\t\t\t\t\t\t<h6 class=\"mkdf-counter-title\" style=\"color: #ffffff\">\n\t\t\t\tMAJOITUS\t\t\t<\/h6>\n\t\t\t\t\t<\/div>\n<\/div><div class=\"vc_empty_space\"   style=\"height: 100px\"><span class=\"vc_empty_space_inner\"><\/span><\/div><div class=\"mkdf-counter-holder\">\n\t<div class=\"mkdf-counter-inner\">\n\t\t\t\t\t<span class=\"mkdf-counter mkdf-zero-counter\" style=\"font-size: 65px;color: #ffffff\">100<\/span>\n\t\t\t\t\t\t\t<span class=\"mkdf-counter-symbol\" style=\"font-size: 65px;color: #ffffff\">\n\t\t\t+\t\t<\/span>\n\t\t\t\t\t\t\t\t\t\t<h6 class=\"mkdf-counter-title\" style=\"color: #ffffff\">\n\t\t\t\tTAPAHTUMAT\t\t\t<\/h6>\n\t\t\t\t\t<\/div>\n<\/div><div class=\"vc_empty_space\"   style=\"height: 80px\"><span class=\"vc_empty_space_inner\"><\/span><\/div>\t\t<\/div>\n\t<\/div>\n<\/div><div class=\"mkdf-eh-item   mkdf-horizontal-alignment-center\"  data-item-class=\"mkdf-eh-custom-8250\"   data-768-1024=\"0 0 40px\" data-680-768=\"0 0 40px\" data-680=\"0 0 40px\">\n\t<div class=\"mkdf-eh-item-inner\">\n\t\t<div class=\"mkdf-eh-item-content mkdf-eh-custom-8250\" style=\"padding: 0\">\n\t\t\t<div class=\"mkdf-counter-holder\">\n\t<div class=\"mkdf-counter-inner\">\n\t\t\t\t\t<span class=\"mkdf-counter mkdf-zero-counter\" style=\"font-size: 65px;color: #ffffff\">100<\/span>\n\t\t\t\t\t\t\t<span class=\"mkdf-counter-symbol\" style=\"font-size: 65px;color: #ffffff\">\n\t\t\tK\t\t<\/span>\n\t\t\t\t\t\t\t\t\t\t<h6 class=\"mkdf-counter-title\" style=\"color: #ffffff\">\n\t\t\t\tPAIKAT\t\t\t<\/h6>\n\t\t\t\t\t<\/div>\n<\/div><div class=\"vc_empty_space\"   style=\"height: 100px\"><span class=\"vc_empty_space_inner\"><\/span><\/div><div class=\"mkdf-counter-holder\">\n\t<div class=\"mkdf-counter-inner\">\n\t\t\t\t\t<span class=\"mkdf-counter mkdf-zero-counter\" style=\"font-size: 65px;color: #ffffff\">20<\/span>\n\t\t\t\t\t\t\t<span class=\"mkdf-counter-symbol\" style=\"font-size: 65px;color: #ffffff\">\n\t\t\tK\t\t<\/span>\n\t\t\t\t\t\t\t\t\t\t<h6 class=\"mkdf-counter-title\" style=\"color: #ffffff\">\n\t\t\t\tMUUT PALVELUT\t\t\t<\/h6>\n\t\t\t\t\t<\/div>\n<\/div><div class=\"vc_empty_space\"   style=\"height: 90px\"><span class=\"vc_empty_space_inner\"><\/span><\/div>\t\t<\/div>\n\t<\/div>\n<\/div><\/div><\/div><\/div><\/div><\/div><div class=\"vc_row wpb_row vc_row-fluid vc_custom_1591880412702\" ><div class=\"wpb_column vc_column_container vc_col-sm-12\"><div class=\"vc_column-inner\"><div class=\"wpb_wrapper\"><div class=\"mkdf-section-title-holder\" style=\"text-align: center\">\n\t<div class=\"mkdf-st-inner\">\n\t\t\t\t\t<h5 class=\"mkdf-st-subtitle\" >\n\t\t\t\tDominikaaninen tasavalta\t\t\t<\/h5>\n\t\t\t\t\t\t\t<h3 class=\"mkdf-st-title\" >\n\t\t\t\tUusi hanke Silven International\t\t\t<\/h3>\n\t\t\t\t\t\t\t<p class=\"mkdf-st-text\" >\n\t\t\t\tKaikki yhdess\u00e4 paikassa! L\u00f6yd\u00e4 huippuluokiteltu ravintola, y\u00f6pymispaikat, hotellit jne. Tarkista parhaat ostospaikat, l\u00f6yd\u00e4 kaikki palvelut. Mainosta yrityksesi ilmaiseksi kanssamme.\t\t\t<\/p>\n\t\t\t<\/div>\n<\/div><div class=\"vc_empty_space\"   style=\"height: 40px\"><span class=\"vc_empty_space_inner\"><\/span><\/div><\/div><\/div><\/div><\/div><div data-vc-full-width=\"true\" data-vc-full-width-init=\"false\" data-vc-parallax=\"1.5\" data-vc-parallax-o-fade=\"on\" data-vc-parallax-image=\"\" class=\"vc_row wpb_row vc_row-fluid vc_row-has-fill vc_row-o-full-height vc_row-o-columns-middle vc_row-flex vc_general vc_parallax vc_parallax-content-moving-fade js-vc_parallax-o-fade\" ><div class=\"wpb_column vc_column_container vc_col-sm-12\"><div class=\"vc_column-inner vc_custom_1591808456895\"><div class=\"wpb_wrapper\"><div class=\"vc_row wpb_row vc_inner vc_row-fluid\" ><div class=\"wpb_column vc_column_container vc_col-sm-6\"><div class=\"vc_column-inner\"><div class=\"wpb_wrapper\">\n\t<div class=\"wpb_text_column wpb_content_element\" >\n\t\t<div class=\"wpb_wrapper\">\n\t\t\t<h3><span style=\"color: #ffffff;\">Tehosta liiketoimintaasi<\/span><\/h3>\n<p><span style=\"color: #ffffff;\">Olemme t\u00e4yden palvelun paikallisia v\u00e4litt\u00e4ji\u00e4, jotka osaavat l\u00f6yt\u00e4\u00e4 ihmiset ja kodit yhdess\u00e4. K\u00e4yt\u00e4mme verkkoty\u00f6kaluja, joilla on vertaansa vailla oleva hakuominaisuus, jotta voit toimia \u00e4lykk\u00e4\u00e4mmin ja nopeammin. T\u00e4m\u00e4n seurauksena saat listaus Hotellit, Ravintolat, Kuljetukset, Tours &amp; Excursions tukea costumers.<\/span><\/p>\n<h3><span style=\"color: #ffffff;\">Vaadi listat<\/span><\/h3>\n<p><span style=\"color: #ffffff;\">Paikallisten pienyritysten tukemiseksi meill\u00e4 on mahdollisuus vaatia omaa yrityst\u00e4si, kuten hotellia, ravintolaa, markkinoita ymp\u00e4ri Dominikaanista tasavaltaa.<\/span><\/p>\n<p>&nbsp;<\/p>\n<p style=\"text-align: left;\"><a itemprop=\"url\" href=\"https:\/\/dominican-republic-hotels.com\/\" target=\"_self\" style=\"color: #ffffff;font-size: 14px\" class=\"mkdf-btn mkdf-btn-large mkdf-btn-solid mkdf-btn-custom-hover-color\" data-hover-color=\"#000000\" rel=\"noopener\">\n    <span class=\"mkdf-btn-text\">Aloita<\/span>\n    <i class=\"mkdf-icon-font-awesome fa\" ><\/i><\/a><\/p>\n\n\t\t<\/div>\n\t<\/div>\n<\/div><\/div><\/div><div class=\"wpb_column vc_column_container vc_col-sm-6\"><div class=\"vc_column-inner\"><div class=\"wpb_wrapper\"><\/div><\/div><\/div><div class=\"wpb_column vc_column_container vc_col-sm-12\"><div class=\"vc_column-inner\"><div class=\"wpb_wrapper\"><\/div><\/div><\/div><\/div><\/div><\/div><\/div><\/div><div class=\"vc_row-full-width vc_clearfix\"><\/div><div class=\"vc_row wpb_row vc_row-fluid\" ><div class=\"wpb_column vc_column_container vc_col-sm-4\"><div class=\"vc_column-inner\"><div class=\"wpb_wrapper\"><div class=\"mkdf-iwt clearfix  mkdf-iwt-icon-top mkdf-iwt-icon-medium\">\n\t<div class=\"mkdf-iwt-icon\">\n\t\t\t\t\t\t\t\t\t<img loading=\"lazy\" decoding=\"async\" width=\"65\" height=\"65\" src=\"https:\/\/ballenajorobada.com\/wp-content\/uploads\/2020\/06\/hp-24-7-customer-support.png\" class=\"attachment-full size-full\" alt=\"\" title=\"\">\t\t\t\t\t\t<\/div>\n\t<div class=\"mkdf-iwt-content\" >\n\t\t\t\t\t<h6 class=\"mkdf-iwt-title\" >\n\t\t\t\t\t\t\t\t<span class=\"mkdf-iwt-title-text\">24\/7 ASIAKASTUKI<\/span>\n\t\t\t\t\t\t\t<\/h6>\n\t\t\t\t\t<\/div>\n<\/div><div class=\"vc_empty_space\"   style=\"height: 40px\"><span class=\"vc_empty_space_inner\"><\/span><\/div><\/div><\/div><\/div><div class=\"wpb_column vc_column_container vc_col-sm-4\"><div class=\"vc_column-inner\"><div class=\"wpb_wrapper\"><div class=\"mkdf-iwt clearfix  mkdf-iwt-icon-top mkdf-iwt-icon-medium\">\n\t<div class=\"mkdf-iwt-icon\">\n\t\t\t\t\t\t\t\t\t<img loading=\"lazy\" decoding=\"async\" width=\"65\" height=\"65\" src=\"https:\/\/ballenajorobada.com\/wp-content\/uploads\/2020\/06\/hp-verified-customer-reviews.png\" class=\"attachment-full size-full\" alt=\"\" title=\"\">\t\t\t\t\t\t<\/div>\n\t<div class=\"mkdf-iwt-content\" >\n\t\t\t\t\t<h6 class=\"mkdf-iwt-title\" >\n\t\t\t\t\t\t\t\t<span class=\"mkdf-iwt-title-text\">TARKISTETUT ASIAKKAIDEN ARVOSTELUT<\/span>\n\t\t\t\t\t\t\t<\/h6>\n\t\t\t\t\t<\/div>\n<\/div><div class=\"vc_empty_space\"   style=\"height: 40px\"><span class=\"vc_empty_space_inner\"><\/span><\/div><\/div><\/div><\/div><div class=\"wpb_column vc_column_container vc_col-sm-4\"><div class=\"vc_column-inner\"><div class=\"wpb_wrapper\"><div class=\"mkdf-iwt clearfix  mkdf-iwt-icon-top mkdf-iwt-icon-medium\">\n\t<div class=\"mkdf-iwt-icon\">\n\t\t\t\t\t\t\t\t\t<img loading=\"lazy\" decoding=\"async\" width=\"65\" height=\"65\" src=\"https:\/\/ballenajorobada.com\/wp-content\/uploads\/2020\/06\/hp-hand-picked-guides.png\" class=\"attachment-full size-full\" alt=\"\" title=\"\">\t\t\t\t\t\t<\/div>\n\t<div class=\"mkdf-iwt-content\" >\n\t\t\t\t\t<h6 class=\"mkdf-iwt-title\" >\n\t\t\t\t\t\t\t\t<span class=\"mkdf-iwt-title-text\">ALHAISIMMAT HINNAT<\/span>\n\t\t\t\t\t\t\t<\/h6>\n\t\t\t\t\t<\/div>\n<\/div><div class=\"vc_empty_space\"   style=\"height: 40px\"><span class=\"vc_empty_space_inner\"><\/span><\/div><\/div><\/div><\/div><\/div>\n<\/section>","protected":false},"excerpt":{"rendered":"We are different ... Because we care We don't simply treat our clients as visitors to Dominican Republic, we see them as international travelers awaiting the vacation of a lifetime and that is what we deliver! The progressive and dynamic approach of our team of experts ensures that you can be assured of our 100% commitment to providing a seamless and professional service to you, your friends or family. Hundreds of excursions, tours and activities for you to enjoy the [...]","protected":false},"author":2,"featured_media":0,"parent":0,"menu_order":0,"comment_status":"closed","ping_status":"closed","template":"full-width.php","meta":{"footnotes":""},"class_list":["post-644","page","type-page","status-publish","hentry"],"_links":{"self":[{"href":"https:\/\/ballenajorobada.com\/fi\/wp-json\/wp\/v2\/pages\/644","targetHints":{"allow":["GET"]}}],"collection":[{"href":"https:\/\/ballenajorobada.com\/fi\/wp-json\/wp\/v2\/pages"}],"about":[{"href":"https:\/\/ballenajorobada.com\/fi\/wp-json\/wp\/v2\/types\/page"}],"author":[{"embeddable":true,"href":"https:\/\/ballenajorobada.com\/fi\/wp-json\/wp\/v2\/users\/2"}],"replies":[{"embeddable":true,"href":"https:\/\/ballenajorobada.com\/fi\/wp-json\/wp\/v2\/comments?post=644"}],"version-history":[{"count":0,"href":"https:\/\/ballenajorobada.com\/fi\/wp-json\/wp\/v2\/pages\/644\/revisions"}],"wp:attachment":[{"href":"https:\/\/ballenajorobada.com\/fi\/wp-json\/wp\/v2\/media?parent=644"}],"curies":[{"name":"wp","href":"https:\/\/api.w.org\/{rel}","templated":true}]}}