{"id":9613,"date":"2019-10-11T07:35:12","date_gmt":"2019-10-11T07:35:12","guid":{"rendered":"https:\/\/www.ticketswhales.com\/?post_type=product&#038;p=9613"},"modified":"2025-02-02T17:12:54","modified_gmt":"2025-02-02T17:12:54","slug":"samana-day-trip-from-punta-cana-el-limon-waterfall-and-bacardi-island","status":"publish","type":"product","link":"https:\/\/ballenajorobada.com\/fi\/Tours-Excursions\/horse-riding-to-waterfalls\/samana-paivaretki-punta-cana-el-limon-vesiputous-ja-bacardi-saari","title":{"rendered":"Punta Cana: Lim\u00f3nin vesiputous ja Bacardin saari."},"content":{"rendered":"<section class=\"wpb-content-wrapper\"><div class=\"vc_row wpb_row vc_row-fluid\" ><div class=\"wpb_column vc_column_container vc_col-sm-12\"><div class=\"vc_column-inner\"><div class=\"wpb_wrapper\"><div class=\"mkdf-section-title-holder\" style=\"text-align: left\">\n\t<div class=\"mkdf-st-inner\">\n\t\t\t\t\t<h5 class=\"mkdf-st-subtitle\" >\n\t\t\t\t(Nouto Punta Canasta)\t\t\t<\/h5>\n\t\t\t\t\t\t\t<h3 class=\"mkdf-st-title\" >\n\t\t\t\tSamanan p\u00e4iv\u00e4retki Punta Canasta - El Limonin vesiputous ja Bacardin saari\t\t\t<\/h3>\n\t\t\t\t\t<\/div>\n<\/div><div class=\"vc_empty_space\"   style=\"height: 32px\"><span class=\"vc_empty_space_inner\"><\/span><\/div>\n\t<div class=\"wpb_text_column wpb_content_element\" >\n\t\t<div class=\"wpb_wrapper\">\n\t\t\t<div class=\"vc_row wpb_row vc_row-fluid\">\n<div class=\"wpb_column vc_column_container vc_col-sm-12\">\n<div class=\"vc_column-inner\">\n<div class=\"wpb_wrapper\">\n<div class=\"mkdf-section-title-holder\">\n<div class=\"mkdf-st-inner\">\n<h5 class=\"mkdf-st-subtitle\">(Nouto Punta Canasta)<\/h5>\n<h3 class=\"mkdf-st-title\">Samana-p\u00e4iv\u00e4retki Punta Canasta - El Limonin vesiputous ja Bacardi Island<\/h3>\n<\/div>\n<\/div>\n<\/div>\n<\/div>\n<\/div>\n<\/div>\n<div class=\"vc_row wpb_row vc_row-fluid\"><\/div>\n<div class=\"wpb_column vc_column_container vc_col-sm-12\">\n<div class=\"vc_column-inner\">\n<div class=\"wpb_wrapper\"><\/div>\n<\/div>\n<\/div>\n<div class=\"wpb_text_column wpb_content_element\">\n<div class=\"wpb_wrapper\"><\/div>\n<\/div>\n<h4><a id=\"overview\" class=\"aal_anchor\" href=\"https:\/\/bookingadventures.com.do\/dominicantour\/samana-day-trip-from-punta-cana-el-limon-waterfall-and-bacardi-island\/#overview\" aria-hidden=\"true\" rel=\"noopener\"><\/a><b><i>Yleiskatsaus<\/i><\/b><\/h4>\n<p>Jos olet Punta Canassa tai Bavarossa ja haluat tehd\u00e4 p\u00e4iv\u00e4retken, joka maksaa v\u00e4hemm\u00e4n kuin tavallisesti, varaa t\u00e4m\u00e4 matka. T\u00e4m\u00e4n matkan aikana viemme sinut Samanaan, jossa sinut vied\u00e4\u00e4n katamaraanilla Sabana de la Mariin, Hato Mayorin kyl\u00e4\u00e4n, Los Haitisesin kansallispuiston taloon. T\u00e4m\u00e4 matka sis\u00e4lt\u00e4\u00e4 vierailun Samanan ja El Limonin yhteis\u00f6iss\u00e4, joissa voit ratsastaa tai patikoida vesiputoukselle heti Samana Bayn ylityksen j\u00e4lkeen. Lounas tarjoillaan Bacardi Islandilla. Matkat alkavat klo 6.00 ja p\u00e4\u00e4ttyv\u00e4t klo 18.30. Tee varauksesi nyt!<\/p>\n<p>T\u00e4m\u00e4n kokemuksen j\u00e4lkeen viemme sinut hotelliisi.<\/p>\n<ul>\n<li>Maksut sis\u00e4ltyv\u00e4t<\/li>\n<li>Lounas rannalla sis\u00e4ltyy hintaan<\/li>\n<li>Siirto sis\u00e4ltyy hintaan<\/li>\n<li>Oppaassa annetaan ohjeita ja valvontaa<\/li>\n<\/ul>\n<p>&nbsp;<\/p>\n<h4><a id=\"inclusions-exclusions\" class=\"aal_anchor\" href=\"https:\/\/bookingadventures.com.do\/dominicantour\/samana-day-trip-from-punta-cana-el-limon-waterfall-and-bacardi-island\/#inclusions-exclusions\" aria-hidden=\"true\" rel=\"noopener\"><\/a><b>Sis\u00e4llytykset ja poissulkemiset<\/b><\/h4>\n<p>&nbsp;<\/p>\n<p><b>Sis\u00e4llytykset<\/b><\/p>\n<p>&nbsp;<\/p>\n<ol>\n<li>Hotellin nouto<\/li>\n<li>Saman\u00e1 Bay<\/li>\n<li>Bacardi-saari, ranta ja lounas<\/li>\n<li>Safari kohteeseen El Lim\u00f3n<\/li>\n<li>Ratsastus tai vaellus vesiputouksille<\/li>\n<li>Dominikaaniset cocktailit<\/li>\n<li>Kaikki verot, maksut ja k\u00e4sittelykulut<\/li>\n<li>Paikalliset verot<\/li>\n<li>Juomat<\/li>\n<li>Kaikki toiminnot<\/li>\n<li>Paikallinen opas<\/li>\n<\/ol>\n<p><b>Poikkeukset<\/b><\/p>\n<ol>\n<li>Juomarahat<\/li>\n<li>Alkoholijuomat cocktailien j\u00e4lkeen<\/li>\n<\/ol>\n<p>&nbsp;<\/p>\n<h4><a id=\"departure-return\" class=\"aal_anchor\" href=\"https:\/\/bookingadventures.com.do\/dominicantour\/samana-day-trip-from-punta-cana-el-limon-waterfall-and-bacardi-island\/#departure-return\" aria-hidden=\"true\" rel=\"noopener\"><\/a><em><strong>L\u00e4ht\u00f6 &amp; paluu<\/strong><\/em><\/h4>\n<p>Matkustaja saa tapaamispaikan varausprosessin j\u00e4lkeen. Kierrokset alkavat ja p\u00e4\u00e4ttyv\u00e4t kohtaamispaikoissamme.<\/p>\n<p>&nbsp;<\/p>\n<h3><a id=\"samana-day-trip-from-punta-cana-el-limon-waterfall-and-bacardi-island\" class=\"aal_anchor\" href=\"https:\/\/bookingadventures.com.do\/dominicantour\/samana-day-trip-from-punta-cana-el-limon-waterfall-and-bacardi-island\/#samana-day-trip-from-punta-cana-el-limon-waterfall-and-bacardi-island\" aria-hidden=\"true\" rel=\"noopener\"><\/a>Samana-p\u00e4iv\u00e4retki Punta Canasta - El Limonin vesiputous ja Bacardi Island<\/h3>\n<h4><a id=\"what-to-expect\" class=\"aal_anchor\" href=\"https:\/\/bookingadventures.com.do\/dominicantour\/samana-day-trip-from-punta-cana-el-limon-waterfall-and-bacardi-island\/#what-to-expect\" aria-hidden=\"true\" rel=\"noopener\"><\/a><b><i>Mit\u00e4 odottaa?<\/i><\/b><\/h4>\n<p>&nbsp;<\/p>\n<p><strong>Hanki lippusi nyt<\/strong>. Vesiputoukset, ratsastus, vaellus ja safarikierros, uinti Natural Springsiss\u00e4, lounas Bacardi Islandilla ja muut hauskat aktiviteetit odottavat sinua.<\/p>\n<p>L\u00e4hdemme Punta Canasta bussilla ja suuntaamme Samana Bayn satamaan. Satamassa saavuttuamme nousemme veneen tai katamaraanin kyytiin paikallisten matkaoppaiden kanssa, jotka ohjaavat sinut Samanan yhteis\u00f6\u00f6n. T\u00e4ss\u00e4 yhteis\u00f6ss\u00e4 Safari Tour vie sinut ymp\u00e4riins\u00e4 opettaen sinulle t\u00e4m\u00e4n kaupungin historiasta. Mutta t\u00e4ss\u00e4 ei viel\u00e4 kaikki, El Limonin vesiputous on seuraava, t\u00e4\u00e4ll\u00e4 voit uida ja vaeltaa tai ratsastaa. El Limonin vesiputous on upea luonnonmuistomerkki, jossa on trooppista mets\u00e4\u00e4 ja kirkkaita luonnonl\u00e4hteit\u00e4. Paluumatkalla Samanaan pys\u00e4hdymme Bacardin saarella, jossa tarjoillaan lounas ja p\u00e4\u00e4set uimaan yhdess\u00e4 Dominikaanisen tasavallan luonnollisimmista uima-altaista.<\/p>\n<p>&nbsp;<\/p>\n<p>Jos haluat muuttaa t\u00e4t\u00e4 matkaa lyhyemm\u00e4ksi tai pidemm\u00e4ksi, ota meihin yhteytt\u00e4.<\/p>\n<p>&nbsp;<\/p>\n<h4><a id=\"what-you-should-bring\" class=\"aal_anchor\" href=\"https:\/\/bookingadventures.com.do\/dominicantour\/samana-day-trip-from-punta-cana-el-limon-waterfall-and-bacardi-island\/#what-you-should-bring\" aria-hidden=\"true\" rel=\"noopener\"><\/a><em><strong>Mit\u00e4 kannattaa ottaa mukaan?<\/strong><\/em><\/h4>\n<ul>\n<li>Kamera<\/li>\n<li>Hylkiv\u00e4 silmut<\/li>\n<li>aurinkovoide<\/li>\n<li>Hattu<\/li>\n<li>Mukavat housut<\/li>\n<li>Vaelluskeng\u00e4t mets\u00e4\u00e4n<\/li>\n<li>Sandaalit kev\u00e4\u00e4n alueille.<\/li>\n<li>Uima-asu<\/li>\n<\/ul>\n<p>&nbsp;<\/p>\n<h4><a id=\"hotel-pickup\" class=\"aal_anchor\" href=\"https:\/\/bookingadventures.com.do\/dominicantour\/samana-day-trip-from-punta-cana-el-limon-waterfall-and-bacardi-island\/#hotel-pickup\" aria-hidden=\"true\" rel=\"noopener\"><\/a><b><i>Hotellin nouto<\/i><\/b><\/h4>\n<p>Matkustajan nouto on tarjolla!<\/p>\n<p>Teemme nouto kaikista hotelleista Punta Canassa. Noutopaikka on hotellin aula<br \/>\nJos majoitut alueella sijaitsevassa huoneistossa, noudamme sinut huoneistosta tai l\u00e4himm\u00e4n lomakeskuksen sis\u00e4\u00e4nk\u00e4ynnilt\u00e4... Asetamme Poimi yhteytt\u00e4 meihin Whatsappilla.<\/p>\n<p><b>Huom:<\/b>\u00a0Jos varaus tehd\u00e4\u00e4n 24 tunnin kuluessa matkan\/retken l\u00e4ht\u00f6ajasta, voimme j\u00e4rjest\u00e4\u00e4 noutoj\u00e4rjestelyj\u00e4 hotellista. Kun ostoksesi on tehty, l\u00e4het\u00e4mme sinulle t\u00e4ydelliset yhteystiedot (puhelinnumero, s\u00e4hk\u00f6postiosoite jne.) paikalliselle matkaoppaallemme noutoj\u00e4rjestelyjen j\u00e4rjest\u00e4miseksi.<\/p>\n<h4><a id=\"additional-info-confirmation\" class=\"aal_anchor\" href=\"https:\/\/bookingadventures.com.do\/dominicantour\/samana-day-trip-from-punta-cana-el-limon-waterfall-and-bacardi-island\/#additional-info-confirmation\" aria-hidden=\"true\" rel=\"noopener\"><\/a><b><i>Lis\u00e4tietoja Vahvistus<\/i><\/b><\/h4>\n<ol>\n<li>Liput ovat kuitti maksettuasi t\u00e4m\u00e4n Tour. Voit n\u00e4ytt\u00e4\u00e4 maksun puhelimellasi.<\/li>\n<li>Kokouspaikka saadaan varausprosessin j\u00e4lkeen.<\/li>\n<li>Lasten mukana on oltava aikuinen.<\/li>\n<li>Ei esteet\u00f6n py\u00f6r\u00e4tuolilla<\/li>\n<li>Pikkulasten on istuttava syliss\u00e4<\/li>\n<li>Ei suositella matkustajille, joilla on selk\u00e4vaivoja<\/li>\n<li>Ei suositella raskaana oleville matkustajille<\/li>\n<li>Ei syd\u00e4nongelmia tai muita vakavia sairauksia<\/li>\n<li>Useimmat matkustajat voivat osallistua<\/li>\n<\/ol>\n\n\t\t<\/div>\n\t<\/div>\n<\/div><\/div><\/div><\/div><div class=\"wpb_column vc_column_container vc_col-sm-12\"><div class=\"vc_column-inner\"><div class=\"wpb_wrapper\"><\/div><\/div><\/div><div class=\"wpb_column vc_column_container vc_col-sm-12\"><div class=\"vc_column-inner\"><div class=\"wpb_wrapper\"><\/div><\/div><\/div>\n<\/section>","protected":false},"excerpt":{"rendered":"<p>Jos olet Punta Canassa tai Bavarossa ja haluat tehd\u00e4 p\u00e4iv\u00e4retken tavallista v\u00e4hemm\u00e4n maksamalla, varaa t\u00e4m\u00e4 matka. T\u00e4m\u00e4n matkan aikana viemme sinut Samanaan, jossa sinut vied\u00e4\u00e4n katamaraanilla Sabana de la Mariin, Hato Mayorin kuntaan, Los Haitisesin kansallispuiston kotipaikkaan. T\u00e4m\u00e4 matka sis\u00e4lt\u00e4\u00e4 safarikierroksen, katamaraanin, vesiputous- ja rantauinnin ja paljon muuta. Matka alkaa klo 6.00 ja p\u00e4\u00e4ttyy klo 18.30.<\/p>\n<p><strong>Valitse kierroksen p\u00e4iv\u00e4m\u00e4\u00e4r\u00e4\u00a0<\/strong><\/p>","protected":false},"featured_media":17131,"template":"","meta":[],"product_brand":[],"product_cat":[456,948,961,959,189,972,963,190,307,253,254,255],"product_tag":[184,183,384,223,382,380,185,381,222,175,383,186,458,457,200,187],"class_list":{"0":"post-9613","1":"product","2":"type-product","3":"status-publish","4":"has-post-thumbnail","6":"product_cat-day-trips","7":"product_cat-1-punta-cana","8":"product_cat-el-limon-horseback-riding","9":"product_cat-el-limon-punta-cana","10":"product_cat-horse-riding-to-waterfalls","11":"product_cat-punta-cana-group-tours","12":"product_cat-punta-cana-samana-day-trips","13":"product_cat-safari-samana","14":"product_cat-salto-el-limon-and-bacardi-island","15":"product_cat-tours-and-excursions","16":"product_cat-tours-excursions-los-haitises-national-park","17":"product_cat-tours-excursions-samana-bay-dominican-republic","18":"product_tag-bacardi-island","19":"product_tag-beach-time","20":"product_tag-cascada-el-limon-salto-el-limon-samana-republica-dominicana","21":"product_tag-cayo-levantado","22":"product_tag-el-limon-waterfall-bacardi-island-from-punta-cana","23":"product_tag-el-limon-waterfall-and-bacardi-island-tour-from-punta-cana","24":"product_tag-el-limon-waterfalls","25":"product_tag-guided-adventures","26":"product_tag-punta-cana","27":"product_tag-sabana-de-la-mar","28":"product_tag-salto-de-limon-punta-cana","29":"product_tag-samana","30":"product_tag-samana-day-trip-from-punta-cana","31":"product_tag-samana-day-trip-from-punta-cana-el-limon-waterfall-and-bacardi-island","32":"product_tag-samana-excursions","33":"product_tag-samana-tours","35":"first","36":"instock","37":"sale","38":"shipping-taxable","39":"product-type-external"},"_links":{"self":[{"href":"https:\/\/ballenajorobada.com\/fi\/wp-json\/wp\/v2\/product\/9613","targetHints":{"allow":["GET"]}}],"collection":[{"href":"https:\/\/ballenajorobada.com\/fi\/wp-json\/wp\/v2\/product"}],"about":[{"href":"https:\/\/ballenajorobada.com\/fi\/wp-json\/wp\/v2\/types\/product"}],"wp:featuredmedia":[{"embeddable":true,"href":"https:\/\/ballenajorobada.com\/fi\/wp-json\/wp\/v2\/media\/17131"}],"wp:attachment":[{"href":"https:\/\/ballenajorobada.com\/fi\/wp-json\/wp\/v2\/media?parent=9613"}],"wp:term":[{"taxonomy":"product_brand","embeddable":true,"href":"https:\/\/ballenajorobada.com\/fi\/wp-json\/wp\/v2\/product_brand?post=9613"},{"taxonomy":"product_cat","embeddable":true,"href":"https:\/\/ballenajorobada.com\/fi\/wp-json\/wp\/v2\/product_cat?post=9613"},{"taxonomy":"product_tag","embeddable":true,"href":"https:\/\/ballenajorobada.com\/fi\/wp-json\/wp\/v2\/product_tag?post=9613"}],"curies":[{"name":"wp","href":"https:\/\/api.w.org\/{rel}","templated":true}]}}