{"id":644,"date":"2017-08-07T13:32:44","date_gmt":"2017-08-07T13:32:44","guid":{"rendered":"http:\/\/roam.mikado-themes.com\/?page_id=644"},"modified":"2020-07-11T14:29:40","modified_gmt":"2020-07-11T14:29:40","slug":"what-we-offer","status":"publish","type":"page","link":"https:\/\/ballenajorobada.com\/fr\/ce-que-nous-offrons","title":{"rendered":"Ce que nous offrons"},"content":{"rendered":"<section class=\"wpb-content-wrapper\"><div class=\"mkdf-row-grid-section-wrapper\"  ><div class=\"mkdf-row-grid-section\"><div class=\"vc_row wpb_row vc_row-fluid vc_custom_1591875763632\" ><div class=\"wpb_column vc_column_container vc_col-sm-12\"><div class=\"vc_column-inner\"><div class=\"wpb_wrapper\"><div class=\"mkdf-section-title-holder\" style=\"text-align: center\">\n\t<div class=\"mkdf-st-inner\">\n\t\t\t\t\t<h5 class=\"mkdf-st-subtitle\" >\n\t\t\t\tNous sommes diff\u00e9rents ...\t\t\t<\/h5>\n\t\t\t\t\t\t\t<h3 class=\"mkdf-st-title\" style=\"color: #444444\">\n\t\t\t\tParce que nous nous soucions\t\t\t<\/h3>\n\t\t\t\t\t\t\t<p class=\"mkdf-st-text\" style=\"font-size: 16px\">\n\t\t\t\tNous ne traitons pas simplement nos clients comme des visiteurs en R\u00e9publique dominicaine, nous les consid\u00e9rons comme des voyageurs internationaux attendant les vacances de leur vie et c&#039;est ce que nous offrons\u00a0! L&#039;approche progressive et dynamique de notre \u00e9quipe d&#039;experts garantit que vous pouvez \u00eatre assur\u00e9 de notre engagement 100% \u00e0 fournir un service transparent et professionnel \u00e0 vous, vos amis ou votre famille.\t\t\t<\/p>\n\t\t\t<\/div>\n<\/div><div class=\"vc_separator wpb_content_element vc_separator_align_center vc_sep_width_100 vc_sep_pos_align_center vc_custom_1592667744152 vc_separator-has-text\" ><span class=\"vc_sep_holder vc_sep_holder_l\"><span style=\"border-color:#ff681a;\" class=\"vc_sep_line\"><\/span><\/span><h4>Des centaines d&#039;excursions, de visites et d&#039;activit\u00e9s pour que vous puissiez profiter au maximum de la R\u00e9publique Dominicaine !<\/h4><span class=\"vc_sep_holder vc_sep_holder_r\"><span style=\"border-color:#ff681a;\" class=\"vc_sep_line\"><\/span><\/span>\n<\/div><\/div><\/div><\/div><\/div><\/div><\/div><div class=\"mkdf-row-grid-section-wrapper mkdf-content-aligment-center\"  ><div class=\"mkdf-row-grid-section\"><div class=\"vc_row wpb_row vc_row-fluid vc_custom_1591875648069\" ><div class=\"wpb_column vc_column_container vc_col-sm-6\"><div class=\"vc_column-inner\"><div class=\"wpb_wrapper\"><div class=\"mkdf-iwt clearfix  mkdf-iwt-icon-top mkdf-iwt-icon-medium\">\n\t<div class=\"mkdf-iwt-icon\">\n\t\t\t\t\t\t\t\t\t    <span class=\"mkdf-icon-shortcode mkdf-circle   mkdf-icon-medium\" style=\"width: 100px;height: 100px;line-height: 100px;background-color: #ff681a\" data-color=\"#ffffff\">\n                    <span aria-hidden=\"true\" class=\"mkdf-icon-font-elegant icon_chat mkdf-icon-element\" style=\"color: #ffffff;font-size:34px\" ><\/span>\n                            <span class=\"mkdf-icon-shortcode-hover-layer\" ><\/span>\n            \n            <\/span>\n\t\t\t\t\t\t<\/div>\n\t<div class=\"mkdf-iwt-content\" >\n\t\t\t\t\t<h6 class=\"mkdf-iwt-title\" >\n\t\t\t\t\t\t\t\t<span class=\"mkdf-iwt-title-text\">Guides touristiques locaux<\/span>\n\t\t\t\t\t\t\t<\/h6>\n\t\t\t\t\t\t\t<p class=\"mkdf-iwt-text\" >Des guides touristiques professionnels qui parlent votre langue<\/p>\n\t\t\t<\/div>\n<\/div><div class=\"vc_empty_space\"   style=\"height: 40px\"><span class=\"vc_empty_space_inner\"><\/span><\/div><\/div><\/div><\/div><div class=\"wpb_column vc_column_container vc_col-sm-6\"><div class=\"vc_column-inner\"><div class=\"wpb_wrapper\"><div class=\"mkdf-iwt clearfix  mkdf-iwt-icon-top mkdf-iwt-icon-medium\">\n\t<div class=\"mkdf-iwt-icon\">\n\t\t\t\t\t\t\t\t\t    <span class=\"mkdf-icon-shortcode mkdf-circle   mkdf-icon-medium\" style=\"width: 100px;height: 100px;line-height: 100px;background-color: #ff681a\" data-color=\"#ffffff\">\n                    <span aria-hidden=\"true\" class=\"mkdf-icon-font-elegant icon_pencil-edit mkdf-icon-element\" style=\"color: #ffffff;font-size:34px\" ><\/span>\n                            <span class=\"mkdf-icon-shortcode-hover-layer\" ><\/span>\n            \n            <\/span>\n\t\t\t\t\t\t<\/div>\n\t<div class=\"mkdf-iwt-content\" >\n\t\t\t\t\t<h6 class=\"mkdf-iwt-title\" >\n\t\t\t\t\t\t\t\t<span class=\"mkdf-iwt-title-text\">Exp\u00e9riences personnalis\u00e9es<\/span>\n\t\t\t\t\t\t\t<\/h6>\n\t\t\t\t\t\t\t<p class=\"mkdf-iwt-text\" >Concevez votre propre exp\u00e9rience adapt\u00e9e \u00e0 vos int\u00e9r\u00eats, besoins et budget<\/p>\n\t\t\t<\/div>\n<\/div><div class=\"vc_empty_space\"   style=\"height: 40px\"><span class=\"vc_empty_space_inner\"><\/span><\/div><\/div><\/div><\/div><div class=\"wpb_column vc_column_container vc_col-sm-6\"><div class=\"vc_column-inner\"><div class=\"wpb_wrapper\"><div class=\"mkdf-iwt clearfix  mkdf-iwt-icon-top mkdf-iwt-icon-medium\">\n\t<div class=\"mkdf-iwt-icon\">\n\t\t\t\t\t\t\t\t\t    <span class=\"mkdf-icon-shortcode mkdf-circle   mkdf-icon-medium\" style=\"width: 100px;height: 100px;line-height: 100px;background-color: #ff681a\" data-color=\"#ffffff\">\n                    <i class=\"mkdf-icon-font-awesome fa fa-car mkdf-icon-element\" style=\"color: #ffffff;font-size:34px\" ><\/i>\n                            <span class=\"mkdf-icon-shortcode-hover-layer\" ><\/span>\n            \n            <\/span>\n\t\t\t\t\t\t<\/div>\n\t<div class=\"mkdf-iwt-content\" >\n\t\t\t\t\t<h6 class=\"mkdf-iwt-title\" >\n\t\t\t\t\t\t\t\t<span class=\"mkdf-iwt-title-text\">Transfert priv\u00e9<\/span>\n\t\t\t\t\t\t\t<\/h6>\n\t\t\t\t\t\t\t<p class=\"mkdf-iwt-text\" >Des chauffeurs professionnels avec votre s\u00e9curit\u00e9 et votre confort comme premi\u00e8re pr\u00e9occupation<\/p>\n\t\t\t<\/div>\n<\/div><div class=\"vc_empty_space\"   style=\"height: 40px\"><span class=\"vc_empty_space_inner\"><\/span><\/div><\/div><\/div><\/div><div class=\"wpb_column vc_column_container vc_col-sm-6\"><div class=\"vc_column-inner\"><div class=\"wpb_wrapper\"><div class=\"mkdf-iwt clearfix  mkdf-iwt-icon-top mkdf-iwt-icon-medium\">\n\t<div class=\"mkdf-iwt-icon\">\n\t\t\t\t\t\t\t\t\t    <span class=\"mkdf-icon-shortcode mkdf-circle   mkdf-icon-medium\" style=\"width: 100px;height: 100px;line-height: 100px;background-color: #ff681a\" data-color=\"#ffffff\">\n                    <span aria-hidden=\"true\" class=\"mkdf-icon-linear-icons lnr lnr-map-marker mkdf-icon-element\" style=\"color: #ffffff;font-size:34px\" ><\/span>\n                            <span class=\"mkdf-icon-shortcode-hover-layer\" ><\/span>\n            \n            <\/span>\n\t\t\t\t\t\t<\/div>\n\t<div class=\"mkdf-iwt-content\" >\n\t\t\t\t\t<h6 class=\"mkdf-iwt-title\" >\n\t\t\t\t\t\t\t\t<span class=\"mkdf-iwt-title-text\">De beaux endroits<\/span>\n\t\t\t\t\t\t\t<\/h6>\n\t\t\t\t\t\t\t<p class=\"mkdf-iwt-text\" >D\u00e9couvrez des endroits secrets avec nous et profitez-en par vous-m\u00eame pour un maximum<\/p>\n\t\t\t<\/div>\n<\/div><div class=\"vc_empty_space\"   style=\"height: 40px\"><span class=\"vc_empty_space_inner\"><\/span><\/div><\/div><\/div><\/div><\/div><\/div><\/div><div class=\"vc_row wpb_row vc_row-fluid\" ><div class=\"wpb_column vc_column_container vc_col-sm-12\"><div class=\"vc_column-inner vc_custom_1591878564878\"><div class=\"wpb_wrapper\"><div class=\"vc_separator wpb_content_element vc_separator_align_center vc_sep_width_100 vc_sep_border_width_2 vc_sep_pos_align_center vc_separator_no_text vc_custom_1591878577227  vc_custom_1591878577227\" ><span class=\"vc_sep_holder vc_sep_holder_l\"><span style=\"border-color:#ff681a;\" class=\"vc_sep_line\"><\/span><\/span><span class=\"vc_sep_holder vc_sep_holder_r\"><span style=\"border-color:#ff681a;\" class=\"vc_sep_line\"><\/span><\/span>\n<\/div><\/div><\/div><\/div><\/div><div class=\"mkdf-row-grid-section-wrapper\"  ><div class=\"mkdf-row-grid-section\"><div class=\"vc_row wpb_row vc_row-fluid vc_custom_1591878662778 vc_row-has-fill\" ><div class=\"wpb_column vc_column_container vc_col-sm-12 vc_col-has-fill\"><div class=\"vc_column-inner vc_custom_1591880860838\"><div class=\"wpb_wrapper\"><div class=\"mkdf-elements-holder   mkdf-two-columns  mkdf-responsive-mode-1024\" ><div class=\"mkdf-eh-item\"  data-item-class=\"mkdf-eh-custom-6809\" data-1024-1280=\"0px 5% 34px 0\" data-768-1024=\"78px 12% 19px 0\" data-680-768=\"78px 12% 19px 0\" data-680=\"78px 0% 19px 0\">\n\t<div class=\"mkdf-eh-item-inner\">\n\t\t<div class=\"mkdf-eh-item-content mkdf-eh-custom-6809\" style=\"padding: 0px 12% 41px 0\">\n\t\t\t<div class=\"mkdf-section-title-holder\" style=\"text-align: center\">\n\t<div class=\"mkdf-st-inner\">\n\t\t\t\t\t<h5 class=\"mkdf-st-subtitle\" >\n\t\t\t\tFacile, rapide et s\u00e9curis\u00e9\t\t\t<\/h5>\n\t\t\t\t\t\t\t<h3 class=\"mkdf-st-title\" >\n\t\t\t\tR\u00e9servation en ligne\t\t\t<\/h3>\n\t\t\t\t\t<\/div>\n<\/div><div class=\"vc_empty_space\"   style=\"height: 10px\"><span class=\"vc_empty_space_inner\"><\/span><\/div>\n\t<div class=\"wpb_text_column wpb_content_element\" >\n\t\t<div class=\"wpb_wrapper\">\n\t\t\t<p>La r\u00e9servation en ligne est simple, rapide et s\u00e9curis\u00e9e avec nous. <strong>Nous proposons 3 modes de paiement diff\u00e9rents<\/strong>. R\u00e9servez en ligne votre Tour ou Excursion et <strong>r\u00e9servez votre place<\/strong>. Si vous avez besoin d&#039;aide, contactez simplement nos sp\u00e9cialistes du service client qui sont en ligne 24h\/24 et 7j\/7, pr\u00eats \u00e0 vous aider. <strong>Lire la suite<\/strong> sur le processus de r\u00e9servation avec nous.<\/p>\n<p style=\"text-align: center;\"><a href=\"https:\/\/ballenajorobada.com\/fr\/reservation-en-ligne\/\"><a itemprop=\"url\" href=\"https:\/\/ballenajorobada.com\/fr\/reservation-en-ligne\/\" target=\"_self\"  class=\"mkdf-btn mkdf-btn-large mkdf-btn-solid mkdf-btn-custom-hover-bg mkdf-btn-custom-hover-color\" data-hover-color=\"#ffffff\" data-hover-bg-color=\"#000000\" >\n    <span class=\"mkdf-btn-text\">Lire la suite<\/span>\n    <i class=\"mkdf-icon-font-awesome fa\" ><\/i><\/a><\/a><\/p>\n\n\t\t<\/div>\n\t<\/div>\n\t\t<\/div>\n\t<\/div>\n<\/div><div class=\"mkdf-eh-item\"  data-item-class=\"mkdf-eh-custom-4818\" data-1024-1280=\"95px 1% 115px\" data-768-1024=\"40px 0 115px\" data-680-768=\"40px 0 115px\" data-680=\"40px 0 115px\">\n\t<div class=\"mkdf-eh-item-inner\">\n\t\t<div class=\"mkdf-eh-item-content mkdf-eh-custom-4818\" style=\"padding: 95px 0 115px\">\n\t\t\t<div class=\"mkdf-progress-bar\">\n\t<h6 class=\"mkdf-pb-title-holder\" >\n\t\t<span class=\"mkdf-pb-title\">R\u00c9SERVATION RAPIDE<\/span>\n\t\t<span class=\"mkdf-pb-percent\">0<\/span>\n\t<\/h6>\n\t<div class=\"mkdf-pb-content-holder\" >\n\t\t<div data-percentage=\"100\" class=\"mkdf-pb-content\" ><\/div>\n\t<\/div>\n<\/div><div class=\"vc_empty_space\"   style=\"height: 20px\"><span class=\"vc_empty_space_inner\"><\/span><\/div><div class=\"mkdf-progress-bar\">\n\t<h6 class=\"mkdf-pb-title-holder\" >\n\t\t<span class=\"mkdf-pb-title\">Paiement S\u00dbR &amp; S\u00c9CURIS\u00c9<\/span>\n\t\t<span class=\"mkdf-pb-percent\">0<\/span>\n\t<\/h6>\n\t<div class=\"mkdf-pb-content-holder\" >\n\t\t<div data-percentage=\"100\" class=\"mkdf-pb-content\" ><\/div>\n\t<\/div>\n<\/div><div class=\"vc_empty_space\"   style=\"height: 20px\"><span class=\"vc_empty_space_inner\"><\/span><\/div><div class=\"mkdf-progress-bar\">\n\t<h6 class=\"mkdf-pb-title-holder\" >\n\t\t<span class=\"mkdf-pb-title\">PROTECTION Annulation<\/span>\n\t\t<span class=\"mkdf-pb-percent\">0<\/span>\n\t<\/h6>\n\t<div class=\"mkdf-pb-content-holder\" >\n\t\t<div data-percentage=\"100\" class=\"mkdf-pb-content\" ><\/div>\n\t<\/div>\n<\/div><div class=\"vc_empty_space\"   style=\"height: 20px\"><span class=\"vc_empty_space_inner\"><\/span><\/div><div class=\"mkdf-progress-bar\">\n\t<h6 class=\"mkdf-pb-title-holder\" >\n\t\t<span class=\"mkdf-pb-title\">\u00c9QUIPE DE SOUTIEN<\/span>\n\t\t<span class=\"mkdf-pb-percent\">0<\/span>\n\t<\/h6>\n\t<div class=\"mkdf-pb-content-holder\" >\n\t\t<div data-percentage=\"100\" class=\"mkdf-pb-content\" ><\/div>\n\t<\/div>\n<\/div>\t\t<\/div>\n\t<\/div>\n<\/div><\/div><\/div><\/div><\/div><\/div><\/div><\/div><div class=\"vc_row wpb_row vc_row-fluid\" ><div class=\"wpb_column vc_column_container vc_col-sm-12\"><div class=\"vc_column-inner vc_custom_1591880937669\"><div class=\"wpb_wrapper\"><div class=\"vc_separator wpb_content_element vc_separator_align_center vc_sep_width_100 vc_sep_border_width_2 vc_sep_pos_align_center vc_separator_no_text\" ><span class=\"vc_sep_holder vc_sep_holder_l\"><span style=\"border-color:#ff681a;\" class=\"vc_sep_line\"><\/span><\/span><span class=\"vc_sep_holder vc_sep_holder_r\"><span style=\"border-color:#ff681a;\" class=\"vc_sep_line\"><\/span><\/span>\n<\/div><\/div><\/div><\/div><\/div><div class=\"vc_row wpb_row vc_row-fluid\" ><div class=\"wpb_column vc_column_container vc_col-sm-12\"><div class=\"vc_column-inner\"><div class=\"wpb_wrapper\"><div class=\"mkdf-section-title-holder\" style=\"text-align: center\">\n\t<div class=\"mkdf-st-inner\">\n\t\t\t\t\t<h5 class=\"mkdf-st-subtitle\" >\n\t\t\t\tD\u00e9couvrez les entreprises locales\t\t\t<\/h5>\n\t\t\t\t\t\t\t<h3 class=\"mkdf-st-title\" >\n\t\t\t\tTrouvez les meilleurs restaurants, boutiques et lieux o\u00f9 aller\t\t\t<\/h3>\n\t\t\t\t\t<\/div>\n<\/div><div class=\"vc_empty_space\"   style=\"height: 32px\"><span class=\"vc_empty_space_inner\"><\/span><\/div><\/div><\/div><\/div><\/div><div class=\"vc_row wpb_row vc_row-fluid vc_custom_1594477758900 vc_row-o-full-height vc_row-o-columns-middle vc_row-flex\" style=\"background-image: url(https:\/\/ballenajorobada.com\/wp-content\/uploads\/2017\/08\/home-2-slider-image-1-4.jpg)\"><div class=\"wpb_column vc_column_container vc_col-sm-12\"><div class=\"vc_column-inner vc_custom_1591878623025\"><div class=\"wpb_wrapper\"><div class=\"mkdf-elements-holder   mkdf-five-columns  mkdf-responsive-mode-1024\" ><div class=\"mkdf-eh-item   mkdf-horizontal-alignment-center\"  data-item-class=\"mkdf-eh-custom-5416\"   data-768-1024=\"0 0 40px\" data-680-768=\"0 0 40px\" data-680=\"0 0 40px\">\n\t<div class=\"mkdf-eh-item-inner\">\n\t\t<div class=\"mkdf-eh-item-content mkdf-eh-custom-5416\" style=\"padding: 0\">\n\t\t\t<div class=\"mkdf-counter-holder\">\n\t<div class=\"mkdf-counter-inner\">\n\t\t\t\t\t<span class=\"mkdf-counter mkdf-zero-counter\" style=\"font-size: 65px;color: #ffffff\">100<\/span>\n\t\t\t\t\t\t\t<span class=\"mkdf-counter-symbol\" style=\"font-size: 65px;color: #ffffff\">\n\t\t\t+\t\t<\/span>\n\t\t\t\t\t\t\t\t\t\t<h6 class=\"mkdf-counter-title\" style=\"color: #ffffff\">\n\t\t\t\tCIRCUITS &amp; EXCURSIONS\t\t\t<\/h6>\n\t\t\t\t\t<\/div>\n<\/div><div class=\"vc_empty_space\"   style=\"height: 100px\"><span class=\"vc_empty_space_inner\"><\/span><\/div><div class=\"mkdf-counter-holder\">\n\t<div class=\"mkdf-counter-inner\">\n\t\t\t\t\t<span class=\"mkdf-counter mkdf-zero-counter\" style=\"font-size: 65px;color: #ffffff\">10<\/span>\n\t\t\t\t\t\t\t<span class=\"mkdf-counter-symbol\" style=\"font-size: 65px;color: #ffffff\">\n\t\t\tK\t\t<\/span>\n\t\t\t\t\t\t\t\t\t\t<h6 class=\"mkdf-counter-title\" style=\"color: #ffffff\">\n\t\t\t\tACHATS\t\t\t<\/h6>\n\t\t\t\t\t<\/div>\n<\/div><div class=\"vc_empty_space\"   style=\"height: 80px\"><span class=\"vc_empty_space_inner\"><\/span><\/div>\t\t<\/div>\n\t<\/div>\n<\/div><div class=\"mkdf-eh-item   mkdf-horizontal-alignment-center\"  data-item-class=\"mkdf-eh-custom-3678\"   data-768-1024=\"0 0 40px\" data-680-768=\"0 0 40px\" data-680=\"0 0 40px\">\n\t<div class=\"mkdf-eh-item-inner\">\n\t\t<div class=\"mkdf-eh-item-content mkdf-eh-custom-3678\" style=\"padding: 0\">\n\t\t\t<div class=\"mkdf-counter-holder\">\n\t<div class=\"mkdf-counter-inner\">\n\t\t\t\t\t<span class=\"mkdf-counter mkdf-zero-counter\" style=\"font-size: 65px;color: #ffffff\">500<\/span>\n\t\t\t\t\t\t\t<span class=\"mkdf-counter-symbol\" style=\"font-size: 65px;color: #ffffff\">\n\t\t\t+\t\t<\/span>\n\t\t\t\t\t\t\t\t\t\t<h6 class=\"mkdf-counter-title\" style=\"color: #ffffff\">\n\t\t\t\tTRANSFERTS\t\t\t<\/h6>\n\t\t\t\t\t<\/div>\n<\/div><div class=\"vc_empty_space\"   style=\"height: 100px\"><span class=\"vc_empty_space_inner\"><\/span><\/div><div class=\"mkdf-counter-holder\">\n\t<div class=\"mkdf-counter-inner\">\n\t\t\t\t\t<span class=\"mkdf-counter mkdf-zero-counter\" style=\"font-size: 65px;color: #ffffff\">5000<\/span>\n\t\t\t\t\t\t\t<span class=\"mkdf-counter-symbol\" style=\"font-size: 65px;color: #ffffff\">\n\t\t\t+\t\t<\/span>\n\t\t\t\t\t\t\t\t\t\t<h6 class=\"mkdf-counter-title\" style=\"color: #ffffff\">\n\t\t\t\tRESTAURANTS\t\t\t<\/h6>\n\t\t\t\t\t<\/div>\n<\/div><div class=\"vc_empty_space\"   style=\"height: 80px\"><span class=\"vc_empty_space_inner\"><\/span><\/div>\t\t<\/div>\n\t<\/div>\n<\/div><div class=\"mkdf-eh-item   mkdf-horizontal-alignment-center\"  data-item-class=\"mkdf-eh-custom-2268\"   data-768-1024=\"0 0 40px\" data-680-768=\"0 0 40px\" data-680=\"0 0 40px\">\n\t<div class=\"mkdf-eh-item-inner\">\n\t\t<div class=\"mkdf-eh-item-content mkdf-eh-custom-2268\" style=\"padding: 0\">\n\t\t\t<div class=\"mkdf-counter-holder\">\n\t<div class=\"mkdf-counter-inner\">\n\t\t\t\t\t<span class=\"mkdf-counter mkdf-zero-counter\" style=\"font-size: 65px;color: #ffffff\">11<\/span>\n\t\t\t\t\t\t\t<span class=\"mkdf-counter-symbol\" style=\"font-size: 65px;color: #ffffff\">\n\t\t\tK\t\t<\/span>\n\t\t\t\t\t\t\t\t\t\t<h6 class=\"mkdf-counter-title\" style=\"color: #ffffff\">\n\t\t\t\tH\u00c9BERGEMENT\t\t\t<\/h6>\n\t\t\t\t\t<\/div>\n<\/div><div class=\"vc_empty_space\"   style=\"height: 100px\"><span class=\"vc_empty_space_inner\"><\/span><\/div><div class=\"mkdf-counter-holder\">\n\t<div class=\"mkdf-counter-inner\">\n\t\t\t\t\t<span class=\"mkdf-counter mkdf-zero-counter\" style=\"font-size: 65px;color: #ffffff\">100<\/span>\n\t\t\t\t\t\t\t<span class=\"mkdf-counter-symbol\" style=\"font-size: 65px;color: #ffffff\">\n\t\t\t+\t\t<\/span>\n\t\t\t\t\t\t\t\t\t\t<h6 class=\"mkdf-counter-title\" style=\"color: #ffffff\">\n\t\t\t\t\u00c9V\u00c9NEMENTS\t\t\t<\/h6>\n\t\t\t\t\t<\/div>\n<\/div><div class=\"vc_empty_space\"   style=\"height: 80px\"><span class=\"vc_empty_space_inner\"><\/span><\/div>\t\t<\/div>\n\t<\/div>\n<\/div><div class=\"mkdf-eh-item   mkdf-horizontal-alignment-center\"  data-item-class=\"mkdf-eh-custom-1717\"   data-768-1024=\"0 0 40px\" data-680-768=\"0 0 40px\" data-680=\"0 0 40px\">\n\t<div class=\"mkdf-eh-item-inner\">\n\t\t<div class=\"mkdf-eh-item-content mkdf-eh-custom-1717\" style=\"padding: 0\">\n\t\t\t<div class=\"mkdf-counter-holder\">\n\t<div class=\"mkdf-counter-inner\">\n\t\t\t\t\t<span class=\"mkdf-counter mkdf-zero-counter\" style=\"font-size: 65px;color: #ffffff\">100<\/span>\n\t\t\t\t\t\t\t<span class=\"mkdf-counter-symbol\" style=\"font-size: 65px;color: #ffffff\">\n\t\t\tK\t\t<\/span>\n\t\t\t\t\t\t\t\t\t\t<h6 class=\"mkdf-counter-title\" style=\"color: #ffffff\">\n\t\t\t\tDES LIEUX\t\t\t<\/h6>\n\t\t\t\t\t<\/div>\n<\/div><div class=\"vc_empty_space\"   style=\"height: 100px\"><span class=\"vc_empty_space_inner\"><\/span><\/div><div class=\"mkdf-counter-holder\">\n\t<div class=\"mkdf-counter-inner\">\n\t\t\t\t\t<span class=\"mkdf-counter mkdf-zero-counter\" style=\"font-size: 65px;color: #ffffff\">20<\/span>\n\t\t\t\t\t\t\t<span class=\"mkdf-counter-symbol\" style=\"font-size: 65px;color: #ffffff\">\n\t\t\tK\t\t<\/span>\n\t\t\t\t\t\t\t\t\t\t<h6 class=\"mkdf-counter-title\" style=\"color: #ffffff\">\n\t\t\t\tAUTRES SERVICES\t\t\t<\/h6>\n\t\t\t\t\t<\/div>\n<\/div><div class=\"vc_empty_space\"   style=\"height: 90px\"><span class=\"vc_empty_space_inner\"><\/span><\/div>\t\t<\/div>\n\t<\/div>\n<\/div><\/div><\/div><\/div><\/div><\/div><div class=\"vc_row wpb_row vc_row-fluid vc_custom_1591880412702\" ><div class=\"wpb_column vc_column_container vc_col-sm-12\"><div class=\"vc_column-inner\"><div class=\"wpb_wrapper\"><div class=\"mkdf-section-title-holder\" style=\"text-align: center\">\n\t<div class=\"mkdf-st-inner\">\n\t\t\t\t\t<h5 class=\"mkdf-st-subtitle\" >\n\t\t\t\tR\u00e9publique dominicaine\t\t\t<\/h5>\n\t\t\t\t\t\t\t<h3 class=\"mkdf-st-title\" >\n\t\t\t\tNouveau Projet Silven International\t\t\t<\/h3>\n\t\t\t\t\t\t\t<p class=\"mkdf-st-text\" >\n\t\t\t\tTout en un seul endroit! Trouvez les meilleurs restaurants, lieux de s\u00e9jour, h\u00f4tels, etc. V\u00e9rifiez les meilleurs endroits pour faire du shopping, trouvez tous les services. Annoncez votre entreprise gratuitement avec nous.\t\t\t<\/p>\n\t\t\t<\/div>\n<\/div><div class=\"vc_empty_space\"   style=\"height: 40px\"><span class=\"vc_empty_space_inner\"><\/span><\/div><\/div><\/div><\/div><\/div><div data-vc-full-width=\"true\" data-vc-full-width-init=\"false\" data-vc-parallax=\"1.5\" data-vc-parallax-o-fade=\"on\" data-vc-parallax-image=\"\" class=\"vc_row wpb_row vc_row-fluid vc_row-has-fill vc_row-o-full-height vc_row-o-columns-middle vc_row-flex vc_general vc_parallax vc_parallax-content-moving-fade js-vc_parallax-o-fade\" ><div class=\"wpb_column vc_column_container vc_col-sm-12\"><div class=\"vc_column-inner vc_custom_1591808456895\"><div class=\"wpb_wrapper\"><div class=\"vc_row wpb_row vc_inner vc_row-fluid\" ><div class=\"wpb_column vc_column_container vc_col-sm-6\"><div class=\"vc_column-inner\"><div class=\"wpb_wrapper\">\n\t<div class=\"wpb_text_column wpb_content_element\" >\n\t\t<div class=\"wpb_wrapper\">\n\t\t\t<h3><span style=\"color: #ffffff;\">Rationalisez votre entreprise<\/span><\/h3>\n<p><span style=\"color: #ffffff;\">Nous sommes des agents locaux \u00e0 service complet qui savent comment trouver des personnes et les h\u00e9berger ensemble. Nous utilisons des outils en ligne avec une capacit\u00e9 de recherche in\u00e9gal\u00e9e pour vous rendre plus intelligent et plus rapide. En cons\u00e9quence, obtenez votre liste d&#039;h\u00f4tels, de restaurants, de transferts, de visites et d&#039;excursions pour soutenir vos clients.<\/span><\/p>\n<h3><span style=\"color: #ffffff;\">R\u00e9clamer des listes<\/span><\/h3>\n<p><span style=\"color: #ffffff;\">Pour soutenir les petites entreprises des sections locales, nous avons la possibilit\u00e9 de revendiquer votre propre entreprise, comme un h\u00f4tel, un restaurant, un march\u00e9 autour de la R\u00e9publique dominicaine.<\/span><\/p>\n<p>&nbsp;<\/p>\n<p style=\"text-align: left;\"><a itemprop=\"url\" href=\"https:\/\/dominican-republic-hotels.com\/\" target=\"_self\" style=\"color: #ffffff;font-size: 14px\" class=\"mkdf-btn mkdf-btn-large mkdf-btn-solid mkdf-btn-custom-hover-color\" data-hover-color=\"#000000\" rel=\"noopener\">\n    <span class=\"mkdf-btn-text\">Commencer<\/span>\n    <i class=\"mkdf-icon-font-awesome fa\" ><\/i><\/a><\/p>\n\n\t\t<\/div>\n\t<\/div>\n<\/div><\/div><\/div><div class=\"wpb_column vc_column_container vc_col-sm-6\"><div class=\"vc_column-inner\"><div class=\"wpb_wrapper\"><\/div><\/div><\/div><div class=\"wpb_column vc_column_container vc_col-sm-12\"><div class=\"vc_column-inner\"><div class=\"wpb_wrapper\"><\/div><\/div><\/div><\/div><\/div><\/div><\/div><\/div><div class=\"vc_row-full-width vc_clearfix\"><\/div><div class=\"vc_row wpb_row vc_row-fluid\" ><div class=\"wpb_column vc_column_container vc_col-sm-4\"><div class=\"vc_column-inner\"><div class=\"wpb_wrapper\"><div class=\"mkdf-iwt clearfix  mkdf-iwt-icon-top mkdf-iwt-icon-medium\">\n\t<div class=\"mkdf-iwt-icon\">\n\t\t\t\t\t\t\t\t\t<img loading=\"lazy\" decoding=\"async\" width=\"65\" height=\"65\" src=\"https:\/\/ballenajorobada.com\/wp-content\/uploads\/2020\/06\/hp-24-7-customer-support.png\" class=\"attachment-full size-full\" alt=\"\" title=\"\">\t\t\t\t\t\t<\/div>\n\t<div class=\"mkdf-iwt-content\" >\n\t\t\t\t\t<h6 class=\"mkdf-iwt-title\" >\n\t\t\t\t\t\t\t\t<span class=\"mkdf-iwt-title-text\">SUPPORT CLIENT 24\/7<\/span>\n\t\t\t\t\t\t\t<\/h6>\n\t\t\t\t\t<\/div>\n<\/div><div class=\"vc_empty_space\"   style=\"height: 40px\"><span class=\"vc_empty_space_inner\"><\/span><\/div><\/div><\/div><\/div><div class=\"wpb_column vc_column_container vc_col-sm-4\"><div class=\"vc_column-inner\"><div class=\"wpb_wrapper\"><div class=\"mkdf-iwt clearfix  mkdf-iwt-icon-top mkdf-iwt-icon-medium\">\n\t<div class=\"mkdf-iwt-icon\">\n\t\t\t\t\t\t\t\t\t<img loading=\"lazy\" decoding=\"async\" width=\"65\" height=\"65\" src=\"https:\/\/ballenajorobada.com\/wp-content\/uploads\/2020\/06\/hp-verified-customer-reviews.png\" class=\"attachment-full size-full\" alt=\"\" title=\"\">\t\t\t\t\t\t<\/div>\n\t<div class=\"mkdf-iwt-content\" >\n\t\t\t\t\t<h6 class=\"mkdf-iwt-title\" >\n\t\t\t\t\t\t\t\t<span class=\"mkdf-iwt-title-text\">AVIS CLIENTS V\u00c9RIFI\u00c9S<\/span>\n\t\t\t\t\t\t\t<\/h6>\n\t\t\t\t\t<\/div>\n<\/div><div class=\"vc_empty_space\"   style=\"height: 40px\"><span class=\"vc_empty_space_inner\"><\/span><\/div><\/div><\/div><\/div><div class=\"wpb_column vc_column_container vc_col-sm-4\"><div class=\"vc_column-inner\"><div class=\"wpb_wrapper\"><div class=\"mkdf-iwt clearfix  mkdf-iwt-icon-top mkdf-iwt-icon-medium\">\n\t<div class=\"mkdf-iwt-icon\">\n\t\t\t\t\t\t\t\t\t<img loading=\"lazy\" decoding=\"async\" width=\"65\" height=\"65\" src=\"https:\/\/ballenajorobada.com\/wp-content\/uploads\/2020\/06\/hp-hand-picked-guides.png\" class=\"attachment-full size-full\" alt=\"\" title=\"\">\t\t\t\t\t\t<\/div>\n\t<div class=\"mkdf-iwt-content\" >\n\t\t\t\t\t<h6 class=\"mkdf-iwt-title\" >\n\t\t\t\t\t\t\t\t<span class=\"mkdf-iwt-title-text\">PRIX LES PLUS BAS<\/span>\n\t\t\t\t\t\t\t<\/h6>\n\t\t\t\t\t<\/div>\n<\/div><div class=\"vc_empty_space\"   style=\"height: 40px\"><span class=\"vc_empty_space_inner\"><\/span><\/div><\/div><\/div><\/div><\/div>\n<\/section>","protected":false},"excerpt":{"rendered":"We are different ... Because we care We don't simply treat our clients as visitors to Dominican Republic, we see them as international travelers awaiting the vacation of a lifetime and that is what we deliver! The progressive and dynamic approach of our team of experts ensures that you can be assured of our 100% commitment to providing a seamless and professional service to you, your friends or family. Hundreds of excursions, tours and activities for you to enjoy the [...]","protected":false},"author":2,"featured_media":0,"parent":0,"menu_order":0,"comment_status":"closed","ping_status":"closed","template":"full-width.php","meta":{"footnotes":""},"class_list":["post-644","page","type-page","status-publish","hentry"],"_links":{"self":[{"href":"https:\/\/ballenajorobada.com\/fr\/wp-json\/wp\/v2\/pages\/644","targetHints":{"allow":["GET"]}}],"collection":[{"href":"https:\/\/ballenajorobada.com\/fr\/wp-json\/wp\/v2\/pages"}],"about":[{"href":"https:\/\/ballenajorobada.com\/fr\/wp-json\/wp\/v2\/types\/page"}],"author":[{"embeddable":true,"href":"https:\/\/ballenajorobada.com\/fr\/wp-json\/wp\/v2\/users\/2"}],"replies":[{"embeddable":true,"href":"https:\/\/ballenajorobada.com\/fr\/wp-json\/wp\/v2\/comments?post=644"}],"version-history":[{"count":0,"href":"https:\/\/ballenajorobada.com\/fr\/wp-json\/wp\/v2\/pages\/644\/revisions"}],"wp:attachment":[{"href":"https:\/\/ballenajorobada.com\/fr\/wp-json\/wp\/v2\/media?parent=644"}],"curies":[{"name":"wp","href":"https:\/\/api.w.org\/{rel}","templated":true}]}}