{"id":9463,"date":"2019-09-25T10:00:51","date_gmt":"2019-09-25T10:00:51","guid":{"rendered":"https:\/\/www.ticketswhales.com\/?post_type=product&#038;p=9463"},"modified":"2025-02-02T17:12:35","modified_gmt":"2025-02-02T17:12:35","slug":"miches-whales-watching-half-day-experience-media-luna-half-moon","status":"publish","type":"product","link":"https:\/\/ballenajorobada.com\/fr\/Tours-Excursions\/tours-excursions-samana-bay-dominican-republic\/miches-whales-watching-demi-journee-experience-media-luna-half-moon","title":{"rendered":"Exp\u00e9rience d&#039;une demi-journ\u00e9e d&#039;observation des baleines Miches - Media Luna (demi-lune)."},"content":{"rendered":"<section class=\"wpb-content-wrapper\"><div class=\"vc_row wpb_row vc_row-fluid\" ><div class=\"wpb_column vc_column_container vc_col-sm-12\"><div class=\"vc_column-inner\"><div class=\"wpb_wrapper\"><div class=\"vc_btn3-container vc_btn3-inline\" ><button class=\"vc_general vc_btn3 vc_btn3-size-md vc_btn3-shape-rounded vc_btn3-style-modern vc_btn3-color-green\">RESERVE MAINTENANT<\/button><\/div><div class=\"mkdf-section-title-holder\" style=\"text-align: left\">\n\t<div class=\"mkdf-st-inner\">\n\t\t\t\t\t<h5 class=\"mkdf-st-subtitle\" >\n\t\t\t\tMedia Luna (demi-lune) inclus.\t\t\t<\/h5>\n\t\t\t\t\t\t\t<h3 class=\"mkdf-st-title\" >\n\t\t\t\tExp\u00e9rience d&#039;une demi-journ\u00e9e d&#039;observation des baleines \u00e0 Miches\t\t\t<\/h3>\n\t\t\t\t\t<\/div>\n<\/div><div class=\"vc_empty_space\"   style=\"height: 32px\"><span class=\"vc_empty_space_inner\"><\/span><\/div>\n\t<div class=\"wpb_text_column wpb_content_element\" >\n\t\t<div class=\"wpb_wrapper\">\n\t\t\t<div class=\"vc_row wpb_row vc_row-fluid\">\n<div class=\"wpb_column vc_column_container vc_col-sm-12\">\n<div class=\"vc_column-inner\">\n<div class=\"wpb_wrapper\">\n<div class=\"mkdf-section-title-holder\">\n<div class=\"mkdf-st-inner\">\n<h5 class=\"mkdf-st-subtitle\">Media Luna (demi-lune) inclus.<\/h5>\n<h3 class=\"mkdf-st-title\">Exp\u00e9rience d&#039;une demi-journ\u00e9e d&#039;observation des baleines \u00e0 Miches<\/h3>\n<\/div>\n<\/div>\n<\/div>\n<\/div>\n<\/div>\n<\/div>\n<div class=\"vc_row wpb_row vc_row-fluid\"><\/div>\n<div class=\"wpb_column vc_column_container vc_col-sm-12\">\n<div class=\"vc_column-inner\">\n<div class=\"wpb_wrapper\"><\/div>\n<\/div>\n<\/div>\n<div class=\"wpb_text_column wpb_content_element\">\n<div class=\"wpb_wrapper\"><\/div>\n<\/div>\n<div class=\"vc_row wpb_row vc_row-fluid\">\n<div class=\"wpb_column vc_column_container vc_col-sm-12\">\n<div class=\"vc_column-inner\">\n<div class=\"wpb_wrapper\">\n<div class=\"wpb_text_column wpb_content_element\">\n<div class=\"wpb_wrapper\">\n<div class=\"vc_row wpb_row vc_row-fluid\">\n<div class=\"wpb_column vc_column_container vc_col-sm-12\">\n<div class=\"vc_column-inner\">\n<div class=\"wpb_wrapper\">\n<div class=\"wpb_text_column wpb_content_element\">\n<div class=\"wpb_wrapper\">\n<h4><a id=\"overview\" class=\"aal_anchor\" href=\"https:\/\/bookingadventures.com.do\/be\/dominicantour\/miches-whales-watching-half-day-experience-media-luna-half-moon\/#overview\" aria-hidden=\"true\" rel=\"noopener\"><\/a><b><i>Vue d'ensemble\ud83d\udc33<\/i><\/b><\/h4>\n<p>Abandonner notre bateau pour visiter les baleines \u00e0 bosse dans leur propre habitat. Cette exp\u00e9rience comprend une piscine naturelle pour les \u00e9toiles de mer et les poissons. Est autoris\u00e9 \u00e0 apporter la plong\u00e9e en apn\u00e9e pour les piscines naturelles.<strong>\u00a0Note:<\/strong>\u00a0Pas pour nager avec les baleines. Regarder Nos capitaines sont form\u00e9s pour s&#039;assurer que vous voyez des baleines.<\/p>\n<p>De 9h00 \u00e0 13h00. Observatoire d&#039;observation des baleines et Apr\u00e8s ce voyage Whale Whatchig, nous revenons au port de Miches.<\/p>\n<p><strong>Note:<\/strong>\u00a0Cette visite n&#039;est pas priv\u00e9e. Si vous souhaitez organiser une visite priv\u00e9e, contactez-nous!<\/p>\n<ul>\n<li>Voyage d&#039;observation des baleines<\/li>\n<li>Piscine naturelle pour observer les \u00e9toiles de mer<\/li>\n<li>Transfert en bateau en catamaran<\/li>\n<li>Le capitaine assure l&#039;instruction et la supervision<\/li>\n<li>Guide touristique<\/li>\n<\/ul>\n<p>&nbsp;<\/p>\n<h4><a id=\"inclusions-exclusions\" class=\"aal_anchor\" href=\"https:\/\/bookingadventures.com.do\/be\/dominicantour\/miches-whales-watching-half-day-experience-media-luna-half-moon\/#inclusions-exclusions\" aria-hidden=\"true\" rel=\"noopener\"><\/a><b>Inclusions et exclusions<\/b><\/h4>\n<p>&nbsp;<\/p>\n<p><b>Inclusions<\/b><\/p>\n<ol>\n<li>Guide touristique<\/li>\n<li>Excursion en catamaran ou en bateau<\/li>\n<li>Toutes les taxes, frais et frais de traitement<\/li>\n<li>Taxes locales<\/li>\n<li>Breuvages<\/li>\n<li>Comprim\u00e9s de dramamine (facultatif)<\/li>\n<li>Frais d&#039;entr\u00e9e au sanctuaire. (Bracelet)<\/li>\n<\/ol>\n<p><b>Exclusions<\/b><\/p>\n<ol>\n<li>Pourboires<\/li>\n<li>Voiture de transfert<\/li>\n<li>Boissons alcoolis\u00e9es<\/li>\n<\/ol>\n<p>&nbsp;<\/p>\n<h4><a id=\"departure-return\" class=\"aal_anchor\" href=\"https:\/\/bookingadventures.com.do\/be\/dominicantour\/miches-whales-watching-half-day-experience-media-luna-half-moon\/#departure-return\" aria-hidden=\"true\" rel=\"noopener\"><\/a><em><strong>D\u00e9part &amp; Retour<\/strong><\/em><\/h4>\n<p>Le voyageur obtiendra un point de rendez-vous apr\u00e8s le processus de r\u00e9servation. Les visites commencent et se terminent dans nos points de rendez-vous.<\/p>\n<h3><a id=\"miches-whales-watching-half-day-experience-media-luna-half-moon\" class=\"aal_anchor\" href=\"https:\/\/bookingadventures.com.do\/be\/dominicantour\/miches-whales-watching-half-day-experience-media-luna-half-moon\/#miches-whales-watching-half-day-experience-media-luna-half-moon\" aria-hidden=\"true\" rel=\"noopener\"><\/a>Exp\u00e9rience d&#039;une demi-journ\u00e9e d&#039;observation des baleines Miches \u2013 Media Luna (demi-lune).<\/h3>\n<h4><a id=\"what-to-expect\" class=\"aal_anchor\" href=\"https:\/\/bookingadventures.com.do\/be\/dominicantour\/miches-whales-watching-half-day-experience-media-luna-half-moon\/#what-to-expect\" aria-hidden=\"true\" rel=\"noopener\"><\/a><b><i>\u00c0 quoi s&#039;attendre?<\/i><\/b><\/h4>\n<p>&nbsp;<\/p>\n<p><em><strong>Obtenez vos billets<\/strong><\/em>\u00a0pour une excursion d&#039;une demi-journ\u00e9e d&#039;observation des baleines dans la baie de Saman\u00e1 \u00e0 partir de Miches.<\/p>\n<p>L&#039;excursion d&#039;observation des baleines d&#039;une demi-journ\u00e9e, organis\u00e9e par &quot;Booking Adventures&quot; commence au point de rendez-vous fix\u00e9 avec le guide touristique. Ce voyage visite Media Luna (Demi-Lune). Le d\u00e9jeuner \u00e0 la plage est\u00a0<strong>ne pas<\/strong>\u00a0inclus dans cette visite.<\/p>\n<p><strong>Qu&#039;est-ce que Media Luna ?<\/strong><\/p>\n<p>C&#039;est un endroit o\u00f9 le niveau de l&#039;eau d\u00e9pend de l&#039;horizon des mar\u00e9es ou des courants marins, qui lorsqu&#039;il est haut devient plus profond et lorsqu&#039;il est bas, le d\u00e9bit de la piscine diminue. \u00catre cach\u00e9 et avoir un acc\u00e8s par la mer en fait un lieu magique et vierge, pour ceux qui le visitent sans vouloir le quitter. Ici, il n&#039;y a pas d&#039;arbres pour s&#039;abriter du soleil, mais l&#039;eau est froide \u00e0 cause des aliz\u00e9s qui bercent ou bercent la r\u00e9gion.<\/p>\n<p>On peut r\u00e9sumer qu&#039;il s&#039;agit d&#039;une lagune naturelle de l&#039;oc\u00e9an Atlantique, qui doit son nom \u00e0 celle observ\u00e9e d&#039;en haut qui ressemble \u00e0 un croissant. Les locaux l&#039;appellent \u00e9galement Cayo de la Media Luna, form\u00e9 de r\u00e9cifs coralliens et de sable blanc, d&#039;eau cristalline parsem\u00e9e partout pour briser les vagues naturelles, qui calment ses eaux. Lorsque la mar\u00e9e est stable, sa profondeur ne d\u00e9passe pas trois pieds, ce qui permet aux enfants et aux adultes de profiter de ce lieu paradisiaque d&#039;eau sal\u00e9e.<\/p>\n<p>&nbsp;<\/p>\n<p><strong>Calendrier:<\/strong><\/p>\n<p>8h45 \u2013 12h30<\/p>\n<p>&nbsp;<\/p>\n<\/div>\n<p>Le temps peut changer en fonction du nombre de baleines que nous voyons.<\/p>\n<div class=\"wpb_wrapper\">\n<p>&nbsp;<\/p>\n<h4><a id=\"what-you-should-bring\" class=\"aal_anchor\" href=\"https:\/\/bookingadventures.com.do\/be\/dominicantour\/miches-whales-watching-half-day-experience-media-luna-half-moon\/#what-you-should-bring\" aria-hidden=\"true\" rel=\"noopener\"><\/a><em><strong>Que devez-vous apporter?<\/strong><\/em><\/h4>\n<ul>\n<li>Appareil photo<\/li>\n<li>Bourgeons r\u00e9pulsifs<\/li>\n<li>cr\u00eame solaire<\/li>\n<li>Chapeau<\/li>\n<li>Pantalon confortable<\/li>\n<li>Maillot de bain<\/li>\n<li>De l&#039;argent pour des souvenirs<\/li>\n<\/ul>\n<p>&nbsp;<\/p>\n<h4><a id=\"hotel-pickup\" class=\"aal_anchor\" href=\"https:\/\/bookingadventures.com.do\/be\/dominicantour\/miches-whales-watching-half-day-experience-media-luna-half-moon\/#hotel-pickup\" aria-hidden=\"true\" rel=\"noopener\"><\/a><b><i>Prise en charge \u00e0 l&#039;h\u00f4tel<\/i><\/b><\/h4>\n<p>La prise en charge \u00e0 l&#039;h\u00f4tel n&#039;est pas propos\u00e9e pour cette excursion. Nous pouvons le configurer via Whatsapp.<\/p>\n<p>&nbsp;<\/p>\n<p><b>Note:<\/b>\u00a0si vous r\u00e9servez dans les 24 heures suivant l&#039;heure de d\u00e9part de la visite \/ excursion, nous pouvons organiser la prise en charge \u00e0 l&#039;h\u00f4tel moyennant des frais suppl\u00e9mentaires. Une fois votre achat termin\u00e9, nous vous enverrons les coordonn\u00e9es compl\u00e8tes (num\u00e9ro de t\u00e9l\u00e9phone, adresse e-mail, etc.) de notre guide local pour organiser la prise en charge.<\/p>\n<h4><a id=\"additional-info-confirmation\" class=\"aal_anchor\" href=\"https:\/\/bookingadventures.com.do\/be\/dominicantour\/miches-whales-watching-half-day-experience-media-luna-half-moon\/#additional-info-confirmation\" aria-hidden=\"true\" rel=\"noopener\"><\/a><b><i>Confirmation d&#039;informations suppl\u00e9mentaires<\/i><\/b><\/h4>\n<ol>\n<li>Les billets sont le re\u00e7u apr\u00e8s avoir pay\u00e9 ce tour. Vous pouvez afficher le paiement sur votre t\u00e9l\u00e9phone.<\/li>\n<li>Le point de rencontre sera re\u00e7u apr\u00e8s le processus de r\u00e9servation.<\/li>\n<li>Les enfants doivent \u00eatre accompagn\u00e9s par un adulte.<\/li>\n<li>Accessible aux fauteuils roulants<\/li>\n<li>Les b\u00e9b\u00e9s doivent s&#039;asseoir sur les genoux<\/li>\n<li>La plupart des voyageurs peuvent participer<\/li>\n<\/ol>\n<h4><a id=\"cancellation-policy\" class=\"aal_anchor\" href=\"https:\/\/bookingadventures.com.do\/be\/dominicantour\/miches-whales-watching-half-day-experience-media-luna-half-moon\/#cancellation-policy\" aria-hidden=\"true\" rel=\"noopener\"><\/a><b><i>Politique d&#039;annulation<\/i><\/b><\/h4>\n<p>Pour un remboursement complet, annulez au moins 24 heures avant la date de d\u00e9but de l&#039;exp\u00e9rience.<\/p>\n<\/div>\n<\/div>\n<\/div>\n<\/div>\n<\/div>\n<\/div>\n<\/div>\n<\/div>\n<\/div>\n<\/div>\n<\/div>\n<\/div>\n\n\t\t<\/div>\n\t<\/div>\n<\/div><\/div><\/div><\/div><div class=\"vc_row wpb_row vc_row-fluid\" ><\/div><div class=\"wpb_column vc_column_container vc_col-sm-12\"><div class=\"vc_column-inner\"><div class=\"wpb_wrapper\"><\/div><\/div><\/div><div class=\"vc_row wpb_row vc_row-fluid\" ><div class=\"wpb_column vc_column_container vc_col-sm-12\"><div class=\"vc_column-inner\"><div class=\"wpb_wrapper\"><div class=\"vc_btn3-container vc_btn3-inline\" ><button class=\"vc_general vc_btn3 vc_btn3-size-md vc_btn3-shape-rounded vc_btn3-style-modern vc_btn3-color-green\">RESERVE MAINTENANT<\/button><\/div><\/div><\/div><\/div><\/div>\n<\/section>","protected":false},"excerpt":{"rendered":"<p>Observation des baleines d&#039;une demi-journ\u00e9e dans la baie de Samana, en R\u00e9publique Dominicaine. Observation des baleines depuis le port de Miches sur un catamaran ou un bateau confortable. R\u00e9servez le matin apr\u00e8s le petit-d\u00e9jeuner pour visiter Media Luna (demi-lune) et observer les baleines. R\u00e9servez d\u00e8s maintenant cette excursion dans la baie de Samana pour une bonne exp\u00e9rience d&#039;observation des baleines et de voyage en mer.<\/p>\n<p><strong>S\u00e9lectionnez la date de la visite :<\/strong><\/p>","protected":false},"featured_media":17123,"template":"","meta":[],"product_brand":[],"product_cat":[427,255,937],"product_tag":[428,429,228,393,327,199,342,276,277,274,389,388,275],"class_list":{"0":"post-9463","1":"product","2":"type-product","3":"status-publish","4":"has-post-thumbnail","6":"product_cat-miches-whale-watching-and-media-luna","7":"product_cat-tours-excursions-samana-bay-dominican-republic","8":"product_cat-whale-watching-miches","9":"product_tag-half-day-whale-watching-miches","10":"product_tag-media-luna-miches","11":"product_tag-miches","12":"product_tag-miches-whale-watching","13":"product_tag-private-tours-samana","14":"product_tag-samana-bay","15":"product_tag-samana-whale-watching","16":"product_tag-whale-samana","17":"product_tag-whale-tours","18":"product_tag-whale-watching-dominican-republic","19":"product_tag-whale-watching-las-galeras","20":"product_tag-whale-watching-las-terrenas","21":"product_tag-whale-watching-samana","23":"first","24":"instock","25":"sale","26":"sold-individually","27":"shipping-taxable","28":"product-type-external"},"_links":{"self":[{"href":"https:\/\/ballenajorobada.com\/fr\/wp-json\/wp\/v2\/product\/9463","targetHints":{"allow":["GET"]}}],"collection":[{"href":"https:\/\/ballenajorobada.com\/fr\/wp-json\/wp\/v2\/product"}],"about":[{"href":"https:\/\/ballenajorobada.com\/fr\/wp-json\/wp\/v2\/types\/product"}],"wp:featuredmedia":[{"embeddable":true,"href":"https:\/\/ballenajorobada.com\/fr\/wp-json\/wp\/v2\/media\/17123"}],"wp:attachment":[{"href":"https:\/\/ballenajorobada.com\/fr\/wp-json\/wp\/v2\/media?parent=9463"}],"wp:term":[{"taxonomy":"product_brand","embeddable":true,"href":"https:\/\/ballenajorobada.com\/fr\/wp-json\/wp\/v2\/product_brand?post=9463"},{"taxonomy":"product_cat","embeddable":true,"href":"https:\/\/ballenajorobada.com\/fr\/wp-json\/wp\/v2\/product_cat?post=9463"},{"taxonomy":"product_tag","embeddable":true,"href":"https:\/\/ballenajorobada.com\/fr\/wp-json\/wp\/v2\/product_tag?post=9463"}],"curies":[{"name":"wp","href":"https:\/\/api.w.org\/{rel}","templated":true}]}}