{"id":9925,"date":"2020-03-29T08:08:21","date_gmt":"2020-03-29T08:08:21","guid":{"rendered":"https:\/\/www.ticketswhales.com\/Tours-Excursions\/uncategorized\/import-placeholder-for-10408\/"},"modified":"2025-02-02T17:15:46","modified_gmt":"2025-02-02T17:15:46","slug":"27-waterfalls-of-damajagua-tour-from-cabarete-sosua-and-puerto-plata-hotels-pick-up","status":"publish","type":"product","link":"https:\/\/ballenajorobada.com\/fr\/Tours-Excursions\/cascades\/27-cascades-de-damajagua-tour-de-cabarete-sosua-et-puerto-plata-hotels-pick-up","title":{"rendered":"27 Cascades de Damajagua Tour de Cabarete, Sosua et Puerto Plata. Prise en charge des h\u00f4tels."},"content":{"rendered":"<section class=\"wpb-content-wrapper\"><div class=\"vc_row wpb_row vc_row-fluid\" ><div class=\"wpb_column vc_column_container vc_col-sm-12\"><div class=\"vc_column-inner\"><div class=\"wpb_wrapper\"><div class=\"mkdf-section-title-holder\" style=\"text-align: left\">\n\t<div class=\"mkdf-st-inner\">\n\t\t\t\t\t<h5 class=\"mkdf-st-subtitle\" >\n\t\t\t\tTransport et d\u00e9jeuner inclus\t\t\t<\/h5>\n\t\t\t\t\t\t\t<h3 class=\"mkdf-st-title\" >\n\t\t\t\t27 Cascades de Damajagua Tour de Cabarete, Sosua et Puerto Plata.\t\t\t<\/h3>\n\t\t\t\t\t<\/div>\n<\/div><\/div><\/div><\/div><\/div><div class=\"vc_row wpb_row vc_row-fluid\" ><div class=\"wpb_column vc_column_container vc_col-sm-12\"><div class=\"vc_column-inner\"><div class=\"wpb_wrapper\"><div class=\"vc_btn3-container vc_btn3-inline\" ><a class=\"vc_general vc_btn3 vc_btn3-size-md vc_btn3-shape-rounded vc_btn3-style-modern vc_btn3-color-green\" href=\"https:\/\/bookingadventures.tours\/booking.php?tour_id=36f9705bcc61386d84e226d0c35f8a49\" title=\"\" rel=\"noopener\">RESERVE MAINTENANT<\/a><\/div>\n\t<div class=\"wpb_text_column wpb_content_element\" >\n\t\t<div class=\"wpb_wrapper\">\n\t\t\t<h3 class=\"ui_header h1 attractions-product-info-ProductTitle__title--1qM0o\"><\/h3>\n<h4><b><i>Aper\u00e7u <\/i><\/b><\/h4>\n<p>Obtenez vos billets pour une excursion d&#039;une demi-journ\u00e9e ici dans la cascade 27 de Damajagua. Les billets d&#039;entr\u00e9e avec d\u00e9jeuner et excursion comprennent pour sauter et nager dans les plus belles cascades de la R\u00e9publique dominicaine. Randonn\u00e9e et natation avec \u00e9quipement de s\u00e9curit\u00e9 pour vivre la meilleure exp\u00e9rience de tous les temps !!<\/p>\n<p>Apr\u00e8s cette exp\u00e9rience, vous reviendrez \u00e0 l&#039;endroit o\u00f9 vous rencontrerez le guide touristique.<\/p>\n<ul>\n<li style=\"font-weight: 400;\">Frais inclus<\/li>\n<li>D\u00e9jeuner<\/li>\n<li>Collations<\/li>\n<li style=\"font-weight: 400;\">Guide touristique local en anglais<\/li>\n<\/ul>\n<p>&nbsp;<\/p>\n<h4><b>Inclusions et exclusions<\/b><\/h4>\n<p>&nbsp;<\/p>\n<p><b>Inclusions<\/b><\/p>\n<ol>\n<li>\u00a0 27 cascades de Damajagua (de nos jours, il n&#039;y a que 12 cascades et 7 voyages)<\/li>\n<li>\u00a0 Buffet incluant boissons et boissons tropicales<\/li>\n<li>\u00a0 Toutes les taxes, frais et frais de traitement<\/li>\n<li>\u00a0 Taxes locales<\/li>\n<li>\u00a0 L&#039;ensemble des Activit\u00e9s<\/li>\n<li>\u00a0 Guide local<\/li>\n<li>\u00a0 Visite de fabrique de cigares<\/li>\n<\/ol>\n<p><b> Exclusions<\/b><\/p>\n<ol>\n<li style=\"font-weight: 400;\"><span style=\"font-weight: 400;\">Pourboires<\/span><\/li>\n<\/ol>\n<h4><em><strong>D\u00e9part &amp; Retour<\/strong><\/em><\/h4>\n<p><span style=\"font-weight: 400;\">Nous avons un horaire con\u00e7u pour venir vous chercher et vous d\u00e9poser en fonction de la zone dans laquelle vous vous trouvez. Veuillez consulter les informations d\u00e9taill\u00e9es ci-dessous dans la section prise en charge \u00e0 l&#039;h\u00f4tel. <\/span><\/p>\n<p>C&#039;est le programme que nous avons d\u00e9fini en fonction de vos emplacements. Veuillez nous indiquer votre h\u00f4tel sp\u00e9cifique et nous vous contacterons pour vous dire o\u00f9 nous vous rencontrerons.<\/p>\n<p>&nbsp;<\/p>\n<table style=\"height: 246px;\" width=\"237\">\n<tbody>\n<tr>\n<td><b>Endroit<\/b><\/td>\n<td><b>Temps<\/b><\/td>\n<\/tr>\n<tr>\n<td><b>Cabaret<\/b><\/td>\n<td><b>7h45<\/b><\/td>\n<\/tr>\n<tr>\n<td><b>Sos\u00faa<\/b><\/td>\n<td><b>8h10<\/b><\/td>\n<\/tr>\n<tr>\n<td><b>Plage Dorada<\/b><\/td>\n<td><b>8h50<\/b><\/td>\n<\/tr>\n<tr>\n<td><b>Costa Dorada<\/b><\/td>\n<td><b>09h00<\/b><\/td>\n<\/tr>\n<tr>\n<td><b>Cofresi (Style de vie)<\/b><\/td>\n<td><b>9h20<\/b><\/td>\n<\/tr>\n<tr>\n<td><b>S\u00e9nateur<\/b><\/td>\n<td><b>9h30 du matin<\/b><\/td>\n<\/tr>\n<\/tbody>\n<\/table>\n<h4><\/h4>\n<h3 class=\"ui_header h1 attractions-product-info-ProductTitle__title--1qM0o\">27 Cascades de Damajagua Tour de Puerto Plata.<\/h3>\n<h4><b><i>\u00c0 quoi s&#039;attendre?<\/i><\/b><\/h4>\n<div class=\"apd_content_block\" data-tab=\"TABS_OVERVIEW\">\n<div class=\"ui_card section attractions-product-details-Overview__sectionMargin--uHktd attractions-product-details-Overview__cleanslateOverrideDT--39Ov7\">\n<p>D\u00e9couvrez les cascades isol\u00e9es de Damajagua, nich\u00e9es dans les collines du corridor nord de la R\u00e9publique dominicaine, lors de cette excursion d&#039;une journ\u00e9e compl\u00e8te au d\u00e9part de Puerto Plata. Explorez les vingt-sept chutes immacul\u00e9es, en cascade sur du calcaire, avec votre guide local. Obtenez un bref briefing sur la s\u00e9curit\u00e9, puis sautez, nagez et glissez sur des toboggans naturels.<\/p>\n<p>Le d\u00e9jeuner et les boissons sont inclus. Une randonn\u00e9e en mont\u00e9e mod\u00e9r\u00e9e de 40 minutes \u00e0 travers un magnifique paysage de jungle vous am\u00e8ne \u00e0 la 12e cascade ou, si vous \u00eates en excellente forme physique, choisissez de marcher jusqu&#039;au sommet des 27 cascades (environ 70 minutes) et de tout d\u00e9couvrir .<\/p>\n<p>Quoi qu&#039;il en soit, votre vrai plaisir commence alors que nous redescendons la rivi\u00e8re et que vous sautez, glissez et nagez \u00e0 travers une s\u00e9rie de cascades spectaculaires, de canyons et de piscines azur, \u00e9mergeant avec un sourire idiot sur le visage et des souvenirs incroyables \u00e0 ch\u00e9rir ! Les visites comprennent des sauts jusqu&#039;\u00e0 25 pieds (8 m\u00e8tres), mais ne vous inqui\u00e9tez pas, si vous n&#039;\u00eates pas \u00e0 l&#039;aise avec le saut, il existe une autre mani\u00e8re de descendre.<\/p>\n<p>Apr\u00e8s une marche de 15 minutes pour retourner au camp de base et enfiler vos v\u00eatements secs, savourez un d\u00e9jeuner buffet dominicain d\u00e9licieux et vari\u00e9, qui comprend du poulet et du porc au barbecue, des rago\u00fbts, du riz, des p\u00e2tes et des salades.<\/p>\n<p>Les boissons locales au rhum, les sodas et l&#039;eau sont \u00e9galement inclus (la bi\u00e8re est disponible mais non incluse). Apr\u00e8s le repas, vous direz au revoir aux guides locaux mais les souvenirs de cette exp\u00e9rience dureront toute une vie. Et ce n&#039;est pas tout, vous vous rendrez ensuite dans une fabrique de cigares o\u00f9 vous verrez comment ils les pr\u00e9parent et pourrez \u00e9galement vous en procurer si cela vous int\u00e9resse. N&#039;oubliez pas que la R\u00e9publique dominicaine est l&#039;un des meilleurs pays fabriquant des cigares, c&#039;est donc votre chance d&#039;apprendre des meilleurs professeurs de tous les temps.<\/p>\n<\/div>\n<\/div>\n<h4><em><strong>Que devez-vous apporter?<\/strong><\/em><\/h4>\n<ul>\n<li style=\"font-weight: 400;\"><span style=\"font-weight: 400;\">Appareil photo<\/span><\/li>\n<li style=\"font-weight: 400;\"><span style=\"font-weight: 400;\">Bourgeons r\u00e9pulsifs<\/span><\/li>\n<li style=\"font-weight: 400;\"><span style=\"font-weight: 400;\">Cr\u00eame solaire<\/span><\/li>\n<li style=\"font-weight: 400;\"><span style=\"font-weight: 400;\">Chapeau<\/span><\/li>\n<li style=\"font-weight: 400;\"><span style=\"font-weight: 400;\">Pantalon confortable<\/span><\/li>\n<li style=\"font-weight: 400;\"><span style=\"font-weight: 400;\">Chaussures de randonn\u00e9e pour la for\u00eat<\/span><\/li>\n<li style=\"font-weight: 400;\"><span style=\"font-weight: 400;\">Sandales aux zones de printemps.<\/span><\/li>\n<li style=\"font-weight: 400;\"><span style=\"font-weight: 400;\">Maillot de bain<\/span><\/li>\n<\/ul>\n<p>&nbsp;<\/p>\n<h4><b><i>Prise en charge \u00e0 l&#039;h\u00f4tel <\/i><\/b><\/h4>\n<p><span style=\"font-weight: 400;\">La prise en charge \u00e0 l&#039;h\u00f4tel est offerte pour cette visite. Nous avons mis en place Pick up en nous contactant par Whatsapp.<\/span><\/p>\n<p>&nbsp;<\/p>\n<p><b>Note:<\/b><span style=\"font-weight: 400;\"> Si vous r\u00e9servez dans les 24 heures suivant l&#039;heure de d\u00e9part de la visite \/ excursion, nous pouvons organiser la prise en charge \u00e0 l&#039;h\u00f4tel. Une fois votre achat termin\u00e9, nous vous enverrons les coordonn\u00e9es compl\u00e8tes (num\u00e9ro de t\u00e9l\u00e9phone, adresse e-mail, etc.) de notre guide local pour organiser la prise en charge.<\/span><\/p>\n<h4><b><i>Confirmation d&#039;informations suppl\u00e9mentaires <\/i><\/b><\/h4>\n<ol>\n<li>Les billets sont le re\u00e7u apr\u00e8s avoir pay\u00e9 ce tour. Vous pouvez afficher le paiement sur votre t\u00e9l\u00e9phone.<\/li>\n<li style=\"font-weight: 400;\"><span style=\"font-weight: 400;\">Le point de rencontre sera re\u00e7u apr\u00e8s le processus de r\u00e9servation.<\/span><\/li>\n<li style=\"font-weight: 400;\"><span style=\"font-weight: 400;\">Les enfants doivent \u00eatre accompagn\u00e9s par un adulte.<\/span><\/li>\n<li style=\"font-weight: 400;\"><span style=\"font-weight: 400;\"> Non accessible aux fauteuils roulants <\/span><\/li>\n<li style=\"font-weight: 400;\"><span style=\"font-weight: 400;\">Les b\u00e9b\u00e9s doivent s&#039;asseoir sur les genoux <\/span><\/li>\n<li style=\"font-weight: 400;\"><span style=\"font-weight: 400;\">Non recommand\u00e9 pour les voyageurs ayant des probl\u00e8mes de dos<\/span><\/li>\n<li style=\"font-weight: 400;\"><span style=\"font-weight: 400;\">D\u00e9conseill\u00e9 aux voyageuses enceintes <\/span><\/li>\n<li style=\"font-weight: 400;\"><span style=\"font-weight: 400;\"> Pas de probl\u00e8mes cardiaques ou d&#039;autres conditions m\u00e9dicales graves <\/span><\/li>\n<li style=\"font-weight: 400;\"><span style=\"font-weight: 400;\">La plupart des voyageurs peuvent participer<\/span><\/li>\n<\/ol>\n<h4><b><i>Politique d&#039;annulation<\/i><\/b><\/h4>\n<p>Pour un remboursement complet, veuillez lire nos Politiques d&#039;annulation\u00a0<a href=\"https:\/\/www.ticketswhales.com\/online-booking\/\" target=\"_blank\" rel=\"noopener\" data-saferedirecturl=\"https:\/\/www.google.com\/url?q=https:\/\/www.ticketswhales.com\/online-booking\/&amp;source=gmail&amp;ust=1672449202351000&amp;usg=AOvVaw1yAeVAPktmaVCqDujgUn90\">Cliquez ici<\/a>. Les fonds seront perdus si la r\u00e9servation est annul\u00e9e le jour m\u00eame du voyage.<\/p>\n\n\t\t<\/div>\n\t<\/div>\n<\/div><\/div><\/div><\/div><div class=\"vc_row wpb_row vc_row-fluid\" ><div class=\"wpb_column vc_column_container vc_col-sm-12\"><div class=\"vc_column-inner\"><div class=\"wpb_wrapper\"><div class=\"vc_btn3-container vc_btn3-inline\" ><a class=\"vc_general vc_btn3 vc_btn3-size-md vc_btn3-shape-rounded vc_btn3-style-modern vc_btn3-color-green\" href=\"https:\/\/bookingadventures.tours\/booking.php?tour_id=36f9705bcc61386d84e226d0c35f8a49\" title=\"\" rel=\"noopener\">RESERVE MAINTENANT<\/a><\/div>\n\t<div class=\"wpb_video_widget wpb_content_element vc_clearfix   vc_video-aspect-ratio-169 vc_video-el-width-100 vc_video-align-left\" >\n\t\t<div class=\"wpb_wrapper\">\n\t\t\t<h2 class=\"wpb_heading wpb_video_heading\">27 Cascades de Damajagua Tour de Puerto Plata:<\/h2>\n\t\t\t<div class=\"wpb_video_wrapper\"><iframe loading=\"lazy\" title=\"27 Cascades de Damajagua par Booking Adventures &amp; Travel R\u00e9publique Dominicaine\" width=\"1100\" height=\"619\" src=\"https:\/\/www.youtube.com\/embed\/AVNh_we_RQE?start=17&feature=oembed\" frameborder=\"0\" allow=\"accelerometer; autoplay; clipboard-write; encrypted-media; gyroscope; picture-in-picture; web-share\" referrerpolicy=\"strict-origin-when-cross-origin\" allowfullscreen><\/iframe><\/div>\n\t\t<\/div>\n\t<\/div>\n<\/div><\/div><\/div><\/div><div class=\"vc_row wpb_row vc_row-fluid\" ><div class=\"wpb_column vc_column_container vc_col-sm-12\"><div class=\"vc_column-inner\"><div class=\"wpb_wrapper\"><div class=\"vc_empty_space\"   style=\"height: 32px\"><span class=\"vc_empty_space_inner\"><\/span><\/div>\n\t<div class=\"wpb_text_column wpb_content_element\" >\n\t\t<div class=\"wpb_wrapper\">\n\t\t\t<h4>Nous contacter?<\/h4>\n<h5><em><strong>Aventures de r\u00e9servation<\/strong><\/em><\/h5>\n<p><em><strong>des locaux<\/strong>\u00a0et\u00a0<strong>Nationaux<\/strong>\u00a0Guides touristiques et services aux invit\u00e9s<\/em><\/p>\n<p><span class=\"text-turquoise\">R\u00e9servations:<\/span>\u00a0Visites et excursions \u00e0 Dom. repr\u00e9sentant<\/p>\n<p><img decoding=\"async\" class=\"emoji\" draggable=\"false\" src=\"https:\/\/s.w.org\/images\/core\/emoji\/11.2.0\/svg\/1f4de.svg\" alt=\"\ud83d\udcde\" title=\"\">\u00a0T\u00e9l \/ Whatsapp\u00a0\u00a0<a href=\"tel:+1-809-720-6035\">+1-809-720-6035<\/a>.<\/p>\n<p><img decoding=\"async\" class=\"emoji\" draggable=\"false\" src=\"https:\/\/s.w.org\/images\/core\/emoji\/11.2.0\/svg\/1f4e9.svg\" alt=\"\ud83d\udce9\" title=\"\">\u00a0<a href=\"mailto:info@bookingadventures.com.do\">info@bookingadventures.com.do<\/a><\/p>\n<p><strong>Nous sommes des visites priv\u00e9es \u00e0 configuration flexible par Whatsapp\u00a0:\u00a0<a href=\"tel:+18097206035\">+18097206035.<\/a><\/strong><\/p>\n\n\t\t<\/div>\n\t<\/div>\n<div class=\"vc_empty_space\"   style=\"height: 32px\"><span class=\"vc_empty_space_inner\"><\/span><\/div><\/div><\/div><\/div><\/div><div class=\"vc_row wpb_row vc_row-fluid\" ><div class=\"wpb_column vc_column_container vc_col-sm-12\"><div class=\"vc_column-inner\"><div class=\"wpb_wrapper\"><div class=\"vc_btn3-container vc_btn3-inline\" ><a class=\"vc_general vc_btn3 vc_btn3-size-md vc_btn3-shape-rounded vc_btn3-style-modern vc_btn3-color-green\" href=\"https:\/\/bookingadventures.tours\/booking.php?tour_id=36f9705bcc61386d84e226d0c35f8a49\" title=\"\" rel=\"noopener\">RESERVE MAINTENANT<\/a><\/div><\/div><\/div><\/div><\/div>\n<\/section>","protected":false},"excerpt":{"rendered":"<p>From Hotels in Cabarete, Sosua or Puerto Plata. This excursion from 27 waterfalls of Damajagua in Puerto Plata, Lunch and Excursion by the 27 waterfalls, hiking and jumping into the river.<\/p>\n<p>Voyage \u00e9cologique aux 27 cascades de Puerto Plata. Obtenez vos billets pour une excursion d&#039;une demi-journ\u00e9e ici dans la cascade 27 de Damajagua. Les billets d&#039;entr\u00e9e avec d\u00e9jeuner et excursion comprennent pour sauter et nager dans les plus belles cascades de la R\u00e9publique dominicaine. Randonn\u00e9e et natation avec \u00e9quipement de s\u00e9curit\u00e9 pour vivre la meilleure exp\u00e9rience de tous les temps !!<\/p>\n<p><em><strong>Veuillez s\u00e9lectionner la date de la visite\u00a0:\u00a0<\/strong><\/em><\/p>","protected":false},"featured_media":16972,"template":"","meta":[],"product_brand":[],"product_cat":[281,947,774,1001,252],"product_tag":[286,284,292,401,290,291,406,405,404,403,288,402,287,293,285,407,289],"class_list":{"0":"post-9925","1":"product","2":"type-product","3":"status-publish","4":"has-post-thumbnail","6":"product_cat-27-waterfalls","7":"product_cat-1-puerto-plata","8":"product_cat-group-tours-excursions","9":"product_cat-puerto-plata-27-waterfalls-hike","10":"product_cat-waterfalls","11":"product_tag-27-charcos-de-damajagua","12":"product_tag-27-waterfalls","13":"product_tag-27-waterfalls-dominican-republic","14":"product_tag-27-waterfalls-dominican-republic-facts","15":"product_tag-27-waterfalls-excursion","16":"product_tag-27-waterfalls-puerto-plata","17":"product_tag-amber-cove-cruise-terminal-27-waterfalls","18":"product_tag-amber-cove-excursions","19":"product_tag-damajagua-falls-tours","20":"product_tag-damajagua-national-park","21":"product_tag-excursion-27-waterfalls","22":"product_tag-how-to-get-to-27-waterfalls-from-puerto-plata","23":"product_tag-jumping-27-waterfalls","24":"product_tag-los-27-charcos-de-puerto-plata","25":"product_tag-puerto-plata","26":"product_tag-things-to-do-in-amber-cove","27":"product_tag-tour-27-waterfalls","29":"first","30":"instock","31":"sale","32":"sold-individually","33":"shipping-taxable","34":"product-type-external"},"_links":{"self":[{"href":"https:\/\/ballenajorobada.com\/fr\/wp-json\/wp\/v2\/product\/9925","targetHints":{"allow":["GET"]}}],"collection":[{"href":"https:\/\/ballenajorobada.com\/fr\/wp-json\/wp\/v2\/product"}],"about":[{"href":"https:\/\/ballenajorobada.com\/fr\/wp-json\/wp\/v2\/types\/product"}],"wp:featuredmedia":[{"embeddable":true,"href":"https:\/\/ballenajorobada.com\/fr\/wp-json\/wp\/v2\/media\/16972"}],"wp:attachment":[{"href":"https:\/\/ballenajorobada.com\/fr\/wp-json\/wp\/v2\/media?parent=9925"}],"wp:term":[{"taxonomy":"product_brand","embeddable":true,"href":"https:\/\/ballenajorobada.com\/fr\/wp-json\/wp\/v2\/product_brand?post=9925"},{"taxonomy":"product_cat","embeddable":true,"href":"https:\/\/ballenajorobada.com\/fr\/wp-json\/wp\/v2\/product_cat?post=9925"},{"taxonomy":"product_tag","embeddable":true,"href":"https:\/\/ballenajorobada.com\/fr\/wp-json\/wp\/v2\/product_tag?post=9925"}],"curies":[{"name":"wp","href":"https:\/\/api.w.org\/{rel}","templated":true}]}}