{"id":11698,"date":"2020-11-17T18:37:10","date_gmt":"2020-11-17T18:37:10","guid":{"rendered":"https:\/\/www.ticketswhales.com\/?post_type=product&#038;p=11698"},"modified":"2023-11-07T21:29:33","modified_gmt":"2023-11-07T21:29:33","slug":"live-the-jungle-in-los-haitises-waterfalls-yanigua","status":"publish","type":"product","link":"https:\/\/ballenajorobada.com\/gl\/Tours-Excursions\/los-haitises-excursion\/vive-a-selva-nos-haitises-fervenzas-yanigua","title":{"rendered":"Vive a selva nas fervenzas Yanigua dos Haitises"},"content":{"rendered":"<section class=\"wpb-content-wrapper\"><div class=\"vc_row wpb_row vc_row-fluid\" ><div class=\"wpb_column vc_column_container vc_col-sm-12\"><div class=\"vc_column-inner\"><div class=\"wpb_wrapper\"><div class=\"mkdf-section-title-holder\" style=\"text-align: left\">\n\t<div class=\"mkdf-st-inner\">\n\t\t\t\t\t<h5 class=\"mkdf-st-subtitle\" >\n\t\t\t\tVive a selva nas fervenzas dos Haitises\t\t\t<\/h5>\n\t\t\t\t\t\t\t<h3 class=\"mkdf-st-title\" >\n\t\t\t\tParque Nacional Los Haitises\t\t\t<\/h3>\n\t\t\t\t\t<\/div>\n<\/div><div class=\"vc_btn3-container vc_btn3-inline\" ><button class=\"vc_general vc_btn3 vc_btn3-size-md vc_btn3-shape-rounded vc_btn3-style-modern vc_btn3-color-green\">RESERVAR AGORA<\/button><\/div><\/div><\/div><\/div><\/div><div class=\"vc_row wpb_row vc_row-fluid\" ><div class=\"wpb_column vc_column_container vc_col-sm-12\"><div class=\"vc_column-inner\"><div class=\"wpb_wrapper\">\n\t<div class=\"wpb_text_column wpb_content_element\" >\n\t\t<div class=\"wpb_wrapper\">\n\t\t\t<h4><\/h4>\n<h2><strong>Vivindo a selva nas fervenzas dos Haitises<\/strong><\/h2>\n<h4><b><i>Visi\u00f3n xeral <\/i><\/b><\/h4>\n<p><span style=\"font-weight: 400;\">Esc\u00e1pate da cidade para mergullarte no ecoturismo da provincia de Hato Mayor, a primeira provincia de ecoturismo da Rep\u00fablica Dominicana. <\/span><span style=\"font-weight: 400;\">Ven connosco e goza das doces augas do r\u00edo Yanigua, onde se atopan El Salto e Rancho Yanigua, o lugar \u00e9 de f\u00e1cil acceso, rodeado de arbustos e con carb\u00f3n mineral e barro azul nas s\u00faas augas, o Yanigua \u00e9 ao mesmo tempo un anfiteatro acu\u00e1tico, mediante a formaci\u00f3n de desprendementos ou dispersi\u00f3ns que semellan chanzos brancos, dando unha vista impresionante e espectacular ao visitante.<\/span><\/p>\n<p>&nbsp;<\/p>\n<p><span style=\"font-weight: 400;\">Conta unha lenda que as augas do Yanigua son onde as ciguapas lavan e curten as crinas con barro, que se presume que existiron sempre na zona. <\/span><span style=\"font-weight: 400;\">Durante a actividade goza dun ba\u00f1o de barro terap\u00e9utico para rexuvenecer, curar o acne, exfoliar, curar a artrite, a circulaci\u00f3n sangu\u00ednea e revitalizar as enerx\u00edas do corpo. <\/span><span style=\"font-weight: 400;\">Tam\u00e9n da Casa de Tarz\u00e1n con fondo de cristal, constru\u00edda sobre unha \u00e1rbore cunha altura igual a un edificio de 7 pisos. Sabes sobre a cultura do \u00e1mbar e do cacao.<\/span><\/p>\n<p>&nbsp;<\/p>\n<h2><strong>A actividade incl\u00fae:<\/strong><\/h2>\n<p>&nbsp;<\/p>\n<ul>\n<li style=\"font-weight: 400;\"><span style=\"font-weight: 400;\">Traslado desde Sabana de la Mar por<\/span><\/li>\n<li style=\"font-weight: 400;\"><span style=\"font-weight: 400;\">Sendeirismo<\/span><\/li>\n<li style=\"font-weight: 400;\"><span style=\"font-weight: 400;\">M\u00e1scara de barro de r\u00edo\u00a0<\/span><\/li>\n<li style=\"font-weight: 400;\"><span style=\"font-weight: 400;\">Xantar buffet<\/span><\/li>\n<li style=\"font-weight: 400;\"><span style=\"font-weight: 400;\">Casa na \u00e1rbore con chan de cristal<\/span><\/li>\n<li style=\"font-weight: 400;\"><span style=\"font-weight: 400;\">Proceso do cacao<\/span><\/li>\n<li style=\"font-weight: 400;\"><span style=\"font-weight: 400;\">Caf\u00e9 ecol\u00f3xico<\/span><\/li>\n<li style=\"font-weight: 400;\"><span style=\"font-weight: 400;\">Fervenza<\/span><\/li>\n<li style=\"font-weight: 400;\"><span style=\"font-weight: 400;\">\u00a0Gu\u00eda Nacional de Turismo<\/span><\/li>\n<li style=\"font-weight: 400;\"><span style=\"font-weight: 400;\">\u00a0Wifi<\/span><\/li>\n<li style=\"font-weight: 400;\"><span style=\"font-weight: 400;\">Tendas Ambar Rock<\/span><\/li>\n<\/ul>\n<p>&nbsp;<\/p>\n<p><b>Nota:<\/b><\/p>\n<p><span style=\"font-weight: 400;\">En Salto e Rancho Yanigua non hai sinal telef\u00f3nico, \u00e9 importante ter en conta a comunicaci\u00f3n externa, pero temos unha rede privada propia con internet para o p\u00fablico<\/span><\/p>\n<p>&nbsp;<\/p>\n<h4><em><strong>Que debes traer?<\/strong><\/em><\/h4>\n<ul>\n<li style=\"font-weight: 400;\"><span style=\"font-weight: 400;\">C\u00e1mara<\/span><\/li>\n<li style=\"font-weight: 400;\"><span style=\"font-weight: 400;\">Brotes repelentes<\/span><\/li>\n<li style=\"font-weight: 400;\"><span style=\"font-weight: 400;\">Crema solar<\/span><\/li>\n<li style=\"font-weight: 400;\"><span style=\"font-weight: 400;\">Sombreiro<\/span><\/li>\n<li style=\"font-weight: 400;\"><span style=\"font-weight: 400;\">Pantal\u00f3ns c\u00f3modos<\/span><\/li>\n<li style=\"font-weight: 400;\"><span style=\"font-weight: 400;\">Zapatos de sendeirismo para bosque<\/span><\/li>\n<li style=\"font-weight: 400;\"><span style=\"font-weight: 400;\">Sandalias para as zonas de Primavera.<\/span><\/li>\n<li style=\"font-weight: 400;\"><span style=\"font-weight: 400;\">Roupa de ba\u00f1o<\/span><\/li>\n<\/ul>\n<p>&nbsp;<\/p>\n<h4><b><i>Recollida no hotel <\/i><\/b><\/h4>\n<p><span style=\"font-weight: 400;\">Non se ofrece a recollida do hotel para esta excursi\u00f3n. <\/span><\/p>\n<p>&nbsp;<\/p>\n<p><b>Nota:<\/b><span style=\"font-weight: 400;\"> se reservas dentro das 24 horas posteriores \u00e1 hora de sa\u00edda da excursi\u00f3n\/excursi\u00f3n, podemos organizar a recollida do hotel con cargos adicionais. Unha vez completada a compra, enviar\u00e9mosche a informaci\u00f3n de contacto completa (n\u00famero de tel\u00e9fono, enderezo de correo electr\u00f3nico, etc.) para que o noso gu\u00eda tur\u00edstico local organice a recollida.<\/span><\/p>\n<h4><b><i>Confirmaci\u00f3n de informaci\u00f3n adicional <\/i><\/b><\/h4>\n<ol>\n<li>As entradas son o recibo despois de pagar este Tour. Podes mostrar o pago no teu tel\u00e9fono.<\/li>\n<li style=\"font-weight: 400;\"><span style=\"font-weight: 400;\">O punto de encontro recibirase despois do proceso de reserva.<\/span><\/li>\n<li style=\"font-weight: 400;\"><span style=\"font-weight: 400;\">Os nenos deben ir acompa\u00f1ados dun adulto.<\/span><\/li>\n<li style=\"font-weight: 400;\"><span style=\"font-weight: 400;\"> Non accesible en cadeira de rodas <\/span><\/li>\n<li style=\"font-weight: 400;\"><span style=\"font-weight: 400;\">Os beb\u00e9s deben sentarse no colo <\/span><\/li>\n<li style=\"font-weight: 400;\"><span style=\"font-weight: 400;\">Non recomendado para viaxeiros con problemas de costas<\/span><\/li>\n<li style=\"font-weight: 400;\"><span style=\"font-weight: 400;\">Non recomendado para viaxeiras embarazadas <\/span><\/li>\n<li style=\"font-weight: 400;\"><span style=\"font-weight: 400;\"> Sen problemas card\u00edacos ou outras condici\u00f3ns m\u00e9dicas graves <\/span><\/li>\n<li style=\"font-weight: 400;\"><span style=\"font-weight: 400;\">Poden participar a maior\u00eda dos viaxeiros<\/span><\/li>\n<\/ol>\n<h4><b><i>Pol\u00edtica de cancelaci\u00f3n<\/i><\/b><\/h4>\n<p>Para obter un reembolso completo, lea as nosas pol\u00edticas de cancelaci\u00f3n\u00a0<a href=\"https:\/\/ballenajorobada.com\/gl\/reserva-en-lina\/\" target=\"_blank\" rel=\"noopener\" data-saferedirecturl=\"https:\/\/www.google.com\/url?q=https:\/\/ballenajorobada.com\/online-booking\/&amp;source=gmail&amp;ust=1672449202351000&amp;usg=AOvVaw1yAeVAPktmaVCqDujgUn90\">Pulse AQU\u00cd<\/a>. Os fondos perderanse se a reserva se cancela o mesmo d\u00eda da viaxe.<\/p>\n<h4><\/h4>\n\n\t\t<\/div>\n\t<\/div>\n<\/div><\/div><\/div><\/div><div class=\"vc_row wpb_row vc_row-fluid\" ><div class=\"wpb_column vc_column_container vc_col-sm-12\"><div class=\"vc_column-inner\"><div class=\"wpb_wrapper\"><div class=\"vc_empty_space\"   style=\"height: 32px\"><span class=\"vc_empty_space_inner\"><\/span><\/div>\n\t<div class=\"wpb_text_column wpb_content_element\" >\n\t\t<div class=\"wpb_wrapper\">\n\t\t\t<h4>Contacta connosco?<\/h4>\n<h5>Reserva aventuras<\/h5>\n<p><em><strong>Os locais<\/strong>\u00a0e\u00a0<strong>Nacionais<\/strong>\u00a0Gu\u00edas tur\u00edsticos e servizos para os h\u00f3spedes<\/em><\/p>\n<p><span class=\"text-turquoise\">Reservas:<\/span>\u00a0Tours e excursi\u00f3ns en Dom. Rep.<\/p>\n<p><img decoding=\"async\" class=\"emoji\" draggable=\"false\" src=\"https:\/\/s.w.org\/images\/core\/emoji\/11.2.0\/svg\/1f4de.svg\" alt=\"\ud83d\udcde\" title=\"\">\u00a0Tel\/Whatsapp\u00a0\u00a0<a href=\"tel:+1-809-720-6035\">+1-809-720-6035<\/a>.<\/p>\n<p><img decoding=\"async\" class=\"emoji\" draggable=\"false\" src=\"https:\/\/s.w.org\/images\/core\/emoji\/11.2.0\/svg\/1f4e9.svg\" alt=\"\ud83d\udce9\" title=\"\">\u00a0<a href=\"mailto:info@bookingadventures.com.do\">info@bookingadventures.com.do<\/a><\/p>\n<p><strong>Somos flexibles para configurar tours privados por Whatsapp:\u00a0<a href=\"tel:+18097206035\">+18097206035.<\/a><\/strong><\/p>\n\n\t\t<\/div>\n\t<\/div>\n<div class=\"vc_empty_space\"   style=\"height: 32px\"><span class=\"vc_empty_space_inner\"><\/span><\/div><\/div><\/div><\/div><\/div><div class=\"vc_row wpb_row vc_row-fluid\" ><div class=\"wpb_column vc_column_container vc_col-sm-12\"><div class=\"vc_column-inner\"><div class=\"wpb_wrapper\"><div class=\"vc_btn3-container vc_btn3-inline\" ><button class=\"vc_general vc_btn3 vc_btn3-size-md vc_btn3-shape-rounded vc_btn3-style-modern vc_btn3-color-green\">RESERVAR AGORA<\/button><\/div><\/div><\/div><\/div><\/div>\n<\/section>","protected":false},"excerpt":{"rendered":"<p><span style=\"font-weight: 400;\"><span style=\"vertical-align: inherit;\"><span style=\"vertical-align: inherit;\">Fervenzas, Ambars Rock, Natural Mud Maks e unha casa na \u00e1rbore nun s\u00f3 lugar. Esc\u00e1pate da cidade para mergullarte no ecoturismo da provincia de Hato Mayor, a primeira provincia de ecoturismo da Rep\u00fablica Dominicana. Ven connosco e goza das frescas augas do r\u00edo Yanigua, onde se atopan El Salto e Rancho Yanigua, o lugar \u00e9 de f\u00e1cil acceso, rodeado de arbustos, e con carb\u00f3n mineral e barro azul nas s\u00faas augas, o Yanigua \u00e9 ao mesmo tempo. un anfiteatro de auga,<\/span><\/span><\/span>formando desprendementos ou recreaci\u00f3n que semellan chanzos brancos, dando unha vista impresionante e espectacular ao visitante.<\/p>\n<p><em><strong>Seleccione a data para a xira:<\/strong><\/em><\/p>","protected":false},"featured_media":11730,"template":"","meta":[],"product_brand":[],"product_cat":[839,946,927],"product_tag":[236,223,174,840,171,613,580,581,209,440,574,614,175,186,200,187],"class_list":{"0":"post-11698","1":"product","2":"type-product","3":"status-publish","4":"has-post-thumbnail","6":"product_cat-los-haitises-excursion","7":"product_cat-1-sabana-de-la-mar","8":"product_cat-hiking-los-haitises","9":"product_tag-birdwatching","10":"product_tag-cayo-levantado","11":"product_tag-eco-tours","12":"product_tag-live-the-jungle-in-los-haitises-waterfalls","13":"product_tag-los-haitises","14":"product_tag-los-haitises-excursiones","15":"product_tag-los-haitises-excursions","16":"product_tag-los-haitises-mapa","17":"product_tag-los-haitises-national-park","18":"product_tag-los-haitises-national-park-map","19":"product_tag-los-haitises-national-park-tour-from-santo-domingo","20":"product_tag-los-haitises-samana","21":"product_tag-sabana-de-la-mar","22":"product_tag-samana","23":"product_tag-samana-excursions","24":"product_tag-samana-tours","26":"first","27":"instock","28":"sale","29":"sold-individually","30":"shipping-taxable","31":"product-type-external"},"_links":{"self":[{"href":"https:\/\/ballenajorobada.com\/gl\/wp-json\/wp\/v2\/product\/11698","targetHints":{"allow":["GET"]}}],"collection":[{"href":"https:\/\/ballenajorobada.com\/gl\/wp-json\/wp\/v2\/product"}],"about":[{"href":"https:\/\/ballenajorobada.com\/gl\/wp-json\/wp\/v2\/types\/product"}],"wp:featuredmedia":[{"embeddable":true,"href":"https:\/\/ballenajorobada.com\/gl\/wp-json\/wp\/v2\/media\/11730"}],"wp:attachment":[{"href":"https:\/\/ballenajorobada.com\/gl\/wp-json\/wp\/v2\/media?parent=11698"}],"wp:term":[{"taxonomy":"product_brand","embeddable":true,"href":"https:\/\/ballenajorobada.com\/gl\/wp-json\/wp\/v2\/product_brand?post=11698"},{"taxonomy":"product_cat","embeddable":true,"href":"https:\/\/ballenajorobada.com\/gl\/wp-json\/wp\/v2\/product_cat?post=11698"},{"taxonomy":"product_tag","embeddable":true,"href":"https:\/\/ballenajorobada.com\/gl\/wp-json\/wp\/v2\/product_tag?post=11698"}],"curies":[{"name":"wp","href":"https:\/\/api.w.org\/{rel}","templated":true}]}}