{"id":13204,"date":"2021-10-14T18:48:40","date_gmt":"2021-10-14T18:48:40","guid":{"rendered":"https:\/\/www.ticketswhales.com\/?post_type=product&#038;p=13204"},"modified":"2023-11-04T17:19:12","modified_gmt":"2023-11-04T17:19:12","slug":"cano-hondo-hotel-room-free-breakfast-for-3-guests","status":"publish","type":"product","link":"https:\/\/ballenajorobada.com\/gl\/Tours-Excursions\/hotel-cano-hondo\/habitacion-de-hotel-cano-hondo-almorzo-gratuito-para-3-hospedes","title":{"rendered":"Habitaci\u00f3n do hotel Ca\u00f1o Hondo e almorzo gratu\u00edto para 3 h\u00f3spedes"},"content":{"rendered":"<section class=\"wpb-content-wrapper\"><div class=\"vc_row wpb_row vc_row-fluid\" ><div class=\"wpb_column vc_column_container vc_col-sm-12\"><div class=\"vc_column-inner\"><div class=\"wpb_wrapper\">\n\t<div class=\"wpb_text_column wpb_content_element\" >\n\t\t<div class=\"wpb_wrapper\">\n\t\t\t<p data-name-en=\"roomsize\"><strong>WiFi gratu\u00edto na sala ou no vest\u00edbulo,\u00a0<\/strong><strong>Aparcadoiro gratu\u00edto, limpeza diaria<\/strong><\/p>\n<p data-name-en=\"roomsize\"><em>(Almorzo gratu\u00edto para 2 persoas)<\/em><\/p>\n<h4 class=\"hprt-lightbox-title\" data-et-view=\"ZdffZZLJbFcFbRAOAcEUJXDbNZRO:1\"><strong>No teu ba\u00f1o:<\/strong><\/h4>\n<ul class=\"hprt-lightbox-list js-lightbox-facilities\" data-nr-of-facilities=\"4\" data-et-view=\"\">\n<li class=\"hprt-lightbox-list__item js-lightbox-facility\" data-name-en=\"Shower\" data-id=\"4\">\u2022 Ducha<\/li>\n<li class=\"hprt-lightbox-list__item js-lightbox-facility\" data-name-en=\"Free Toiletries\" data-id=\"27\">\u2022 Artigos de aseo gratu\u00edtos<\/li>\n<li class=\"hprt-lightbox-list__item js-lightbox-facility\" data-name-en=\"Bathroom\" data-id=\"38\">\u2022 Ba\u00f1o privado<\/li>\n<li class=\"hprt-lightbox-list__item js-lightbox-facility\" data-name-en=\"higher level toilet\" data-id=\"151\">\u2022 WC elevado<\/li>\n<\/ul>\n<h4 class=\"hprt-lightbox-title\"><strong>Instalaci\u00f3ns da habitaci\u00f3n:<\/strong><\/h4>\n<ul class=\"hprt-lightbox-list js-lightbox-facilities\" data-nr-of-facilities=\"10\">\n<li style=\"list-style-type: none;\">\n<ul class=\"hprt-lightbox-list js-lightbox-facilities\" data-nr-of-facilities=\"10\">\n<li class=\"hprt-lightbox-list__item js-lightbox-facility\" data-name-en=\"Balcony\" data-id=\"17\">\u2022 Balc\u00f3n<\/li>\n<li class=\"hprt-lightbox-list__item js-lightbox-facility\" data-name-en=\"Garden View\" data-id=\"110\">\u2022 Vistas ao mar<\/li>\n<li class=\"hprt-lightbox-list__item js-lightbox-facility\" data-name-en=\"Fan\" data-id=\"30\">\u2022 Ventilador<\/li>\n<li class=\"hprt-lightbox-list__item js-lightbox-facility\" data-name-en=\"Tumble dryer (machine)\" data-id=\"94\">\u2022 Mobles<\/li>\n<li>\u2022 2 camas de matrimonio<\/li>\n<li class=\"hprt-lightbox-list__item js-lightbox-facility\" data-name-en=\"Wardrobe\/Closet\" data-id=\"95\">\u2022 Roupa ou armario<\/li>\n<\/ul>\n<\/li>\n<\/ul>\n<p>[Le m\u00e1is]<\/p>\n<div>\n<h4><strong>Acceso para invitados:<\/strong><\/h4>\n<ul>\n<li>\u2022 Recepci\u00f3n 24 horas<\/li>\n<li>\u2022 16 cuartos para non fumadores<\/li>\n<li>\u2022 Restaurante e bar<\/li>\n<li>\u2022 Persoal pluriling\u00fce<\/li>\n<li>\u2022 Un r\u00edo preguiceiro e 11 Piscinas Naturais ao aire libre<\/li>\n<li>\u2022 Terraza na azotea<\/li>\n<li>\u2022 Xard\u00edn<\/li>\n<li>\u2022 \u00c1rea de merendeiro<\/li>\n<li>\u2022 Limpeza diaria<\/li>\n<li>\u2022 Servizo de lavander\u00eda<\/li>\n<\/ul>\n<h2><strong><em>Comodidades da habitaci\u00f3n:<\/em><\/strong><\/h2>\n<ul>\n<li>Ventilador de teito<\/li>\n<li>Decorado individualmente<\/li>\n<li>Secador de pelo (previa solicitude)<\/li>\n<li>Auga embotellada gratu\u00edta<\/li>\n<li>Balc\u00f3n<\/li>\n<li>Limpeza diaria<\/li>\n<li>Recepci\u00f3n 24 horas<\/li>\n<li>Fermosa vista<\/li>\n<\/ul>\n<p>[\/ler]<\/p>\n<hr \/>\n<h2>M\u00e1is detalles sobre Ca\u00f1o Hondo:<\/h2>\n<h2><strong><em>Fogueira e acampada<\/em><\/strong><\/h2>\n<p>Goza dunha fogueira nocturna baixo un manto de estrelas... sen contaminaci\u00f3n lum\u00ednica s\u00f3 un ceo nocturno escuro e os sons da vida do bosque tropical.<\/p>\n<p>Ademais dun gran servizo, podes gozar da comida t\u00edpica local (marisco fresco) ou de actividades e excursi\u00f3ns ao aire libre cun Gu\u00eda Profesional Local.<\/p>\n<p>Cada unha das nosas 16 salas leva o nome de aves que se poden atopar no parque nacional Los Haitises (hai unhas 110 especies no parque). Sobre todo, as habitaci\u00f3ns est\u00e1n decoradas individualmente, unha enerx\u00eda totalmente positiva que trae unha mellor estad\u00eda en Ca\u00f1o Hondo. Podes gozar de vistas \u00e1 ba\u00eda de San Lorenzo e \u00e1 ba\u00eda de Saman\u00e1!<\/p>\n<p>&nbsp;<\/p>\n<hr \/>\n<h2>Ofertas especiais Ca\u00f1o Hondo Actividades e Excursi\u00f3ns<\/h2>\n<ul>\n<li>Lista de actividades e excursi\u00f3ns:<\/li>\n<li>Forro con cremallera<\/li>\n<li>Escalada en parede de roca<\/li>\n<li>Paseos a cabalo<\/li>\n<li>Ruta de sendeirismo no Parque Nacional (2 ou 4 horas, combinable con kayak)<\/li>\n<li>Kayak (2 ou 4 horas, combinable con sendeirismo)<\/li>\n<li>Visitas guiadas en barco a Los Haitises visitando covas<\/li>\n<li>Avistamento de baleas (temporada do 15 de xaneiro ao 30 de marzo)<\/li>\n<li>Observaci\u00f3n guiada de aves<\/li>\n<li>Descubre o parque Los Haitises en canoa<\/li>\n<li>Cayo Levantado\/Illa Bacard\u00ed<\/li>\n<li>Fervenzas El Lim\u00f3n<\/li>\n<li>Praia do Front\u00f3n<\/li>\n<li>Boca do Diablo<\/li>\n<li>ATV + Praia do Valle<\/li>\n<\/ul>\n<p>Facemos tours privados ou en grupo, paquetes combinados que se adaptan aos nosos h\u00f3spedes. Para m\u00e1is informaci\u00f3n sobre actividades e excursi\u00f3ns, p\u00f3\u00f1ase en contacto connosco.<\/p>\n<h2><span class=\"_6ijom0\">Ca\u00f1o Hondo Acceso convidado<\/span><\/h2>\n<p>Que hai arredor\u2026<\/p>\n<ol>\n<li>16 cuartos para non fumadores<\/li>\n<li>Restaurante e bar\/sal\u00f3n<\/li>\n<li>R\u00edo preguiceiro e 15 piscinas exteriores<\/li>\n<li>Parque acu\u00e1tico gratu\u00edto<\/li>\n<li>Terraza na azotea<\/li>\n<li>Recepci\u00f3n 24 horas<\/li>\n<li>Limpeza diaria<\/li>\n<li>Vistas ao xard\u00edn<\/li>\n<li>Servizo de lavander\u00eda<\/li>\n<li>Persoal multiling\u00fce<\/li>\n<li>Servizos de conserxer\u00eda<\/li>\n<li>\u00c1rea de merendeiro<\/li>\n<li>Almorzo buf\u00e9 gratu\u00edto, wifi gratis nas zonas p\u00fablicas e aparcamento gratu\u00edto<\/li>\n<\/ol>\n<h4><b><i>Pol\u00edtica de cancelaci\u00f3n<\/i><\/b><\/h4>\n<p>Para obter un reembolso completo, lea as nosas pol\u00edticas de cancelaci\u00f3n\u00a0<a href=\"https:\/\/ballenajorobada.com\/gl\/reserva-en-lina\/\" target=\"_blank\" rel=\"noopener\" data-saferedirecturl=\"https:\/\/www.google.com\/url?q=https:\/\/ballenajorobada.com\/online-booking\/&amp;source=gmail&amp;ust=1672449202351000&amp;usg=AOvVaw1yAeVAPktmaVCqDujgUn90\">Pulse AQU\u00cd<\/a>. Os fondos perderanse se a reserva se cancela o mesmo d\u00eda da viaxe.<\/p>\n<\/div>\n\n\t\t<\/div>\n\t<\/div>\n<\/div><\/div><\/div><\/div><div class=\"vc_row wpb_row vc_row-fluid\" ><div class=\"wpb_column vc_column_container vc_col-sm-12\"><div class=\"vc_column-inner\"><div class=\"wpb_wrapper\">\n\t<div class=\"wpb_text_column wpb_content_element\" >\n\t\t<div class=\"wpb_wrapper\">\n\t\t\t<h2><em>Outras opci\u00f3ns de cuartos<\/em><\/h2>\n<div id=\"gtx-trans\" style=\"position: absolute; left: -6px; top: 45.275px;\">\n<div class=\"gtx-trans-icon\"><\/div>\n<\/div>\n\n\t\t<\/div>\n\t<\/div>\n<\/div><\/div><\/div><\/div><div class=\"vc_row wpb_row vc_row-fluid\" ><div class=\"wpb_column vc_column_container vc_col-sm-12\"><div class=\"vc_column-inner\"><div class=\"wpb_wrapper\"><div class=\"woocommerce columns-4\"><ul class=\"products columns-4\">\n<li class=\"product type-product post-13202 status-publish first instock product_cat-hotel-cano-hondo product_cat-room-offers product_tag-altos-cano-hondo product_tag-altos-de-cano-hondo product_tag-cano-hondo product_tag-cano-hondo-day-pass product_tag-cano-hondo-hotel product_tag-hotel-cano-hondo product_tag-hotel-sabana-de-la-mar product_tag-paraiso-cano-hondo has-post-thumbnail shipping-taxable product-type-external\">\n\t<div class=\"mkdf-pl-inner\"><div class=\"mkdf-pl-image\"><img loading=\"lazy\" decoding=\"async\" width=\"150\" height=\"150\" src=\"https:\/\/ballenajorobada.com\/wp-content\/uploads\/2021\/10\/Cano-Hondo35-150x150.jpg\" class=\"attachment-woocommerce_thumbnail size-woocommerce_thumbnail\" alt=\"Ca\u00f1o Hondo Hotel Room &amp; Free Breakfast for 1 Guest\" srcset=\"https:\/\/ballenajorobada.com\/wp-content\/uploads\/2021\/10\/Cano-Hondo35-150x150.jpg 150w, https:\/\/ballenajorobada.com\/wp-content\/uploads\/2021\/10\/Cano-Hondo35-85x85.jpg 85w, https:\/\/ballenajorobada.com\/wp-content\/uploads\/2021\/10\/Cano-Hondo35-550x550.jpg 550w, https:\/\/ballenajorobada.com\/wp-content\/uploads\/2021\/10\/Cano-Hondo35-100x100.jpg 100w\" sizes=\"auto, (max-width: 150px) 100vw, 150px\" title=\"\"><div class=\"mkdf-pl-text\"><div class=\"mkdf-pl-text-outer\"><div class=\"mkdf-pl-text-inner\"><a href=\"https:\/\/www.canohondohotel.com\/cano-hondo-room-reservation\/\" aria-describedby=\"woocommerce_loop_add_to_cart_link_describedby_13202\" data-quantity=\"1\" class=\"button product_type_external\" data-product_id=\"13202\" data-product_sku=\"\" aria-label=\"Enviar petici\u00f3n\" rel=\"nofollow noopener\">Enviar petici\u00f3n<\/a>\t<span id=\"woocommerce_loop_add_to_cart_link_describedby_13202\" class=\"screen-reader-text\">\n\t\t\t<\/span>\n<\/div><\/div><\/div><\/div><a href=\"https:\/\/ballenajorobada.com\/gl\/Tours-Excursions\/hotel-cano-hondo\/cano-hondo-hotel-room-free-breakfast-for-1-guest\" class=\"woocommerce-LoopProduct-link woocommerce-loop-product__link\"><\/a><\/div><div class=\"mkdf-pl-text-wrapper\"><h4 class=\"mkdf-product-list-title\"><a href=\"https:\/\/ballenajorobada.com\/gl\/Tours-Excursions\/hotel-cano-hondo\/cano-hondo-hotel-room-free-breakfast-for-1-guest\">Habitaci\u00f3n do hotel Ca\u00f1o Hondo e almorzo gratu\u00edto para 1 h\u00f3spede<\/a><\/h4>\n\t<span class=\"price\"><span class=\"woocommerce-Price-amount amount\"><bdi><span class=\"woocommerce-Price-currencySymbol\">&#36;<\/span>77.00<\/bdi><\/span><\/span>\n<\/div><\/li><li class=\"product type-product post-13201 status-publish instock product_cat-hotel-cano-hondo product_cat-room-offers product_tag-altos-cano-hondo product_tag-altos-de-cano-hondo product_tag-cano-hondo product_tag-cano-hondo-day-pass product_tag-cano-hondo-hotel product_tag-hotel-cano-hondo product_tag-hotel-sabana-de-la-mar product_tag-paraiso-cano-hondo has-post-thumbnail shipping-taxable product-type-external\">\n\t<div class=\"mkdf-pl-inner\"><div class=\"mkdf-pl-image\"><img loading=\"lazy\" decoding=\"async\" width=\"150\" height=\"150\" src=\"https:\/\/ballenajorobada.com\/wp-content\/uploads\/2021\/10\/Cano-Hondo-Hotel-Reservation-Booking-Online-BEST-PRICES-CANO-HONDO-HOTEL-996-150x150.jpg\" class=\"attachment-woocommerce_thumbnail size-woocommerce_thumbnail\" alt=\"Habitaci\u00f3n do hotel Ca\u00f1o Hondo e almorzo gratu\u00edto para 2 h\u00f3spedes\" srcset=\"https:\/\/ballenajorobada.com\/wp-content\/uploads\/2021\/10\/Cano-Hondo-Hotel-Reservation-Booking-Online-BEST-PRICES-CANO-HONDO-HOTEL-996-150x150.jpg 150w, https:\/\/ballenajorobada.com\/wp-content\/uploads\/2021\/10\/Cano-Hondo-Hotel-Reservation-Booking-Online-BEST-PRICES-CANO-HONDO-HOTEL-996-85x85.jpg 85w, https:\/\/ballenajorobada.com\/wp-content\/uploads\/2021\/10\/Cano-Hondo-Hotel-Reservation-Booking-Online-BEST-PRICES-CANO-HONDO-HOTEL-996-550x550.jpg 550w, https:\/\/ballenajorobada.com\/wp-content\/uploads\/2021\/10\/Cano-Hondo-Hotel-Reservation-Booking-Online-BEST-PRICES-CANO-HONDO-HOTEL-996-100x100.jpg 100w\" sizes=\"auto, (max-width: 150px) 100vw, 150px\" title=\"\"><div class=\"mkdf-pl-text\"><div class=\"mkdf-pl-text-outer\"><div class=\"mkdf-pl-text-inner\"><a href=\"https:\/\/bookingadventures.tours\/hotel_booking.php?room_id=f28f673df329e1c5bdc8e72340c8ef4b\" aria-describedby=\"woocommerce_loop_add_to_cart_link_describedby_13201\" data-quantity=\"1\" class=\"button product_type_external\" data-product_id=\"13201\" data-product_sku=\"\" aria-label=\"RESERVAR AGORA\" rel=\"nofollow noopener\">RESERVAR AGORA<\/a>\t<span id=\"woocommerce_loop_add_to_cart_link_describedby_13201\" class=\"screen-reader-text\">\n\t\t\t<\/span>\n<\/div><\/div><\/div><\/div><a href=\"https:\/\/ballenajorobada.com\/gl\/Tours-Excursions\/hotel-cano-hondo\/habitacion-de-hotel-cano-hondo-almorzo-gratuito-para-2-hospedes\" class=\"woocommerce-LoopProduct-link woocommerce-loop-product__link\"><\/a><\/div><div class=\"mkdf-pl-text-wrapper\"><h4 class=\"mkdf-product-list-title\"><a href=\"https:\/\/ballenajorobada.com\/gl\/Tours-Excursions\/hotel-cano-hondo\/habitacion-de-hotel-cano-hondo-almorzo-gratuito-para-2-hospedes\">Habitaci\u00f3n do hotel Ca\u00f1o Hondo e almorzo gratu\u00edto para 2 h\u00f3spedes<\/a><\/h4>\n\t<span class=\"price\"><span class=\"woocommerce-Price-amount amount\"><bdi><span class=\"woocommerce-Price-currencySymbol\">&#36;<\/span>117.00<\/bdi><\/span><\/span>\n<\/div><\/li><li class=\"product type-product post-13203 status-publish instock product_cat-hotel-cano-hondo product_cat-room-offers product_tag-altos-cano-hondo product_tag-altos-de-cano-hondo product_tag-cano-hondo product_tag-cano-hondo-day-pass product_tag-cano-hondo-hotel product_tag-hotel-cano-hondo product_tag-hotel-sabana-de-la-mar product_tag-paraiso-cano-hondo has-post-thumbnail shipping-taxable product-type-external\">\n\t<div class=\"mkdf-pl-inner\"><div class=\"mkdf-pl-image\"><img loading=\"lazy\" decoding=\"async\" width=\"150\" height=\"150\" src=\"https:\/\/ballenajorobada.com\/wp-content\/uploads\/2021\/10\/Cano-Hondo-Hotel-Reservation-Booking-Online-BEST-PRICES-CANO-HONDO-HOTEL-973-150x150.jpg\" class=\"attachment-woocommerce_thumbnail size-woocommerce_thumbnail\" alt=\"Habitaci\u00f3n do hotel Ca\u00f1o Hondo e almorzo gratu\u00edto para 4 h\u00f3spedes\" srcset=\"https:\/\/ballenajorobada.com\/wp-content\/uploads\/2021\/10\/Cano-Hondo-Hotel-Reservation-Booking-Online-BEST-PRICES-CANO-HONDO-HOTEL-973-150x150.jpg 150w, https:\/\/ballenajorobada.com\/wp-content\/uploads\/2021\/10\/Cano-Hondo-Hotel-Reservation-Booking-Online-BEST-PRICES-CANO-HONDO-HOTEL-973-85x85.jpg 85w, https:\/\/ballenajorobada.com\/wp-content\/uploads\/2021\/10\/Cano-Hondo-Hotel-Reservation-Booking-Online-BEST-PRICES-CANO-HONDO-HOTEL-973-550x550.jpg 550w, https:\/\/ballenajorobada.com\/wp-content\/uploads\/2021\/10\/Cano-Hondo-Hotel-Reservation-Booking-Online-BEST-PRICES-CANO-HONDO-HOTEL-973-100x100.jpg 100w\" sizes=\"auto, (max-width: 150px) 100vw, 150px\" title=\"\"><div class=\"mkdf-pl-text\"><div class=\"mkdf-pl-text-outer\"><div class=\"mkdf-pl-text-inner\"><a href=\"https:\/\/bookingadventures.tours\/hotel_booking.php?room_id=317767134e61e428a2ff368e2b195483\" aria-describedby=\"woocommerce_loop_add_to_cart_link_describedby_13203\" data-quantity=\"1\" class=\"button product_type_external\" data-product_id=\"13203\" data-product_sku=\"\" aria-label=\"RESERVAR AGORA\" rel=\"nofollow noopener\">RESERVAR AGORA<\/a>\t<span id=\"woocommerce_loop_add_to_cart_link_describedby_13203\" class=\"screen-reader-text\">\n\t\t\t<\/span>\n<\/div><\/div><\/div><\/div><a href=\"https:\/\/ballenajorobada.com\/gl\/Tours-Excursions\/hotel-cano-hondo\/cano-hondo-hotel-room-free-breakfast-for-4-guests\" class=\"woocommerce-LoopProduct-link woocommerce-loop-product__link\"><\/a><\/div><div class=\"mkdf-pl-text-wrapper\"><h4 class=\"mkdf-product-list-title\"><a href=\"https:\/\/ballenajorobada.com\/gl\/Tours-Excursions\/hotel-cano-hondo\/cano-hondo-hotel-room-free-breakfast-for-4-guests\">Habitaci\u00f3n do hotel Ca\u00f1o Hondo e almorzo gratu\u00edto para 4 h\u00f3spedes<\/a><\/h4>\n\t<span class=\"price\"><span class=\"woocommerce-Price-amount amount\"><bdi><span class=\"woocommerce-Price-currencySymbol\">&#36;<\/span>153.00<\/bdi><\/span><\/span>\n<\/div><\/li><li class=\"product type-product post-13205 status-publish last instock product_cat-hotel-cano-hondo product_cat-room-hotel-cano-hondo product_cat-room-offers product_tag-altos-cano-hondo product_tag-altos-de-cano-hondo product_tag-cano-hondo product_tag-cano-hondo-day-pass product_tag-cano-hondo-hotel product_tag-hotel-cano-hondo product_tag-hotel-sabana-de-la-mar product_tag-paraiso-cano-hondo has-post-thumbnail shipping-taxable product-type-external\">\n\t<div class=\"mkdf-pl-inner\"><div class=\"mkdf-pl-image\"><img loading=\"lazy\" decoding=\"async\" width=\"150\" height=\"150\" src=\"https:\/\/ballenajorobada.com\/wp-content\/uploads\/2021\/10\/20f679c0ba64046ebae5a51e6c17a1252121ba9cjfd888-150x150.jpeg\" class=\"attachment-woocommerce_thumbnail size-woocommerce_thumbnail\" alt=\"Ca\u00f1o Hondo Hotel Room &amp; Free Breakfast for 5 Guests\" srcset=\"https:\/\/ballenajorobada.com\/wp-content\/uploads\/2021\/10\/20f679c0ba64046ebae5a51e6c17a1252121ba9cjfd888-150x150.jpeg 150w, https:\/\/ballenajorobada.com\/wp-content\/uploads\/2021\/10\/20f679c0ba64046ebae5a51e6c17a1252121ba9cjfd888-85x85.jpeg 85w, https:\/\/ballenajorobada.com\/wp-content\/uploads\/2021\/10\/20f679c0ba64046ebae5a51e6c17a1252121ba9cjfd888-100x100.jpeg 100w\" sizes=\"auto, (max-width: 150px) 100vw, 150px\" title=\"\"><div class=\"mkdf-pl-text\"><div class=\"mkdf-pl-text-outer\"><div class=\"mkdf-pl-text-inner\"><a href=\"https:\/\/bookingadventures.tours\/booking.php?tour_id=7e4bc8f201b2b8e181b8bbeacafe5b2b\" aria-describedby=\"woocommerce_loop_add_to_cart_link_describedby_13205\" data-quantity=\"1\" class=\"button product_type_external\" data-product_id=\"13205\" data-product_sku=\"\" aria-label=\"RESERVAR AGORA\" rel=\"nofollow noopener\">RESERVAR AGORA<\/a>\t<span id=\"woocommerce_loop_add_to_cart_link_describedby_13205\" class=\"screen-reader-text\">\n\t\t\t<\/span>\n<\/div><\/div><\/div><\/div><a href=\"https:\/\/ballenajorobada.com\/gl\/Tours-Excursions\/hotel-cano-hondo\/cano-hondo-hotel-room-free-breakfast-for-5-guests\" class=\"woocommerce-LoopProduct-link woocommerce-loop-product__link\"><\/a><\/div><div class=\"mkdf-pl-text-wrapper\"><h4 class=\"mkdf-product-list-title\"><a href=\"https:\/\/ballenajorobada.com\/gl\/Tours-Excursions\/hotel-cano-hondo\/cano-hondo-hotel-room-free-breakfast-for-5-guests\">Habitaci\u00f3n do hotel Ca\u00f1o Hondo e almorzo gratu\u00edto para 5 h\u00f3spedes<\/a><\/h4>\n\t<span class=\"price\"><span class=\"woocommerce-Price-amount amount\"><bdi><span class=\"woocommerce-Price-currencySymbol\">&#36;<\/span>210.00<\/bdi><\/span><\/span>\n<\/div><\/li><\/ul>\n<\/div><\/div><\/div><\/div><\/div>\n<\/section>","protected":false},"excerpt":{"rendered":"<h2><strong>Hotel Ca\u00f1o Hondo<\/strong><\/h2>\n<p><em>(Almorzo gratu\u00edto para 3 persoas)<\/em><\/p>\n<p>Eco-Lodge \u00e9 un lugar m\u00e1xico, tranquilo e orixinal onde aloxarse. Este hotel natural e aut\u00e9ntico est\u00e1 situado no famoso Parque Nacional Los Haitises en Sabana de la Mar. Todas as nosas habitaci\u00f3ns est\u00e1n cheas de enerx\u00eda positiva con vistas incribles \u00e1 ba\u00eda de San Lorenzo e \u00e1 ba\u00eda de Saman\u00e1. As habitaci\u00f3ns te\u00f1en ba\u00f1o privado con auga quente e ventilador de teito. O almorzo est\u00e1 inclu\u00eddo, auga potable e caf\u00e9 gratu\u00edtos durante todo o d\u00eda. Tam\u00e9n podes escoller entre os nosos plans de comidas.<br \/>\n[Le m\u00e1is]<\/p>\n<h2><strong><em><span class=\"_6ijom0\">\u00a0Cano Hondo <\/span><\/em><\/strong><em><strong>Piscinas naturais<\/strong><\/em><\/h2>\n<p>Goza de piscinas ecol\u00f3xicas naturais con auga saudable e refrescante que se mesturan moi ben coa paisaxe coa t\u00faa familia ou h\u00f3spedes. As piscinas son totalmente biol\u00f3xicas sen necesidade de cloro ou produtos qu\u00edmicos que desenvolven a s\u00faa propia ecolox\u00eda natural e un ecosistema equilibrado ao ser dese\u00f1adas e constru\u00eddas dunha determinada maneira.<\/p>\n<h2><em><strong>Normas Infantiles de Ca\u00f1o Hondo:<\/strong><\/em><\/h2>\n<p>-Os nenos de 2 a 10 anos pagan a tarifa infantil<br \/>\n-Menores de 2 anos sen cargo<\/p>\n<h2><em><strong>Restaurante Ca\u00f1o Hondo:\u00a0<\/strong><\/em><\/h2>\n<p>Hai un men\u00fa con moitas opci\u00f3ns para escoller. Tam\u00e9n se incl\u00fae unha bebida por persoa en cada comida. As bebidas alcoh\u00f3licas est\u00e1n dispo\u00f1ibles por unha taxa, as\u00ed como bebidas adicionais.<\/p>\n<p>O men\u00fa do hotel conta historias peculiares de palabras ind\u00edxenas e historias f\u00e1bulas da zona. Tam\u00e9n destacan os pratos t\u00edpicos da comarca como o caranguexo, a caracola e as minutas, un pequeno peixe de auga doce que se disfruta, localmente, aderezado e frito. Os zumes de froitas naturais frescos r\u00f3tanse diariamente: lima, mel\u00f3n, mango, tamarindo, anan\u00e1s, etc.<br \/>\n[\/ler]<\/p>","protected":false},"featured_media":13233,"template":"","meta":[],"product_brand":[],"product_cat":[807,977],"product_tag":[425,879,176,421,211,804,978,423],"class_list":{"0":"post-13204","1":"product","2":"type-product","3":"status-publish","4":"has-post-thumbnail","6":"product_cat-hotel-cano-hondo","7":"product_cat-room-offers","8":"product_tag-altos-cano-hondo","9":"product_tag-altos-de-cano-hondo","10":"product_tag-cano-hondo","11":"product_tag-cano-hondo-day-pass","12":"product_tag-cano-hondo-hotel","13":"product_tag-hotel-cano-hondo","14":"product_tag-hotel-sabana-de-la-mar","15":"product_tag-paraiso-cano-hondo","17":"first","18":"instock","19":"shipping-taxable","20":"product-type-external"},"_links":{"self":[{"href":"https:\/\/ballenajorobada.com\/gl\/wp-json\/wp\/v2\/product\/13204","targetHints":{"allow":["GET"]}}],"collection":[{"href":"https:\/\/ballenajorobada.com\/gl\/wp-json\/wp\/v2\/product"}],"about":[{"href":"https:\/\/ballenajorobada.com\/gl\/wp-json\/wp\/v2\/types\/product"}],"wp:featuredmedia":[{"embeddable":true,"href":"https:\/\/ballenajorobada.com\/gl\/wp-json\/wp\/v2\/media\/13233"}],"wp:attachment":[{"href":"https:\/\/ballenajorobada.com\/gl\/wp-json\/wp\/v2\/media?parent=13204"}],"wp:term":[{"taxonomy":"product_brand","embeddable":true,"href":"https:\/\/ballenajorobada.com\/gl\/wp-json\/wp\/v2\/product_brand?post=13204"},{"taxonomy":"product_cat","embeddable":true,"href":"https:\/\/ballenajorobada.com\/gl\/wp-json\/wp\/v2\/product_cat?post=13204"},{"taxonomy":"product_tag","embeddable":true,"href":"https:\/\/ballenajorobada.com\/gl\/wp-json\/wp\/v2\/product_tag?post=13204"}],"curies":[{"name":"wp","href":"https:\/\/api.w.org\/{rel}","templated":true}]}}