{"id":11458,"date":"2014-08-03T18:52:12","date_gmt":"2014-08-03T18:52:12","guid":{"rendered":"https:\/\/www.ticketswhales.com\/?post_type=product&#038;p=11458"},"modified":"2025-02-02T17:16:02","modified_gmt":"2025-02-02T17:16:02","slug":"punta-cana-buggy-tour-pick-up-from-punta-cana-hotels","status":"publish","type":"product","link":"https:\/\/ballenajorobada.com\/hr\/Tours-Excursions\/tours-and-excursions\/punta-cana-buggy-tour-preuzimanje-iz-hotela-punta-cana","title":{"rendered":"Punta Cana Buggy obilazak \u2013 preuzimanje iz hotela u Punta Cani"},"content":{"rendered":"<section class=\"wpb-content-wrapper\"><div class=\"vc_row wpb_row vc_row-fluid\" ><div class=\"wpb_column vc_column_container vc_col-sm-12\"><div class=\"vc_column-inner\"><div class=\"wpb_wrapper\"><div class=\"mkdf-section-title-holder\" style=\"text-align: left\">\n\t<div class=\"mkdf-st-inner\">\n\t\t\t\t\t<h5 class=\"mkdf-st-subtitle\" >\n\t\t\t\tOd hotela Punta Cana\t\t\t<\/h5>\n\t\t\t\t\t\t\t<h3 class=\"mkdf-st-title\" >\n\t\t\t\tPunta Cana Buggies - Buggy\t\t\t<\/h3>\n\t\t\t\t\t\t\t<p class=\"mkdf-st-text\" >\n\t\t\t\tNapomena: Ovaj obilazak po\u010dinje u 7:00 ujutro, ovisno o tome gdje se nalazi hotel za preuzimanje, vrijeme se mo\u017ee promijeniti. Dodatni tro\u0161kovi za preuzimanje u podru\u010djima koja nisu navedena u na\u0161em opisu.\t\t\t<\/p>\n\t\t\t<\/div>\n<\/div><\/div><\/div><\/div><\/div><div class=\"vc_row wpb_row vc_row-fluid\" ><div class=\"wpb_column vc_column_container vc_col-sm-12\"><div class=\"vc_column-inner\"><div class=\"wpb_wrapper\"><div class=\"vc_empty_space\"   style=\"height: 32px\"><span class=\"vc_empty_space_inner\"><\/span><\/div><div class=\"vc_btn3-container vc_btn3-inline\" ><button class=\"vc_general vc_btn3 vc_btn3-size-md vc_btn3-shape-rounded vc_btn3-style-modern vc_btn3-color-green\">REZERVIRAJTE SADA<\/button><\/div><\/div><\/div><\/div><\/div><div class=\"vc_row wpb_row vc_row-fluid\" ><div class=\"wpb_column vc_column_container vc_col-sm-12\"><div class=\"vc_column-inner\"><div class=\"wpb_wrapper\">\n\t<div class=\"wpb_text_column wpb_content_element\" >\n\t\t<div class=\"wpb_wrapper\">\n\t\t\t<h4><b><i>Pregled <\/i><\/b><\/h4>\n<div>\n<p>Obi\u0111ite rajske krajolike Punta Cane, ukrcajte se na svoj vlastiti buggy! Vi \u0107ete <strong>otkrijte selo Macao i njegove idili\u010dne pla\u017ee<\/strong>, kao i kupanje u autohtonom cenotu.<\/p>\n<\/div>\n<ul class=\"vcs-highlights\">\n<li>Izbor izme\u0111u nekoliko polazaka tijekom dana<\/li>\n<li>U\u017eivajte u fantasti\u010dnim pogledima<\/li>\n<li>Sklono obitelji<\/li>\n<li>Preuzimanje s mjesta okupljanja u sredi\u0161tu mjesta<\/li>\n<li>Romanti\u010dno iskustvo, savr\u0161eno za parove<\/li>\n<\/ul>\n<p>&nbsp;<\/p>\n<h4><b>Uklju\u010divanja i isklju\u010denja<\/b><\/h4>\n<p>&nbsp;<\/p>\n<p><b>Uklju\u010divanja<\/b><\/p>\n<p>&nbsp;<\/p>\n<ol>\n<li>Buggies Tour<\/li>\n<li>Preuzimanje autobusom od va\u0161eg hotela<\/li>\n<li style=\"font-weight: 400;\"><span style=\"font-weight: 400;\">Svi porezi, naknade i manipulativni tro\u0161kovi<\/span><\/li>\n<li style=\"font-weight: 400;\"><span style=\"font-weight: 400;\">Lokalni porezi<\/span><\/li>\n<li style=\"font-weight: 400;\"><span style=\"font-weight: 400;\">Pi\u0107a<\/span><\/li>\n<\/ol>\n<p><b> Isklju\u010divanja<\/b><\/p>\n<ol>\n<li style=\"font-weight: 400;\"><span style=\"font-weight: 400;\">Napojnice<\/span><\/li>\n<li>Ru\u010dak<\/li>\n<\/ol>\n<p>&nbsp;<\/p>\n<h4><em><strong>Polazak &amp; Povratak<\/strong><\/em><\/h4>\n<p><span style=\"font-weight: 400;\">Putnik \u0107e dobiti mjesto sastanka nakon procesa rezervacije. Ture po\u010dinju i zavr\u0161avaju na na\u0161im sastajali\u0161tima.<\/span><\/p>\n<p>&nbsp;<\/p>\n<h4><b><i>\u0160to o\u010dekivati?<\/i><\/b><\/h4>\n<p>Nakon \u0161to smo vas pokupili iz va\u0161eg hotela, uputit \u0107emo se u unutra\u0161njost Punta Cane. Okru\u017een <strong>planta\u017ee kave i kakaovca<\/strong>, tvoj\u00a0<strong>lokalni vodi\u010di<\/strong>\u00a0objasnit \u0107e obilazak i sve \u0161to trebate znati za vo\u017enju va\u0161eg buggyja.<\/p>\n<p>Zatim \u0107emo okrenuti klju\u010d u bravi za paljenje i zapo\u010deti uzbu\u0111enje\u00a0<strong>brdima, kroz planta\u017ee kave i du\u017e zemljanih staza i rije\u010dnih korita<\/strong>.<\/p>\n<p>Na\u0161a prva stanica bit \u0107e na pla\u017ei Macao. Daleko od velikih hotela i turisti\u010dkih podru\u010dja, ovo\u00a0<strong>prirodni raj<\/strong>\u00a0a njegova kristalno \u010dista voda savr\u0161eno je mjesto za kupanje, a ovdje \u0107ete imati slobodnog vremena za to\u00a0<strong>plivajte u zadivljuju\u0107em karipskom moru<\/strong>.<\/p>\n<p>Zatim \u0107emo se popeti natrag u na\u0161 buggy, na putu do takozvanih &#039;autohtonih izvora&#039;, otkrivaju\u0107i jedan od najidili\u010dnijih<strong>\u00a0cenote<\/strong>\u00a0u Punta Cani. Ovdje \u0107ete imati slobodno pola sata za istra\u017eivanje ovog podzemnog bazena, kupanje u njegovim tirkiznim vodama.<\/p>\n<p>Na kraju \u0107emo ostaviti kolica i otpratit \u0107emo vas do va\u0161eg smje\u0161taja i tako zavr\u0161iti nezaboravan dan.<\/p>\n<p><strong>Raspored:<\/strong><\/p>\n<p>7:00 \u2013 19:00\u2026 Promjena vremena ovisno o tome gdje se nalazite u Punta Cani.<\/p>\n<h4>Solo ili dijeljenje?<\/h4>\n<p>Prilikom rezervacije mo\u017eete odabrati \u017eelite li sami voziti buggy ili dijeliti vozilo s jo\u0161 jednom ili trojicom. Prikazana cijena je po osobi.<\/p>\n<p>&nbsp;<\/p>\n<h4><em><strong>\u0160to trebate ponijeti?<\/strong><\/em><\/h4>\n<ul>\n<li style=\"font-weight: 400;\"><span style=\"font-weight: 400;\">Fotoaparat<\/span><\/li>\n<li style=\"font-weight: 400;\"><span style=\"font-weight: 400;\">Repelentni pupoljci<\/span><\/li>\n<li style=\"font-weight: 400;\"><span style=\"font-weight: 400;\">krema za sun\u010danje<\/span><\/li>\n<li style=\"font-weight: 400;\"><span style=\"font-weight: 400;\">\u0160e\u0161ir<\/span><\/li>\n<li style=\"font-weight: 400;\"><span style=\"font-weight: 400;\">Udobne hla\u010de<\/span><\/li>\n<li style=\"font-weight: 400;\"><span style=\"font-weight: 400;\">Planinarske cipele za \u0161umu<\/span><\/li>\n<li style=\"font-weight: 400;\"><span style=\"font-weight: 400;\">Sandale za pla\u017eu<\/span><\/li>\n<li style=\"font-weight: 400;\"><span style=\"font-weight: 400;\">Odje\u0107a za kupanje<\/span><\/li>\n<li>Gotovina za suvenire<\/li>\n<\/ul>\n<p>&nbsp;<\/p>\n<h4><b><i>Preuzimanje iz hotela <\/i><\/b><\/h4>\n<p><span style=\"font-weight: 400;\">Nudi se preuzimanje putnika!<\/span><\/p>\n<p><span style=\"font-weight: 400;\">Dovozimo iz svih hotela u Punta Cani. Mjesto preuzimanja je predvorje hotela<br \/>\nnAko odsjedate u stanu u okolici, pokupit \u0107emo vas u stanu ili na ulazu u najbli\u017ee odmarali\u0161te. Postavili smo da nas preuzimanje kontaktira putem WhatsAppa.<\/span><\/p>\n<p><b>Bilje\u0161ka:<\/b><span style=\"font-weight: 400;\"> Ako rezervirate u roku od 24 sata od vremena polaska putovanja\/izleta, mo\u017eemo organizirati prijevoz iz hotela uz dodatne naknade. Nakon \u0161to je va\u0161a kupnja dovr\u0161ena, poslat \u0107emo vam potpune podatke za kontakt (telefonski broj, adresu e-po\u0161te, itd.) za na\u0161eg lokalnog vodi\u010da kako bismo organizirali preuzimanje.<\/span><\/p>\n<h4><b><i>Potvrda dodatnih informacija <\/i><\/b><\/h4>\n<ol>\n<li>Ulaznice su ra\u010dun nakon pla\u0107anja ovog putovanja. Uplatu mo\u017eete prikazati na svom telefonu.<\/li>\n<li style=\"font-weight: 400;\"><span style=\"font-weight: 400;\">Mjesto sastanka bit \u0107e primljeno nakon procesa rezervacije.<\/span><\/li>\n<li style=\"font-weight: 400;\"><strong>Djeca od 5 do 11 godina<\/strong>\u00a0mogu sudjelovati samo ako se voze u kolicima za 2 ili 4 osobe u pratnji odrasle osobe, budu\u0107i da ne mogu voziti kolica.<\/li>\n<li style=\"font-weight: 400;\"><span style=\"font-weight: 400;\">Dostupno invalidskim kolicima <\/span><\/li>\n<li style=\"font-weight: 400;\"><span style=\"font-weight: 400;\">Dojen\u010dad moraju sjediti u krilu <\/span><\/li>\n<li style=\"font-weight: 400;\"><span style=\"font-weight: 400;\">Ve\u0107ina putnika mo\u017ee sudjelovati<\/span><\/li>\n<li><strong>Trudna \u017eena<\/strong>\u00a0ne smiju sudjelovati u ovoj aktivnosti.<\/li>\n<\/ol>\n<h4><b><i>Politika otkazivanja<\/i><\/b><\/h4>\n<p><span style=\"font-weight: 400;\">Za potpuni povrat novca pro\u010ditajte na\u0161a pravila otkazivanja\u00a0<a href=\"https:\/\/www.ticketswhales.com\/online-booking\/\" target=\"_blank\" rel=\"noopener\" data-saferedirecturl=\"https:\/\/www.google.com\/url?q=https:\/\/www.ticketswhales.com\/online-booking\/&amp;source=gmail&amp;ust=1672449202351000&amp;usg=AOvVaw1yAeVAPktmaVCqDujgUn90\">Kliknite ovdje<\/a>. Sredstva \u0107e biti izgubljena ako se rezervacija otka\u017ee isti dan putovanja.<\/span><\/p>\n\n\t\t<\/div>\n\t<\/div>\n<\/div><\/div><\/div><\/div><div class=\"vc_row wpb_row vc_row-fluid\" ><div class=\"wpb_column vc_column_container vc_col-sm-12\"><div class=\"vc_column-inner\"><div class=\"wpb_wrapper\">\n\t<div class=\"wpb_text_column wpb_content_element\" >\n\t\t<div class=\"wpb_wrapper\">\n\t\t\t<h4>Kontaktirajte nas?<\/h4>\n<h5><em><strong>Booking Adventures<\/strong><\/em><\/h5>\n<p><em><strong>Mje\u0161tani<\/strong> i <strong>Dr\u017eavljani<\/strong> Turisti\u010dki vodi\u010di i usluge za goste<\/em><\/p>\n<p><span class=\"text-turquoise\">Rezervacije:<\/span> Ture i izleti u Dom. Rep.<\/p>\n\n\t\t<\/div>\n\t<\/div>\n<\/div><\/div><\/div><\/div><div class=\"vc_row wpb_row vc_row-fluid\" ><div class=\"wpb_column vc_column_container vc_col-sm-12\"><div class=\"vc_column-inner\"><div class=\"wpb_wrapper\"><div class=\"vc_empty_space\"   style=\"height: 32px\"><span class=\"vc_empty_space_inner\"><\/span><\/div>\n\t<div class=\"wpb_text_column wpb_content_element\" >\n\t\t<div class=\"wpb_wrapper\">\n\t\t\t<h4>Kontaktirajte nas?<\/h4>\n<h5>Booking Adventures<\/h5>\n<p><em><strong>Mje\u0161tani<\/strong>\u00a0i\u00a0<strong>Dr\u017eavljani<\/strong>\u00a0Turisti\u010dki vodi\u010di i usluge za goste<\/em><\/p>\n<p><span class=\"text-turquoise\">Rezervacije:<\/span>\u00a0Ture i izleti u Dom. Rep.<\/p>\n<p><img decoding=\"async\" class=\"emoji\" draggable=\"false\" src=\"https:\/\/s.w.org\/images\/core\/emoji\/11.2.0\/svg\/1f4de.svg\" alt=\"\ud83d\udcde\" title=\"\">\u00a0Tel \/ Whatsapp\u00a0\u00a0<a href=\"tel:+1-809-720-6035\">+1-809-720-6035<\/a>.<\/p>\n<p><img decoding=\"async\" class=\"emoji\" draggable=\"false\" src=\"https:\/\/s.w.org\/images\/core\/emoji\/11.2.0\/svg\/1f4e9.svg\" alt=\"\ud83d\udce9\" title=\"\">\u00a0<a href=\"mailto:info@bookingadventures.com.do\">info@bookingadventures.com.do<\/a><\/p>\n<p><strong>Mi smo fleksibilni i postavljamo privatne obilaske putem Whatsappa:\u00a0<a href=\"tel:+18097206035\">+18097206035.<\/a><\/strong><\/p>\n\n\t\t<\/div>\n\t<\/div>\n<div class=\"vc_empty_space\"   style=\"height: 32px\"><span class=\"vc_empty_space_inner\"><\/span><\/div><\/div><\/div><\/div><\/div><div class=\"vc_row wpb_row vc_row-fluid\" ><div class=\"wpb_column vc_column_container vc_col-sm-12\"><div class=\"vc_column-inner\"><div class=\"wpb_wrapper\"><div class=\"vc_btn3-container vc_btn3-inline\" ><button class=\"vc_general vc_btn3 vc_btn3-size-md vc_btn3-shape-rounded vc_btn3-style-modern vc_btn3-color-green\">REZERVIRAJTE SADA<\/button><\/div><\/div><\/div><\/div><\/div>\n<\/section>","protected":false},"excerpt":{"rendered":"<p>Nakon \u0161to smo vas pokupili iz va\u0161eg hotela, uputit \u0107emo se u unutra\u0161njost Punta Cane. Okru\u017een\u00a0<strong>planta\u017ee kave i kakaovca<\/strong>, tvoj\u00a0<strong>lokalni vodi\u010di<\/strong>\u00a0objasnit \u0107e obilazak i sve \u0161to trebate znati za vo\u017enju va\u0161eg buggyja.<\/p>\n<p>Zatim \u0107emo okrenuti klju\u010d u bravi za paljenje i zapo\u010deti uzbu\u0111enje\u00a0<strong>brdima, kroz planta\u017ee kave i du\u017e zemljanih staza i rije\u010dnih korita<\/strong>.<\/p>\n<p>&nbsp;<\/p>\n<p><em><strong>Odaberite datum obilaska\u00a0<\/strong><\/em><\/p>","protected":false},"featured_media":17227,"template":"","meta":[],"product_brand":[],"product_cat":[253,948,808,972,969,349,294],"product_tag":[810,811,222,809,471,313],"class_list":{"0":"post-11458","1":"product","2":"type-product","3":"status-publish","4":"has-post-thumbnail","6":"product_cat-tours-and-excursions","7":"product_cat-1-punta-cana","8":"product_cat-punta-cana-buggy-tour","9":"product_cat-punta-cana-group-tours","10":"product_cat-punta-cana-buggies","11":"product_cat-tours-and-excursion-punta-cana","12":"product_cat-tours-excursions-punta-cana-dominican-republic","13":"product_tag-buggies","14":"product_tag-buggies-punta-cana","15":"product_tag-punta-cana","16":"product_tag-punta-cana-buggy-tour-pick-up-from-punta-cana-hotels","17":"product_tag-punta-cana-catamaran-party-with-snorkeling-and-parasailing","18":"product_tag-punta-cana-tours","20":"first","21":"instock","22":"sale","23":"sold-individually","24":"shipping-taxable","25":"product-type-external"},"_links":{"self":[{"href":"https:\/\/ballenajorobada.com\/hr\/wp-json\/wp\/v2\/product\/11458","targetHints":{"allow":["GET"]}}],"collection":[{"href":"https:\/\/ballenajorobada.com\/hr\/wp-json\/wp\/v2\/product"}],"about":[{"href":"https:\/\/ballenajorobada.com\/hr\/wp-json\/wp\/v2\/types\/product"}],"wp:featuredmedia":[{"embeddable":true,"href":"https:\/\/ballenajorobada.com\/hr\/wp-json\/wp\/v2\/media\/17227"}],"wp:attachment":[{"href":"https:\/\/ballenajorobada.com\/hr\/wp-json\/wp\/v2\/media?parent=11458"}],"wp:term":[{"taxonomy":"product_brand","embeddable":true,"href":"https:\/\/ballenajorobada.com\/hr\/wp-json\/wp\/v2\/product_brand?post=11458"},{"taxonomy":"product_cat","embeddable":true,"href":"https:\/\/ballenajorobada.com\/hr\/wp-json\/wp\/v2\/product_cat?post=11458"},{"taxonomy":"product_tag","embeddable":true,"href":"https:\/\/ballenajorobada.com\/hr\/wp-json\/wp\/v2\/product_tag?post=11458"}],"curies":[{"name":"wp","href":"https:\/\/api.w.org\/{rel}","templated":true}]}}