{"id":12453,"date":"2021-03-27T19:17:04","date_gmt":"2021-03-27T19:17:04","guid":{"rendered":"https:\/\/www.ticketswhales.com\/?post_type=product&#038;p=12453"},"modified":"2023-11-07T20:26:43","modified_gmt":"2023-11-07T20:26:43","slug":"los-haitises-tainos-canoe-mountain-bike-tour","status":"publish","type":"product","link":"https:\/\/ballenajorobada.com\/hr\/Tours-Excursions\/tours-excursions-los-haitises-national-park\/los-haitises-tainos-kanu-brdska-biciklisticka-tura","title":{"rendered":"Brdski bicikli + Taino&#039;s Canoe Los Haitises"},"content":{"rendered":"<section class=\"wpb-content-wrapper\"><div class=\"vc_row wpb_row vc_row-fluid\" ><div class=\"wpb_column vc_column_container vc_col-sm-12\"><div class=\"vc_column-inner\"><div class=\"wpb_wrapper\"><div class=\"vc_btn3-container vc_btn3-inline\" ><button class=\"vc_general vc_btn3 vc_btn3-size-md vc_btn3-shape-rounded vc_btn3-style-modern vc_btn3-color-green\">REZERVIRAJTE SADA<\/button><\/div>\n\t<div class=\"wpb_text_column wpb_content_element\" >\n\t\t<div class=\"wpb_wrapper\">\n\t\t\t<p><span style=\"vertical-align: inherit;\"><span style=\"vertical-align: inherit;\"><\/p>\n\n\t\t<\/div>\n\t<\/div>\n\n\t<div class=\"wpb_text_column wpb_content_element\" >\n\t\t<div class=\"wpb_wrapper\">\n\t\t\t<p><\/span><\/span><\/p>\n<h2>Brdski bicikli + Taino&#039;s Canoe Los Haitises<\/h2>\n<p>&nbsp;<\/p>\n<p>Putujte s lokalnim stru\u010dnjakom i steknite jedinstveno iskustvo vo\u017enje biciklom po\u010dev\u0161i od Sabana de la Mar, ova tura \u0107e vas provesti okolo gledaju\u0107i prekrasan krajolik sela Dominikanske Republike. Dok budete vozili bicikl, mo\u0107i \u0107ete pozdraviti! poljoprivrednicima koji ja\u0161u svoje konje ili motocikle do svojih posjeda i tijekom obilaska, mo\u0107i \u0107ete se upustiti u avanturu i lokalnu kulturu iz Sabane de la Mar. Neke \u010dinjenice o Los Haitises: jedna je od najve\u0107ih vapnena\u010dkih formacija na svijetu, mjesto za o\u010duvanje endemskih vrsta, Lokacija s ve\u0107inom bioraznolikosti otoka, tu je jedna od najve\u0107ih \u0161uma mangrova Quisqueya i \u0161pilja s najvi\u0161e piktograma Kariba.<\/p>\n<p>Zanima vas svakodnevni \u017eivot Ta\u00ednosa? S aktivno\u0161\u0107u Taino Adventure bit \u0107ete preba\u010deni u pro\u0161lost da do\u017eivite svijet autohtonih naroda Dominikanske Republike.<\/p>\n<p>Kanu je vjerojatno bio najva\u017eniji dio \u017eivota Ta\u00ednosa. Njime su lovili ribu, putovali na manje otoke, komunicirali s drugim plemenima i posje\u0107ivali \u0161amane radi rituala, lije\u010denja i proricanja. U Booking Adventuresu \u017eelimo vas uroniti u svijet Ta\u00ednosa.<\/p>\n<p>&nbsp;<\/p>\n<h4><a id=\"inclusions-exclusions\" class=\"aal_anchor\" href=\"https:\/\/bookingadventures.com.do\/dominicantour\/mountain-bikes-tainos-canoe-los-haitises\/#inclusions-exclusions\" aria-hidden=\"true\" rel=\"noopener\"><\/a><b>Uklju\u010divanja i isklju\u010denja<\/b><\/h4>\n<p><b>Uklju\u010divanja<\/b><\/p>\n<ol>\n<li>Izlet kanuima<\/li>\n<li>brdski bicikli<\/li>\n<li>Besplatna majica s Tainovim piktogramom<\/li>\n<li>Okus kruha Casabe<\/li>\n<li>Ture po \u0161piljama<\/li>\n<li>Svi porezi, naknade i manipulativni tro\u0161kovi<\/li>\n<li>Lokalni porezi<\/li>\n<li>Lokalni vodi\u010d<\/li>\n<\/ol>\n<p><b>Isklju\u010divanja<\/b><\/p>\n<ol>\n<li>Napojnice<\/li>\n<li>Prijenos<\/li>\n<li>Ru\u010dak nije uklju\u010den<\/li>\n<li>Alkoholna pi\u0107a<\/li>\n<\/ol>\n<p>&nbsp;<\/p>\n<h4><a id=\"departure-return\" class=\"aal_anchor\" href=\"https:\/\/bookingadventures.com.do\/dominicantour\/mountain-bikes-tainos-canoe-los-haitises\/#departure-return\" aria-hidden=\"true\" rel=\"noopener\"><\/a><em><strong>Polazak &amp; Povratak<\/strong><\/em><\/h4>\n<p>Putnik \u0107e dobiti mjesto sastanka nakon procesa rezervacije. Ture po\u010dinju i zavr\u0161avaju na na\u0161im sastajali\u0161tima.<\/p>\n<h4><a id=\"what-to-expect\" class=\"aal_anchor\" href=\"https:\/\/bookingadventures.com.do\/dominicantour\/mountain-bikes-tainos-canoe-los-haitises\/#what-to-expect\" aria-hidden=\"true\" rel=\"noopener\"><\/a><b><i>\u0160to o\u010dekivati?<\/i><\/b><\/h4>\n<p>U ovoj aktivnosti krenut \u0107ete u ru\u010dno izra\u0111enim kanuima, ba\u0161 kao \u0161to su to \u010dinili Ta\u00ednosi. \u010cut \u0107ete mnoge zvukove koji su ozna\u010dili njihovu povezanost s prirodom: zov \u017edralova, uranjanje rakova u vodu i nje\u017eno zapljuskivanje valova o prirodne formacije stijena. Lukovi korijenja mangrova podsjetit \u0107e vas na katedrale, i doista, Ta\u00ednosi (iako nisu imali crkve) bili su duboko duhovni. Nakon \u0161to krenete s na\u0161im vodi\u010dem, u\u017eivat \u0107ete u bogatoj raznolikosti ptica, gmazova i riba mangrova. Zaslijepljena blje\u0161tavilom valova koji trepere na jutarnjem svjetlu, planinama Saman\u00e1 u daljini i smaragdnim zelenilom palmi koje se nji\u0161u.<\/p>\n<p>Zatim \u0107ete mo\u0107i posjetiti neke od \u0161pilja koje su bile posebno va\u017ene Ta\u00ednosima. Putovali su od \u0161pilje do \u0161pilje u posjet mudracima, sklonili se od uragana i kao mjesta susreta s drugim plemenima. Jednom kad ste u \u0161piljama, mo\u0107i \u0107ete cijeniti ti\u0161inu i svetu auru prostora. Vidjet \u0107ete neke od uklesanih stijena, zvanih petroglifi, koji predstavljaju njihova bo\u017eanstva i duhove. Kona\u010dno, mo\u0107i \u0107ete ku\u0161ati ne\u0161to od istog tropskog vo\u0107a koje je Ta\u00ednos skupio prije nego \u0161to se vratite na mjesto sastanka.<\/p>\n<p>U ovom \u0107e obilasku na\u0161i stru\u010dni vodi\u010di opisati mnoge namjene kanua, kako su Ta\u00edno \u017eivjeli prije Kolumbova vremena i kako je \u0161uma mangrova neophodna za zdravlje okoli\u0161a.<\/p>\n<p>&nbsp;<\/p>\n<h4><a id=\"what-you-should-bring\" class=\"aal_anchor\" href=\"https:\/\/bookingadventures.com.do\/dominicantour\/mountain-bikes-tainos-canoe-los-haitises\/#what-you-should-bring\" aria-hidden=\"true\" rel=\"noopener\"><\/a><em><strong>\u0160to trebate ponijeti?<\/strong><\/em><\/h4>\n<ul>\n<li>Fotoaparat<\/li>\n<li>Repelentni pupoljci<\/li>\n<li>krema za sun\u010danje<\/li>\n<li>\u0160e\u0161ir<\/li>\n<li>Udobne hla\u010de<\/li>\n<li>Sandale ili cipele za blatna podru\u010dja.<\/li>\n<li>Odje\u0107a za kupanje<\/li>\n<\/ul>\n<p>&nbsp;<\/p>\n<h4><a id=\"hotel-pickup\" class=\"aal_anchor\" href=\"https:\/\/bookingadventures.com.do\/dominicantour\/mountain-bikes-tainos-canoe-los-haitises\/#hotel-pickup\" aria-hidden=\"true\" rel=\"noopener\"><\/a><b><i>Preuzimanje iz hotela<\/i><\/b><\/h4>\n<p>Prijevoz iz hotela nije ponu\u0111en za ovaj izlet.<\/p>\n<p><b>Bilje\u0161ka:<\/b>\u00a0Ako rezervirate u roku od 24 sata od vremena polaska putovanja\/izleta, mo\u017eemo organizirati prijevoz iz hotela uz dodatne naknade. Nakon \u0161to je va\u0161a kupnja dovr\u0161ena, poslat \u0107emo vam potpune podatke za kontakt (telefonski broj, adresu e-po\u0161te, itd.) za na\u0161eg lokalnog vodi\u010da kako bismo organizirali preuzimanje.<\/p>\n<h4><a id=\"additional-info-confirmation\" class=\"aal_anchor\" href=\"https:\/\/bookingadventures.com.do\/dominicantour\/mountain-bikes-tainos-canoe-los-haitises\/#additional-info-confirmation\" aria-hidden=\"true\" rel=\"noopener\"><\/a><b><i>Potvrda dodatnih informacija<\/i><\/b><\/h4>\n<ol>\n<li>Ulaznice su ra\u010dun nakon pla\u0107anja ovog putovanja. Uplatu mo\u017eete prikazati na svom telefonu.<\/li>\n<li>Mjesto sastanka bit \u0107e primljeno nakon procesa rezervacije.<\/li>\n<li>Djeca moraju biti u pratnji odrasle osobe.<\/li>\n<li>Nije pristupa\u010dno za invalidska kolica<\/li>\n<li>Dojen\u010dad moraju sjediti u krilu<\/li>\n<li>Ne preporu\u010duje se putnicima koji imaju problema s le\u0111ima<\/li>\n<li>Ne preporu\u010duje se trudnicama koje putuju<\/li>\n<li>Nema problema sa srcem ili drugih ozbiljnih zdravstvenih stanja<\/li>\n<li>Ve\u0107ina putnika mo\u017ee sudjelovati<\/li>\n<\/ol>\n\n\t\t<\/div>\n\t<\/div>\n<\/div><\/div><\/div><\/div><div class=\"wpb_column vc_column_container vc_col-sm-12\"><div class=\"vc_column-inner\"><div class=\"wpb_wrapper\"><\/div><\/div><\/div><div class=\"wpb_column vc_column_container vc_col-sm-12\"><div class=\"vc_column-inner\"><div class=\"wpb_wrapper\"><\/div><\/div><\/div><div class=\"wpb_column vc_column_container vc_col-sm-12\"><div class=\"vc_column-inner\"><div class=\"wpb_wrapper\"><\/div><\/div><\/div><div class=\"wpb_column vc_column_container vc_col-sm-12\"><div class=\"vc_column-inner\"><div class=\"wpb_wrapper\"><\/div><\/div><\/div><div class=\"wpb_column vc_column_container vc_col-sm-12\"><div class=\"vc_column-inner\"><div class=\"wpb_wrapper\"><\/div><\/div><\/div>\n<\/section>","protected":false},"excerpt":{"rendered":"<p><span style=\"font-weight: 400;\"><span style=\"vertical-align: inherit;\"><span style=\"vertical-align: inherit;\">U ovoj aktivnosti krenut \u0107ete u ru\u010dno izra\u0111enim kanuima, ba\u0161 kao \u0161to su to \u010dinili Tainovi. \u010cut \u0107ete mnoge zvukove koji su ozna\u010dili njihovu povezanost s prirodom: zov \u017edralova, uranjanje rakova u vodu i nje\u017eno zapljuskivanje valova o prirodne formacije stijena. Lukovi korijenja mangrova podsjetit \u0107e vas na katedrale, a zapravo su Tainosi (iako nisu imali crkve) bili duboko duhovni. <\/span><\/span><\/span><\/p>\n<p><span style=\"font-weight: 400;\"><span style=\"vertical-align: inherit;\"><span style=\"vertical-align: inherit;\"> Nakon \u0161to krenete s na\u0161im vodi\u010dem, u\u017eivat \u0107ete u bogatoj raznolikosti ptica, gmazova i riba u \u0161umama mangrova. Zaslijepljen blje\u0161tavilom valova koji treperi na jutarnjem svjetlu, planinama Samane u daljini i smaragdnim zelenilom palmi koje se nji\u0161u.\u00a0<\/span><\/span><\/span><\/p>\n<p><strong>Odaberite datum obilaska:<\/strong><\/p>","protected":false},"featured_media":12221,"template":"","meta":[],"product_brand":[],"product_cat":[838,946,867,930,926,254,255],"product_tag":[176,211,868,869,192,319,208,206,207,171,877,209,426,837,327,175,199,200],"class_list":{"0":"post-12453","1":"product","2":"type-product","3":"status-publish","4":"has-post-thumbnail","6":"product_cat-mangroves-projects","7":"product_cat-1-sabana-de-la-mar","8":"product_cat-los-haitises","9":"product_cat-mountain-bike-los-haitises","10":"product_cat-tainos-canoes","11":"product_cat-tours-excursions-los-haitises-national-park","12":"product_cat-tours-excursions-samana-bay-dominican-republic","13":"product_tag-cano-hondo","14":"product_tag-cano-hondo-hotel","15":"product_tag-canoes","16":"product_tag-canoes-dominican-republic","17":"product_tag-day-tour-cano-hondo","18":"product_tag-kayak-dominican-republic","19":"product_tag-kayaking-dominican-republic","20":"product_tag-kayaking-los-haitises","21":"product_tag-kayaks","22":"product_tag-los-haitises","23":"product_tag-los-haitises-mountain-bike","24":"product_tag-los-haitises-national-park","25":"product_tag-los-haitises-tours","26":"product_tag-mangroves-reforestation-in-los-haitises-with-locals","27":"product_tag-private-tours-samana","28":"product_tag-sabana-de-la-mar","29":"product_tag-samana-bay","30":"product_tag-samana-excursions","32":"first","33":"instock","34":"sale","35":"sold-individually","36":"shipping-taxable","37":"product-type-external"},"_links":{"self":[{"href":"https:\/\/ballenajorobada.com\/hr\/wp-json\/wp\/v2\/product\/12453","targetHints":{"allow":["GET"]}}],"collection":[{"href":"https:\/\/ballenajorobada.com\/hr\/wp-json\/wp\/v2\/product"}],"about":[{"href":"https:\/\/ballenajorobada.com\/hr\/wp-json\/wp\/v2\/types\/product"}],"wp:featuredmedia":[{"embeddable":true,"href":"https:\/\/ballenajorobada.com\/hr\/wp-json\/wp\/v2\/media\/12221"}],"wp:attachment":[{"href":"https:\/\/ballenajorobada.com\/hr\/wp-json\/wp\/v2\/media?parent=12453"}],"wp:term":[{"taxonomy":"product_brand","embeddable":true,"href":"https:\/\/ballenajorobada.com\/hr\/wp-json\/wp\/v2\/product_brand?post=12453"},{"taxonomy":"product_cat","embeddable":true,"href":"https:\/\/ballenajorobada.com\/hr\/wp-json\/wp\/v2\/product_cat?post=12453"},{"taxonomy":"product_tag","embeddable":true,"href":"https:\/\/ballenajorobada.com\/hr\/wp-json\/wp\/v2\/product_tag?post=12453"}],"curies":[{"name":"wp","href":"https:\/\/api.w.org\/{rel}","templated":true}]}}