{"id":12454,"date":"2021-03-28T05:56:11","date_gmt":"2021-03-28T05:56:11","guid":{"rendered":"https:\/\/www.ticketswhales.com\/?post_type=product&#038;p=12454"},"modified":"2023-11-07T20:22:58","modified_gmt":"2023-11-07T20:22:58","slug":"altos-de-cano-hondo-mountain-bike-tour","status":"publish","type":"product","link":"https:\/\/ballenajorobada.com\/hr\/Tours-Excursions\/altos-de-cano-hondo\/altos-de-cano-hondo-brdska-biciklisticka-tura","title":{"rendered":"Altos de Ca\u00f1o Hondo + tura brdskim biciklom"},"content":{"rendered":"<section class=\"wpb-content-wrapper\"><div class=\"vc_row wpb_row vc_row-fluid\" ><div class=\"wpb_column vc_column_container vc_col-sm-12\"><div class=\"vc_column-inner\"><div class=\"wpb_wrapper\"><div class=\"vc_empty_space\"   style=\"height: 32px\"><span class=\"vc_empty_space_inner\"><\/span><\/div><\/div><\/div><\/div><\/div><div class=\"vc_row wpb_row vc_row-fluid\" ><div class=\"wpb_column vc_column_container vc_col-sm-12\"><div class=\"vc_column-inner\"><div class=\"wpb_wrapper\"><div class=\"vc_btn3-container vc_btn3-inline\" ><button class=\"vc_general vc_btn3 vc_btn3-size-md vc_btn3-shape-rounded vc_btn3-style-modern vc_btn3-color-green\">REZERVIRAJTE SADA<\/button><\/div>\n\t<div class=\"wpb_text_column wpb_content_element\" >\n\t\t<div class=\"wpb_wrapper\">\n\t\t\t<h2 class=\"serp-title capitalize\">Altos de Cano Hondo i Mountain Bike Tour<\/h2>\n<h4><b><i>Pregled<\/i><\/b><\/h4>\n<p><span style=\"font-weight: 400;\">Putujte s lokalnim stru\u010dnjakom i steknite jedinstveno iskustvo vo\u017enje biciklom po\u010dev\u0161i od Sabana de la Mar, ova tura \u0107e vas odvesti okolo da vidite prekrasan krajolik sela Dominikanske Republike. Dok budete vozili bicikl, mo\u0107i \u0107ete pozdraviti! poljoprivrednicima koji ja\u0161u svoje konje ili motocikle do svojih imanja i tijekom obilaska, mo\u0107i \u0107ete iza\u0107i u avanturu i lokalnu kulturu iz Sabana de la Mar. Ovaj grad je slu\u017ebeno osnovan 1756. godine od strane oko jedanaest (11) obitelji koje su do\u0161le s Kanarskih otoka u \u0160panjolskoj. Glavne gospodarske aktivnosti Sabana de la Mara su poljoprivreda, ekoturizam i ribolov.\u00a0<\/span><\/p>\n<p>&nbsp;<\/p>\n<p><span style=\"font-weight: 400;\">Uklju\u010divanja i isklju\u010denja<\/span><\/p>\n<p>&nbsp;<\/p>\n<p><span style=\"font-weight: 400;\">Uklju\u010divanja<\/span><\/p>\n<p>&nbsp;<\/p>\n<p><span style=\"font-weight: 400;\">Biciklizam<\/span><\/p>\n<p>Ru\u010dak s lokalcima<\/p>\n<p><span style=\"font-weight: 400;\">Altos de Ca\u00f1o Hondo i prirodni bazeni<\/span><\/p>\n<p><span style=\"font-weight: 400;\">Svi porezi, naknade i manipulativni tro\u0161kovi<\/span><\/p>\n<p><span style=\"font-weight: 400;\">Lokalni porezi<\/span><\/p>\n<p><span style=\"font-weight: 400;\">Slu\u017ebenici, ekolozi, turisti\u010dki vodi\u010di engleski\/\u0161panjolski<\/span><\/p>\n<p>&nbsp;<\/p>\n<p><span style=\"font-weight: 400;\">Isklju\u010divanja<\/span><\/p>\n<p>&nbsp;<\/p>\n<p><span style=\"font-weight: 400;\">Napojnice<\/span><\/p>\n<p><span style=\"font-weight: 400;\">Prijenos<\/span><\/p>\n<p><span style=\"font-weight: 400;\">Pi\u0107e<\/span><\/p>\n<p>&nbsp;<\/p>\n<p><span style=\"font-weight: 400;\">Polazak &amp; Povratak<\/span><\/p>\n<p>&nbsp;<\/p>\n<p><span style=\"font-weight: 400;\">Tura u organizaciji \u201cBooking Adventures\u201d po\u010dinje na mjestu susreta s vodi\u010dem. Putnik \u0107e dobiti mjesto sastanka nakon procesa rezervacije. Ture po\u010dinju i zavr\u0161avaju na na\u0161im sastajali\u0161tima.<\/span><\/p>\n<p>&nbsp;<\/p>\n<p><span style=\"font-weight: 400;\">\u0160to o\u010dekivati?<\/span><\/p>\n<p><span style=\"font-weight: 400;\">Nabavite kartu za biciklizam i Altos de Cano Hondo i prirodne bazene iz Sabane de la Mar<\/span><\/p>\n<p>&nbsp;<\/p>\n<p><span style=\"font-weight: 400;\">Ovaj izlet po\u010dinje od mjesta sastanka koje morate potvrditi s na\u0161im putni\u010dkim agentima ili svojim turisti\u010dkim vodi\u010dem prije odlaska na bilo koje mjesto. Nakon \u0161to upoznate svog vodi\u010da, bit \u0107ete obavije\u0161teni o obilasku i svemu vezanom za va\u0161 dan.<\/span><\/p>\n<p><span style=\"font-weight: 400;\">Kada svi budu spremni, uputit \u0107emo se do Altos de Cano Hondo i prirodnih bazena gdje \u0107ete zapo\u010deti pje\u0161a\u010dku turu kako biste nadgledali jednu od 10 najboljih destinacija za ekoturizam na svijetu prema \u010dasopisu Forbes tijekom ove avanture nau\u010dit \u0107ete o jedinstvenoj arhitekturi ovog ekolo\u0161kog naselja.\u00a0<\/span><\/p>\n<p><span style=\"font-weight: 400;\">Cano Hondo je ime koje su dali lokalni poljoprivrednici tog podru\u010dja, a ovo ime dolazi od vrste geografije lokacije, ovo mjesto je ispod razine mora i postoje mali izvori poput Jivales i Cano Hondo koji dolaze iz podzemne rijeke ravno iz Planina Los Haitises.\u00a0<\/span><\/p>\n<p><span style=\"font-weight: 400;\">Tijekom ovog dijela va\u0161eg putovanja, posjetit \u0107ete Altos de Cano Hondo koji je uz Nacionalni park Los Haitises jedan od najve\u0107ih nacionalnih parkova u zemlji s vi\u0161e od 1600 km2 i jednom od najve\u0107ih svjetskih vapnena\u010dkih formacija.\u00a0<\/span><\/p>\n<p>&nbsp;<\/p>\n<p><span style=\"font-weight: 400;\">Nakon pje\u0161a\u010dke ture o Altos de Cano Hondo, pripremite se za skok u prirodne bazene prije ru\u010dka, a nakon ru\u010dka, vratit \u0107ete se u Sabana de la Mar. Nakon 4 sata i pol sata aktivnosti u Cano Hondo, po\u010dinjemo jahati na\u0161om planinom biciklom natrag u Sabana de la Mar, ovaj izlet zavr\u0161ava na istom mjestu gdje je i zapo\u010deo.<\/span><\/p>\n<p>&nbsp;<\/p>\n<p><span style=\"font-weight: 400;\">Napomena: Ove ture su s turisti\u010dkim vodi\u010dima slu\u017ebenih ekologa. Rezervirajte na vrijeme jer u parku nema previ\u0161e stru\u010dnjaka.<\/span><\/p>\n<p>&nbsp;<\/p>\n<p>&nbsp;<\/p>\n<p><span style=\"font-weight: 400;\">\u0160to trebate ponijeti?<\/span><\/p>\n<ul>\n<li style=\"font-weight: 400;\" aria-level=\"1\"><span style=\"font-weight: 400;\">Fotoaparat<\/span><\/li>\n<li style=\"font-weight: 400;\" aria-level=\"1\"><span style=\"font-weight: 400;\">Repelentni pupoljci<\/span><\/li>\n<li style=\"font-weight: 400;\" aria-level=\"1\"><span style=\"font-weight: 400;\">krema za sun\u010danje<\/span><\/li>\n<li style=\"font-weight: 400;\" aria-level=\"1\"><span style=\"font-weight: 400;\">Udobne hla\u010de<\/span><\/li>\n<li style=\"font-weight: 400;\" aria-level=\"1\"><span style=\"font-weight: 400;\">Tenisice\u00a0<\/span><\/li>\n<\/ul>\n<p>&nbsp;<\/p>\n<h4><b><i>Preuzimanje iz hotela <\/i><\/b><\/h4>\n<p><span style=\"font-weight: 400;\">Prijevoz iz hotela nije ponu\u0111en za ovaj izlet. <\/span><\/p>\n<p><b>Bilje\u0161ka:<\/b><span style=\"font-weight: 400;\"> Ako rezervirate u roku od 24 sata od vremena polaska putovanja\/izleta, mo\u017eemo organizirati prijevoz iz hotela uz dodatne naknade. Nakon \u0161to je va\u0161a kupnja dovr\u0161ena, poslat \u0107emo vam potpune podatke za kontakt (telefonski broj, adresu e-po\u0161te, itd.) za na\u0161eg lokalnog vodi\u010da kako bismo organizirali preuzimanje.<\/span><\/p>\n<h4><b><i>Potvrda dodatnih informacija <\/i><\/b><\/h4>\n<ol>\n<li>Ulaznice su ra\u010dun nakon pla\u0107anja ovog putovanja. Uplatu mo\u017eete prikazati na svom telefonu.<\/li>\n<li style=\"font-weight: 400;\"><span style=\"font-weight: 400;\">Mjesto sastanka bit \u0107e primljeno nakon procesa rezervacije.<\/span><\/li>\n<li style=\"font-weight: 400;\"><span style=\"font-weight: 400;\">Djeca moraju biti u pratnji odrasle osobe.<\/span><\/li>\n<li style=\"font-weight: 400;\"><span style=\"font-weight: 400;\"> Nije pristupa\u010dno za invalidska kolica <\/span><\/li>\n<li style=\"font-weight: 400;\"><span style=\"font-weight: 400;\">Dojen\u010dad moraju sjediti u krilu <\/span><\/li>\n<li style=\"font-weight: 400;\"><span style=\"font-weight: 400;\">Ne preporu\u010duje se putnicima koji imaju problema s le\u0111ima<\/span><\/li>\n<li style=\"font-weight: 400;\"><span style=\"font-weight: 400;\">Ne preporu\u010duje se trudnicama koje putuju <\/span><\/li>\n<li style=\"font-weight: 400;\"><span style=\"font-weight: 400;\"> Nema problema sa srcem ili drugih ozbiljnih zdravstvenih stanja <\/span><\/li>\n<li style=\"font-weight: 400;\"><span style=\"font-weight: 400;\">Ve\u0107ina putnika mo\u017ee sudjelovati<\/span><\/li>\n<\/ol>\n<h4><b><i>Politika otkazivanja<\/i><\/b><\/h4>\n<p>Za potpuni povrat novca pro\u010ditajte na\u0161a pravila otkazivanja\u00a0<a href=\"https:\/\/ballenajorobada.com\/hr\/online-rezervacija\/\" target=\"_blank\" rel=\"noopener\" data-saferedirecturl=\"https:\/\/www.google.com\/url?q=https:\/\/ballenajorobada.com\/online-booking\/&amp;source=gmail&amp;ust=1672449202351000&amp;usg=AOvVaw1yAeVAPktmaVCqDujgUn90\">Kliknite ovdje<\/a>. Sredstva \u0107e biti izgubljena ako se rezervacija otka\u017ee isti dan putovanja.<\/p>\n\n\t\t<\/div>\n\t<\/div>\n<\/div><\/div><\/div><\/div><div class=\"vc_row wpb_row vc_row-fluid\" ><div class=\"wpb_column vc_column_container vc_col-sm-12\"><div class=\"vc_column-inner\"><div class=\"wpb_wrapper\"><div class=\"vc_empty_space\"   style=\"height: 32px\"><span class=\"vc_empty_space_inner\"><\/span><\/div>\n\t<div class=\"wpb_text_column wpb_content_element\" >\n\t\t<div class=\"wpb_wrapper\">\n\t\t\t<h4>Kontaktirajte nas?<\/h4>\n<h5>Booking Adventures<\/h5>\n<p><em><strong>Mje\u0161tani<\/strong>\u00a0i\u00a0<strong>Dr\u017eavljani<\/strong>\u00a0Turisti\u010dki vodi\u010di i usluge za goste<\/em><\/p>\n<p><span class=\"text-turquoise\">Rezervacije:<\/span>\u00a0Ture i izleti u Dom. Rep.<\/p>\n<p><img decoding=\"async\" class=\"emoji\" draggable=\"false\" src=\"https:\/\/s.w.org\/images\/core\/emoji\/11.2.0\/svg\/1f4de.svg\" alt=\"\ud83d\udcde\" title=\"\">\u00a0Tel \/ Whatsapp\u00a0\u00a0<a href=\"tel:+1-809-720-6035\">+1-809-720-6035<\/a>.<\/p>\n<p><img decoding=\"async\" class=\"emoji\" draggable=\"false\" src=\"https:\/\/s.w.org\/images\/core\/emoji\/11.2.0\/svg\/1f4e9.svg\" alt=\"\ud83d\udce9\" title=\"\">\u00a0<a href=\"mailto:info@bookingadventures.com.do\">info@bookingadventures.com.do<\/a><\/p>\n<p><strong>Mi smo fleksibilni i postavljamo privatne obilaske putem Whatsappa:\u00a0<a href=\"tel:+18097206035\">+18097206035.<\/a><\/strong><\/p>\n\n\t\t<\/div>\n\t<\/div>\n<div class=\"vc_empty_space\"   style=\"height: 32px\"><span class=\"vc_empty_space_inner\"><\/span><\/div><\/div><\/div><\/div><\/div><div class=\"vc_row wpb_row vc_row-fluid\" ><div class=\"wpb_column vc_column_container vc_col-sm-12\"><div class=\"vc_column-inner\"><div class=\"wpb_wrapper\"><div class=\"vc_btn3-container vc_btn3-inline\" ><button class=\"vc_general vc_btn3 vc_btn3-size-md vc_btn3-shape-rounded vc_btn3-style-modern vc_btn3-color-green\">REZERVIRAJTE SADA<\/button><\/div><\/div><\/div><\/div><\/div>\n<\/section>","protected":false},"excerpt":{"rendered":"<p><span style=\"font-weight: 400;\">Cano Hondo je ime koje su dali lokalni poljoprivrednici tog podru\u010dja, a ovo ime dolazi od vrste geografije lokacije, ovo mjesto je ispod razine mora i postoje mali izvori poput Jivales i Cano Hondo koji dolaze iz podzemne rijeke ravno iz Planina Los Haitises.\u00a0<\/span><\/p>\n<p>U ovom dijelu va\u0161eg putovanja posjetit \u0107ete Altos de Cano Hondo, koji se nalazi uz Nacionalni park Los Haitises, jedan od najve\u0107ih nacionalnih parkova u zemlji s preko 1600 km2 i jednu od najve\u0107ih vapnena\u010dkih formacija na svijetu.<\/p>\n<p>Nakon va\u0161eg pje\u0161a\u010dkog obilaska Altos de Cano Hondo, pripremite se za skok u prirodne bazene prije ru\u010dka, a nakon ru\u010dka, vratit \u0107ete se u Sabana de la Mar. Nakon 4 i pol sata aktivnosti u Cano Hondo, vratit \u0107emo se u <span style=\"font-weight: 400;\"><span style=\"vertical-align: inherit;\"><span style=\"vertical-align: inherit;\">Sabana. de la Mar.<\/span><\/span><\/span><\/p>\n<p>&nbsp;<\/p>\n<p><em><strong>Odaberite datum obilaska:<\/strong><\/em><\/p>","protected":false},"featured_media":13214,"template":"","meta":[],"product_brand":[],"product_cat":[878,946,930,933],"product_tag":[879,176,211,868,869,192,319,208,206,207,171,877,209,426,837,327,175,199,200],"class_list":{"0":"post-12454","1":"product","2":"type-product","3":"status-publish","4":"has-post-thumbnail","6":"product_cat-altos-de-cano-hondo","7":"product_cat-1-sabana-de-la-mar","8":"product_cat-mountain-bike-los-haitises","9":"product_cat-natural-pools-los-haitises","10":"product_tag-altos-de-cano-hondo","11":"product_tag-cano-hondo","12":"product_tag-cano-hondo-hotel","13":"product_tag-canoes","14":"product_tag-canoes-dominican-republic","15":"product_tag-day-tour-cano-hondo","16":"product_tag-kayak-dominican-republic","17":"product_tag-kayaking-dominican-republic","18":"product_tag-kayaking-los-haitises","19":"product_tag-kayaks","20":"product_tag-los-haitises","21":"product_tag-los-haitises-mountain-bike","22":"product_tag-los-haitises-national-park","23":"product_tag-los-haitises-tours","24":"product_tag-mangroves-reforestation-in-los-haitises-with-locals","25":"product_tag-private-tours-samana","26":"product_tag-sabana-de-la-mar","27":"product_tag-samana-bay","28":"product_tag-samana-excursions","30":"first","31":"instock","32":"sale","33":"sold-individually","34":"shipping-taxable","35":"product-type-external"},"_links":{"self":[{"href":"https:\/\/ballenajorobada.com\/hr\/wp-json\/wp\/v2\/product\/12454","targetHints":{"allow":["GET"]}}],"collection":[{"href":"https:\/\/ballenajorobada.com\/hr\/wp-json\/wp\/v2\/product"}],"about":[{"href":"https:\/\/ballenajorobada.com\/hr\/wp-json\/wp\/v2\/types\/product"}],"wp:featuredmedia":[{"embeddable":true,"href":"https:\/\/ballenajorobada.com\/hr\/wp-json\/wp\/v2\/media\/13214"}],"wp:attachment":[{"href":"https:\/\/ballenajorobada.com\/hr\/wp-json\/wp\/v2\/media?parent=12454"}],"wp:term":[{"taxonomy":"product_brand","embeddable":true,"href":"https:\/\/ballenajorobada.com\/hr\/wp-json\/wp\/v2\/product_brand?post=12454"},{"taxonomy":"product_cat","embeddable":true,"href":"https:\/\/ballenajorobada.com\/hr\/wp-json\/wp\/v2\/product_cat?post=12454"},{"taxonomy":"product_tag","embeddable":true,"href":"https:\/\/ballenajorobada.com\/hr\/wp-json\/wp\/v2\/product_tag?post=12454"}],"curies":[{"name":"wp","href":"https:\/\/api.w.org\/{rel}","templated":true}]}}