{"id":8857,"date":"2019-06-11T12:07:57","date_gmt":"2019-06-11T12:07:57","guid":{"rendered":"https:\/\/www.ticketswhales.com\/?post_type=product&#038;p=8857"},"modified":"2025-02-02T17:04:38","modified_gmt":"2025-02-02T17:04:38","slug":"los-haitises-national-park-tour-from-samana-port-bacardi-island-cayo-levantado","status":"publish","type":"product","link":"https:\/\/ballenajorobada.com\/hr\/Tours-Excursions\/tours-excursions-los-haitises-national-park\/obilazak-nacionalnog-parka-los-haitises-iz-luke-samana-bacardi-otok-cayo-levantado","title":{"rendered":"Obilazak Nacionalnog parka Los Haitises iz luke Saman\u00e1 + otok Bacardi (Cayo Levantado)"},"content":{"rendered":"<section class=\"wpb-content-wrapper\"><div class=\"vc_row wpb_row vc_row-fluid\" ><div class=\"wpb_column vc_column_container vc_col-sm-12\"><div class=\"vc_column-inner\"><div class=\"wpb_wrapper\"><div class=\"mkdf-section-title-holder\" style=\"text-align: left\">\n\t<div class=\"mkdf-st-inner\">\n\t\t\t\t\t<h5 class=\"mkdf-st-subtitle\" >\n\t\t\t\tEko obilasci s lokalnim stanovni\u0161tvom\t\t\t<\/h5>\n\t\t\t\t\t\t\t<h3 class=\"mkdf-st-title\" >\n\t\t\t\tObilazak brodom Nacionalnog parka Los Haitises + otok Cayo Levantado\t\t\t<\/h3>\n\t\t\t\t\t<\/div>\n<\/div><\/div><\/div><\/div><\/div><div class=\"vc_row wpb_row vc_row-fluid\" ><div class=\"wpb_column vc_column_container vc_col-sm-12\"><div class=\"vc_column-inner\"><div class=\"wpb_wrapper\"><div class=\"vc_btn3-container vc_btn3-inline\" ><a class=\"vc_general vc_btn3 vc_btn3-size-md vc_btn3-shape-rounded vc_btn3-style-modern vc_btn3-color-green\" href=\"https:\/\/bookingadventures.tours\/booking.php?tour_id=cd01687b47db9fe0c95acae017fc39c6\" title=\"\" rel=\"noopener\">REZERVIRAJTE SADA<\/a><\/div>\n\t<div class=\"wpb_text_column wpb_content_element\" >\n\t\t<div class=\"wpb_wrapper\">\n\t\t\t<h2><\/h2>\n<h4><b><i>Pregled <\/i><\/b><\/h4>\n<p>Nacionalni park Los Haitises koji po\u010dinje od luke Saman\u00e1 plus ru\u010dak na otoku Bacardi. Po\u0111ite s nama i posjetite najljep\u0161i nacionalni park Dominikanske Republike, posjetite mangrove, \u0161pilje i zaljev San Lorenzo plus prelazak prekrasnog zaljeva Saman\u00e1. Potom povratak u podru\u010dje Saman\u00e1 za posjet otoku Bacardi, ru\u010dak na pla\u017ei i kupanje na jednoj od najljep\u0161ih pla\u017ea u zaljevu Saman\u00e1.<\/p>\n<p>Nakon ovog iskustva, vratit \u0107ete se u luku Saman\u00e1.<\/p>\n<ul>\n<li style=\"font-weight: 400;\">Naknade uklju\u010dene<\/li>\n<li>Uklju\u010den ru\u010dak na otoku Bacardi<\/li>\n<li style=\"font-weight: 400;\"><span style=\"font-weight: 400;\">Vodi\u010d daje upute i nadzor<\/span><\/li>\n<\/ul>\n<p>&nbsp;<\/p>\n<h4><b>Uklju\u010divanja i isklju\u010denja<\/b><\/h4>\n<p><b>Uklju\u010divanja<\/b><\/p>\n<ol>\n<li style=\"font-weight: 400;\">Obilazak Los Haitises + \u0161pilje i piktografi<\/li>\n<li>Ru\u010dak u Cayo Levantado (otok Bacardi) ako \u017eelite sli\u010dnu turu: Los Haitises + Ca\u00f1o Hondo<\/li>\n<li style=\"font-weight: 400;\"><span style=\"font-weight: 400;\">Svi porezi, naknade i manipulativni tro\u0161kovi<\/span><\/li>\n<li style=\"font-weight: 400;\"><span style=\"font-weight: 400;\">Lokalni porezi<\/span><\/li>\n<li style=\"font-weight: 400;\"><span style=\"font-weight: 400;\">Pi\u0107a<\/span><\/li>\n<li style=\"font-weight: 400;\"><span style=\"font-weight: 400;\">Sve aktivnosti<\/span><\/li>\n<li style=\"font-weight: 400;\"><span style=\"font-weight: 400;\">Lokalni vodi\u010d<\/span><\/li>\n<\/ol>\n<p><b> Isklju\u010divanja<\/b><\/p>\n<ol>\n<li style=\"font-weight: 400;\"><span style=\"font-weight: 400;\">Napojnice<\/span><\/li>\n<li style=\"font-weight: 400;\"><span style=\"font-weight: 400;\">Prijenos<\/span><\/li>\n<li style=\"font-weight: 400;\"><span style=\"font-weight: 400;\">Alkoholna pi\u0107a<\/span><\/li>\n<\/ol>\n<p>&nbsp;<\/p>\n<h4><em><strong>Polazak &amp; Povratak<\/strong><\/em><\/h4>\n<p><span style=\"font-weight: 400;\">Putnik \u0107e dobiti mjesto sastanka nakon procesa rezervacije. Ture po\u010dinju i zavr\u0161avaju na na\u0161im sastajali\u0161tima.<\/span><\/p>\n<p>&nbsp;<\/p>\n<h4>Obilazak Nacionalnog parka Los Haitises s otoka Saman\u00e1 Port mas Bacardi (Cayo Levantado)<\/h4>\n<h4><b><i>\u0160to o\u010dekivati?<\/i><\/b><\/h4>\n<p><b><i>V<\/i><\/b>posje\u0107ivanje<strong> Nacionalni park Los Haitises<\/strong> uz prekrasan ru\u010dak u<strong> Otok Cayo Levantado<\/strong> i kupanje na pla\u017ei. Polaze\u0107i <strong>iz luke Saman\u00e1<\/strong> na brodu ili katamaranu s lokalnim vodi\u010dem prolazimo uvalu Saman\u00e1 do strane Sabana de la Mar kako bismo posjetili jedan od najljep\u0161ih nacionalnih parkova Dominikanske Republike. <em><strong>Nacionalni park Haitises<\/strong><\/em>.<\/p>\n<p>Tura u organizaciji \u201cBooking Adventures\u201d po\u010dinje na mjestu susreta s vodi\u010dem. Do\u0111ite s Booking Adventuresom i po\u010dnite provjeravati neke mangrove pune ptica, valovita brda s bujnom vegetacijom i \u0161pilje <em><strong>Nacionalni park Los Haitises<\/strong><\/em>Posjet otoku s pticama okolo. U sezoni gnije\u017e\u0111enja mo\u017eemo vidjeti i pili\u0107e pelikana na gnijezdima. Ulazak u unutra\u0161njost stjenovitog otoka i posjet \u0161piljama s piktografima i petrografijama domoroda\u010dkog stanovni\u0161tva.<\/p>\n<p>Kroz mangrove i kopno na otvorenom zaljevu San Lorenzo, odakle mo\u017eete fotografirati surov \u0161umski krajolik. Pogledajte u vodu da uo\u010dite <em><strong>morske krave<\/strong><\/em>, rakovi i <em><strong>dupini.<\/strong><\/em><\/p>\n<h2><strong>\u0160pilje u Nacionalnom parku Los Haitises<\/strong><\/h2>\n<div class=\"body-description secondary\">\n<p>Naziv nacionalnog parka dolazi od njegovih izvornih stanovnika, Taino Indijanaca. Na njihovom jeziku &quot;Haitises&quot; zna\u010di gorje ili brda, \u0161to se odnosi na strme geolo\u0161ke formacije obale s vapnencima. Zaputite se dublje u park i istra\u017eite \u0161pilje poput <em><strong>Cueva de la Arena<\/strong><\/em> i <strong><em>Cueva de la L\u00ednea.<\/em><\/strong><\/p>\n<p>\u0160pilje u rezervatu koristili su kao skloni\u0161te Taino Indijanci, a kasnije gusari koji su se skrivali. Potra\u017eite crte\u017ee Indijanaca koji ukra\u0161avaju neke od zidova. Nakon posjeta Nacionalnom parku Los Haitises vratit \u0107emo se u luku Saman\u00e1 prolaze\u0107i zaljevom Saman\u00e1 30 min i posjetiti otok Bacardi. Na otoku \u0107emo imati tipi\u010dan ru\u010dak. Ako ste vegan, nema brige, imamo i hranu za vas!<\/p>\n<p>Nakon popodnevnog plivanja i odmaranja na pla\u017ei, na\u0161 \u0107e vodi\u010d odrediti vrijeme za povratak u luku Saman\u00e1.<\/p>\n<\/div>\n<p>U slu\u010daju da vam se ovo putovanje svi\u0111a du\u017ee ili kra\u0107e, imamo sljede\u0107e opcije:<\/p>\n<ol>\n<li>Samo Los Haitises iz luke Saman\u00e1.<\/li>\n<li>Los Haitises + Ca\u00f1o Hondo iz luke Saman\u00e1.<\/li>\n<\/ol>\n<p>&nbsp;<\/p>\n<h4><em><strong>\u0160to trebate ponijeti?<\/strong><\/em><\/h4>\n<ul>\n<li style=\"font-weight: 400;\"><span style=\"font-weight: 400;\">Fotoaparat<\/span><\/li>\n<li style=\"font-weight: 400;\"><span style=\"font-weight: 400;\">Repelentni pupoljci<\/span><\/li>\n<li style=\"font-weight: 400;\"><span style=\"font-weight: 400;\">Krema za sun\u010danje<\/span><\/li>\n<li style=\"font-weight: 400;\"><span style=\"font-weight: 400;\">\u0160e\u0161ir<\/span><\/li>\n<li style=\"font-weight: 400;\"><span style=\"font-weight: 400;\">Udobne hla\u010de<\/span><\/li>\n<li style=\"font-weight: 400;\"><span style=\"font-weight: 400;\">Planinarske cipele za \u0161umu<\/span><\/li>\n<li style=\"font-weight: 400;\"><span style=\"font-weight: 400;\">Sandale za proljetna podru\u010dja.<\/span><\/li>\n<li style=\"font-weight: 400;\"><span style=\"font-weight: 400;\">Odje\u0107a za kupanje<\/span><\/li>\n<\/ul>\n<p>&nbsp;<\/p>\n<h4><b><i>Preuzimanje iz hotela <\/i><\/b><\/h4>\n<p><span style=\"font-weight: 400;\">Prijevoz iz hotela nije ponu\u0111en za ovaj izlet. <\/span><\/p>\n<p>&nbsp;<\/p>\n<p><b>Bilje\u0161ka:<\/b><span style=\"font-weight: 400;\"> Ako rezervirate u roku od 24 sata od vremena polaska putovanja\/izleta, mo\u017eemo organizirati prijevoz iz hotela uz dodatne naknade. Nakon \u0161to je va\u0161a kupnja dovr\u0161ena, poslat \u0107emo vam potpune podatke za kontakt (telefonski broj, adresu e-po\u0161te, itd.) za na\u0161eg lokalnog vodi\u010da kako bismo organizirali preuzimanje.<\/span><\/p>\n<h4><b><i>Potvrda dodatnih informacija <\/i><\/b><\/h4>\n<ol>\n<li>Ulaznice su ra\u010dun nakon pla\u0107anja ovog putovanja. Uplatu mo\u017eete prikazati na svom telefonu.<\/li>\n<li style=\"font-weight: 400;\"><span style=\"font-weight: 400;\">Mjesto sastanka bit \u0107e primljeno nakon procesa rezervacije.<\/span><\/li>\n<li style=\"font-weight: 400;\"><span style=\"font-weight: 400;\">Djeca moraju biti u pratnji odrasle osobe.<\/span><\/li>\n<li style=\"font-weight: 400;\"><span style=\"font-weight: 400;\"> Nije pristupa\u010dno za invalidska kolica <\/span><\/li>\n<li style=\"font-weight: 400;\"><span style=\"font-weight: 400;\">Dojen\u010dad moraju sjediti u krilu <\/span><\/li>\n<li style=\"font-weight: 400;\"><span style=\"font-weight: 400;\">Ne preporu\u010duje se putnicima koji imaju problema s le\u0111ima<\/span><\/li>\n<li style=\"font-weight: 400;\"><span style=\"font-weight: 400;\">Ne preporu\u010duje se trudnicama koje putuju <\/span><\/li>\n<li style=\"font-weight: 400;\"><span style=\"font-weight: 400;\"> Nema problema sa srcem ili drugih ozbiljnih zdravstvenih stanja <\/span><\/li>\n<li style=\"font-weight: 400;\"><span style=\"font-weight: 400;\">Ve\u0107ina putnika mo\u017ee sudjelovati<\/span><\/li>\n<\/ol>\n<h4><b><i>Politika otkazivanja<\/i><\/b><\/h4>\n<p>Za potpuni povrat novca pro\u010ditajte na\u0161a pravila otkazivanja\u00a0<a href=\"https:\/\/www.ticketswhales.com\/online-booking\/\" target=\"_blank\" rel=\"noopener\" data-saferedirecturl=\"https:\/\/www.google.com\/url?q=https:\/\/www.ticketswhales.com\/online-booking\/&amp;source=gmail&amp;ust=1672529771100000&amp;usg=AOvVaw2NIGJBZ0qjB5RhPUl5Obc7\">Kliknite ovdje<\/a>. Sredstva \u0107e biti izgubljena ako se rezervacija otka\u017ee isti dan putovanja.<\/p>\n\n\t\t<\/div>\n\t<\/div>\n<div class=\"vc_btn3-container vc_btn3-inline\" ><a class=\"vc_general vc_btn3 vc_btn3-size-md vc_btn3-shape-rounded vc_btn3-style-modern vc_btn3-color-green\" href=\"https:\/\/bookingadventures.tours\/booking.php?tour_id=cd01687b47db9fe0c95acae017fc39c6\" title=\"\" rel=\"noopener\">REZERVIRAJTE SADA<\/a><\/div>\n\t<div class=\"wpb_video_widget wpb_content_element vc_clearfix   vc_video-aspect-ratio-169 vc_video-el-width-100 vc_video-align-left\" >\n\t\t<div class=\"wpb_wrapper\">\n\t\t\t<h2 class=\"wpb_heading wpb_video_heading\">Nacionalni park Los Haitises<\/h2>\n\t\t\t<div class=\"wpb_video_wrapper\"><iframe loading=\"lazy\" title=\"Obilasci i izleti nacionalnog parka Los Haitises\" width=\"1100\" height=\"619\" src=\"https:\/\/www.youtube.com\/embed\/vMI4Ou81cd4?feature=oembed\" frameborder=\"0\" allow=\"accelerometer; autoplay; clipboard-write; encrypted-media; gyroscope; picture-in-picture; web-share\" referrerpolicy=\"strict-origin-when-cross-origin\" allowfullscreen><\/iframe><\/div>\n\t\t<\/div>\n\t<\/div>\n<\/div><\/div><\/div><\/div><div class=\"vc_row wpb_row vc_row-fluid\" ><\/div><div class=\"wpb_column vc_column_container vc_col-sm-12\"><div class=\"vc_column-inner\"><div class=\"wpb_wrapper\"><\/div><\/div><\/div><div class=\"vc_empty_space\"   style=\"height: 32px\"><span class=\"vc_empty_space_inner\"><\/span><\/div><div class=\"vc_row wpb_row vc_row-fluid\" ><\/div><div class=\"wpb_column vc_column_container vc_col-sm-12\"><div class=\"vc_column-inner\"><div class=\"wpb_wrapper\"><div class=\"vc_btn3-container vc_btn3-inline\" ><a class=\"vc_general vc_btn3 vc_btn3-size-md vc_btn3-shape-rounded vc_btn3-style-modern vc_btn3-color-green\" href=\"https:\/\/bookingadventures.tours\/booking.php?tour_id=cd01687b47db9fe0c95acae017fc39c6\" title=\"\" rel=\"noopener\">REZERVIRAJTE SADA<\/a><\/div><\/div><\/div><\/div><div class=\"mkdf-section-title-holder\" style=\"text-align: left\">\n\t<div class=\"mkdf-st-inner\">\n\t\t\t\t\t\t\t<h3 class=\"mkdf-st-title\" >\n\t\t\t\tLos Haitises y Cayo Levantado\t\t\t<\/h3>\n\t\t\t\t\t<\/div>\n<\/div><div class=\"vc_empty_space\"   style=\"height: 32px\"><span class=\"vc_empty_space_inner\"><\/span><\/div><div class=\"vc_row wpb_row vc_row-fluid\" ><\/div><div class=\"wpb_column vc_column_container vc_col-sm-12\"><div class=\"vc_column-inner\"><div class=\"wpb_wrapper\"><\/div><\/div><\/div><div class=\"vc_row wpb_row vc_row-fluid\" ><div class=\"wpb_column vc_column_container vc_col-sm-12\"><div class=\"vc_column-inner\"><div class=\"wpb_wrapper\"><\/div><\/div><\/div><\/div>\n<\/section>","protected":false},"excerpt":{"rendered":"<div><\/div>\n<div>Izleti u Los Haitises i Cayo Levantado, ekolo\u0161ki izlet u nacionalni park Los Haitises s lokalnim vodi\u010dem. Posjet klju\u010devima u Nacionalnom parku Los Haitises, mangrovama, vegetaciji, promatranju ptica, \u0161piljama, piktogramima i povijesnim podru\u010djima Sabana de la Mar u Nacionalnom parku Los Haitises. Nakon Los Haitises ru\u010dak na pla\u017ei otoka Bacardi.<\/div>\n<div>Rezervirajte odmah Obilazak Nacionalnog parka Los Haitises od Puerto Samana + otoka Bacardi (Cayo Levantado) sa stru\u010dnim lokalnim vodi\u010dima.<\/div>\n<p><span style=\"vertical-align: inherit;\"><span style=\"vertical-align: inherit;\">\u00a0<\/span><\/span><\/p>\n<p>&nbsp;<\/p>\n<p><strong><span style=\"vertical-align: inherit;\"><span style=\"vertical-align: inherit;\">Seleccione la fecha para el Tour:<\/span><\/span><\/strong><\/p>","protected":false},"featured_media":16798,"template":"","meta":[],"product_brand":[],"product_cat":[254,655,928,255],"product_tag":[184,579,236,172,268,223,311,174,615,612,171,901,613,580,581,647,209,440,611,441,578,574,610,614,608,175,186,200,187,616],"class_list":{"0":"post-8857","1":"product","2":"type-product","3":"status-publish","4":"has-post-thumbnail","6":"product_cat-tours-excursions-los-haitises-national-park","7":"product_cat-1-samana","8":"product_cat-boat-trip-los-haitises","9":"product_cat-tours-excursions-samana-bay-dominican-republic","10":"product_tag-bacardi-island","11":"product_tag-bacardi-island-tours","12":"product_tag-birdwatching","13":"product_tag-boat-tour","14":"product_tag-caves-los-haitises","15":"product_tag-cayo-levantado","16":"product_tag-cayo-levantado-tour","17":"product_tag-eco-tours","18":"product_tag-excursiones-a-los-haitises-y-cayo-levantado","19":"product_tag-haitises-park-and-cayo-levantado-island","20":"product_tag-los-haitises","21":"product_tag-los-haitises-and-cayo-levantado","22":"product_tag-los-haitises-excursiones","23":"product_tag-los-haitises-excursions","24":"product_tag-los-haitises-mapa","25":"product_tag-los-haitises-mas-cayo-levantado","26":"product_tag-los-haitises-national-park","27":"product_tag-los-haitises-national-park-map","28":"product_tag-los-haitises-national-park-mas-cayo-levantado","29":"product_tag-los-haitises-national-park-tour-from-las-terrenas","30":"product_tag-los-haitises-national-park-tour-from-samana-port-bacardi-island-cayo-levantado","31":"product_tag-los-haitises-national-park-tour-from-santo-domingo","32":"product_tag-los-haitises-park-tour-cayo-levantado-island","33":"product_tag-los-haitises-samana","34":"product_tag-los-haitises-y-cayo-levantado","35":"product_tag-sabana-de-la-mar","36":"product_tag-samana","37":"product_tag-samana-excursions","38":"product_tag-samana-tours","39":"product_tag-tour-los-haitises-national-park-cayo-levantado","41":"first","42":"instock","43":"sale","44":"sold-individually","45":"shipping-taxable","46":"product-type-external"},"_links":{"self":[{"href":"https:\/\/ballenajorobada.com\/hr\/wp-json\/wp\/v2\/product\/8857","targetHints":{"allow":["GET"]}}],"collection":[{"href":"https:\/\/ballenajorobada.com\/hr\/wp-json\/wp\/v2\/product"}],"about":[{"href":"https:\/\/ballenajorobada.com\/hr\/wp-json\/wp\/v2\/types\/product"}],"wp:featuredmedia":[{"embeddable":true,"href":"https:\/\/ballenajorobada.com\/hr\/wp-json\/wp\/v2\/media\/16798"}],"wp:attachment":[{"href":"https:\/\/ballenajorobada.com\/hr\/wp-json\/wp\/v2\/media?parent=8857"}],"wp:term":[{"taxonomy":"product_brand","embeddable":true,"href":"https:\/\/ballenajorobada.com\/hr\/wp-json\/wp\/v2\/product_brand?post=8857"},{"taxonomy":"product_cat","embeddable":true,"href":"https:\/\/ballenajorobada.com\/hr\/wp-json\/wp\/v2\/product_cat?post=8857"},{"taxonomy":"product_tag","embeddable":true,"href":"https:\/\/ballenajorobada.com\/hr\/wp-json\/wp\/v2\/product_tag?post=8857"}],"curies":[{"name":"wp","href":"https:\/\/api.w.org\/{rel}","templated":true}]}}