{"id":9913,"date":"2020-03-29T08:08:03","date_gmt":"2020-03-29T08:08:03","guid":{"rendered":"https:\/\/www.ticketswhales.com\/Tours-Excursions\/uncategorized\/import-placeholder-for-9853\/"},"modified":"2025-02-02T17:15:36","modified_gmt":"2025-02-02T17:15:36","slug":"samana-whale-watching-from-las-terrenas-hotels-half-day-trip-for-whale-watching","status":"publish","type":"product","link":"https:\/\/ballenajorobada.com\/hr\/Tours-Excursions\/fees-entrace\/samana-promatranje-kitova-iz-hotela-las-terrenas-poludnevni-izlet-za-promatranje-kitova","title":{"rendered":"Saman\u00e1 promatranje kitova iz hotela u Las Terrenasu. Poludnevni izlet za promatranje kitova."},"content":{"rendered":"<section class=\"wpb-content-wrapper\"><div class=\"vc_row wpb_row vc_row-fluid\" ><div class=\"wpb_column vc_column_container vc_col-sm-12\"><div class=\"vc_column-inner\"><div class=\"wpb_wrapper\">\n\t<div class=\"wpb_text_column wpb_content_element\" >\n\t\t<div class=\"wpb_wrapper\">\n\t\t\t<p>Whale Watching in Las Terrenas to Samana Bay<\/p>\n\n\t\t<\/div>\n\t<\/div>\n<\/div><\/div><\/div><\/div><div class=\"wpb_column vc_column_container vc_col-sm-12\"><div class=\"vc_column-inner\"><div class=\"wpb_wrapper\"><\/div><\/div><\/div><div class=\"vc_row wpb_row vc_row-fluid\" ><div class=\"wpb_column vc_column_container vc_col-sm-12\"><div class=\"vc_column-inner\"><div class=\"wpb_wrapper\">\n\t<div class=\"wpb_text_column wpb_content_element\" >\n\t\t<div class=\"wpb_wrapper\">\n\t\t\t<div class=\"vc_row wpb_row vc_row-fluid\">\n<div class=\"wpb_column vc_column_container vc_col-sm-12\">\n<div class=\"vc_column-inner\">\n<div class=\"wpb_wrapper\">\n<div class=\"wpb_text_column wpb_content_element\">\n<div class=\"wpb_wrapper\">\n<div class=\"vc_row wpb_row vc_row-fluid\">\n<div class=\"wpb_column vc_column_container vc_col-sm-12\">\n<div class=\"vc_column-inner\">\n<div class=\"wpb_wrapper\">\n<div class=\"wpb_text_column wpb_content_element\">\n<div class=\"wpb_wrapper\">\n<h4><b><i>Pregled\ud83d\udc33<\/i><\/b><\/h4>\n<p>Whale Las Terrenas, whale watching in Saman\u00e1 Bay from Las Terrenas\u00a0 hotels half day Trip. Travel to Saman\u00e1 bay aboard a comfortable, air-conditioned coach, then transfer to a boat. Cruise out into the open waters to look for the pods of humpback whales who visit to breed and have their calves in the area. Learn about the behavior and biology of these marine mammals from your expert naturalist guide.\u00a0 After this half day trip we get back to the meeting point in Las Terrenas.<\/p>\n<p>&nbsp;<\/p>\n<p><strong>Bilje\u0161ka:<\/strong>\u00a0This tour is not Private.<\/p>\n<ul>\n<li>Promatranje kitova<\/li>\n<li>Ulaznice u Zvjezdarnicu<\/li>\n<li>Samana Safari<\/li>\n<li>Transfer brodom<\/li>\n<li>Kapetan daje upute i nadzor<\/li>\n<li>Turisti\u010dki vodi\u010d<\/li>\n<\/ul>\n<p>&nbsp;<\/p>\n<h4><b>Uklju\u010divanja i isklju\u010denja<\/b><\/h4>\n<p>&nbsp;<\/p>\n<p><b>Uklju\u010divanja<\/b><\/p>\n<p>&nbsp;<\/p>\n<ol>\n<li>Buffet ru\u010dak<\/li>\n<li>Prijevoz iz hotela<\/li>\n<li>Turisti\u010dki vodi\u010d<\/li>\n<li>Put brodom<\/li>\n<li>Svi porezi, naknade i manipulativni tro\u0161kovi<\/li>\n<li>Lokalni porezi<\/li>\n<li>Pi\u0107a<\/li>\n<\/ol>\n<p><b>Isklju\u010divanja<\/b><\/p>\n<ol>\n<li>Napojnice<\/li>\n<\/ol>\n<p>&nbsp;<\/p>\n<h4><em><strong>Polazak &amp; Povratak<\/strong><\/em><\/h4>\n<p>Putnik \u0107e dobiti mjesto sastanka nakon procesa rezervacije. Ture po\u010dinju i zavr\u0161avaju na na\u0161im sastajali\u0161tima.<\/p>\n<p>&nbsp;<\/p>\n<h3>Samana Whale Watching From Las Terrenas Hotels. Half Day Trip For Whale watching.<\/h3>\n<h4><b><i>\u0160to o\u010dekivati?<\/i><\/b><\/h4>\n<p>The Humpback whales come to the Bay of Samana to give birth and to mate. Whale watching is permitted from 15 of January to 15 March only. Measuring some 12 meters and weighing 40 tons the whales offer an unforgettable sight for your awestruck eyes. Don\u2019t miss the chance to hear the powerful sound as this magnificent mammal as it spouts out the air. Watch as the males launch themselves out of the water in an effort to impress the \u201cladies\u201d as the mating ritual.<\/p>\n<p>It is so exciting to see the newly born calves clinging to their mothers who in turn spend their whole time caressing and playing with them. Our tour guide is specialized in marine mammals and will amaze you with his knowledge and help you interpret each movement the whales make.<\/p>\n<p>From 9:00 Am until 12:00-noon Whale watching observatory and After this Whale trip we will have lunch.Tour will be finished at 1:30 pm at the same port from where it will start. After this we will get back to Las Terrenas.<\/p>\n<p><strong>Raspored:<\/strong><\/p>\n<p>8:00 AM \u2013 1:30 PM<\/p>\n<p>&nbsp;<\/p>\n<h4><em><strong>\u0160to trebate ponijeti?<\/strong><\/em><\/h4>\n<ul>\n<li>Fotoaparat<\/li>\n<li>Repelentni pupoljci<\/li>\n<li>krema za sun\u010danje<\/li>\n<li>\u0160e\u0161ir<\/li>\n<li>Udobne hla\u010de<\/li>\n<li>Sandale za pla\u017eu<\/li>\n<li>Odje\u0107a za kupanje<\/li>\n<li>Gotovina za suvenire i napojnice<\/li>\n<\/ul>\n<p>&nbsp;<\/p>\n<h4><b><i>Preuzimanje iz hotela<\/i><\/b><\/h4>\n<p>Hotel pick-up is offered for this tour. Just in Las Terrenas.<\/p>\n<p><b>Bilje\u0161ka:<\/b>\u00a0Ako rezervirate u roku od 24 sata od vremena polaska putovanja\/izleta, mo\u017eemo organizirati prijevoz iz hotela uz dodatne naknade. Nakon \u0161to je va\u0161a kupnja dovr\u0161ena, poslat \u0107emo vam potpune podatke za kontakt (telefonski broj, adresu e-po\u0161te, itd.) za na\u0161eg lokalnog vodi\u010da kako bismo organizirali preuzimanje.<\/p>\n<h4><b><i>Potvrda dodatnih informacija<\/i><\/b><\/h4>\n<ol>\n<li>Ulaznice su ra\u010dun nakon pla\u0107anja ovog putovanja. Uplatu mo\u017eete prikazati na svom telefonu.<\/li>\n<li>Mjesto sastanka bit \u0107e primljeno nakon procesa rezervacije.<\/li>\n<li>Djeca moraju biti u pratnji odrasle osobe.<\/li>\n<li>Dostupno invalidskim kolicima<\/li>\n<li>Dojen\u010dad moraju sjediti u krilu<\/li>\n<li>Ve\u0107ina putnika mo\u017ee sudjelovati<\/li>\n<\/ol>\n<h4><b><i>Politika otkazivanja<\/i><\/b><\/h4>\n<p>nZa puni povrat novca otka\u017eite najmanje 24 sata prije datuma po\u010detka iskustva.<\/p>\n<\/div>\n<\/div>\n<\/div>\n<\/div>\n<\/div>\n<\/div>\n<\/div>\n<\/div>\n<\/div>\n<\/div>\n<\/div>\n<\/div>\n<div class=\"vc_row wpb_row vc_row-fluid\">\n<div class=\"wpb_column vc_column_container vc_col-sm-12\">\n<div class=\"vc_column-inner\">\n<div class=\"wpb_wrapper\">\n<div class=\"vc_empty_space\"><\/div>\n<div class=\"wpb_text_column wpb_content_element\">\n<div class=\"wpb_wrapper\">\n<h4>Kontaktirajte nas?<\/h4>\n<h5><b><i>TOUR WALES SAMANA<\/i><\/b><\/h5>\n<p><em><strong>Mje\u0161tani<\/strong>\u00a0i\u00a0<strong>Dr\u017eavljani<\/strong>\u00a0Turisti\u010dki vodi\u010di i usluge za goste<\/em><\/p>\n<p><span class=\"text-turquoise\">Rezervacije:<\/span>\u00a0Ture i izleti u Dom. Rep.<\/p>\n<p>\ud83d\udcde Tel \/ Whatsapp\u00a0\u00a0<a href=\"tel:+1-809-720-6035\">+1-809-720-6035<\/a>.<\/p>\n<p>\ud83d\udce9\u00a0<a href=\"mailto:reservabatour@gmail.com\">reservabatour@gmail.com<\/a><\/p>\n<p><strong>Mi smo fleksibilni i postavljamo privatne obilaske putem Whatsappa:\u00a0<a href=\"tel:+1 (829) 318-9463\">+1 (829) 318-9463.<\/a><\/strong><\/p>\n<\/div>\n<\/div>\n<\/div>\n<\/div>\n<\/div>\n<\/div>\n\n\t\t<\/div>\n\t<\/div>\n<\/div><\/div><\/div><\/div>\n<\/section>","protected":false},"excerpt":{"rendered":"<p>Experience whale watching in Saman\u00e1 Bay, Dominican Republic, with daily tours from the hotels of Las Terrenas. Join us to witness the majestic humpback whales in their natural sanctuary. Book your unforgettable whale-watching tour departing from Las Terrenas, Saman\u00e1. Contact us for any questions about whale watching tours in Saman\u00e1 Bay from Las Terrenas.<\/p>\n<p>&nbsp;<\/p>","protected":false},"featured_media":17222,"template":"","meta":[],"product_brand":[],"product_cat":[159,655,273],"product_tag":[631,184,328,480,380,651,267,522,652,649,327,199,526,342,653,276,529,274,654],"class_list":{"0":"post-9913","1":"product","2":"type-product","3":"status-publish","4":"has-post-thumbnail","6":"product_cat-fees-entrace","7":"product_cat-1-samana","8":"product_cat-whale-watching-samana","9":"product_tag-631","10":"product_tag-bacardi-island","11":"product_tag-cayo-levantado-day-pass","12":"product_tag-cheap-punta-cana-excursions","13":"product_tag-el-limon-waterfall-and-bacardi-island-tour-from-punta-cana","14":"product_tag-half-day-whale-watching-las-terrenas","15":"product_tag-las-terrenas","16":"product_tag-las-terrenas-excursions","17":"product_tag-las-terrenas-whale-watching","18":"product_tag-limon-from-punta-cana","19":"product_tag-private-tours-samana","20":"product_tag-samana-bay","21":"product_tag-samana-day-trip","22":"product_tag-samana-whale-watching","23":"product_tag-whale-las-terrenas","24":"product_tag-whale-samana","25":"product_tag-whale-watching-2020","26":"product_tag-whale-watching-dominican-republic","27":"product_tag-whale-watching-trips-las-terrenas","29":"first","30":"instock","31":"sale","32":"sold-individually","33":"shipping-taxable","34":"product-type-external"},"_links":{"self":[{"href":"https:\/\/ballenajorobada.com\/hr\/wp-json\/wp\/v2\/product\/9913","targetHints":{"allow":["GET"]}}],"collection":[{"href":"https:\/\/ballenajorobada.com\/hr\/wp-json\/wp\/v2\/product"}],"about":[{"href":"https:\/\/ballenajorobada.com\/hr\/wp-json\/wp\/v2\/types\/product"}],"wp:featuredmedia":[{"embeddable":true,"href":"https:\/\/ballenajorobada.com\/hr\/wp-json\/wp\/v2\/media\/17222"}],"wp:attachment":[{"href":"https:\/\/ballenajorobada.com\/hr\/wp-json\/wp\/v2\/media?parent=9913"}],"wp:term":[{"taxonomy":"product_brand","embeddable":true,"href":"https:\/\/ballenajorobada.com\/hr\/wp-json\/wp\/v2\/product_brand?post=9913"},{"taxonomy":"product_cat","embeddable":true,"href":"https:\/\/ballenajorobada.com\/hr\/wp-json\/wp\/v2\/product_cat?post=9913"},{"taxonomy":"product_tag","embeddable":true,"href":"https:\/\/ballenajorobada.com\/hr\/wp-json\/wp\/v2\/product_tag?post=9913"}],"curies":[{"name":"wp","href":"https:\/\/api.w.org\/{rel}","templated":true}]}}