{"id":12004,"date":"2021-01-16T16:21:26","date_gmt":"2021-01-16T16:21:26","guid":{"rendered":"https:\/\/www.ticketswhales.com\/Tours-Excursions\/uncategorized\/import-placeholder-for-8658\/"},"modified":"2023-11-07T21:11:43","modified_gmt":"2023-11-07T21:11:43","slug":"excursion-whale-watching-cayo-levantado-from-cap-cana-private-tour","status":"publish","type":"product","link":"https:\/\/ballenajorobada.com\/hu\/Tours-Excursions\/1-samana\/kirandulas-balnales-cayo-levantado-a-cap-cana-privat-tura","title":{"rendered":"Punta Cana \/ Cap Cana: Kir\u00e1ndul\u00e1si b\u00e1lnales + Cayo Levantado (priv\u00e1t k\u00f6r\u00fat)"},"content":{"rendered":"<section class=\"wpb-content-wrapper\"><div class=\"wpb_column vc_column_container vc_col-sm-12\"><div class=\"vc_column-inner\"><div class=\"wpb_wrapper\"><div class=\"vc_btn3-container vc_btn3-inline\" ><a class=\"vc_general vc_btn3 vc_btn3-size-md vc_btn3-shape-rounded vc_btn3-style-modern vc_btn3-color-green\" href=\"https:\/\/bookingadventures.tours\/booking.php?tour_id=6ed21424a849c63fc6398949d1f80266\" title=\"\" rel=\"noopener\">FOGLALD LE MOST<\/a><\/div><\/div><\/div><\/div><div class=\"vc_row wpb_row vc_row-fluid\" ><div class=\"wpb_column vc_column_container vc_col-sm-12\"><div class=\"vc_column-inner\"><div class=\"wpb_wrapper\">\n\t<div class=\"wpb_text_column wpb_content_element\" >\n\t\t<div class=\"wpb_wrapper\">\n\t\t\t<div class=\"vc_row wpb_row vc_row-fluid\">\n<div class=\"wpb_column vc_column_container vc_col-sm-12\">\n<div class=\"vc_column-inner\">\n<div class=\"wpb_wrapper\">\n<div class=\"wpb_text_column wpb_content_element\">\n<div class=\"wpb_wrapper\">\n<h3>Kir\u00e1ndul\u00e1s b\u00e1lnales + Cayo Levantado Punta Cana\/Cap Cana (priv\u00e1t t\u00fara)<\/h3>\n<p>B\u00e1lnales a Samana-\u00f6b\u00f6lben, a Punta Cana\/Cap Cana sz\u00e1llod\u00e1kt\u00f3l indulva, priv\u00e1t k\u00f6zleked\u00e9sben. Ez az utaz\u00e1s reggel 6:00 \u00e9s 8:00 k\u00f6z\u00f6tt kezd\u0151dik \u00e9s 19:00 k\u00f6r\u00fcl \u00e9r v\u00e9get. Miut\u00e1n megszak\u00edtottuk a haj\u00f3nkat, hogy megl\u00e1togassuk a b\u00e1ln\u00e1kat saj\u00e1t \u00e9l\u0151hely\u00fck\u00f6n. A b\u00e1lnat\u00fara ut\u00e1n ell\u00e1togatunk a Bacardi-szigetre \/ Cayo Levantado-ra (opcion\u00e1lis). A Bacardi-szigeten tipikus dominikai st\u00edlus\u00fa sv\u00e9dasztalos eb\u00e9det k\u00edn\u00e1lnak. Az eb\u00e9d v\u00e9gezt\u00e9vel 16:00 \u00f3r\u00e1ig lehet \u00faszni. A t\u00fara ugyanabban a kik\u00f6t\u0151ben fejez\u0151dik be, ahonnan 17:00-kor indul. Ezt k\u00f6vet\u0151en visszavissz\u00fck a sz\u00e1llod\u00e1j\u00e1ba.<\/p>\n<p>Megjegyz\u00e9s: Ez egy priv\u00e1t t\u00fara, minimum 540 USD fizet\u00e9ssel. Ha \u00d6n kevesebb, mint 4 f\u0151, k\u00e9rj\u00fck, vegye fel vel\u00fcnk a kapcsolatot, \u00e9s k\u00fcld\u00fcnk egy linket, ahol le tudja foglalni ezt a t\u00far\u00e1t.\u00a0<strong><em>Ha csatlakozni szeretne egy b\u00e1lnales\u0151 csoporthoz, \u00e9s vegye fel a sz\u00e1llod\u00e1ban<\/em>\u00a0<\/strong><a href=\"https:\/\/ballenajorobada.com\/hu\/Tours-Excursions\/tours-excursions-samana-bay-dominican-republic\/whale-watching-2020-in-punta-cana-to-samana-bay-cayo-levantado-bacardi-island-from-hotels\/\" data-mil=\"12004\">KATTINTS IDE.<\/a><\/p>\n<ul>\n<li>B\u00e1lnales Priv\u00e1t utaz\u00e1s<\/li>\n<li>Bel\u00e9p\u0151d\u00edjak az Obszervat\u00f3riumba<\/li>\n<li>Tartalmazza a sv\u00e9dasztalos eb\u00e9det a tengerparton<\/li>\n<li>Priv\u00e1t transzfer a sz\u00e1llod\u00e1kb\u00f3l<\/li>\n<li>Priv\u00e1t haj\u00f3transzfer<\/li>\n<li>A kapit\u00e1ny utas\u00edt\u00e1st \u00e9s fel\u00fcgyeletet biztos\u00edt<\/li>\n<li>Idegenvezet\u0151<\/li>\n<\/ul>\n<p>&nbsp;<\/p>\n<h4><b>Befoglal\u00e1sok \u00e9s kiz\u00e1r\u00e1sok<\/b><\/h4>\n<p>&nbsp;<\/p>\n<p><b>Z\u00e1rv\u00e1nyok<\/b><\/p>\n<ol>\n<li>Sv\u00e9dasztalos eb\u00e9d a tengerparton<\/li>\n<li>Idegenvezet\u0151<\/li>\n<li>Transzfer aut\u00f3<\/li>\n<li>Haj\u00f3kir\u00e1ndul\u00e1s<\/li>\n<li>Minden ad\u00f3, d\u00edj \u00e9s kezel\u00e9si k\u00f6lts\u00e9g<\/li>\n<li>Helyi ad\u00f3k<\/li>\n<li>Italok<\/li>\n<\/ol>\n<p><b>Kiz\u00e1r\u00e1sok<\/b><\/p>\n<ol>\n<li>h\u00e1lap\u00e9nz<\/li>\n<li>Alkoholos italok<\/li>\n<\/ol>\n<p>&nbsp;<\/p>\n<h4><em><strong>Indul\u00e1s \u00e9s vissza\u00fat<\/strong><\/em><\/h4>\n<p>A Foglal\u00e1si folyamat ut\u00e1n az utaz\u00f3 tal\u00e1lkoz\u00e1si pontot kap. A t\u00far\u00e1k a tal\u00e1lkoz\u00e1si pontn\u00e1l kezd\u0151dnek \u00e9s fejez\u0151dnek be.<\/p>\n<p>&nbsp;<\/p>\n<h4><b><i>Mi v\u00e1rhat\u00f3?<\/i><\/b><\/h4>\n<p>&nbsp;<\/p>\n<p><em><strong>Vedd meg a jegyeidet<\/strong><\/em>\u00a0egy napos b\u00e1lnales priv\u00e1t l\u00e1togat\u00e1s Cap Can\u00e1t\u00f3l a Samana-\u00f6b\u00f6lig, valamint egy csod\u00e1latos eb\u00e9d \u00e9s strandol\u00e1s.<\/p>\n<p>nA b\u00e1lnales\u0151 kir\u00e1ndul\u00e1sokat a \u201eBooking Adventures\u201d szervezi, amely az idegenvezet\u0151vel megjel\u00f6lt tal\u00e1lkoz\u00e1si pontt\u00f3l indul. Eb\u00e9d a tengerparton, \u00e9s addig maradhatsz, ameddig csak akarsz \u00faszni. Ha veg\u00e1n vagy, mi is k\u00e9sz\u00edt\u00fcnk neked \u00e9telt.<\/p>\n<p><strong>Menetrend:<\/strong><\/p>\n<p>Rugalmas<\/p>\n<p>&nbsp;<\/p>\n<h4><em><strong>Mit kell vinni?<\/strong><\/em><\/h4>\n<ul>\n<li>Kamera<\/li>\n<li>Riaszt\u00f3 bimb\u00f3k<\/li>\n<li>Naptej<\/li>\n<li>Kalap<\/li>\n<li>K\u00e9nyelmes nadr\u00e1g<\/li>\n<li>Szand\u00e1l a strandra<\/li>\n<li>\u00dasz\u00f3ruha<\/li>\n<li>K\u00e9szp\u00e9nz aj\u00e1nd\u00e9kt\u00e1rgyak\u00e9rt<\/li>\n<\/ul>\n<p>&nbsp;<\/p>\n<h4><b><i>Sz\u00e1llodai \u00e1tv\u00e9tel<\/i><\/b><\/h4>\n<p>Ez a t\u00fara tartalmazza a sz\u00e1llodai transzfert. Punta Cana\/Cap Cana k\u00f6rny\u00e9k\u00e9n b\u00e1rmely sz\u00e1llod\u00e1ban felvesz\u00fcnk.<\/p>\n<p>&nbsp;<\/p>\n<p><b>Jegyzet:<\/b>\u00a0Ha a t\u00fara\/kir\u00e1ndul\u00e1s indul\u00e1si id\u0151pontj\u00e1t\u00f3l sz\u00e1m\u00edtott 24 \u00f3r\u00e1n bel\u00fcl foglal, fel\u00e1r ellen\u00e9ben meg tudjuk szervezni a sz\u00e1llodai \u00e1tv\u00e9telt. Amint a v\u00e1s\u00e1rl\u00e1s befejez\u0151d\u00f6tt, elk\u00fcldj\u00fck \u00d6nnek a helyi idegenvezet\u0151nk teljes el\u00e9rhet\u0151s\u00e9gi adatait (telefonsz\u00e1m, e-mail c\u00edm stb.), hogy megszervezhess\u00fck az \u00e1tv\u00e9tel megszervez\u00e9s\u00e9t.<\/p>\n<h4><b><i>Tov\u00e1bbi inform\u00e1ci\u00f3k meger\u0151s\u00edt\u00e9se<\/i><\/b><\/h4>\n<ol>\n<li>A jegyek a t\u00fara befizet\u00e9s\u00e9t k\u00f6vet\u0151 nyugt\u00e1k. A fizet\u00e9st a telefonon tudod megjelen\u00edteni.<\/li>\n<li>A tal\u00e1lkoz\u00e1si pontot a foglal\u00e1si folyamat ut\u00e1n veszik \u00e1t.<\/li>\n<li>A gyermekeket feln\u0151tt k\u00eds\u00e9ret\u00e9ben kell biztos\u00edtani.<\/li>\n<li>kerekessz\u00e9kkel el\u00e9rhet\u0151<\/li>\n<li>A csecsem\u0151knek \u00f6lben kell \u00fclni\u00fck<\/li>\n<li>A legt\u00f6bb utaz\u00f3 r\u00e9szt vehet<\/li>\n<\/ol>\n<h4><b><i>Lemond\u00e1si felt\u00e9telek<\/i><\/b><\/h4>\n<p>nA teljes visszat\u00e9r\u00edt\u00e9shez legal\u00e1bb 24 \u00f3r\u00e1val az \u00e9lm\u00e9ny kezdete el\u0151tt mondd le.<\/p>\n<\/div>\n<\/div>\n<\/div>\n<\/div>\n<\/div>\n<\/div>\n<div class=\"vc_row wpb_row vc_row-fluid\">\n<div class=\"wpb_column vc_column_container vc_col-sm-12\">\n<div class=\"vc_column-inner\">\n<div class=\"wpb_wrapper\">\n<div class=\"wpb_text_column wpb_content_element\">\n<div class=\"wpb_wrapper\">\n<h4>L\u00e9pjen kapcsolatba vel\u00fcnk?<\/h4>\n<h5><b><i>T\u00daRA B\u00c1LNA SAMANA<\/i><\/b><\/h5>\n<p><em><strong>Helyiek<\/strong>\u00a0\u00e9s\u00a0<strong>Nemzetiek<\/strong>\u00a0Idegenvezet\u0151k \u00e9s vend\u00e9gszolg\u00e1ltat\u00e1sok<\/em><\/p>\n<p><span class=\"text-turquoise\">Fenntart\u00e1sok:<\/span>\u00a0\u00a0Tours y Excursiones en Dom. Reps.<\/p>\n<p><img decoding=\"async\" class=\"emoji\" draggable=\"false\" src=\"https:\/\/s.w.org\/images\/core\/emoji\/11.2.0\/svg\/1f4de.svg\" alt=\"\ud83d\udcde\" title=\"\">\u00a0Tel \/ Whatsapp\u00a0\u00a0\u00a0<a href=\"tel:+1-809-720-6035\">+ 1-809-720-6035<\/a>\u00a0.<\/p>\n<p data-wp-editing=\"1\"><a href=\"mailto:Reservabatour@gmail.com\"><img decoding=\"async\" class=\"emoji\" draggable=\"false\" src=\"https:\/\/s.w.org\/images\/core\/emoji\/11.2.0\/svg\/1f4e9.svg\" alt=\"\ud83d\udce9\" title=\"\"> Reservvabatour@gmail.com<\/a><\/p>\n<p>&nbsp;<\/p>\n<\/div>\n<\/div>\n<\/div>\n<\/div>\n<\/div>\n<\/div>\n\n\t\t<\/div>\n\t<\/div>\n<div class=\"vc_btn3-container vc_btn3-inline\" ><a class=\"vc_general vc_btn3 vc_btn3-size-md vc_btn3-shape-rounded vc_btn3-style-modern vc_btn3-color-green\" href=\"https:\/\/bookingadventures.tours\/booking.php?tour_id=6ed21424a849c63fc6398949d1f80266\" title=\"\" rel=\"noopener\">FOGLALD LE MOST<\/a><\/div><\/div><\/div><\/div><\/div>\n<\/section>","protected":false},"excerpt":{"rendered":"<p>Foglalja le utaz\u00e1s\u00e1t egy b\u00e1lnales\u0151 \u00e9lm\u00e9ny\u00e9rt Cap Can\u00e1t\u00f3l indulva egy priv\u00e1t kir\u00e1ndul\u00e1sra, professzion\u00e1lis k\u00f6rnyezetv\u00e9d\u0151 vezet\u0151kkel. Ha tan\u00e1cs\u00e9rt szeretne felvenni vel\u00fcnk a kapcsolatot, k\u00e9rj\u00fck, k\u00fcldj\u00f6n e-mailt, Whatsapp-ot vagy el\u00e9rhet\u0151 h\u00edv\u00e1sokat. K\u00e9rj\u00fck, jegy\u00e9t el\u0151re foglalja le. A b\u00e1lnaszezonban sok a foglal\u00e1s, \u00e9s szeretn\u00e9nk, ha jegyei biztons\u00e1gban vannak.<\/p>\n<p>Megjegyz\u00e9s: Ez egy priv\u00e1t t\u00fara, minimum 4 fizet\u00e9ssel. Ha kevesebb mint 4 f\u0151, k\u00e9rj\u00fck, vegye fel vel\u00fcnk a kapcsolatot, \u00e9s k\u00fcld\u00fcnk egy linket, ahol le tudja foglalni ezt a t\u00far\u00e1t. Ha csatlakozni szeretne egy b\u00e1lnales-csoporthoz, \u00e9s a sz\u00e1llod\u00e1b\u00f3l \u00e1tveheti, KATTINTSON IDE.<\/p>\n<p><strong>Figyelem: csecsem\u0151k (0-23 h\u00f3napos korig) ingyenesek, gyerekek (2-10 \u00e9ves korig)<\/strong><\/p>\n<p><em><strong>V\u00e1lassza ki a t\u00fara d\u00e1tum\u00e1t:<\/strong><\/em><\/p>","protected":false},"featured_media":13304,"template":"","meta":[],"product_brand":[],"product_cat":[948,655,854,855,971,968,856,662,942,664],"product_tag":[296,682,683,186,667,342,668,524,669,276,274,525,670],"class_list":{"0":"post-12004","1":"product","2":"type-product","3":"status-publish","4":"has-post-thumbnail","6":"product_cat-1-punta-cana","7":"product_cat-1-samana","8":"product_cat-cap-cana-whale-watching","9":"product_cat-outdoor-activities","10":"product_cat-punta-cana-private-tours","11":"product_cat-punta-cana-whale-watching","12":"product_cat-water-activities","13":"product_cat-whale-watching","14":"product_cat-whale-watching-private-tours","15":"product_cat-whale-watching-punta-cana","16":"product_tag-day-trip-punta-cana","17":"product_tag-private-punta-cana","18":"product_tag-punta-cana-whale-watching","19":"product_tag-samana","20":"product_tag-samana-tour","21":"product_tag-samana-whale-watching","22":"product_tag-whale","23":"product_tag-whale-punta-cana","24":"product_tag-whale-sabana-de-la-mar","25":"product_tag-whale-samana","26":"product_tag-whale-watching-dominican-republic","27":"product_tag-whale-watching-punta-cana","28":"product_tag-whales-trips","30":"first","31":"instock","32":"sale","33":"sold-individually","34":"shipping-taxable","35":"product-type-external"},"_links":{"self":[{"href":"https:\/\/ballenajorobada.com\/hu\/wp-json\/wp\/v2\/product\/12004","targetHints":{"allow":["GET"]}}],"collection":[{"href":"https:\/\/ballenajorobada.com\/hu\/wp-json\/wp\/v2\/product"}],"about":[{"href":"https:\/\/ballenajorobada.com\/hu\/wp-json\/wp\/v2\/types\/product"}],"wp:featuredmedia":[{"embeddable":true,"href":"https:\/\/ballenajorobada.com\/hu\/wp-json\/wp\/v2\/media\/13304"}],"wp:attachment":[{"href":"https:\/\/ballenajorobada.com\/hu\/wp-json\/wp\/v2\/media?parent=12004"}],"wp:term":[{"taxonomy":"product_brand","embeddable":true,"href":"https:\/\/ballenajorobada.com\/hu\/wp-json\/wp\/v2\/product_brand?post=12004"},{"taxonomy":"product_cat","embeddable":true,"href":"https:\/\/ballenajorobada.com\/hu\/wp-json\/wp\/v2\/product_cat?post=12004"},{"taxonomy":"product_tag","embeddable":true,"href":"https:\/\/ballenajorobada.com\/hu\/wp-json\/wp\/v2\/product_tag?post=12004"}],"curies":[{"name":"wp","href":"https:\/\/api.w.org\/{rel}","templated":true}]}}