{"id":12506,"date":"2021-05-24T07:56:32","date_gmt":"2021-05-24T07:56:32","guid":{"rendered":"https:\/\/www.ticketswhales.com\/?post_type=product&#038;p=12506"},"modified":"2023-11-07T19:34:54","modified_gmt":"2023-11-07T19:34:54","slug":"hike-kayak-los-haitises-national-park-from-punta-cana","status":"publish","type":"product","link":"https:\/\/ballenajorobada.com\/hu\/Tours-Excursions\/hiking\/tura-kajak-los-haitises-nemzeti-park-punta-canabol","title":{"rendered":"T\u00fara + kajak Los Haitises Nemzeti Park Punta Can\u00e1b\u00f3l"},"content":{"rendered":"<section class=\"wpb-content-wrapper\"><div class=\"vc_row wpb_row vc_row-fluid\" ><div class=\"wpb_column vc_column_container vc_col-sm-12\"><div class=\"vc_column-inner\"><div class=\"wpb_wrapper\"><div class=\"vc_btn3-container vc_btn3-inline\" ><button class=\"vc_general vc_btn3 vc_btn3-size-md vc_btn3-shape-rounded vc_btn3-style-modern vc_btn3-color-green\">FOGLALD LE MOST<\/button><\/div>\n\t<div class=\"wpb_text_column wpb_content_element\" >\n\t\t<div class=\"wpb_wrapper\">\n\t\t\t<h4><b><i>\u00c1ttekint\u00e9s <\/i><\/b><\/h4>\n<p>Ez a t\u00fara\u00fat + kajakos t\u00fara Punta can\u00e1b\u00f3l indul, transzferrel a sz\u00e1llod\u00e1kt\u00f3l. Ezt k\u00f6vet\u0151en \u00e9rkez\u00fcnk a parkba, ahol k\u00f6r\u00fclbel\u00fcl 2 \u00f3r\u00e1t t\u00far\u00e1zunk a Los Haitises Nemzeti Parkban tal\u00e1lhat\u00f3 Humid Forest ment\u00e9n. Megismerheti a k\u00f6rny\u00e9k gy\u00f3gyn\u00f6v\u00e9nyeit, megtekintheti a sz\u00e9leslevel\u0171 erd\u0151k els\u0151dleges \u00e9s m\u00e1sodlagos Los Haitises Nemzeti Park hegyeit, \u00e9s egy\u00fattal el\u00e9rheti a Jivales foly\u00f3 forr\u00e1s\u00e1t, ahonnan az Eco-Lodge Ca\u00f1o Hondo term\u00e9szetes medenc\u00e9inek vize folyik. Ut\u00e1na elvissz\u00fck az \u00d6n biztons\u00e1g\u00e1hoz sz\u00fcks\u00e9ges felszerel\u00e9st (ment\u0151mell\u00e9ny, stb.), kajakokat \u00e9s mangrove mocsarak \u00e1tj\u00e1r\u00e1s\u00e1t. L\u00e1tni fog n\u00e9h\u00e1ny madarakkal teli mangrove-t, buja n\u00f6v\u00e9nyzettel bor\u00edtott dombokat. A ny\u00edlt San Lorenzo-\u00f6b\u00f6lben tal\u00e1lhat\u00f3 mangrove- \u00e9s Land-on kereszt\u00fcl, ahonnan fot\u00f3zhatja a zord erdei t\u00e1jat.<\/p>\n<p>Ezen \u00e9lm\u00e9ny ut\u00e1n visszat\u00e9rhet Cano Hond\u00f3ba vagy Sabana de la marba.<\/p>\n<ul>\n<li style=\"font-weight: 400;\">A d\u00edjak benne vannak<\/li>\n<li>Los Haitises Nemzeti Park T\u00farat\u00fara<\/li>\n<li style=\"font-weight: 400;\"><span style=\"font-weight: 400;\">Az \u00fatmutat\u00f3 oktat\u00e1st \u00e9s fel\u00fcgyeletet biztos\u00edt<\/span><\/li>\n<\/ul>\n<p>&nbsp;<\/p>\n<h4><b>Befoglal\u00e1sok \u00e9s kiz\u00e1r\u00e1sok<\/b><\/h4>\n<p>&nbsp;<\/p>\n<p><b>Z\u00e1rv\u00e1nyok<\/b><\/p>\n<p>&nbsp;<\/p>\n<ol>\n<li style=\"font-weight: 400;\">Los Haitises Nemzeti Park<\/li>\n<li>T\u00fara + kajak<\/li>\n<li style=\"font-weight: 400;\"><span style=\"font-weight: 400;\">Minden ad\u00f3, d\u00edj \u00e9s kezel\u00e9si k\u00f6lts\u00e9g<\/span><\/li>\n<li style=\"font-weight: 400;\"><span style=\"font-weight: 400;\">Helyi ad\u00f3k<\/span><\/li>\n<li style=\"font-weight: 400;\"><span style=\"font-weight: 400;\">Italok<\/span><\/li>\n<li style=\"font-weight: 400;\"><span style=\"font-weight: 400;\">Minden tev\u00e9kenys\u00e9g<\/span><\/li>\n<li style=\"font-weight: 400;\"><span style=\"font-weight: 400;\">Helyi idegenvezet\u0151<\/span><\/li>\n<li><span style=\"font-weight: 400;\">\u00c1truh\u00e1z\u00e1s<\/span><\/li>\n<li>Eb\u00e9d a helyiekkel<\/li>\n<\/ol>\n<p><b> Kiz\u00e1r\u00e1sok<\/b><\/p>\n<ol>\n<li style=\"font-weight: 400;\"><span style=\"font-weight: 400;\">h\u00e1lap\u00e9nz<\/span><\/li>\n<li style=\"font-weight: 400;\"><span style=\"font-weight: 400;\">Alkoholos italok<\/span><\/li>\n<\/ol>\n<p>&nbsp;<\/p>\n<h4><em><strong>Indul\u00e1s \u00e9s vissza\u00fat<\/strong><\/em><\/h4>\n<p><span style=\"font-weight: 400;\">A Foglal\u00e1si folyamat ut\u00e1n az utaz\u00f3 tal\u00e1lkoz\u00e1si pontot kap. A t\u00far\u00e1k tal\u00e1lkoz\u00e1si pontjainkon indulnak \u00e9s fejez\u0151dnek be.<\/span><\/p>\n<p>&nbsp;<\/p>\n<h2>T\u00fara + kajak Los Haitises Nemzeti Park Punta Can\u00e1b\u00f3l<\/h2>\n<h4><b><i>Mi v\u00e1rhat\u00f3?<\/i><\/b><\/h4>\n<p>A nemzeti park neve eredeti lak\u00f3ir\u00f3l, a taino indi\u00e1nokr\u00f3l sz\u00e1rmazik. Nyelv\u00fck\u00f6n a \u201ehaitisek\u201d felf\u00f6ldet vagy dombokat jelentenek, utalva a partvonal meredek geol\u00f3giai k\u00e9pz\u0151dm\u00e9nyeire, m\u00e9szk\u00f6vekkel. A kajakoz\u00e1s 2 \u00f3ra.<\/p>\n<p>A t\u00f6rt\u00e9nelem \u00e9s a term\u00e9szet megismer\u00e9se a helyiekkel olyan idegenvezet\u0151k vezet\u00e9s\u00e9vel, akik k\u00f6rnyezetv\u00e9d\u0151k\u00e9nt \u00e9s \u00f6nk\u00e9ntesk\u00e9nt n\u0151nek fel a projekt ter\u00fclet\u00e9n. A \u201eBooking Adventures\u201d \u00e1ltal szervezett t\u00fara az idegenvezet\u0151vel meghat\u00e1rozott tal\u00e1lkoz\u00e1si pontn\u00e1l kezd\u0151dik.<\/p>\n<p>Egy kezdeti s\u00e9ta ut\u00e1n a sz\u00e1nt\u00f3f\u00f6ldeken \u00e9s a mez\u0151gazdas\u00e1gi ter\u00fcleteken, s\u00e9t\u00e1lni kezd a k\u00f3kusz- \u00e9s kaka\u00f3erd\u0151 mellett. Minden percben bejutni a Los Haitises Nemzeti Park els\u0151dleges \u00e9s egyed\u00fcl\u00e1ll\u00f3 term\u00e9szetv\u00e9delmi ter\u00fclet\u00e9re. J\u00f6jj\u00f6n el a Booking Adventures programmal, \u00e9s kezdjen el ellen\u0151rizni n\u00e9h\u00e1ny endemics mad\u00e1r-, eml\u0151s- \u00e9s n\u00f6v\u00e9nyfajt, a buja n\u00f6v\u00e9nyzet dombjait \u00e9s a barlangokat <em><strong>Los Haitises Nemzeti Park<\/strong><\/em>.<\/p>\n<div class=\"body-description secondary\">\n<p>A nemzeti park neve eredeti lak\u00f3ir\u00f3l, a taino indi\u00e1nokr\u00f3l sz\u00e1rmazik. Nyelv\u00fck\u00f6n a \u201ehaitisek\u201d felf\u00f6ldet vagy dombokat jelentenek, utalva a partvonal meredek geol\u00f3giai k\u00e9pz\u0151dm\u00e9nyeire, m\u00e9szk\u00f6vekkel. Menjen m\u00e9lyebbre a parkban, \u00e9s fedezze fel a barlangokat, p\u00e9ld\u00e1ul a <em><strong>Cueva de la Arena<\/strong><\/em> \u00e9s <strong><em>Cueva de la L\u00ednea. A haj\u00f3kir\u00e1ndul\u00e1st a Gyalogt\u00far\u00e1val p\u00e1ros\u00edthatja. Csak l\u00e9pjen kapcsolatba vel\u00fcnk.<\/em><\/strong><\/p>\n<p>A rezerv\u00e1tumban l\u00e9v\u0151 barlangokat a taino indi\u00e1nok, majd k\u00e9s\u0151bb a kal\u00f3zok rejt\u0151zk\u00f6d\u0151k\u00e9nt haszn\u00e1lt\u00e1k. Keresse az indi\u00e1nok rajzait, amelyek d\u00edsz\u00edtik n\u00e9h\u00e1ny falat. Az Es\u0151erd\u0151ben t\u00f6bb mint 700 sz\u00e1z n\u00f6v\u00e9nyfaj tal\u00e1lhat\u00f3, ezen a t\u00fara\u00fatvonalon igyeksz\u00fcnk minden \u00e1ltalunk ismert gy\u00f3gyn\u00f6v\u00e9nyt megtan\u00edtani a l\u00e1togat\u00f3knak.<\/p>\n<p>J\u00f6jj\u00f6n el tanulni, t\u00far\u00e1zni \u00e9s \u00e9lvezni a Los Haitises Nemzeti Park val\u00f3di term\u00e9szet\u00e9t.<\/p>\n<\/div>\n<p>&nbsp;<\/p>\n<h4><em><strong>Mit kell vinni?<\/strong><\/em><\/h4>\n<ul>\n<li style=\"font-weight: 400;\"><span style=\"font-weight: 400;\">Kamera<\/span><\/li>\n<li style=\"font-weight: 400;\"><span style=\"font-weight: 400;\">Riaszt\u00f3 bimb\u00f3k<\/span><\/li>\n<li style=\"font-weight: 400;\"><span style=\"font-weight: 400;\">Naptej<\/span><\/li>\n<li style=\"font-weight: 400;\"><span style=\"font-weight: 400;\">Kalap<\/span><\/li>\n<li style=\"font-weight: 400;\"><span style=\"font-weight: 400;\">K\u00e9nyelmes nadr\u00e1g<\/span><\/li>\n<li style=\"font-weight: 400;\"><span style=\"font-weight: 400;\">Erdei t\u00faracip\u0151<\/span><\/li>\n<li style=\"font-weight: 400;\"><span style=\"font-weight: 400;\">Szand\u00e1lok a tavaszi ter\u00fcletekre.<\/span><\/li>\n<li style=\"font-weight: 400;\"><span style=\"font-weight: 400;\">\u00dasz\u00f3ruha<\/span><\/li>\n<\/ul>\n<p>&nbsp;<\/p>\n<h4><b><i>Sz\u00e1llodai \u00e1tv\u00e9tel <\/i><\/b><\/h4>\n<p><span style=\"font-weight: 400;\">Ezen a t\u00far\u00e1n a sz\u00e1lloda \u00e1tv\u00e9tele biztos\u00edtott.\u00a0<\/span><\/p>\n<p><b>Jegyzet:<\/b><span style=\"font-weight: 400;\"> Ha a t\u00fara\/kir\u00e1ndul\u00e1s indul\u00e1si idej\u00e9t k\u00f6vet\u0151 24 \u00f3r\u00e1n bel\u00fcl foglal, meg tudjuk szervezni a sz\u00e1llodai transzfert Punta Cana ter\u00fclet\u00e9r\u0151l. Amint a v\u00e1s\u00e1rl\u00e1s befejez\u0151d\u00f6tt, elk\u00fcldj\u00fck \u00d6nnek a helyi idegenvezet\u0151nk teljes el\u00e9rhet\u0151s\u00e9gi adatait (telefonsz\u00e1m, e-mail c\u00edm stb.), hogy megszervezhess\u00fck az \u00e1tv\u00e9tel megszervez\u00e9s\u00e9t.<\/span><\/p>\n<h4><b><i>Tov\u00e1bbi inform\u00e1ci\u00f3k meger\u0151s\u00edt\u00e9se <\/i><\/b><\/h4>\n<ol>\n<li>A jegyek a t\u00fara befizet\u00e9s\u00e9t k\u00f6vet\u0151 nyugt\u00e1k. A fizet\u00e9st a telefonon tudod megjelen\u00edteni.<\/li>\n<li style=\"font-weight: 400;\"><span style=\"font-weight: 400;\">A tal\u00e1lkoz\u00e1si pontot a foglal\u00e1si folyamat ut\u00e1n veszik \u00e1t.<\/span><\/li>\n<li style=\"font-weight: 400;\"><span style=\"font-weight: 400;\">A gyermekeket feln\u0151tt k\u00eds\u00e9ret\u00e9ben kell biztos\u00edtani.<\/span><\/li>\n<li style=\"font-weight: 400;\"><span style=\"font-weight: 400;\"> Kerekessz\u00e9kkel nem megk\u00f6zel\u00edthet\u0151 <\/span><\/li>\n<li style=\"font-weight: 400;\"><span style=\"font-weight: 400;\">A csecsem\u0151knek \u00f6lben kell \u00fclni\u00fck <\/span><\/li>\n<li style=\"font-weight: 400;\"><span style=\"font-weight: 400;\">H\u00e1tprobl\u00e9m\u00e1kkal k\u00fczd\u0151 utaz\u00f3knak nem aj\u00e1nlott<\/span><\/li>\n<li style=\"font-weight: 400;\"><span style=\"font-weight: 400;\">Terhes utaz\u00f3knak nem aj\u00e1nlott <\/span><\/li>\n<li style=\"font-weight: 400;\"><span style=\"font-weight: 400;\"> Nincsenek sz\u00edvprobl\u00e9m\u00e1k vagy egy\u00e9b s\u00falyos eg\u00e9szs\u00e9g\u00fcgyi \u00e1llapotok <\/span><\/li>\n<li style=\"font-weight: 400;\"><span style=\"font-weight: 400;\">A legt\u00f6bb utaz\u00f3 r\u00e9szt vehet<\/span><\/li>\n<\/ol>\n<h4><b><i>Lemond\u00e1si felt\u00e9telek<\/i><\/b><\/h4>\n<p>A teljes visszat\u00e9r\u00edt\u00e9s\u00e9rt k\u00e9rj\u00fck, olvassa el lemond\u00e1si szab\u00e1lyzatunkat\u00a0<a href=\"https:\/\/ballenajorobada.com\/hu\/online-foglalas\/\" target=\"_blank\" rel=\"noopener\" data-saferedirecturl=\"https:\/\/www.google.com\/url?q=https:\/\/ballenajorobada.com\/online-booking\/&amp;source=gmail&amp;ust=1672449202351000&amp;usg=AOvVaw1yAeVAPktmaVCqDujgUn90\">Kattints ide<\/a>. Az \u00f6sszeg elveszik, ha a foglal\u00e1st az utaz\u00e1s napj\u00e1n lemondj\u00e1k.<\/p>\n\n\t\t<\/div>\n\t<\/div>\n<\/div><\/div><\/div><\/div><div class=\"vc_row wpb_row vc_row-fluid\" ><div class=\"wpb_column vc_column_container vc_col-sm-12\"><div class=\"vc_column-inner\"><div class=\"wpb_wrapper\">\n\t<div class=\"wpb_video_widget wpb_content_element vc_clearfix   vc_video-aspect-ratio-169 vc_video-el-width-100 vc_video-align-left\" >\n\t\t<div class=\"wpb_wrapper\">\n\t\t\t<h2 class=\"wpb_heading wpb_video_heading\">Haitises Kajakok<\/h2>\n\t\t\t<div class=\"wpb_video_wrapper\"><iframe loading=\"lazy\" title=\"Kajakoz\u00e1s \u00e9s barlang\u00e1szat a Los Haitises Nemzeti Parkban, Dominikai K\u00f6zt\u00e1rsas\u00e1gban\" width=\"1100\" height=\"619\" src=\"https:\/\/www.youtube.com\/embed\/ucU1uwB57wQ?feature=oembed\" frameborder=\"0\" allow=\"accelerometer; autoplay; clipboard-write; encrypted-media; gyroscope; picture-in-picture; web-share\" allowfullscreen><\/iframe><\/div>\n\t\t<\/div>\n\t<\/div>\n<\/div><\/div><\/div><\/div><div class=\"wpb_column vc_column_container vc_col-sm-12\"><div class=\"vc_column-inner\"><div class=\"wpb_wrapper\"><\/div><\/div><\/div>\n<\/section>","protected":false},"excerpt":{"rendered":"<p>3 \u00f3r\u00e1s t\u00fara \u00e9s mangrove kajakoz\u00e1s a Los Haitises Nemzeti Parkban egy helyi idegenvezet\u0151vel Sabana de la Marb\u00f3l. Az es\u0151erd\u0151, a k\u00f3kuszdi\u00f3, a k\u00e1v\u00e9 \u00e9s a kaka\u00f3 ter\u00fcleteinek megtekint\u00e9se. A Los Haitises Nemzeti Park eredeti t\u00f6rt\u00e9net\u00e9nek megismer\u00e9se.<\/p>\n<p><strong>V\u00e1lassza ki a t\u00fara d\u00e1tum\u00e1t:<\/strong><\/p>","protected":false},"featured_media":9760,"template":"","meta":[],"product_brand":[],"product_cat":[456,948,946,178,927,934,971,964,254,255],"product_tag":[422,268,174,173,577,576,571,570,569,317,316,206,209,575,441,574,572,499,175,498,200,187,573],"class_list":{"0":"post-12506","1":"product","2":"type-product","3":"status-publish","4":"has-post-thumbnail","6":"product_cat-day-trips","7":"product_cat-1-punta-cana","8":"product_cat-1-sabana-de-la-mar","9":"product_cat-hiking","10":"product_cat-hiking-los-haitises","11":"product_cat-kayaking-los-haitises","12":"product_cat-punta-cana-private-tours","13":"product_cat-punta-cana-los-haitises","14":"product_cat-tours-excursions-los-haitises-national-park","15":"product_cat-tours-excursions-samana-bay-dominican-republic","16":"product_tag-cano-hondo-sabana-de-la-mar","17":"product_tag-caves-los-haitises","18":"product_tag-eco-tours","19":"product_tag-excursion","20":"product_tag-hike-kayak","21":"product_tag-hike-kayak-los-haitises-national-park","22":"product_tag-hiking-los-haitises","23":"product_tag-hiking-sabana-de-la-mar","24":"product_tag-hiking-samana","25":"product_tag-kayak-tour","26":"product_tag-kayaking","27":"product_tag-kayaking-los-haitises","28":"product_tag-los-haitises-national-park","29":"product_tag-los-haitises-national-park-entrance-fee","30":"product_tag-los-haitises-national-park-tour-from-las-terrenas","31":"product_tag-los-haitises-national-park-tour-from-santo-domingo","32":"product_tag-los-haitises-national-park-weather","33":"product_tag-los-haitises-sabana-de-la-mar","34":"product_tag-sabana-de-la-mar","35":"product_tag-sabana-de-la-mar-tour","36":"product_tag-samana-excursions","37":"product_tag-samana-tours","38":"product_tag-secrets-of-los-haitises","40":"first","41":"instock","42":"sale","43":"sold-individually","44":"shipping-taxable","45":"product-type-external"},"_links":{"self":[{"href":"https:\/\/ballenajorobada.com\/hu\/wp-json\/wp\/v2\/product\/12506","targetHints":{"allow":["GET"]}}],"collection":[{"href":"https:\/\/ballenajorobada.com\/hu\/wp-json\/wp\/v2\/product"}],"about":[{"href":"https:\/\/ballenajorobada.com\/hu\/wp-json\/wp\/v2\/types\/product"}],"wp:featuredmedia":[{"embeddable":true,"href":"https:\/\/ballenajorobada.com\/hu\/wp-json\/wp\/v2\/media\/9760"}],"wp:attachment":[{"href":"https:\/\/ballenajorobada.com\/hu\/wp-json\/wp\/v2\/media?parent=12506"}],"wp:term":[{"taxonomy":"product_brand","embeddable":true,"href":"https:\/\/ballenajorobada.com\/hu\/wp-json\/wp\/v2\/product_brand?post=12506"},{"taxonomy":"product_cat","embeddable":true,"href":"https:\/\/ballenajorobada.com\/hu\/wp-json\/wp\/v2\/product_cat?post=12506"},{"taxonomy":"product_tag","embeddable":true,"href":"https:\/\/ballenajorobada.com\/hu\/wp-json\/wp\/v2\/product_tag?post=12506"}],"curies":[{"name":"wp","href":"https:\/\/api.w.org\/{rel}","templated":true}]}}