{"id":12996,"date":"2021-09-16T15:48:58","date_gmt":"2021-09-16T15:48:58","guid":{"rendered":"https:\/\/www.ticketswhales.com\/?post_type=product&#038;p=12996"},"modified":"2023-10-16T08:39:25","modified_gmt":"2023-10-16T08:39:25","slug":"los-haitises-mountain-bike-private-boat-trip-copy","status":"publish","type":"product","link":"https:\/\/ballenajorobada.com\/hu\/Tours-Excursions\/tours-excursions-los-haitises-national-park\/los-haitises-mountain-bike-privat-hajokirandulas-masolat","title":{"rendered":"Los Haitises hegyi ker\u00e9kp\u00e1roz\u00e1s + priv\u00e1t haj\u00f3kir\u00e1ndul\u00e1s"},"content":{"rendered":"<section class=\"wpb-content-wrapper\"><div class=\"vc_row wpb_row vc_row-fluid\" ><div class=\"wpb_column vc_column_container vc_col-sm-12\"><div class=\"vc_column-inner\"><div class=\"wpb_wrapper\"><div class=\"vc_btn3-container vc_btn3-inline\" ><a class=\"vc_general vc_btn3 vc_btn3-size-md vc_btn3-shape-rounded vc_btn3-style-modern vc_btn3-color-green\" href=\"https:\/\/bookingadventures.tours\/booking.php?tour_id=a7eaf8f70968fc40037fc986faa80770\" title=\"\" rel=\"noopener\">FOGLALD LE MOST<\/a><\/div><div class=\"vc_empty_space\"   style=\"height: 32px\"><span class=\"vc_empty_space_inner\"><\/span><\/div>\n\t<div class=\"wpb_text_column wpb_content_element\" >\n\t\t<div class=\"wpb_wrapper\">\n\t\t\t<div class=\"vc_row wpb_row vc_row-fluid\">\n<div class=\"wpb_column vc_column_container vc_col-sm-12\">\n<div class=\"vc_column-inner\">\n<div class=\"wpb_wrapper\">\n<div class=\"mkdf-section-title-holder\">\n<div class=\"mkdf-st-inner\">\n<h5 class=\"mkdf-st-subtitle\">Ker\u00e9kp\u00e1r, mangrove, haj\u00f3kir\u00e1ndul\u00e1s, barlangok \u00e9s m\u00e9g sok m\u00e1s.<\/h5>\n<h3 class=\"mkdf-st-title\">Los Haitises hegyi ker\u00e9kp\u00e1roz\u00e1s + priv\u00e1t haj\u00f3kir\u00e1ndul\u00e1s<\/h3>\n<\/div>\n<\/div>\n<\/div>\n<\/div>\n<\/div>\n<\/div>\n<div class=\"vc_row wpb_row vc_row-fluid\">\n<div class=\"wpb_column vc_column_container vc_col-sm-12\">\n<div class=\"vc_column-inner\">\n<div class=\"wpb_wrapper\">\n<div class=\"vc_empty_space\"><\/div>\n<\/div>\n<\/div>\n<\/div>\n<\/div>\n<div class=\"vc_row wpb_row vc_row-fluid\">\n<div class=\"wpb_column vc_column_container vc_col-sm-12\">\n<div class=\"vc_column-inner\">\n<div class=\"wpb_wrapper\">\n<div class=\"wpb_text_column wpb_content_element\">\n<div class=\"wpb_wrapper\">\n<h5><strong>\u00c1ttekint\u00e9s<\/strong><\/h5>\n<p>Utazzon egy helyi szak\u00e9rt\u0151vel, \u00e9s szerezze meg az egyed\u00fcl\u00e1ll\u00f3 ker\u00e9kp\u00e1roz\u00e1si \u00e9lm\u00e9nyt Sabana de la Marb\u00f3l indulva. Ez a t\u00fara elvezeti \u00d6nt a Dominikai K\u00f6zt\u00e1rsas\u00e1g gy\u00f6ny\u00f6r\u0171 t\u00e1j\u00e1ra. Ker\u00e9kp\u00e1roz\u00e1s k\u00f6zben k\u00f6sz\u00f6nni fogsz! a gazd\u00e1k, akik lovaikkal vagy motorjaikkal a birtokukra \u00fclnek, \u00e9s a t\u00fara sor\u00e1n megismerkedhetnek a kalandokkal \u00e9s a helyi kult\u00far\u00e1val Sabana de la Marb\u00f3l. N\u00e9h\u00e1ny t\u00e9ny Los Haitisesr\u0151l: a vil\u00e1g egyik legnagyobb m\u00e9szk\u0151k\u00e9pz\u0151dm\u00e9nye, hely az endemikus fajok meg\u0151rz\u00e9s\u00e9re, A sziget biodiverzit\u00e1sa nagy r\u00e9sze \u00e9s Quisqueya egyik legnagyobb mangrove erdeje.<\/p>\n<p>&nbsp;<\/p>\n<p><strong>Befoglal\u00e1sok \u00e9s kiz\u00e1r\u00e1sok<\/strong><\/p>\n<p>&nbsp;<\/p>\n<p><strong>Z\u00e1rv\u00e1nyok<\/strong><\/p>\n<p>Ker\u00e9kp\u00e1roz\u00e1s<\/p>\n<p>Haj\u00f3t\u00fara<\/p>\n<p>Snackek<\/p>\n<p>1 vizes palack<\/p>\n<p>Els\u0151seg\u00e9lyk\u00e9szlet<\/p>\n<p>Minden ad\u00f3, d\u00edj \u00e9s kezel\u00e9si k\u00f6lts\u00e9g<\/p>\n<p>Helyi ad\u00f3k<\/p>\n<p>Hivatalos \u00d6kol\u00f3gus idegenvezet\u0151k angol\/spanyol nyelven<\/p>\n<p>&nbsp;<\/p>\n<p><strong>Kiz\u00e1r\u00e1sok<\/strong><\/p>\n<p>h\u00e1lap\u00e9nz<\/p>\n<p>\u00c1truh\u00e1z\u00e1s<\/p>\n<p>Ital<\/p>\n<p>&nbsp;<\/p>\n<p>&nbsp;<\/p>\n<p>Indul\u00e1s \u00e9s vissza\u00fat<\/p>\n<p>&nbsp;<\/p>\n<p>A \u201eBooking Adventures\u201d \u00e1ltal szervezett t\u00fara az idegenvezet\u0151vel megjel\u00f6lt tal\u00e1lkoz\u00e1si pontt\u00f3l indul. A Foglal\u00e1si folyamat ut\u00e1n az utaz\u00f3 tal\u00e1lkoz\u00e1si pontot kap. A t\u00far\u00e1k tal\u00e1lkoz\u00e1si pontjainkon indulnak \u00e9s fejez\u0151dnek be.<\/p>\n<p>&nbsp;<\/p>\n<p>Mi v\u00e1rhat\u00f3?<\/p>\n<p>Vegy\u00e9l jegyet ker\u00e9kp\u00e1roz\u00e1sra \u00e9s cs\u00f3nak\u00e1z\u00e1sra Sabana de la Marb\u00f3l<\/p>\n<p>&nbsp;<\/p>\n<p>Ez a kir\u00e1ndul\u00e1s a tal\u00e1lkoz\u00e1si pontt\u00f3l indul, amelyet meg kell er\u0151s\u00edtenie utaz\u00e1si irod\u00e1nkkal vagy idegenvezet\u0151vel, miel\u0151tt b\u00e1rmely helyre indulna. Miut\u00e1n tal\u00e1lkozik az idegenvezet\u0151vel, besz\u00e1mol a t\u00far\u00e1r\u00f3l \u00e9s mindenr\u0151l, ami a napj\u00e1val kapcsolatos.<\/p>\n<p>&nbsp;<\/p>\n<p>Amikor mindenki k\u00e9szen \u00e1ll, elindulunk a Los Haitises Nemzeti Park kik\u00f6t\u0151j\u00e9be, ahol cs\u00f3nak\u00e1zni kezd\u00fcnk a Cano Hondo foly\u00f3n\u00e1l, amely a San Lorenzo-\u00f6b\u00f6lben v\u00e9gz\u0151dik. Ez egy kis, mind\u00f6ssze 10 km2-es \u00f6b\u00f6l, \u00e9s k\u00e9t \u00f3r\u00e1ra \u00d6n is felbukkanhat Los Haitises k\u00fcl\u00f6nb\u00f6z\u0151 \u00f6kosziszt\u00e9m\u00e1i.<\/p>\n<p>&nbsp;<\/p>\n<p>Az utaz\u00e1s ezen r\u00e9sze alatt a mangroveerd\u0151 k\u00f6r\u00fcl navig\u00e1l, amely t\u00f6bb mint 90 km2-rel a m\u00e1sodik legnagyobb a szigeten, \u00e9s amikor a San Lorenzo-\u00f6b\u00f6lbe \u00e9r, l\u00e1tni fogja a Samana-f\u00e9lszigetet \u00e9s az \u00f6bl\u00f6t.<\/p>\n<p>&nbsp;<\/p>\n<p>A kajakoz\u00e1s sor\u00e1n lehet\u0151s\u00e9g ny\u00edlik n\u00e9h\u00e1ny delfin megtekint\u00e9s\u00e9re, olyan madarakra, mint a k\u00e9k g\u00e9m, sz\u00fcrke g\u00e9m, varjak, barna pelik\u00e1n, kir\u00e1lyi cs\u00e9r, Magnificent Fregatebird, valamint a Los Haitises Nemzeti Park egyed\u00fcl\u00e1ll\u00f3 kil\u00e1t\u00e1sa. A Los Haitises Nemzeti Parkban \u00e9s Sabana de la Marban elt\u00f6lt\u00f6tt 4 \u00f3ra \u00e9s f\u00e9l \u00f3ra tev\u00e9kenys\u00e9g ut\u00e1n ez a kir\u00e1ndul\u00e1s ugyanott \u00e9r v\u00e9get, ahol elkezd\u0151d\u00f6tt.<\/p>\n<p>&nbsp;<\/p>\n<p>Megjegyz\u00e9s: Ezeket a t\u00far\u00e1kat Officials Ecologist t\u00faravezet\u0151k k\u00eds\u00e9rik. K\u00e9rj\u00fck, id\u0151ben foglaljon, mert a parkban nincs t\u00fal sok szakember.<\/p>\n<p>&nbsp;<\/p>\n<p>&nbsp;<\/p>\n<p>Mit kell vinni?<\/p>\n<ul>\n<li aria-level=\"1\">Kamera<\/li>\n<li aria-level=\"1\">Riaszt\u00f3 bimb\u00f3k<\/li>\n<li aria-level=\"1\">naptej<\/li>\n<li aria-level=\"1\">Kalap<\/li>\n<li aria-level=\"1\">K\u00e9nyelmes nadr\u00e1g<\/li>\n<li aria-level=\"1\">Fut\u00f3cip\u0151<\/li>\n<li aria-level=\"1\">Szand\u00e1l kajakoz\u00e1shoz<\/li>\n<li aria-level=\"1\">\u00dasz\u00f3ruha<\/li>\n<li aria-level=\"1\">T\u00f6r\u00f6lk\u00f6z\u0151k<\/li>\n<\/ul>\n<p>&nbsp;<\/p>\n<h4><b><i>Sz\u00e1llodai \u00e1tv\u00e9tel<\/i><\/b><\/h4>\n<p>Ezen a t\u00far\u00e1n nem k\u00edn\u00e1lnak transzfert a sz\u00e1llod\u00e1b\u00f3l.<\/p>\n<p>&nbsp;<\/p>\n<p><b>Jegyzet:<\/b>\u00a0Ha a t\u00fara\/kir\u00e1ndul\u00e1s indul\u00e1si id\u0151pontj\u00e1t\u00f3l sz\u00e1m\u00edtott 24 \u00f3r\u00e1n bel\u00fcl foglal, fel\u00e1r ellen\u00e9ben meg tudjuk szervezni a sz\u00e1llodai \u00e1tv\u00e9telt. Amint a v\u00e1s\u00e1rl\u00e1s befejez\u0151d\u00f6tt, elk\u00fcldj\u00fck \u00d6nnek a helyi idegenvezet\u0151nk teljes el\u00e9rhet\u0151s\u00e9gi adatait (telefonsz\u00e1m, e-mail c\u00edm stb.), hogy megszervezhess\u00fck az \u00e1tv\u00e9tel megszervez\u00e9s\u00e9t.<\/p>\n<h4><b><i>Tov\u00e1bbi inform\u00e1ci\u00f3k meger\u0151s\u00edt\u00e9se<\/i><\/b><\/h4>\n<ol>\n<li>A jegyek a t\u00fara befizet\u00e9s\u00e9t k\u00f6vet\u0151 nyugt\u00e1k. A fizet\u00e9st a telefonon tudod megjelen\u00edteni.<\/li>\n<li>A tal\u00e1lkoz\u00e1si pontot a foglal\u00e1si folyamat ut\u00e1n veszik \u00e1t.<\/li>\n<li>A gyermekeket feln\u0151tt k\u00eds\u00e9ret\u00e9ben kell biztos\u00edtani.<\/li>\n<li>Kerekessz\u00e9kkel nem megk\u00f6zel\u00edthet\u0151<\/li>\n<li>A csecsem\u0151knek \u00f6lben kell \u00fclni\u00fck<\/li>\n<li>H\u00e1tprobl\u00e9m\u00e1kkal k\u00fczd\u0151 utaz\u00f3knak nem aj\u00e1nlott<\/li>\n<li>Terhes utaz\u00f3knak nem aj\u00e1nlott<\/li>\n<li>Nincsenek sz\u00edvprobl\u00e9m\u00e1k vagy egy\u00e9b s\u00falyos eg\u00e9szs\u00e9g\u00fcgyi \u00e1llapotok<\/li>\n<li>A legt\u00f6bb utaz\u00f3 r\u00e9szt vehet<\/li>\n<\/ol>\n<h4><b><i>Lemond\u00e1si felt\u00e9telek<\/i><\/b><\/h4>\n<p>nA teljes visszat\u00e9r\u00edt\u00e9shez legal\u00e1bb 24 \u00f3r\u00e1val az \u00e9lm\u00e9ny kezdete el\u0151tt mondd le.<\/p>\n<\/div>\n<\/div>\n<\/div>\n<\/div>\n<\/div>\n<\/div>\n<div class=\"vc_row wpb_row vc_row-fluid\">\n<div class=\"wpb_column vc_column_container vc_col-sm-12\">\n<div class=\"vc_column-inner\">\n<div class=\"wpb_wrapper\">\n<div class=\"vc_empty_space\"><\/div>\n<div class=\"wpb_text_column wpb_content_element\">\n<div class=\"wpb_wrapper\">\n<h4>L\u00e9pjen kapcsolatba vel\u00fcnk?<\/h4>\n<h5>Kalandok foglal\u00e1sa<\/h5>\n<p><em><strong>Helyiek<\/strong>\u00a0\u00e9s\u00a0<strong>Nemzetiek<\/strong>\u00a0Idegenvezet\u0151k \u00e9s vend\u00e9gszolg\u00e1ltat\u00e1sok<\/em><\/p>\n<p><span class=\"text-turquoise\">Foglal\u00e1sok:<\/span>\u00a0T\u00far\u00e1k \u00e9s kir\u00e1ndul\u00e1sok Dom. Ism\u00e9tl\u00e9s.<\/p>\n<p>\ud83d\udcde Tel\/Whatsapp\u00a0\u00a0<a href=\"tel:+1-809-720-6035\">+1-809-720-6035<\/a>.<\/p>\n<p>\ud83d\udce9\u00a0<a href=\"mailto:info@bookingadventures.com.do\">info@bookingadventures.com.do<\/a><\/p>\n<p><strong>Rugalmasan \u00e1ll\u00edtjuk be a Whatsapp priv\u00e1t t\u00far\u00e1it:\u00a0<a href=\"tel:+18097206035\">+18097206035.<\/a><\/strong><\/p>\n<\/div>\n<\/div>\n<\/div>\n<\/div>\n<\/div>\n<\/div>\n\n\t\t<\/div>\n\t<\/div>\n<\/div><\/div><\/div><\/div><div class=\"wpb_column vc_column_container vc_col-sm-12\"><div class=\"vc_column-inner\"><div class=\"wpb_wrapper\"><\/div><\/div><\/div><div class=\"wpb_column vc_column_container vc_col-sm-12\"><div class=\"vc_column-inner\"><div class=\"wpb_wrapper\"><\/div><\/div><\/div>\n<\/section>","protected":false},"excerpt":{"rendered":"<div class=\"woocommerce-product-details__short-description\">\n<p>Utazzon egy helyi szak\u00e9rt\u0151vel, \u00e9s szerezze meg az egyed\u00fcl\u00e1ll\u00f3 ker\u00e9kp\u00e1roz\u00e1si \u00e9lm\u00e9nyt Sabana de la Marb\u00f3l, ez a t\u00fara elvezeti \u00d6nt a Dominikai K\u00f6zt\u00e1rsas\u00e1g gy\u00f6ny\u00f6r\u0171 t\u00e1j\u00e1ra. Ker\u00e9kp\u00e1roz\u00e1s k\u00f6zben k\u00f6sz\u00f6nni fogsz! a gazd\u00e1k, akik lovaikkal vagy motorjaikkal lovagolnak az ingatlanukra, \u00e9s a t\u00fara sor\u00e1n megismerkedhetsz Sabana de la Mar kalandj\u00e1val \u00e9s helyi kult\u00far\u00e1j\u00e1val. Egyed\u00fcl\u00e1ll\u00f3 Mountain Bike Experience!<\/p>\n<p>&nbsp;<\/p>\n<p><strong>K\u00e9rj\u00fck, v\u00e1lassza ki a t\u00fara d\u00e1tum\u00e1t:<\/strong><\/p>\n<\/div>","protected":false},"featured_media":12428,"template":"","meta":[],"product_brand":[],"product_cat":[870,946,928,838,930,254,255],"product_tag":[176,211,192,171,209,426,327,175,199,200],"class_list":{"0":"post-12996","1":"product","2":"type-product","3":"status-publish","4":"has-post-thumbnail","6":"product_cat-private-boat-trip-los-haitises","7":"product_cat-1-sabana-de-la-mar","8":"product_cat-boat-trip-los-haitises","9":"product_cat-mangroves-projects","10":"product_cat-mountain-bike-los-haitises","11":"product_cat-tours-excursions-los-haitises-national-park","12":"product_cat-tours-excursions-samana-bay-dominican-republic","13":"product_tag-cano-hondo","14":"product_tag-cano-hondo-hotel","15":"product_tag-day-tour-cano-hondo","16":"product_tag-los-haitises","17":"product_tag-los-haitises-national-park","18":"product_tag-los-haitises-tours","19":"product_tag-private-tours-samana","20":"product_tag-sabana-de-la-mar","21":"product_tag-samana-bay","22":"product_tag-samana-excursions","24":"first","25":"instock","26":"sale","27":"sold-individually","28":"shipping-taxable","29":"product-type-external"},"_links":{"self":[{"href":"https:\/\/ballenajorobada.com\/hu\/wp-json\/wp\/v2\/product\/12996","targetHints":{"allow":["GET"]}}],"collection":[{"href":"https:\/\/ballenajorobada.com\/hu\/wp-json\/wp\/v2\/product"}],"about":[{"href":"https:\/\/ballenajorobada.com\/hu\/wp-json\/wp\/v2\/types\/product"}],"wp:featuredmedia":[{"embeddable":true,"href":"https:\/\/ballenajorobada.com\/hu\/wp-json\/wp\/v2\/media\/12428"}],"wp:attachment":[{"href":"https:\/\/ballenajorobada.com\/hu\/wp-json\/wp\/v2\/media?parent=12996"}],"wp:term":[{"taxonomy":"product_brand","embeddable":true,"href":"https:\/\/ballenajorobada.com\/hu\/wp-json\/wp\/v2\/product_brand?post=12996"},{"taxonomy":"product_cat","embeddable":true,"href":"https:\/\/ballenajorobada.com\/hu\/wp-json\/wp\/v2\/product_cat?post=12996"},{"taxonomy":"product_tag","embeddable":true,"href":"https:\/\/ballenajorobada.com\/hu\/wp-json\/wp\/v2\/product_tag?post=12996"}],"curies":[{"name":"wp","href":"https:\/\/api.w.org\/{rel}","templated":true}]}}