{"id":13202,"date":"2021-10-14T18:48:40","date_gmt":"2021-10-14T18:48:40","guid":{"rendered":"https:\/\/www.ticketswhales.com\/?post_type=product&#038;p=13202"},"modified":"2023-10-06T11:55:56","modified_gmt":"2023-10-06T11:55:56","slug":"cano-hondo-hotel-room-free-breakfast-for-1-guest","status":"publish","type":"product","link":"https:\/\/ballenajorobada.com\/hu\/Tours-Excursions\/hotel-cano-hondo\/cano-hondo-szallodai-szoba-ingyenes-reggeli-1-vendeg-reszere-2","title":{"rendered":"Ca\u00f1o Hondo Hotel szoba \u00e9s ingyenes reggeli 1 f\u0151 r\u00e9sz\u00e9re"},"content":{"rendered":"<section class=\"wpb-content-wrapper\"><div class=\"vc_row wpb_row vc_row-fluid\" ><div class=\"wpb_column vc_column_container vc_col-sm-12\"><div class=\"vc_column-inner\"><div class=\"wpb_wrapper\">\n\t<div class=\"wpb_text_column wpb_content_element\" >\n\t\t<div class=\"wpb_wrapper\">\n\t\t\t<p data-name-en=\"roomsize\"><strong>ingyenes wifi a szob\u00e1ban vagy a hallban,\u00a0<\/strong><strong>Ingyenes parkol\u00e1s, napi takar\u00edt\u00e1s<\/strong><\/p>\n<p data-name-en=\"roomsize\"><em>(ingyenes reggeli 2 f\u0151 r\u00e9sz\u00e9re)<\/em><\/p>\n<h4 class=\"hprt-lightbox-title\" data-et-view=\"ZdffZZLJbFcFbRAOAcEUJXDbNZRO:1\"><strong>A f\u00fcrd\u0151szob\u00e1dban:<\/strong><\/h4>\n<ul class=\"hprt-lightbox-list js-lightbox-facilities\" data-nr-of-facilities=\"4\" data-et-view=\"\">\n<li class=\"hprt-lightbox-list__item js-lightbox-facility\" data-name-en=\"Shower\" data-id=\"4\">\u2022 Zuhany<\/li>\n<li class=\"hprt-lightbox-list__item js-lightbox-facility\" data-name-en=\"Free Toiletries\" data-id=\"27\">\u2022 ingyenes piperecikkek<\/li>\n<li class=\"hprt-lightbox-list__item js-lightbox-facility\" data-name-en=\"Bathroom\" data-id=\"38\">\u2022 K\u00fcl\u00f6n f\u00fcrd\u0151szoba<\/li>\n<li class=\"hprt-lightbox-list__item js-lightbox-facility\" data-name-en=\"higher level toilet\" data-id=\"151\">\u2022 Emelt WC<\/li>\n<\/ul>\n<h4 class=\"hprt-lightbox-title\"><strong>Szoba felszerelts\u00e9ge:<\/strong><\/h4>\n<ul class=\"hprt-lightbox-list js-lightbox-facilities\" data-nr-of-facilities=\"10\">\n<li style=\"list-style-type: none;\">\n<ul class=\"hprt-lightbox-list js-lightbox-facilities\" data-nr-of-facilities=\"10\">\n<li class=\"hprt-lightbox-list__item js-lightbox-facility\" data-name-en=\"Balcony\" data-id=\"17\">\u2022 Erk\u00e9ly<\/li>\n<li class=\"hprt-lightbox-list__item js-lightbox-facility\" data-name-en=\"Garden View\" data-id=\"110\">\u2022 \u00d3ce\u00e1ni kil\u00e1t\u00e1s<\/li>\n<li class=\"hprt-lightbox-list__item js-lightbox-facility\" data-name-en=\"Fan\" data-id=\"30\">\u2022 Ventil\u00e1tor<\/li>\n<li class=\"hprt-lightbox-list__item js-lightbox-facility\" data-name-en=\"Tumble dryer (machine)\" data-id=\"94\">\u2022 B\u00fatorok<\/li>\n<li>\u2022 2 francia\u00e1gy<\/li>\n<li class=\"hprt-lightbox-list__item js-lightbox-facility\" data-name-en=\"Wardrobe\/Closet\" data-id=\"95\">\u2022 Szekr\u00e9ny vagy szekr\u00e9ny<\/li>\n<\/ul>\n<\/li>\n<\/ul>\n<p>[Olvass tov\u00e1bb]<\/p>\n<div>\n<h4><strong>Vend\u00e9g hozz\u00e1f\u00e9r\u00e9s:<\/strong><\/h4>\n<ul>\n<li>\u2022 24 \u00f3r\u00e1s recepci\u00f3<\/li>\n<li>\u2022 16 nemdoh\u00e1nyz\u00f3 szoba<\/li>\n<li>\u2022 \u00e9tterem \u00e9s b\u00e1r<\/li>\n<li>\u2022 T\u00f6bbnyelv\u0171 szem\u00e9lyzet<\/li>\n<li>\u2022 Lusta foly\u00f3 \u00e9s 11 szabadt\u00e9ri term\u00e9szetes medence<\/li>\n<li>\u2022 Tet\u0151terasz<\/li>\n<li>\u2022 Kert<\/li>\n<li>\u2022 Piknik ter\u00fclet<\/li>\n<li>\u2022 napi takar\u00edt\u00e1s<\/li>\n<li>\u2022 Mosodai szolg\u00e1ltat\u00e1s<\/li>\n<\/ul>\n<h2><strong><em>A szoba k\u00e9nyelme:<\/em><\/strong><\/h2>\n<ul>\n<li>Mennyezeti ventil\u00e1tor<\/li>\n<li>Egyedileg d\u00edsz\u00edtett<\/li>\n<li>Hajsz\u00e1r\u00edt\u00f3 (k\u00e9r\u00e9sre)<\/li>\n<li>Ingyenes palackozott v\u00edz<\/li>\n<li>Erk\u00e9ly<\/li>\n<li>Napi takar\u00edt\u00e1s<\/li>\n<li>24 \u00f3r\u00e1s recepci\u00f3<\/li>\n<li>Csod\u00e1latos kil\u00e1t\u00e1s<\/li>\n<\/ul>\n<p>[\/olvas]<\/p>\n<hr \/>\n<h2>Tov\u00e1bbi r\u00e9szletek a Ca\u00f1o Hond\u00f3r\u00f3l:<\/h2>\n<h2><strong><em>M\u00e1glya \u00e9s t\u00e1boroz\u00e1s<\/em><\/strong><\/h2>\n<p>\u00c9lvezze az \u00e9jszakai m\u00e1gly\u00e1t a csillagok takar\u00f3ja alatt... nincs f\u00e9nyszennyez\u00e9s, csak egy s\u00f6t\u00e9t \u00e9jszakai \u00e9gbolt \u00e9s a tr\u00f3pusi erd\u0151k \u00e9let\u00e9nek hangjai.<\/p>\n<p>A nagyszer\u0171 kiszolg\u00e1l\u00e1s mellett tipikus helyi \u00e9teleket (friss tengeri \u00e9teleket) vagy szabadt\u00e9ri tev\u00e9kenys\u00e9geket \u00e9s kir\u00e1ndul\u00e1sokat k\u00f3stolhat meg helyi szakmai idegenvezet\u0151vel.<\/p>\n<p>Mind a 16 szob\u00e1nk a Los Haitises Nemzeti Parkban tal\u00e1lhat\u00f3 madarakr\u00f3l kapta a nev\u00e9t (k\u00f6r\u00fclbel\u00fcl 110 faj tal\u00e1lhat\u00f3 a parkban). Mindenekel\u0151tt az egyedileg berendezett szob\u00e1k teljes m\u00e9rt\u00e9kben pozit\u00edv energi\u00e1val rendelkeznek, amely jobb tart\u00f3zkod\u00e1st biztos\u00edt a Ca\u00f1o Hond\u00f3ban. \u00c9lvezheti a kil\u00e1t\u00e1st a San Lorenzo-\u00f6b\u00f6lre \u00e9s a Samana-\u00f6b\u00f6lre!<\/p>\n<p>&nbsp;<\/p>\n<hr \/>\n<h2>K\u00fcl\u00f6nleges aj\u00e1nlatok Ca\u00f1o Hondo tev\u00e9kenys\u00e9gek \u00e9s kir\u00e1ndul\u00e1sok<\/h2>\n<ul>\n<li>A tev\u00e9kenys\u00e9gek \u00e9s kir\u00e1ndul\u00e1sok list\u00e1ja:<\/li>\n<li>Cipz\u00e1ras b\u00e9l\u00e9s<\/li>\n<li>Sziklafalm\u00e1sz\u00e1s<\/li>\n<li>Lovagl\u00e1s<\/li>\n<li>T\u00fara\u00fat a Nemzeti Parkban (2 vagy 4 \u00f3ra, kombin\u00e1lhat\u00f3 kajakoz\u00e1ssal)<\/li>\n<li>Kajakoz\u00e1s (2 vagy 4 \u00f3ra, t\u00far\u00e1z\u00e1ssal kombin\u00e1lhat\u00f3)<\/li>\n<li>Vezetett haj\u00f3t\u00far\u00e1k Los Haitises barlangjaiba<\/li>\n<li>B\u00e1lnales (szezon janu\u00e1r 15-t\u0151l m\u00e1rcius 30-ig)<\/li>\n<li>Vezetett mad\u00e1rmegfigyel\u00e9s<\/li>\n<li>Fedezze fel a Los Haitises parkot a kenun<\/li>\n<li>Cayo Levantado\/Bacardi-sziget<\/li>\n<li>El Limon v\u00edzes\u00e9sek<\/li>\n<li>Fronton Beach<\/li>\n<li>Boca del Diablo<\/li>\n<li>ATV + El Valle Beach<\/li>\n<\/ul>\n<p>Egy\u00e9ni vagy csoportos T\u00far\u00e1kat, kombin\u00e1lt csomagokat k\u00e9sz\u00edt\u00fcnk, amelyek megfelelnek vend\u00e9geinknek. A tev\u00e9kenys\u00e9gekkel \u00e9s kir\u00e1ndul\u00e1sokkal kapcsolatos tov\u00e1bbi inform\u00e1ci\u00f3k\u00e9rt forduljon hozz\u00e1nk bizalommal.<\/p>\n<h2><span class=\"_6ijom0\">Ca\u00f1o Hondo Vend\u00e9g hozz\u00e1f\u00e9r\u00e9s<\/span><\/h2>\n<p>Mi van k\u00f6r\u00fcl\u2026<\/p>\n<ol>\n<li>16 nemdoh\u00e1nyz\u00f3 szoba<\/li>\n<li>\u00c9tterem \u00e9s b\u00e1r\/t\u00e1rsalg\u00f3<\/li>\n<li>Lazy River \u00e9s 15 szabadt\u00e9ri medence<\/li>\n<li>Ingyenes v\u00edzi park<\/li>\n<li>Tet\u0151terasz<\/li>\n<li>24 \u00f3r\u00e1s recepci\u00f3<\/li>\n<li>Napi takar\u00edt\u00e1s<\/li>\n<li>Kil\u00e1t\u00e1s a kertre<\/li>\n<li>Mosodai szolg\u00e1ltat\u00e1s<\/li>\n<li>T\u00f6bbnyelv\u0171 szem\u00e9lyzet<\/li>\n<li>Concierge szolg\u00e1ltat\u00e1sok<\/li>\n<li>Piknik ter\u00fclet<\/li>\n<li>Ingyenes sv\u00e9dasztalos reggeli, ingyenes wifi a k\u00f6z\u00f6s helyis\u00e9gekben \u00e9s ingyenes parkol\u00e1s<\/li>\n<\/ol>\n<h4><b><i>Lemond\u00e1si felt\u00e9telek<\/i><\/b><\/h4>\n<p>A teljes visszat\u00e9r\u00edt\u00e9s\u00e9rt k\u00e9rj\u00fck, olvassa el lemond\u00e1si szab\u00e1lyzatunkat\u00a0<a href=\"https:\/\/ballenajorobada.com\/hu\/online-foglalas\/\" target=\"_blank\" rel=\"noopener\" data-saferedirecturl=\"https:\/\/www.google.com\/url?q=https:\/\/ballenajorobada.com\/online-booking\/&amp;source=gmail&amp;ust=1672449202351000&amp;usg=AOvVaw1yAeVAPktmaVCqDujgUn90\">Kattints ide<\/a>. Az \u00f6sszeg elveszik, ha a foglal\u00e1st az utaz\u00e1s napj\u00e1n lemondj\u00e1k.<\/p>\n<\/div>\n\n\t\t<\/div>\n\t<\/div>\n<\/div><\/div><\/div><\/div><div class=\"vc_row wpb_row vc_row-fluid\" ><div class=\"wpb_column vc_column_container vc_col-sm-12\"><div class=\"vc_column-inner\"><div class=\"wpb_wrapper\">\n\t<div class=\"wpb_text_column wpb_content_element\" >\n\t\t<div class=\"wpb_wrapper\">\n\t\t\t<h2><em>Egy\u00e9b szob\u00e1k lehet\u0151s\u00e9gek<\/em><\/h2>\n<div id=\"gtx-trans\" style=\"position: absolute; left: -6px; top: 45.275px;\">\n<div class=\"gtx-trans-icon\"><\/div>\n<\/div>\n\n\t\t<\/div>\n\t<\/div>\n<\/div><\/div><\/div><\/div><div class=\"vc_row wpb_row vc_row-fluid\" ><div class=\"wpb_column vc_column_container vc_col-sm-12\"><div class=\"vc_column-inner\"><div class=\"wpb_wrapper\"><div class=\"woocommerce columns-3\"><ul class=\"products columns-3\">\n<li class=\"product type-product post-16647 status-publish first instock product_cat-haitises product_tag-haitises has-post-thumbnail shipping-taxable product-type-external\">\n\t<div class=\"mkdf-pl-inner\"><div class=\"mkdf-pl-image\"><img loading=\"lazy\" decoding=\"async\" width=\"150\" height=\"150\" src=\"https:\/\/ballenajorobada.com\/wp-content\/uploads\/2023\/11\/laguna-cristal-los-haitises-150x150.png\" class=\"attachment-woocommerce_thumbnail size-woocommerce_thumbnail\" alt=\"laguna krist\u00e1ly\" srcset=\"https:\/\/ballenajorobada.com\/wp-content\/uploads\/2023\/11\/laguna-cristal-los-haitises-150x150.png 150w, https:\/\/ballenajorobada.com\/wp-content\/uploads\/2023\/11\/laguna-cristal-los-haitises-550x550.png 550w, https:\/\/ballenajorobada.com\/wp-content\/uploads\/2023\/11\/laguna-cristal-los-haitises-1100x1100.png 1100w, https:\/\/ballenajorobada.com\/wp-content\/uploads\/2023\/11\/laguna-cristal-los-haitises-100x100.png 100w\" sizes=\"auto, (max-width: 150px) 100vw, 150px\" title=\"\"><div class=\"mkdf-pl-text\"><div class=\"mkdf-pl-text-outer\"><div class=\"mkdf-pl-text-inner\"><a href=\"https:\/\/bookingadventures.tours\/booking.php?tour_id=c2838a3a9c0f69d04ff6d5e82795cbb3\" aria-describedby=\"woocommerce_loop_add_to_cart_link_describedby_16647\" data-quantity=\"1\" class=\"button product_type_external\" data-product_id=\"16647\" data-product_sku=\"\" aria-label=\"FOGLALD LE MOST\" rel=\"nofollow noopener\">FOGLALD LE MOST<\/a>\t<span id=\"woocommerce_loop_add_to_cart_link_describedby_16647\" class=\"screen-reader-text\">\n\t\t\t<\/span>\n<\/div><\/div><\/div><\/div><a href=\"https:\/\/ballenajorobada.com\/hu\/Tours-Excursions\/haitises\/los-haitises-cueva-el-naranjo-y-laguna-cristal-from-sabana-de-la-mar\" class=\"woocommerce-LoopProduct-link woocommerce-loop-product__link\"><\/a><\/div><div class=\"mkdf-pl-text-wrapper\"><h4 class=\"mkdf-product-list-title\"><a href=\"https:\/\/ballenajorobada.com\/hu\/Tours-Excursions\/haitises\/los-haitises-cueva-el-naranjo-y-laguna-cristal-from-sabana-de-la-mar\">Los Haitises: Cueva el Naranjo y Laguna Cristal, Sabana de la mar<\/a><\/h4>\n<\/div><\/li><li class=\"product type-product post-16643 status-publish instock product_cat-haitises product_tag-haitises has-post-thumbnail shipping-taxable product-type-external\">\n\t<div class=\"mkdf-pl-inner\"><div class=\"mkdf-pl-image\"><img loading=\"lazy\" decoding=\"async\" width=\"150\" height=\"150\" src=\"https:\/\/ballenajorobada.com\/wp-content\/uploads\/2023\/11\/laguna-cristal-los-haitises-150x150.png\" class=\"attachment-woocommerce_thumbnail size-woocommerce_thumbnail\" alt=\"laguna krist\u00e1ly\" srcset=\"https:\/\/ballenajorobada.com\/wp-content\/uploads\/2023\/11\/laguna-cristal-los-haitises-150x150.png 150w, https:\/\/ballenajorobada.com\/wp-content\/uploads\/2023\/11\/laguna-cristal-los-haitises-550x550.png 550w, https:\/\/ballenajorobada.com\/wp-content\/uploads\/2023\/11\/laguna-cristal-los-haitises-1100x1100.png 1100w, https:\/\/ballenajorobada.com\/wp-content\/uploads\/2023\/11\/laguna-cristal-los-haitises-100x100.png 100w\" sizes=\"auto, (max-width: 150px) 100vw, 150px\" title=\"\"><div class=\"mkdf-pl-text\"><div class=\"mkdf-pl-text-outer\"><div class=\"mkdf-pl-text-inner\"><a href=\"https:\/\/bookingadventures.tours\/booking.php?tour_id=bfd9370a02c9df2a05e3bdec4654b675\" aria-describedby=\"woocommerce_loop_add_to_cart_link_describedby_16643\" data-quantity=\"1\" class=\"button product_type_external\" data-product_id=\"16643\" data-product_sku=\"\" aria-label=\"FOGLALD LE MOST\" rel=\"nofollow noopener\">FOGLALD LE MOST<\/a>\t<span id=\"woocommerce_loop_add_to_cart_link_describedby_16643\" class=\"screen-reader-text\">\n\t\t\t<\/span>\n<\/div><\/div><\/div><\/div><a href=\"https:\/\/ballenajorobada.com\/hu\/Tours-Excursions\/haitises\/los-haitises-cueva-el-naranjo-y-laguna-cristal-a-samanatol\" class=\"woocommerce-LoopProduct-link woocommerce-loop-product__link\"><\/a><\/div><div class=\"mkdf-pl-text-wrapper\"><h4 class=\"mkdf-product-list-title\"><a href=\"https:\/\/ballenajorobada.com\/hu\/Tours-Excursions\/haitises\/los-haitises-cueva-el-naranjo-y-laguna-cristal-a-samanatol\">Los Haitises: Cueva el Naranjo \u00e9s Laguna Cristal a Saman\u00e1b\u00f3l<\/a><\/h4>\n<\/div><\/li><li class=\"product type-product post-16642 status-publish last instock product_cat-hotel-cano-hondo product_cat-room-offers product_tag-altos-cano-hondo product_tag-altos-de-cano-hondo product_tag-cano-hondo product_tag-cano-hondo-day-pass product_tag-cano-hondo-hotel product_tag-hotel-cano-hondo product_tag-hotel-sabana-de-la-mar product_tag-paraiso-cano-hondo has-post-thumbnail shipping-taxable product-type-external\">\n\t<div class=\"mkdf-pl-inner\"><div class=\"mkdf-pl-image\"><img loading=\"lazy\" decoding=\"async\" width=\"150\" height=\"150\" src=\"https:\/\/ballenajorobada.com\/wp-content\/uploads\/2021\/10\/Cano-Hondo35-150x150.jpg\" class=\"attachment-woocommerce_thumbnail size-woocommerce_thumbnail\" alt=\"Airbnb Sabana de la mar \u2013 Cano Hondo\" srcset=\"https:\/\/ballenajorobada.com\/wp-content\/uploads\/2021\/10\/Cano-Hondo35-150x150.jpg 150w, https:\/\/ballenajorobada.com\/wp-content\/uploads\/2021\/10\/Cano-Hondo35-85x85.jpg 85w, https:\/\/ballenajorobada.com\/wp-content\/uploads\/2021\/10\/Cano-Hondo35-550x550.jpg 550w, https:\/\/ballenajorobada.com\/wp-content\/uploads\/2021\/10\/Cano-Hondo35-100x100.jpg 100w\" sizes=\"auto, (max-width: 150px) 100vw, 150px\" title=\"\"><div class=\"mkdf-pl-text\"><div class=\"mkdf-pl-text-outer\"><div class=\"mkdf-pl-text-inner\"><a href=\"https:\/\/bookingadventures.tours\/hotel_booking.php?room_id=57b9486a7c3ff2955e1af6d34d042b67https:\/\/bookingadventures.tours\/hotel_booking.php?room_id=57b9486a7c3ff2955e1af6d34d042b67\" aria-describedby=\"woocommerce_loop_add_to_cart_link_describedby_16642\" data-quantity=\"1\" class=\"button product_type_external\" data-product_id=\"16642\" data-product_sku=\"\" aria-label=\"FOGLALD LE MOST\" rel=\"nofollow noopener\">FOGLALD LE MOST<\/a>\t<span id=\"woocommerce_loop_add_to_cart_link_describedby_16642\" class=\"screen-reader-text\">\n\t\t\t<\/span>\n<\/div><\/div><\/div><\/div><a href=\"https:\/\/ballenajorobada.com\/hu\/Tours-Excursions\/hotel-cano-hondo\/airbnb-sabana-de-la-mar-cano-hondo\" class=\"woocommerce-LoopProduct-link woocommerce-loop-product__link\"><\/a><\/div><div class=\"mkdf-pl-text-wrapper\"><h4 class=\"mkdf-product-list-title\"><a href=\"https:\/\/ballenajorobada.com\/hu\/Tours-Excursions\/hotel-cano-hondo\/airbnb-sabana-de-la-mar-cano-hondo\">Airbnb Sabana de la mar \u2013 Cano Hondo<\/a><\/h4>\n\t<span class=\"price\"><span class=\"woocommerce-Price-amount amount\"><bdi><span class=\"woocommerce-Price-currencySymbol\">&#36;<\/span>77.00<\/bdi><\/span><\/span>\n<\/div><\/li><\/ul>\n<\/div><\/div><\/div><\/div><\/div>\n<\/section>","protected":false},"excerpt":{"rendered":"<h2><strong>Ca\u00f1o Hondo Hotel<\/strong><\/h2>\n<p><em>(Ingyenes reggeli 1 f\u0151 r\u00e9sz\u00e9re)<\/em><\/p>\n<p>Az Eco-Lodge var\u00e1zslatos, b\u00e9k\u00e9s \u00e9s eredeti hely, ahol megsz\u00e1llhat. Ez a term\u00e9szetes \u00e9s autentikus sz\u00e1lloda a h\u00edres Los Haitises Nemzeti Parkban, Sabana de la Marban tal\u00e1lhat\u00f3. Minden szob\u00e1nk tele van pozit\u00edv energi\u00e1val, csod\u00e1latos kil\u00e1t\u00e1ssal a San Lorenzo-\u00f6b\u00f6lre \u00e9s a Samana-\u00f6b\u00f6lre! A szob\u00e1khoz saj\u00e1t f\u00fcrd\u0151szoba tartozik meleg v\u00edzzel \u00e9s mennyezeti ventil\u00e1tor. Az \u00e1r tartalmazza a reggelit, ingyenes iv\u00f3v\u00edz \u00e9s k\u00e1v\u00e9 pedig eg\u00e9sz nap. \u00c9tkez\u00e9si programjaink k\u00f6z\u00fcl is v\u00e1laszthat.<br \/>\n[Olvass tov\u00e1bb]<\/p>\n<h2><strong><em><span class=\"_6ijom0\">\u00a0Cano Hondo <\/span><\/em><\/strong><em><strong>Term\u00e9szetes \u00fasz\u00f3medenc\u00e9k<\/strong><\/em><\/h2>\n<p>\u00c9lvezze a term\u00e9szetes \u00f6komedenc\u00e9ket eg\u00e9szs\u00e9ges \u00e9s friss\u00edt\u0151 v\u00edzzel, amelyek gy\u00f6ny\u00f6r\u0171en beleolvadnak a t\u00e1jba csal\u00e1dj\u00e1val vagy vend\u00e9geivel. A medenc\u00e9k teljesen biol\u00f3giaiak, nincs sz\u00fcks\u00e9g\u00fck kl\u00f3rra vagy vegyszerekre, amelyek saj\u00e1t term\u00e9szetes \u00f6kol\u00f3gi\u00e1t \u00e9s kiegyens\u00falyozott \u00f6kosziszt\u00e9m\u00e1t alak\u00edtanak ki az\u00e1ltal, hogy bizonyos m\u00f3don tervezt\u00e9k \u00e9s \u00e9p\u00edtett\u00e9k \u0151ket.<\/p>\n<h2><em><strong>Ca\u00f1o Hondo Gyermekszab\u00e1lyok:<\/strong><\/em><\/h2>\n<p>- A 2-10 \u00e9ves gyermekek a gyermekek d\u00edj\u00e1t fizetik<br \/>\n- 2 \u00e9ves kor alatt ingyenes<\/p>\n<h2><em><strong>Ca\u00f1o Hondo \u00e9tterem:\u00a0<\/strong><\/em><\/h2>\n<p>nVan egy men\u00fc sz\u00e1mos lehet\u0151s\u00e9ggel, amelyek k\u00f6z\u00fcl v\u00e1laszthat. Az \u00e1r szem\u00e9lyenk\u00e9nt \u00e9s \u00e9tkez\u00e9senk\u00e9nt egy italt is tartalmaz. Az alkoholos italok, valamint a tov\u00e1bbi italok fel\u00e1r ellen\u00e9ben \u00e1llnak rendelkez\u00e9sre.<\/p>\n<p>A sz\u00e1lloda \u00e9tlapja furcsa t\u00f6rt\u00e9neteket mes\u00e9l a bennsz\u00fcl\u00f6tt szavakr\u00f3l \u00e9s mes\u00e9s t\u00f6rt\u00e9neteket a k\u00f6rny\u00e9kr\u0151l. Kiemeli a r\u00e9gi\u00f3ra jellemz\u0151 \u00e9teleket is, mint a r\u00e1k, a kagyl\u00f3 \u00e9s a minus, egy kis \u00e9desv\u00edzi hal, amelyet helyben, f\u0171szerezve \u00e9s s\u00fctve fogyasztanak. A friss, term\u00e9szetes gy\u00fcm\u00f6lcsleveket naponta forgatj\u00e1k: lime, dinnye, mang\u00f3, tamarind, anan\u00e1sz stb.<br \/>\n[\/olvas]<\/p>","protected":false},"featured_media":13225,"template":"","meta":[],"product_brand":[],"product_cat":[807,977],"product_tag":[425,879,176,421,211,804,978,423],"class_list":{"0":"post-13202","1":"product","2":"type-product","3":"status-publish","4":"has-post-thumbnail","6":"product_cat-hotel-cano-hondo","7":"product_cat-room-offers","8":"product_tag-altos-cano-hondo","9":"product_tag-altos-de-cano-hondo","10":"product_tag-cano-hondo","11":"product_tag-cano-hondo-day-pass","12":"product_tag-cano-hondo-hotel","13":"product_tag-hotel-cano-hondo","14":"product_tag-hotel-sabana-de-la-mar","15":"product_tag-paraiso-cano-hondo","17":"first","18":"instock","19":"shipping-taxable","20":"product-type-external"},"_links":{"self":[{"href":"https:\/\/ballenajorobada.com\/hu\/wp-json\/wp\/v2\/product\/13202","targetHints":{"allow":["GET"]}}],"collection":[{"href":"https:\/\/ballenajorobada.com\/hu\/wp-json\/wp\/v2\/product"}],"about":[{"href":"https:\/\/ballenajorobada.com\/hu\/wp-json\/wp\/v2\/types\/product"}],"wp:featuredmedia":[{"embeddable":true,"href":"https:\/\/ballenajorobada.com\/hu\/wp-json\/wp\/v2\/media\/13225"}],"wp:attachment":[{"href":"https:\/\/ballenajorobada.com\/hu\/wp-json\/wp\/v2\/media?parent=13202"}],"wp:term":[{"taxonomy":"product_brand","embeddable":true,"href":"https:\/\/ballenajorobada.com\/hu\/wp-json\/wp\/v2\/product_brand?post=13202"},{"taxonomy":"product_cat","embeddable":true,"href":"https:\/\/ballenajorobada.com\/hu\/wp-json\/wp\/v2\/product_cat?post=13202"},{"taxonomy":"product_tag","embeddable":true,"href":"https:\/\/ballenajorobada.com\/hu\/wp-json\/wp\/v2\/product_tag?post=13202"}],"curies":[{"name":"wp","href":"https:\/\/api.w.org\/{rel}","templated":true}]}}