{"id":13597,"date":"2022-01-16T16:05:16","date_gmt":"2022-01-16T16:05:16","guid":{"rendered":"https:\/\/www.ticketswhales.com\/?post_type=product&#038;p=13597"},"modified":"2023-10-19T15:59:02","modified_gmt":"2023-10-19T15:59:02","slug":"atv-samana-adventures-atv-tours-excursions-in-coffee-trail-cultural-tour","status":"publish","type":"product","link":"https:\/\/ballenajorobada.com\/hu\/Tours-Excursions\/fees-entrace\/atv-samana-kalandok-atv-turak-kirandulasok-kavezoban-kulturalis-tura","title":{"rendered":"Las Terrenas: ATV Saman\u00e1 Adventures \u2013 ATV t\u00far\u00e1k \u00e9s kir\u00e1ndul\u00e1sok a Coffee Trail kultur\u00e1lis k\u00f6r\u00fatban"},"content":{"rendered":"<section class=\"wpb-content-wrapper\"><div class=\"vc_row wpb_row vc_row-fluid\" ><div class=\"wpb_column vc_column_container vc_col-sm-12\"><div class=\"vc_column-inner\"><div class=\"wpb_wrapper\"><div class=\"mkdf-section-title-holder\" style=\"text-align: left\">\n\t<div class=\"mkdf-st-inner\">\n\t\t\t\t\t<h5 class=\"mkdf-st-subtitle\" >\n\t\t\t\tEb\u00e9d a strandon\t\t\t<\/h5>\n\t\t\t\t\t\t\t<h3 class=\"mkdf-st-title\" >\n\t\t\t\tATV Samana Adventures \u2013 ATV-s t\u00far\u00e1k \u00e9s kir\u00e1ndul\u00e1sok a Coffee Trail kultur\u00e1lis k\u00f6r\u00fatban\t\t\t<\/h3>\n\t\t\t\t\t<\/div>\n<\/div><\/div><\/div><\/div><\/div><div class=\"vc_row wpb_row vc_row-fluid\" ><div class=\"wpb_column vc_column_container vc_col-sm-12\"><div class=\"vc_column-inner\"><div class=\"wpb_wrapper\"><div class=\"vc_btn3-container vc_btn3-inline\" ><a class=\"vc_general vc_btn3 vc_btn3-size-md vc_btn3-shape-rounded vc_btn3-style-modern vc_btn3-color-green\" href=\"https:\/\/bookingadventures.tours\/booking.php?tour_id=67e6cb7d632ddf80655990b64bf50160\" title=\"\" rel=\"noopener\">FOGLALD LE MOST<\/a><\/div>\n\t<div class=\"wpb_text_column wpb_content_element\" >\n\t\t<div class=\"wpb_wrapper\">\n\t\t\t<h3 class=\"ui_header h1 attractions-product-info-ProductTitle__title--1qM0o\">ATV Samana Adventures \u2013 ATV-t\u00far\u00e1k \u00e9s kir\u00e1ndul\u00e1sok a Coffee Trail kultur\u00e1lis t\u00far\u00e1n.<\/h3>\n<h4><b><i>\u00c1ttekint\u00e9s <\/i><\/b><\/h4>\n<p>Szerezzen jegyeket egy f\u00e9lnapos Samana-i kir\u00e1ndul\u00e1sra az ATV Tours-on.<\/p>\n<p>A\u00a0<strong>ATV Coffee Trail kultur\u00e1lis t\u00fara<\/strong> az adrenalin, a term\u00e9szet \u00e9s a kult\u00fara t\u00f6k\u00e9letes kever\u00e9ke. Vezessen v\u00e9gig a Ruta del Caf\u00e9n, sz\u00f3rakozzon az ATV-t vezetve a f\u00f6ldutakon, mik\u00f6zben fedezze fel Samana vid\u00e9k\u00e9t, valamint a dominikai kult\u00far\u00e1t \u00e9s \u00e9letm\u00f3dot.<\/p>\n<p>A t\u00fara kaka\u00f3- \u00e9s k\u00e1v\u00e9mez\u0151kkel bor\u00edtott vid\u00e9ki utakon, a Samana-\u00f6b\u00f6lre ny\u00edl\u00f3 leny\u0171g\u00f6z\u0151 kil\u00e1t\u00e1son \u00e9s a helyi farmokon kereszt\u00fcl vezet. Meg\u00e1llunk egy klasszikus hegyi farmon, \u00e9s elt\u00f6lt\u00fcnk egy kis id\u0151t egy gazd\u00e1lkod\u00f3 csal\u00e1ddal. Megk\u00f3stolhatja az \u00e1ltaluk el\u0151\u00e1ll\u00edtott term\u00e9kek egy r\u00e9sz\u00e9t, \u00e9s ell\u00e1togathat a farmjukba, ahol megismerheti a biogazd\u00e1lkod\u00e1st \u00e9s a n\u00f6v\u00e9nyeket.<\/p>\n<p>&nbsp;<\/p>\n<h4><b>Befoglal\u00e1sok \u00e9s kiz\u00e1r\u00e1sok<\/b><\/h4>\n<p>&nbsp;<\/p>\n<p><b>Z\u00e1rv\u00e1nyok<\/b><\/p>\n<ol>\n<li style=\"font-weight: 400;\">Atv 2 ember egyben.<\/li>\n<li>Eb\u00e9d a Vid\u00e9ken<\/li>\n<li style=\"font-weight: 400;\"><span style=\"font-weight: 400;\">Minden ad\u00f3, d\u00edj \u00e9s kezel\u00e9si k\u00f6lts\u00e9g<\/span><\/li>\n<li style=\"font-weight: 400;\"><span style=\"font-weight: 400;\">Helyi ad\u00f3k<\/span><\/li>\n<li style=\"font-weight: 400;\"><span style=\"font-weight: 400;\">Italok<\/span><\/li>\n<li>Snackek<\/li>\n<li>Limon v\u00edzes\u00e9sek l\u00e1togat\u00e1sa<\/li>\n<li style=\"font-weight: 400;\"><span style=\"font-weight: 400;\">Minden tev\u00e9kenys\u00e9g<\/span><\/li>\n<li style=\"font-weight: 400;\"><span style=\"font-weight: 400;\">Helyi idegenvezet\u0151<\/span><\/li>\n<\/ol>\n<p><b> Kiz\u00e1r\u00e1sok<\/b><\/p>\n<ol>\n<li style=\"font-weight: 400;\"><span style=\"font-weight: 400;\">h\u00e1lap\u00e9nz<\/span><\/li>\n<li>Sz\u00e1llod\u00e1kb\u00f3l t\u00f6rt\u00e9n\u0151 sz\u00e1ll\u00edt\u00e1s (Be\u00e1ll\u00edtva: Kapcsolatfelv\u00e9tel).<\/li>\n<li style=\"font-weight: 400;\"><span style=\"font-weight: 400;\">Alkoholos italok<\/span><\/li>\n<\/ol>\n<p>&nbsp;<\/p>\n<h4><em><strong>Indul\u00e1s \u00e9s vissza\u00fat<\/strong><\/em><\/h4>\n<p><span style=\"font-weight: 400;\">A Foglal\u00e1si folyamat ut\u00e1n az utaz\u00f3 tal\u00e1lkoz\u00e1si pontot kap. A t\u00far\u00e1k tal\u00e1lkoz\u00e1si pontjainkon indulnak \u00e9s fejez\u0151dnek be.<\/span><\/p>\n<h3 class=\"ui_header h1 attractions-product-info-ProductTitle__title--1qM0o\"><\/h3>\n<h4><b><i>Mi v\u00e1rhat\u00f3?<\/i><\/b><\/h4>\n<div data-tab=\"TABS_WHAT_TO_EXPECT\">\n<div class=\"ui_card attractions-card-CollapsibleProductDetailsCard__cardContainer--3r2wk attractions-card-CollapsibleProductDetailsCard__cleanslateOverrideDT--2AJh0\">\n<div class=\"attractions-card-CollapsibleCard__header--IDA3r\">\n<div class=\"attractions-card-CollapsibleCard__headerSection--3gTKb\"><\/div>\n<\/div>\n<div class=\"attractions-card-CollapsibleCard__content--2Ws8q\">\n<div class=\"attractions-card-CollapsibleCard__contentWrap--374jk attractions-card-CollapsibleCard__titleUnderline--1uHze\">\n<div class=\"attractions-card-CollapsibleProductDetailsCard__cardContent--23ext\">\n<div class=\"common-text-ReadMore__readMore--3Iu8c common-text-ReadMore__variantFadeOut--1tInd\">\n<div class=\"common-text-ReadMore__content--2X4LR\">\n<div class=\"ui_columns is-desktop\">\n<div class=\"ui_column\">\n<p>Az ATV elind\u00edt\u00e1sa. Tan\u00faja lesz a k\u00fcl\u00f6nbs\u00e9gnek Las Terrenas, a ny\u00fczsg\u0151 tengerparti \u00fatic\u00e9l \u00e9s a tiszta leveg\u0151j\u00e9vel \u00e9s lass\u00fa \u00e9letm\u00f3dj\u00e1val teli vid\u00e9k k\u00f6z\u00f6tt. Ha akarja, a gazd\u00e1k megmutatj\u00e1k, hogyan k\u00e9sz\u00fcl a k\u00e1v\u00e9 vagy a kaka\u00f3 a f\u00e1r\u00f3l. az asztalodhoz. Ezut\u00e1n belekortyolhat egy cs\u00e9sze k\u00e1v\u00e9ba vagy forr\u00f3 kaka\u00f3ba. Ne agg\u00f3djon, ha nem besz\u00e9l spanyolul, helyi idegenvezet\u0151nk mindent leford\u00edt \u00d6nnek. K\u00f6vetkez\u0151 meg\u00e1ll\u00f3 egy kis strand a Samana-\u00f6b\u00f6lben, ahol megm\u00e1rt\u00f3zhat \u00e9s h\u0171s\u00f6lhet egy kicsit. \u00datk\u00f6zben sz\u00e1mos mez\u0151n, farmon \u00e9s n\u00e9z\u0151ponton haladunk \u00e1t.<\/p>\n<p>Ott pikniket szervezhet\u00fcnk friss tenger gy\u00fcm\u00f6lcseib\u0151l vagy halb\u00f3l, valamint helyi z\u00f6lds\u00e9gekb\u0151l \u00e9s gy\u00fcm\u00f6lcs\u00f6kb\u0151l.<\/p>\n<\/div>\n<\/div>\n<div class=\"ui_columns is-desktop\">\n<div class=\"ui_column\">\n<p>Az utaz\u00e1s nagy r\u00e9sze f\u00f6ldutakon telik, nagyon j\u00f3 m\u00f3ka ott vezetni az ATV-t, fel-al\u00e1, egyenetlens\u00e9geken \u00e9s lyukakon kereszt\u00fcl. Ha nem k\u00e9nyelmes 100% vezetni egy ATV-t, vagy ha nem a sebess\u00e9g a dolga, ne agg\u00f3djon, vagy lassan vezet (t\u00f6bb id\u0151 van a kil\u00e1t\u00e1s \u00e9lvez\u00e9s\u00e9re!), vagy utazhat valakivel, a legt\u00f6bb ATV-n k\u00e9t ember \u00fclhet. ATV-t vezetni nagyon egyszer\u0171, \u00e9s m\u00e9g ha ez az els\u0151 alkalom is, akkor is gyorsan r\u00e1 kell j\u00f6nnie a dologra.<\/p>\n<p>A t\u00fara jellemz\u0151en f\u00e9l napig tart, de tervezhet\u00fcnk eg\u00e9sz napos t\u00far\u00e1t is, m\u00e9lyebbre jutva a Samana-hegys\u00e9gbe \u00e9s a buja dzsungelbe, t\u00e1volabbi strandokat \u00e9s falvakat fedezve fel \u00fatk\u00f6zben. Vissza\u00faton meg\u00e1llhatunk itt\u00a0<strong>El Limon v\u00edzes\u00e9s<\/strong>, mind\u00f6ssze 30 perces kir\u00e1ndul\u00e1sra a f\u0151\u00fatt\u00f3l.<\/p>\n<\/div>\n<\/div>\n<\/div>\n<\/div>\n<\/div>\n<\/div>\n<\/div>\n<\/div>\n<\/div>\n<h4><em><strong>Mit kell vinni?<\/strong><\/em><\/h4>\n<ul>\n<li style=\"font-weight: 400;\"><span style=\"font-weight: 400;\">Kamera<\/span><\/li>\n<li style=\"font-weight: 400;\"><span style=\"font-weight: 400;\">Riaszt\u00f3 bimb\u00f3k<\/span><\/li>\n<li style=\"font-weight: 400;\"><span style=\"font-weight: 400;\">Naptej<\/span><\/li>\n<li style=\"font-weight: 400;\"><span style=\"font-weight: 400;\">Kalap<\/span><\/li>\n<li style=\"font-weight: 400;\"><span style=\"font-weight: 400;\">K\u00e9nyelmes nadr\u00e1g<\/span><\/li>\n<li style=\"font-weight: 400;\"><span style=\"font-weight: 400;\">Erdei t\u00faracip\u0151<\/span><\/li>\n<li style=\"font-weight: 400;\"><span style=\"font-weight: 400;\">Szand\u00e1lok a tavaszi ter\u00fcletekre.<\/span><\/li>\n<li style=\"font-weight: 400;\"><span style=\"font-weight: 400;\">\u00dasz\u00f3ruha<\/span><\/li>\n<\/ul>\n<p>&nbsp;<\/p>\n<h4><b><i>Sz\u00e1llodai \u00e1tv\u00e9tel <\/i><\/b><\/h4>\n<p><span style=\"font-weight: 400;\">Ezen a t\u00far\u00e1n nem k\u00edn\u00e1lnak transzfert a sz\u00e1llod\u00e1b\u00f3l. Az \u00e1tv\u00e9telt \u00fagy \u00e1ll\u00edtottuk be, hogy felveszi vel\u00fcnk a kapcsolatot a Whatsappon kereszt\u00fcl.<\/span><\/p>\n<p>&nbsp;<\/p>\n<p><b>Jegyzet:<\/b><span style=\"font-weight: 400;\"> Ha a t\u00fara\/kir\u00e1ndul\u00e1s indul\u00e1si id\u0151pontj\u00e1t\u00f3l sz\u00e1m\u00edtott 24 \u00f3r\u00e1n bel\u00fcl foglal, fel\u00e1r ellen\u00e9ben meg tudjuk szervezni a sz\u00e1llodai \u00e1tv\u00e9telt. Amint a v\u00e1s\u00e1rl\u00e1s befejez\u0151d\u00f6tt, elk\u00fcldj\u00fck \u00d6nnek a helyi idegenvezet\u0151nk teljes el\u00e9rhet\u0151s\u00e9gi adatait (telefonsz\u00e1m, e-mail c\u00edm stb.), hogy megszervezhess\u00fck az \u00e1tv\u00e9tel megszervez\u00e9s\u00e9t.<\/span><\/p>\n<h4><b><i>Tov\u00e1bbi inform\u00e1ci\u00f3k meger\u0151s\u00edt\u00e9se <\/i><\/b><\/h4>\n<ol>\n<li>A jegyek a t\u00fara befizet\u00e9s\u00e9t k\u00f6vet\u0151 nyugt\u00e1k. A fizet\u00e9st a telefonon tudod megjelen\u00edteni.<\/li>\n<li style=\"font-weight: 400;\"><span style=\"font-weight: 400;\">A tal\u00e1lkoz\u00e1si pontot a foglal\u00e1si folyamat ut\u00e1n veszik \u00e1t.<\/span><\/li>\n<li style=\"font-weight: 400;\"><span style=\"font-weight: 400;\">A gyermekeket feln\u0151tt k\u00eds\u00e9ret\u00e9ben kell biztos\u00edtani.<\/span><\/li>\n<li style=\"font-weight: 400;\"><span style=\"font-weight: 400;\"> Kerekessz\u00e9kkel nem megk\u00f6zel\u00edthet\u0151 <\/span><\/li>\n<li style=\"font-weight: 400;\"><span style=\"font-weight: 400;\">A csecsem\u0151knek \u00f6lben kell \u00fclni\u00fck <\/span><\/li>\n<li style=\"font-weight: 400;\"><span style=\"font-weight: 400;\">H\u00e1tprobl\u00e9m\u00e1kkal k\u00fczd\u0151 utaz\u00f3knak nem aj\u00e1nlott<\/span><\/li>\n<li style=\"font-weight: 400;\"><span style=\"font-weight: 400;\">Terhes utaz\u00f3knak nem aj\u00e1nlott <\/span><\/li>\n<li style=\"font-weight: 400;\"><span style=\"font-weight: 400;\"> Nincsenek sz\u00edvprobl\u00e9m\u00e1k vagy egy\u00e9b s\u00falyos eg\u00e9szs\u00e9g\u00fcgyi \u00e1llapotok <\/span><\/li>\n<li style=\"font-weight: 400;\"><span style=\"font-weight: 400;\">A legt\u00f6bb utaz\u00f3 r\u00e9szt vehet<\/span><\/li>\n<\/ol>\n<h4><b><i>Lemond\u00e1si felt\u00e9telek<\/i><\/b><\/h4>\n<p>A teljes visszat\u00e9r\u00edt\u00e9s\u00e9rt k\u00e9rj\u00fck, olvassa el lemond\u00e1si szab\u00e1lyzatunkat\u00a0<a href=\"https:\/\/ballenajorobada.com\/hu\/online-foglalas\/\" target=\"_blank\" rel=\"noopener\" data-saferedirecturl=\"https:\/\/www.google.com\/url?q=https:\/\/ballenajorobada.com\/online-booking\/&amp;source=gmail&amp;ust=1672449202351000&amp;usg=AOvVaw1yAeVAPktmaVCqDujgUn90\">Kattints ide<\/a>. Az \u00f6sszeg elveszik, ha a foglal\u00e1st az utaz\u00e1s napj\u00e1n lemondj\u00e1k.<\/p>\n\n\t\t<\/div>\n\t<\/div>\n<div class=\"vc_btn3-container vc_btn3-inline\" ><a class=\"vc_general vc_btn3 vc_btn3-size-md vc_btn3-shape-rounded vc_btn3-style-modern vc_btn3-color-green\" href=\"https:\/\/bookingadventures.tours\/booking.php?tour_id=67e6cb7d632ddf80655990b64bf50160\" title=\"\" rel=\"noopener\">FOGLALD LE MOST<\/a><\/div><\/div><\/div><\/div><\/div><div class=\"vc_row wpb_row vc_row-fluid\" ><div class=\"wpb_column vc_column_container vc_col-sm-12\"><div class=\"vc_column-inner\"><div class=\"wpb_wrapper\">\n\t<div class=\"wpb_video_widget wpb_content_element vc_clearfix   vc_video-aspect-ratio-169 vc_video-el-width-100 vc_video-align-left\" >\n\t\t<div class=\"wpb_wrapper\">\n\t\t\t<h2 class=\"wpb_heading wpb_video_heading\">Samana foglal\u00e1si kalandokkal:<\/h2>\n\t\t\t<div class=\"wpb_video_wrapper\"><iframe loading=\"lazy\" title=\"Dominikai \u00fatic\u00e9l Samana Zipline, ATV-s kir\u00e1ndul\u00e1sok\" width=\"1100\" height=\"619\" src=\"https:\/\/www.youtube.com\/embed\/8Ybh1xtnr2M?feature=oembed\" frameborder=\"0\" allow=\"accelerometer; autoplay; encrypted-media; gyroscope; picture-in-picture\" allowfullscreen><\/iframe><\/div>\n\t\t<\/div>\n\t<\/div>\n<\/div><\/div><\/div><\/div><div class=\"vc_row wpb_row vc_row-fluid\" ><div class=\"wpb_column vc_column_container vc_col-sm-12\"><div class=\"vc_column-inner\"><div class=\"wpb_wrapper\"><div class=\"vc_empty_space\"   style=\"height: 32px\"><span class=\"vc_empty_space_inner\"><\/span><\/div>\n\t<div class=\"wpb_text_column wpb_content_element\" >\n\t\t<div class=\"wpb_wrapper\">\n\t\t\t<h4>L\u00e9pjen kapcsolatba vel\u00fcnk?<\/h4>\n<h5><em><strong>Kalandok foglal\u00e1sa<\/strong><\/em><\/h5>\n<p><em><strong>Helyiek<\/strong>\u00a0\u00e9s\u00a0<strong>Nemzetiek<\/strong>\u00a0Idegenvezet\u0151k \u00e9s vend\u00e9gszolg\u00e1ltat\u00e1sok<\/em><\/p>\n<p><span class=\"text-turquoise\">Foglal\u00e1sok:<\/span>\u00a0T\u00far\u00e1k \u00e9s kir\u00e1ndul\u00e1sok Dom. Ism\u00e9tl\u00e9s.<\/p>\n<p><img decoding=\"async\" class=\"emoji\" draggable=\"false\" src=\"https:\/\/s.w.org\/images\/core\/emoji\/11.2.0\/svg\/1f4de.svg\" alt=\"\ud83d\udcde\" title=\"\">\u00a0Tel \/ Whatsapp\u00a0\u00a0<a href=\"tel:+1-809-720-6035\">+1-809-720-6035<\/a>.<\/p>\n<p><img decoding=\"async\" class=\"emoji\" draggable=\"false\" src=\"https:\/\/s.w.org\/images\/core\/emoji\/11.2.0\/svg\/1f4e9.svg\" alt=\"\ud83d\udce9\" title=\"\">\u00a0<a href=\"mailto:info@bookingadventures.com.do\">info@bookingadventures.com.do<\/a><\/p>\n<p><strong>Rugalmasan \u00e1ll\u00edtjuk be a Whatsapp priv\u00e1t t\u00far\u00e1it:\u00a0<a href=\"tel:+18097206035\">+18097206035.<\/a><\/strong><\/p>\n\n\t\t<\/div>\n\t<\/div>\n<div class=\"vc_empty_space\"   style=\"height: 32px\"><span class=\"vc_empty_space_inner\"><\/span><\/div><\/div><\/div><\/div><\/div><div class=\"vc_row wpb_row vc_row-fluid\" ><div class=\"wpb_column vc_column_container vc_col-sm-12\"><div class=\"vc_column-inner\"><div class=\"wpb_wrapper\"><div class=\"vc_btn3-container vc_btn3-inline\" ><a class=\"vc_general vc_btn3 vc_btn3-size-md vc_btn3-shape-rounded vc_btn3-style-modern vc_btn3-color-green\" href=\"https:\/\/bookingadventures.tours\/booking.php?tour_id=67e6cb7d632ddf80655990b64bf50160\" title=\"\" rel=\"noopener\">FOGLALD LE MOST<\/a><\/div><\/div><\/div><\/div><\/div>\n<\/section>","protected":false},"excerpt":{"rendered":"<div class=\"ui_columns is-desktop\">\n<div class=\"ui_column\">\n<p>Ez az atv-\u00e9lm\u00e9ny az El LImon k\u00f6z\u00f6ss\u00e9gben kezd\u0151dik. A nap els\u0151 r\u00e9sz\u00e9ben felfedezheti a \u201e<b>Ruta del Caf\u00e9<\/b>\u201d quadon \u00e9s annak gy\u00f6ny\u00f6r\u0171 \u00e9s meg\u0151rz\u00f6tt term\u00e9szete. Az els\u0151 meg\u00e1ll\u00f3 a\u00a0<b>Parada del caf\u00e9\u00a0<\/b>ahol Olivo \u00e9s csal\u00e1dja bemutatja az \u00e1ltaluk haszn\u00e1lt k\u00e9zm\u0171ves m\u00f3dszereket\u00a0<strong>k\u00e1v\u00e9 \u00e9s kaka\u00f3<\/strong>. A\u00a0<b>\u00edzlel\u00e9s<\/b>\u00a0tervben van, de csak a legmoh\u00f3bbaknak!!!<\/p>\n<p>\u00datk\u00f6zben meg fog \u00e1llni a\u00a0<b>szivargy\u00e1r<\/b>\u00a0\u00e9s eb\u00e9dre a\u00a0<b>Dominikai \u00e9tkez\u00e9s<\/b> egy tipikus Ranchban. Az \u00e9tkez\u00e9s ut\u00e1n folytatjuk az utat a csod\u00e1latos strand fel\u00e9\u00a0<strong>Idi\u00f3ta<\/strong>\u00a0val vel<b>\u00a0f\u0171 a sz\u00e9l\u00e9ig<\/b><b>\u00a0, krist\u00e1lyos \u00e9s \u00e9rintetlen vizei\u00a0<\/b>ahol \u00e9lvezni fogja\u00a0<b>\u00fasz\u00e1s <\/b>T\u00far\u00e1z\u00e1s \u00e9s \u00fasz\u00e1s biztons\u00e1gi felszerel\u00e9ssel a valaha volt legjobb \u00e9lm\u00e9ny\u00e9rt!!<\/p>\n<\/div>\n<\/div>\n<p>&nbsp;<\/p>\n<p><strong>K\u00e9rj\u00fck, v\u00e1lassza ki a t\u00fara d\u00e1tum\u00e1t:\u00a0<\/strong><\/p>","protected":false},"featured_media":9360,"template":"","meta":[],"product_brand":[],"product_cat":[159,655,359,361,362,178,363,160,360,253,252],"product_tag":[370,368,366,367,195,371,327,186,369,200,187,372],"class_list":{"0":"post-13597","1":"product","2":"type-product","3":"status-publish","4":"has-post-thumbnail","6":"product_cat-fees-entrace","7":"product_cat-1-samana","8":"product_cat-atv-adventures","9":"product_cat-atv-fourwheels","10":"product_cat-atv-tours-excursions-adventures","11":"product_cat-hiking","12":"product_cat-lulu-waterfalls","13":"product_cat-lunch","14":"product_cat-things-to-do-in-samana-province","15":"product_cat-tours-and-excursions","16":"product_cat-waterfalls","17":"product_tag-atv-samana-excursion","18":"product_tag-atv-tours-excursions-in-samana-dominican-republic","19":"product_tag-atv-fourwheels","20":"product_tag-atv-tours-excursions-adventures","21":"product_tag-el-valle-beach","22":"product_tag-lulu-waterfalls","23":"product_tag-private-tours-samana","24":"product_tag-samana","25":"product_tag-samana-atv","26":"product_tag-samana-excursions","27":"product_tag-samana-tours","28":"product_tag-tree-house-samana","30":"first","31":"instock","32":"sale","33":"sold-individually","34":"shipping-taxable","35":"product-type-external"},"_links":{"self":[{"href":"https:\/\/ballenajorobada.com\/hu\/wp-json\/wp\/v2\/product\/13597","targetHints":{"allow":["GET"]}}],"collection":[{"href":"https:\/\/ballenajorobada.com\/hu\/wp-json\/wp\/v2\/product"}],"about":[{"href":"https:\/\/ballenajorobada.com\/hu\/wp-json\/wp\/v2\/types\/product"}],"wp:featuredmedia":[{"embeddable":true,"href":"https:\/\/ballenajorobada.com\/hu\/wp-json\/wp\/v2\/media\/9360"}],"wp:attachment":[{"href":"https:\/\/ballenajorobada.com\/hu\/wp-json\/wp\/v2\/media?parent=13597"}],"wp:term":[{"taxonomy":"product_brand","embeddable":true,"href":"https:\/\/ballenajorobada.com\/hu\/wp-json\/wp\/v2\/product_brand?post=13597"},{"taxonomy":"product_cat","embeddable":true,"href":"https:\/\/ballenajorobada.com\/hu\/wp-json\/wp\/v2\/product_cat?post=13597"},{"taxonomy":"product_tag","embeddable":true,"href":"https:\/\/ballenajorobada.com\/hu\/wp-json\/wp\/v2\/product_tag?post=13597"}],"curies":[{"name":"wp","href":"https:\/\/api.w.org\/{rel}","templated":true}]}}