{"id":8219,"date":"2019-03-16T18:39:56","date_gmt":"2019-03-16T18:39:56","guid":{"rendered":"https:\/\/www.ticketswhales.com\/?post_type=product&#038;p=8219"},"modified":"2025-02-02T17:00:18","modified_gmt":"2025-02-02T17:00:18","slug":"los-haitises-national-park-lunch-at-cano-hondo-from-samana-port","status":"publish","type":"product","link":"https:\/\/ballenajorobada.com\/hu\/Tours-Excursions\/lunch\/los-haitises-nemzeti-parki-ebed-a-cano-hondoban-a-samana-kikotobol-2","title":{"rendered":"Los Haitises Nemzeti Park + Eb\u00e9d a Ca\u00f1o Hond\u00f3ban a Saman\u00e1 kik\u00f6t\u0151b\u0151l."},"content":{"rendered":"<section class=\"wpb-content-wrapper\"><div class=\"vc_row wpb_row vc_row-fluid\" ><div class=\"wpb_column vc_column_container vc_col-sm-12\"><div class=\"vc_column-inner\"><div class=\"wpb_wrapper\"><div class=\"mkdf-section-title-holder\" style=\"text-align: left\">\n\t<div class=\"mkdf-st-inner\">\n\t\t\t\t\t<h5 class=\"mkdf-st-subtitle\" >\n\t\t\t\tEb\u00e9d \u00e9s \u00fasz\u00e1s a Natural Springsben\t\t\t<\/h5>\n\t\t\t\t\t\t\t<h3 class=\"mkdf-st-title\" >\n\t\t\t\tLos Haitises Nemzeti Park + Eb\u00e9d a Cano Hond\u00f3ban a Samana kik\u00f6t\u0151b\u0151l.\t\t\t<\/h3>\n\t\t\t\t\t<\/div>\n<\/div><div class=\"vc_btn3-container vc_btn3-inline\" ><a class=\"vc_general vc_btn3 vc_btn3-size-md vc_btn3-shape-rounded vc_btn3-style-modern vc_btn3-color-green\" href=\"https:\/\/bookingadventures.tours\/booking.php?tour_id=6ed21424a849c63fc6398949d1f80266\" title=\"\" rel=\"noopener\">FOGLALD LE MOST<\/a><\/div><\/div><\/div><\/div><\/div><div class=\"vc_row wpb_row vc_row-fluid\" ><div class=\"wpb_column vc_column_container vc_col-sm-12\"><div class=\"vc_column-inner\"><div class=\"wpb_wrapper\">\n\t<div class=\"wpb_text_column wpb_content_element\" >\n\t\t<div class=\"wpb_wrapper\">\n\t\t\t<h4><b><i>\u00c1ttekint\u00e9s <\/i><\/b><\/h4>\n<p><strong>Los Haitises Nemzeti Park<\/strong> Saman\u00e1 kik\u00f6t\u0151j\u00e9t\u0151l indulva egy csod\u00e1latos eb\u00e9d \u00e9s \u00fasz\u00e1s a term\u00e9szetes forr\u00e1sokon <strong>Ca\u00f1o <\/strong>Hondo Ecolodge. J\u00f6jj\u00f6n el vel\u00fcnk, \u00e9s l\u00e1togasson el a Dominikai K\u00f6zt\u00e1rsas\u00e1g legszebb nemzeti parkj\u00e1ba, l\u00e1togasson el a mangrove-, barlang- \u00e9s a San Lorenzo-\u00f6b\u00f6lbe, valamint \u00e1tkeljen a gy\u00f6ny\u00f6r\u0171 Saman\u00e1-\u00f6b\u00f6l\u00f6n. A Ca\u00f1o Hond\u00f3ban elfogyasztott eb\u00e9d ut\u00e1n n\u00e9h\u00e1ny \u00f3r\u00e1t \u00faszhat a term\u00e9szetes tavaszban, majd vissza Saman\u00e1 kik\u00f6t\u0151j\u00e9be.<\/p>\n<p>Az \u00e9lm\u00e9ny ut\u00e1n visszajutsz Saman\u00e1 kik\u00f6t\u0151j\u00e9be.<\/p>\n<ul>\n<li style=\"font-weight: 400;\">A d\u00edjak benne vannak<\/li>\n<li style=\"font-weight: 400;\"><span style=\"font-weight: 400;\">Az \u00fatmutat\u00f3 oktat\u00e1st \u00e9s fel\u00fcgyeletet biztos\u00edt<\/span><\/li>\n<\/ul>\n<p>&nbsp;<\/p>\n<h4><b>Befoglal\u00e1sok \u00e9s kiz\u00e1r\u00e1sok<\/b><\/h4>\n<p>&nbsp;<\/p>\n<p><b>Z\u00e1rv\u00e1nyok<\/b><\/p>\n<ol>\n<li style=\"font-weight: 400;\">Los Haitises t\u00fara + barlangok \u00e9s piktogramok<\/li>\n<li>Eb\u00e9d a Ca\u00f1o Hond\u00f3ban<\/li>\n<li>\u00dasz\u00e1s a term\u00e9szetes forr\u00e1sokon<\/li>\n<li style=\"font-weight: 400;\"><span style=\"font-weight: 400;\">Minden ad\u00f3, d\u00edj \u00e9s kezel\u00e9si k\u00f6lts\u00e9g<\/span><\/li>\n<li style=\"font-weight: 400;\"><span style=\"font-weight: 400;\">Helyi ad\u00f3k<\/span><\/li>\n<li style=\"font-weight: 400;\"><span style=\"font-weight: 400;\">Italok<\/span><\/li>\n<li style=\"font-weight: 400;\"><span style=\"font-weight: 400;\">Minden tev\u00e9kenys\u00e9g<\/span><\/li>\n<li style=\"font-weight: 400;\"><span style=\"font-weight: 400;\">Helyi idegenvezet\u0151<\/span><\/li>\n<\/ol>\n<p><b> Kiz\u00e1r\u00e1sok<\/b><\/p>\n<ol>\n<li style=\"font-weight: 400;\"><span style=\"font-weight: 400;\">h\u00e1lap\u00e9nz<\/span><\/li>\n<li style=\"font-weight: 400;\"><span style=\"font-weight: 400;\">\u00c1truh\u00e1z\u00e1s<\/span><\/li>\n<li style=\"font-weight: 400;\"><span style=\"font-weight: 400;\">Alkoholos italok<\/span><\/li>\n<\/ol>\n<p>&nbsp;<\/p>\n<h4><em><strong>Indul\u00e1s \u00e9s vissza\u00fat<\/strong><\/em><\/h4>\n<p><span style=\"font-weight: 400;\">A Foglal\u00e1si folyamat ut\u00e1n az utaz\u00f3 tal\u00e1lkoz\u00e1si pontot kap. A t\u00far\u00e1k tal\u00e1lkoz\u00e1si pontjainkon indulnak \u00e9s fejez\u0151dnek be.<\/span><\/p>\n<p>&nbsp;<\/p>\n<h4><b><i>Mi v\u00e1rhat\u00f3?<\/i><\/b><\/h4>\n<p>&nbsp;<\/p>\n<p><em><strong>Vedd meg a jegyeidet<\/strong><\/em> a Los Haitises Nemzeti Park megl\u00e1togat\u00e1s\u00e1hoz egy csod\u00e1latos eb\u00e9ddel a Ca\u00f1o Hond\u00f3ban \u00e9s \u00fasz\u00e1ssal a Natural Springsn\u00e9l.<\/p>\n<p>Saman\u00e1 kik\u00f6t\u0151j\u00e9b\u0151l indulva haj\u00f3val vagy katamar\u00e1nnal helyi idegenvezet\u0151vel \u00e1thaladunk a Saman\u00e1-\u00f6b\u00f6lbe Sabana de la Mar oldal\u00e1ra, hogy megl\u00e1togassuk a Dominikai K\u00f6zt\u00e1rsas\u00e1g egyik legszebb nemzeti parkj\u00e1t. <em><strong>A Haitises Nemzeti Park<\/strong><\/em>.<\/p>\n<p>A sziget l\u00e1togat\u00e1sa madarakkal. A f\u00e9szkel\u0151 id\u0151szakban m\u00e9g a Pelik\u00e1n fi\u00f3k\u00e1kat is l\u00e1thatjuk a f\u00e9szkeken. L\u00e1togassa meg a szikl\u00e1s szigetet, \u00e9s l\u00e1togassa meg a barlangokat az \u0151slakosok piktogramjaival \u00e9s petrogr\u00e1fi\u00e1j\u00e1val.<\/p>\n<p>A \u201eBooking Adventures\u201d \u00e1ltal szervezett t\u00fara az idegenvezet\u0151vel megjel\u00f6lt tal\u00e1lkoz\u00e1si pontt\u00f3l indul. J\u00f6jj\u00f6n el a Booking Adventures programmal, \u00e9s kezdjen el felfedezni n\u00e9h\u00e1ny madarakkal teli mangrove-t, a buja n\u00f6v\u00e9nyzettel teli dombokat \u00e9s a barlangokat <em><strong>Los Haitises Nemzeti Park<\/strong><\/em>.<\/p>\n<div class=\"body-description secondary\">\n<p>A nemzeti park neve eredeti lak\u00f3ir\u00f3l, a taino indi\u00e1nokr\u00f3l sz\u00e1rmazik. Nyelv\u00fck\u00f6n a \u201ehaitisek\u201d felf\u00f6ldet vagy dombokat jelentenek, utalva a partvonal meredek geol\u00f3giai k\u00e9pz\u0151dm\u00e9nyeire, m\u00e9szk\u00f6vekkel. Menjen m\u00e9lyebbre a parkban, \u00e9s fedezze fel a barlangokat, p\u00e9ld\u00e1ul a <em><strong>Cueva de la Arena<\/strong><\/em> \u00e9s <strong><em>Cueva de la L\u00ednea.<\/em><\/strong><\/p>\n<p>A rezerv\u00e1tumban l\u00e9v\u0151 barlangokat a taino indi\u00e1nok, majd k\u00e9s\u0151bb a kal\u00f3zok rejt\u0151zk\u00f6d\u0151k\u00e9nt haszn\u00e1lt\u00e1k. Keresse az indi\u00e1nok rajzait, amelyek d\u00edsz\u00edtik n\u00e9h\u00e1ny falat.<\/p>\n<p>A Los Haitises Nemzeti Park megtekint\u00e9se ut\u00e1n Cano Hond\u00f3ba megy\u00fcnk. Cano Hond\u00f3ban megismerkedhet ennek az ecolodge-nak a t\u00f6rt\u00e9net\u00e9vel \u00e9s eb\u00e9did\u0151ben a Sabana de la mar k\u00f6z\u00f6ss\u00e9g jellegzetes \u00e9teleivel.<\/p>\n<p>Az eb\u00e9d finom lesz, de m\u00e9g nem fejezt\u00fck be. Eb\u00e9d ut\u00e1n a Term\u00e9szetes forr\u00e1sban \u00faszunk a Jibales foly\u00f3t\u00f3l egy \u00e9vel\u0151 foly\u00f3ig a Ca\u00f1o Hondo foly\u00f3ig. A Ca\u00f1o Hond\u00f3ban 16:00-ig maradva, majd visszaindulva Saman\u00e1 kik\u00f6t\u0151j\u00e9be, ism\u00e9t \u00e1thaladunk a mangrove- \u00e9s a sz\u00e1razf\u00f6ld\u00f6n a ny\u00edlt San Lorenzo-\u00f6b\u00f6ln\u00e9l, ahonnan a zord erdei t\u00e1jat fot\u00f3zhatjuk. N\u00e9zzen a v\u00edzre, hogy \u00e9szrevegye <em><strong>Lamantinok<\/strong><\/em>, r\u00e1kf\u00e9l\u00e9k \u00e9s <em><strong>delfinek.<\/strong><\/em><\/p>\n<p>Eg\u00e9szen addig az id\u0151pontig, am\u00edg az idegenvezet\u0151vel be\u00e1ll\u00edtja, hogy ezt k\u00f6vet\u0151en Cano Hondo kik\u00f6t\u0151j\u00e9be utazzon, \u00e9s haj\u00f3val visszasz\u00e1lljon Saman\u00e1 kik\u00f6t\u0151j\u00e9be, a Saman\u00e1-\u00f6b\u00f6l mellett 30 perc alatt.<\/p>\n<\/div>\n<p>Ha hosszabb ideig fog tetszeni az utaz\u00e1s, a k\u00f6vetkez\u0151 lehet\u0151s\u00e9gek \u00e1llnak rendelkez\u00e9s\u00e9re:<\/p>\n<ol>\n<li><a href=\"https:\/\/www.ticketswhales.com\/tour\/los-haitises-national-park-tour-from-samana-port\/\" rel=\"noopener\">Los Haitises + Cayo Levantado a Samana kik\u00f6t\u0151b\u0151l.<\/a><\/li>\n<\/ol>\n<p>&nbsp;<\/p>\n<h4><em><strong>Mit kell vinni?<\/strong><\/em><\/h4>\n<ul>\n<li style=\"font-weight: 400;\"><span style=\"font-weight: 400;\">Kamera<\/span><\/li>\n<li style=\"font-weight: 400;\"><span style=\"font-weight: 400;\">Riaszt\u00f3 bimb\u00f3k<\/span><\/li>\n<li style=\"font-weight: 400;\"><span style=\"font-weight: 400;\">naptej<\/span><\/li>\n<li style=\"font-weight: 400;\"><span style=\"font-weight: 400;\">Kalap<\/span><\/li>\n<li style=\"font-weight: 400;\"><span style=\"font-weight: 400;\">K\u00e9nyelmes nadr\u00e1g<\/span><\/li>\n<li style=\"font-weight: 400;\"><span style=\"font-weight: 400;\">Erdei t\u00faracip\u0151<\/span><\/li>\n<li style=\"font-weight: 400;\"><span style=\"font-weight: 400;\">Szand\u00e1lok a tavaszi ter\u00fcletekre.<\/span><\/li>\n<li style=\"font-weight: 400;\"><span style=\"font-weight: 400;\">\u00dasz\u00f3ruha<\/span><\/li>\n<\/ul>\n<p>&nbsp;<\/p>\n<h4><b><i>Sz\u00e1llodai \u00e1tv\u00e9tel <\/i><\/b><\/h4>\n<p><span style=\"font-weight: 400;\">Ezen a t\u00far\u00e1n nem k\u00edn\u00e1lnak transzfert a sz\u00e1llod\u00e1b\u00f3l. <\/span><\/p>\n<p>&nbsp;<\/p>\n<p><b>Jegyzet:<\/b><span style=\"font-weight: 400;\"> Ha a t\u00fara\/kir\u00e1ndul\u00e1s indul\u00e1si id\u0151pontj\u00e1t\u00f3l sz\u00e1m\u00edtott 24 \u00f3r\u00e1n bel\u00fcl foglal, fel\u00e1r ellen\u00e9ben meg tudjuk szervezni a sz\u00e1llodai \u00e1tv\u00e9telt. Amint a v\u00e1s\u00e1rl\u00e1s befejez\u0151d\u00f6tt, elk\u00fcldj\u00fck \u00d6nnek a helyi idegenvezet\u0151nk teljes el\u00e9rhet\u0151s\u00e9gi adatait (telefonsz\u00e1m, e-mail c\u00edm stb.), hogy megszervezhess\u00fck az \u00e1tv\u00e9tel megszervez\u00e9s\u00e9t.<\/span><\/p>\n<h4><b><i>Tov\u00e1bbi inform\u00e1ci\u00f3k meger\u0151s\u00edt\u00e9se <\/i><\/b><\/h4>\n<ol>\n<li>A jegyek a t\u00fara befizet\u00e9s\u00e9t k\u00f6vet\u0151 nyugt\u00e1k. A fizet\u00e9st a telefonon tudod megjelen\u00edteni.<\/li>\n<li style=\"font-weight: 400;\"><span style=\"font-weight: 400;\">A tal\u00e1lkoz\u00e1si pontot a foglal\u00e1si folyamat ut\u00e1n veszik \u00e1t.<\/span><\/li>\n<li style=\"font-weight: 400;\"><span style=\"font-weight: 400;\">A gyermekeket feln\u0151tt k\u00eds\u00e9ret\u00e9ben kell biztos\u00edtani.<\/span><\/li>\n<li style=\"font-weight: 400;\"><span style=\"font-weight: 400;\"> Kerekessz\u00e9kkel nem megk\u00f6zel\u00edthet\u0151 <\/span><\/li>\n<li style=\"font-weight: 400;\"><span style=\"font-weight: 400;\">A csecsem\u0151knek \u00f6lben kell \u00fclni\u00fck <\/span><\/li>\n<li style=\"font-weight: 400;\"><span style=\"font-weight: 400;\">H\u00e1tprobl\u00e9m\u00e1kkal k\u00fczd\u0151 utaz\u00f3knak nem aj\u00e1nlott<\/span><\/li>\n<li style=\"font-weight: 400;\"><span style=\"font-weight: 400;\">Terhes utaz\u00f3knak nem aj\u00e1nlott <\/span><\/li>\n<li style=\"font-weight: 400;\"><span style=\"font-weight: 400;\"> Nincsenek sz\u00edvprobl\u00e9m\u00e1k vagy egy\u00e9b s\u00falyos eg\u00e9szs\u00e9g\u00fcgyi \u00e1llapotok <\/span><\/li>\n<li style=\"font-weight: 400;\"><span style=\"font-weight: 400;\">A legt\u00f6bb utaz\u00f3 r\u00e9szt vehet<\/span><\/li>\n<\/ol>\n<h4><b><i>Lemond\u00e1si felt\u00e9telek<\/i><\/b><\/h4>\n<p>A teljes visszat\u00e9r\u00edt\u00e9s\u00e9rt k\u00e9rj\u00fck, olvassa el lemond\u00e1si szab\u00e1lyzatunkat\u00a0<a href=\"https:\/\/www.ticketswhales.com\/online-booking\/\" target=\"_blank\" rel=\"noopener\" data-saferedirecturl=\"https:\/\/www.google.com\/url?q=https:\/\/www.ticketswhales.com\/online-booking\/&amp;source=gmail&amp;ust=1672449202351000&amp;usg=AOvVaw1yAeVAPktmaVCqDujgUn90\">Kattints ide<\/a>. Az \u00f6sszeg elveszik, ha a foglal\u00e1st az utaz\u00e1s napj\u00e1n lemondj\u00e1k.<\/p>\n\n\t\t<\/div>\n\t<\/div>\n<div class=\"vc_btn3-container vc_btn3-inline\" ><a class=\"vc_general vc_btn3 vc_btn3-size-md vc_btn3-shape-rounded vc_btn3-style-modern vc_btn3-color-green\" href=\"https:\/\/bookingadventures.tours\/booking.php?tour_id=6ed21424a849c63fc6398949d1f80266\" title=\"\" rel=\"noopener\">FOGLALD LE MOST<\/a><\/div><\/div><\/div><\/div><\/div><div class=\"vc_row wpb_row vc_row-fluid\" ><div class=\"wpb_column vc_column_container vc_col-sm-12\"><div class=\"vc_column-inner\"><div class=\"wpb_wrapper\"><div class=\"vc_empty_space\"   style=\"height: 32px\"><span class=\"vc_empty_space_inner\"><\/span><\/div>\n\t<div class=\"wpb_video_widget wpb_content_element vc_clearfix   vc_video-aspect-ratio-169 vc_video-el-width-100 vc_video-align-left\" >\n\t\t<div class=\"wpb_wrapper\">\n\t\t\t\n\t\t\t<div class=\"wpb_video_wrapper\"><iframe loading=\"lazy\" title=\"Los Haitises Nemzeti Park, t\u00far\u00e1k \u00e9s kir\u00e1ndul\u00e1sok Saman\u00e1b\u00f3l vagy Sabana de la Marb\u00f3l. Foglaljon itt:\" src=\"https:\/\/player.vimeo.com\/video\/346508015?dnt=1&amp;app_id=122963\" width=\"1100\" height=\"619\" frameborder=\"0\" allow=\"autoplay; fullscreen; picture-in-picture; clipboard-write; encrypted-media\"><\/iframe><\/div>\n\t\t<\/div>\n\t<\/div>\n<\/div><\/div><\/div><\/div><div class=\"vc_row wpb_row vc_row-fluid\" ><div class=\"wpb_column vc_column_container vc_col-sm-12\"><div class=\"vc_column-inner\"><div class=\"wpb_wrapper\"><div class=\"vc_empty_space\"   style=\"height: 32px\"><span class=\"vc_empty_space_inner\"><\/span><\/div>\n\t<div class=\"wpb_text_column wpb_content_element\" >\n\t\t<div class=\"wpb_wrapper\">\n\t\t\t<h4>L\u00e9pjen kapcsolatba vel\u00fcnk?<\/h4>\n<h5><em><strong>Kalandok foglal\u00e1sa<\/strong><\/em><\/h5>\n<p><em><strong>Helyiek<\/strong> \u00e9s <strong>Nemzetiek<\/strong> Idegenvezet\u0151k \u00e9s vend\u00e9gszolg\u00e1ltat\u00e1sok<\/em><\/p>\n<p><span class=\"text-turquoise\">Foglal\u00e1sok:<\/span> T\u00far\u00e1k \u00e9s kir\u00e1ndul\u00e1sok Dom. Ism\u00e9tl\u00e9s.<\/p>\n<p><img decoding=\"async\" class=\"emoji\" draggable=\"false\" src=\"https:\/\/s.w.org\/images\/core\/emoji\/11.2.0\/svg\/1f4de.svg\" alt=\"\ud83d\udcde\" title=\"\"> Tel \/ Whatsapp\u00a0 <a href=\"tel:+1-809-720-6035\">+1-809-720-6035<\/a>.<\/p>\n<p><img decoding=\"async\" class=\"emoji\" draggable=\"false\" src=\"https:\/\/s.w.org\/images\/core\/emoji\/11.2.0\/svg\/1f4e9.svg\" alt=\"\ud83d\udce9\" title=\"\"> <a href=\"mailto:info@bookingadventures.com.do\">info@bookingadventures.com.do<\/a><\/p>\n<p><strong>Rugalmasan \u00e1ll\u00edtjuk be a Whatsapp priv\u00e1t t\u00far\u00e1it: <a href=\"tel:+18097206035\">+18097206035.<\/a><\/strong><\/p>\n\n\t\t<\/div>\n\t<\/div>\n<div class=\"vc_empty_space\"   style=\"height: 32px\"><span class=\"vc_empty_space_inner\"><\/span><\/div><\/div><\/div><\/div><\/div><div class=\"vc_row wpb_row vc_row-fluid\" ><div class=\"wpb_column vc_column_container vc_col-sm-12\"><div class=\"vc_column-inner\"><div class=\"wpb_wrapper\"><div class=\"vc_btn3-container vc_btn3-inline\" ><a class=\"vc_general vc_btn3 vc_btn3-size-md vc_btn3-shape-rounded vc_btn3-style-modern vc_btn3-color-green\" href=\"https:\/\/bookingadventures.tours\/booking.php?tour_id=6ed21424a849c63fc6398949d1f80266\" title=\"\" rel=\"noopener\">FOGLALD LE MOST<\/a><\/div><\/div><\/div><\/div><\/div>\n<\/section>","protected":false},"excerpt":{"rendered":"<p><strong>K\u00e9rj\u00fck, v\u00e1lassza ki a The Tour d\u00e1tum\u00e1t\u00a0<\/strong><\/p>","protected":false},"featured_media":16794,"template":"","meta":[],"product_brand":[],"product_cat":[255,655,928,168,178,218,170,160,169,933,191,253,254],"product_tag":[176,211,210,192,171,209,212,199,200,187],"class_list":{"0":"post-8219","1":"product","2":"type-product","3":"status-publish","4":"has-post-thumbnail","6":"product_cat-tours-excursions-samana-bay-dominican-republic","7":"product_cat-1-samana","8":"product_cat-boat-trip-los-haitises","9":"product_cat-caves","10":"product_cat-hiking","11":"product_cat-kayaking","12":"product_cat-local-tour-guides","13":"product_cat-lunch","14":"product_cat-mangroves","15":"product_cat-natural-pools-los-haitises","16":"product_cat-swimming-natural-springs","17":"product_cat-tours-and-excursions","18":"product_cat-tours-excursions-los-haitises-national-park","19":"product_tag-cano-hondo","20":"product_tag-cano-hondo-hotel","21":"product_tag-cano-hondo-tours","22":"product_tag-day-tour-cano-hondo","23":"product_tag-los-haitises","24":"product_tag-los-haitises-national-park","25":"product_tag-mangroves-los-haitises","26":"product_tag-samana-bay","27":"product_tag-samana-excursions","28":"product_tag-samana-tours","30":"first","31":"instock","32":"sale","33":"sold-individually","34":"shipping-taxable","35":"product-type-external"},"_links":{"self":[{"href":"https:\/\/ballenajorobada.com\/hu\/wp-json\/wp\/v2\/product\/8219","targetHints":{"allow":["GET"]}}],"collection":[{"href":"https:\/\/ballenajorobada.com\/hu\/wp-json\/wp\/v2\/product"}],"about":[{"href":"https:\/\/ballenajorobada.com\/hu\/wp-json\/wp\/v2\/types\/product"}],"wp:featuredmedia":[{"embeddable":true,"href":"https:\/\/ballenajorobada.com\/hu\/wp-json\/wp\/v2\/media\/16794"}],"wp:attachment":[{"href":"https:\/\/ballenajorobada.com\/hu\/wp-json\/wp\/v2\/media?parent=8219"}],"wp:term":[{"taxonomy":"product_brand","embeddable":true,"href":"https:\/\/ballenajorobada.com\/hu\/wp-json\/wp\/v2\/product_brand?post=8219"},{"taxonomy":"product_cat","embeddable":true,"href":"https:\/\/ballenajorobada.com\/hu\/wp-json\/wp\/v2\/product_cat?post=8219"},{"taxonomy":"product_tag","embeddable":true,"href":"https:\/\/ballenajorobada.com\/hu\/wp-json\/wp\/v2\/product_tag?post=8219"}],"curies":[{"name":"wp","href":"https:\/\/api.w.org\/{rel}","templated":true}]}}