{"id":9395,"date":"2019-09-11T08:14:56","date_gmt":"2019-09-11T08:14:56","guid":{"rendered":"https:\/\/www.ticketswhales.com\/?post_type=product&#038;p=9395"},"modified":"2025-02-02T17:12:19","modified_gmt":"2025-02-02T17:12:19","slug":"half-day-whale-watching-samana-in-catamaran-morning-or-afternoon","status":"publish","type":"product","link":"https:\/\/ballenajorobada.com\/hu\/Tours-Excursions\/tours-excursions-samana-bay-dominican-republic\/felnapos-balnales-samana-katamaranban-reggel-vagy-delutan","title":{"rendered":"F\u00e9lnapos b\u00e1lnales Saman\u00e1 katamar\u00e1n reggel"},"content":{"rendered":"<section class=\"wpb-content-wrapper\"><div class=\"vc_row wpb_row vc_row-fluid\" ><div class=\"wpb_column vc_column_container vc_col-sm-12\"><div class=\"vc_column-inner\"><div class=\"wpb_wrapper\"><div class=\"mkdf-section-title-holder\" style=\"text-align: left\">\n\t<div class=\"mkdf-st-inner\">\n\t\t\t\t\t<h5 class=\"mkdf-st-subtitle\" >\n\t\t\t\tReggel vagy D\u00e9lut\u00e1n\t\t\t<\/h5>\n\t\t\t\t\t\t\t<h3 class=\"mkdf-st-title\" >\n\t\t\t\tF\u00e9lnapos b\u00e1lnales Samana katamar\u00e1nban\t\t\t<\/h3>\n\t\t\t\t\t<\/div>\n<\/div><div class=\"vc_empty_space\"   style=\"height: 32px\"><span class=\"vc_empty_space_inner\"><\/span><\/div><div class=\"vc_message_box vc_message_box-standard vc_message_box-rounded vc_color-info\" ><div class=\"vc_message_box-icon\"><i class=\"fas fa-info-circle\"><\/i><\/div><p><strong>Az \u00e1r az eb\u00e9det nem tartalmazza. ha tetszik az \u00f6sszes, k\u00e9rem:\u00a0 <a href=\"https:\/\/www.ticketswhales.com\/Tours-Excursions\/tours-and-excursions\/samana-whale-watching-cayo-levantado\/\" rel=\"noopener\">Kattints ide\u00a0<\/a><\/strong><\/p>\n<\/div><div class=\"vc_empty_space\"   style=\"height: 32px\"><span class=\"vc_empty_space_inner\"><\/span><\/div><\/div><\/div><\/div><\/div><div class=\"vc_row wpb_row vc_row-fluid\" ><div class=\"wpb_column vc_column_container vc_col-sm-12\"><div class=\"vc_column-inner\"><div class=\"wpb_wrapper\"><div class=\"vc_btn3-container vc_btn3-inline\" ><button class=\"vc_general vc_btn3 vc_btn3-size-md vc_btn3-shape-rounded vc_btn3-style-modern vc_btn3-color-green\">FOGLALD LE MOST<\/button><\/div>\n\t<div class=\"wpb_text_column wpb_content_element\" >\n\t\t<div class=\"wpb_wrapper\">\n\t\t\t<div class=\"vc_row wpb_row vc_row-fluid\">\n<div class=\"wpb_column vc_column_container vc_col-sm-12\">\n<div class=\"vc_column-inner\">\n<div class=\"wpb_wrapper\">\n<div class=\"wpb_text_column wpb_content_element\">\n<div class=\"wpb_wrapper\">\n<div class=\"vc_row wpb_row vc_row-fluid\">\n<div class=\"wpb_column vc_column_container vc_col-sm-12\">\n<div class=\"vc_column-inner\">\n<div class=\"wpb_wrapper\">\n<div class=\"wpb_text_column wpb_content_element\">\n<div class=\"wpb_wrapper\">\n<h4><b><i>\u00c1ttekint\u00e9s<img decoding=\"async\" class=\"emoji\" draggable=\"false\" src=\"https:\/\/s.w.org\/images\/core\/emoji\/12.0.0-1\/svg\/1f433.svg\" alt=\"\ud83d\udc33\" title=\"\"><\/i><\/b><\/h4>\n<p>Miut\u00e1n megszak\u00edtottuk Haj\u00f3nkat, hogy megl\u00e1togassuk a b\u00e1ln\u00e1kat saj\u00e1t \u00e9l\u0151hely\u00fck\u00f6n. Kapit\u00e1nyainkat arra k\u00e9pezt\u00e9k ki, hogy biztosan l\u00e1ssanak b\u00e1ln\u00e1kat.<\/p>\n<p>9:00-12:00 vagy priv\u00e1t minimum 4 f\u0151 13:00 \u00e9s 15:30 k\u00f6z\u00f6tt. B\u00e1lnales obszervat\u00f3rium \u00e9s A Whale Whatchig utaz\u00e1s ut\u00e1n visszat\u00e9r\u00fcnk Samana f\u0151 kik\u00f6t\u0151j\u00e9be.<\/p>\n<p><strong>Jegyzet:<\/strong> Ez a t\u00fara nem priv\u00e1t. Ha priv\u00e1t t\u00far\u00e1t szeretne be\u00e1ll\u00edtani, l\u00e9pjen kapcsolatba vel\u00fcnk!<\/p>\n<ul>\n<li>B\u00e1lnales\u0151 kir\u00e1ndul\u00e1s<\/li>\n<li>Haj\u00f3 katamar\u00e1n transzfer<\/li>\n<li>A kapit\u00e1ny utas\u00edt\u00e1st \u00e9s fel\u00fcgyeletet biztos\u00edt<\/li>\n<li>Idegenvezet\u0151<\/li>\n<\/ul>\n<p>&nbsp;<\/p>\n<h4><b>Befoglal\u00e1sok \u00e9s kiz\u00e1r\u00e1sok<\/b><\/h4>\n<p>&nbsp;<\/p>\n<p><b>Z\u00e1rv\u00e1nyok<\/b><\/p>\n<ol>\n<li>Idegenvezet\u0151<\/li>\n<li>Katamar\u00e1n vagy haj\u00f3kir\u00e1ndul\u00e1s<\/li>\n<li>Minden ad\u00f3, d\u00edj \u00e9s kezel\u00e9si k\u00f6lts\u00e9g<\/li>\n<li>Helyi ad\u00f3k<\/li>\n<\/ol>\n<p><b>Kiz\u00e1r\u00e1sok<\/b><\/p>\n<ol>\n<li>h\u00e1lap\u00e9nz<\/li>\n<li>Transzfer aut\u00f3<\/li>\n<li>Alkoholos italok<\/li>\n<li>Italok<\/li>\n<li>Dramamine tablett\u00e1k (opcion\u00e1lis)<\/li>\n<li>Bel\u00e9p\u0151d\u00edjak a szent\u00e9lybe. (Kark\u00f6t\u0151)<\/li>\n<\/ol>\n<p>&nbsp;<\/p>\n<h4><em><strong>Indul\u00e1s \u00e9s vissza\u00fat<\/strong><\/em><\/h4>\n<p>A Foglal\u00e1si folyamat ut\u00e1n az utaz\u00f3 tal\u00e1lkoz\u00e1si pontot kap. A t\u00far\u00e1k tal\u00e1lkoz\u00e1si pontjainkon indulnak \u00e9s fejez\u0151dnek be.<\/p>\n<h3>F\u00e9lnapos b\u00e1lnales Samana katamar\u00e1nban<\/h3>\n<h4><b><i>Mi v\u00e1rhat\u00f3?<\/i><\/b><\/h4>\n<p>&nbsp;<\/p>\n<p><em><strong>Vedd meg a jegyeidet<\/strong><\/em> f\u00e9lnapos kir\u00e1ndul\u00e1sra B\u00e1lnales\u0151 t\u00fara a Saman\u00e1-\u00f6b\u00f6lben.<\/p>\n<p>A \u201eBooking Adventures\u201d \u00e1ltal szervezett f\u00e9lnapos b\u00e1lnales az idegenvezet\u0151vel megjel\u00f6lt tal\u00e1lkoz\u00e1si pontt\u00f3l indul. Eb\u00e9d a tengerparton van <strong>nem<\/strong> vegyen r\u00e9szt ebben a t\u00far\u00e1ban.<\/p>\n<p>&nbsp;<\/p>\n<p><strong>Menetrend:<\/strong><\/p>\n<p>9:00 \u00e9s 12:30 k\u00f6z\u00f6tt<\/p>\n<p>13:00 \u2013 15:30. (Leggyakrabban egy priv\u00e1t utaz\u00e1s minimum 4 f\u0151, vagy vegye fel vel\u00fcnk a kapcsolatot).<\/p>\n<\/div>\n<p>Az id\u0151 att\u00f3l f\u00fcgg, hogy h\u00e1ny b\u00e1ln\u00e1t l\u00e1tunk.<\/p>\n<div class=\"wpb_wrapper\">\n<p>&nbsp;<\/p>\n<h4><em><strong>Mit kell vinni?<\/strong><\/em><\/h4>\n<ul>\n<li>Kamera<\/li>\n<li>Riaszt\u00f3 bimb\u00f3k<\/li>\n<li>naptej<\/li>\n<li>Kalap<\/li>\n<li>K\u00e9nyelmes nadr\u00e1g<\/li>\n<li>\u00dasz\u00f3ruha<\/li>\n<li>K\u00e9szp\u00e9nz aj\u00e1nd\u00e9kt\u00e1rgyak\u00e9rt<\/li>\n<\/ul>\n<p>&nbsp;<\/p>\n<h4><b><i>Sz\u00e1llodai \u00e1tv\u00e9tel<\/i><\/b><\/h4>\n<p>Ezen a t\u00far\u00e1n nem k\u00edn\u00e1lnak transzfert a sz\u00e1llod\u00e1b\u00f3l.<\/p>\n<p>&nbsp;<\/p>\n<p><b>Jegyzet:<\/b>\u00a0Ha a t\u00fara\/kir\u00e1ndul\u00e1s indul\u00e1si id\u0151pontj\u00e1t\u00f3l sz\u00e1m\u00edtott 24 \u00f3r\u00e1n bel\u00fcl foglal, fel\u00e1r ellen\u00e9ben meg tudjuk szervezni a sz\u00e1llodai \u00e1tv\u00e9telt. Amint a v\u00e1s\u00e1rl\u00e1s befejez\u0151d\u00f6tt, elk\u00fcldj\u00fck \u00d6nnek a helyi idegenvezet\u0151nk teljes el\u00e9rhet\u0151s\u00e9gi adatait (telefonsz\u00e1m, e-mail c\u00edm stb.), hogy megszervezhess\u00fck az \u00e1tv\u00e9tel megszervez\u00e9s\u00e9t.<\/p>\n<h4><b><i>Tov\u00e1bbi inform\u00e1ci\u00f3k meger\u0151s\u00edt\u00e9se<\/i><\/b><\/h4>\n<ol>\n<li>A jegyek a t\u00fara befizet\u00e9s\u00e9t k\u00f6vet\u0151 nyugt\u00e1k. A fizet\u00e9st a telefonon tudod megjelen\u00edteni.<\/li>\n<li>A tal\u00e1lkoz\u00e1si pontot a foglal\u00e1si folyamat ut\u00e1n veszik \u00e1t.<\/li>\n<li>A gyermekeket feln\u0151tt k\u00eds\u00e9ret\u00e9ben kell biztos\u00edtani.<\/li>\n<li>kerekessz\u00e9kkel el\u00e9rhet\u0151<\/li>\n<li>A csecsem\u0151knek \u00f6lben kell \u00fclni\u00fck<\/li>\n<li>A legt\u00f6bb utaz\u00f3 r\u00e9szt vehet<\/li>\n<\/ol>\n<h4><b><i>Lemond\u00e1si felt\u00e9telek<\/i><\/b><\/h4>\n<p>A teljes visszat\u00e9r\u00edt\u00e9s\u00e9rt k\u00e9rj\u00fck, olvassa el lemond\u00e1si szab\u00e1lyzatunkat\u00a0<a href=\"https:\/\/www.ticketswhales.com\/online-booking\/\" target=\"_blank\" rel=\"noopener\" data-saferedirecturl=\"https:\/\/www.google.com\/url?q=https:\/\/www.ticketswhales.com\/online-booking\/&amp;source=gmail&amp;ust=1672449202351000&amp;usg=AOvVaw1yAeVAPktmaVCqDujgUn90\">Kattints ide<\/a>. Az \u00f6sszeg elveszik, ha a foglal\u00e1st az utaz\u00e1s napj\u00e1n lemondj\u00e1k.<\/p>\n<\/div>\n<\/div>\n<\/div>\n<\/div>\n<\/div>\n<\/div>\n<\/div>\n<\/div>\n<\/div>\n<\/div>\n<\/div>\n<\/div>\n<div class=\"vc_row wpb_row vc_row-fluid\">\n<div class=\"wpb_column vc_column_container vc_col-sm-12\">\n<div class=\"vc_column-inner\">\n<div class=\"wpb_wrapper\">\n<div class=\"vc_empty_space\"><\/div>\n<div class=\"wpb_text_column wpb_content_element\">\n<div class=\"wpb_wrapper\">\n<h4>L\u00e9pjen kapcsolatba vel\u00fcnk?<\/h4>\n<h5><b><i>T\u00daRA B\u00c1LNA SAMANA<\/i><\/b><\/h5>\n<p><em><strong>Helyiek<\/strong>\u00a0\u00e9s\u00a0<strong>Nemzetiek<\/strong>\u00a0Idegenvezet\u0151k \u00e9s vend\u00e9gszolg\u00e1ltat\u00e1sok<\/em><\/p>\n<p><span class=\"text-turquoise\">Foglal\u00e1sok:<\/span>\u00a0T\u00far\u00e1k \u00e9s kir\u00e1ndul\u00e1sok Dom. Ism\u00e9tl\u00e9s.<\/p>\n<p><img decoding=\"async\" class=\"emoji\" draggable=\"false\" src=\"https:\/\/s.w.org\/images\/core\/emoji\/11.2.0\/svg\/1f4de.svg\" alt=\"\ud83d\udcde\" title=\"\">\u00a0Tel \/ Whatsapp\u00a0\u00a0<a href=\"tel:+1-809-720-6035\">+1-809-720-6035<\/a>.<\/p>\n<p><img decoding=\"async\" class=\"emoji\" draggable=\"false\" src=\"https:\/\/s.w.org\/images\/core\/emoji\/11.2.0\/svg\/1f4e9.svg\" alt=\"\ud83d\udce9\" title=\"\">\u00a0<a href=\"mailto:info@bookingadventures.com.do\">info@bookingadventures.com.do<\/a><\/p>\n<p><strong>Rugalmasan \u00e1ll\u00edtjuk be a Whatsapp priv\u00e1t t\u00far\u00e1it:\u00a0<a href=\"tel:+18097206035\">+18097206035.<\/a><\/strong><\/p>\n<\/div>\n<\/div>\n<\/div>\n<\/div>\n<\/div>\n<\/div>\n\n\t\t<\/div>\n\t<\/div>\n<div class=\"vc_message_box vc_message_box-standard vc_message_box-rounded vc_color-info\" ><div class=\"vc_message_box-icon\"><i class=\"fas fa-info-circle\"><\/i><\/div><p><strong>Az \u00e1r az eb\u00e9det nem tartalmazza. ha tetszik az \u00f6sszes, k\u00e9rem:\u00a0 <a href=\"https:\/\/www.ticketswhales.com\/Tours-Excursions\/tours-and-excursions\/samana-whale-watching-cayo-levantado\/\" rel=\"noopener\">Kattints ide\u00a0<\/a><\/strong><\/p>\n<\/div><\/div><\/div><\/div><\/div><div class=\"vc_row wpb_row vc_row-fluid\" ><div class=\"wpb_column vc_column_container vc_col-sm-12\"><div class=\"vc_column-inner\"><div class=\"wpb_wrapper\"><div class=\"vc_btn3-container vc_btn3-inline\" ><button class=\"vc_general vc_btn3 vc_btn3-size-md vc_btn3-shape-rounded vc_btn3-style-modern vc_btn3-color-green\">FOGLALD LE MOST<\/button><\/div><\/div><\/div><\/div><\/div>\n<\/section>","protected":false},"excerpt":{"rendered":"<p>F\u00e9lnapos b\u00e1lnales Samana Bay, Dominikai K\u00f6zt\u00e1rsas\u00e1g. B\u00e1lnales Saman\u00e1 kik\u00f6t\u0151j\u00e9b\u0151l egy k\u00e9nyelmes katamar\u00e1nban. Foglaljon d\u00e9lel\u0151tt vagy d\u00e9lut\u00e1n kir\u00e1ndul\u00e1sokat b\u00e1lnalesre. Foglalja le most ezt a kir\u00e1ndul\u00e1st a Samana-\u00f6b\u00f6lben, hogy j\u00f3 b\u00e1lnales\u0151 \u00e9lm\u00e9nyben legyen r\u00e9sze.<\/p>\n<p><strong>Az \u00e1r az eb\u00e9det nem tartalmazza. Ha tetszik az \u00f6sszes, k\u00e9rj\u00fck:\u00a0 <a href=\"https:\/\/www.ticketswhales.com\/Tours-Excursions\/tours-and-excursions\/samana-whale-watching-cayo-levantado\/\">Kattints ide\u00a0<\/a><\/strong><\/p>\n<p>&nbsp;<\/p>","protected":false},"featured_media":17111,"template":"","meta":[],"product_brand":[],"product_cat":[255,655,385,273],"product_tag":[387,327,342,276,277,274,389,388,275],"class_list":{"0":"post-9395","1":"product","2":"type-product","3":"status-publish","4":"has-post-thumbnail","6":"product_cat-tours-excursions-samana-bay-dominican-republic","7":"product_cat-1-samana","8":"product_cat-half-day-whale-watching-samana-in-catamaran","9":"product_cat-whale-watching-samana","10":"product_tag-half-day-whale-watching-samana-in-catamaran-morning-or-afternoon","11":"product_tag-private-tours-samana","12":"product_tag-samana-whale-watching","13":"product_tag-whale-samana","14":"product_tag-whale-tours","15":"product_tag-whale-watching-dominican-republic","16":"product_tag-whale-watching-las-galeras","17":"product_tag-whale-watching-las-terrenas","18":"product_tag-whale-watching-samana","20":"first","21":"instock","22":"sale","23":"shipping-taxable","24":"product-type-external"},"_links":{"self":[{"href":"https:\/\/ballenajorobada.com\/hu\/wp-json\/wp\/v2\/product\/9395","targetHints":{"allow":["GET"]}}],"collection":[{"href":"https:\/\/ballenajorobada.com\/hu\/wp-json\/wp\/v2\/product"}],"about":[{"href":"https:\/\/ballenajorobada.com\/hu\/wp-json\/wp\/v2\/types\/product"}],"wp:featuredmedia":[{"embeddable":true,"href":"https:\/\/ballenajorobada.com\/hu\/wp-json\/wp\/v2\/media\/17111"}],"wp:attachment":[{"href":"https:\/\/ballenajorobada.com\/hu\/wp-json\/wp\/v2\/media?parent=9395"}],"wp:term":[{"taxonomy":"product_brand","embeddable":true,"href":"https:\/\/ballenajorobada.com\/hu\/wp-json\/wp\/v2\/product_brand?post=9395"},{"taxonomy":"product_cat","embeddable":true,"href":"https:\/\/ballenajorobada.com\/hu\/wp-json\/wp\/v2\/product_cat?post=9395"},{"taxonomy":"product_tag","embeddable":true,"href":"https:\/\/ballenajorobada.com\/hu\/wp-json\/wp\/v2\/product_tag?post=9395"}],"curies":[{"name":"wp","href":"https:\/\/api.w.org\/{rel}","templated":true}]}}