{"id":9686,"date":"2019-10-25T17:17:13","date_gmt":"2019-10-25T17:17:13","guid":{"rendered":"https:\/\/www.ticketswhales.com\/?post_type=product&#038;p=9686"},"modified":"2025-02-02T17:13:59","modified_gmt":"2025-02-02T17:13:59","slug":"ermitano-beach-playa-ermitano-boat-tour-and-playa-onda-half-day-trip-samana-dominican-republic","status":"publish","type":"product","link":"https:\/\/ballenajorobada.com\/hu\/Tours-Excursions\/lunch\/ermitano-beach-playa-ermitano-hajotura-es-playa-onda-felnapos-kirandulas-samana-dominikai-koztarsasag-2","title":{"rendered":"(Ermitano Beach) Playa Ermita\u00f1o Haj\u00f3t\u00fara \u00e9s Playa Onda, F\u00e9lnapos kir\u00e1ndul\u00e1s, Saman\u00e1 \u2013 Dominikai K\u00f6zt\u00e1rsas\u00e1g."},"content":{"rendered":"<section class=\"wpb-content-wrapper\"><div class=\"vc_row wpb_row vc_row-fluid\" ><div class=\"wpb_column vc_column_container vc_col-sm-12\"><div class=\"vc_column-inner\"><div class=\"wpb_wrapper\"><div class=\"vc_btn3-container vc_btn3-inline\" ><a class=\"vc_general vc_btn3 vc_btn3-size-md vc_btn3-shape-rounded vc_btn3-style-modern vc_btn3-color-green\" href=\"https:\/\/bookingadventures.tours\/booking.php?tour_id=7e99c2fca5922e90ee3d1d2969786362\" title=\"\" rel=\"noopener\">FOGLALD LE MOST<\/a><\/div><div class=\"mkdf-section-title-holder\" style=\"text-align: left\">\n\t<div class=\"mkdf-st-inner\">\n\t\t\t\t\t<h5 class=\"mkdf-st-subtitle\" >\n\t\t\t\tEb\u00e9d, haj\u00f3k\u00e1z\u00e1s \u00e9s mag\u00e1nsz\u00e1ll\u00edt\u00e1s a sz\u00e1llod\u00e1kb\u00f3l.\t\t\t<\/h5>\n\t\t\t\t\t\t\t<h3 class=\"mkdf-st-title\" >\n\t\t\t\t(Ermitano Beach) Playa Ermita\u00f1o Haj\u00f3t\u00fara \u00e9s Playa Onda, F\u00e9lnapos kir\u00e1ndul\u00e1s, Saman\u00e1 - Dominikai K\u00f6zt\u00e1rsas\u00e1g.\t\t\t<\/h3>\n\t\t\t\t\t<\/div>\n<\/div>\n\t<div class=\"wpb_text_column wpb_content_element\" >\n\t\t<div class=\"wpb_wrapper\">\n\t\t\t<h2 class=\"styles__heading___mD4_3\" data-radium=\"true\">(Ermitano Beach) Playa Ermita\u00f1o haj\u00f3t\u00fara \u00e9s Playa Onda priv\u00e1t kir\u00e1ndul\u00e1s.<\/h2>\n<h4><b><i>\u00c1ttekint\u00e9s <\/i><\/b><\/h4>\n<p>Az utaz\u00e1s a sz\u00e1llod\u00e1ban vagy a Samana negyedben vagy a Las Galerasban tal\u00e1lhat\u00f3 rep\u00fcl\u0151t\u00e9ren veszi fel \u00d6nt. Kezdje \u00e9lm\u00e9nyeit Playa El Valle-ban, egy gy\u00f6ny\u00f6r\u0171 \u00e9s egyed\u00fcl\u00e1ll\u00f3 strandon, k\u00f6zel Saman\u00e1hoz. \u00c9lvezze a 25 perces haj\u00f3\u00fat a Playa Ermita\u00f1o-hoz, amely egy m\u00e9g felt\u00e1ratlan \u00e9s elszigetelt strand, t\u00fcrkizk\u00e9k v\u00edzzel. K\u00f3stolja meg a friss k\u00f3kuszvizet. Fedezze fel a Dominikai K\u00f6zt\u00e1rsas\u00e1g val\u00f3di \u00e9s \u00e9rintetlen sz\u00e9ps\u00e9g\u00e9t, \u00e9s mer\u00fclj\u00f6n el a term\u00e9szetben, mik\u00f6zben felfedezi a k\u00f6zeli titkos barlangot. Maradjon a Playa Ermita\u00f1o-ban, ameddig csak akar, \u00e9s l\u00e1togassa meg Playa Ond\u00e1t, egy m\u00e1sik gy\u00f6ny\u00f6r\u0171 vad strandot, amely mind\u00f6ssze 15 perces haj\u00f3\u00fatra van. T\u00e9rjen vissza Playa El Valle-be, majd induljon tov\u00e1bb Saman\u00e1ba, ahol megtekintheti a helyi h\u00e1zakat \u00e9s megismerheti a dominikai val\u00f3s\u00e1got.<\/p>\n<p>&nbsp;<\/p>\n<ul>\n<li>Helyi idegenvezet\u0151 biztons\u00e1gi tapasztalattal a k\u00f6rny\u00e9ken.<\/li>\n<li>Egy\u00e9ni sz\u00e1ll\u00edt\u00e1s<\/li>\n<li>A d\u00edjak benne vannak<\/li>\n<li>Eb\u00e9d a tengerparton<\/li>\n<li>Helyi idegenvezet\u0151 spanyol, angol vagy francia nyelven.<\/li>\n<li>T\u00far\u00e1z\u00e1s<\/li>\n<\/ul>\n<h4><b>Befoglal\u00e1sok \u00e9s kiz\u00e1r\u00e1sok<\/b><\/h4>\n<p>&nbsp;<\/p>\n<p><b>Z\u00e1rv\u00e1nyok<\/b><\/p>\n<ol>\n<li><span style=\"font-weight: 400;\">Helyi idegenvezet\u0151 biztons\u00e1gi tapasztalattal a k\u00f6rny\u00e9ken.<\/span><\/li>\n<li>Kiscsoportos egy\u00e9ni sz\u00e1ll\u00edt\u00e1s<\/li>\n<li style=\"font-weight: 400;\">El Rincon Beach<\/li>\n<li>Dominikai H\u00e1z Ranch<\/li>\n<li>Cano Frio foly\u00f3<\/li>\n<li style=\"font-weight: 400;\"><span style=\"font-weight: 400;\">Minden ad\u00f3, d\u00edj \u00e9s kezel\u00e9si k\u00f6lts\u00e9g<\/span><\/li>\n<li style=\"font-weight: 400;\"><span style=\"font-weight: 400;\">Helyi ad\u00f3k<\/span><\/li>\n<li>Eb\u00e9d a tengerparton<\/li>\n<li>T\u00far\u00e1z\u00e1s<\/li>\n<li style=\"font-weight: 400;\"><span style=\"font-weight: 400;\">Minden tev\u00e9kenys\u00e9g<\/span><\/li>\n<\/ol>\n<p><b> Kiz\u00e1r\u00e1sok<\/b><\/p>\n<ol>\n<li style=\"font-weight: 400;\"><span style=\"font-weight: 400;\">h\u00e1lap\u00e9nz<\/span><\/li>\n<li>Minden ital<\/li>\n<\/ol>\n<h4><em><strong>Indul\u00e1s \u00e9s vissza\u00fat<\/strong><\/em><\/h4>\n<p><span style=\"font-weight: 400;\">A Foglal\u00e1si folyamat ut\u00e1n az utaz\u00f3 tal\u00e1lkoz\u00e1si pontot kap. A t\u00far\u00e1k tal\u00e1lkoz\u00e1si pontjainkon indulnak \u00e9s fejez\u0151dnek be.<\/span><\/p>\n<h2 class=\"styles__heading___mD4_3\" data-radium=\"true\">(Ermitano Beach) Playa Ermita\u00f1o haj\u00f3t\u00fara \u00e9s Playa Onda priv\u00e1t kir\u00e1ndul\u00e1s.<\/h2>\n<h4><em>Mi v\u00e1rhat\u00f3?<\/em><\/h4>\n<p>Miut\u00e1n elhagyta a Samana sz\u00e1llod\u00e1k ter\u00fclet\u00e9t, \u00e9s \u00e1thaladt a dominikai utc\u00e1kon, l\u00e1tni fogja \u00e9s megismerheti a helyiek \u00e9letm\u00f3dj\u00e1t. Ez a strand Playa Honda \u00e9s Playa El Valle k\u00f6z\u00f6tt tal\u00e1lhat\u00f3 Samana-f\u00e9lszigeten. 400 m\u00e9ter hossz\u00fa, \u00e9s z\u00e1tonyok veszik k\u00f6r\u00fcl. Ezt a strandot csak gyalogosan lehet el\u00e9rni, s\u0171r\u0171 dzsungelszer\u0171 \u00f6sv\u00e9nyen kereszt\u00fcl vagy cs\u00f3nakkal.<\/p>\n<p><span style=\"vertical-align: inherit;\"><span style=\"vertical-align: inherit;\">La historia de su nombre es tan fascinante e interesante\u2026 Juan El Ermita\u00f1o aparentemente era un pirata franc\u00e9s que, arrepentido, desembarc\u00f3 un d\u00eda en esta playa de Saman\u00e1. <\/span><span style=\"vertical-align: inherit;\">Cuenta la historia que hab\u00eda estado solo y aislado del mundo durante el a\u00f1o 1780. La leyenda dice que despu\u00e9s de 22 a\u00f1os de exilio, fue descubierto por sorpresa por sus antiguos compa\u00f1eros corsarios muque lo creyer. <\/span><span style=\"vertical-align: inherit;\">Pero los espa\u00f1oles, asombrados por su austeridad y constancia, le concedieron el perd\u00f3n, regard\u00e1ndolo casi un santo. <\/span><span style=\"vertical-align: inherit;\">Pero como toda historia de piratas que se precie, Juan El Ermita\u00f1o guardaba un gran secreto: guardaba un precioso bot\u00edn de su \u00e9poca de pirata que se escond\u00eda en esta playa.<\/span><\/span><\/p>\n<p>Amikor meg\u00e9rkezik, egy k\u00e9peslap t\u00f6k\u00e9letes t\u00e1jat l\u00e1t majd maga el\u0151tt. A buja \u00e9s tr\u00f3pusi n\u00f6v\u00e9nyzet var\u00e1zslatos hely\u00e9n, valamint a krist\u00e1lytiszta vizek sz\u00e9ps\u00e9ge miatt egyed\u00fcl\u00e1ll\u00f3nak \u00e9rzi mag\u00e1t a vil\u00e1gon. Ez a strand egy wow-\u00e9lm\u00e9nyt val\u00f3s\u00edt meg.<\/p>\n<p>A Survivor t\u00e9v\u00e9sorozat t\u00f6r\u00f6k \u00e9s sv\u00e9d v\u00e1ltozat\u00e1t ezen a tengerparton forgatt\u00e1k<\/p>\n<p>Ez a \u201eBooking Adventures\u201d \u00e1ltal szervezett t\u00fara az idegenvezet\u0151nk \u00e1ltal meghat\u00e1rozott tal\u00e1lkoz\u00e1si pontn\u00e1l kezd\u0151dik. J\u00f6jj\u00f6n el a Booking Adventures programmal, eb\u00e9deljen a tengerparton, \u00e9s \u00e9lvezze a dominikai k\u00f6zt\u00e1rsas\u00e1gbeli Samana egyik legcsod\u00e1latosabb strandj\u00e1t.<\/p>\n<h4><em><strong>Mit kell vinni?<\/strong><\/em><\/h4>\n<ul>\n<li style=\"font-weight: 400;\"><span style=\"font-weight: 400;\">Kamera<\/span><\/li>\n<li style=\"font-weight: 400;\"><span style=\"font-weight: 400;\">Riaszt\u00f3 bimb\u00f3k<\/span><\/li>\n<li style=\"font-weight: 400;\"><span style=\"font-weight: 400;\">Naptej<\/span><\/li>\n<li>V\u00edz<\/li>\n<li style=\"font-weight: 400;\"><span style=\"font-weight: 400;\">Kalap<\/span><\/li>\n<li style=\"font-weight: 400;\"><span style=\"font-weight: 400;\">K\u00e9nyelmes nadr\u00e1g<\/span><\/li>\n<li style=\"font-weight: 400;\"><span style=\"font-weight: 400;\">Erdei t\u00faracip\u0151<\/span><\/li>\n<li style=\"font-weight: 400;\"><span style=\"font-weight: 400;\">Szand\u00e1lok a tavaszi ter\u00fcletekre.<\/span><\/li>\n<li style=\"font-weight: 400;\"><span style=\"font-weight: 400;\">\u00dasz\u00f3ruha<\/span><\/li>\n<\/ul>\n<p>&nbsp;<\/p>\n<h4><b><i>Sz\u00e1llodai \u00e1tv\u00e9tel <\/i><\/b><\/h4>\n<p><span style=\"font-weight: 400;\">Ezen a t\u00far\u00e1n a sz\u00e1lloda \u00e1tv\u00e9tele biztos\u00edtott. <\/span><\/p>\n<p>&nbsp;<\/p>\n<p><b>Jegyzet:<\/b><span style=\"font-weight: 400;\"> Ha a t\u00fara\/kir\u00e1ndul\u00e1s indul\u00e1si id\u0151pontj\u00e1t\u00f3l sz\u00e1m\u00edtott 24 \u00f3r\u00e1n bel\u00fcl foglal, meg tudjuk szervezni a sz\u00e1llodai \u00e1tv\u00e9telt. Csak Samana k\u00f6rny\u00e9k\u00e9n vesz\u00fcnk fel. Amint a v\u00e1s\u00e1rl\u00e1s befejez\u0151d\u00f6tt, elk\u00fcldj\u00fck \u00d6nnek a helyi idegenvezet\u0151nk teljes el\u00e9rhet\u0151s\u00e9gi adatait (telefonsz\u00e1m, e-mail c\u00edm stb.), hogy megszervezhess\u00fck az \u00e1tv\u00e9tel megszervez\u00e9s\u00e9t.<\/span><\/p>\n<h4><b><i>Tov\u00e1bbi inform\u00e1ci\u00f3k meger\u0151s\u00edt\u00e9se <\/i><\/b><\/h4>\n<ol>\n<li>A jegyek a t\u00fara befizet\u00e9s\u00e9t k\u00f6vet\u0151 nyugt\u00e1k. A fizet\u00e9st a telefonon tudod megjelen\u00edteni.<\/li>\n<li style=\"font-weight: 400;\"><span style=\"font-weight: 400;\">A tal\u00e1lkoz\u00e1si pontot a foglal\u00e1si folyamat ut\u00e1n veszik \u00e1t.<\/span><\/li>\n<li style=\"font-weight: 400;\"><span style=\"font-weight: 400;\">A gyermekeket feln\u0151tt k\u00eds\u00e9ret\u00e9ben kell biztos\u00edtani.<\/span><\/li>\n<li style=\"font-weight: 400;\"><span style=\"font-weight: 400;\"> Kerekessz\u00e9kkel nem megk\u00f6zel\u00edthet\u0151 <\/span><\/li>\n<li style=\"font-weight: 400;\"><span style=\"font-weight: 400;\">A csecsem\u0151knek \u00f6lben kell \u00fclni\u00fck <\/span><\/li>\n<li style=\"font-weight: 400;\"><span style=\"font-weight: 400;\">H\u00e1tprobl\u00e9m\u00e1kkal k\u00fczd\u0151 utaz\u00f3knak nem aj\u00e1nlott<\/span><\/li>\n<li style=\"font-weight: 400;\"><span style=\"font-weight: 400;\">Terhes utaz\u00f3knak nem aj\u00e1nlott <\/span><\/li>\n<li style=\"font-weight: 400;\"><span style=\"font-weight: 400;\"> Nincsenek sz\u00edvprobl\u00e9m\u00e1k vagy egy\u00e9b s\u00falyos eg\u00e9szs\u00e9g\u00fcgyi \u00e1llapotok <\/span><\/li>\n<li style=\"font-weight: 400;\"><span style=\"font-weight: 400;\">A legt\u00f6bb utaz\u00f3 r\u00e9szt vehet<\/span><\/li>\n<\/ol>\n<h4><b><i>Lemond\u00e1si felt\u00e9telek<\/i><\/b><\/h4>\n<p>A teljes visszat\u00e9r\u00edt\u00e9s\u00e9rt k\u00e9rj\u00fck, olvassa el lemond\u00e1si szab\u00e1lyzatunkat\u00a0<a href=\"https:\/\/www.ticketswhales.com\/online-booking\/\" target=\"_blank\" rel=\"noopener\" data-saferedirecturl=\"https:\/\/www.google.com\/url?q=https:\/\/www.ticketswhales.com\/online-booking\/&amp;source=gmail&amp;ust=1672532492004000&amp;usg=AOvVaw3ylqI1cdbIPTimEqEWneyd\">Kattints ide<\/a>. Az \u00f6sszeg elveszik, ha a foglal\u00e1st az utaz\u00e1s napj\u00e1n lemondj\u00e1k.<\/p>\n\n\t\t<\/div>\n\t<\/div>\n<\/div><\/div><\/div><\/div><div class=\"vc_row wpb_row vc_row-fluid\" ><div class=\"wpb_column vc_column_container vc_col-sm-12\"><div class=\"vc_column-inner\"><div class=\"wpb_wrapper\">\n\t<div class=\"wpb_video_widget wpb_content_element vc_clearfix   vc_video-aspect-ratio-169 vc_video-el-width-100 vc_video-align-left\" >\n\t\t<div class=\"wpb_wrapper\">\n\t\t\t<h2 class=\"wpb_heading wpb_video_heading\">Vide\u00f3t n\u00e9zni:<\/h2>\n\t\t\t<div class=\"wpb_video_wrapper\"><a href=\"https:\/\/vimeo.com\/263076708\" rel=\"noopener\">https:\/\/vimeo.com\/263076708<\/a><\/div>\n\t\t<\/div>\n\t<\/div>\n<\/div><\/div><\/div><\/div><div class=\"vc_row wpb_row vc_row-fluid\" ><div class=\"wpb_column vc_column_container vc_col-sm-12\"><div class=\"vc_column-inner\"><div class=\"wpb_wrapper\"><div class=\"vc_empty_space\"   style=\"height: 32px\"><span class=\"vc_empty_space_inner\"><\/span><\/div>\n\t<div class=\"wpb_text_column wpb_content_element\" >\n\t\t<div class=\"wpb_wrapper\">\n\t\t\t<h4>L\u00e9pjen kapcsolatba vel\u00fcnk?<\/h4>\n<h5>Kalandok foglal\u00e1sa<\/h5>\n<p><em><strong>Helyiek<\/strong>\u00a0\u00e9s\u00a0<strong>Nemzetiek<\/strong>\u00a0Idegenvezet\u0151k \u00e9s vend\u00e9gszolg\u00e1ltat\u00e1sok<\/em><\/p>\n<p><span class=\"text-turquoise\">Foglal\u00e1sok:<\/span>\u00a0T\u00far\u00e1k \u00e9s kir\u00e1ndul\u00e1sok Dom. Ism\u00e9tl\u00e9s.<\/p>\n<p><img decoding=\"async\" class=\"emoji\" draggable=\"false\" src=\"https:\/\/s.w.org\/images\/core\/emoji\/11.2.0\/svg\/1f4de.svg\" alt=\"\ud83d\udcde\" title=\"\">\u00a0Tel \/ Whatsapp\u00a0\u00a0<a href=\"tel:+1-809-720-6035\">+1-809-720-6035<\/a>.<\/p>\n<p><img decoding=\"async\" class=\"emoji\" draggable=\"false\" src=\"https:\/\/s.w.org\/images\/core\/emoji\/11.2.0\/svg\/1f4e9.svg\" alt=\"\ud83d\udce9\" title=\"\">\u00a0<a href=\"mailto:info@bookingadventures.com.do\">info@bookingadventures.com.do<\/a><\/p>\n<p><strong>Rugalmasan \u00e1ll\u00edtjuk be a Whatsapp priv\u00e1t t\u00far\u00e1it:\u00a0<a href=\"tel:+18097206035\">+18097206035.<\/a><\/strong><\/p>\n\n\t\t<\/div>\n\t<\/div>\n<div class=\"vc_empty_space\"   style=\"height: 32px\"><span class=\"vc_empty_space_inner\"><\/span><\/div><\/div><\/div><\/div><\/div><div class=\"vc_row wpb_row vc_row-fluid\" ><div class=\"wpb_column vc_column_container vc_col-sm-12\"><div class=\"vc_column-inner\"><div class=\"wpb_wrapper\"><div class=\"vc_btn3-container vc_btn3-inline\" ><a class=\"vc_general vc_btn3 vc_btn3-size-md vc_btn3-shape-rounded vc_btn3-style-modern vc_btn3-color-green\" href=\"https:\/\/bookingadventures.tours\/booking.php?tour_id=7e99c2fca5922e90ee3d1d2969786362\" title=\"\" rel=\"noopener\">FOGLALD LE MOST<\/a><\/div><\/div><\/div><\/div><\/div>\n<\/section>","protected":false},"excerpt":{"rendered":"<pre id=\"tw-target-text\" class=\"tw-data-text tw-text-large tw-ta\" dir=\"ltr\" data-placeholder=\"Translation\" data-ved=\"2ahUKEwiCmvnO05CCAxVehP0HHTI_C5cQ3ewLegQIChAQ\"><span class=\"Y2IQFc\" lang=\"en\">Kezdje \u00e9lm\u00e9nyeit Playa El Valle-ban, egy gy\u00f6ny\u00f6r\u0171 \u00e9s egyed\u00fcl\u00e1ll\u00f3 strandon Saman\u00e1 k\u00f6zel\u00e9ben. \u00c9lvezze a 25 perces haj\u00f3\u00fat a Playa Ermita\u00f1o-hoz, amely egy m\u00e9g felt\u00e1ratlan \u00e9s f\u00e9lrees\u0151 strand, t\u00fcrkizk\u00e9k v\u00edzzel. \u00c9lvezze a friss k\u00f3kuszvizet. Fedezze fel a Dominikai K\u00f6zt\u00e1rsas\u00e1g val\u00f3di, \u00e9rintetlen sz\u00e9ps\u00e9g\u00e9t, \u00e9s mer\u00fclj\u00f6n el a term\u00e9szetben, mik\u00f6zben felfedezi a k\u00f6zeli titkos barlangot. Maradjon Playa Ermita\u00f1\u00f3ban, ameddig csak akar, \u00e9s l\u00e1togassa meg Playa Ond\u00e1t, egy m\u00e1sik gy\u00f6ny\u00f6r\u0171 vad strandot, amely mind\u00f6ssze 15 percnyi haj\u00f3\u00fatra van. T\u00e9rjen vissza Playa El Valle-be, majd menjen tov\u00e1bb Saman\u00e1ba, ahol helyi h\u00e1zakat tekinthet meg, \u00e9s megismerheti a val\u00f3di dominikai \u00e9letet. Ez egy f\u00e9lnapos \u00e9lm\u00e9ny az igazi Saman\u00e1-r\u00f3l a Dominikai K\u00f6zt\u00e1rsas\u00e1gban.<\/span><\/pre>\n<p>&nbsp;<\/p>\n<p><i><b>Kattintson a FOGLAL\u00c1S MOST gombra az el\u00e9rhet\u0151s\u00e9g megtekint\u00e9s\u00e9hez\u00a0<\/b><\/i><\/p>","protected":false},"featured_media":17166,"template":"","meta":[],"product_brand":[],"product_cat":[160,655,456,170,255],"product_tag":[510,516,520,515,519,522,521,517,523,511,518,512,514,513,327,375,200,187],"class_list":{"0":"post-9686","1":"product","2":"type-product","3":"status-publish","4":"has-post-thumbnail","6":"product_cat-lunch","7":"product_cat-1-samana","8":"product_cat-day-trips","9":"product_cat-local-tour-guides","10":"product_cat-tours-excursions-samana-bay-dominican-republic","11":"product_tag-ermitano-beach-playa-ermitano-boat-tour-and-playa-onda-private-trip","12":"product_tag-ermitano-beach","13":"product_tag-ermitano-excursion","14":"product_tag-ermitano-samana","15":"product_tag-ermitano-tour","16":"product_tag-las-terrenas-excursions","17":"product_tag-las-terrenas-tours","18":"product_tag-onda-beach","19":"product_tag-playa-ermitano-and-playa-onda-private-boat-tour","20":"product_tag-playa-ermitano-tour","21":"product_tag-playa-honda-samana","22":"product_tag-playa-onda","23":"product_tag-playa-onda-location","24":"product_tag-playa-onda-samana-maps","25":"product_tag-private-tours-samana","26":"product_tag-samana-dominican-republic","27":"product_tag-samana-excursions","28":"product_tag-samana-tours","30":"first","31":"instock","32":"sale","33":"sold-individually","34":"shipping-taxable","35":"product-type-external"},"_links":{"self":[{"href":"https:\/\/ballenajorobada.com\/hu\/wp-json\/wp\/v2\/product\/9686","targetHints":{"allow":["GET"]}}],"collection":[{"href":"https:\/\/ballenajorobada.com\/hu\/wp-json\/wp\/v2\/product"}],"about":[{"href":"https:\/\/ballenajorobada.com\/hu\/wp-json\/wp\/v2\/types\/product"}],"wp:featuredmedia":[{"embeddable":true,"href":"https:\/\/ballenajorobada.com\/hu\/wp-json\/wp\/v2\/media\/17166"}],"wp:attachment":[{"href":"https:\/\/ballenajorobada.com\/hu\/wp-json\/wp\/v2\/media?parent=9686"}],"wp:term":[{"taxonomy":"product_brand","embeddable":true,"href":"https:\/\/ballenajorobada.com\/hu\/wp-json\/wp\/v2\/product_brand?post=9686"},{"taxonomy":"product_cat","embeddable":true,"href":"https:\/\/ballenajorobada.com\/hu\/wp-json\/wp\/v2\/product_cat?post=9686"},{"taxonomy":"product_tag","embeddable":true,"href":"https:\/\/ballenajorobada.com\/hu\/wp-json\/wp\/v2\/product_tag?post=9686"}],"curies":[{"name":"wp","href":"https:\/\/api.w.org\/{rel}","templated":true}]}}