{"id":9731,"date":"2019-11-07T08:01:34","date_gmt":"2019-11-07T08:01:34","guid":{"rendered":"https:\/\/www.ticketswhales.com\/?post_type=product&#038;p=9731"},"modified":"2025-02-02T17:14:42","modified_gmt":"2025-02-02T17:14:42","slug":"bahia-de-las-aguilas-beach-day-trip-by-boat-day-pass-snorkeling-lunch","status":"publish","type":"product","link":"https:\/\/ballenajorobada.com\/hu\/Tours-Excursions\/lunch\/bahia-de-las-aguilas-tengerparti-egynapos-kirandulas-hajoval-napijegy-snorkeling-ebed","title":{"rendered":"Bah\u00eda de las \u00c1guilas: Napos tengerparti kir\u00e1ndul\u00e1s haj\u00f3val \u2013 napijegy \u2013 sznorkelez\u00e9s \u00e9s eb\u00e9d"},"content":{"rendered":"<section class=\"wpb-content-wrapper\"><div class=\"vc_row wpb_row vc_row-fluid\" ><div class=\"wpb_column vc_column_container vc_col-sm-12\"><div class=\"vc_column-inner\"><div class=\"wpb_wrapper\"><div class=\"vc_btn3-container vc_btn3-inline\" ><button class=\"vc_general vc_btn3 vc_btn3-size-md vc_btn3-shape-rounded vc_btn3-style-modern vc_btn3-color-green\">FOGLALD LE MOST<\/button><\/div>\n\t<div class=\"wpb_text_column wpb_content_element\" >\n\t\t<div class=\"wpb_wrapper\">\n\t\t\t<div class=\"vc_row wpb_row vc_row-fluid\">\n<div class=\"wpb_column vc_column_container vc_col-sm-12\">\n<div class=\"vc_column-inner\">\n<div class=\"wpb_wrapper\">\n<div class=\"mkdf-section-title-holder\">\n<div class=\"mkdf-st-inner\">\n<h5 class=\"mkdf-st-subtitle\">Day Pass &#8211; Snorkeling &amp; Lunch<\/h5>\n<h3 class=\"mkdf-st-title\">Bah\u00eda de las Aguilas: Napos tengerparti kir\u00e1ndul\u00e1s haj\u00f3val<\/h3>\n<\/div>\n<\/div>\n<\/div>\n<\/div>\n<\/div>\n<\/div>\n<div class=\"vc_row wpb_row vc_row-fluid\">\n<div class=\"wpb_column vc_column_container vc_col-sm-12\">\n<div class=\"vc_column-inner\">\n<div class=\"wpb_wrapper\">\n<div class=\"wpb_text_column wpb_content_element\">\n<div class=\"wpb_wrapper\">\n<h4><b><i>\u00c1ttekint\u00e9s<\/i><\/b><\/h4>\n<p>T\u00f6lts\u00f6n el egy napot a tengerparton, \u00e9s hagyja, hogy a lelke \u00e1radjon, t\u00e1vol a turisztikai ter\u00fcletekt\u0151l \u00e9s a stresszt\u0151l. J\u00f6jj\u00f6n \u00e9s fedezze fel a Jaragua Nemzeti Parkot \u00e9s a Bahia de las \u00c1guilast. Vezessen v\u00e9gig egy gy\u00f6ny\u00f6r\u0171 \u00faton, ahonnan l\u00e9legzetel\u00e1ll\u00edt\u00f3 kil\u00e1t\u00e1s ny\u00edlik a kis kik\u00f6t\u0151re \u00e9s Cabo Rojo hal\u00e1szfalura. Las Cuevasban felsz\u00e1ll egy haj\u00f3ra, amely 15 perces \u00fatra viszi a vil\u00e1g egyik legszebb term\u00e9szetes strandj\u00e1ra. Bah\u00eda de las Aguilas homokja \u00e9rintetlen, az \u00f6b\u00f6l pedig 8 km-es. Tapasztalja meg a kiv\u00e9teles tengerparti t\u00e1jat, ahol a krist\u00e1lytiszta v\u00edz \u00e1rnyalatai t\u00fcrkizt\u0151l az op\u00e1lk\u00e9kig olvadnak a horizontba. Az eb\u00e9det a tengerparton szolg\u00e1lj\u00e1k fel, menjen \u00faszni vagy sznorkelezzen, \u00e9s fedezze fel ezt az \u00e9rintetlen term\u00e9szeti paradicsomot.<\/p>\n<p>&nbsp;<\/p>\n<ul>\n<li>Helyi idegenvezet\u0151 biztons\u00e1gi tapasztalattal a k\u00f6rny\u00e9ken.<\/li>\n<li>Egy\u00e9ni sz\u00e1ll\u00edt\u00e1s<\/li>\n<li>A d\u00edjak benne vannak<\/li>\n<li>Eb\u00e9d<\/li>\n<li>Helyi idegenvezet\u0151 spanyol, angol vagy francia nyelven.<\/li>\n<li>T\u00far\u00e1z\u00e1s<\/li>\n<li>B\u00fav\u00e1rkod\u00e1s<\/li>\n<\/ul>\n<h4><b>Befoglal\u00e1sok \u00e9s kiz\u00e1r\u00e1sok<\/b><\/h4>\n<p>&nbsp;<\/p>\n<p><b>Z\u00e1rv\u00e1nyok<\/b><\/p>\n<ol>\n<li>Helyi idegenvezet\u0151 biztons\u00e1gi tapasztalattal a k\u00f6rny\u00e9ken.<\/li>\n<li>Kiscsoportos egy\u00e9ni sz\u00e1ll\u00edt\u00e1s<\/li>\n<li>Minden ad\u00f3, d\u00edj \u00e9s kezel\u00e9si k\u00f6lts\u00e9g<\/li>\n<li>Helyi ad\u00f3k<\/li>\n<li>Eb\u00e9d<\/li>\n<li>T\u00far\u00e1z\u00e1s<\/li>\n<li>Term\u00e9szetes medenc\u00e9k<\/li>\n<li>B\u00fav\u00e1rkod\u00e1s<\/li>\n<li>Minden tev\u00e9kenys\u00e9g<\/li>\n<\/ol>\n<p><b>Kiz\u00e1r\u00e1sok<\/b><\/p>\n<ol>\n<li>h\u00e1lap\u00e9nz<\/li>\n<li>Minden ital<\/li>\n<\/ol>\n<h4><em><strong>Indul\u00e1s \u00e9s vissza\u00fat<\/strong><\/em><\/h4>\n<p>A Foglal\u00e1si folyamat ut\u00e1n az utaz\u00f3 tal\u00e1lkoz\u00e1si pontot kap. A t\u00far\u00e1k tal\u00e1lkoz\u00e1si pontjainkon indulnak \u00e9s fejez\u0151dnek be.<\/p>\n<h2 class=\"styles__heading___mD4_3\" data-radium=\"true\">Bah\u00eda de las Aguilas: Beach Day Trip by Boat -Day Pass \u2013 Snorkeling &amp; Lunch<\/h2>\n<h4><em>Mi v\u00e1rhat\u00f3?<\/em><\/h4>\n<p>Playa de las Aguilas was named after the indigenous eagle. It is famously known as the most beautiful beach of the entire country. The park climate is very arid and the vegetation mainly composed of cacti and other desert plants. The red dirt road that runs along the bay is comparable to an African savanna landscape.<br \/>\nDiscover this paradise for fishermen and lovers of white sand beaches and crystal-clear water. But first, travel to the village La Cueva, where local fishermen live inside caves.<\/p>\n<p>Is there anything missing from this picture perfect moment?<\/p>\n<p>A nyugodt tenger \u00e9s az enyhe sz\u00e9l meg\u00f3vja \u00d6nt att\u00f3l, hogy t\u00fals\u00e1gosan szenvedjen a napt\u00f3l \u00e9s a melegt\u0151l. Legyen felfedez\u0151 a napra, \u00e9s fedezze fel az \u00f6kol\u00f3giai, term\u00e9szetes \u00e9s teljesen \u00e9rintetlen paradicsomot. T\u00f6bb mint 130 mad\u00e1rfajt figyelhet\u00fcnk meg, amelyek k\u00f6z\u00fcl 76 \u00e1lland\u00f3an az \u00f6b\u00f6lben \u00e9l, 10 endemikus \u00e9s 47 v\u00e1ndorl\u00f3.<\/p>\n<p>08.00 \u2013 Departure from your hotel<br \/>\n09.30 \u2013 Short stop at the Laguna de Oviedo to enjoy the view from the viewing platform<br \/>\n11.00 \u2013 Departure by boat from the village La Cueva to the Bahia de las Aguilas<br \/>\n12.30 \u2013 Tipikus eb\u00e9d a tengerparton<br \/>\n03.00 \u2013 Visszat\u00e9r\u00e9s La Cuev\u00e1ba<br \/>\n06.00 \u2013 Arrival at your hotel<\/p>\n<h4><em><strong>Mit kell vinni?<\/strong><\/em><\/h4>\n<ul>\n<li>Kamera<\/li>\n<li>Riaszt\u00f3 bimb\u00f3k<\/li>\n<li>Naptej<\/li>\n<li>WC<\/li>\n<li>Kalap<\/li>\n<li>K\u00e9nyelmes nadr\u00e1g<\/li>\n<li>Erdei t\u00faracip\u0151<\/li>\n<li>Szand\u00e1lok a tavaszi ter\u00fcletekre.<\/li>\n<li>\u00dasz\u00f3ruha<\/li>\n<\/ul>\n<p>&nbsp;<\/p>\n<h4><b><i>Pickup Hotel<\/i><\/b><\/h4>\n<p>Hotel pick-up is offered for this tour. Pickup\/Transportation from your hotel (area of Barahona\/Paraiso\/Los Patos).<\/p>\n<p><b>Jegyzet:<\/b>\u00a0If you are booked within 24 hours of the tour\/Excursion departure time, we can arrange hotel pick-up. We just pick up in Samana area. Once your purchase is complete, we will send you complete contact information (phone number, email address, etc.) for our local Tour guide to organize pick-up arrangements.<\/p>\n<h4><b><i>Tov\u00e1bbi inform\u00e1ci\u00f3k meger\u0151s\u00edt\u00e9se<\/i><\/b><\/h4>\n<ol>\n<li>A jegyek a t\u00fara befizet\u00e9s\u00e9t k\u00f6vet\u0151 nyugt\u00e1k. A fizet\u00e9st a telefonon tudod megjelen\u00edteni.<\/li>\n<li>A tal\u00e1lkoz\u00e1si pontot a foglal\u00e1si folyamat ut\u00e1n veszik \u00e1t.<\/li>\n<li>A gyermekeket feln\u0151tt k\u00eds\u00e9ret\u00e9ben kell biztos\u00edtani.<\/li>\n<li>Kerekessz\u00e9kkel nem megk\u00f6zel\u00edthet\u0151<\/li>\n<li>A csecsem\u0151knek \u00f6lben kell \u00fclni\u00fck<\/li>\n<li>H\u00e1tprobl\u00e9m\u00e1kkal k\u00fczd\u0151 utaz\u00f3knak nem aj\u00e1nlott<\/li>\n<li>Terhes utaz\u00f3knak nem aj\u00e1nlott<\/li>\n<li>Nincsenek sz\u00edvprobl\u00e9m\u00e1k vagy egy\u00e9b s\u00falyos eg\u00e9szs\u00e9g\u00fcgyi \u00e1llapotok<\/li>\n<li>A legt\u00f6bb utaz\u00f3 r\u00e9szt vehet<\/li>\n<\/ol>\n<h4><b><i>Lemond\u00e1si felt\u00e9telek<\/i><\/b><\/h4>\n<p>A teljes visszat\u00e9r\u00edt\u00e9shez legal\u00e1bb 24 \u00f3r\u00e1val az \u00e9lm\u00e9ny kezdete el\u0151tt mondd le. Az \u00f6sszeg elveszik, ha a foglal\u00e1st az utaz\u00e1s napj\u00e1n lemondj\u00e1k.<\/p>\n<\/div>\n<\/div>\n<\/div>\n<\/div>\n<\/div>\n<\/div>\n\n\t\t<\/div>\n\t<\/div>\n<\/div><\/div><\/div><\/div><div class=\"wpb_column vc_column_container vc_col-sm-12\"><div class=\"vc_column-inner\"><div class=\"wpb_wrapper\"><\/div><\/div><\/div>\n<\/section>","protected":false},"excerpt":{"rendered":"<p>Buy a day ticket to Bahia las Aguilas from Barahona. Driving through Jaragua National Park and heading to Cabo Rojo, where a boat awaits you. After a 15-minute boat ride, you&#8217;ll arrive at the beautiful and secluded Bay of Eagles, considered the most beautiful beach in the country. Lunch will be served on the beach and you will have the opportunity to swim or just relax on the beach. Enjoy the pristine white sand of this 8 km long beach.<\/p>\n<p><strong>Select the day for this for this trip:\u00a0<\/strong><\/p>","protected":false},"featured_media":17182,"template":"","meta":[],"product_brand":[],"product_cat":[549,160],"product_tag":[557,554,555,563,560,556,564,559,553,567,566,561,565,558,562],"class_list":{"0":"post-9731","1":"product","2":"type-product","3":"status-publish","4":"has-post-thumbnail","6":"product_cat-bahia-de-las-aguilas-dominican-republic","7":"product_cat-lunch","8":"product_tag-bahia-de-las-aguilas","9":"product_tag-bahia-de-las-aguilas-pedernales","10":"product_tag-bahia-de-las-aguilas-beach-tour","11":"product_tag-bahia-de-las-aguilas-hoteles","12":"product_tag-bahia-de-las-aguilas-map","13":"product_tag-bahia-de-las-aguilas-private-tour","14":"product_tag-bahia-de-las-aguilas-republica-dominicana-hotel","15":"product_tag-bahia-de-las-aguilas-tour-from-punta-cana","16":"product_tag-bahia-de-las-aguilas-beach-day-trip-by-boat","17":"product_tag-bahia-las-aguilas-tours","18":"product_tag-barahona-tours","19":"product_tag-closest-airport-to-bahia-de-las-aguilas","20":"product_tag-hotel-barahona","21":"product_tag-playa-bahia-de-las-aguilas-dominican-republic","22":"product_tag-tours-a-bahia-de-las-aguilas-desde-santo-domingo","24":"first","25":"instock","26":"sale","27":"shipping-taxable","28":"product-type-external"},"_links":{"self":[{"href":"https:\/\/ballenajorobada.com\/hu\/wp-json\/wp\/v2\/product\/9731","targetHints":{"allow":["GET"]}}],"collection":[{"href":"https:\/\/ballenajorobada.com\/hu\/wp-json\/wp\/v2\/product"}],"about":[{"href":"https:\/\/ballenajorobada.com\/hu\/wp-json\/wp\/v2\/types\/product"}],"wp:featuredmedia":[{"embeddable":true,"href":"https:\/\/ballenajorobada.com\/hu\/wp-json\/wp\/v2\/media\/17182"}],"wp:attachment":[{"href":"https:\/\/ballenajorobada.com\/hu\/wp-json\/wp\/v2\/media?parent=9731"}],"wp:term":[{"taxonomy":"product_brand","embeddable":true,"href":"https:\/\/ballenajorobada.com\/hu\/wp-json\/wp\/v2\/product_brand?post=9731"},{"taxonomy":"product_cat","embeddable":true,"href":"https:\/\/ballenajorobada.com\/hu\/wp-json\/wp\/v2\/product_cat?post=9731"},{"taxonomy":"product_tag","embeddable":true,"href":"https:\/\/ballenajorobada.com\/hu\/wp-json\/wp\/v2\/product_tag?post=9731"}],"curies":[{"name":"wp","href":"https:\/\/api.w.org\/{rel}","templated":true}]}}