{"id":9919,"date":"2020-03-29T08:08:03","date_gmt":"2020-03-29T08:08:03","guid":{"rendered":"https:\/\/www.ticketswhales.com\/Tours-Excursions\/uncategorized\/import-placeholder-for-9972\/"},"modified":"2025-02-02T17:15:45","modified_gmt":"2025-02-02T17:15:45","slug":"los-haitises-national-park-tour-from-las-terrenas-samana-half-day-trip-lunch-at-cano-hondo","status":"publish","type":"product","link":"https:\/\/ballenajorobada.com\/hu\/Tours-Excursions\/tours-and-excursions\/los-haitises-nemzeti-park-tura-las-terrenas-samana-felnapos-kirandulas-ebed-cano-hondoban","title":{"rendered":"Los Haitises Nemzeti Park t\u00fara Las Terrenasb\u00f3l, Saman\u00e1b\u00f3l. F\u00e9lnapos kir\u00e1ndul\u00e1s. Eb\u00e9d a Ca\u00f1o Hond\u00f3ban."},"content":{"rendered":"<section class=\"wpb-content-wrapper\"><div class=\"vc_row wpb_row vc_row-fluid\" ><div class=\"wpb_column vc_column_container vc_col-sm-12\"><div class=\"vc_column-inner\"><div class=\"wpb_wrapper\"><div class=\"vc_btn3-container vc_btn3-inline\" ><button class=\"vc_general vc_btn3 vc_btn3-size-md vc_btn3-shape-rounded vc_btn3-style-modern vc_btn3-color-green\">FOGLALD LE MOST<\/button><\/div><div class=\"mkdf-section-title-holder\" style=\"text-align: left\">\n\t<div class=\"mkdf-st-inner\">\n\t\t\t\t\t<h5 class=\"mkdf-st-subtitle\" >\n\t\t\t\tA sz\u00e1ll\u00edt\u00e1st \u00e9s az eb\u00e9det tartalmazza\t\t\t<\/h5>\n\t\t\t\t\t\t\t<h3 class=\"mkdf-st-title\" >\n\t\t\t\tLos Haitises Nemzeti Park t\u00fara Las Terrenas de Saman\u00e1b\u00f3l. F\u00e9lnapos kir\u00e1ndul\u00e1s.\t\t\t<\/h3>\n\t\t\t\t\t<\/div>\n<\/div>\n\t<div class=\"wpb_text_column wpb_content_element\" >\n\t\t<div class=\"wpb_wrapper\">\n\t\t\t<h3>Los Haitises Nemzeti Park t\u00fara Las Terrenas de Saman\u00e1b\u00f3l. F\u00e9lnapos kir\u00e1ndul\u00e1s.<\/h3>\n<h4><b><i>\u00c1ttekint\u00e9s<\/i><\/b><\/h4>\n<p>Los Haitises Nemzeti Park t\u00fara Las Terrenas de Saman\u00e1b\u00f3l. F\u00e9lnapos kir\u00e1ndul\u00e1s. A Samana v\u00e1ros\u00e1ban tal\u00e1lhat\u00f3 Las Terrenas sz\u00e1llod\u00e1t\u00f3l kezdve. Elutazunk Sanchez k\u00f6z\u00f6ss\u00e9gbe, ahol a cs\u00f3nak \u00e1tkel a Samana-\u00f6b\u00f6l\u00f6n. Rio Naranjo l\u00e1togat\u00e1sa, a hal\u00e1szk\u00f6z\u00f6ss\u00e9g \u00e1thalad\u00e1sa a Los Haitises Nemzeti Parkba, a 3 barlangba, a Boca Tiburon barlangba, a Birding Key-szigetre \u00e9s a Saman\u00e1-\u00f6b\u00f6lben tal\u00e1lhat\u00f3 mangrove-f\u00e1kba.<\/p>\n<p>Ezen \u00e9lm\u00e9ny ut\u00e1n visszajut a Las Terrenas k\u00f6z\u00f6ss\u00e9gbe, ahonnan felvesz\u00fcnk.<\/p>\n<ul>\n<li>A d\u00edjak benne vannak<\/li>\n<li>Eb\u00e9d<\/li>\n<li>Snackek<\/li>\n<li>Helyi idegenvezet\u0151 angol vagy francia nyelven<\/li>\n<li>Sz\u00e1ll\u00edt\u00e1s<\/li>\n<li>Haj\u00f3kir\u00e1ndul\u00e1s<\/li>\n<\/ul>\n<p>&nbsp;<\/p>\n<h4><b>Befoglal\u00e1sok \u00e9s kiz\u00e1r\u00e1sok<\/b><\/h4>\n<p>&nbsp;<\/p>\n<p><b>Z\u00e1rv\u00e1nyok<\/b><\/p>\n<ol>\n<li>Los Haitises t\u00fara + barlangok \u00e9s piktogramok<\/li>\n<li>Eb\u00e9d<\/li>\n<li>Minden ad\u00f3, d\u00edj \u00e9s kezel\u00e9si k\u00f6lts\u00e9g<\/li>\n<li>Helyi ad\u00f3k<\/li>\n<li>Italok<\/li>\n<li>Snackek<\/li>\n<li>Minden tev\u00e9kenys\u00e9g<\/li>\n<li>Helyi idegenvezet\u0151<\/li>\n<\/ol>\n<p><b>Kiz\u00e1r\u00e1sok<\/b><\/p>\n<ol>\n<li>h\u00e1lap\u00e9nz<\/li>\n<li>Alkoholos italok<\/li>\n<\/ol>\n<p>&nbsp;<\/p>\n<h4><em><strong>Indul\u00e1s \u00e9s vissza\u00fat<\/strong><\/em><\/h4>\n<p>A Foglal\u00e1si folyamat ut\u00e1n az utaz\u00f3 tal\u00e1lkoz\u00e1si pontot kap. A t\u00far\u00e1k tal\u00e1lkoz\u00e1si pontjainkon indulnak \u00e9s fejez\u0151dnek be.<\/p>\n<p>&nbsp;<\/p>\n<h4><\/h4>\n<h4><\/h4>\n<h4><\/h4>\n<h4><\/h4>\n<h3>Los Haitises Nemzeti Park Las Terrenasb\u00f3l<\/h3>\n<h4><b><i>Mi v\u00e1rhat\u00f3?<\/i><\/b><\/h4>\n<p><em><strong>Vedd meg a jegyeidet<\/strong><\/em>\u00a0a Los Haitises Nemzeti Park megl\u00e1togat\u00e1s\u00e1hoz Las Terrenas de Saman\u00e1b\u00f3l. F\u00e9lnapos kir\u00e1ndul\u00e1s. Las Terrenasb\u00f3l (Saman\u00e1b\u00f3l) kik\u00f6t\u0151be val\u00f3 sz\u00e1ll\u00edt\u00e1ssal egy haj\u00f3 fed\u00e9lzet\u00e9re helyi idegenvezet\u0151vel, \u00e1thaladunk a Saman\u00e1-\u00f6b\u00f6lbe Los Haitisesbe, Sabana de la Mar oldal\u00e1ba, hogy megl\u00e1togassuk a Dominikai K\u00f6zt\u00e1rsas\u00e1g egyik legszebb nemzeti parkj\u00e1t.\u00a0<strong>Los<em>\u00a0Haitises Nemzeti Park<\/em>.<\/strong><\/p>\n<p>A \u201eBooking Adventures\u201d \u00e1ltal szervezett t\u00fara az idegenvezet\u0151vel megjel\u00f6lt tal\u00e1lkoz\u00e1si pontt\u00f3l indul. J\u00f6jj\u00f6n el a Booking Adventures programmal, \u00e9s kezdjen el felfedezni n\u00e9h\u00e1ny madarakkal teli mangrove-t, a buja n\u00f6v\u00e9nyzettel teli dombokat \u00e9s a barlangokat\u00a0<em><strong>Los Haitises Nemzeti Park<\/strong><\/em>A sziget l\u00e1togat\u00e1sa madarakkal. A f\u00e9szkel\u0151 id\u0151szakban m\u00e9g a Pelik\u00e1n fi\u00f3k\u00e1kat is l\u00e1thatjuk a f\u00e9szkeken. L\u00e1togassa meg a szikl\u00e1s szigetet, \u00e9s l\u00e1togassa meg a barlangokat az \u0151slakosok piktogramjaival \u00e9s petrogr\u00e1fi\u00e1j\u00e1val.<\/p>\n<p>A Mangrove-on \u00e9s a Landon kereszt\u00fcl a ny\u00edlt San Lorenzo-\u00f6b\u00f6lben, Sabana de la Marban, ahonnan fot\u00f3zhatja a zord erdei t\u00e1jat. N\u00e9zzen a v\u00edzre, hogy \u00e9szrevegye\u00a0<em><strong>Lamantinok<\/strong><\/em>, r\u00e1kf\u00e9l\u00e9k \u00e9s\u00a0<em><strong>delfinek.<\/strong><\/em><\/p>\n<div class=\"body-description secondary\">\n<p>A nemzeti park neve eredeti lak\u00f3ir\u00f3l, a taino indi\u00e1nokr\u00f3l sz\u00e1rmazik. Nyelv\u00fck\u00f6n a \u201ehaitisek\u201d felf\u00f6ldet vagy dombokat jelentenek, utalva a partvonal meredek geol\u00f3giai k\u00e9pz\u0151dm\u00e9nyeire, m\u00e9szk\u00f6vekkel. Menjen m\u00e9lyebbre a parkban, \u00e9s fedezze fel a barlangokat, p\u00e9ld\u00e1ul a\u00a0<em><strong>Cueva de la Arena,\u00a0<\/strong><\/em>\u00e9s\u00a0<strong><em>Cueva de la L\u00ednea.<\/em><\/strong><\/p>\n<p>Ezeket a rezerv\u00e1tumban l\u00e9v\u0151 barlangokat a taino indi\u00e1nok, majd k\u00e9s\u0151bb a kal\u00f3zok rejt\u0151zk\u00f6d\u0151k\u00e9nt haszn\u00e1lt\u00e1k. Keresse az indi\u00e1nok rajzait, amelyek d\u00edsz\u00edtik n\u00e9h\u00e1ny falat. A Los Haitises Nemzeti Park megl\u00e1togat\u00e1sa ut\u00e1n visszamegy\u00fcnk Sanchezbe, Saman\u00e1ba.<\/p>\n<p>A Saman\u00e1-\u00f6b\u00f6l elhalad\u00e1sa 30 perc. Egy tipikus eb\u00e9d\u00fcnk lesz, ha veg\u00e1n vagy, ne agg\u00f3dj, van ennival\u00f3nk is!<\/p>\n<p>Eb\u00e9d ut\u00e1n vissza\u00e9r\u00fcnk Las Terrenasba!!<\/p>\n<\/div>\n<p>Abban az esetben, ha hosszabb vagy r\u00f6videbb utaz\u00e1st szeretne, a k\u00f6vetkez\u0151 lehet\u0151s\u00e9gek \u00e1llnak rendelkez\u00e9s\u00e9re:<\/p>\n<ol>\n<li><a href=\"https:\/\/www.ticketswhales.com\/tour\/the-haitises-national-park-tour-from-samana-port\/\" target=\"_blank\" rel=\"noopener\">Csak Los Haitises Saman\u00e1 kik\u00f6t\u0151j\u00e9b\u0151l.<\/a><\/li>\n<li><a href=\"https:\/\/www.ticketswhales.com\/tour\/los-haitises-national-park-lunch-at-cano-hondo-from-samana-port\/\" target=\"_blank\" rel=\"noopener\">Los Haitises + Ca\u00f1o Hondo a Saman\u00e1 kik\u00f6t\u0151b\u0151l.<\/a><\/li>\n<\/ol>\n<p>&nbsp;<\/p>\n<h4><em><strong>Mit kell vinni?<\/strong><\/em><\/h4>\n<ul>\n<li>Kamera<\/li>\n<li>Riaszt\u00f3 bimb\u00f3k<\/li>\n<li>Naptej<\/li>\n<li>Kalap<\/li>\n<li>K\u00e9nyelmes nadr\u00e1g<\/li>\n<li>Erdei t\u00faracip\u0151<\/li>\n<li>Szand\u00e1lok a tavaszi ter\u00fcletekre.<\/li>\n<li>\u00dasz\u00f3ruha<\/li>\n<\/ul>\n<p>&nbsp;<\/p>\n<h4><b><i>Sz\u00e1llodai \u00e1tv\u00e9tel<\/i><\/b><\/h4>\n<p>Ezen a t\u00far\u00e1n nem k\u00edn\u00e1lnak transzfert a sz\u00e1llod\u00e1b\u00f3l.<\/p>\n<p>&nbsp;<\/p>\n<p><b>Jegyzet:<\/b>\u00a0Ha a t\u00fara\/kir\u00e1ndul\u00e1s indul\u00e1si id\u0151pontj\u00e1t\u00f3l sz\u00e1m\u00edtott 24 \u00f3r\u00e1n bel\u00fcl foglal, fel\u00e1r ellen\u00e9ben meg tudjuk szervezni a sz\u00e1llodai \u00e1tv\u00e9telt. Amint a v\u00e1s\u00e1rl\u00e1s befejez\u0151d\u00f6tt, elk\u00fcldj\u00fck \u00d6nnek a helyi idegenvezet\u0151nk teljes el\u00e9rhet\u0151s\u00e9gi adatait (telefonsz\u00e1m, e-mail c\u00edm stb.), hogy megszervezhess\u00fck az \u00e1tv\u00e9tel megszervez\u00e9s\u00e9t.<\/p>\n<h4><b><i>Tov\u00e1bbi inform\u00e1ci\u00f3k meger\u0151s\u00edt\u00e9se<\/i><\/b><\/h4>\n<ol>\n<li>A jegyek a t\u00fara befizet\u00e9s\u00e9t k\u00f6vet\u0151 nyugt\u00e1k. A fizet\u00e9st a telefonon tudod megjelen\u00edteni.<\/li>\n<li>A tal\u00e1lkoz\u00e1si pontot a foglal\u00e1si folyamat ut\u00e1n veszik \u00e1t.<\/li>\n<li>A gyermekeket feln\u0151tt k\u00eds\u00e9ret\u00e9ben kell biztos\u00edtani.<\/li>\n<li>Kerekessz\u00e9kkel nem megk\u00f6zel\u00edthet\u0151<\/li>\n<li>A csecsem\u0151knek \u00f6lben kell \u00fclni\u00fck<\/li>\n<li>H\u00e1tprobl\u00e9m\u00e1kkal k\u00fczd\u0151 utaz\u00f3knak nem aj\u00e1nlott<\/li>\n<li>Terhes utaz\u00f3knak nem aj\u00e1nlott<\/li>\n<li>Nincsenek sz\u00edvprobl\u00e9m\u00e1k vagy egy\u00e9b s\u00falyos eg\u00e9szs\u00e9g\u00fcgyi \u00e1llapotok<\/li>\n<li>A legt\u00f6bb utaz\u00f3 r\u00e9szt vehet<\/li>\n<\/ol>\n<h4><b><i>Lemond\u00e1si felt\u00e9telek<\/i><\/b><\/h4>\n<p>A teljes visszat\u00e9r\u00edt\u00e9shez legal\u00e1bb 24 \u00f3r\u00e1val az \u00e9lm\u00e9ny kezdete el\u0151tt mondd le. Az \u00f6sszeg elveszik, ha a foglal\u00e1st az utaz\u00e1s napj\u00e1n lemondj\u00e1k.<\/p>\n\n\t\t<\/div>\n\t<\/div>\n<div class=\"vc_empty_space\"   style=\"height: 32px\"><span class=\"vc_empty_space_inner\"><\/span><\/div>\n\t<div class=\"wpb_video_widget wpb_content_element vc_clearfix   vc_video-aspect-ratio-169 vc_video-el-width-100 vc_video-align-left\" >\n\t\t<div class=\"wpb_wrapper\">\n\t\t\t<h2 class=\"wpb_heading wpb_video_heading\">Los Haitises Las Terrenasb\u00f3l<\/h2>\n\t\t\t<div class=\"wpb_video_wrapper\"><iframe loading=\"lazy\" title=\"Los Haitises Nemzeti Park, t\u00far\u00e1k \u00e9s kir\u00e1ndul\u00e1sok Saman\u00e1b\u00f3l vagy Sabana de la Marb\u00f3l. Foglaljon itt:\" src=\"https:\/\/player.vimeo.com\/video\/346508015?dnt=1&amp;app_id=122963\" width=\"1100\" height=\"619\" frameborder=\"0\" allow=\"autoplay; fullscreen; picture-in-picture; clipboard-write; encrypted-media\"><\/iframe><\/div>\n\t\t<\/div>\n\t<\/div>\n<div class=\"vc_empty_space\"   style=\"height: 32px\"><span class=\"vc_empty_space_inner\"><\/span><\/div><\/div><\/div><\/div><\/div><div class=\"wpb_column vc_column_container vc_col-sm-12\"><div class=\"vc_column-inner\"><div class=\"wpb_wrapper\"><\/div><\/div><\/div><div class=\"wpb_column vc_column_container vc_col-sm-12\"><div class=\"vc_column-inner\"><div class=\"wpb_wrapper\"><\/div><\/div><\/div><div class=\"wpb_column vc_column_container vc_col-sm-12\"><div class=\"vc_column-inner\"><div class=\"wpb_wrapper\"><\/div><\/div><\/div>\n<\/section>","protected":false},"excerpt":{"rendered":"<p>Ez a Las Terrenasb\u00f3l a Los Haitises Nemzeti Parkba vezet\u0151 kir\u00e1ndul\u00e1s mag\u00e1ban foglalja az eb\u00e9det \u00e9s a transzfert a 3 f\u0151 barlang megl\u00e1togat\u00e1s\u00e1hoz, 2 k\u00fcl\u00f6nb\u00f6z\u0151 mangrove felfedez\u00e9s\u00e9t \u00e9s term\u00e9szetesen hal\u00e1szmadarak megfigyel\u00e9s\u00e9t.<\/p>\n<p><span style=\"vertical-align: inherit;\"><span style=\"vertical-align: inherit;\">Viaje \u00f6kol\u00f3giai a Parque Nacional Los Haitises helyi turizmussal. <\/span><span style=\"vertical-align: inherit;\">Visitando los Cayos en el Parque Nacional Los Haitises, Manglares, Vegetaci\u00f3n, Observaci\u00f3n de aves, Cuevas, Pictogramas y las Areas Hist\u00f3ricas de Sabana de la Mar en el Parque Nacional Los Haitises.<\/span><\/span><\/p>\n<p>&nbsp;<\/p>\n<p><strong><span style=\"vertical-align: inherit;\"><span style=\"vertical-align: inherit;\">Selectione la fecha para el Tour:\u00a0<\/span><\/span><\/strong><\/p>","protected":false},"featured_media":16780,"template":"","meta":[],"product_brand":[],"product_cat":[255,655,928,933,253],"product_tag":[684,268,267,685,521,171,209,212,269],"class_list":{"0":"post-9919","1":"product","2":"type-product","3":"status-publish","4":"has-post-thumbnail","6":"product_cat-tours-excursions-samana-bay-dominican-republic","7":"product_cat-1-samana","8":"product_cat-boat-trip-los-haitises","9":"product_cat-natural-pools-los-haitises","10":"product_cat-tours-and-excursions","11":"product_tag-cano-hondo-lunch","12":"product_tag-caves-los-haitises","13":"product_tag-las-terrenas","14":"product_tag-las-terrenas-los-haitises","15":"product_tag-las-terrenas-tours","16":"product_tag-los-haitises","17":"product_tag-los-haitises-national-park","18":"product_tag-mangroves-los-haitises","19":"product_tag-transportation-los-haitises","21":"first","22":"instock","23":"sale","24":"sold-individually","25":"shipping-taxable","26":"product-type-external"},"_links":{"self":[{"href":"https:\/\/ballenajorobada.com\/hu\/wp-json\/wp\/v2\/product\/9919","targetHints":{"allow":["GET"]}}],"collection":[{"href":"https:\/\/ballenajorobada.com\/hu\/wp-json\/wp\/v2\/product"}],"about":[{"href":"https:\/\/ballenajorobada.com\/hu\/wp-json\/wp\/v2\/types\/product"}],"wp:featuredmedia":[{"embeddable":true,"href":"https:\/\/ballenajorobada.com\/hu\/wp-json\/wp\/v2\/media\/16780"}],"wp:attachment":[{"href":"https:\/\/ballenajorobada.com\/hu\/wp-json\/wp\/v2\/media?parent=9919"}],"wp:term":[{"taxonomy":"product_brand","embeddable":true,"href":"https:\/\/ballenajorobada.com\/hu\/wp-json\/wp\/v2\/product_brand?post=9919"},{"taxonomy":"product_cat","embeddable":true,"href":"https:\/\/ballenajorobada.com\/hu\/wp-json\/wp\/v2\/product_cat?post=9919"},{"taxonomy":"product_tag","embeddable":true,"href":"https:\/\/ballenajorobada.com\/hu\/wp-json\/wp\/v2\/product_tag?post=9919"}],"curies":[{"name":"wp","href":"https:\/\/api.w.org\/{rel}","templated":true}]}}