{"id":8982,"date":"2019-07-06T07:12:23","date_gmt":"2019-07-06T07:12:23","guid":{"rendered":"https:\/\/www.ticketswhales.com\/?post_type=product&#038;p=8982"},"modified":"2025-02-02T17:06:14","modified_gmt":"2025-02-02T17:06:14","slug":"saona-island-tour-from-punta-cana-natural-pool-excursion","status":"publish","type":"product","link":"https:\/\/ballenajorobada.com\/it\/Tours-Excursions\/tours-and-excursions\/tour-dellisola-di-saona-da-punta-cana-escursione-alla-piscina-naturale","title":{"rendered":"Tour dell&#039;Isola di Saona da Punta Cana \u2013 Escursione alla Piscina Naturale"},"content":{"rendered":"<section class=\"wpb-content-wrapper\"><div class=\"vc_row wpb_row vc_row-fluid\" ><div class=\"wpb_column vc_column_container vc_col-sm-12\"><div class=\"vc_column-inner\"><div class=\"wpb_wrapper\">\n\t<div class=\"wpb_text_column wpb_content_element\" >\n\t\t<div class=\"wpb_wrapper\">\n\t\t\t<p><span style=\"vertical-align: inherit;\"><span style=\"vertical-align: inherit;\"><\/p>\n\n\t\t<\/div>\n\t<\/div>\n<\/div><\/div><\/div><\/div><div class=\"vc_row wpb_row vc_row-fluid\" ><div class=\"wpb_column vc_column_container vc_col-sm-12\"><div class=\"vc_column-inner\"><div class=\"wpb_wrapper\"><\/div><\/div><\/div><div class=\"mkdf-section-title-holder\" style=\"text-align: left\">\n\t<div class=\"mkdf-st-inner\">\n\t\t\t\t\t<h5 class=\"mkdf-st-subtitle\" >\n\t\t\t\tDagli hotel di Punta Cana\t\t\t<\/h5>\n\t\t\t\t\t\t\t<h3 class=\"mkdf-st-title\" >\n\t\t\t\tTour a la isla Saona desde Punta Cana - Escursione alla piscina naturale\t\t\t<\/h3>\n\t\t\t\t\t\t\t<p class=\"mkdf-st-text\" >\n\t\t\t\tNota: Este recorrido comienza alle 7:00 am Dependiendo de d\u00f3nde se encuentre el hotel de recogida La hora puede changer. El costo adicional de la recogida en \u00e1reas que no figuran en Nuestra descripci\u00f3n.\t\t\t<\/p>\n\t\t\t<\/div>\n<\/div><div class=\"vc_row wpb_row vc_row-fluid\" ><\/div><\/div>[\/vc_row]<div class=\"wpb_column vc_column_container vc_col-sm-12\"><div class=\"vc_column-inner\"><div class=\"wpb_wrapper\"><div class=\"vc_btn3-container vc_btn3-inline\" ><button class=\"vc_general vc_btn3 vc_btn3-size-md vc_btn3-shape-rounded vc_btn3-style-modern vc_btn3-color-green\">PRENOTA ORA<\/button><\/div><\/div><\/div><\/div><div class=\"vc_row wpb_row vc_row-fluid\" ><\/div><div class=\"wpb_column vc_column_container vc_col-sm-12\"><div class=\"vc_column-inner\"><div class=\"wpb_wrapper\"><\/div><\/div><\/div>\n\t<div class=\"wpb_text_column wpb_content_element\" >\n\t\t<div class=\"wpb_wrapper\">\n\t\t\t<p>\u00a0<\/span><\/span><\/p>\n<h4><b><i><span style=\"vertical-align: inherit;\"><span style=\"vertical-align: inherit;\">Visione generale <\/span><\/span><\/i><\/b><\/h4>\n<div>\n<div>\n<div><span style=\"vertical-align: inherit;\"><span style=\"vertical-align: inherit;\">Questa escursione ti porta alle spiagge dell&#039;isola di Saona da Punta Cana in autobus alla comunit\u00e0 di Bayahibe, pernottamento sull&#039;isola e passeggiate nelle piscine naturali di Saona. <\/span><span style=\"vertical-align: inherit;\">Godendo della bellissima costa del sureste de la Rep\u00fablica Dominicana, dove dopo aver tomar il bote \u201cCatamar\u00e1n\u201d navigher\u00e0 per la costa osservando las diferentes playas, paisajes, maglares y formaciones calizas.<\/span><\/span><\/div>\n<div><\/div>\n<\/div>\n<\/div>\n<div>\n<div>\n<div><span style=\"vertical-align: inherit;\"><span style=\"vertical-align: inherit;\">Arrivare all&#039;isola toma intorno a 45 minuti e durante il ritorno hai la possibilit\u00e0 di vedere Mano Juan, l&#039;unica comunit\u00e0 stabile sull&#039;isola, in questo stesso luogo hai la possibilit\u00e0 di alloggiare, nel caso in cui non vieni a Mano Juan, visiterai le spiagge uniche dell&#039;area e l&#039;almuerzo sar\u00e0 nella spiaggia, avrai anche l&#039;opportunit\u00e0 di fare snorkeling sull&#039;isola.<\/span><\/span><\/div>\n<\/div>\n<\/div>\n<div>\n<div>\n<div><span style=\"vertical-align: inherit;\"><span style=\"vertical-align: inherit;\">Sul tuo cammino di ritorno c&#039;\u00e8 l&#039;ultima parata in piscine naturali o tra i maestosi luoghi dell&#039;Isola di Saona che potrai goderti un&#039;ora prima di tornare nella comunit\u00e0 di Bayahibe.<\/span><\/span><\/div>\n<\/div>\n<\/div>\n<ul>\n<li style=\"font-weight: 400;\"><span style=\"font-weight: 400;\"><span style=\"vertical-align: inherit;\"><span style=\"vertical-align: inherit;\">Buffet di prima colazione incluso nella spiaggia.<\/span><\/span><\/span><\/li>\n<li><span style=\"vertical-align: inherit;\"><span style=\"vertical-align: inherit;\">Tour in autobus da Punta Cana<\/span><\/span><\/li>\n<li><span style=\"vertical-align: inherit;\"><span style=\"vertical-align: inherit;\">Piscina naturale<\/span><\/span><\/li>\n<li><span style=\"vertical-align: inherit;\"><span style=\"vertical-align: inherit;\">Traslado in barca o in catamarano<\/span><\/span><\/li>\n<li style=\"font-weight: 400;\"><span style=\"font-weight: 400;\"><span style=\"vertical-align: inherit;\"><span style=\"vertical-align: inherit;\">Il Capitano fornisce istruzioni e supervisione.<\/span><\/span><\/span><\/li>\n<\/ul>\n<p>&nbsp;<\/p>\n<h4><b><span style=\"vertical-align: inherit;\"><span style=\"vertical-align: inherit;\">Inclusioni ed esclusioni<\/span><\/span><\/b><\/h4>\n<p>&nbsp;<\/p>\n<p><b><span style=\"vertical-align: inherit;\"><span style=\"vertical-align: inherit;\">Inclusioni<\/span><\/span><\/b><\/p>\n<ol>\n<li><span style=\"vertical-align: inherit;\"><span style=\"vertical-align: inherit;\">Paseo in barca o in catamarano<\/span><\/span><\/li>\n<li style=\"font-weight: 400;\"><span style=\"font-weight: 400;\"><span style=\"vertical-align: inherit;\"><span style=\"vertical-align: inherit;\">Buffet di Almuerzo sulla spiaggia.<\/span><\/span><\/span><\/li>\n<li><span style=\"vertical-align: inherit;\"><span style=\"vertical-align: inherit;\">Piscina naturale<\/span><\/span><\/li>\n<li style=\"font-weight: 400;\"><span style=\"font-weight: 400;\"><span style=\"vertical-align: inherit;\"><span style=\"vertical-align: inherit;\">Todos los impuestos, tarifas y cargos por manejo.<\/span><\/span><\/span><\/li>\n<li style=\"font-weight: 400;\"><span style=\"font-weight: 400;\"><span style=\"vertical-align: inherit;\"><span style=\"vertical-align: inherit;\">Impuestos localis<\/span><\/span><\/span><\/li>\n<li style=\"font-weight: 400;\"><span style=\"font-weight: 400;\"><span style=\"vertical-align: inherit;\"><span style=\"vertical-align: inherit;\">Bebidas<\/span><\/span><\/span><\/li>\n<\/ol>\n<p><b><span style=\"vertical-align: inherit;\"><span style=\"vertical-align: inherit;\"> Esclusioni<\/span><\/span><\/b><\/p>\n<ol>\n<li style=\"font-weight: 400;\"><span style=\"font-weight: 400;\"><span style=\"vertical-align: inherit;\"><span style=\"vertical-align: inherit;\">Propina<\/span><\/span><\/span><\/li>\n<li style=\"font-weight: 400;\"><span style=\"font-weight: 400;\"><span style=\"vertical-align: inherit;\"><span style=\"vertical-align: inherit;\">Macchina di trasferimento<\/span><\/span><\/span><\/li>\n<li><span style=\"vertical-align: inherit;\"><span style=\"vertical-align: inherit;\">Guida locale<\/span><\/span><\/li>\n<\/ol>\n<p>&nbsp;<\/p>\n<h4><em><strong><span style=\"vertical-align: inherit;\"><span style=\"vertical-align: inherit;\">Salida y Regreso<\/span><\/span><\/strong><\/em><\/h4>\n<p><span style=\"font-weight: 400;\"><span style=\"vertical-align: inherit;\"><span style=\"vertical-align: inherit;\">Il viaggiatore otterr\u00e0 un punto di incontro dopo la procedura di prenotazione. <\/span><span style=\"vertical-align: inherit;\">I tour iniziano e terminano nei nostri punti di incontro.<\/span><\/span><\/span><\/p>\n<p>&nbsp;<\/p>\n<h4><b><i><span style=\"vertical-align: inherit;\"><span style=\"vertical-align: inherit;\">\u00bfQue esperar?<\/span><\/span><\/i><\/b><\/h4>\n<p>&nbsp;<\/p>\n<p><em><strong><span style=\"vertical-align: inherit;\"><span style=\"vertical-align: inherit;\">Obtenga sus boletos<\/span><\/span><\/strong><\/em><span style=\"vertical-align: inherit;\"><span style=\"vertical-align: inherit;\"> per un soggiorno di un giorno sull&#039;isola di Saona (Isla Saona) a Bayahibe da Punta Cana, oltre a un meraviglioso riposo e tempo sulla spiaggia.<\/span><\/span><\/p>\n<p><span style=\"font-weight: 400;\"><span style=\"vertical-align: inherit;\"><span style=\"vertical-align: inherit;\">Il Daypass, organizzato da \u201cBooking Adventures\u201d inizia nel punto di incontro stabilito con la guida turistica. <\/span><span style=\"vertical-align: inherit;\">Trasporti e<\/span><\/span><\/span><span style=\"vertical-align: inherit;\"><span style=\"vertical-align: inherit;\"> almuerzo en la playa y puedes quedarte todo el tiempo que quieras nadando.<\/span><\/span><\/p>\n<p><span style=\"vertical-align: inherit;\"><span style=\"vertical-align: inherit;\">Si eres vegano, \u00a1tambi\u00e9n podemos prepararte algo de comida!<\/span><\/span><\/p>\n<p><strong><span style=\"vertical-align: inherit;\"><span style=\"vertical-align: inherit;\">Calendario:<\/span><\/span><\/strong><\/p>\n<p><span style=\"vertical-align: inherit;\"><span style=\"vertical-align: inherit;\">7:00 AM \u2013 19:00 \u2026 Cambio dell&#039;orario a seconda del luogo di Punta Cana dove ci si incontra.<\/span><\/span><\/p>\n<p>&nbsp;<\/p>\n<h4><em><strong><span style=\"vertical-align: inherit;\"><span style=\"vertical-align: inherit;\">\u00bfQu\u00e9 deberias traer?<\/span><\/span><\/strong><\/em><\/h4>\n<ul>\n<li style=\"font-weight: 400;\"><span style=\"font-weight: 400;\"><span style=\"vertical-align: inherit;\"><span style=\"vertical-align: inherit;\">C\u00e1mara<\/span><\/span><\/span><\/li>\n<li style=\"font-weight: 400;\"><span style=\"font-weight: 400;\"><span style=\"vertical-align: inherit;\"><span style=\"vertical-align: inherit;\">Cogollos repellenti<\/span><\/span><\/span><\/li>\n<li style=\"font-weight: 400;\"><span style=\"font-weight: 400;\"><span style=\"vertical-align: inherit;\"><span style=\"vertical-align: inherit;\">crema solare<\/span><\/span><\/span><\/li>\n<li style=\"font-weight: 400;\"><span style=\"font-weight: 400;\"><span style=\"vertical-align: inherit;\"><span style=\"vertical-align: inherit;\">Sombrero<\/span><\/span><\/span><\/li>\n<li style=\"font-weight: 400;\"><span style=\"font-weight: 400;\"><span style=\"vertical-align: inherit;\"><span style=\"vertical-align: inherit;\">Pantalones comodi<\/span><\/span><\/span><\/li>\n<li style=\"font-weight: 400;\"><span style=\"font-weight: 400;\"><span style=\"vertical-align: inherit;\"><span style=\"vertical-align: inherit;\">Zapatos de senderismo para el bosque<\/span><\/span><\/span><\/li>\n<li style=\"font-weight: 400;\"><span style=\"font-weight: 400;\"><span style=\"vertical-align: inherit;\"><span style=\"vertical-align: inherit;\">Sandali alla spiaggia<\/span><\/span><\/span><\/li>\n<li style=\"font-weight: 400;\"><span style=\"font-weight: 400;\"><span style=\"vertical-align: inherit;\"><span style=\"vertical-align: inherit;\">Vestido nadador<\/span><\/span><\/span><\/li>\n<li><span style=\"vertical-align: inherit;\"><span style=\"vertical-align: inherit;\">Efficace per i souvenir<\/span><\/span><\/li>\n<\/ul>\n<p>&nbsp;<\/p>\n<h4><b><i><span style=\"vertical-align: inherit;\"><span style=\"vertical-align: inherit;\">Ricogidata nell&#039;hotel <\/span><\/span><\/i><\/b><\/h4>\n<p><span style=\"font-weight: 400;\"><span style=\"vertical-align: inherit;\"><span style=\"vertical-align: inherit;\">\u00a1Se ofrece recogida para viajeros!<\/span><\/span><\/span><\/p>\n<p><span style=\"font-weight: 400;\"><span style=\"vertical-align: inherit;\"><span style=\"vertical-align: inherit;\">Raggiungiamo tutti gli hotel di Punta Cana. <\/span><span style=\"vertical-align: inherit;\">Il luogo di raccolta \u00e8 la hall dell&#039;hotel. <\/span><\/span><br \/>\n<span style=\"vertical-align: inherit;\"><span style=\"vertical-align: inherit;\">Se ospitato in un condominio della zona, lo recogeremos nel condominio o all&#039;ingresso del resort pi\u00f9 vicino. Establecemos la recogida poni\u00e9ndose en contacto con nosotros por Whatsapp.<\/span><\/span><\/span><\/p>\n<p><b>Nota:<\/b><span style=\"font-weight: 400;\"> se prenoti entro 24 ore dall&#039;orario di partenza del tour\/dell&#039;escursione, possiamo organizzare il prelievo in hotel con costi aggiuntivi. Una volta completato l&#039;acquisto, ti invieremo le informazioni di contatto complete (numero di telefono, indirizzo e-mail, ecc.) affinch\u00e9 la nostra guida turistica locale possa organizzare le modalit\u00e0 di ritiro.<\/span><\/p>\n<h4><b><i>Conferma di informazioni aggiuntive <\/i><\/b><\/h4>\n<ol>\n<li>I biglietti rappresentano la ricevuta dopo aver pagato questo tour. Puoi mostrare il pagamento sul tuo telefono.<\/li>\n<li style=\"font-weight: 400;\"><span style=\"font-weight: 400;\">Il punto d&#039;incontro verr\u00e0 ricevuto dopo il processo di prenotazione.<\/span><\/li>\n<li style=\"font-weight: 400;\"><span style=\"font-weight: 400;\">I bambini devono essere accompagnati da un adulto.<\/span><\/li>\n<li style=\"font-weight: 400;\"><span style=\"font-weight: 400;\">Accessibile alle sedie a rotelle <\/span><\/li>\n<li style=\"font-weight: 400;\"><span style=\"font-weight: 400;\">I neonati devono sedersi sulle ginocchia <\/span><\/li>\n<li style=\"font-weight: 400;\"><span style=\"font-weight: 400;\">La maggior parte dei viaggiatori pu\u00f2 partecipare<\/span><\/li>\n<\/ol>\n<h4><b><i>Politica di cancellazione<\/i><\/b><\/h4>\n<p>Per un rimborso completo, leggi le nostre politiche di cancellazione\u00a0<a href=\"https:\/\/www.ticketswhales.com\/online-booking\/\" target=\"_blank\" rel=\"noopener\" data-saferedirecturl=\"https:\/\/www.google.com\/url?q=https:\/\/www.ticketswhales.com\/online-booking\/&amp;source=gmail&amp;ust=1672529771100000&amp;usg=AOvVaw2NIGJBZ0qjB5RhPUl5Obc7\">clicca qui<\/a>. I fondi andranno persi se la prenotazione viene cancellata lo stesso giorno del viaggio.<\/p>\n\n\t\t<\/div>\n\t<\/div>\n<div class=\"vc_row wpb_row vc_row-fluid\" ><div class=\"wpb_column vc_column_container vc_col-sm-12\"><div class=\"vc_column-inner\"><div class=\"wpb_wrapper\">\n\t<div class=\"wpb_text_column wpb_content_element\" >\n\t\t<div class=\"wpb_wrapper\">\n\t\t\t<h4>Contattaci?<\/h4>\n<h5><em><strong>Prenotazione Avventure<\/strong><\/em><\/h5>\n<p><em><strong>Gente del posto<\/strong> E <strong>Nazionali<\/strong> Guide turistiche e servizi per gli ospiti<\/em><\/p>\n<p><span class=\"text-turquoise\">Prenotazioni:<\/span> Tours ed escursioni a Dom. Rappresentante.<\/p>\n\n\t\t<\/div>\n\t<\/div>\n<\/div><\/div><\/div><\/div><div class=\"vc_row wpb_row vc_row-fluid\" ><div class=\"wpb_column vc_column_container vc_col-sm-12\"><div class=\"vc_column-inner\"><div class=\"wpb_wrapper\"><div class=\"vc_empty_space\"   style=\"height: 32px\"><span class=\"vc_empty_space_inner\"><\/span><\/div><div class=\"vc_btn3-container vc_btn3-inline\" ><button class=\"vc_general vc_btn3 vc_btn3-size-md vc_btn3-shape-rounded vc_btn3-style-modern vc_btn3-color-green\">PRENOTA ORA<\/button><\/div>\n\t<div class=\"wpb_video_widget wpb_content_element vc_clearfix   vc_video-aspect-ratio-169 vc_video-el-width-100 vc_video-align-left\" >\n\t\t<div class=\"wpb_wrapper\">\n\t\t\t<h2 class=\"wpb_heading wpb_video_heading\">Video di tour ed escursioni dell&#039;Isola di Saona:<\/h2>\n\t\t\t<div class=\"wpb_video_wrapper\"><iframe loading=\"lazy\" title=\"Intera giornata all&#039;Isola di Saola con Booking Adventures, Viaggia nella Repubblica Dominicana\" width=\"1100\" height=\"619\" src=\"https:\/\/www.youtube.com\/embed\/sas91N4zMHo?feature=oembed\" frameborder=\"0\" allow=\"accelerometer; autoplay; clipboard-write; encrypted-media; gyroscope; picture-in-picture; web-share\" referrerpolicy=\"strict-origin-when-cross-origin\" allowfullscreen><\/iframe><\/div>\n\t\t<\/div>\n\t<\/div>\n<div class=\"vc_empty_space\"   style=\"height: 32px\"><span class=\"vc_empty_space_inner\"><\/span><\/div><\/div><\/div><\/div><\/div><div class=\"vc_row wpb_row vc_row-fluid\" ><\/div><div class=\"wpb_column vc_column_container vc_col-sm-12\"><div class=\"vc_column-inner\"><div class=\"wpb_wrapper\"><\/div><\/div><\/div><div class=\"vc_empty_space\"   style=\"height: 32px\"><span class=\"vc_empty_space_inner\"><\/span><\/div><div class=\"vc_empty_space\"   style=\"height: 32px\"><span class=\"vc_empty_space_inner\"><\/span><\/div><div class=\"vc_row wpb_row vc_row-fluid\" ><div class=\"wpb_column vc_column_container vc_col-sm-12\"><div class=\"vc_column-inner\"><div class=\"wpb_wrapper\"><div class=\"vc_btn3-container vc_btn3-inline\" ><button class=\"vc_general vc_btn3 vc_btn3-size-md vc_btn3-shape-rounded vc_btn3-style-modern vc_btn3-color-green\">PRENOTA ORA<\/button><\/div><\/div><\/div><\/div><\/div>\n<\/section>","protected":false},"excerpt":{"rendered":"<pre id=\"tw-target-text\" class=\"tw-data-text tw-text-large tw-ta\" dir=\"ltr\" data-placeholder=\"Traducci\u00f3n\"><span class=\"Y2IQFc\" lang=\"en\">Un pass giornaliero per l&#039;isola di Saona dal porto di Bayahibe partendo dagli hotel di Punta Cana. Pranzo, Trasferimento da Hotel e piscine naturali inclusi. In caso di necessit\u00e0 trasferimento da qualsiasi parte della Repubblica Dominicana. Contattaci e vivremo la migliore esperienza a Isla Saona.<\/span><\/pre>\n<p>&nbsp;<\/p>\n<pre id=\"tw-target-text\" class=\"tw-data-text tw-text-large tw-ta\" dir=\"ltr\" data-placeholder=\"Traducci\u00f3n\"><span class=\"Y2IQFc\" lang=\"en\"><strong>Seleziona la data del tour:<\/strong> <\/span><\/pre>","protected":false},"featured_media":16925,"template":"","meta":[],"product_brand":[],"product_cat":[253,948,270,258],"product_tag":[400,244,242,395,272,222,313,241,548,243,315,398,396,399,397,314],"class_list":{"0":"post-8982","1":"product","2":"type-product","3":"status-publish","4":"has-post-thumbnail","6":"product_cat-tours-and-excursions","7":"product_cat-1-punta-cana","8":"product_cat-saona-island","9":"product_cat-saona-island-tour-excursion","10":"product_tag-all-inclusive-trip-to-saona-island-by-speedboat-catamaran","11":"product_tag-bayahibe","12":"product_tag-catamaran","13":"product_tag-how-to-get-to-saona-island","14":"product_tag-isla-saona","15":"product_tag-punta-cana","16":"product_tag-punta-cana-tours","17":"product_tag-saona","18":"product_tag-saona-from-punta-cana","19":"product_tag-saona-island","20":"product_tag-saona-island-excursion","21":"product_tag-saona-island-hotels","22":"product_tag-saona-island-natural-pool","23":"product_tag-saona-island-private-tour","24":"product_tag-saona-island-snorkeling","25":"product_tag-saona-island-tour","27":"first","28":"instock","29":"sale","30":"featured","31":"sold-individually","32":"shipping-taxable","33":"product-type-external"},"_links":{"self":[{"href":"https:\/\/ballenajorobada.com\/it\/wp-json\/wp\/v2\/product\/8982","targetHints":{"allow":["GET"]}}],"collection":[{"href":"https:\/\/ballenajorobada.com\/it\/wp-json\/wp\/v2\/product"}],"about":[{"href":"https:\/\/ballenajorobada.com\/it\/wp-json\/wp\/v2\/types\/product"}],"wp:featuredmedia":[{"embeddable":true,"href":"https:\/\/ballenajorobada.com\/it\/wp-json\/wp\/v2\/media\/16925"}],"wp:attachment":[{"href":"https:\/\/ballenajorobada.com\/it\/wp-json\/wp\/v2\/media?parent=8982"}],"wp:term":[{"taxonomy":"product_brand","embeddable":true,"href":"https:\/\/ballenajorobada.com\/it\/wp-json\/wp\/v2\/product_brand?post=8982"},{"taxonomy":"product_cat","embeddable":true,"href":"https:\/\/ballenajorobada.com\/it\/wp-json\/wp\/v2\/product_cat?post=8982"},{"taxonomy":"product_tag","embeddable":true,"href":"https:\/\/ballenajorobada.com\/it\/wp-json\/wp\/v2\/product_tag?post=8982"}],"curies":[{"name":"wp","href":"https:\/\/api.w.org\/{rel}","templated":true}]}}