{"id":9919,"date":"2020-03-29T08:08:03","date_gmt":"2020-03-29T08:08:03","guid":{"rendered":"https:\/\/www.ticketswhales.com\/Tours-Excursions\/uncategorized\/import-placeholder-for-9972\/"},"modified":"2025-02-02T17:15:45","modified_gmt":"2025-02-02T17:15:45","slug":"los-haitises-national-park-tour-from-las-terrenas-samana-half-day-trip-lunch-at-cano-hondo","status":"publish","type":"product","link":"https:\/\/ballenajorobada.com\/ja\/Tours-Excursions\/tours-and-excursions\/%e3%83%ad%e3%82%b9%e3%83%8f%e3%82%a4%e3%83%86%e3%82%a3%e3%82%b9%e5%9b%bd%e7%ab%8b%e5%85%ac%e5%9c%92%e3%83%84%e3%82%a2%e3%83%bc%e3%80%81%e3%83%a9%e3%82%b9%e3%83%86%e3%83%ac%e3%83%8a%e3%82%b9%e3%82%b5","title":{"rendered":"\u30b5\u30de\u30ca\u5dde\u30e9\u30b9\u30fb\u30c6\u30ec\u30ca\u30b9\u767a\u30ed\u30b9\u30fb\u30a2\u30a4\u30c6\u30a3\u30bb\u30b9\u56fd\u7acb\u516c\u5712\u30c4\u30a2\u30fc\u3002\u534a\u65e5\u65c5\u884c\u3002\u30ab\u30cb\u30e7\u30fb\u30db\u30f3\u30c9\u3067\u30e9\u30f3\u30c1\u3002"},"content":{"rendered":"<section class=\"wpb-content-wrapper\"><div class=\"vc_row wpb_row vc_row-fluid\" ><div class=\"wpb_column vc_column_container vc_col-sm-12\"><div class=\"vc_column-inner\"><div class=\"wpb_wrapper\"><div class=\"vc_btn3-container vc_btn3-inline\" ><button class=\"vc_general vc_btn3 vc_btn3-size-md vc_btn3-shape-rounded vc_btn3-style-modern vc_btn3-color-green\">\u4eca\u4e88\u7d04\u3059\u308b<\/button><\/div><div class=\"mkdf-section-title-holder\" style=\"text-align: left\">\n\t<div class=\"mkdf-st-inner\">\n\t\t\t\t\t<h5 class=\"mkdf-st-subtitle\" >\n\t\t\t\t\u4ea4\u901a\u8cbb\u3068\u663c\u98df\u304c\u542b\u307e\u308c\u307e\u3059\t\t\t<\/h5>\n\t\t\t\t\t\t\t<h3 class=\"mkdf-st-title\" >\n\t\t\t\t\u30e9\u30b9 \u30c6\u30ec\u30ca\u30b9 \u30c7 \u30b5\u30de\u30ca\u767a\u30ed\u30b9 \u30a2\u30a4\u30c6\u30a3\u30bb\u30b9\u56fd\u7acb\u516c\u5712\u30c4\u30a2\u30fc\u3002\u534a\u65e5\u65c5\u884c\u3002\t\t\t<\/h3>\n\t\t\t\t\t<\/div>\n<\/div>\n\t<div class=\"wpb_text_column wpb_content_element\" >\n\t\t<div class=\"wpb_wrapper\">\n\t\t\t<h3>\u30e9\u30b9 \u30c6\u30ec\u30ca\u30b9 \u30c7 \u30b5\u30de\u30ca\u767a\u30ed\u30b9 \u30a2\u30a4\u30c6\u30a3\u30bb\u30b9\u56fd\u7acb\u516c\u5712\u30c4\u30a2\u30fc\u3002\u534a\u65e5\u65c5\u884c\u3002<\/h3>\n<h4><b><i>\u6982\u8981<\/i><\/b><\/h4>\n<p>Los Haitises National Park Tour from Las Terrenas de Samana. Half Day Trip. Starting from your hotel at Las Terrenas in Samana. We will drive to Sanchez Comunity where the Boat will be taken across Samana Bay. Visiting Rio Naranjo, passing by Fishing Community into Los Haitises National Park, 3 Caves, Boca Tiburon cave, Birding Key Island plus Mangroves in Saman\u00e1 Bay.<\/p>\n<p>After this experience, you will get Back to Las Terrenas Community from where we pick you up.<\/p>\n<ul>\n<li>\u624b\u6570\u6599\u8fbc\u307f<\/li>\n<li>\u30e9\u30f3\u30c1<\/li>\n<li>\u304a\u3084\u3064<\/li>\n<li>\u82f1\u8a9e\u307e\u305f\u306f\u30d5\u30e9\u30f3\u30b9\u8a9e\u306b\u3088\u308b\u73fe\u5730\u30c4\u30a2\u30fc\u30ac\u30a4\u30c9<\/li>\n<li>\u4ea4\u901a\u6a5f\u95a2<\/li>\n<li>\u30dc\u30fc\u30c8\u30c8\u30ea\u30c3\u30d7<\/li>\n<\/ul>\n<p>&nbsp;<\/p>\n<h4><b>\u5305\u542b\u3068\u9664\u5916<\/b><\/h4>\n<p>&nbsp;<\/p>\n<p><b>\u5185\u5305\u7269<\/b><\/p>\n<ol>\n<li>\u30ed\u30b9 \u30a2\u30a4\u30c6\u30a3\u30bb\u30b9 \u30c4\u30a2\u30fc + \u6d1e\u7a9f\u3068\u7d75\u6587\u5b57<\/li>\n<li>\u30e9\u30f3\u30c1<\/li>\n<li>\u3059\u3079\u3066\u306e\u7a0e\u91d1\u3001\u624b\u6570\u6599\u3001\u624b\u6570\u6599<\/li>\n<li>\u5730\u65b9\u7a0e<\/li>\n<li>\u98f2\u6599<\/li>\n<li>\u304a\u3084\u3064<\/li>\n<li>\u3059\u3079\u3066\u306e\u30a2\u30af\u30c6\u30a3\u30d3\u30c6\u30a3<\/li>\n<li>\u5730\u5143\u30ac\u30a4\u30c9<\/li>\n<\/ol>\n<p><b>\u9664\u5916\u4e8b\u9805<\/b><\/p>\n<ol>\n<li>\u30c1\u30c3\u30d7<\/li>\n<li>\u30a2\u30eb\u30b3\u30fc\u30eb\u98f2\u6599<\/li>\n<\/ol>\n<p>&nbsp;<\/p>\n<h4><em><strong>\u51fa\u767a\u3068\u5e30\u56fd<\/strong><\/em><\/h4>\n<p>\u65c5\u884c\u8005\u306f\u4e88\u7d04\u624b\u7d9a\u304d\u5f8c\u306b\u96c6\u5408\u5834\u6240\u3092\u53d6\u5f97\u3057\u307e\u3059\u3002\u30c4\u30a2\u30fc\u306f\u96c6\u5408\u5834\u6240\u3067\u958b\u59cb\u304a\u3088\u3073\u7d42\u4e86\u3057\u307e\u3059\u3002<\/p>\n<p>&nbsp;<\/p>\n<h4><\/h4>\n<h4><\/h4>\n<h4><\/h4>\n<h4><\/h4>\n<h3>\u30e9\u30b9 \u30c6\u30ec\u30ca\u30b9\u304b\u3089\u898b\u305f\u30ed\u30b9 \u30a2\u30a4\u30c6\u30a3\u30bb\u30b9\u56fd\u7acb\u516c\u5712<\/h3>\n<h4><b><i>\u4f55\u3092\u671f\u5f85\u3057\u307e\u3059\uff1f<\/i><\/b><\/h4>\n<p><em><strong>\u30c1\u30b1\u30c3\u30c8\u3092\u5165\u624b\u3057\u3066\u304f\u3060\u3055\u3044<\/strong><\/em>\u00a0for visiting Los Haitises National Park Tour from Las Terrenas de Samana. Half Day Trip. Starting from Las Terrenas, Saman\u00e1 with transportation to port for onboard of a Boat with a Local tour guide we pass Saman\u00e1 bay to Los Haitises, Sabana de la Mar side to Visit one of the most beautiful national parks of the Dominican Republic.\u00a0<strong>\u30ed\u30b9<em>\u00a0\u30cf\u30a4\u30c6\u30a3\u30bb\u30b9\u56fd\u7acb\u516c\u5712<\/em>.<\/strong><\/p>\n<p>\u300cBooking Adventures\u300d\u304c\u4f01\u753b\u3059\u308b\u30c4\u30a2\u30fc\u306f\u3001\u30c4\u30a2\u30fc\u30ac\u30a4\u30c9\u304c\u8a2d\u5b9a\u3057\u305f\u96c6\u5408\u5834\u6240\u304b\u3089\u59cb\u307e\u308a\u307e\u3059\u3002\u30d6\u30c3\u30ad\u30f3\u30b0 \u30a2\u30c9\u30d9\u30f3\u30c1\u30e3\u30fc\u306b\u53c2\u52a0\u3057\u3066\u3001\u9ce5\u304c\u305f\u304f\u3055\u3093\u751f\u606f\u3059\u308b\u30de\u30f3\u30b0\u30ed\u30fc\u30d6\u3001\u7dd1\u8c4a\u304b\u306a\u690d\u7269\u304c\u751f\u3044\u8302\u308b\u8d77\u4f0f\u306e\u3042\u308b\u4e18\u3001\u6d1e\u7a9f\u306a\u3069\u3092\u30c1\u30a7\u30c3\u30af\u3057\u3066\u307f\u307e\u3057\u3087\u3046\u3002\u00a0<em><strong>\u30ed\u30b9 \u30a2\u30a4\u30c6\u30a3\u30bb\u30b9\u56fd\u7acb\u516c\u5712<\/strong><\/em>\u3002\u9ce5\u305f\u3061\u3068\u4e00\u7dd2\u306b\u5cf6\u3092\u8a2a\u308c\u307e\u3059\u3002\u55b6\u5de3\u671f\u306b\u306f\u3001\u30da\u30ec\u30ab\u30ce\u30b9\u306e\u96db\u304c\u5de3\u306b\u3044\u308b\u59ff\u3082\u898b\u308b\u3053\u3068\u304c\u3067\u304d\u307e\u3059\u3002\u30ed\u30c3\u30ad\u30fc\u8af8\u5cf6\u306e\u5185\u90e8\u306b\u3055\u3089\u306b\u5165\u308a\u8fbc\u307f\u3001\u5148\u4f4f\u6c11\u306e\u7d75\u6587\u5b57\u3084\u5ca9\u77f3\u5199\u771f\u306e\u3042\u308b\u6d1e\u7a9f\u3092\u8a2a\u308c\u307e\u3059\u3002<\/p>\n<p>\u30de\u30f3\u30b0\u30ed\u30fc\u30d6\u6797\u3092\u629c\u3051\u3001\u30b5\u30d0\u30ca \u30c7 \u30e9 \u30de\u30eb\u306e\u958b\u3051\u305f\u30b5\u30f3 \u30ed\u30ec\u30f3\u30bd\u6e7e\u306b\u4e0a\u9678\u3057\u3001\u967a\u3057\u3044\u68ee\u6797\u306e\u98a8\u666f\u3092\u5199\u771f\u306b\u64ae\u308b\u3053\u3068\u304c\u3067\u304d\u307e\u3059\u3002\u6c34\u306b\u6ce8\u76ee\u3057\u3066\u898b\u3064\u3051\u3066\u304f\u3060\u3055\u3044\u00a0<em><strong>\u30de\u30ca\u30c6\u30a3\u30fc<\/strong><\/em>\u3001\u7532\u6bbb\u985e\u3001\u305d\u3057\u3066\u00a0<em><strong>\u30a4\u30eb\u30ab\u3002<\/strong><\/em><\/p>\n<div class=\"body-description secondary\">\n<p>\u56fd\u7acb\u516c\u5712\u306e\u540d\u524d\u306f\u3001\u5143\u3005\u306e\u4f4f\u6c11\u3067\u3042\u308b\u30bf\u30a4\u30ce \u30a4\u30f3\u30c7\u30a3\u30a2\u30f3\u306b\u7531\u6765\u3057\u3066\u3044\u307e\u3059\u3002\u5f7c\u3089\u306e\u8a00\u8a9e\u3067\u300c\u30cf\u30a4\u30c1\u30b9\u300d\u306f\u9ad8\u5730\u307e\u305f\u306f\u4e18\u3092\u610f\u5473\u3057\u3001\u77f3\u7070\u5ca9\u3092\u542b\u3080\u6d77\u5cb8\u7dda\u306e\u6025\u5cfb\u306a\u5730\u5c64\u3092\u6307\u3057\u307e\u3059\u3002\u516c\u5712\u306e\u5965\u6df1\u304f\u306b\u8db3\u3092\u8e0f\u307f\u5165\u308c\u3066\u3001\u6b21\u306e\u3088\u3046\u306a\u6d1e\u7a9f\u3092\u63a2\u7d22\u3057\u307e\u3057\u3087\u3046\u3002\u00a0<em><strong>\u30af\u30a8\u30d0 \u30c7 \u30e9 \u30a2\u30ec\u30ca\u3001\u00a0<\/strong><\/em>\u305d\u3057\u3066\u00a0<strong><em>\u30af\u30a8\u30d0\u30fb\u30c7\u30fb\u30e9\u30fb\u30ea\u30cd\u30a2\u3002<\/em><\/strong><\/p>\n<p>These Caves in the reserve were used as shelter by the Taino Indians and, later, by hiding pirates. Look for drawings by Indians that decorate some of the walls. After visiting Los Haitises National Park we will go back to Sanchez, Saman\u00e1.<\/p>\n<p>Passing Saman\u00e1 bay 30 min. We will have a typical lunch,\u00a0 If you are vegan no worries we also have food for you!<\/p>\n<p>After Lunch, we get back to Las Terrenas!!<\/p>\n<\/div>\n<p>\u3053\u306e\u65c5\u884c\u3092\u3082\u3063\u3068\u9577\u304f\u3057\u305f\u3044\u3001\u307e\u305f\u306f\u3082\u3063\u3068\u77ed\u304f\u3057\u305f\u3044\u5834\u5408\u306b\u306f\u3001\u6b21\u306e\u30aa\u30d7\u30b7\u30e7\u30f3\u304c\u3042\u308a\u307e\u3059\u3002<\/p>\n<ol>\n<li><a href=\"https:\/\/www.ticketswhales.com\/tour\/the-haitises-national-park-tour-from-samana-port\/\" target=\"_blank\" rel=\"noopener\">\u30b5\u30de\u30ca\u6e2f\u304b\u3089\u30ed\u30b9\u30fb\u30cf\u30a4\u30c6\u30a3\u30bb\u30b9\u307e\u3067\u3002<\/a><\/li>\n<li><a href=\"https:\/\/www.ticketswhales.com\/tour\/los-haitises-national-park-lunch-at-cano-hondo-from-samana-port\/\" target=\"_blank\" rel=\"noopener\">\u30b5\u30de\u30ca\u6e2f\u304b\u3089\u306e\u30ed\u30b9\u30fb\u30cf\u30a4\u30c6\u30a3\u30bb\u30b9 + \u30ab\u30cb\u30e7\u30fb\u30db\u30f3\u30c9\u3002<\/a><\/li>\n<\/ol>\n<p>&nbsp;<\/p>\n<h4><em><strong>\u4f55\u3092\u6301\u3063\u3066\u3044\u304f\u3079\u304d\u3067\u3059\u304b\uff1f<\/strong><\/em><\/h4>\n<ul>\n<li>\u30ab\u30e1\u30e9<\/li>\n<li>\u306f\u3058\u304f\u82bd<\/li>\n<li>\u65e5\u713c\u3051\u6b62\u3081\u30af\u30ea\u30fc\u30e0<\/li>\n<li>\u5e3d\u5b50<\/li>\n<li>\u5feb\u9069\u306a\u30d1\u30f3\u30c4<\/li>\n<li>\u68ee\u6797\u7528\u30cf\u30a4\u30ad\u30f3\u30b0\u30b7\u30e5\u30fc\u30ba<\/li>\n<li>\u6625\u306e\u30a8\u30ea\u30a2\u3078\u30b5\u30f3\u30c0\u30eb\u3067\u3002<\/li>\n<li>\u6c34\u7740<\/li>\n<\/ul>\n<p>&nbsp;<\/p>\n<h4><b><i>\u30db\u30c6\u30eb\u3078\u306e\u9001\u8fce<\/i><\/b><\/h4>\n<p>\u3053\u306e\u30c4\u30a2\u30fc\u3067\u306f\u30db\u30c6\u30eb\u3078\u306e\u304a\u8fce\u3048\u306f\u63d0\u4f9b\u3055\u308c\u307e\u305b\u3093\u3002<\/p>\n<p>&nbsp;<\/p>\n<p><b>\u6ce8\u8a18\uff1a<\/b>\u00a0\u30c4\u30a2\u30fc\/\u30a8\u30af\u30b9\u30ab\u30fc\u30b7\u30e7\u30f3\u51fa\u767a\u6642\u523b\u306e 24 \u6642\u9593\u4ee5\u5185\u306b\u3054\u4e88\u7d04\u306e\u5834\u5408\u306f\u3001\u8ffd\u52a0\u6599\u91d1\u3067\u30db\u30c6\u30eb\u3078\u306e\u304a\u8fce\u3048\u3092\u624b\u914d\u3067\u304d\u307e\u3059\u3002\u3054\u8cfc\u5165\u304c\u5b8c\u4e86\u3059\u308b\u3068\u3001\u304a\u8fce\u3048\u306e\u624b\u914d\u3092\u884c\u3046\u305f\u3081\u306e\u73fe\u5730\u30c4\u30a2\u30fc\u30ac\u30a4\u30c9\u306e\u5b8c\u5168\u306a\u9023\u7d61\u5148\u60c5\u5831 (\u96fb\u8a71\u756a\u53f7\u3001\u96fb\u5b50\u30e1\u30fc\u30eb \u30a2\u30c9\u30ec\u30b9\u306a\u3069) \u3092\u304a\u9001\u308a\u3057\u307e\u3059\u3002<\/p>\n<h4><b><i>\u8ffd\u52a0\u60c5\u5831\u306e\u78ba\u8a8d<\/i><\/b><\/h4>\n<ol>\n<li>\u30c1\u30b1\u30c3\u30c8\u306f\u30c4\u30a2\u30fc\u4ee3\u91d1\u304a\u652f\u6255\u3044\u5f8c\u306e\u9818\u53ce\u66f8\u3068\u306a\u308a\u307e\u3059\u3002\u643a\u5e2f\u96fb\u8a71\u3067\u652f\u6255\u3044\u3092\u8868\u793a\u3067\u304d\u307e\u3059\u3002<\/li>\n<li>\u4e88\u7d04\u624b\u7d9a\u304d\u5f8c\u306b\u30df\u30fc\u30c6\u30a3\u30f3\u30b0\u30dd\u30a4\u30f3\u30c8\u3092\u53d7\u3051\u53d6\u308a\u307e\u3059\u3002<\/li>\n<li>\u304a\u5b50\u69d8\u306b\u306f\u5927\u4eba\u306e\u540c\u4f34\u304c\u5fc5\u8981\u3067\u3059\u3002<\/li>\n<li>\u8eca\u6905\u5b50\u3067\u306f\u30a2\u30af\u30bb\u30b9\u3067\u304d\u307e\u305b\u3093<\/li>\n<li>\u5e7c\u5150\u306f\u819d\u306e\u4e0a\u306b\u5ea7\u3089\u306a\u3051\u308c\u3070\u306a\u308a\u307e\u305b\u3093<\/li>\n<li>\u80cc\u4e2d\u306b\u554f\u984c\u304c\u3042\u308b\u65c5\u884c\u8005\u306b\u306f\u304a\u52e7\u3081\u3067\u304d\u307e\u305b\u3093<\/li>\n<li>\u598a\u5a20\u4e2d\u306e\u65c5\u884c\u8005\u306b\u306f\u304a\u52e7\u3081\u3067\u304d\u307e\u305b\u3093<\/li>\n<li>\u5fc3\u81d3\u306e\u554f\u984c\u3084\u305d\u306e\u4ed6\u306e\u91cd\u7be4\u306a\u75c5\u72b6\u304c\u306a\u3044\u3053\u3068<\/li>\n<li>\u307b\u3068\u3093\u3069\u306e\u65c5\u884c\u8005\u304c\u53c2\u52a0\u53ef\u80fd<\/li>\n<\/ol>\n<h4><b><i>\u53d6\u308a\u6d88\u3057\u898f\u7d04<\/i><\/b><\/h4>\n<p>For a full refund, cancel at least 24 hours in advance of the start date of the experience. Funds will be lost if the reservation is canceled the same day of the trip.<\/p>\n\n\t\t<\/div>\n\t<\/div>\n<div class=\"vc_empty_space\"   style=\"height: 32px\"><span class=\"vc_empty_space_inner\"><\/span><\/div>\n\t<div class=\"wpb_video_widget wpb_content_element vc_clearfix   vc_video-aspect-ratio-169 vc_video-el-width-100 vc_video-align-left\" >\n\t\t<div class=\"wpb_wrapper\">\n\t\t\t<h2 class=\"wpb_heading wpb_video_heading\">Los Haitises from Las Terrenas<\/h2>\n\t\t\t<div class=\"wpb_video_wrapper\"><iframe loading=\"lazy\" title=\"\u30ed\u30b9 \u30a2\u30a4\u30c6\u30a3\u30bb\u30b9\u56fd\u7acb\u516c\u5712\u3001\u30b5\u30de\u30ca\u307e\u305f\u306f\u30b5\u30d0\u30ca \u30c7 \u30e9 \u30de\u30fc\u30eb\u767a\u306e\u30c4\u30a2\u30fc\u3068\u30a8\u30af\u30b9\u30ab\u30fc\u30b7\u30e7\u30f3\u3002\u3053\u3053\u304b\u3089\u4e88\u7d04\u3057\u3066\u304f\u3060\u3055\u3044:\" src=\"https:\/\/player.vimeo.com\/video\/346508015?dnt=1&amp;app_id=122963\" width=\"1100\" height=\"619\" frameborder=\"0\" allow=\"autoplay; fullscreen; picture-in-picture; clipboard-write; encrypted-media\"><\/iframe><\/div>\n\t\t<\/div>\n\t<\/div>\n<div class=\"vc_empty_space\"   style=\"height: 32px\"><span class=\"vc_empty_space_inner\"><\/span><\/div><\/div><\/div><\/div><\/div><div class=\"wpb_column vc_column_container vc_col-sm-12\"><div class=\"vc_column-inner\"><div class=\"wpb_wrapper\"><\/div><\/div><\/div><div class=\"wpb_column vc_column_container vc_col-sm-12\"><div class=\"vc_column-inner\"><div class=\"wpb_wrapper\"><\/div><\/div><\/div><div class=\"wpb_column vc_column_container vc_col-sm-12\"><div class=\"vc_column-inner\"><div class=\"wpb_wrapper\"><\/div><\/div><\/div>\n<\/section>","protected":false},"excerpt":{"rendered":"<p>\u30e9\u30b9 \u30c6\u30ec\u30ca\u30b9\u304b\u3089\u30ed\u30b9 \u30a2\u30a4\u30c6\u30a3\u30bb\u30b9\u56fd\u7acb\u516c\u5712\u3078\u306e\u3053\u306e\u30c4\u30a2\u30fc\u306b\u306f\u30013 \u3064\u306e\u4e3b\u8981\u306a\u6d1e\u7a9f\u8a2a\u554f\u30012 \u3064\u306e\u7570\u306a\u308b\u30de\u30f3\u30b0\u30ed\u30fc\u30d6\u306e\u63a2\u7d22\u3001\u305d\u3057\u3066\u3082\u3061\u308d\u3093\u91e3\u308a\u30d0\u30fc\u30c9 \u30a6\u30a9\u30c3\u30c1\u30f3\u30b0\u306e\u305f\u3081\u306e\u663c\u98df\u3068\u4ea4\u901a\u624b\u6bb5\u304c\u542b\u307e\u308c\u3066\u3044\u307e\u3059\u3002<\/p>\n<p><span style=\"vertical-align: inherit;\"><span style=\"vertical-align: inherit;\">Viaje ecol\u00f3gico al Parque Nacional Los Haitises con un gu\u00eda tur\u00edstico local. <\/span><span style=\"vertical-align: inherit;\">\u30cf\u30a4\u30c6\u30a3\u30bb\u30b9\u56fd\u7acb\u516c\u5712\u306e\u30ed\u30b9 \u30ab\u30e8\u30b9\u3001\u30de\u30f3\u30b0\u30e9\u30ec\u30b9\u3001\u30d9\u30b8\u30bf\u30b7\u30aa\u30f3\u3001\u30a2\u30d9\u30b9\u89b3\u5bdf\u3001\u30af\u30a8\u30d0\u30b9\u3001\u30d4\u30af\u30c8\u30b0\u30e9\u30de\u3001\u30b5\u30d0\u30ca \u30c7 \u30e9 \u30de\u30eb \u30ed\u30b9 \u30cf\u30a4\u30c6\u30a3\u30bb\u30b9\u56fd\u7acb\u516c\u5712\u3092\u8a2a\u554f\u3057\u3066\u304f\u3060\u3055\u3044\u3002<\/span><\/span><\/p>\n<p>&nbsp;<\/p>\n<p><strong><span style=\"vertical-align: inherit;\"><span style=\"vertical-align: inherit;\">\u30c4\u30a2\u30fc\u306e\u9078\u629e:\u00a0<\/span><\/span><\/strong><\/p>","protected":false},"featured_media":16780,"template":"","meta":[],"product_brand":[],"product_cat":[255,655,928,933,253],"product_tag":[684,268,267,685,521,171,209,212,269],"class_list":{"0":"post-9919","1":"product","2":"type-product","3":"status-publish","4":"has-post-thumbnail","6":"product_cat-tours-excursions-samana-bay-dominican-republic","7":"product_cat-1-samana","8":"product_cat-boat-trip-los-haitises","9":"product_cat-natural-pools-los-haitises","10":"product_cat-tours-and-excursions","11":"product_tag-cano-hondo-lunch","12":"product_tag-caves-los-haitises","13":"product_tag-las-terrenas","14":"product_tag-las-terrenas-los-haitises","15":"product_tag-las-terrenas-tours","16":"product_tag-los-haitises","17":"product_tag-los-haitises-national-park","18":"product_tag-mangroves-los-haitises","19":"product_tag-transportation-los-haitises","21":"first","22":"instock","23":"sale","24":"sold-individually","25":"shipping-taxable","26":"product-type-external"},"_links":{"self":[{"href":"https:\/\/ballenajorobada.com\/ja\/wp-json\/wp\/v2\/product\/9919","targetHints":{"allow":["GET"]}}],"collection":[{"href":"https:\/\/ballenajorobada.com\/ja\/wp-json\/wp\/v2\/product"}],"about":[{"href":"https:\/\/ballenajorobada.com\/ja\/wp-json\/wp\/v2\/types\/product"}],"wp:featuredmedia":[{"embeddable":true,"href":"https:\/\/ballenajorobada.com\/ja\/wp-json\/wp\/v2\/media\/16780"}],"wp:attachment":[{"href":"https:\/\/ballenajorobada.com\/ja\/wp-json\/wp\/v2\/media?parent=9919"}],"wp:term":[{"taxonomy":"product_brand","embeddable":true,"href":"https:\/\/ballenajorobada.com\/ja\/wp-json\/wp\/v2\/product_brand?post=9919"},{"taxonomy":"product_cat","embeddable":true,"href":"https:\/\/ballenajorobada.com\/ja\/wp-json\/wp\/v2\/product_cat?post=9919"},{"taxonomy":"product_tag","embeddable":true,"href":"https:\/\/ballenajorobada.com\/ja\/wp-json\/wp\/v2\/product_tag?post=9919"}],"curies":[{"name":"wp","href":"https:\/\/api.w.org\/{rel}","templated":true}]}}