{"id":8850,"date":"2019-06-11T10:34:00","date_gmt":"2019-06-11T10:34:00","guid":{"rendered":"https:\/\/www.ticketswhales.com\/?post_type=product&#038;p=8850"},"modified":"2025-02-02T17:03:42","modified_gmt":"2025-02-02T17:03:42","slug":"ridgways-hawk-tour-bird-watching-los-haitises-national-park-tour","status":"publish","type":"product","link":"https:\/\/ballenajorobada.com\/lt\/Tours-Excursions\/tours-and-excursions\/ridgways-hawk-turas-pauksciu-stebejimas-los-haitises-nacionaliniame-parke","title":{"rendered":"Ridgway&#039;s Hawk Tour \u2013 pauk\u0161\u010di\u0173 steb\u0117jimo ekskursija Los Haitises nacionaliniame parke"},"content":{"rendered":"<section class=\"wpb-content-wrapper\"><div class=\"vc_row wpb_row vc_row-fluid\" ><div class=\"wpb_column vc_column_container vc_col-sm-12\"><div class=\"vc_column-inner\"><div class=\"wpb_wrapper\"><div class=\"mkdf-section-title-holder\" style=\"text-align: left\">\n\t<div class=\"mkdf-st-inner\">\n\t\t\t\t\t<h5 class=\"mkdf-st-subtitle\" >\n\t\t\t\tPauk\u0161tis Los Haitises nacionaliniame parke\t\t\t<\/h5>\n\t\t\t\t\t\t\t<h3 class=\"mkdf-st-title\" >\n\t\t\t\tRidgway&#039;s Hawk turas\t\t\t<\/h3>\n\t\t\t\t\t<\/div>\n<\/div><\/div><\/div><\/div><\/div><div class=\"vc_row wpb_row vc_row-fluid\" ><div class=\"wpb_column vc_column_container vc_col-sm-12\"><div class=\"vc_column-inner\"><div class=\"wpb_wrapper\"><div class=\"vc_btn3-container vc_btn3-inline\" ><button class=\"vc_general vc_btn3 vc_btn3-size-md vc_btn3-shape-rounded vc_btn3-style-modern vc_btn3-color-green\">U\u017dSAKYTI DABAR<\/button><\/div>\n\t<div class=\"wpb_text_column wpb_content_element\" >\n\t\t<div class=\"wpb_wrapper\">\n\t\t\t<h4><b><i>Ap\u017evalga <\/i><\/b><\/h4>\n<section><\/section>\n<p>Ridgway&#039;s Hawk yra labai nykstanti dienini\u0173 pl\u0117\u0161r\u016bn\u0173 r\u016b\u0161is, endemin\u0117 Ispanijos saloje. Prie\u0161 \u0161imt\u0105 met\u0173 vanagas buvo rastas visoje Ispanioloje, ta\u010diau \u0161iandien vienintel\u0117 i\u0161likusi apie 300 perin\u010di\u0173 populiacija yra Los Haitises nacionaliniame parke Dominikos Respublikoje.<\/p>\n<p>nLos Haitises nacionalinis parkas yra populiari gamtos myl\u0117toj\u0173 ir pauk\u0161\u010di\u0173 steb\u0117toj\u0173 vieta, kuri yra labai svarbi biologinei \u012fvairovei ir faunos turtingumui tiek endemizmo, tiek r\u016b\u0161i\u0173 skai\u010diaus po\u017ei\u016briu. M\u016bs\u0173 pagrindinis tikslas yra pasteb\u0117ti visus vanagus aplink Cano Hondo rajonus.<\/p>\n<p>nSaugome Ridgway&#039;s Hawk Los Haitises nacionaliniame parke, kur atogr\u0105\u017e\u0173 mi\u0161ko takuose galite pamatyti Ridgway&#039;s Hawks buvein\u0119 ir \u012fdomi\u0105 istorij\u0105. \u017dinome Ridgway ir Ashy Faced pel\u0117d\u0173 buveines. Kadangi daugiau nei 15 met\u0173 kaip savanoriai dirbame, kad apsaugotume \u0161ias poras ir asmenis \u0161ioje bendruomen\u0117je.<\/p>\n<p>Be to, aplink park\u0105 galite pamatyti kit\u0173 endemini\u0173 r\u016b\u0161i\u0173. \u0160ioje kelion\u0117je d\u0117mesys sutelkiamas \u012f gamt\u0105 ir daugiau d\u0117mesio skiriama informacijai apie laukin\u0119 gamt\u0105. Paprastai yra privatus.<\/p>\n<h4><\/h4>\n<h4><b>\u012etraukimai ir i\u0161imtys<\/b><\/h4>\n<p><b>Inkliuzai<\/b><\/p>\n<ol>\n<li style=\"font-weight: 400;\">Pauk\u0161\u010di\u0173 steb\u0117jimo kelion\u0117 + urvai ir piktogramos<\/li>\n<li style=\"font-weight: 400;\"><span style=\"font-weight: 400;\">Visi mokes\u010diai, rinkliavos ir tvarkymo mokes\u010diai<\/span><\/li>\n<li style=\"font-weight: 400;\"><span style=\"font-weight: 400;\">Vietiniai mokes\u010diai<\/span><\/li>\n<li style=\"font-weight: 400;\">Pareig\u016bnai Ekologai kelioni\u0173 vadovai<\/li>\n<\/ol>\n<p><b> I\u0161imtys<\/b><\/p>\n<ol>\n<li style=\"font-weight: 400;\"><span style=\"font-weight: 400;\">Arbatpinigiai<\/span><\/li>\n<li style=\"font-weight: 400;\"><span style=\"font-weight: 400;\">Perdavimas<\/span><\/li>\n<li style=\"font-weight: 400;\"><span style=\"font-weight: 400;\">G\u0117rimas<\/span><\/li>\n<\/ol>\n<p>&nbsp;<\/p>\n<h4><em><strong>I\u0161vykimas ir gr\u012f\u017eimas<\/strong><\/em><\/h4>\n<p><span style=\"font-weight: 400;\">Ekskursija, kuri\u0105 organizuoja \u201eBooking Adventures\u201c, prasideda susitikimo ta\u0161ke, kuriame yra kelion\u0117s vadovas. Keliautojas gaus susitikimo viet\u0105 po rezervacijos proceso. Ekskursijos prasideda ir baigiasi m\u016bs\u0173 susitikimo vietose.<\/span><\/p>\n<p>&nbsp;<\/p>\n<h4><b><i>Ko tik\u0117tis?<\/i><\/b><\/h4>\n<p><em><strong>Gaukite biliet\u0105<\/strong><\/em> u\u017e Ridgway&#039;s Hawk i\u0161saugojim\u0105 Los Haitises nacionaliniame parke.<\/p>\n<p>n\u0160i ekskursija prasideda nuo susitikimo vietos, \u017eygiuojant Ridgway takais \u012f Neting rajonus. Po 30 minu\u010di\u0173 \u017eygio ir Vanag\u0173 steb\u0117jimo turime galimyb\u0119 t\u0119sti \u017eyg\u012f aplink ir patikrinti, ar Los Haitises nacionaliniame parke n\u0117ra pap\u016bg\u0173, piculet\u0173 ir kit\u0173 endemik\u0173 r\u016b\u0161i\u0173.<\/p>\n<p>nLos Haitises nacionaliniame parke yra tik du pauk\u0161\u010di\u0173 takai Sabana de la Mar. Pakeliui \u012f Los Hiatises nacionalin\u012f park\u0105 sustojame kai kuriose vietose pamatyti daugiau pauk\u0161\u010di\u0173.<\/p>\n<p>nBuvau San Lorenzo \u012flankoje. aplankysime du urvus, Li\u016bdno urvo skambut\u012f ispan\u0173 Cueva de la Arena; \u0161iame urve galime pamatyti petrografus i\u0161 Tainos bendruomeni\u0173, kurios buvo apsistojusios \u0161ioje vietov\u0117je. ir naudojant urvus kaip \u0161ventykl\u0105.<\/p>\n<p>nPo to einame \u012f Linea urv\u0105, kuriame yra 2 243 originalios piktogramos, o m\u016bs\u0173 kelion\u0117s vadovas paai\u0161kins jums archeologo informacij\u0105 apie \u0161ias piktogramas.<\/p>\n<p>nPlaukimas laivu atgal \u012f Pajaros sal\u0105 (Pauk\u0161\u010di\u0173 sal\u0105), kur galime pamatyti daugum\u0105 pelki\u0173 pauk\u0161\u010di\u0173 aplink Los Haitises nacionalin\u012f park\u0105. Tiesiog tod\u0117l, kad ne visi pauk\u0161\u010diai yra Vandenyje.<\/p>\n<p>nPo 4,5 valandos pa\u017einimo su pauk\u0161\u010diais Los Haitises nacionaliniame parke \u0161i ekskursija baigiasi toje pa\u010dioje vietoje, kur ir prasid\u0117jo.<\/p>\n<p><strong>Pastaba: \u0161ios ekskursijos vyksta su oficialiais ekolog\u0173 vadovais i\u0161 Los Haitises nacionalinio parko. Prane\u0161kite mums, kada planuojate pas mus apsilankyti!<\/strong><\/p>\n<p>&nbsp;<\/p>\n<h4><em><strong>K\u0105 tur\u0117tum atsine\u0161ti?<\/strong><\/em><\/h4>\n<ul>\n<li style=\"font-weight: 400;\"><span style=\"font-weight: 400;\">Fotoaparatas<\/span><\/li>\n<li>\u017di\u016bronas<\/li>\n<li style=\"font-weight: 400;\"><span style=\"font-weight: 400;\">Atbaidantys pumpurai<\/span><\/li>\n<li style=\"font-weight: 400;\"><span style=\"font-weight: 400;\">kremas nuo saul\u0117s<\/span><\/li>\n<li style=\"font-weight: 400;\"><span style=\"font-weight: 400;\">Skryb\u0117l\u0117<\/span><\/li>\n<li style=\"font-weight: 400;\"><span style=\"font-weight: 400;\">Patogios kelnes<\/span><\/li>\n<li style=\"font-weight: 400;\"><span style=\"font-weight: 400;\">\u017dygio batai mi\u0161kui<\/span><\/li>\n<li style=\"font-weight: 400;\"><span style=\"font-weight: 400;\">Sandalai pavasario zonoms.<\/span><\/li>\n<li style=\"font-weight: 400;\"><span style=\"font-weight: 400;\">Plaukimo apranga<\/span><\/li>\n<\/ul>\n<p>&nbsp;<\/p>\n<h4><b><i>Vie\u0161bu\u010dio pa\u0117mimas <\/i><\/b><\/h4>\n<p><span style=\"font-weight: 400;\">\u0160ios kelion\u0117s metu perve\u017eimas \u012f vie\u0161but\u012f nesi\u016blomas. <\/span><\/p>\n<p>&nbsp;<\/p>\n<p><b>Pastaba:<\/b><span style=\"font-weight: 400;\"> Jei rezervuojate per 24 valandas nuo kelion\u0117s\/ekskursijos i\u0161vykimo laiko, mes galime susitarti d\u0117l pa\u0117mimo i\u0161 vie\u0161bu\u010dio su papildomais mokes\u010diais. Kai pirkimas bus baigtas, mes atsi\u0173sime jums vis\u0105 kontaktin\u0119 informacij\u0105 (telefono numer\u012f, el. pa\u0161to adres\u0105 ir kt.), skirt\u0105 m\u016bs\u0173 vietiniam kelioni\u0173 vadovui, kad gal\u0117tume susitarti d\u0117l pa\u0117mimo.<\/span><\/p>\n<h4><b><i>Papildomos informacijos patvirtinimas <\/i><\/b><\/h4>\n<ol>\n<li>Bilietai yra kvitas apmok\u0117jus \u0161i\u0105 kelion\u0119. Mok\u0117jim\u0105 galite parodyti savo telefone.<\/li>\n<li style=\"font-weight: 400;\"><span style=\"font-weight: 400;\">Susitikimo vieta bus gauta po rezervacijos proceso.<\/span><\/li>\n<li style=\"font-weight: 400;\"><span style=\"font-weight: 400;\">Vaikus turi lyd\u0117ti suaug\u0119s asmuo.<\/span><\/li>\n<li style=\"font-weight: 400;\"><span style=\"font-weight: 400;\"> Nepritaikoma ne\u012fgaliojo ve\u017eim\u0117liu <\/span><\/li>\n<li style=\"font-weight: 400;\"><span style=\"font-weight: 400;\">K\u016bdikiai turi s\u0117d\u0117ti ant keli\u0173 <\/span><\/li>\n<li style=\"font-weight: 400;\"><span style=\"font-weight: 400;\">Nerekomenduojama keliautojams, turintiems nugaros problem\u0173<\/span><\/li>\n<li style=\"font-weight: 400;\"><span style=\"font-weight: 400;\">Nerekomenduojama besilaukian\u010dioms keliautojoms <\/span><\/li>\n<li style=\"font-weight: 400;\"><span style=\"font-weight: 400;\"> Joki\u0173 \u0161irdies problem\u0173 ar kit\u0173 rimt\u0173 sveikatos sutrikim\u0173 <\/span><\/li>\n<li style=\"font-weight: 400;\"><span style=\"font-weight: 400;\">Dalyvauti gali dauguma keliautoj\u0173<\/span><\/li>\n<\/ol>\n<p>n\u0160i ekskursija si\u016bloma ne ma\u017eiau kaip 2 ir ne daugiau kaip 15 \u017emoni\u0173. Jei \u017emoni\u0173 bus ma\u017eiau, susisiekite su mumis.<\/p>\n<h4><b><i>At\u0161aukimo politika<\/i><\/b><\/h4>\n<p>Nor\u0117dami susigr\u0105\u017einti visas l\u0117\u0161as, perskaitykite at\u0161aukimo politik\u0105\u00a0<a href=\"https:\/\/www.ticketswhales.com\/online-booking\/\" target=\"_blank\" rel=\"noopener\" data-saferedirecturl=\"https:\/\/www.google.com\/url?q=https:\/\/www.ticketswhales.com\/online-booking\/&amp;source=gmail&amp;ust=1672529771100000&amp;usg=AOvVaw2NIGJBZ0qjB5RhPUl5Obc7\">Paspauskite \u010dia<\/a>. L\u0117\u0161os bus prarastos, jei rezervacija bus at\u0161aukta t\u0105 pa\u010di\u0105 kelion\u0117s dien\u0105.<\/p>\n\n\t\t<\/div>\n\t<\/div>\n<\/div><\/div><\/div><\/div><div class=\"vc_row wpb_row vc_row-fluid\" ><\/div><div class=\"wpb_column vc_column_container vc_col-sm-12\"><div class=\"vc_column-inner\"><div class=\"wpb_wrapper\"><\/div><\/div><\/div><div class=\"vc_empty_space\"   style=\"height: 32px\"><span class=\"vc_empty_space_inner\"><\/span><\/div><div class=\"vc_empty_space\"   style=\"height: 32px\"><span class=\"vc_empty_space_inner\"><\/span><\/div><div class=\"vc_row wpb_row vc_row-fluid\" ><div class=\"wpb_column vc_column_container vc_col-sm-12\"><div class=\"vc_column-inner\"><div class=\"wpb_wrapper\"><div class=\"vc_btn3-container vc_btn3-inline\" ><button class=\"vc_general vc_btn3 vc_btn3-size-md vc_btn3-shape-rounded vc_btn3-style-modern vc_btn3-color-green\">U\u017dSAKYTI DABAR<\/button><\/div><\/div><\/div><\/div><\/div>\n<\/section>","protected":false},"excerpt":{"rendered":"<p><span style=\"vertical-align: inherit;\"><span style=\"vertical-align: inherit;\">Viaje ekologin\u0117 vietin\u0117 Los Haitises nacionalinio parko vietin\u0117 turizmas. <\/span><span style=\"vertical-align: inherit;\">Apsilankykite Ridgway ir Nacionaliniame Los Haitises parke ir Sabana de la Mar en el Parque Nacional Los Haitises istorin\u0117se srityse.<\/span><\/span><\/p>\n<p>&nbsp;<\/p>\n<p><em><strong><span style=\"vertical-align: inherit;\"><span style=\"vertical-align: inherit;\">Pasirinkite ekskursij\u0105\u00a0<\/span><\/span><\/strong><\/em><\/p>","protected":false},"featured_media":16902,"template":"","meta":[],"product_brand":[],"product_cat":[255,946,932,927,253,254],"product_tag":[237,236,171,209,239,238,175,186,199,240],"class_list":{"0":"post-8850","1":"product","2":"type-product","3":"status-publish","4":"has-post-thumbnail","6":"product_cat-tours-excursions-samana-bay-dominican-republic","7":"product_cat-1-sabana-de-la-mar","8":"product_cat-birdwatching-los-haitises","9":"product_cat-hiking-los-haitises","10":"product_cat-tours-and-excursions","11":"product_cat-tours-excursions-los-haitises-national-park","12":"product_tag-birding","13":"product_tag-birdwatching","14":"product_tag-los-haitises","15":"product_tag-los-haitises-national-park","16":"product_tag-nature","17":"product_tag-ridgways-hawk","18":"product_tag-sabana-de-la-mar","19":"product_tag-samana","20":"product_tag-samana-bay","21":"product_tag-wildlife","23":"first","24":"instock","25":"sale","26":"shipping-taxable","27":"product-type-external"},"_links":{"self":[{"href":"https:\/\/ballenajorobada.com\/lt\/wp-json\/wp\/v2\/product\/8850","targetHints":{"allow":["GET"]}}],"collection":[{"href":"https:\/\/ballenajorobada.com\/lt\/wp-json\/wp\/v2\/product"}],"about":[{"href":"https:\/\/ballenajorobada.com\/lt\/wp-json\/wp\/v2\/types\/product"}],"wp:featuredmedia":[{"embeddable":true,"href":"https:\/\/ballenajorobada.com\/lt\/wp-json\/wp\/v2\/media\/16902"}],"wp:attachment":[{"href":"https:\/\/ballenajorobada.com\/lt\/wp-json\/wp\/v2\/media?parent=8850"}],"wp:term":[{"taxonomy":"product_brand","embeddable":true,"href":"https:\/\/ballenajorobada.com\/lt\/wp-json\/wp\/v2\/product_brand?post=8850"},{"taxonomy":"product_cat","embeddable":true,"href":"https:\/\/ballenajorobada.com\/lt\/wp-json\/wp\/v2\/product_cat?post=8850"},{"taxonomy":"product_tag","embeddable":true,"href":"https:\/\/ballenajorobada.com\/lt\/wp-json\/wp\/v2\/product_tag?post=8850"}],"curies":[{"name":"wp","href":"https:\/\/api.w.org\/{rel}","templated":true}]}}