{"id":8856,"date":"2019-04-11T11:50:47","date_gmt":"2019-04-11T11:50:47","guid":{"rendered":"https:\/\/www.ticketswhales.com\/?post_type=product&#038;p=8856"},"modified":"2025-02-02T17:04:14","modified_gmt":"2025-02-02T17:04:14","slug":"los-haitises-national-park-lunch-at-cano-hondo-from-sabana-de-la-mar","status":"publish","type":"product","link":"https:\/\/ballenajorobada.com\/lt\/Tours-Excursions\/tours-excursions-los-haitises-national-park\/los-haitises-nacionalinio-parko-pietus-cano-hondo-is-sabana-de-la-mar","title":{"rendered":"Los Haitises nacionalinis parkas + piet\u016bs Ca\u00f1o Hondo i\u0161 Sabana de la Mar"},"content":{"rendered":"<section class=\"wpb-content-wrapper\"><div class=\"vc_row wpb_row vc_row-fluid\" ><div class=\"wpb_column vc_column_container vc_col-sm-12\"><div class=\"vc_column-inner\"><div class=\"wpb_wrapper\"><div class=\"vc_btn3-container vc_btn3-inline\" ><a class=\"vc_general vc_btn3 vc_btn3-size-md vc_btn3-shape-rounded vc_btn3-style-modern vc_btn3-color-green\" href=\"https:\/\/bookingadventures.tours\/booking.php?tour_id=564682de5ff3fb75370322d9bb29062a\" title=\"\" rel=\"noopener\">U\u017dSAKYTI DABAR<\/a><\/div><div class=\"mkdf-section-title-holder\" style=\"text-align: left\">\n\t<div class=\"mkdf-st-inner\">\n\t\t\t\t\t<h5 class=\"mkdf-st-subtitle\" >\n\t\t\t\tPiet\u016bs ir maudyn\u0117s nat\u016braliuose \u0161altiniuose\t\t\t<\/h5>\n\t\t\t\t\t\t\t<h3 class=\"mkdf-st-title\" >\n\t\t\t\tLos Haitises nacionalinis parkas + piet\u016bs Cano Hondo i\u0161 Sabana de la Mar\t\t\t<\/h3>\n\t\t\t\t\t<\/div>\n<\/div><div class=\"vc_empty_space\"   style=\"height: 32px\"><span class=\"vc_empty_space_inner\"><\/span><\/div>\n\t<div class=\"wpb_text_column wpb_content_element\" >\n\t\t<div class=\"wpb_wrapper\">\n\t\t\t<div class=\"mkdf-single-product-content\">\n<div class=\"woocommerce-product-gallery woocommerce-product-gallery--with-images woocommerce-product-gallery--columns-4 images\" data-columns=\"4\"><\/div>\n<\/div>\n<div class=\"woocommerce-tabs wc-tabs-wrapper\">\n<div id=\"tab-description\" class=\"woocommerce-Tabs-panel woocommerce-Tabs-panel--description panel entry-content wc-tab\" role=\"tabpanel\" aria-labelledby=\"tab-title-description\">\n<div class=\"vc_row wpb_row vc_row-fluid\"><a id=\"overview\" class=\"aal_anchor\" style=\"font-size: 25px; font-weight: bold; letter-spacing: -0.005em;\" href=\"https:\/\/bookingadventures.com.do\/dominicantour\/los-haitises-national-park-lunch-at-cano-hondo-from-sabana-de-la-mar\/#overview\" aria-hidden=\"true\" rel=\"noopener\"><\/a><b style=\"color: #303030; font-size: 25px; letter-spacing: -0.005em;\"><i>Ap\u017evalga<\/i><\/b><\/div>\n<p>Visos dienos kelion\u0117 Los Haitises nacionaliniame parke ir piet\u016bs Ca\u00f1o Hondo bei plaukimas nat\u016braliuose \u0161altiniuose. Atvykite su mumis ir aplankykite gra\u017eiausi\u0105 Dominikos Respublikos nacionalin\u012f park\u0105, aplankykite mangroves, urvus ir San Lorenzo \u012flank\u0105. Atgal \u012f Ca\u00f1o Hondo uost\u0105, kad gal\u0117tum\u0117te pasivaik\u0161\u010dioti 15 minu\u010di\u0173 ir pasim\u0117gauti \u012fprastais pietumis su vaizdu \u012f j\u016br\u0105 \u012f Los Haitises nacionalin\u012f park\u0105. Po \u0161io Plaukimas nat\u016braliame pavasarie iki 16:30 val.<\/p>\n<p>Po \u0161ios patirties praleisite laik\u0105 papl\u016bdimyje ir vietinius pietus papl\u016bdimyje.<\/p>\n<ul>\n<li>\u012e kain\u0105 \u012fskai\u010diuoti savitarnos piet\u016bs<\/li>\n<li>Plaukimas nat\u016braliuose \u0161altiniuose<\/li>\n<li>Mokes\u010diai \u012fskai\u010diuoti<\/li>\n<li>Vadove pateikiami nurodymai ir prie\u017ei\u016bra<\/li>\n<\/ul>\n<p>&nbsp;<\/p>\n<h4><a id=\"inclusions-exclusions\" class=\"aal_anchor\" href=\"https:\/\/bookingadventures.com.do\/dominicantour\/los-haitises-national-park-lunch-at-cano-hondo-from-sabana-de-la-mar\/#inclusions-exclusions\" aria-hidden=\"true\" rel=\"noopener\"><\/a><b>\u012etraukimai ir i\u0161imtys<\/b><\/h4>\n<p>&nbsp;<\/p>\n<p><b>Inkliuzai<\/b><\/p>\n<ol>\n<li>\u00a0piet\u016bs Ecolodge<\/li>\n<li>Los Haitises turas + urvai ir piktogramos<\/li>\n<li>Visi mokes\u010diai, rinkliavos ir tvarkymo mokes\u010diai<\/li>\n<li>Vietiniai mokes\u010diai<\/li>\n<li>G\u0117rimai<\/li>\n<li>Visa veikla<\/li>\n<li>Vietinis gidas<\/li>\n<\/ol>\n<p><b>I\u0161imtys<\/b><\/p>\n<ol>\n<li>Arbatpinigiai<\/li>\n<li>Perdavimas<\/li>\n<li>Alkoholiniai g\u0117rimai<\/li>\n<\/ol>\n<p>&nbsp;<\/p>\n<h4><a id=\"departure-return\" class=\"aal_anchor\" href=\"https:\/\/bookingadventures.com.do\/dominicantour\/los-haitises-national-park-lunch-at-cano-hondo-from-sabana-de-la-mar\/#departure-return\" aria-hidden=\"true\" rel=\"noopener\"><\/a><em><strong>I\u0161vykimas ir gr\u012f\u017eimas<\/strong><\/em><\/h4>\n<p>Keliautojas gaus susitikimo viet\u0105 po rezervacijos proceso. Ekskursijos prasideda ir baigiasi m\u016bs\u0173 susitikimo vietose.<\/p>\n<p>&nbsp;<\/p>\n<h4><a id=\"what-to-expect\" class=\"aal_anchor\" href=\"https:\/\/bookingadventures.com.do\/dominicantour\/los-haitises-national-park-lunch-at-cano-hondo-from-sabana-de-la-mar\/#what-to-expect\" aria-hidden=\"true\" rel=\"noopener\"><\/a><b><i>Ko tik\u0117tis?<\/i><\/b><\/h4>\n<p>&nbsp;<\/p>\n<p><em><strong>Gaukite bilietus<\/strong><\/em>\u00a0u\u017e apsilankym\u0105 Los Haitises nacionaliniame parke su nuostabiais pietumis Cano Hondo ir maudyn\u0117mis prie nat\u016brali\u0173 \u0161altini\u0173. Leiskit\u0117s \u012f kelion\u0119 laivu per mangrovi\u0173 pelkes, pro senovinius pirat\u0173 urvus ir \u012f saugomus mi\u0161kus \u0161iame vaizdingame rezervate, pradedant nuo Ca\u00f1o Hondo Hotels rajono arba nuo Sabana de la Mar.<\/p>\n<p>Ekskursija, kuri\u0105 organizuoja \u201eBooking Adventures\u201c, prasideda susitikimo ta\u0161ke, kuriame yra kelion\u0117s vadovas. Ateikite su Booking Adventures ir prad\u0117kite ap\u017ei\u016br\u0117ti pauk\u0161\u010di\u0173 pilnas mangroves, ve\u0161lios augmenijos kalvas ir urvus\u00a0<em><strong>Los Haitises nacionalinis parkas<\/strong><\/em>. Plaukimas laivu Ekskursija i\u0161 Ca\u00f1o Hondo up\u0117s, Sabana de la Mar.<\/p>\n<p>Per mangroves ir \u017eem\u0119 atviroje San Lorenzo \u012flankoje, i\u0161 kurios galite fotografuoti at\u0161iaur\u0173 mi\u0161ko kra\u0161tovaizd\u012f. Pa\u017ei\u016br\u0117kite \u012f vanden\u012f, kad pasteb\u0117tum\u0117te\u00a0<em><strong>Lamantinai<\/strong><\/em>, v\u0117\u017eiagyviai ir\u00a0<em><strong>delfinai.<\/strong><\/em><\/p>\n<div class=\"body-description secondary\">\n<p>Nacionalinio parko pavadinimas kil\u0119s nuo pirm\u0173j\u0173 jo gyventoj\u0173 Taino ind\u0117n\u0173. J\u0173 kalba \u201ehaitis\u201c rei\u0161kia auk\u0161tumos arba kalvos, nuoroda \u012f pakrant\u0117s sta\u010dius geologinius darinius su kalkakmeniais. Pasivaik\u0161\u010diokite giliau \u012f park\u0105 ir ap\u017ei\u016br\u0117kite urvus, tokius kaip\u00a0<em><strong>Cueva de la Arena<\/strong><\/em>\u00a0ir\u00a0<strong><em>Cueva de la linea.<\/em><\/strong>\u00a0Draustinyje esan\u010dius urvus kaip prieglobst\u012f naudojo taino ind\u0117nai, o v\u0117liau \u2013 piratai. Ie\u0161kokite ind\u0117n\u0173 pie\u0161ini\u0173, kurie puo\u0161ia kai kurias sienas. Aplank\u0119 Los Haitises nacionalin\u012f park\u0105 vyksime \u012f Ca\u00f1o Hondo. Ca\u00f1o Hondo mieste su\u017einosite apie \u0161io ekologinio stiliaus istorij\u0105 ir piet\u0173 metu valgysite tipi\u0161k\u0105 maist\u0105 i\u0161 Sabana de la Mar bendruomen\u0117s.<\/p>\n<p>Piet\u016bs bus skan\u016bs, bet mes dar nebaig\u0117me. Po piet\u0173 plauksime nat\u016braliame \u0161altinyje nuo Jibales up\u0117s, daugiamet\u0117s up\u0117s, iki Ca\u00f1o Hondo up\u0117s. Jei norite ar ma\u017eiau, apsistokite \u201eCa\u00f1o Hondo\u201c iki 18:00 val.<\/p>\n<\/div>\n<p>Nat\u016braliame basein\u0173 \u0161altinyje galite likti tol, kol norite maudytis ir vaik\u0161\u010dioti p\u0117s\u010diomis. Jei esate veganas, taip pat galime pasi\u016blyti jums maisto.<\/p>\n<p>&nbsp;<\/p>\n<h4><a id=\"what-you-should-bring\" class=\"aal_anchor\" href=\"https:\/\/bookingadventures.com.do\/dominicantour\/los-haitises-national-park-lunch-at-cano-hondo-from-sabana-de-la-mar\/#what-you-should-bring\" aria-hidden=\"true\" rel=\"noopener\"><\/a><em><strong>K\u0105 tur\u0117tum atsine\u0161ti?<\/strong><\/em><\/h4>\n<ul>\n<li>Fotoaparatas<\/li>\n<li>Atbaidantys pumpurai<\/li>\n<li>kremas nuo saul\u0117s<\/li>\n<li>Skryb\u0117l\u0117<\/li>\n<li>Patogios kelnes<\/li>\n<li>\u017dygio batai mi\u0161kui<\/li>\n<li>Sandalai pavasario zonoms.<\/li>\n<li>Plaukimo apranga<\/li>\n<\/ul>\n<p>&nbsp;<\/p>\n<h4><a id=\"hotel-pickup\" class=\"aal_anchor\" href=\"https:\/\/bookingadventures.com.do\/dominicantour\/los-haitises-national-park-lunch-at-cano-hondo-from-sabana-de-la-mar\/#hotel-pickup\" aria-hidden=\"true\" rel=\"noopener\"><\/a><b><i>Vie\u0161bu\u010dio pa\u0117mimas<\/i><\/b><\/h4>\n<p>\u0160ios kelion\u0117s metu perve\u017eimas \u012f vie\u0161but\u012f nesi\u016blomas.<\/p>\n<p>&nbsp;<\/p>\n<p><b>Pastaba:<\/b>\u00a0Jei rezervuojate per 24 valandas nuo kelion\u0117s\/ekskursijos i\u0161vykimo laiko, mes galime susitarti d\u0117l pa\u0117mimo i\u0161 vie\u0161bu\u010dio su papildomais mokes\u010diais. Kai pirkimas bus baigtas, mes atsi\u0173sime jums vis\u0105 kontaktin\u0119 informacij\u0105 (telefono numer\u012f, el. pa\u0161to adres\u0105 ir kt.), skirt\u0105 m\u016bs\u0173 vietiniam kelioni\u0173 vadovui, kad gal\u0117tume susitarti d\u0117l pa\u0117mimo.<\/p>\n<h4><a id=\"additional-info-confirmation\" class=\"aal_anchor\" href=\"https:\/\/bookingadventures.com.do\/dominicantour\/los-haitises-national-park-lunch-at-cano-hondo-from-sabana-de-la-mar\/#additional-info-confirmation\" aria-hidden=\"true\" rel=\"noopener\"><\/a><b><i>Papildomos informacijos patvirtinimas<\/i><\/b><\/h4>\n<ol>\n<li>Bilietai yra kvitas apmok\u0117jus \u0161i\u0105 kelion\u0119. Mok\u0117jim\u0105 galite parodyti savo telefone.<\/li>\n<li>Susitikimo vieta bus gauta po rezervacijos proceso.<\/li>\n<li>Vaikus turi lyd\u0117ti suaug\u0119s asmuo.<\/li>\n<li>Nepritaikoma ne\u012fgaliojo ve\u017eim\u0117liu<\/li>\n<li>K\u016bdikiai turi s\u0117d\u0117ti ant keli\u0173<\/li>\n<li>Nerekomenduojama keliautojams, turintiems nugaros problem\u0173<\/li>\n<li>Nerekomenduojama besilaukian\u010dioms keliautojoms<\/li>\n<li>Joki\u0173 \u0161irdies problem\u0173 ar kit\u0173 rimt\u0173 sveikatos sutrikim\u0173<\/li>\n<li>Dalyvauti gali dauguma keliautoj\u0173<\/li>\n<\/ol>\n<\/div>\n<\/div>\n\n\t\t<\/div>\n\t<\/div>\n<div class=\"vc_empty_space\"   style=\"height: 32px\"><span class=\"vc_empty_space_inner\"><\/span><\/div><\/div><\/div><\/div><\/div><div class=\"wpb_column vc_column_container vc_col-sm-12\"><div class=\"vc_column-inner\"><div class=\"wpb_wrapper\"><\/div><\/div><\/div><div class=\"wpb_column vc_column_container vc_col-sm-12\"><div class=\"vc_column-inner\"><div class=\"wpb_wrapper\"><\/div><\/div><\/div><div class=\"wpb_column vc_column_container vc_col-sm-12\"><div class=\"vc_column-inner\"><div class=\"wpb_wrapper\"><\/div><\/div><\/div>\n<\/section>","protected":false},"excerpt":{"rendered":"<p>Ekskursija \u012f Los Haitises nacionalin\u012f park\u0105 pradedant nuo Sabana de la Mar, apsilankymas mangroviuose, urvuose, piktogramose + piet\u016bs Can\u00f1o Hondo turai ir baseinai.<\/p>\n<p>Sukurkite \u0161i\u0105 kelion\u0119 su p\u0117s\u010di\u0173j\u0173 taku ir su\u017einokite apie Los Haitises nacionalinio parko istorij\u0105 i\u0161 vietini\u0173 gyventoj\u0173.<\/p>\n<p>&nbsp;<\/p>\n<p><strong>Pasirinkite kelion\u0117s dat\u0105:\u00a0<\/strong><\/p>","protected":false},"featured_media":16912,"template":"","meta":[],"product_brand":[],"product_cat":[254,946,928,933,255],"product_tag":[176,211,210,192,215,214,171,209,212,175,213],"class_list":{"0":"post-8856","1":"product","2":"type-product","3":"status-publish","4":"has-post-thumbnail","6":"product_cat-tours-excursions-los-haitises-national-park","7":"product_cat-1-sabana-de-la-mar","8":"product_cat-boat-trip-los-haitises","9":"product_cat-natural-pools-los-haitises","10":"product_cat-tours-excursions-samana-bay-dominican-republic","11":"product_tag-cano-hondo","12":"product_tag-cano-hondo-hotel","13":"product_tag-cano-hondo-tours","14":"product_tag-day-tour-cano-hondo","15":"product_tag-la-arena-cave","16":"product_tag-line-cave","17":"product_tag-los-haitises","18":"product_tag-los-haitises-national-park","19":"product_tag-mangroves-los-haitises","20":"product_tag-sabana-de-la-mar","21":"product_tag-san-lorenzo-bay","23":"first","24":"instock","25":"sale","26":"sold-individually","27":"shipping-taxable","28":"product-type-external"},"_links":{"self":[{"href":"https:\/\/ballenajorobada.com\/lt\/wp-json\/wp\/v2\/product\/8856","targetHints":{"allow":["GET"]}}],"collection":[{"href":"https:\/\/ballenajorobada.com\/lt\/wp-json\/wp\/v2\/product"}],"about":[{"href":"https:\/\/ballenajorobada.com\/lt\/wp-json\/wp\/v2\/types\/product"}],"wp:featuredmedia":[{"embeddable":true,"href":"https:\/\/ballenajorobada.com\/lt\/wp-json\/wp\/v2\/media\/16912"}],"wp:attachment":[{"href":"https:\/\/ballenajorobada.com\/lt\/wp-json\/wp\/v2\/media?parent=8856"}],"wp:term":[{"taxonomy":"product_brand","embeddable":true,"href":"https:\/\/ballenajorobada.com\/lt\/wp-json\/wp\/v2\/product_brand?post=8856"},{"taxonomy":"product_cat","embeddable":true,"href":"https:\/\/ballenajorobada.com\/lt\/wp-json\/wp\/v2\/product_cat?post=8856"},{"taxonomy":"product_tag","embeddable":true,"href":"https:\/\/ballenajorobada.com\/lt\/wp-json\/wp\/v2\/product_tag?post=8856"}],"curies":[{"name":"wp","href":"https:\/\/api.w.org\/{rel}","templated":true}]}}