{"id":16552,"date":"2023-10-29T11:41:45","date_gmt":"2023-10-29T11:41:45","guid":{"rendered":"https:\/\/www.ticketswhales.com\/?post_type=product&#038;p=16552"},"modified":"2023-10-29T12:15:58","modified_gmt":"2023-10-29T12:15:58","slug":"los-haitises-national-park-lunch-at-cano-hondo-from-sabana-de-la-mar-copy","status":"publish","type":"product","link":"https:\/\/ballenajorobada.com\/nb\/Tours-Excursions\/tours-excursions-los-haitises-national-park\/los-haitises-nasjonalpark-lunsj-pa-cano-hondo-fra-sabana-de-la-mar-kopi","title":{"rendered":"Los Haitises nasjonalpark + lunsj p\u00e5 Ca\u00f1o Hondo fra Sabana de la Mar (kopi)"},"content":{"rendered":"<section class=\"wpb-content-wrapper\"><div class=\"vc_row wpb_row vc_row-fluid\" ><div class=\"wpb_column vc_column_container vc_col-sm-12\"><div class=\"vc_column-inner\"><div class=\"wpb_wrapper\">\n\t<div class=\"wpb_text_column wpb_content_element\" >\n\t\t<div class=\"wpb_wrapper\">\n\t\t\t<div class=\"mkdf-single-product-content\">\n<div class=\"woocommerce-product-gallery woocommerce-product-gallery--with-images woocommerce-product-gallery--columns-4 images\" data-columns=\"4\"><\/div>\n<\/div>\n<div class=\"woocommerce-tabs wc-tabs-wrapper\">\n<div id=\"tab-description\" class=\"woocommerce-Tabs-panel woocommerce-Tabs-panel--description panel entry-content wc-tab\" role=\"tabpanel\" aria-labelledby=\"tab-title-description\">\n<div class=\"vc_row wpb_row vc_row-fluid\"><a id=\"overview\" class=\"aal_anchor\" style=\"font-size: 25px; font-weight: bold; letter-spacing: -0.005em;\" href=\"https:\/\/bookingadventures.com.do\/dominicantour\/los-haitises-national-park-lunch-at-cano-hondo-from-sabana-de-la-mar\/#overview\" aria-hidden=\"true\" rel=\"noopener\"><\/a><b style=\"color: #303030; font-size: 25px; letter-spacing: -0.005em;\"><i>Oversikt<\/i><\/b><\/div>\n<p>Heldagstur Los Haitises nasjonalpark og lunsj p\u00e5 Ca\u00f1o Hondo pluss sv\u00f8mming i naturlige kilder. Bli med oss og bes\u00f8k den vakreste nasjonalparken i Den dominikanske republikk, bes\u00f8ke mangrover, grotter og San Lorenzo Bay. Dem tilbake til Ca\u00f1o Hondo havn for \u00e5 vandre 15 minutter \u00e5 g\u00e5 og nyte en typisk lunsj med havutsikt til Los Haitises nasjonalpark. Etter dette Sv\u00f8mming i naturlig v\u00e5r til 16:30.<\/p>\n<p>Etter denne opplevelsen vil du f\u00e5 tid p\u00e5 stranden pluss lokal lunsj p\u00e5 stranden.<\/p>\n<ul>\n<li>Inkluderer lunsjbuff\u00e9<\/li>\n<li>Sv\u00f8mming i naturlige kilder<\/li>\n<li>Avgifter inkludert<\/li>\n<li>Veilederen gir instruksjon og veiledning<\/li>\n<\/ul>\n<p>&nbsp;<\/p>\n<h4><a id=\"inclusions-exclusions\" class=\"aal_anchor\" href=\"https:\/\/bookingadventures.com.do\/dominicantour\/los-haitises-national-park-lunch-at-cano-hondo-from-sabana-de-la-mar\/#inclusions-exclusions\" aria-hidden=\"true\" rel=\"noopener\"><\/a><b>Inkluderinger og ekskluderinger<\/b><\/h4>\n<p>&nbsp;<\/p>\n<p><b>Inkluderinger<\/b><\/p>\n<ol>\n<li>\u00a0lunsj p\u00e5 Ecolodge<\/li>\n<li>Los Haitises-tur + grotter og piktografer<\/li>\n<li>Alle skatter, avgifter og h\u00e5ndteringskostnader<\/li>\n<li>Lokale skatter<\/li>\n<li>Drikkevarer<\/li>\n<li>Alle aktiviteter<\/li>\n<li>Lokal guide<\/li>\n<\/ol>\n<p><b>Ekskluderinger<\/b><\/p>\n<ol>\n<li>Drikkepenger<\/li>\n<li>Overf\u00f8re<\/li>\n<li>Alkoholholdige drinker<\/li>\n<\/ol>\n<p>&nbsp;<\/p>\n<h4><a id=\"departure-return\" class=\"aal_anchor\" href=\"https:\/\/bookingadventures.com.do\/dominicantour\/los-haitises-national-park-lunch-at-cano-hondo-from-sabana-de-la-mar\/#departure-return\" aria-hidden=\"true\" rel=\"noopener\"><\/a><em><strong>Avreise og retur<\/strong><\/em><\/h4>\n<p>Den reisende vil f\u00e5 et m\u00f8tepunkt etter reservasjonsprosessen. Turer starter og slutter i m\u00f8testedene v\u00e5re.<\/p>\n<p>&nbsp;<\/p>\n<h4><a id=\"what-to-expect\" class=\"aal_anchor\" href=\"https:\/\/bookingadventures.com.do\/dominicantour\/los-haitises-national-park-lunch-at-cano-hondo-from-sabana-de-la-mar\/#what-to-expect\" aria-hidden=\"true\" rel=\"noopener\"><\/a><b><i>Hva \u00e5 forvente?<\/i><\/b><\/h4>\n<p>&nbsp;<\/p>\n<p><em><strong>Skaff deg billetter<\/strong><\/em>\u00a0for \u00e5 bes\u00f8ke Los Haitises nasjonalpark med en herlig lunsj p\u00e5 Cano Hondo og sv\u00f8mming ved de naturlige kildene. Ta en b\u00e5ttur gjennom mangrovesumper, forbi eldgamle piratgrotter og inn i beskyttede skoger i dette pittoreske reservatet med start fra Ca\u00f1o Hondo Hotels-omr\u00e5det eller fra Sabana de la Mar.<\/p>\n<p>Turen, organisert av &quot;Booking Adventures&quot; starter p\u00e5 m\u00f8tepunktet satt med turguiden. Kom med Booking Adventures og begynn \u00e5 sjekke noen fuglefylte mangrover, b\u00f8lgende \u00e5ser med frodig vegetasjon og grotter i\u00a0<em><strong>Los Haitises nasjonalpark<\/strong><\/em>. Ta en b\u00e5tutflukt fra elven Ca\u00f1o Hondo, Sabana de la Mar.<\/p>\n<p>Gjennom mangrovene og land ved den \u00e5pne San Lorenzo-bukten, hvorfra du kan fotografere det robuste skogslandskapet. Se til vannet for \u00e5 f\u00e5 \u00f8ye p\u00e5\u00a0<em><strong>Manater<\/strong><\/em>, krepsdyr og\u00a0<em><strong>delfiner.<\/strong><\/em><\/p>\n<div class=\"body-description secondary\">\n<p>Nasjonalparkens navn kommer fra dens opprinnelige innbyggere, Taino-indianerne. P\u00e5 deres spr\u00e5k oversettes &quot;haitises&quot; til h\u00f8yland eller \u00e5ser, en referanse til kystlinjens bratte geologiske formasjoner med kalksteiner. G\u00e5 dypere inn i parken for \u00e5 utforske grotter som Cueva San Gabriel,\u00a0<em><strong>Cueva de la Arena<\/strong><\/em>\u00a0og\u00a0<strong><em>Cueva de la linea.<\/em><\/strong>\u00a0Grotter i reservatet ble brukt som ly av Taino-indianerne og senere ved \u00e5 skjule pirater. Se etter tegninger av indianere som dekorerer noen av veggene. Etter \u00e5 ha bes\u00f8kt Los Haitises nasjonalpark drar vi til Ca\u00f1o Hondo. I Ca\u00f1o Hondo l\u00e6rer du om denne ecolodge-historien og lunsjtid med den typiske maten fra Sabana de la Mar-samfunnet.<\/p>\n<p>Lunsj vil v\u00e6re deilig, men vi er ikke ferdige enn\u00e5. Etter lunsj vil vi sv\u00f8mme i den naturlige v\u00e5ren fra Jibales-elven, en fler\u00e5rig elv til Ca\u00f1o Hondo-elven. Bo p\u00e5 Ca\u00f1o Hondo til 18:00 hvis du vil eller mindre.<\/p>\n<\/div>\n<p>I Pools Natural Spring kan du bo s\u00e5 lenge du vil bade og vandre rundt. Hvis du er veganer, kan vi ogs\u00e5 lage mat til deg.<\/p>\n<p>&nbsp;<\/p>\n<h4><a id=\"what-you-should-bring\" class=\"aal_anchor\" href=\"https:\/\/bookingadventures.com.do\/dominicantour\/los-haitises-national-park-lunch-at-cano-hondo-from-sabana-de-la-mar\/#what-you-should-bring\" aria-hidden=\"true\" rel=\"noopener\"><\/a><em><strong>Hva b\u00f8r du ta med?<\/strong><\/em><\/h4>\n<ul>\n<li>Kamera<\/li>\n<li>Avvisende knopper<\/li>\n<li>solkrem<\/li>\n<li>Hatt<\/li>\n<li>Komfortable bukser<\/li>\n<li>Tursko for skog<\/li>\n<li>Sandaler til v\u00e5romr\u00e5dene.<\/li>\n<li>Badet\u00f8y<\/li>\n<\/ul>\n<p>&nbsp;<\/p>\n<h4><a id=\"hotel-pickup\" class=\"aal_anchor\" href=\"https:\/\/bookingadventures.com.do\/dominicantour\/los-haitises-national-park-lunch-at-cano-hondo-from-sabana-de-la-mar\/#hotel-pickup\" aria-hidden=\"true\" rel=\"noopener\"><\/a><b><i>Hotellhenting<\/i><\/b><\/h4>\n<p>Hotellhenting tilbys ikke for denne turen.<\/p>\n<p>&nbsp;<\/p>\n<p><b>Merk:<\/b>\u00a0hvis du bestiller innen 24 timer etter turens\/utfluktens avgangstid, kan vi ordne hotellhenting med ekstra kostnader. N\u00e5r kj\u00f8pet er fullf\u00f8rt, vil vi sende deg fullstendig kontaktinformasjon (telefonnummer, e-postadresse osv.) slik at v\u00e5r lokale turguide kan organisere hentingsordninger.<\/p>\n<h4><a id=\"additional-info-confirmation\" class=\"aal_anchor\" href=\"https:\/\/bookingadventures.com.do\/dominicantour\/los-haitises-national-park-lunch-at-cano-hondo-from-sabana-de-la-mar\/#additional-info-confirmation\" aria-hidden=\"true\" rel=\"noopener\"><\/a><b><i>Bekreftelse av tilleggsinformasjon<\/i><\/b><\/h4>\n<ol>\n<li>Billetter er kvitteringen etter \u00e5 ha betalt denne turen. Du kan vise betalingen p\u00e5 telefonen.<\/li>\n<li>M\u00f8tepunkt vil bli mottatt etter reservasjonsprosessen.<\/li>\n<li>Barn m\u00e5 v\u00e6re i f\u00f8lge med en voksen.<\/li>\n<li>Ikke tilgjengelig for rullestolbrukere<\/li>\n<li>Spedbarn m\u00e5 sitte p\u00e5 fanget<\/li>\n<li>Anbefales ikke for reisende med ryggproblemer<\/li>\n<li>Anbefales ikke for gravide reisende<\/li>\n<li>Ingen hjerteproblemer eller andre alvorlige medisinske tilstander<\/li>\n<li>De fleste reisende kan delta<\/li>\n<\/ol>\n<\/div>\n<\/div>\n\n\t\t<\/div>\n\t<\/div>\n<div class=\"vc_btn3-container vc_btn3-inline\" ><a class=\"vc_general vc_btn3 vc_btn3-size-md vc_btn3-shape-rounded vc_btn3-style-modern vc_btn3-color-green\" href=\"https:\/\/bookingadventures.tours\/booking.php?tour_id=564682de5ff3fb75370322d9bb29062a\" title=\"\" rel=\"noopener\">BESTILL N\u00c5<\/a><\/div><div class=\"mkdf-section-title-holder\" style=\"text-align: left\">\n\t<div class=\"mkdf-st-inner\">\n\t\t\t\t\t<h5 class=\"mkdf-st-subtitle\" >\n\t\t\t\tLunsj og sv\u00f8mming ved Natural Springs\t\t\t<\/h5>\n\t\t\t\t\t\t\t<h3 class=\"mkdf-st-title\" >\n\t\t\t\tLos Haitises nasjonalpark + lunsj p\u00e5 Cano Hondo fra Sabana de la Mar\t\t\t<\/h3>\n\t\t\t\t\t<\/div>\n<\/div><div class=\"vc_empty_space\"   style=\"height: 32px\"><span class=\"vc_empty_space_inner\"><\/span><\/div><div class=\"vc_empty_space\"   style=\"height: 32px\"><span class=\"vc_empty_space_inner\"><\/span><\/div><\/div><\/div><\/div><\/div><div class=\"wpb_column vc_column_container vc_col-sm-12\"><div class=\"vc_column-inner\"><div class=\"wpb_wrapper\"><\/div><\/div><\/div><div class=\"wpb_column vc_column_container vc_col-sm-12\"><div class=\"vc_column-inner\"><div class=\"wpb_wrapper\"><\/div><\/div><\/div><div class=\"wpb_column vc_column_container vc_col-sm-12\"><div class=\"vc_column-inner\"><div class=\"wpb_wrapper\"><\/div><\/div><\/div>\n<\/section>","protected":false},"excerpt":{"rendered":"<p>Utflukt til Los Haitises nasjonalpark med start fra Sabana de la Mar, bes\u00f8k til mangrover, grotter, piktogrammer + lunsj i Can\u00f1o Hondo-turer og bassenger.<\/p>\n<p>Sett opp denne turen med en tursti og l\u00e6r om historien til Los Haitises nasjonalpark fra lokalbefolkningen.<\/p>\n<p>&nbsp;<\/p>\n<p><strong>Velg dato for turen:\u00a0<\/strong><\/p>","protected":false},"featured_media":12271,"template":"","meta":[],"product_brand":[],"product_cat":[254,946,928,933,255],"product_tag":[176,211,210,192,215,214,171,209,212,175,213],"class_list":{"0":"post-16552","1":"product","2":"type-product","3":"status-publish","4":"has-post-thumbnail","6":"product_cat-tours-excursions-los-haitises-national-park","7":"product_cat-1-sabana-de-la-mar","8":"product_cat-boat-trip-los-haitises","9":"product_cat-natural-pools-los-haitises","10":"product_cat-tours-excursions-samana-bay-dominican-republic","11":"product_tag-cano-hondo","12":"product_tag-cano-hondo-hotel","13":"product_tag-cano-hondo-tours","14":"product_tag-day-tour-cano-hondo","15":"product_tag-la-arena-cave","16":"product_tag-line-cave","17":"product_tag-los-haitises","18":"product_tag-los-haitises-national-park","19":"product_tag-mangroves-los-haitises","20":"product_tag-sabana-de-la-mar","21":"product_tag-san-lorenzo-bay","23":"first","24":"instock","25":"sale","26":"sold-individually","27":"shipping-taxable","28":"product-type-external"},"_links":{"self":[{"href":"https:\/\/ballenajorobada.com\/nb\/wp-json\/wp\/v2\/product\/16552","targetHints":{"allow":["GET"]}}],"collection":[{"href":"https:\/\/ballenajorobada.com\/nb\/wp-json\/wp\/v2\/product"}],"about":[{"href":"https:\/\/ballenajorobada.com\/nb\/wp-json\/wp\/v2\/types\/product"}],"wp:featuredmedia":[{"embeddable":true,"href":"https:\/\/ballenajorobada.com\/nb\/wp-json\/wp\/v2\/media\/12271"}],"wp:attachment":[{"href":"https:\/\/ballenajorobada.com\/nb\/wp-json\/wp\/v2\/media?parent=16552"}],"wp:term":[{"taxonomy":"product_brand","embeddable":true,"href":"https:\/\/ballenajorobada.com\/nb\/wp-json\/wp\/v2\/product_brand?post=16552"},{"taxonomy":"product_cat","embeddable":true,"href":"https:\/\/ballenajorobada.com\/nb\/wp-json\/wp\/v2\/product_cat?post=16552"},{"taxonomy":"product_tag","embeddable":true,"href":"https:\/\/ballenajorobada.com\/nb\/wp-json\/wp\/v2\/product_tag?post=16552"}],"curies":[{"name":"wp","href":"https:\/\/api.w.org\/{rel}","templated":true}]}}