{"id":9200,"date":"2019-07-12T13:02:38","date_gmt":"2019-07-12T13:02:38","guid":{"rendered":"https:\/\/www.ticketswhales.com\/?post_type=product&#038;p=9200"},"modified":"2025-02-02T17:08:20","modified_gmt":"2025-02-02T17:08:20","slug":"el-limon-waterfall-cayo-levantado-excursiones-samana","status":"publish","type":"product","link":"https:\/\/ballenajorobada.com\/nb\/Tours-Excursions\/tours-and-excursions\/el-limon-fossen-cayo-levantado-utflukter-samana","title":{"rendered":"El Lim\u00f3n-fossen og Cayo Levantado privat tur"},"content":{"rendered":"<section class=\"wpb-content-wrapper\"><div class=\"vc_row wpb_row vc_row-fluid\" ><div class=\"wpb_column vc_column_container vc_col-sm-12\"><div class=\"vc_column-inner\"><div class=\"wpb_wrapper\"><div class=\"mkdf-section-title-holder\" style=\"text-align: left\">\n\t<div class=\"mkdf-st-inner\">\n\t\t\t\t\t<h5 class=\"mkdf-st-subtitle\" >\n\t\t\t\tTransport og lunsj inkludert\t\t\t<\/h5>\n\t\t\t\t\t\t\t<h3 class=\"mkdf-st-title\" >\n\t\t\t\tEl Limon-fossene pluss Cayo Levantado privat tur\t\t\t<\/h3>\n\t\t\t\t\t<\/div>\n<\/div><\/div><\/div><\/div><\/div><div class=\"vc_row wpb_row vc_row-fluid\" ><div class=\"wpb_column vc_column_container vc_col-sm-12\"><div class=\"vc_column-inner\"><div class=\"wpb_wrapper\"><div class=\"vc_btn3-container vc_btn3-inline\" ><button class=\"vc_general vc_btn3 vc_btn3-size-md vc_btn3-shape-rounded vc_btn3-style-modern vc_btn3-color-green\">BESTILL N\u00c5<\/button><\/div>\n\t<div class=\"wpb_text_column wpb_content_element\" >\n\t\t<div class=\"wpb_wrapper\">\n\t\t\t<h3 class=\"LC20lb\">El Lim\u00f3n-fossen + Cayo Levantado \u2013 Heldagstur til Excursiones Saman\u00e1.<\/h3>\n<h4><b><i>Oversikt <\/i><\/b><\/h4>\n<p>Privat utflukt for \u00e5 bes\u00f8ke El Limon-fossene og Cayo Levantado (Bacrdi-\u00f8ya). To aktiviteter p\u00e5 bare \u00e9n dag, bes\u00f8k med lokal turguide skj\u00f8nnheten fra skogen og fossene fra el limon-samfunnet. Du kan ta denne turen til fots eller ri p\u00e5 hester gjennom kaffe- og kokosn\u00f8tterstiene. Etter \u00e5 ha bes\u00f8kt El limon-fossene, kj\u00f8rer vi til bryggen i Samana sentrum og tar en b\u00e5t til Cayo Levantado, ogs\u00e5 kalt Bacardi-\u00f8ya. Der vil vi ha lunsjbuff\u00e9 og ettermiddagssv\u00f8mming i Cayo Levantado-stranden med muligheter for snorkling p\u00e5 korallrevene.<\/p>\n<p>Etter denne opplevelsen vil du komme tilbake til m\u00f8tepunktet v\u00e5rt hvor vi henter deg.<\/p>\n<ul>\n<li style=\"font-weight: 400;\">Avgifter inkludert<\/li>\n<li>Lunsj<\/li>\n<li>Snacks<\/li>\n<li style=\"font-weight: 400;\">Lokal reiseleder p\u00e5 engelsk eller fransk<\/li>\n<li>Transport<\/li>\n<li>B\u00e5ttur<\/li>\n<\/ul>\n<p>&nbsp;<\/p>\n<h4><b>Inkluderinger og ekskluderinger<\/b><\/h4>\n<p>&nbsp;<\/p>\n<p><b>Inkluderinger<\/b><\/p>\n<ol>\n<li style=\"font-weight: 400;\">El Limon Fosser Vandring eller ridning<\/li>\n<li>Lunsj<\/li>\n<li style=\"font-weight: 400;\"><span style=\"font-weight: 400;\">Alle skatter, avgifter og h\u00e5ndteringskostnader<\/span><\/li>\n<li style=\"font-weight: 400;\"><span style=\"font-weight: 400;\">Lokale skatter<\/span><\/li>\n<li style=\"font-weight: 400;\"><span style=\"font-weight: 400;\">Drikkevarer<\/span><\/li>\n<li>Snacks<\/li>\n<li style=\"font-weight: 400;\"><span style=\"font-weight: 400;\">Alle aktiviteter<\/span><\/li>\n<li style=\"font-weight: 400;\"><span style=\"font-weight: 400;\">Lokal guide<\/span><\/li>\n<\/ol>\n<p><b> Ekskluderinger<\/b><\/p>\n<ol>\n<li style=\"font-weight: 400;\"><span style=\"font-weight: 400;\">Drikkepenger<\/span><\/li>\n<li style=\"font-weight: 400;\"><span style=\"font-weight: 400;\">Alkoholholdige drinker<\/span><\/li>\n<\/ol>\n<p>&nbsp;<\/p>\n<h4><em><strong>Avreise og retur<\/strong><\/em><\/h4>\n<p><span style=\"font-weight: 400;\">Den reisende vil f\u00e5 et m\u00f8tepunkt etter reservasjonsprosessen. Turer starter og slutter i m\u00f8testedene v\u00e5re.<\/span><\/p>\n<h4><\/h4>\n<h3 class=\"LC20lb\">El Lim\u00f3n-fossen + Cayo Levantado \u2013 Utflukter i Saman\u00e1<\/h3>\n<h4><b><i>Hva \u00e5 forvente?<\/i><\/b><\/h4>\n<p><em><strong>Skaff deg billetter<\/strong><\/em> for \u00e5 bes\u00f8ke El limon-fossene pluss Cayo Levantado-\u00f8ya. Heldagstur. Starter fra Saman\u00e1 med transport til El limon-fossene<\/p>\n<p>Utflukt, organisert av &quot;Booking Adventures&quot; starter p\u00e5 m\u00f8tepunktet satt med turguiden. Kom med Booking Adventures in Private turer til El Limon-fossene med en lokal reiseguide. Ridning eller fottur i skogen g\u00e5r rundt kanten av sitronelven, bes\u00f8ker kakao- og kaffeplantasjer under kokosn\u00f8ttene skygger palmer. Stopp f\u00f8rst i den lille fossen hvor det vanligvis ikke er mange mennesker og du kan sv\u00f8mme rundt. Deretter fortsetter vi til den store fossen hvor vi blir i en time eller mer om du vil.<\/p>\n<p>F\u00e5 hester eller g\u00e5 tilbake til bilen og kj\u00f8re tilbake til Samana havn. \u00c5 komme ombord for \u00e5 bes\u00f8ke Bacardi-\u00f8ya, fordi Frite-fisk med tostones og salat venter p\u00e5 at vi skal ha en smakslunsj, eller du kan f\u00e5 andre alternativer som hummer i menyen mot ekstra kostnader.<\/p>\n<p>Sv\u00f8m gjerne p\u00e5 en av de vakreste strendene i Den dominikanske republikk. Og sett tiden til \u00e5 bli ferdig med v\u00e5r reiseleder.<\/p>\n<p>&nbsp;<\/p>\n<h4><em><strong>Hva b\u00f8r du ta med?<\/strong><\/em><\/h4>\n<ul>\n<li style=\"font-weight: 400;\"><span style=\"font-weight: 400;\">Kamera<\/span><\/li>\n<li style=\"font-weight: 400;\"><span style=\"font-weight: 400;\">Avvisende knopper<\/span><\/li>\n<li style=\"font-weight: 400;\"><span style=\"font-weight: 400;\">Solkrem<\/span><\/li>\n<li style=\"font-weight: 400;\"><span style=\"font-weight: 400;\">Hatt<\/span><\/li>\n<li style=\"font-weight: 400;\"><span style=\"font-weight: 400;\">Komfortable bukser<\/span><\/li>\n<li style=\"font-weight: 400;\"><span style=\"font-weight: 400;\">Tursko for skog<\/span><\/li>\n<li style=\"font-weight: 400;\"><span style=\"font-weight: 400;\">Sandaler til v\u00e5romr\u00e5dene.<\/span><\/li>\n<li style=\"font-weight: 400;\"><span style=\"font-weight: 400;\">Badet\u00f8y<\/span><\/li>\n<\/ul>\n<p>&nbsp;<\/p>\n<h4><b><i>Hotellhenting <\/i><\/b><\/h4>\n<p><span style=\"font-weight: 400;\">Hotellhenting tilbys ikke for denne turen. <\/span><\/p>\n<p>&nbsp;<\/p>\n<p><b>Merk:<\/b><span style=\"font-weight: 400;\"> hvis du bestiller innen 24 timer etter turens\/utfluktens avgangstid, kan vi ordne hotellhenting med ekstra kostnader. N\u00e5r kj\u00f8pet er fullf\u00f8rt, vil vi sende deg fullstendig kontaktinformasjon (telefonnummer, e-postadresse osv.) slik at v\u00e5r lokale turguide kan organisere hentingsordninger.<\/span><\/p>\n<h4><b><i>Bekreftelse av tilleggsinformasjon <\/i><\/b><\/h4>\n<ol>\n<li>Billetter er kvitteringen etter \u00e5 ha betalt denne turen. Du kan vise betalingen p\u00e5 telefonen.<\/li>\n<li style=\"font-weight: 400;\"><span style=\"font-weight: 400;\">M\u00f8tepunkt vil bli mottatt etter reservasjonsprosessen.<\/span><\/li>\n<li style=\"font-weight: 400;\"><span style=\"font-weight: 400;\">Barn m\u00e5 v\u00e6re i f\u00f8lge med en voksen.<\/span><\/li>\n<li style=\"font-weight: 400;\"><span style=\"font-weight: 400;\"> Ikke tilgjengelig for rullestolbrukere <\/span><\/li>\n<li style=\"font-weight: 400;\"><span style=\"font-weight: 400;\">Spedbarn m\u00e5 sitte p\u00e5 fanget <\/span><\/li>\n<li style=\"font-weight: 400;\"><span style=\"font-weight: 400;\">Anbefales ikke for reisende med ryggproblemer<\/span><\/li>\n<li style=\"font-weight: 400;\"><span style=\"font-weight: 400;\">Anbefales ikke for gravide reisende <\/span><\/li>\n<li style=\"font-weight: 400;\"><span style=\"font-weight: 400;\"> Ingen hjerteproblemer eller andre alvorlige medisinske tilstander <\/span><\/li>\n<li style=\"font-weight: 400;\"><span style=\"font-weight: 400;\">De fleste reisende kan delta<\/span><\/li>\n<\/ol>\n<h4><b><i>Avbestillingsregler<\/i><\/b><\/h4>\n<p>For full refusjon, vennligst les v\u00e5re avbestillingsregler\u00a0<a href=\"https:\/\/www.ticketswhales.com\/online-booking\/\" target=\"_blank\" rel=\"noopener\" data-saferedirecturl=\"https:\/\/www.google.com\/url?q=https:\/\/www.ticketswhales.com\/online-booking\/&amp;source=gmail&amp;ust=1672529771100000&amp;usg=AOvVaw2NIGJBZ0qjB5RhPUl5Obc7\">Klikk her<\/a>. Midler vil g\u00e5 tapt dersom reservasjonen kanselleres samme dag p\u00e5 reisen.<\/p>\n\n\t\t<\/div>\n\t<\/div>\n<div class=\"vc_btn3-container vc_btn3-inline\" ><button class=\"vc_general vc_btn3 vc_btn3-size-md vc_btn3-shape-rounded vc_btn3-style-modern vc_btn3-color-green\">BESTILL N\u00c5<\/button><\/div><\/div><\/div><\/div><\/div><div class=\"vc_row wpb_row vc_row-fluid\" ><div class=\"wpb_column vc_column_container vc_col-sm-12\"><div class=\"vc_column-inner\"><div class=\"wpb_wrapper\">\n\t<div class=\"wpb_video_widget wpb_content_element vc_clearfix   vc_video-aspect-ratio-169 vc_video-el-width-100 vc_video-align-left\" >\n\t\t<div class=\"wpb_wrapper\">\n\t\t\t\n\t\t\t<div class=\"wpb_video_wrapper\"><a href=\"https:\/\/www.youtube.com\/watch?v=oWlwxZLQnVU\" rel=\"noopener\">https:\/\/www.youtube.com\/watch?v=oWlwxZLQnVU<\/a><\/div>\n\t\t<\/div>\n\t<\/div>\n<\/div><\/div><\/div><\/div><div class=\"vc_row wpb_row vc_row-fluid\" ><div class=\"wpb_column vc_column_container vc_col-sm-12\"><div class=\"vc_column-inner\"><div class=\"wpb_wrapper\"><div class=\"vc_empty_space\"   style=\"height: 32px\"><span class=\"vc_empty_space_inner\"><\/span><\/div>\n\t<div class=\"wpb_text_column wpb_content_element\" >\n\t\t<div class=\"wpb_wrapper\">\n\t\t\t<h4>Kontakt oss?<\/h4>\n<h5>Booking Adventures<\/h5>\n<p><em><strong>Lokalbefolkningen<\/strong>\u00a0og\u00a0<strong>Nationals<\/strong>\u00a0Turguider og gjestetjenester<\/em><\/p>\n<p><span class=\"text-turquoise\">Reservasjoner:<\/span>\u00a0Turer og utflukter i Dom. Rep.<\/p>\n<p><img decoding=\"async\" class=\"emoji\" draggable=\"false\" src=\"https:\/\/s.w.org\/images\/core\/emoji\/11.2.0\/svg\/1f4de.svg\" alt=\"\ud83d\udcde\" title=\"\">\u00a0Tlf \/ Whatsapp\u00a0\u00a0<a href=\"tel:+1-809-720-6035\">+1-809-720-6035<\/a>.<\/p>\n<p><img decoding=\"async\" class=\"emoji\" draggable=\"false\" src=\"https:\/\/s.w.org\/images\/core\/emoji\/11.2.0\/svg\/1f4e9.svg\" alt=\"\ud83d\udce9\" title=\"\">\u00a0<a href=\"mailto:info@bookingadventures.com.do\">info@bookingadventures.com.do<\/a><\/p>\n<p><strong>Vi er fleksible med private turer av Whatsapp:\u00a0<a href=\"tel:+18097206035\">+18097206035.<\/a><\/strong><\/p>\n\n\t\t<\/div>\n\t<\/div>\n<div class=\"vc_empty_space\"   style=\"height: 32px\"><span class=\"vc_empty_space_inner\"><\/span><\/div><\/div><\/div><\/div><\/div><div class=\"vc_row wpb_row vc_row-fluid\" ><div class=\"wpb_column vc_column_container vc_col-sm-12\"><div class=\"vc_column-inner\"><div class=\"wpb_wrapper\"><div class=\"vc_btn3-container vc_btn3-inline\" ><button class=\"vc_general vc_btn3 vc_btn3-size-md vc_btn3-shape-rounded vc_btn3-style-modern vc_btn3-color-green\">BESTILL N\u00c5<\/button><\/div><\/div><\/div><\/div><\/div>\n<\/section>","protected":false},"excerpt":{"rendered":"<p><span class=\"Y2IQFc\" lang=\"en\">Privat utflukt for \u00e5 bes\u00f8ke El Lim\u00f3n og Cayo Levantado-fossene (Bacardi Island). To aktiviteter p\u00e5 en dag, bes\u00f8ker skj\u00f8nnheten i skogen og fossene i samfunnet El Lim\u00f3n med en lokal reiseguide. Du kan ta denne turen til fots eller p\u00e5 hesteryggen langs kaffe- og kokosl\u00f8ypene. Etter \u00e5 ha bes\u00f8kt El Lim\u00f3n-fossene, vil vi g\u00e5 til brygga i sentrum av byen Saman\u00e1 og ta en b\u00e5t til Cayo Levantado, ogs\u00e5 kalt Bacardi Island. Der vil vi ha lunsjbuff\u00e9 og ettermiddagssv\u00f8mming p\u00e5 stranden i Cayo Levantado med muligheter for \u00e5 snorkle i korallrevene.<\/span><\/p>\n<p>&nbsp;<\/p>\n<p><b>Velg dato for reise: <\/b><\/p>","protected":false},"featured_media":16998,"template":"","meta":[],"product_brand":[],"product_cat":[255,961,956,307,253],"product_tag":[223,311,606,185,267,309,310,312,186,200,187],"class_list":{"0":"post-9200","1":"product","2":"type-product","3":"status-publish","4":"has-post-thumbnail","6":"product_cat-tours-excursions-samana-bay-dominican-republic","7":"product_cat-el-limon-horseback-riding","8":"product_cat-el-limon-samana","9":"product_cat-salto-el-limon-and-bacardi-island","10":"product_cat-tours-and-excursions","11":"product_tag-cayo-levantado","12":"product_tag-cayo-levantado-tour","13":"product_tag-el-limon-tours","14":"product_tag-el-limon-waterfalls","15":"product_tag-las-terrenas","16":"product_tag-salto-el-limon","17":"product_tag-salto-el-limon-hiking","18":"product_tag-salto-el-limon-tour","19":"product_tag-samana","20":"product_tag-samana-excursions","21":"product_tag-samana-tours","23":"first","24":"instock","25":"sale","26":"sold-individually","27":"shipping-taxable","28":"product-type-external"},"_links":{"self":[{"href":"https:\/\/ballenajorobada.com\/nb\/wp-json\/wp\/v2\/product\/9200","targetHints":{"allow":["GET"]}}],"collection":[{"href":"https:\/\/ballenajorobada.com\/nb\/wp-json\/wp\/v2\/product"}],"about":[{"href":"https:\/\/ballenajorobada.com\/nb\/wp-json\/wp\/v2\/types\/product"}],"wp:featuredmedia":[{"embeddable":true,"href":"https:\/\/ballenajorobada.com\/nb\/wp-json\/wp\/v2\/media\/16998"}],"wp:attachment":[{"href":"https:\/\/ballenajorobada.com\/nb\/wp-json\/wp\/v2\/media?parent=9200"}],"wp:term":[{"taxonomy":"product_brand","embeddable":true,"href":"https:\/\/ballenajorobada.com\/nb\/wp-json\/wp\/v2\/product_brand?post=9200"},{"taxonomy":"product_cat","embeddable":true,"href":"https:\/\/ballenajorobada.com\/nb\/wp-json\/wp\/v2\/product_cat?post=9200"},{"taxonomy":"product_tag","embeddable":true,"href":"https:\/\/ballenajorobada.com\/nb\/wp-json\/wp\/v2\/product_tag?post=9200"}],"curies":[{"name":"wp","href":"https:\/\/api.w.org\/{rel}","templated":true}]}}