{"id":9925,"date":"2020-03-29T08:08:21","date_gmt":"2020-03-29T08:08:21","guid":{"rendered":"https:\/\/www.ticketswhales.com\/Tours-Excursions\/uncategorized\/import-placeholder-for-10408\/"},"modified":"2025-02-02T17:15:46","modified_gmt":"2025-02-02T17:15:46","slug":"27-waterfalls-of-damajagua-tour-from-cabarete-sosua-and-puerto-plata-hotels-pick-up","status":"publish","type":"product","link":"https:\/\/ballenajorobada.com\/nb\/Tours-Excursions\/waterfalls\/27-fossefall-i-damajagua-tur-fra-cabarete-sosua-og-puerto-plata-hoteller-hentes","title":{"rendered":"27 Waterfalls of Damajagua Tour fra Cabarete, Sosua og Puerto Plata. Hotell Henting."},"content":{"rendered":"<section class=\"wpb-content-wrapper\"><div class=\"vc_row wpb_row vc_row-fluid\" ><div class=\"wpb_column vc_column_container vc_col-sm-12\"><div class=\"vc_column-inner\"><div class=\"wpb_wrapper\"><div class=\"mkdf-section-title-holder\" style=\"text-align: left\">\n\t<div class=\"mkdf-st-inner\">\n\t\t\t\t\t<h5 class=\"mkdf-st-subtitle\" >\n\t\t\t\tTransport og lunsj inkludert\t\t\t<\/h5>\n\t\t\t\t\t\t\t<h3 class=\"mkdf-st-title\" >\n\t\t\t\t27 Waterfalls of Damajagua Tour fra Cabarete, Sosua og Puerto Plata.\t\t\t<\/h3>\n\t\t\t\t\t<\/div>\n<\/div><\/div><\/div><\/div><\/div><div class=\"vc_row wpb_row vc_row-fluid\" ><div class=\"wpb_column vc_column_container vc_col-sm-12\"><div class=\"vc_column-inner\"><div class=\"wpb_wrapper\"><div class=\"vc_btn3-container vc_btn3-inline\" ><a class=\"vc_general vc_btn3 vc_btn3-size-md vc_btn3-shape-rounded vc_btn3-style-modern vc_btn3-color-green\" href=\"https:\/\/bookingadventures.tours\/booking.php?tour_id=36f9705bcc61386d84e226d0c35f8a49\" title=\"\" rel=\"noopener\">BESTILL N\u00c5<\/a><\/div>\n\t<div class=\"wpb_text_column wpb_content_element\" >\n\t\t<div class=\"wpb_wrapper\">\n\t\t\t<h3 class=\"ui_header h1 attractions-product-info-ProductTitle__title--1qM0o\"><\/h3>\n<h4><b><i>Oversikt <\/i><\/b><\/h4>\n<p>Skaff deg billetter til en halvdagstur her i fossen 27 fra Damajagua. Inngangsbilletter med lunsj og utflukt inkluderer \u00e5 hoppe og sv\u00f8mme i de vakreste fossefallene i Den dominikanske republikk. Fotturer og sv\u00f8mming med sikkerhetsutstyr for \u00e5 f\u00e5 den beste opplevelsen noensinne!<\/p>\n<p>Etter denne opplevelsen kommer du tilbake til stedet der du m\u00f8ter turguiden.<\/p>\n<ul>\n<li style=\"font-weight: 400;\">Avgifter inkludert<\/li>\n<li>Lunsj<\/li>\n<li>Snacks<\/li>\n<li style=\"font-weight: 400;\">Lokal turguide p\u00e5 engelsk<\/li>\n<\/ul>\n<p>&nbsp;<\/p>\n<h4><b>Inkluderinger og ekskluderinger<\/b><\/h4>\n<p>&nbsp;<\/p>\n<p><b>Inkluderinger<\/b><\/p>\n<ol>\n<li>\u00a0 27 fossefall i Damajagua (n\u00e5 er det bare 12 og 7 kaskaderturer)<\/li>\n<li>\u00a0 Buffet inkludert drikkevarer og tropiske drinker<\/li>\n<li>\u00a0 Alle skatter, avgifter og h\u00e5ndteringskostnader<\/li>\n<li>\u00a0 Lokale skatter<\/li>\n<li>\u00a0 Alle aktiviteter<\/li>\n<li>\u00a0 Lokal guide<\/li>\n<li>\u00a0 Sigarfabrikk bes\u00f8k<\/li>\n<\/ol>\n<p><b> Ekskluderinger<\/b><\/p>\n<ol>\n<li style=\"font-weight: 400;\"><span style=\"font-weight: 400;\">Drikkepenger<\/span><\/li>\n<\/ol>\n<h4><em><strong>Avreise og retur<\/strong><\/em><\/h4>\n<p><span style=\"font-weight: 400;\">Vi har en tidsplan laget for \u00e5 hente deg og slippe deg av basert p\u00e5 omr\u00e5det du befinner deg i. Se den detaljerte informasjonen nedenfor i hotellhentingsdelen. <\/span><\/p>\n<p>Dette er programmet vi har satt basert p\u00e5 plasseringene dine. Gi oss beskjed om ditt spesifikke hotell, s\u00e5 kontakter vi deg for \u00e5 fortelle deg hvor vi vil m\u00f8te deg.<\/p>\n<p>&nbsp;<\/p>\n<table style=\"height: 246px;\" width=\"237\">\n<tbody>\n<tr>\n<td><b>Plass<\/b><\/td>\n<td><b>Tid<\/b><\/td>\n<\/tr>\n<tr>\n<td><b>Cabarete<\/b><\/td>\n<td><b>07:45<\/b><\/td>\n<\/tr>\n<tr>\n<td><b>Sosua<\/b><\/td>\n<td><b>8:10<\/b><\/td>\n<\/tr>\n<tr>\n<td><b>Playa Dorada<\/b><\/td>\n<td><b>8:50<\/b><\/td>\n<\/tr>\n<tr>\n<td><b>Costa Dorada<\/b><\/td>\n<td><b>9:00 om morgenen<\/b><\/td>\n<\/tr>\n<tr>\n<td><b>Cofresi (livsstil)<\/b><\/td>\n<td><b>9:20<\/b><\/td>\n<\/tr>\n<tr>\n<td><b>Senator<\/b><\/td>\n<td><b>9:30<\/b><\/td>\n<\/tr>\n<\/tbody>\n<\/table>\n<h4><\/h4>\n<h3 class=\"ui_header h1 attractions-product-info-ProductTitle__title--1qM0o\">27 fossefall i Damajagua-tur fra Puerto Plata.<\/h3>\n<h4><b><i>Hva \u00e5 forvente?<\/i><\/b><\/h4>\n<div class=\"apd_content_block\" data-tab=\"TABS_OVERVIEW\">\n<div class=\"ui_card section attractions-product-details-Overview__sectionMargin--uHktd attractions-product-details-Overview__cleanslateOverrideDT--39Ov7\">\n<p>Oppdag de bortgjemte Damajagua-fossene, gjemt i \u00e5sene i den dominikanske republikkens nordlige korridor, p\u00e5 denne helgedagsturen fra Puerto Plata. Utforsk de tjuesju uber\u00f8rte fossene, som fosser over kalkstein, med din lokale guide. F\u00e5 en kort sikkerhetsbriefing, hopp, sv\u00f8m og skli ned naturlige vannsklier.<\/p>\n<p>Lunsj, drikke er inkludert. En moderat 40-minutters oppoverbakketur gjennom et vakkert jungellandskap tar deg til den 12. fossen, eller hvis du er i utmerket fysisk form, velg \u00e5 g\u00e5 helt til toppen av de 27 fossefallene (ca. 70 minutter) og oppleve alt .<\/p>\n<p>Uansett, din virkelige moro begynner n\u00e5r vi drar nedover elven og du hopper, sklir og sv\u00f8mmer deg gjennom en rekke spektakul\u00e6re fosser, kl\u00f8fter og asurbl\u00e5 bassenger, og dukker opp med et dumt glis om munnen og utrolige minner \u00e5 ta vare p\u00e5! Turene inkluderer hopp p\u00e5 opptil 25 fot (8 meter), men ikke bekymre deg, hvis du er ukomfortabel med \u00e5 hoppe, er det en alternativ vei ned.<\/p>\n<p>Etter en 15-minutters spasertur tilbake til basecamp og skifte til de t\u00f8rre kl\u00e6rne, nyt en deilig og variert dominikansk buff\u00e9lunsj, som inkluderer ting som grillet kylling og svinekj\u00f8tt, gryteretter, ris, pasta og salater.<\/p>\n<p>Lokale romdrikker, brus og vann er ogs\u00e5 inkludert (\u00f8l er tilgjengelig, men ikke inkludert). Etter m\u00e5ltidet vil du si farvel til de lokale guidene, men minnene fra denne opplevelsen vil vare livet ut. Og dette er ikke alt, du vil da g\u00e5 til en sigarfabrikk hvor du vil se hvordan de tilbereder dem og ogs\u00e5 kunne f\u00e5 noen hvis du er interessert. Husk at Den dominikanske republikk er et av de beste landene som lager sigarer, s\u00e5 dette er din sjanse til \u00e5 l\u00e6re av de beste l\u00e6rerne noensinne.<\/p>\n<\/div>\n<\/div>\n<h4><em><strong>Hva b\u00f8r du ta med?<\/strong><\/em><\/h4>\n<ul>\n<li style=\"font-weight: 400;\"><span style=\"font-weight: 400;\">Kamera<\/span><\/li>\n<li style=\"font-weight: 400;\"><span style=\"font-weight: 400;\">Avvisende knopper<\/span><\/li>\n<li style=\"font-weight: 400;\"><span style=\"font-weight: 400;\">Solkrem<\/span><\/li>\n<li style=\"font-weight: 400;\"><span style=\"font-weight: 400;\">Hatt<\/span><\/li>\n<li style=\"font-weight: 400;\"><span style=\"font-weight: 400;\">Komfortable bukser<\/span><\/li>\n<li style=\"font-weight: 400;\"><span style=\"font-weight: 400;\">Tursko for skog<\/span><\/li>\n<li style=\"font-weight: 400;\"><span style=\"font-weight: 400;\">Sandaler til v\u00e5romr\u00e5dene.<\/span><\/li>\n<li style=\"font-weight: 400;\"><span style=\"font-weight: 400;\">Badet\u00f8y<\/span><\/li>\n<\/ul>\n<p>&nbsp;<\/p>\n<h4><b><i>Hotellhenting <\/i><\/b><\/h4>\n<p><span style=\"font-weight: 400;\">Hotellhenting tilbys for denne turen. Vi setter Pick up til \u00e5 kontakte oss via Whatsapp.<\/span><\/p>\n<p>&nbsp;<\/p>\n<p><b>Merk:<\/b><span style=\"font-weight: 400;\"> hvis du bestiller innen 24 timer etter turens\/utfluktens avgangstid, kan vi ordne hotellhenting med ekstra kostnader. N\u00e5r kj\u00f8pet er fullf\u00f8rt, vil vi sende deg fullstendig kontaktinformasjon (telefonnummer, e-postadresse osv.) slik at v\u00e5r lokale turguide kan organisere hentingsordninger.<\/span><\/p>\n<h4><b><i>Bekreftelse av tilleggsinformasjon <\/i><\/b><\/h4>\n<ol>\n<li>Billetter er kvitteringen etter \u00e5 ha betalt denne turen. Du kan vise betalingen p\u00e5 telefonen.<\/li>\n<li style=\"font-weight: 400;\"><span style=\"font-weight: 400;\">M\u00f8tepunkt vil bli mottatt etter reservasjonsprosessen.<\/span><\/li>\n<li style=\"font-weight: 400;\"><span style=\"font-weight: 400;\">Barn m\u00e5 v\u00e6re i f\u00f8lge med en voksen.<\/span><\/li>\n<li style=\"font-weight: 400;\"><span style=\"font-weight: 400;\"> Ikke tilgjengelig for rullestolbrukere <\/span><\/li>\n<li style=\"font-weight: 400;\"><span style=\"font-weight: 400;\">Spedbarn m\u00e5 sitte p\u00e5 fanget <\/span><\/li>\n<li style=\"font-weight: 400;\"><span style=\"font-weight: 400;\">Anbefales ikke for reisende med ryggproblemer<\/span><\/li>\n<li style=\"font-weight: 400;\"><span style=\"font-weight: 400;\">Anbefales ikke for gravide reisende <\/span><\/li>\n<li style=\"font-weight: 400;\"><span style=\"font-weight: 400;\"> Ingen hjerteproblemer eller andre alvorlige medisinske tilstander <\/span><\/li>\n<li style=\"font-weight: 400;\"><span style=\"font-weight: 400;\">De fleste reisende kan delta<\/span><\/li>\n<\/ol>\n<h4><b><i>Avbestillingsregler<\/i><\/b><\/h4>\n<p>For full refusjon, vennligst les v\u00e5re avbestillingsregler\u00a0<a href=\"https:\/\/www.ticketswhales.com\/online-booking\/\" target=\"_blank\" rel=\"noopener\" data-saferedirecturl=\"https:\/\/www.google.com\/url?q=https:\/\/www.ticketswhales.com\/online-booking\/&amp;source=gmail&amp;ust=1672449202351000&amp;usg=AOvVaw1yAeVAPktmaVCqDujgUn90\">Klikk her<\/a>. Midler vil g\u00e5 tapt dersom reservasjonen kanselleres samme dag p\u00e5 reisen.<\/p>\n\n\t\t<\/div>\n\t<\/div>\n<\/div><\/div><\/div><\/div><div class=\"vc_row wpb_row vc_row-fluid\" ><div class=\"wpb_column vc_column_container vc_col-sm-12\"><div class=\"vc_column-inner\"><div class=\"wpb_wrapper\"><div class=\"vc_btn3-container vc_btn3-inline\" ><a class=\"vc_general vc_btn3 vc_btn3-size-md vc_btn3-shape-rounded vc_btn3-style-modern vc_btn3-color-green\" href=\"https:\/\/bookingadventures.tours\/booking.php?tour_id=36f9705bcc61386d84e226d0c35f8a49\" title=\"\" rel=\"noopener\">BESTILL N\u00c5<\/a><\/div>\n\t<div class=\"wpb_video_widget wpb_content_element vc_clearfix   vc_video-aspect-ratio-169 vc_video-el-width-100 vc_video-align-left\" >\n\t\t<div class=\"wpb_wrapper\">\n\t\t\t<h2 class=\"wpb_heading wpb_video_heading\">27 fossefall i Damajagua-tur fra Puerto Plata:<\/h2>\n\t\t\t<div class=\"wpb_video_wrapper\"><iframe loading=\"lazy\" title=\"27 Waterfalls of Damajagua by Booking Adventures &amp; Travel Den dominikanske republikk\" width=\"1100\" height=\"619\" src=\"https:\/\/www.youtube.com\/embed\/AVNh_we_RQE?start=17&feature=oembed\" frameborder=\"0\" allow=\"accelerometer; autoplay; clipboard-write; encrypted-media; gyroscope; picture-in-picture; web-share\" referrerpolicy=\"strict-origin-when-cross-origin\" allowfullscreen><\/iframe><\/div>\n\t\t<\/div>\n\t<\/div>\n<\/div><\/div><\/div><\/div><div class=\"vc_row wpb_row vc_row-fluid\" ><div class=\"wpb_column vc_column_container vc_col-sm-12\"><div class=\"vc_column-inner\"><div class=\"wpb_wrapper\"><div class=\"vc_empty_space\"   style=\"height: 32px\"><span class=\"vc_empty_space_inner\"><\/span><\/div>\n\t<div class=\"wpb_text_column wpb_content_element\" >\n\t\t<div class=\"wpb_wrapper\">\n\t\t\t<h4>Kontakt oss?<\/h4>\n<h5><em><strong>Booking Adventures<\/strong><\/em><\/h5>\n<p><em><strong>Lokalbefolkningen<\/strong>\u00a0og\u00a0<strong>Nationals<\/strong>\u00a0Turguider og gjestetjenester<\/em><\/p>\n<p><span class=\"text-turquoise\">Reservasjoner:<\/span>\u00a0Turer og utflukter i Dom. Rep.<\/p>\n<p><img decoding=\"async\" class=\"emoji\" draggable=\"false\" src=\"https:\/\/s.w.org\/images\/core\/emoji\/11.2.0\/svg\/1f4de.svg\" alt=\"\ud83d\udcde\" title=\"\">\u00a0Tlf \/ Whatsapp\u00a0\u00a0<a href=\"tel:+1-809-720-6035\">+1-809-720-6035<\/a>.<\/p>\n<p><img decoding=\"async\" class=\"emoji\" draggable=\"false\" src=\"https:\/\/s.w.org\/images\/core\/emoji\/11.2.0\/svg\/1f4e9.svg\" alt=\"\ud83d\udce9\" title=\"\">\u00a0<a href=\"mailto:info@bookingadventures.com.do\">info@bookingadventures.com.do<\/a><\/p>\n<p><strong>Vi er fleksible med private turer av Whatsapp:\u00a0<a href=\"tel:+18097206035\">+18097206035.<\/a><\/strong><\/p>\n\n\t\t<\/div>\n\t<\/div>\n<div class=\"vc_empty_space\"   style=\"height: 32px\"><span class=\"vc_empty_space_inner\"><\/span><\/div><\/div><\/div><\/div><\/div><div class=\"vc_row wpb_row vc_row-fluid\" ><div class=\"wpb_column vc_column_container vc_col-sm-12\"><div class=\"vc_column-inner\"><div class=\"wpb_wrapper\"><div class=\"vc_btn3-container vc_btn3-inline\" ><a class=\"vc_general vc_btn3 vc_btn3-size-md vc_btn3-shape-rounded vc_btn3-style-modern vc_btn3-color-green\" href=\"https:\/\/bookingadventures.tours\/booking.php?tour_id=36f9705bcc61386d84e226d0c35f8a49\" title=\"\" rel=\"noopener\">BESTILL N\u00c5<\/a><\/div><\/div><\/div><\/div><\/div>\n<\/section>","protected":false},"excerpt":{"rendered":"<p>From Hotels in Cabarete, Sosua or Puerto Plata. This excursion from 27 waterfalls of Damajagua in Puerto Plata, Lunch and Excursion by the 27 waterfalls, hiking and jumping into the river.<\/p>\n<p>\u00d8kologisk tur til de 27 fossefallene i Puerto Plata. Skaff deg billetter til en halvdagstur her i 27-fossen fra Damajagua. Inngangsbilletter med lunsj og utflukt inkluderer hopping, zipline og sv\u00f8mming i de vakreste fossefallene i Den dominikanske republikk. Fotturer og sv\u00f8mming med sikkerhetsutstyr for \u00e5 f\u00e5 den beste opplevelsen noensinne!<\/p>\n<p><em><strong>Vennligst velg dato for tur:\u00a0<\/strong><\/em><\/p>","protected":false},"featured_media":16972,"template":"","meta":[],"product_brand":[],"product_cat":[281,947,774,1001,252],"product_tag":[286,284,292,401,290,291,406,405,404,403,288,402,287,293,285,407,289],"class_list":{"0":"post-9925","1":"product","2":"type-product","3":"status-publish","4":"has-post-thumbnail","6":"product_cat-27-waterfalls","7":"product_cat-1-puerto-plata","8":"product_cat-group-tours-excursions","9":"product_cat-puerto-plata-27-waterfalls-hike","10":"product_cat-waterfalls","11":"product_tag-27-charcos-de-damajagua","12":"product_tag-27-waterfalls","13":"product_tag-27-waterfalls-dominican-republic","14":"product_tag-27-waterfalls-dominican-republic-facts","15":"product_tag-27-waterfalls-excursion","16":"product_tag-27-waterfalls-puerto-plata","17":"product_tag-amber-cove-cruise-terminal-27-waterfalls","18":"product_tag-amber-cove-excursions","19":"product_tag-damajagua-falls-tours","20":"product_tag-damajagua-national-park","21":"product_tag-excursion-27-waterfalls","22":"product_tag-how-to-get-to-27-waterfalls-from-puerto-plata","23":"product_tag-jumping-27-waterfalls","24":"product_tag-los-27-charcos-de-puerto-plata","25":"product_tag-puerto-plata","26":"product_tag-things-to-do-in-amber-cove","27":"product_tag-tour-27-waterfalls","29":"first","30":"instock","31":"sale","32":"sold-individually","33":"shipping-taxable","34":"product-type-external"},"_links":{"self":[{"href":"https:\/\/ballenajorobada.com\/nb\/wp-json\/wp\/v2\/product\/9925","targetHints":{"allow":["GET"]}}],"collection":[{"href":"https:\/\/ballenajorobada.com\/nb\/wp-json\/wp\/v2\/product"}],"about":[{"href":"https:\/\/ballenajorobada.com\/nb\/wp-json\/wp\/v2\/types\/product"}],"wp:featuredmedia":[{"embeddable":true,"href":"https:\/\/ballenajorobada.com\/nb\/wp-json\/wp\/v2\/media\/16972"}],"wp:attachment":[{"href":"https:\/\/ballenajorobada.com\/nb\/wp-json\/wp\/v2\/media?parent=9925"}],"wp:term":[{"taxonomy":"product_brand","embeddable":true,"href":"https:\/\/ballenajorobada.com\/nb\/wp-json\/wp\/v2\/product_brand?post=9925"},{"taxonomy":"product_cat","embeddable":true,"href":"https:\/\/ballenajorobada.com\/nb\/wp-json\/wp\/v2\/product_cat?post=9925"},{"taxonomy":"product_tag","embeddable":true,"href":"https:\/\/ballenajorobada.com\/nb\/wp-json\/wp\/v2\/product_tag?post=9925"}],"curies":[{"name":"wp","href":"https:\/\/api.w.org\/{rel}","templated":true}]}}