{"id":9218,"date":"2019-07-18T11:24:01","date_gmt":"2019-07-18T11:24:01","guid":{"rendered":"https:\/\/www.ticketswhales.com\/?post_type=product&#038;p=9218"},"modified":"2025-02-02T17:08:40","modified_gmt":"2025-02-02T17:08:40","slug":"samana-cayo-levantado-bacardi-island-and-whale-watching-from-miches-in-catamaran","status":"publish","type":"product","link":"https:\/\/ballenajorobada.com\/nl\/Tours-Excursions\/rondleidingen-excursies-samana-bay-dominicaanse-republiek\/samana-cayo-levantado-bacardi-eiland-en-walvissen-kijken-vanuit-miches-in-catamaran","title":{"rendered":"Saman\u00e1 Cayo Levantado (Bacardi-eiland) en walvissen spotten vanuit Miches in catamaran"},"content":{"rendered":"<section class=\"wpb-content-wrapper\"><div class=\"vc_row wpb_row vc_row-fluid\" ><div class=\"wpb_column vc_column_container vc_col-sm-12\"><div class=\"vc_column-inner\"><div class=\"wpb_wrapper\">\n\t<div class=\"wpb_text_column wpb_content_element\" >\n\t\t<div class=\"wpb_wrapper\">\n\t\t\t<p><span style=\"vertical-align: inherit;\"><span style=\"vertical-align: inherit;\"><\/p>\n\n\t\t<\/div>\n\t<\/div>\n<\/div><\/div><\/div><\/div><div class=\"vc_row wpb_row vc_row-fluid\" ><\/div><div class=\"wpb_column vc_column_container vc_col-sm-12\"><div class=\"vc_column-inner\"><div class=\"wpb_wrapper\"><\/div><\/div><\/div><div class=\"vc_row wpb_row vc_row-fluid\" ><\/div><div class=\"wpb_column vc_column_container vc_col-sm-12\"><div class=\"vc_column-inner\"><div class=\"wpb_wrapper\"><div class=\"vc_btn3-container vc_btn3-inline\" ><button class=\"vc_general vc_btn3 vc_btn3-size-md vc_btn3-shape-rounded vc_btn3-style-modern vc_btn3-color-green\">BOEK NU<\/button><\/div><\/div><\/div><\/div><div class=\"mkdf-section-title-holder\" style=\"text-align: left\">\n\t<div class=\"mkdf-st-inner\">\n\t\t\t\t\t\t\t<h3 class=\"mkdf-st-title\" >\n\t\t\t\tCayo Levantado + Avistamiento de ballenas de Miches en catamaran\t\t\t<\/h3>\n\t\t\t\t\t<\/div>\n<\/div><div class=\"vc_empty_space\"   style=\"height: 32px\"><span class=\"vc_empty_space_inner\"><\/span><\/div>\n\t<div class=\"wpb_text_column wpb_content_element\" >\n\t\t<div class=\"wpb_wrapper\">\n\t\t\t<p>\u00a0<\/span><\/span><\/p>\n<div class=\"vc_empty_space\"><\/div>\n<div class=\"wpb_text_column wpb_content_element\">\n<div class=\"wpb_wrapper\">\n<div class=\"vc_row wpb_row vc_row-fluid\">\n<div class=\"wpb_column vc_column_container vc_col-sm-12\">\n<div class=\"vc_column-inner\">\n<div class=\"wpb_wrapper\">\n<div class=\"wpb_text_column wpb_content_element\">\n<div class=\"wpb_wrapper\">\n<div class=\"vc_row wpb_row vc_row-fluid\">\n<div class=\"wpb_column vc_column_container vc_col-sm-12\">\n<div class=\"vc_column-inner\">\n<div class=\"wpb_wrapper\">\n<div class=\"wpb_text_column wpb_content_element\">\n<div class=\"wpb_wrapper\">\n<h4><a id=\"overview\" class=\"aal_anchor\" href=\"https:\/\/boattoursamana.com\/tour\/samana-cayo-levantado-bacardi-island-and-whale-watching-from-miches-in-catamaran\/#overview\" aria-hidden=\"true\" rel=\"noopener\"><\/a><b><i>Overzicht<\/i><\/b><\/h4>\n<p>Walvissen spotten in de baai van Saman\u00e1 vanaf de haven van Miches in Catamaran. Deze reis begint om 9:00 uur en eindigt om 17:00 uur. Afspraak vooraf in Onze haven bij Miches. Na het afbreken van onze catamaran of boot om de walvissen in hun eigen habitat te bezoeken.<\/p>\n<p>Van 9:00 uur tot 12:00 uur Walvisobservatorium en na deze walvisreis bezoeken we Bacardi Island \/ Cayo Levantado. Op het eiland Bacardi wordt een lunchbuffet in typisch Dominicaanse stijl geserveerd. Als de lunch klaar is, mag je zwemmen tot 16.30 uur. De tour eindigt om 17.00 uur in dezelfde haven waar hij zal beginnen.<\/p>\n<p>Opmerking: deze tour is niet priv\u00e9.<strong>\u00a0Neem voor een priv\u00e9rondleiding contact met ons op.<\/strong><\/p>\n<ul>\n<li>Walvissen spotten reis<\/li>\n<li>Entreegelden voor Observatory<\/li>\n<li>Inclusief lunchbuffet op het strand<\/li>\n<li>Boot transfer<\/li>\n<li>De kapitein geeft instructie en toezicht<\/li>\n<li>Gids<\/li>\n<\/ul>\n<p>&nbsp;<\/p>\n<h4><a id=\"inclusions-exclusions\" class=\"aal_anchor\" href=\"https:\/\/boattoursamana.com\/tour\/samana-cayo-levantado-bacardi-island-and-whale-watching-from-miches-in-catamaran\/#inclusions-exclusions\" aria-hidden=\"true\" rel=\"noopener\"><\/a><b>In- en uitsluitingen<\/b><\/h4>\n<p>&nbsp;<\/p>\n<p><b>Insluitsels<\/b><\/p>\n<p>&nbsp;<\/p>\n<ol>\n<li>Lunchbuffet op het strand<\/li>\n<li>Walvisobservatie<\/li>\n<li>Gids<\/li>\n<li>Catamaran of boottocht<\/li>\n<li>Alle belastingen, toeslagen en administratiekosten<\/li>\n<li>Lokale belastingen<\/li>\n<li>Dranken<\/li>\n<li>Alcoholische drankjes<\/li>\n<\/ol>\n<p><b>Uitsluitingen<\/b><\/p>\n<ol>\n<li>Fooien<\/li>\n<li>Auto overzetten<\/li>\n<\/ol>\n<p>&nbsp;<\/p>\n<h4><a id=\"departure-return\" class=\"aal_anchor\" href=\"https:\/\/boattoursamana.com\/tour\/samana-cayo-levantado-bacardi-island-and-whale-watching-from-miches-in-catamaran\/#departure-return\" aria-hidden=\"true\" rel=\"noopener\"><\/a><em><strong>Vertrek &amp; Terugkeer<\/strong><\/em><\/h4>\n<p>De reiziger krijgt een ontmoetingsplaats na het Reserveringsproces. Tours starten en eindigen in onze ontmoetingspunten.<\/p>\n<p>&nbsp;<\/p>\n<h4><a id=\"what-to-expect\" class=\"aal_anchor\" href=\"https:\/\/boattoursamana.com\/tour\/samana-cayo-levantado-bacardi-island-and-whale-watching-from-miches-in-catamaran\/#what-to-expect\" aria-hidden=\"true\" rel=\"noopener\"><\/a><b><i>Wat te verwachten?<\/i><\/b><\/h4>\n<p>&nbsp;<\/p>\n<p><em><strong>Haal je kaartjes<\/strong><\/em>\u00a0voor een dag Whale Watching-tour in de baai van Saman\u00e1, beginnend bij Miches in Catamaran met lokale drankjes plus een heerlijke lunch en strandtijd.<\/p>\n<p>De dagpas om walvissen te spotten, georganiseerd door &quot;Booking Adventures&quot;, begint op het ontmoetingspunt dat is ingesteld met de gids. Lunch op het strand en je kunt zo lang blijven als je wilt rondzwemmen. Als je veganist bent, kunnen we ook wat eten voor je klaarmaken.<\/p>\n<p><strong>Rooster:<\/strong><\/p>\n<p>08:45 \u2013 17:00 uur<\/p>\n<p>&nbsp;<\/p>\n<h4><a id=\"what-you-should-bring\" class=\"aal_anchor\" href=\"https:\/\/boattoursamana.com\/tour\/samana-cayo-levantado-bacardi-island-and-whale-watching-from-miches-in-catamaran\/#what-you-should-bring\" aria-hidden=\"true\" rel=\"noopener\"><\/a><em><strong>Wat moet je meenemen?<\/strong><\/em><\/h4>\n<ul>\n<li>Camera<\/li>\n<li>Afstotende toppen<\/li>\n<li>Zonnecreme<\/li>\n<li>Hoed<\/li>\n<li>Comfortabele broek<\/li>\n<li>Sandalen naar het strand<\/li>\n<li>Zwemkleding<\/li>\n<li>Contant geld voor souvenirs<\/li>\n<\/ul>\n<p>&nbsp;<\/p>\n<h4><a id=\"hotel-pickup\" class=\"aal_anchor\" href=\"https:\/\/boattoursamana.com\/tour\/samana-cayo-levantado-bacardi-island-and-whale-watching-from-miches-in-catamaran\/#hotel-pickup\" aria-hidden=\"true\" rel=\"noopener\"><\/a><b><i>Hotel ophalen<\/i><\/b><\/h4>\n<p>Hotel pick-up wordt niet aangeboden voor deze tour.<\/p>\n<p>&nbsp;<\/p>\n<p><b>Opmerking:<\/b>\u00a0als u binnen 24 uur na de vertrektijd van de tour\/excursie boekt, kunnen we tegen extra kosten het ophalen van het hotel regelen. Zodra uw aankoop is voltooid, sturen we u de volledige contactgegevens (telefoonnummer, e-mailadres, enz.) voor onze lokale gids om ophaalarrangementen te regelen.<\/p>\n<h4><a id=\"additional-info-confirmation\" class=\"aal_anchor\" href=\"https:\/\/boattoursamana.com\/tour\/samana-cayo-levantado-bacardi-island-and-whale-watching-from-miches-in-catamaran\/#additional-info-confirmation\" aria-hidden=\"true\" rel=\"noopener\"><\/a><b><i>Bevestiging aanvullende informatie<\/i><\/b><\/h4>\n<ol>\n<li>Tickets zijn het ontvangstbewijs na betaling van deze Tour. U kunt de betaling op uw telefoon laten zien.<\/li>\n<li>Trefpunt Wordt ontvangen na het reserveringsproces.<\/li>\n<li>Kinderen moeten worden begeleid door een volwassene.<\/li>\n<li>rolstoel toegankelijk<\/li>\n<li>Baby&#039;s moeten op schoot zitten<\/li>\n<li>De meeste reizigers kunnen deelnemen<\/li>\n<\/ol>\n<h4><a id=\"cancellation-policy\" class=\"aal_anchor\" href=\"https:\/\/boattoursamana.com\/tour\/samana-cayo-levantado-bacardi-island-and-whale-watching-from-miches-in-catamaran\/#cancellation-policy\" aria-hidden=\"true\" rel=\"noopener\"><\/a><b><i>Annuleringsvoorwaarden<\/i><\/b><\/h4>\n<p>Annuleer ten minste 24 uur voor de startdatum van de ervaring voor een volledige terugbetaling.<\/p>\n<\/div>\n<\/div>\n<\/div>\n<\/div>\n<\/div>\n<\/div>\n<\/div>\n<\/div>\n<\/div>\n<\/div>\n<\/div>\n<\/div>\n<div class=\"vc_row wpb_row vc_row-fluid\">\n<div class=\"wpb_column vc_column_container vc_col-sm-12\">\n<div class=\"vc_column-inner\">\n<div class=\"wpb_wrapper\">\n<div class=\"vc_empty_space\"><\/div>\n<div class=\"wpb_text_column wpb_content_element\">\n<div class=\"wpb_wrapper\">\n<h4><a id=\"contact-us\" class=\"aal_anchor\" href=\"https:\/\/boattoursamana.com\/tour\/samana-cayo-levantado-bacardi-island-and-whale-watching-from-miches-in-catamaran\/#contact-us\" aria-hidden=\"true\" rel=\"noopener\"><\/a>Neem contact op?<\/h4>\n<h5><\/h5>\n<p><em><strong>Lokale bevolking<\/strong>\u00a0en\u00a0<strong>Onderdanen<\/strong>\u00a0Gidsen en gastenservices<\/em><\/p>\n<p><span class=\"text-turquoise\">Reserveringen:<\/span>\u00a0Rondleidingen en excursies in Dom. vertegenwoordiger<\/p>\n<p><img decoding=\"async\" class=\"emoji\" title=\"Samana Cayo Levantado (Bacardi-eiland) en walvissen spotten vanuit Miches in catamaran 1\" draggable=\"false\" src=\"https:\/\/s.w.org\/images\/core\/emoji\/11.2.0\/svg\/1f4de.svg\" alt=\"\ud83d\udcde\" \/> Tel.\/Whatsapp <strong><a href=\"tel:+1 (829) 318-9463\">+1 (829) 318-9463.<\/a><\/strong><\/p>\n<p><img decoding=\"async\" class=\"emoji\" title=\"Samana Cayo Levantado (Bacardi-eiland) en walvissen spotten vanuit Miches in catamaran 2\" draggable=\"false\" src=\"https:\/\/s.w.org\/images\/core\/emoji\/11.2.0\/svg\/1f4e9.svg\" alt=\"\ud83d\udce9\" \/>\u00a0<a href=\"mailto:reservabatour@gmail.com\">reserveren@gmail.com<\/a><\/p>\n<p><strong>We zijn flexibel in het instellen van priv\u00e9rondleidingen via WhatsApp:\u00a0<a href=\"tel:+1 (829) 318-9463\">+1 (829) 318-9463.<\/a><\/strong><\/p>\n<\/div>\n<\/div>\n<\/div>\n<\/div>\n<\/div>\n<\/div>\n<\/div>\n<\/div>\n\n\t\t<\/div>\n\t<\/div>\n<div class=\"vc_row wpb_row vc_row-fluid\" ><div class=\"wpb_column vc_column_container vc_col-sm-12\"><div class=\"vc_column-inner\"><div class=\"wpb_wrapper\"><div class=\"vc_btn3-container vc_btn3-inline\" ><a class=\"vc_general vc_btn3 vc_btn3-size-md vc_btn3-shape-rounded vc_btn3-style-modern vc_btn3-color-green\" href=\"https:\/\/bookingadventures.tours\/booking.php?slug=Miches_Catamaran_Whale_watching__Cayo_Levantado\" title=\"\" rel=\"noopener\">BOEK NU<\/a><\/div><\/div><\/div><\/div><\/div>\n<\/section>","protected":false},"excerpt":{"rendered":"<p><span style=\"vertical-align: inherit;\"><span style=\"vertical-align: inherit;\">Whale Miches Tours &amp; Excursies. <\/span><span style=\"vertical-align: inherit;\">Reserveer boleto&#039;s voor de luchtballonnen in de Bah\u00eda de Saman\u00e1, komenzando desde Miches en visitando Cayo Levantado, tambi\u00e9n conocida como Isla Bacard\u00ed para aventura con pase de un d\u00eda.<\/span><\/span><\/p>\n<p>&nbsp;<\/p>\n<p><em><strong><span style=\"vertical-align: inherit;\"><span style=\"vertical-align: inherit;\">Selectie van het vervoer van de excursie:<\/span><\/span><\/strong><\/em><\/p>","protected":false},"featured_media":17009,"template":"","meta":[],"product_brand":[],"product_cat":[255,937],"product_tag":[393,375,342,392,391,276,274,322,394,390],"class_list":{"0":"post-9218","1":"product","2":"type-product","3":"status-publish","4":"has-post-thumbnail","6":"product_cat-tours-excursions-samana-bay-dominican-republic","7":"product_cat-whale-watching-miches","8":"product_tag-miches-whale-watching","9":"product_tag-samana-dominican-republic","10":"product_tag-samana-whale-watching","11":"product_tag-samana-whale-watching-price","12":"product_tag-things-to-do-in-dominican-republic","13":"product_tag-whale-samana","14":"product_tag-whale-watching-dominican-republic","15":"product_tag-whale-watching-miches","16":"product_tag-whale-watching-miches-dominican-republic","17":"product_tag-when-to-see-whales-dominican-republic","19":"first","20":"instock","21":"sale","22":"shipping-taxable","23":"product-type-external"},"_links":{"self":[{"href":"https:\/\/ballenajorobada.com\/nl\/wp-json\/wp\/v2\/product\/9218","targetHints":{"allow":["GET"]}}],"collection":[{"href":"https:\/\/ballenajorobada.com\/nl\/wp-json\/wp\/v2\/product"}],"about":[{"href":"https:\/\/ballenajorobada.com\/nl\/wp-json\/wp\/v2\/types\/product"}],"wp:featuredmedia":[{"embeddable":true,"href":"https:\/\/ballenajorobada.com\/nl\/wp-json\/wp\/v2\/media\/17009"}],"wp:attachment":[{"href":"https:\/\/ballenajorobada.com\/nl\/wp-json\/wp\/v2\/media?parent=9218"}],"wp:term":[{"taxonomy":"product_brand","embeddable":true,"href":"https:\/\/ballenajorobada.com\/nl\/wp-json\/wp\/v2\/product_brand?post=9218"},{"taxonomy":"product_cat","embeddable":true,"href":"https:\/\/ballenajorobada.com\/nl\/wp-json\/wp\/v2\/product_cat?post=9218"},{"taxonomy":"product_tag","embeddable":true,"href":"https:\/\/ballenajorobada.com\/nl\/wp-json\/wp\/v2\/product_tag?post=9218"}],"curies":[{"name":"wp","href":"https:\/\/api.w.org\/{rel}","templated":true}]}}