{"id":12436,"date":"2021-03-24T09:58:12","date_gmt":"2021-03-24T09:58:12","guid":{"rendered":"https:\/\/www.ticketswhales.com\/?post_type=product&#038;p=12436"},"modified":"2023-11-07T20:30:52","modified_gmt":"2023-11-07T20:30:52","slug":"saona-island-rentals-rent-a-private-boat","status":"publish","type":"product","link":"https:\/\/ballenajorobada.com\/pl\/Tours-Excursions\/wynajac-prywatna-lodz-na-wyspie-saona\/saona-wyspa-wynajem-prywatnej-lodzi","title":{"rendered":"Saona Island Rentals \u2013 Wynajmij prywatn\u0105 \u0142\u00f3d\u017a"},"content":{"rendered":"<section class=\"wpb-content-wrapper\"><div class=\"vc_row wpb_row vc_row-fluid\" > <div class=\"wpb_column vc_column_container vc_col-sm-12\"><div class=\"vc_column-inner\"><div class=\"wpb_wrapper\"> \n\t<div class=\"wpb_text_column wpb_content_element\" >\n\t\t<div class=\"wpb_wrapper\">\n\t\t\t\n\t\t<\/div>\n\t<\/div>\n <\/div><\/div><\/div> <\/div> <div class=\"wpb_column vc_column_container vc_col-sm-12\"><div class=\"vc_column-inner\"><div class=\"wpb_wrapper\"> <div class=\"vc_btn3-container vc_btn3-inline\" ><button class=\"vc_general vc_btn3 vc_btn3-size-md vc_btn3-shape-rounded vc_btn3-style-modern vc_btn3-color-green\">REZERWUJ TERAZ<\/button><\/div> <\/div><\/div><\/div> <div class=\"vc_tta-container\" data-vc-action=\"collapse\"><div class=\"vc_general vc_tta vc_tta-tabs vc_tta-color-grey vc_tta-style-classic vc_tta-shape-rounded vc_tta-spacing-1 vc_tta-tabs-position-top vc_tta-controls-align-left\"><div class=\"vc_tta-tabs-container\"><ul class=\"vc_tta-tabs-list\"><\/ul><\/div><div class=\"vc_tta-panels-container\"><div class=\"vc_tta-panels\"> <\/div><\/div><\/div><\/div> <div class=\"vc_tta-panel vc_active\" id=\"1616582286467-74629ea8-fd69\" data-vc-content=\".vc_tta-panel-body\"><div class=\"vc_tta-panel-heading\"><h4 class=\"vc_tta-panel-title\"><a href=\"#1616582286467-74629ea8-fd69\" data-vc-accordion data-vc-container=\".vc_tta-container\"><span class=\"vc_tta-title-text\">Opis<\/span><\/a><\/h4><\/div><div class=\"vc_tta-panel-body\"> \n\t<div class=\"wpb_text_column wpb_content_element\" >\n\t\t<div class=\"wpb_wrapper\">\n\t\t\t<div class=\"custom-left\">\n<div class=\"row\">\n<div class=\"col-md-12 cust-clas\">\n<div class=\"product-header alignleft\">\n<p>WYSPA SAONA \u2013 \u0141\u00d3D\u0179 \u2013 WYNAJEM<\/p>\n<p>CA\u0141ODNIOWY PRYWATNY CZARTER NA WYSP\u0118 SAONA<\/p>\n<p>ELASTYCZNY CZAS TRWANIA \u2013 OD PONIEDZIA\u0141KU DO NIEDZIELI<\/p>\n<\/div>\n<\/div>\n<\/div>\n<\/div>\n<div class=\"custom-left para-p\">\n<div class=\"info_content_label\">\n<p>&nbsp;<\/p>\n<p>&nbsp;<\/p>\n<p>&nbsp;<\/p>\n<p>&nbsp;<\/p>\n<p>Wynajmij t\u0119 wspania\u0142\u0105 \u0142\u00f3d\u017a na ca\u0142y dzie\u0144 dla maksymalnie 16 os\u00f3b, aby odwiedzi\u0107 wysp\u0119 Saona.<\/p>\n<p><strong>W\u0141\u0104CZONE<\/strong><\/p>\n<ul>\n<li>Za\u0142oga (kapitan i zast\u0119pca kapitana)<\/li>\n<li>Paliwo<\/li>\n<li>Lod\u00f3wka z lodem<\/li>\n<\/ul>\n<p>Jedzenie dost\u0119pne jest za dodatkow\u0105 op\u0142at\u0105:<\/p>\n<p><strong>Szczeg\u00f3\u0142y tradycyjnego lunchu w formie bufetu, $15 USD za osob\u0119:<\/strong><\/p>\n<p>-Sa\u0142atka zielona, sa\u0142atka rosyjska<\/p>\n<p>-Rycerz<\/p>\n<p>-Moro de Guandule (ry\u017c po dominika\u0144sku) z kokosem<\/p>\n<p>-Makaron w sosie pomidorowym - Zapiekanki z manioku<\/p>\n<p>-Grillowana ryba i kurczak (dorado) + opcjonalnie sos z mleka kokosowego<\/p>\n<p>-\u015awie\u017ce owoce - 1 nap\u00f3j bezalkoholowy (nap\u00f3j bezalkoholowy lub woda)<br \/>\n-Kafeteria<\/p>\n<p><strong>Dodatkowa us\u0142uga homar + kr\u00f3wka kokosowa $19 USD (dodatkowo).<\/strong><\/p>\n<\/div>\n<p><strong><label>Nie zawarty:<\/label><\/strong> Napoje i jedzenie NIE s\u0105 wliczone w cen\u0119 i mo\u017cna je zam\u00f3wi\u0107 za dodatkow\u0105 op\u0142at\u0105.<\/p>\n<p>&nbsp;<\/p>\n<\/div>\n<p>Je\u015bli potrzebujesz wi\u0119cej informacji lub masz jakiekolwiek pytania, skontaktuj si\u0119 z nami przez Whatsapp: +1-809-720-6035 lub czat na \u017cywo. Oferujemy najlepsz\u0105 cen\u0119 online!<\/p>\n<p>&nbsp;<\/p>\n<h4><b><i>Zasady anulowania<\/i><\/b><\/h4>\n<p>Aby uzyska\u0107 pe\u0142ny zwrot koszt\u00f3w, zapoznaj si\u0119 z naszymi zasadami anulowania rezerwacji <a href=\"https:\/\/ballenajorobada.com\/pl\/rezerwacja-online\/\" target=\"_blank\" rel=\"noopener\" data-saferedirecturl=\"https:\/\/www.google.com\/url?q=https:\/\/ballenajorobada.com\/online-booking\/&amp;source=gmail&amp;ust=1672449202351000&amp;usg=AOvVaw1yAeVAPktmaVCqDujgUn90\">Kliknij tutaj<\/a>. \u015arodki przepadn\u0105, je\u015bli rezerwacja zostanie anulowana w tym samym dniu podr\u00f3\u017cy. <\/p>\n\n\t\t<\/div>\n\t<\/div>\n <\/div><\/div> <div class=\"vc_tta-panel\" id=\"1616580432722-00be9baf-46e3\" data-vc-content=\".vc_tta-panel-body\"><div class=\"vc_tta-panel-heading\"><h4 class=\"vc_tta-panel-title\"><a href=\"#1616580432722-00be9baf-46e3\" data-vc-accordion data-vc-container=\".vc_tta-container\"><span class=\"vc_tta-title-text\">Ceny<\/span><\/a><\/h4><\/div><div class=\"vc_tta-panel-body\"> <\/div><\/div> <div class=\"mkdf-section-title-holder\" style=\"text-align: center\">\n\t<div class=\"mkdf-st-inner\">\n\t\t\t\t\t\t\t<h3 class=\"mkdf-st-title\" >\n\t\t\t\tCENY\t\t\t<\/h3>\n\t\t\t\t\t<\/div>\n<\/div> <div class=\"vc_empty_space\"   style=\"height: 32px\"><span class=\"vc_empty_space_inner\"><\/span><\/div> <div class=\"vc_row wpb_row vc_row-fluid\" > <div class=\"wpb_column vc_column_container vc_col-sm-12\"><div class=\"vc_column-inner\"><div class=\"wpb_wrapper\"> <div class=\"vc_btn3-container vc_btn3-inline\" ><button class=\"vc_general vc_btn3 vc_btn3-size-md vc_btn3-shape-rounded vc_btn3-style-modern vc_btn3-color-green\">REZERWUJ TERAZ<\/button><\/div> <\/div><\/div><\/div> <\/div>\n<\/section>","protected":false},"excerpt":{"rendered":"<p>Saona Island Boat Rentals &#8211; Rent a Private Boat, Yacht, Sailboat, Catamaran and Explore Saona Island. Saona Top Boat Tours &amp; Catamaran Excursions from Bayahibe Port in Dominican Republic &#8230; At the beginning it was a Boat Rental Company for local tourism.<\/p>\n<p><strong>Book your Private Boat:\u00a0<\/strong><\/p>","protected":false},"featured_media":11544,"template":"","meta":[],"product_brand":[],"product_cat":[871],"product_tag":[874,875,872,876,873],"class_list":{"0":"post-12436","1":"product","2":"type-product","3":"status-publish","4":"has-post-thumbnail","6":"product_cat-rent-private-boat-saona-island","7":"product_tag-saona-island-boat-rent","8":"product_tag-saona-island-boat-rentals","9":"product_tag-saona-island-boat-renting","10":"product_tag-saona-island-private-boat","11":"product_tag-saona-island-rentals","13":"first","14":"instock","15":"sale","16":"shipping-taxable","17":"product-type-external"},"_links":{"self":[{"href":"https:\/\/ballenajorobada.com\/pl\/wp-json\/wp\/v2\/product\/12436","targetHints":{"allow":["GET"]}}],"collection":[{"href":"https:\/\/ballenajorobada.com\/pl\/wp-json\/wp\/v2\/product"}],"about":[{"href":"https:\/\/ballenajorobada.com\/pl\/wp-json\/wp\/v2\/types\/product"}],"wp:featuredmedia":[{"embeddable":true,"href":"https:\/\/ballenajorobada.com\/pl\/wp-json\/wp\/v2\/media\/11544"}],"wp:attachment":[{"href":"https:\/\/ballenajorobada.com\/pl\/wp-json\/wp\/v2\/media?parent=12436"}],"wp:term":[{"taxonomy":"product_brand","embeddable":true,"href":"https:\/\/ballenajorobada.com\/pl\/wp-json\/wp\/v2\/product_brand?post=12436"},{"taxonomy":"product_cat","embeddable":true,"href":"https:\/\/ballenajorobada.com\/pl\/wp-json\/wp\/v2\/product_cat?post=12436"},{"taxonomy":"product_tag","embeddable":true,"href":"https:\/\/ballenajorobada.com\/pl\/wp-json\/wp\/v2\/product_tag?post=12436"}],"curies":[{"name":"wp","href":"https:\/\/api.w.org\/{rel}","templated":true}]}}