{"id":13201,"date":"2021-10-14T18:48:40","date_gmt":"2021-10-14T18:48:40","guid":{"rendered":"https:\/\/www.ticketswhales.com\/?post_type=product&#038;p=13201"},"modified":"2023-11-04T17:12:19","modified_gmt":"2023-11-04T17:12:19","slug":"cano-hondo-hotel-room-free-breakfast-for-2-guests","status":"publish","type":"product","link":"https:\/\/ballenajorobada.com\/pl\/Tours-Excursions\/hotel-cano-hondo\/cano-hondo-pokoj-hotelowy-bezplatne-sniadanie-dla-2-gosci","title":{"rendered":"Pok\u00f3j hotelowy Ca\u00f1o Hondo i bezp\u0142atne \u015bniadanie dla 2 os\u00f3b"},"content":{"rendered":"<section class=\"wpb-content-wrapper\"><div class=\"vc_row wpb_row vc_row-fluid\" ><div class=\"wpb_column vc_column_container vc_col-sm-12\"><div class=\"vc_column-inner\"><div class=\"wpb_wrapper\">\n\t<div class=\"wpb_text_column wpb_content_element\" >\n\t\t<div class=\"wpb_wrapper\">\n\t\t\t<p data-name-en=\"roomsize\"><strong>Bezp\u0142atne WiFi w pokoju lub lobby,\u00a0<\/strong><strong>Bezp\u0142atny parking, codzienne sprz\u0105tanie<\/strong><\/p>\n<p data-name-en=\"roomsize\"><em>(bezp\u0142atne \u015bniadanie dla 2 os\u00f3b)<\/em><\/p>\n<h4 class=\"hprt-lightbox-title\" data-et-view=\"ZdffZZLJbFcFbRAOAcEUJXDbNZRO:1\"><strong>W Twojej \u0142azience:<\/strong><\/h4>\n<ul class=\"hprt-lightbox-list js-lightbox-facilities\" data-nr-of-facilities=\"4\" data-et-view=\"\">\n<li class=\"hprt-lightbox-list__item js-lightbox-facility\" data-name-en=\"Shower\" data-id=\"4\">\u2022 Prysznic<\/li>\n<li class=\"hprt-lightbox-list__item js-lightbox-facility\" data-name-en=\"Free Toiletries\" data-id=\"27\">\u2022 Darmowe przybory toaletowe<\/li>\n<li class=\"hprt-lightbox-list__item js-lightbox-facility\" data-name-en=\"Bathroom\" data-id=\"38\">\u2022 Pok\u00f3j z \u0142azienk\u0105<\/li>\n<li class=\"hprt-lightbox-list__item js-lightbox-facility\" data-name-en=\"higher level toilet\" data-id=\"151\">\u2022 Podniesiona toaleta<\/li>\n<\/ul>\n<h4 class=\"hprt-lightbox-title\"><strong>Wyposa\u017cenie pokoju:<\/strong><\/h4>\n<ul class=\"hprt-lightbox-list js-lightbox-facilities\" data-nr-of-facilities=\"10\">\n<li style=\"list-style-type: none;\">\n<ul class=\"hprt-lightbox-list js-lightbox-facilities\" data-nr-of-facilities=\"10\">\n<li class=\"hprt-lightbox-list__item js-lightbox-facility\" data-name-en=\"Balcony\" data-id=\"17\">\u2022 Balkon<\/li>\n<li class=\"hprt-lightbox-list__item js-lightbox-facility\" data-name-en=\"Garden View\" data-id=\"110\">\u2022 Widok na ocean<\/li>\n<li class=\"hprt-lightbox-list__item js-lightbox-facility\" data-name-en=\"Fan\" data-id=\"30\">\u2022 Mi\u0142o\u015bnik<\/li>\n<li class=\"hprt-lightbox-list__item js-lightbox-facility\" data-name-en=\"Tumble dryer (machine)\" data-id=\"94\">\u2022 Meble<\/li>\n<li>\u2022 2 podw\u00f3jne \u0142\u00f3\u017cka<\/li>\n<li class=\"hprt-lightbox-list__item js-lightbox-facility\" data-name-en=\"Wardrobe\/Closet\" data-id=\"95\">\u2022 Szafa lub garderoba<\/li>\n<\/ul>\n<\/li>\n<\/ul>\n<p>[Czytaj wi\u0119cej]<\/p>\n<div>\n<h4><strong>Dost\u0119p dla go\u015bcia:<\/strong><\/h4>\n<ul>\n<li>\u2022 ca\u0142odobowa recepcja<\/li>\n<li>\u2022 16 pokoi dla niepal\u0105cych<\/li>\n<li>\u2022 Restauracja i bar<\/li>\n<li>\u2022 Wieloj\u0119zyczny personel<\/li>\n<li>\u2022 Leniwa rzeka i 11 odkrytych Naturalnych Basen\u00f3w<\/li>\n<li>\u2022 Taras na dachu<\/li>\n<li>\u2022 Ogr\u00f3d<\/li>\n<li>\u2022 Obszar piknikowy<\/li>\n<li>\u2022 Codzienne sprz\u0105tanie<\/li>\n<li>\u2022 Pralnia<\/li>\n<\/ul>\n<h2><strong><em>Komfort pokoju:<\/em><\/strong><\/h2>\n<ul>\n<li>Wentylator sufitowy<\/li>\n<li>Indywidualnie urz\u0105dzone<\/li>\n<li>Suszarka do w\u0142os\u00f3w (na \u017cyczenie)<\/li>\n<li>Bezp\u0142atna woda butelkowana<\/li>\n<li>Balkon<\/li>\n<li>Codzienne sprz\u0105tanie<\/li>\n<li>Ca\u0142odobowa recepcja<\/li>\n<li>Pi\u0119kny widok<\/li>\n<\/ul>\n<p>[\/czyta\u0107]<\/p>\n<hr \/>\n<h2>Wi\u0119cej informacji o Ca\u00f1o Hondo:<\/h2>\n<h2><strong><em>Ognisko i kemping<\/em><\/strong><\/h2>\n<p>Ciesz si\u0119 nocnym ogniskiem pod kocem gwiazd\u2026 bez zanieczyszczenia \u015bwiat\u0142em, tylko ciemne nocne niebo i odg\u0142osy \u017cycia las\u00f3w tropikalnych.<\/p>\n<p>Opr\u00f3cz wspania\u0142ej obs\u0142ugi mo\u017cesz cieszy\u0107 si\u0119 typowymi lokalnymi potrawami (\u015bwie\u017ce owoce morza) lub zaj\u0119ciami na \u015bwie\u017cym powietrzu i wycieczkami z lokalnym profesjonalnym przewodnikiem.<\/p>\n<p>Ka\u017cdy z naszych 16 pokoi nosi nazwy ptak\u00f3w, kt\u00f3re mo\u017cna spotka\u0107 w Parku Narodowym Los Haitises (w parku wyst\u0119puje oko\u0142o 110 gatunk\u00f3w). Przede wszystkim pokoje s\u0105 indywidualnie urz\u0105dzone, pe\u0142ne pozytywnej energii, kt\u00f3ra uprzyjemnia pobyt w Ca\u00f1o Hondo. Mo\u017cesz podziwia\u0107 widoki na zatok\u0119 San Lorenzo i zatok\u0119 Samana!<\/p>\n<p>&nbsp;<\/p>\n<hr \/>\n<h2>Oferty specjalne Ca\u00f1o Hondo Zaj\u0119cia i wycieczki<\/h2>\n<ul>\n<li>Lista zaj\u0119\u0107 i wycieczek:<\/li>\n<li>Podszewka na suwak<\/li>\n<li>Wspinaczka po \u015bcianach skalnych<\/li>\n<li>Jazda konna<\/li>\n<li>Szlak pieszy w Parku Narodowym (2 lub 4 godziny, mo\u017cna po\u0142\u0105czy\u0107 ze sp\u0142ywem kajakowym)<\/li>\n<li>Sp\u0142ywy kajakowe (2 lub 4 godziny, mo\u017cna po\u0142\u0105czy\u0107 z w\u0119dr\u00f3wkami)<\/li>\n<li>Wycieczki \u0142odzi\u0105 z przewodnikiem do jaski\u0144 Los Haitises<\/li>\n<li>Obserwacja wieloryb\u00f3w (sezon od 15 stycznia do 30 marca)<\/li>\n<li>Obserwacja ptak\u00f3w z przewodnikiem<\/li>\n<li>Odkryj park Los Haitises na kajaku<\/li>\n<li>Wyspa Cayo Levantado\/Bacardi<\/li>\n<li>Wodospady El Limon<\/li>\n<li>Pla\u017ca Frontona<\/li>\n<li>Boca del Diablo<\/li>\n<li>Quad + pla\u017ca El Valle<\/li>\n<\/ul>\n<p>Wykonujemy wycieczki prywatne lub grupowe, pakiety \u0142\u0105czone, kt\u00f3re odpowiadaj\u0105 naszym go\u015bciom. Aby uzyska\u0107 wi\u0119cej informacji na temat zaj\u0119\u0107 i wycieczek, skontaktuj si\u0119 z nami.<\/p>\n<h2><span class=\"_6ijom0\">Dost\u0119p dla go\u015bci Ca\u00f1o Hondo<\/span><\/h2>\n<p>Co jest wok\u00f3\u0142\u2026<\/p>\n<ol>\n<li>16 pokoi dla niepal\u0105cych<\/li>\n<li>Restauracja i bar\/salon<\/li>\n<li>Leniwa rzeka i 15 odkrytych basen\u00f3w<\/li>\n<li>Bezp\u0142atny park wodny<\/li>\n<li>Taras na dachu<\/li>\n<li>Ca\u0142odobowa recepcja<\/li>\n<li>Codzienne sprz\u0105tanie<\/li>\n<li>Widoki na ogr\u00f3d<\/li>\n<li>Pralnia<\/li>\n<li>Wieloj\u0119zyczny personel<\/li>\n<li>Us\u0142ugi konsjer\u017ca<\/li>\n<li>Obszar piknikowy<\/li>\n<li>Bezp\u0142atne \u015bniadanie w formie bufetu, bezp\u0142atne WiFi w miejscach publicznych i bezp\u0142atny parking<\/li>\n<\/ol>\n<h4><b><i>Zasady anulowania<\/i><\/b><\/h4>\n<p>Aby uzyska\u0107 pe\u0142ny zwrot pieni\u0119dzy, przeczytaj nasze Zasady anulowania rezerwacji\u00a0<a href=\"https:\/\/ballenajorobada.com\/pl\/rezerwacja-online\/\" target=\"_blank\" rel=\"noopener\" data-saferedirecturl=\"https:\/\/www.google.com\/url?q=https:\/\/ballenajorobada.com\/online-booking\/&amp;source=gmail&amp;ust=1672449202351000&amp;usg=AOvVaw1yAeVAPktmaVCqDujgUn90\">Kliknij tutaj<\/a>. \u015arodki zostan\u0105 utracone, je\u015bli rezerwacja zostanie anulowana tego samego dnia wycieczki.<\/p>\n<\/div>\n\n\t\t<\/div>\n\t<\/div>\n<\/div><\/div><\/div><\/div><div class=\"vc_row wpb_row vc_row-fluid\" ><div class=\"wpb_column vc_column_container vc_col-sm-12\"><div class=\"vc_column-inner\"><div class=\"wpb_wrapper\">\n\t<div class=\"wpb_text_column wpb_content_element\" >\n\t\t<div class=\"wpb_wrapper\">\n\t\t\t<h2><em>Inne opcje pokoi<\/em><\/h2>\n<div id=\"gtx-trans\" style=\"position: absolute; left: -6px; top: 45.275px;\">\n<div class=\"gtx-trans-icon\"><\/div>\n<\/div>\n\n\t\t<\/div>\n\t<\/div>\n<\/div><\/div><\/div><\/div><div class=\"vc_row wpb_row vc_row-fluid\" ><div class=\"wpb_column vc_column_container vc_col-sm-12\"><div class=\"vc_column-inner\"><div class=\"wpb_wrapper\"><div class=\"woocommerce columns-4\"><ul class=\"products columns-4\">\n<li class=\"product type-product post-13202 status-publish first instock product_cat-hotel-cano-hondo product_cat-room-offers product_tag-altos-cano-hondo product_tag-altos-de-cano-hondo product_tag-cano-hondo product_tag-cano-hondo-day-pass product_tag-cano-hondo-hotel product_tag-hotel-cano-hondo product_tag-hotel-sabana-de-la-mar product_tag-paraiso-cano-hondo has-post-thumbnail shipping-taxable product-type-external\">\n\t<div class=\"mkdf-pl-inner\"><div class=\"mkdf-pl-image\"><img loading=\"lazy\" decoding=\"async\" width=\"150\" height=\"150\" src=\"https:\/\/ballenajorobada.com\/wp-content\/uploads\/2021\/10\/Cano-Hondo35-150x150.jpg\" class=\"attachment-woocommerce_thumbnail size-woocommerce_thumbnail\" alt=\"Pok\u00f3j w hotelu Ca\u00f1o Hondo i bezp\u0142atne \u015bniadanie dla 1 go\u015bcia\" srcset=\"https:\/\/ballenajorobada.com\/wp-content\/uploads\/2021\/10\/Cano-Hondo35-150x150.jpg 150w, https:\/\/ballenajorobada.com\/wp-content\/uploads\/2021\/10\/Cano-Hondo35-85x85.jpg 85w, https:\/\/ballenajorobada.com\/wp-content\/uploads\/2021\/10\/Cano-Hondo35-550x550.jpg 550w, https:\/\/ballenajorobada.com\/wp-content\/uploads\/2021\/10\/Cano-Hondo35-100x100.jpg 100w\" sizes=\"auto, (max-width: 150px) 100vw, 150px\" title=\"\"><div class=\"mkdf-pl-text\"><div class=\"mkdf-pl-text-outer\"><div class=\"mkdf-pl-text-inner\"><a href=\"https:\/\/www.canohondohotel.com\/cano-hondo-room-reservation\/\" aria-describedby=\"woocommerce_loop_add_to_cart_link_describedby_13202\" data-quantity=\"1\" class=\"button product_type_external\" data-product_id=\"13202\" data-product_sku=\"\" aria-label=\"Wys\u0142a\u0107 pro\u015bb\u0119\" rel=\"nofollow noopener\">Wys\u0142a\u0107 pro\u015bb\u0119<\/a>\t<span id=\"woocommerce_loop_add_to_cart_link_describedby_13202\" class=\"screen-reader-text\">\n\t\t\t<\/span>\n<\/div><\/div><\/div><\/div><a href=\"https:\/\/ballenajorobada.com\/pl\/Tours-Excursions\/hotel-cano-hondo\/cano-hondo-pokoj-hotelowy-darmowe-sniadanie-dla-1-goscia\" class=\"woocommerce-LoopProduct-link woocommerce-loop-product__link\"><\/a><\/div><div class=\"mkdf-pl-text-wrapper\"><h4 class=\"mkdf-product-list-title\"><a href=\"https:\/\/ballenajorobada.com\/pl\/Tours-Excursions\/hotel-cano-hondo\/cano-hondo-pokoj-hotelowy-darmowe-sniadanie-dla-1-goscia\">Pok\u00f3j hotelowy Ca\u00f1o Hondo i bezp\u0142atne \u015bniadanie dla 1 osoby<\/a><\/h4>\n\t<span class=\"price\"><span class=\"woocommerce-Price-amount amount\"><bdi><span class=\"woocommerce-Price-currencySymbol\">&#36;<\/span>77.00<\/bdi><\/span><\/span>\n<\/div><\/li><li class=\"product type-product post-13204 status-publish instock product_cat-hotel-cano-hondo product_cat-room-offers product_tag-altos-cano-hondo product_tag-altos-de-cano-hondo product_tag-cano-hondo product_tag-cano-hondo-day-pass product_tag-cano-hondo-hotel product_tag-hotel-cano-hondo product_tag-hotel-sabana-de-la-mar product_tag-paraiso-cano-hondo has-post-thumbnail shipping-taxable product-type-external\">\n\t<div class=\"mkdf-pl-inner\"><div class=\"mkdf-pl-image\"><img loading=\"lazy\" decoding=\"async\" width=\"150\" height=\"150\" src=\"https:\/\/ballenajorobada.com\/wp-content\/uploads\/2021\/10\/cano-Hondo32-150x150.jpg\" class=\"attachment-woocommerce_thumbnail size-woocommerce_thumbnail\" alt=\"Pok\u00f3j w hotelu Ca\u00f1o Hondo i bezp\u0142atne \u015bniadanie dla 3 os\u00f3b\" srcset=\"https:\/\/ballenajorobada.com\/wp-content\/uploads\/2021\/10\/cano-Hondo32-150x150.jpg 150w, https:\/\/ballenajorobada.com\/wp-content\/uploads\/2021\/10\/cano-Hondo32-85x85.jpg 85w, https:\/\/ballenajorobada.com\/wp-content\/uploads\/2021\/10\/cano-Hondo32-550x550.jpg 550w, https:\/\/ballenajorobada.com\/wp-content\/uploads\/2021\/10\/cano-Hondo32-100x100.jpg 100w\" sizes=\"auto, (max-width: 150px) 100vw, 150px\" title=\"\"><div class=\"mkdf-pl-text\"><div class=\"mkdf-pl-text-outer\"><div class=\"mkdf-pl-text-inner\"><a href=\"https:\/\/bookingadventures.tours\/hotel_booking.php?room_id=767cdcacfcd2dd51c9165221ff47bbbf\" aria-describedby=\"woocommerce_loop_add_to_cart_link_describedby_13204\" data-quantity=\"1\" class=\"button product_type_external\" data-product_id=\"13204\" data-product_sku=\"\" aria-label=\"REZERWUJ TERAZ\" rel=\"nofollow noopener\">REZERWUJ TERAZ<\/a>\t<span id=\"woocommerce_loop_add_to_cart_link_describedby_13204\" class=\"screen-reader-text\">\n\t\t\t<\/span>\n<\/div><\/div><\/div><\/div><a href=\"https:\/\/ballenajorobada.com\/pl\/Tours-Excursions\/hotel-cano-hondo\/cano-hondo-pokoj-hotelowy-bezplatne-sniadanie-dla-3-gosci\" class=\"woocommerce-LoopProduct-link woocommerce-loop-product__link\"><\/a><\/div><div class=\"mkdf-pl-text-wrapper\"><h4 class=\"mkdf-product-list-title\"><a href=\"https:\/\/ballenajorobada.com\/pl\/Tours-Excursions\/hotel-cano-hondo\/cano-hondo-pokoj-hotelowy-bezplatne-sniadanie-dla-3-gosci\">Pok\u00f3j hotelowy Ca\u00f1o Hondo i bezp\u0142atne \u015bniadanie dla 3 os\u00f3b<\/a><\/h4>\n\t<span class=\"price\"><span class=\"woocommerce-Price-amount amount\"><bdi><span class=\"woocommerce-Price-currencySymbol\">&#36;<\/span>145.00<\/bdi><\/span><\/span>\n<\/div><\/li><li class=\"product type-product post-13203 status-publish instock product_cat-hotel-cano-hondo product_cat-room-offers product_tag-altos-cano-hondo product_tag-altos-de-cano-hondo product_tag-cano-hondo product_tag-cano-hondo-day-pass product_tag-cano-hondo-hotel product_tag-hotel-cano-hondo product_tag-hotel-sabana-de-la-mar product_tag-paraiso-cano-hondo has-post-thumbnail shipping-taxable product-type-external\">\n\t<div class=\"mkdf-pl-inner\"><div class=\"mkdf-pl-image\"><img loading=\"lazy\" decoding=\"async\" width=\"150\" height=\"150\" src=\"https:\/\/ballenajorobada.com\/wp-content\/uploads\/2021\/10\/Cano-Hondo-Hotel-Reservation-Booking-Online-BEST-PRICES-CANO-HONDO-HOTEL-973-150x150.jpg\" class=\"attachment-woocommerce_thumbnail size-woocommerce_thumbnail\" alt=\"Pok\u00f3j w hotelu Ca\u00f1o Hondo i bezp\u0142atne \u015bniadanie dla 4 os\u00f3b\" srcset=\"https:\/\/ballenajorobada.com\/wp-content\/uploads\/2021\/10\/Cano-Hondo-Hotel-Reservation-Booking-Online-BEST-PRICES-CANO-HONDO-HOTEL-973-150x150.jpg 150w, https:\/\/ballenajorobada.com\/wp-content\/uploads\/2021\/10\/Cano-Hondo-Hotel-Reservation-Booking-Online-BEST-PRICES-CANO-HONDO-HOTEL-973-85x85.jpg 85w, https:\/\/ballenajorobada.com\/wp-content\/uploads\/2021\/10\/Cano-Hondo-Hotel-Reservation-Booking-Online-BEST-PRICES-CANO-HONDO-HOTEL-973-550x550.jpg 550w, https:\/\/ballenajorobada.com\/wp-content\/uploads\/2021\/10\/Cano-Hondo-Hotel-Reservation-Booking-Online-BEST-PRICES-CANO-HONDO-HOTEL-973-100x100.jpg 100w\" sizes=\"auto, (max-width: 150px) 100vw, 150px\" title=\"\"><div class=\"mkdf-pl-text\"><div class=\"mkdf-pl-text-outer\"><div class=\"mkdf-pl-text-inner\"><a href=\"https:\/\/bookingadventures.tours\/hotel_booking.php?room_id=317767134e61e428a2ff368e2b195483\" aria-describedby=\"woocommerce_loop_add_to_cart_link_describedby_13203\" data-quantity=\"1\" class=\"button product_type_external\" data-product_id=\"13203\" data-product_sku=\"\" aria-label=\"REZERWUJ TERAZ\" rel=\"nofollow noopener\">REZERWUJ TERAZ<\/a>\t<span id=\"woocommerce_loop_add_to_cart_link_describedby_13203\" class=\"screen-reader-text\">\n\t\t\t<\/span>\n<\/div><\/div><\/div><\/div><a href=\"https:\/\/ballenajorobada.com\/pl\/Tours-Excursions\/hotel-cano-hondo\/cano-hondo-pokoj-hotelowy-bezplatne-sniadanie-dla-4-gosci\" class=\"woocommerce-LoopProduct-link woocommerce-loop-product__link\"><\/a><\/div><div class=\"mkdf-pl-text-wrapper\"><h4 class=\"mkdf-product-list-title\"><a href=\"https:\/\/ballenajorobada.com\/pl\/Tours-Excursions\/hotel-cano-hondo\/cano-hondo-pokoj-hotelowy-bezplatne-sniadanie-dla-4-gosci\">Ca\u00f1o Hondo Hotel Room &amp; Free Breakfast dla 4 os\u00f3b<\/a><\/h4>\n\t<span class=\"price\"><span class=\"woocommerce-Price-amount amount\"><bdi><span class=\"woocommerce-Price-currencySymbol\">&#36;<\/span>153.00<\/bdi><\/span><\/span>\n<\/div><\/li><li class=\"product type-product post-13205 status-publish last instock product_cat-hotel-cano-hondo product_cat-room-hotel-cano-hondo product_cat-room-offers product_tag-altos-cano-hondo product_tag-altos-de-cano-hondo product_tag-cano-hondo product_tag-cano-hondo-day-pass product_tag-cano-hondo-hotel product_tag-hotel-cano-hondo product_tag-hotel-sabana-de-la-mar product_tag-paraiso-cano-hondo has-post-thumbnail shipping-taxable product-type-external\">\n\t<div class=\"mkdf-pl-inner\"><div class=\"mkdf-pl-image\"><img loading=\"lazy\" decoding=\"async\" width=\"150\" height=\"150\" src=\"https:\/\/ballenajorobada.com\/wp-content\/uploads\/2021\/10\/20f679c0ba64046ebae5a51e6c17a1252121ba9cjfd888-150x150.jpeg\" class=\"attachment-woocommerce_thumbnail size-woocommerce_thumbnail\" alt=\"Pok\u00f3j w hotelu Ca\u00f1o Hondo i bezp\u0142atne \u015bniadanie dla 5 os\u00f3b\" srcset=\"https:\/\/ballenajorobada.com\/wp-content\/uploads\/2021\/10\/20f679c0ba64046ebae5a51e6c17a1252121ba9cjfd888-150x150.jpeg 150w, https:\/\/ballenajorobada.com\/wp-content\/uploads\/2021\/10\/20f679c0ba64046ebae5a51e6c17a1252121ba9cjfd888-85x85.jpeg 85w, https:\/\/ballenajorobada.com\/wp-content\/uploads\/2021\/10\/20f679c0ba64046ebae5a51e6c17a1252121ba9cjfd888-100x100.jpeg 100w\" sizes=\"auto, (max-width: 150px) 100vw, 150px\" title=\"\"><div class=\"mkdf-pl-text\"><div class=\"mkdf-pl-text-outer\"><div class=\"mkdf-pl-text-inner\"><a href=\"https:\/\/bookingadventures.tours\/booking.php?tour_id=7e4bc8f201b2b8e181b8bbeacafe5b2b\" aria-describedby=\"woocommerce_loop_add_to_cart_link_describedby_13205\" data-quantity=\"1\" class=\"button product_type_external\" data-product_id=\"13205\" data-product_sku=\"\" aria-label=\"REZERWUJ TERAZ\" rel=\"nofollow noopener\">REZERWUJ TERAZ<\/a>\t<span id=\"woocommerce_loop_add_to_cart_link_describedby_13205\" class=\"screen-reader-text\">\n\t\t\t<\/span>\n<\/div><\/div><\/div><\/div><a href=\"https:\/\/ballenajorobada.com\/pl\/Tours-Excursions\/hotel-cano-hondo\/cano-hondo-pokoj-hotelowy-bezplatne-sniadanie-dla-5-gosci\" class=\"woocommerce-LoopProduct-link woocommerce-loop-product__link\"><\/a><\/div><div class=\"mkdf-pl-text-wrapper\"><h4 class=\"mkdf-product-list-title\"><a href=\"https:\/\/ballenajorobada.com\/pl\/Tours-Excursions\/hotel-cano-hondo\/cano-hondo-pokoj-hotelowy-bezplatne-sniadanie-dla-5-gosci\">Pok\u00f3j hotelowy Ca\u00f1o Hondo i bezp\u0142atne \u015bniadanie dla 5 os\u00f3b<\/a><\/h4>\n\t<span class=\"price\"><span class=\"woocommerce-Price-amount amount\"><bdi><span class=\"woocommerce-Price-currencySymbol\">&#36;<\/span>210.00<\/bdi><\/span><\/span>\n<\/div><\/li><li class=\"product type-product post-11589 status-publish first instock product_cat-day-trips product_cat-1-sabana-de-la-mar product_cat-hiking-los-haitises product_cat-kayaking-los-haitises product_cat-overnight-los-haitises product_tag-cano-hondo-sabana-de-la-mar product_tag-caves-los-haitises product_tag-eco-tours product_tag-excursion product_tag-hike-kayak product_tag-hike-kayak-los-haitises-national-park product_tag-hiking-los-haitises product_tag-hiking-sabana-de-la-mar product_tag-hiking-samana product_tag-kayak-tour product_tag-kayaking product_tag-kayaking-los-haitises product_tag-los-haitises-national-park product_tag-los-haitises-national-park-entrance-fee product_tag-los-haitises-national-park-tour-from-las-terrenas product_tag-los-haitises-national-park-tour-from-santo-domingo product_tag-los-haitises-national-park-weather product_tag-los-haitises-sabana-de-la-mar product_tag-sabana-de-la-mar product_tag-sabana-de-la-mar-tour product_tag-samana-excursions product_tag-samana-tours product_tag-secrets-of-los-haitises has-post-thumbnail sale sold-individually shipping-taxable product-type-external\">\n\t<div class=\"mkdf-pl-inner\"><div class=\"mkdf-pl-image\">\n\t<span class=\"mkdf-onsale\">WYPRZEDA\u017b<\/span>\n\t<img loading=\"lazy\" decoding=\"async\" width=\"150\" height=\"150\" src=\"https:\/\/ballenajorobada.com\/wp-content\/uploads\/2021\/10\/Cano-Hondo-Hotel-Reservation-Booking-Online-BEST-PRICES-CANO-HONDO-HOTEL-917-150x150.jpg\" class=\"attachment-woocommerce_thumbnail size-woocommerce_thumbnail\" alt=\"Hotel + piesze wycieczki + p\u0142ywanie + sp\u0142ywy kajakowe 2-dniowa wycieczka Los Haitises\" srcset=\"https:\/\/ballenajorobada.com\/wp-content\/uploads\/2021\/10\/Cano-Hondo-Hotel-Reservation-Booking-Online-BEST-PRICES-CANO-HONDO-HOTEL-917-150x150.jpg 150w, https:\/\/ballenajorobada.com\/wp-content\/uploads\/2021\/10\/Cano-Hondo-Hotel-Reservation-Booking-Online-BEST-PRICES-CANO-HONDO-HOTEL-917-85x85.jpg 85w, https:\/\/ballenajorobada.com\/wp-content\/uploads\/2021\/10\/Cano-Hondo-Hotel-Reservation-Booking-Online-BEST-PRICES-CANO-HONDO-HOTEL-917-550x550.jpg 550w, https:\/\/ballenajorobada.com\/wp-content\/uploads\/2021\/10\/Cano-Hondo-Hotel-Reservation-Booking-Online-BEST-PRICES-CANO-HONDO-HOTEL-917-100x100.jpg 100w\" sizes=\"auto, (max-width: 150px) 100vw, 150px\" title=\"\"><div class=\"mkdf-pl-text\"><div class=\"mkdf-pl-text-outer\"><div class=\"mkdf-pl-text-inner\"><a href=\"https:\/\/bookingadventures.tours\/booking.php?tour_id=7d51c901332affeec66cbebebfdbc9f7\" aria-describedby=\"woocommerce_loop_add_to_cart_link_describedby_11589\" data-quantity=\"1\" class=\"button product_type_external\" data-product_id=\"11589\" data-product_sku=\"\" aria-label=\"REZERWUJ TERAZ\" rel=\"nofollow noopener\">REZERWUJ TERAZ<\/a>\t<span id=\"woocommerce_loop_add_to_cart_link_describedby_11589\" class=\"screen-reader-text\">\n\t\t\t<\/span>\n<\/div><\/div><\/div><\/div><a href=\"https:\/\/ballenajorobada.com\/pl\/Tours-Excursions\/wycieczki-jednodniowe\/los-haitises-kompletna-przygoda-hotel-turystyka-plywanie-kajakarstwo\" class=\"woocommerce-LoopProduct-link woocommerce-loop-product__link\"><\/a><\/div><div class=\"mkdf-pl-text-wrapper\"><h4 class=\"mkdf-product-list-title\"><a href=\"https:\/\/ballenajorobada.com\/pl\/Tours-Excursions\/wycieczki-jednodniowe\/los-haitises-kompletna-przygoda-hotel-turystyka-plywanie-kajakarstwo\">Hotel + piesze wycieczki + p\u0142ywanie + sp\u0142ywy kajakowe 2-dniowa wycieczka Los Haitises<\/a><\/h4>\n\t<span class=\"price\"><del aria-hidden=\"true\"><span class=\"woocommerce-Price-amount amount\"><bdi><span class=\"woocommerce-Price-currencySymbol\">&#36;<\/span>185.00<\/bdi><\/span><\/del> <span class=\"screen-reader-text\" data-no-translation=\"\" data-trp-gettext=\"\">Pierwotna cena wynosi\u0142a: &#036;185.00.<\/span><ins aria-hidden=\"true\"><span class=\"woocommerce-Price-amount amount\"><bdi><span class=\"woocommerce-Price-currencySymbol\">&#36;<\/span>175.00<\/bdi><\/span><\/ins><span class=\"screen-reader-text\" data-no-translation=\"\" data-trp-gettext=\"\">Aktualna cena wynosi: &#036;175.00.<\/span><\/span>\n<\/div><\/li><\/ul>\n<\/div><\/div><\/div><\/div><\/div>\n<\/section>","protected":false},"excerpt":{"rendered":"<h2><strong>Hotel Cano Hondo<\/strong><\/h2>\n<p><em>(bezp\u0142atne \u015bniadanie dla 2 os\u00f3b)<\/em><\/p>\n<p>Eco-Lodge to magiczne, spokojne i oryginalne miejsce na pobyt. Ten naturalny i autentyczny hotel po\u0142o\u017cony jest w s\u0142ynnym Parku Narodowym Los Haitises w Sabana de la Mar. Wszystkie nasze pokoje s\u0105 pe\u0142ne pozytywnej energii z niesamowitym widokiem na Zatok\u0119 San Lorenzo i Zatok\u0119 Samana! Pokoje dysponuj\u0105 \u0142azienk\u0105 z ciep\u0142\u0105 wod\u0105 i wentylatorem sufitowym. \u015aniadanie jest wliczone w cen\u0119, przez ca\u0142y dzie\u0144 oferowana jest bezp\u0142atna woda pitna i kawa. Mo\u017cesz r\u00f3wnie\u017c wybra\u0107 z naszych plan\u00f3w posi\u0142k\u00f3w.<br \/>\n[Czytaj wi\u0119cej]<\/p>\n<h2><strong><em><span class=\"_6ijom0\">\u00a0Cano Hondo <\/span><\/em><\/strong><em><strong>Naturalne baseny<\/strong><\/em><\/h2>\n<p>Ciesz si\u0119 naturalnymi ekologicznymi basenami ze zdrow\u0105 i orze\u017awiaj\u0105c\u0105 wod\u0105, kt\u00f3re pi\u0119knie komponuj\u0105 si\u0119 z krajobrazem Twojej rodziny lub go\u015bci. Baseny s\u0105 ca\u0142kowicie biologiczne, nie potrzebuj\u0105 chloru ani chemikali\u00f3w, kt\u00f3re rozwijaj\u0105 w\u0142asn\u0105 naturaln\u0105 ekologi\u0119 i zr\u00f3wnowa\u017cony ekosystem dzi\u0119ki zaprojektowaniu i zbudowaniu w okre\u015blony spos\u00f3b.<\/p>\n<h2><em><strong>Zasady dla dzieci Ca\u00f1o Hondo:<\/strong><\/em><\/h2>\n<p>- Dzieci w wieku od 2 do 10 lat p\u0142ac\u0105 stawk\u0119 za dzieci<br \/>\n-Poni\u017cej 2 lat bezp\u0142atnie<\/p>\n<h2><em><strong>Restauracja Cano Hondo:\u00a0<\/strong><\/em><\/h2>\n<p>Istnieje menu z wieloma opcjami do wyboru. Do ka\u017cdego posi\u0142ku wliczony jest r\u00f3wnie\u017c jeden nap\u00f3j na osob\u0119. Napoje alkoholowe s\u0105 dost\u0119pne za op\u0142at\u0105, podobnie jak napoje dodatkowe.<\/p>\n<p>Menu hotelu opowiada dziwaczne opowie\u015bci o rdzennych s\u0142owach i legendach o okolicy. Podkre\u015bla r\u00f3wnie\u017c typowe dla regionu potrawy, takie jak kraby, muszle i minutas, ma\u0142a ryba s\u0142odkowodna, kt\u00f3r\u0105 lokalnie smakuje, przyprawia i sma\u017cy. \u015awie\u017ce naturalne soki owocowe s\u0105 zmieniane codziennie: limonka, melon, mango, tamaryndowiec, ananas itp.<br \/>\n[\/czyta\u0107]<\/p>","protected":false},"featured_media":13206,"template":"","meta":[],"product_brand":[],"product_cat":[807,977],"product_tag":[425,879,176,421,211,804,978,423],"class_list":{"0":"post-13201","1":"product","2":"type-product","3":"status-publish","4":"has-post-thumbnail","6":"product_cat-hotel-cano-hondo","7":"product_cat-room-offers","8":"product_tag-altos-cano-hondo","9":"product_tag-altos-de-cano-hondo","10":"product_tag-cano-hondo","11":"product_tag-cano-hondo-day-pass","12":"product_tag-cano-hondo-hotel","13":"product_tag-hotel-cano-hondo","14":"product_tag-hotel-sabana-de-la-mar","15":"product_tag-paraiso-cano-hondo","17":"first","18":"instock","19":"shipping-taxable","20":"product-type-external"},"_links":{"self":[{"href":"https:\/\/ballenajorobada.com\/pl\/wp-json\/wp\/v2\/product\/13201","targetHints":{"allow":["GET"]}}],"collection":[{"href":"https:\/\/ballenajorobada.com\/pl\/wp-json\/wp\/v2\/product"}],"about":[{"href":"https:\/\/ballenajorobada.com\/pl\/wp-json\/wp\/v2\/types\/product"}],"wp:featuredmedia":[{"embeddable":true,"href":"https:\/\/ballenajorobada.com\/pl\/wp-json\/wp\/v2\/media\/13206"}],"wp:attachment":[{"href":"https:\/\/ballenajorobada.com\/pl\/wp-json\/wp\/v2\/media?parent=13201"}],"wp:term":[{"taxonomy":"product_brand","embeddable":true,"href":"https:\/\/ballenajorobada.com\/pl\/wp-json\/wp\/v2\/product_brand?post=13201"},{"taxonomy":"product_cat","embeddable":true,"href":"https:\/\/ballenajorobada.com\/pl\/wp-json\/wp\/v2\/product_cat?post=13201"},{"taxonomy":"product_tag","embeddable":true,"href":"https:\/\/ballenajorobada.com\/pl\/wp-json\/wp\/v2\/product_tag?post=13201"}],"curies":[{"name":"wp","href":"https:\/\/api.w.org\/{rel}","templated":true}]}}