{"id":13398,"date":"2021-11-23T10:25:21","date_gmt":"2021-11-23T10:25:21","guid":{"rendered":"https:\/\/www.ticketswhales.com\/?post_type=product&#038;p=13398"},"modified":"2023-02-26T03:44:21","modified_gmt":"2023-02-26T03:44:21","slug":"private-speed-boat-lancha-samana-bay","status":"publish","type":"product","link":"https:\/\/ballenajorobada.com\/pl\/Tours-Excursions\/rent-catamaran-or-boat-samana\/prywatna-szybka-lancha-samana-bay","title":{"rendered":"Prywatna szybka \u0142\u00f3d\u017a (Lancha) Zatoka Samana"},"content":{"rendered":"<section class=\"wpb-content-wrapper\"><div class=\"vc_row wpb_row vc_row-fluid\" ><div class=\"wpb_column vc_column_container vc_col-sm-12\"><div class=\"vc_column-inner\"><div class=\"wpb_wrapper\"><div class=\"vc_btn3-container vc_btn3-inline\" ><button class=\"vc_general vc_btn3 vc_btn3-size-md vc_btn3-shape-rounded vc_btn3-style-modern vc_btn3-color-green\">REZERWUJ TERAZ<\/button><\/div>\n\t<div class=\"wpb_text_column wpb_content_element\" >\n\t\t<div class=\"wpb_wrapper\">\n\t\t\t<div class=\"custom-left\">\n<div class=\"row\">\n<div class=\"col-md-12 cust-clas\">\n<div class=\"product-header alignleft\">\n<p>\u0141\u00d3D\u0179 SAMANA \u2013 WYNAJEM<\/p>\n<p>PRYWATNY CZARTER NA CA\u0141Y DZIE\u0143 SAMANA BAY<\/p>\n<p>WYCIECZKA 8 GODZIN - OD PONIEDZIA\u0141KU DO NIEDZIELI<\/p>\n<\/div>\n<\/div>\n<\/div>\n<\/div>\n<div class=\"custom-left para-p\">\n<div class=\"info_content_label\">\n<p><label>Informacje:<\/label><\/p>\n<p>Wynajmij t\u0119 fantastyczn\u0105 \u0142\u00f3d\u017a motorow\u0105 na ca\u0142y dzie\u0144 dla maksymalnie 5 os\u00f3b <a href=\"https:\/\/ballenajorobada.com\/pl\/destinations\/los-haitises-bilety-do-parku-narodowego-wycieczki\/\" target=\"_blank\" rel=\"noopener\" data-saferedirecturl=\"https:\/\/www.google.com\/url?q=https:\/\/ballenajorobada.com\/destinations\/los-haitises-national-park-tickets-tours\/&amp;source=gmail&amp;ust=1637749313206000&amp;usg=AOvVaw2iM1LFDbYv-Gthna0qZt2n\">Haitczycy<\/a> i Cayo Levantado. R\u00f3wnie\u017c w sezonie ogl\u0105dania wieloryb\u00f3w mo\u017cna skorzysta\u0107 z \u0142odzi, aby zobaczy\u0107 wieloryby w zatoce Samana.<\/p>\n<p>Zawiera za\u0142og\u0119, paliwo i ch\u0142odnic\u0119 lodu.<\/p>\n<p>Opcje wy\u017cywienia dost\u0119pne za dodatkow\u0105 op\u0142at\u0105:<\/p>\n<p><strong>Szczeg\u00f3\u0142y tradycyjnego lunchu w formie bufetu, $15 USD za osob\u0119:<\/strong><\/p>\n<p>-Zielona sa\u0142atka<br \/>\n-Chleb<br \/>\n- Moro de Guandule (ry\u017c po dominika\u0144sku) z kokosem<br \/>\n\u2013 Makaron w sosie pomidorowym<br \/>\n- Zapiekanki z juki<br \/>\n-Ryba i grillowany kurczak (dorado) + opcjonalnie sos z mleka kokosowego<br \/>\n-\u015awie\u017cy owoc<br \/>\n-1 nap\u00f3j bezalkoholowy (soda lub woda)<br \/>\n-Kawa<\/p>\n<p><strong>Dodatkowa us\u0142uga Lobster + cukierki kokosowe $19 USD (dodatkowo).<\/strong><\/p>\n<\/div>\n<p><label>Obejmuje:<\/label>\u00a0Inne us\u0142ugi w cenie (w cenie za\u0142oga, paliwo i ch\u0142odnica z lodem)<\/p>\n<p><label>Nie zawarty:<\/label>\u00a0Napoje lub jedzenie NIE s\u0105 wliczone w cen\u0119<\/p>\n<p><label>Do\u0142\u0105cz paliwo:<\/label>\u00a0Tak<\/p>\n<\/div>\n<p>Skontaktuj si\u0119 z nami przez Whatsapp: +1-809-720-6035. Najlepsza cena w Internecie\u2026<\/p>\n<p>&nbsp;<\/p>\n<h4><b><i>Zasady anulowania<\/i><\/b><\/h4>\n<p>Aby uzyska\u0107 pe\u0142ny zwrot pieni\u0119dzy, przeczytaj nasze Zasady anulowania rezerwacji\u00a0<a href=\"https:\/\/ballenajorobada.com\/pl\/rezerwacja-online\/\" target=\"_blank\" rel=\"noopener\" data-saferedirecturl=\"https:\/\/www.google.com\/url?q=https:\/\/ballenajorobada.com\/online-booking\/&amp;source=gmail&amp;ust=1672449202351000&amp;usg=AOvVaw1yAeVAPktmaVCqDujgUn90\">Kliknij tutaj<\/a>. \u015arodki zostan\u0105 utracone, je\u015bli rezerwacja zostanie anulowana tego samego dnia wycieczki.<\/p>\n\n\t\t<\/div>\n\t<\/div>\n<\/div><\/div><\/div><\/div><div class=\"vc_row wpb_row vc_row-fluid\" ><div class=\"wpb_column vc_column_container vc_col-sm-12\"><div class=\"vc_column-inner\"><div class=\"wpb_wrapper\"><div class=\"vc_btn3-container vc_btn3-inline\" ><button class=\"vc_general vc_btn3 vc_btn3-size-md vc_btn3-shape-rounded vc_btn3-style-modern vc_btn3-color-green\">REZERWUJ TERAZ<\/button><\/div><\/div><\/div><\/div><\/div>\n<\/section>","protected":false},"excerpt":{"rendered":"<p>Prywatna \u0142\u00f3d\u017a motorowa (Lancha) Samana Bay Wynajmij t\u0119 wspania\u0142\u0105 \u0142\u00f3d\u017a motorow\u0105 na ca\u0142y dzie\u0144 dla maksymalnie 5 os\u00f3b, aby odwiedzi\u0107 <a href=\"https:\/\/ballenajorobada.com\/pl\/destinations\/los-haitises-bilety-do-parku-narodowego-wycieczki\/\" target=\"_blank\" rel=\"noopener\" data-saferedirecturl=\"https:\/\/www.google.com\/url?q=https:\/\/ballenajorobada.com\/destinations\/los-haitises-national-park-tickets-tours\/&amp;source=gmail&amp;ust=1637749313206000&amp;usg=AOvVaw2iM1LFDbYv-Gthna0qZt2n\">Haitczycy<\/a> i Cayo Levantado. R\u00f3wnie\u017c w sezonie ogl\u0105dania wieloryb\u00f3w mo\u017cna skorzysta\u0107 z \u0142odzi, aby zobaczy\u0107 wieloryby w zatoce Samana.<\/p>","protected":false},"featured_media":12415,"template":"","meta":[],"product_brand":[],"product_cat":[1054,841,1000],"product_tag":[842,843,844,845],"class_list":{"0":"post-13398","1":"product","2":"type-product","3":"status-publish","4":"has-post-thumbnail","6":"product_cat-private-speed-boat-lancha-samana-bay","7":"product_cat-rent-catamaran-or-boat-samana","8":"product_cat-ultimo2022","9":"product_tag-catamaran-for-renting-samana","10":"product_tag-samana-boat-rentals","11":"product_tag-samana-catamaran","12":"product_tag-samana-rentals","14":"first","15":"instock","16":"sale","17":"shipping-taxable","18":"product-type-external"},"_links":{"self":[{"href":"https:\/\/ballenajorobada.com\/pl\/wp-json\/wp\/v2\/product\/13398","targetHints":{"allow":["GET"]}}],"collection":[{"href":"https:\/\/ballenajorobada.com\/pl\/wp-json\/wp\/v2\/product"}],"about":[{"href":"https:\/\/ballenajorobada.com\/pl\/wp-json\/wp\/v2\/types\/product"}],"wp:featuredmedia":[{"embeddable":true,"href":"https:\/\/ballenajorobada.com\/pl\/wp-json\/wp\/v2\/media\/12415"}],"wp:attachment":[{"href":"https:\/\/ballenajorobada.com\/pl\/wp-json\/wp\/v2\/media?parent=13398"}],"wp:term":[{"taxonomy":"product_brand","embeddable":true,"href":"https:\/\/ballenajorobada.com\/pl\/wp-json\/wp\/v2\/product_brand?post=13398"},{"taxonomy":"product_cat","embeddable":true,"href":"https:\/\/ballenajorobada.com\/pl\/wp-json\/wp\/v2\/product_cat?post=13398"},{"taxonomy":"product_tag","embeddable":true,"href":"https:\/\/ballenajorobada.com\/pl\/wp-json\/wp\/v2\/product_tag?post=13398"}],"curies":[{"name":"wp","href":"https:\/\/api.w.org\/{rel}","templated":true}]}}