{"id":9314,"date":"2019-09-05T08:46:51","date_gmt":"2019-09-05T08:46:51","guid":{"rendered":"https:\/\/www.ticketswhales.com\/?post_type=product&#038;p=9314"},"modified":"2025-02-02T17:10:51","modified_gmt":"2025-02-02T17:10:51","slug":"santo-domingo-city-tour-from-punta-cana-all-inclusive-day-trip","status":"publish","type":"product","link":"https:\/\/ballenajorobada.com\/pl\/Tours-Excursions\/oplaty-centrum\/santo-domingo-wycieczka-po-miescie-z-punta-cana-all-inclusive-jednodniowa-wycieczka","title":{"rendered":"Wycieczka po mie\u015bcie Santo Domingo z Punta Cana. Jednodniowa wycieczka all inclusive."},"content":{"rendered":"<section class=\"wpb-content-wrapper\"><div class=\"vc_row wpb_row vc_row-fluid\" ><div class=\"wpb_column vc_column_container vc_col-sm-12\"><div class=\"vc_column-inner\"><div class=\"wpb_wrapper\"><div class=\"mkdf-section-title-holder\" style=\"text-align: left\">\n\t<div class=\"mkdf-st-inner\">\n\t\t\t\t\t<h5 class=\"mkdf-st-subtitle\" >\n\t\t\t\tTransport i lunch w cenie\t\t\t<\/h5>\n\t\t\t\t\t\t\t<h3 class=\"mkdf-st-title\" >\n\t\t\t\tWycieczka po mie\u015bcie Santo Domingo z Punta Cana. Jednodniowa wycieczka all inclusive.\t\t\t<\/h3>\n\t\t\t\t\t<\/div>\n<\/div><\/div><\/div><\/div><\/div><div class=\"vc_row wpb_row vc_row-fluid\" ><div class=\"wpb_column vc_column_container vc_col-sm-12\"><div class=\"vc_column-inner\"><div class=\"wpb_wrapper\"><div class=\"vc_btn3-container vc_btn3-inline\" ><button class=\"vc_general vc_btn3 vc_btn3-size-md vc_btn3-shape-rounded vc_btn3-style-modern vc_btn3-color-green\">REZERWUJ TERAZ<\/button><\/div>\n\t<div class=\"wpb_text_column wpb_content_element\" >\n\t\t<div class=\"wpb_wrapper\">\n\t\t\t<h3 class=\"ui_header h1 attractions-product-info-ProductTitle__title--1qM0o\"><\/h3>\n<h4><b><i>Przegl\u0105d <\/i><\/b><\/h4>\n<p>Sp\u0119d\u017a dzie\u0144 w kolonialnej strefie historycznej najstarszego miasta w Ameryce \u0141aci\u0144skiej. Poznaj zabytki i atrakcje, takie jak Plaza de Espa\u00f1a, Pa\u0142ac Narodowy, latarnia morska Columbus i strefa kolonialna.<\/p>\n<p>Zatrzymaj si\u0119 w Parku Narodowym Tree Eyes i zobacz podziemne jaskinie i loagony u\u017cywane przez Indian Taino. Najpierw zostaniesz odebrany z hotelu autobusem.<\/p>\n<p>Wycieczka rozpocznie si\u0119 od spotkania z profesjonalnym przewodnikiem, kt\u00f3ry udzieli informacji na temat wyspy i kultury dominika\u0144skiej, jedzenia, muzyki i wielu innych. Lunch w typowej dominika\u0144skiej restauracji jest wliczony w cen\u0119. Ta wycieczka z pewno\u015bci\u0105 przybli\u017cy Ci prawdziw\u0105 histori\u0119 tej wyspy!<\/p>\n<p>Po tym do\u015bwiadczeniu wr\u00f3cisz do miejsca, w kt\u00f3rym spotkasz si\u0119 z przewodnikiem<\/p>\n<p>&nbsp;<\/p>\n<h4><b>W\u0142\u0105czenia i wykluczenia<\/b><\/h4>\n<p><b>Inkluzje<\/b><\/p>\n<ol>\n<li>Obiad w formie bufetu<\/li>\n<li>Latarnia Kolumba<\/li>\n<li>Jednodniowa wycieczka do Santo Domingo<\/li>\n<li>Park Narodowy Los Tres Ojos<\/li>\n<li>Spacer po strefie kolonialnej<\/li>\n<li>Pa\u0142ac Narodowy<\/li>\n<li>\u00a0Plac Hiszpa\u0144ski<\/li>\n<li style=\"font-weight: 400;\"><span style=\"font-weight: 400;\">Wszystkie podatki, op\u0142aty i op\u0142aty manipulacyjne<\/span><\/li>\n<li style=\"font-weight: 400;\"><span style=\"font-weight: 400;\">Lokalne podatki<\/span><\/li>\n<li style=\"font-weight: 400;\"><span style=\"font-weight: 400;\">Napoje<\/span><\/li>\n<li>przek\u0105ski<\/li>\n<li style=\"font-weight: 400;\"><span style=\"font-weight: 400;\">Lokalny przewodnik<\/span><\/li>\n<\/ol>\n<p><b> Wykluczenia<\/b><\/p>\n<ol>\n<li style=\"font-weight: 400;\"><span style=\"font-weight: 400;\">Napiwki<\/span><\/li>\n<li style=\"font-weight: 400;\"><span style=\"font-weight: 400;\">Napoje alkoholowe<\/span><\/li>\n<\/ol>\n<p>&nbsp;<\/p>\n<h4><em><strong>Wyjazd i powr\u00f3t<\/strong><\/em><\/h4>\n<p><span style=\"font-weight: 400;\">Po dokonaniu rezerwacji podr\u00f3\u017cny otrzyma miejsce zbi\u00f3rki. Wycieczki rozpoczynaj\u0105 si\u0119 i ko\u0144cz\u0105 w miejscach spotka\u0144.<\/span><\/p>\n<h3><\/h3>\n<h3 class=\"ui_header h1 attractions-product-info-ProductTitle__title--1qM0o\">Wycieczka po mie\u015bcie Santo Domingo z Punta Cana. Jednodniowa wycieczka all inclusive.<\/h3>\n<h4><b><i>Czego oczekiwa\u0107?<\/i><\/b><\/h4>\n<div class=\"apd_content_block\" data-tab=\"TABS_OVERVIEW\">\n<div class=\"ui_card section attractions-product-details-Overview__sectionMargin--uHktd attractions-product-details-Overview__cleanslateOverrideDT--39Ov7\"><\/div>\n<\/div>\n<div data-tab=\"TABS_WHAT_TO_EXPECT\">\n<div class=\"ui_card attractions-card-CollapsibleProductDetailsCard__cardContainer--3r2wk attractions-card-CollapsibleProductDetailsCard__cleanslateOverrideDT--2AJh0\">\n<div class=\"attractions-card-CollapsibleCard__header--IDA3r\">\n<div class=\"attractions-card-CollapsibleCard__headerSection--3gTKb\"><\/div>\n<\/div>\n<div class=\"attractions-card-CollapsibleCard__content--2Ws8q\">\n<div class=\"attractions-card-CollapsibleCard__contentWrap--374jk attractions-card-CollapsibleCard__titleUnderline--1uHze\">\n<div class=\"attractions-card-CollapsibleProductDetailsCard__cardContent--23ext\">\n<div class=\"common-text-ReadMore__readMore--3Iu8c common-text-ReadMore__variantFadeOut--1tInd\">\n<div class=\"common-text-ReadMore__content--2X4LR\">\n<div class=\"ui_columns is-desktop\">\n<div class=\"ui_column\">Santo Domingo to magiczne miasto, pe\u0142ne historii, kultury i niesamowitych krajobraz\u00f3w. Spacer po najstarszej stolicy \u201eNowego\u201d \u015awiata; Santo Domingo to pierwsze miasto za\u0142o\u017cone w Ameryce.<\/div>\n<div>W 1992 roku Santo Domingo, najstarsze miasto obu Ameryk, obchodzi\u0142o 500. rocznic\u0119 odkrycia przez Krzysztofa Kolumba. Santo Domingo ma pierwsz\u0105 katedr\u0119, uniwersytet i ratusz nowego \u015bwiata. Ca\u0142e centrum miasta jest wype\u0142nione kolonialnymi budynkami z XV i XVI wieku.<\/div>\n<div>Podczas tej wycieczki odwiedzisz nie tylko najwa\u017cniejsze historyczne budowle, ale tak\u017ce muzea i fascynuj\u0105c\u0105 jaskini\u0119. \u201eLos Tres Ojos\u201d to pierwszy przystanek, w kt\u00f3rym zobaczysz jaskini\u0119, w kt\u00f3rej poznasz \u017cycie Indian Taino.<\/div>\n<div><\/div>\n<\/div>\n<\/div>\n<\/div>\n<\/div>\n<\/div>\n<\/div>\n<\/div>\n<\/div>\n<h4><em><strong>Co powiniene\u015b ze sob\u0105 zabra\u0107?<\/strong><\/em><\/h4>\n<ul>\n<li style=\"font-weight: 400;\"><span style=\"font-weight: 400;\">Kamera<\/span><\/li>\n<li style=\"font-weight: 400;\"><span style=\"font-weight: 400;\">Odstraszaj\u0105ce p\u0105ki<\/span><\/li>\n<li style=\"font-weight: 400;\"><span style=\"font-weight: 400;\">Krem do opalania<\/span><\/li>\n<li style=\"font-weight: 400;\"><span style=\"font-weight: 400;\">Kapelusz<\/span><\/li>\n<li style=\"font-weight: 400;\"><span style=\"font-weight: 400;\">Wygodne spodnie<\/span><\/li>\n<li style=\"font-weight: 400;\"><span style=\"font-weight: 400;\">Buty turystyczne\u00a0<\/span><\/li>\n<li style=\"font-weight: 400;\"><span style=\"font-weight: 400;\">Sanda\u0142y na wiosenne tereny.<\/span><\/li>\n<li style=\"font-weight: 400;\"><span style=\"font-weight: 400;\">Kostium k\u0105pielowy<\/span><\/li>\n<\/ul>\n<p>&nbsp;<\/p>\n<h4><b><i>Odbi\u00f3r z hotelu <\/i><\/b><\/h4>\n<p><span style=\"font-weight: 400;\">Oferowany jest odbi\u00f3r podr\u00f3\u017cnych!<\/span><\/p>\n<p><span style=\"font-weight: 400;\">Odbieramy ze wszystkich hoteli w Punta Cana. Miejsce odbioru to lobby hotelowe<br \/>\nJe\u015bli mieszkasz w mieszkaniu w okolicy, odbierzemy Ci\u0119 z mieszkania lub przy wej\u015bciu do najbli\u017cszego o\u015brodka. Ustalamy Odbi\u00f3r, kontaktuj\u0105c si\u0119 z nami przez Whatsapp.<\/span><\/p>\n<p><b>Uwaga:<\/b><span style=\"font-weight: 400;\"> Je\u015bli dokonujesz rezerwacji w ci\u0105gu 24 godzin od godziny rozpocz\u0119cia wycieczki\/wycieczki, mo\u017cemy zorganizowa\u0107 odbi\u00f3r z hotelu. Po sfinalizowaniu zakupu wy\u015blemy Ci pe\u0142ne dane kontaktowe (numer telefonu, adres e-mail itp.) do naszego lokalnego przewodnika w celu zorganizowania odbioru.<\/span><\/p>\n<h4><b><i>Dodatkowe potwierdzenie informacji <\/i><\/b><\/h4>\n<ol>\n<li>Bilety s\u0105 paragonem po op\u0142aceniu tej wycieczki. Mo\u017cesz pokaza\u0107 p\u0142atno\u015b\u0107 na swoim telefonie.<\/li>\n<li style=\"font-weight: 400;\"><span style=\"font-weight: 400;\">Miejsce spotkania zostanie odebrane po zako\u0144czeniu procesu rezerwacji.<\/span><\/li>\n<li style=\"font-weight: 400;\"><span style=\"font-weight: 400;\">Dzieciom musi towarzyszy\u0107 osoba doros\u0142a.<\/span><\/li>\n<li style=\"font-weight: 400;\"><span style=\"font-weight: 400;\"> Niedost\u0119pny dla w\u00f3zk\u00f3w inwalidzkich <\/span><\/li>\n<li style=\"font-weight: 400;\"><span style=\"font-weight: 400;\">Niemowl\u0119ta musz\u0105 siedzie\u0107 na kolanach <\/span><\/li>\n<li style=\"font-weight: 400;\"><span style=\"font-weight: 400;\">Niezalecane dla podr\u00f3\u017cnych z problemami z plecami<\/span><\/li>\n<li style=\"font-weight: 400;\"><span style=\"font-weight: 400;\">Nie zalecane dla podr\u00f3\u017cuj\u0105cych w ci\u0105\u017cy <\/span><\/li>\n<li style=\"font-weight: 400;\"><span style=\"font-weight: 400;\"> \u017badnych problem\u00f3w z sercem ani innych powa\u017cnych schorze\u0144 <\/span><\/li>\n<li style=\"font-weight: 400;\"><span style=\"font-weight: 400;\">Wi\u0119kszo\u015b\u0107 podr\u00f3\u017cnych mo\u017ce wzi\u0105\u0107 udzia\u0142<\/span><\/li>\n<\/ol>\n<h4><b><i>Zasady anulowania<\/i><\/b><\/h4>\n<p>Aby uzyska\u0107 pe\u0142ny zwrot pieni\u0119dzy, przeczytaj nasze Zasady anulowania rezerwacji\u00a0<a href=\"https:\/\/www.ticketswhales.com\/online-booking\/\" target=\"_blank\" rel=\"noopener\" data-saferedirecturl=\"https:\/\/www.google.com\/url?q=https:\/\/www.ticketswhales.com\/online-booking\/&amp;source=gmail&amp;ust=1672449202351000&amp;usg=AOvVaw1yAeVAPktmaVCqDujgUn90\">Kliknij tutaj<\/a>. \u015arodki zostan\u0105 utracone, je\u015bli rezerwacja zostanie anulowana tego samego dnia wycieczki.<\/p>\n\n\t\t<\/div>\n\t<\/div>\n<div class=\"vc_btn3-container vc_btn3-inline\" ><button class=\"vc_general vc_btn3 vc_btn3-size-md vc_btn3-shape-rounded vc_btn3-style-modern vc_btn3-color-green\">REZERWUJ TERAZ<\/button><\/div><\/div><\/div><\/div><\/div><div class=\"vc_row wpb_row vc_row-fluid\" ><div class=\"wpb_column vc_column_container vc_col-sm-12\"><div class=\"vc_column-inner\"><div class=\"wpb_wrapper\">\n\t<div class=\"wpb_video_widget wpb_content_element vc_clearfix   vc_video-aspect-ratio-169 vc_video-el-width-100 vc_video-align-left\" >\n\t\t<div class=\"wpb_wrapper\">\n\t\t\t<h2 class=\"wpb_heading wpb_video_heading\">Film z Santo Domingo:<\/h2>\n\t\t\t<div class=\"wpb_video_wrapper\"><iframe loading=\"lazy\" title=\"Santo Domingo, stolica Dominikany | DZIENNIK PODR\u00d3\u017bY\" width=\"1100\" height=\"619\" src=\"https:\/\/www.youtube.com\/embed\/CixCl3alHJw?feature=oembed\" frameborder=\"0\" allow=\"accelerometer; autoplay; clipboard-write; encrypted-media; gyroscope; picture-in-picture; web-share\" referrerpolicy=\"strict-origin-when-cross-origin\" allowfullscreen><\/iframe><\/div>\n\t\t<\/div>\n\t<\/div>\n<\/div><\/div><\/div><\/div><div class=\"vc_row wpb_row vc_row-fluid\" ><\/div><div class=\"wpb_column vc_column_container vc_col-sm-12\"><div class=\"vc_column-inner\"><div class=\"wpb_wrapper\"><div class=\"vc_btn3-container vc_btn3-inline\" ><button class=\"vc_general vc_btn3 vc_btn3-size-md vc_btn3-shape-rounded vc_btn3-style-modern vc_btn3-color-green\">REZERWUJ TERAZ<\/button><\/div><\/div><\/div><\/div><div class=\"vc_empty_space\"   style=\"height: 32px\"><span class=\"vc_empty_space_inner\"><\/span><\/div><div class=\"vc_empty_space\"   style=\"height: 32px\"><span class=\"vc_empty_space_inner\"><\/span><\/div><div class=\"vc_row wpb_row vc_row-fluid\" ><div class=\"wpb_column vc_column_container vc_col-sm-12\"><div class=\"vc_column-inner\"><div class=\"wpb_wrapper\"><\/div><\/div><\/div><\/div>\n<\/section>","protected":false},"excerpt":{"rendered":"<p>To truly experience the rich history and culture of the Dominican Republic, join us on an all-day tour of Santo Domingo, the oldest city in the Americas. Traveling in a modern, clean, and comfortable bus, you&#8217;ll be entertained by a professional guide who will make this trip both lively and informative.<\/p>\n<p>You&#8217;ll see many interesting sites along the way, including the Chav\u00f3n River, which has been featured in movies, such as Apocalypse Now and Rambo.<\/p>\n<p>Visiting Los Tres Ojos National Park and the complete Colonial Zone after a Typical Buffet Lunch.<\/p>\n<p><strong>Select the date for the City Tour:\u00a0<\/strong><\/p>","protected":false},"featured_media":17048,"template":"","meta":[],"product_brand":[],"product_cat":[347,948,159,160,972,966,348,349,253],"product_tag":[352,355,356,358,354,633,632,357,353,351,350],"class_list":{"0":"post-9314","1":"product","2":"type-product","3":"status-publish","4":"has-post-thumbnail","6":"product_cat-santo-domingo-from-punta-cana","7":"product_cat-1-punta-cana","8":"product_cat-fees-entrace","9":"product_cat-lunch","10":"product_cat-punta-cana-group-tours","11":"product_cat-punta-cana-santo-domingo","12":"product_cat-tours-excursion-santo-domingo","13":"product_cat-tours-and-excursion-punta-cana","14":"product_cat-tours-and-excursions","15":"product_tag-columbus-lighthouse","16":"product_tag-day-trip-santo-domingo","17":"product_tag-los-tres-ojos-national-park","18":"product_tag-los-tres-ojos-santo-domingo","19":"product_tag-santo-domingo-city-tour","20":"product_tag-santo-domingo-excursion","21":"product_tag-santo-domingo-tour","22":"product_tag-the-3-eyes","23":"product_tag-the-colonial-zone","24":"product_tag-the-national-palace","25":"product_tag-the-plaza-de-espana","27":"first","28":"instock","29":"sale","30":"sold-individually","31":"shipping-taxable","32":"product-type-external"},"_links":{"self":[{"href":"https:\/\/ballenajorobada.com\/pl\/wp-json\/wp\/v2\/product\/9314","targetHints":{"allow":["GET"]}}],"collection":[{"href":"https:\/\/ballenajorobada.com\/pl\/wp-json\/wp\/v2\/product"}],"about":[{"href":"https:\/\/ballenajorobada.com\/pl\/wp-json\/wp\/v2\/types\/product"}],"wp:featuredmedia":[{"embeddable":true,"href":"https:\/\/ballenajorobada.com\/pl\/wp-json\/wp\/v2\/media\/17048"}],"wp:attachment":[{"href":"https:\/\/ballenajorobada.com\/pl\/wp-json\/wp\/v2\/media?parent=9314"}],"wp:term":[{"taxonomy":"product_brand","embeddable":true,"href":"https:\/\/ballenajorobada.com\/pl\/wp-json\/wp\/v2\/product_brand?post=9314"},{"taxonomy":"product_cat","embeddable":true,"href":"https:\/\/ballenajorobada.com\/pl\/wp-json\/wp\/v2\/product_cat?post=9314"},{"taxonomy":"product_tag","embeddable":true,"href":"https:\/\/ballenajorobada.com\/pl\/wp-json\/wp\/v2\/product_tag?post=9314"}],"curies":[{"name":"wp","href":"https:\/\/api.w.org\/{rel}","templated":true}]}}