{"id":9717,"date":"2019-11-01T19:22:33","date_gmt":"2019-11-01T19:22:33","guid":{"rendered":"https:\/\/www.ticketswhales.com\/?post_type=product&#038;p=9717"},"modified":"2025-02-02T17:14:18","modified_gmt":"2025-02-02T17:14:18","slug":"whale-watching-in-punta-cana-to-samana-bay-cayo-levantado-bacardi-island-from-hotels","status":"publish","type":"product","link":"https:\/\/ballenajorobada.com\/pl\/Tours-Excursions\/tours-excursions-samana-bay-dominican-republic\/obserwacja-wielorybow-w-punta-cana-do-zatoki-samana-cayo-levantado-bacardi-wyspa-z-hoteli","title":{"rendered":"Obserwowanie wieloryb\u00f3w w Punta Cana \/ Cap Cana do zatoki Saman\u00e1 + Cayo Levantado (wyspa Bacardi) z hoteli."},"content":{"rendered":"<section class=\"wpb-content-wrapper\"><div class=\"vc_row wpb_row vc_row-fluid\" ><div class=\"wpb_column vc_column_container vc_col-sm-12\"><div class=\"vc_column-inner\"><div class=\"wpb_wrapper\">\n\t<div class=\"wpb_text_column wpb_content_element\" >\n\t\t<div class=\"wpb_wrapper\">\n\t\t\t<h1>Whale Watching in Punta Cana\/Cap Cana to Samana Bay<\/h1>\n\n\t\t<\/div>\n\t<\/div>\n<\/div><\/div><\/div><\/div><div class=\"vc_row wpb_row vc_row-fluid\" ><div class=\"wpb_column vc_column_container vc_col-sm-12\"><div class=\"vc_column-inner\"><div class=\"wpb_wrapper\">\n\t<div class=\"wpb_text_column wpb_content_element\" >\n\t\t<div class=\"wpb_wrapper\">\n\t\t\t<div class=\"vc_row wpb_row vc_row-fluid\">\n<div class=\"wpb_column vc_column_container vc_col-sm-12\">\n<div class=\"vc_column-inner\">\n<div class=\"wpb_wrapper\">\n<div class=\"wpb_text_column wpb_content_element\">\n<div class=\"wpb_wrapper\">\n<div class=\"vc_row wpb_row vc_row-fluid\">\n<div class=\"wpb_column vc_column_container vc_col-sm-12\">\n<div class=\"vc_column-inner\">\n<div class=\"wpb_wrapper\">\n<div class=\"wpb_text_column wpb_content_element\">\n<div class=\"wpb_wrapper\">\n<h4><b><i>Przegl\u0105d<img decoding=\"async\" class=\"emoji\" draggable=\"false\" src=\"https:\/\/s.w.org\/images\/core\/emoji\/12.0.0-1\/svg\/1f433.svg\" alt=\"\ud83d\udc33\" title=\"\"><\/i><\/b><\/h4>\n<p>Wieloryb Punta Cana, obserwacja wieloryb\u00f3w w zatoce Saman\u00e1 i wizyta na Cayo Levantado podczas tej ca\u0142odniowej wycieczki z hoteli w Punta Cana. Udaj si\u0119 do zatoki Saman\u00e1 na pok\u0142adzie wygodnego, klimatyzowanego autokaru, a nast\u0119pnie przesi\u0105d\u017a si\u0119 na katamaran w Miches. Wyp\u0142y\u0144 na otwarte wody w poszukiwaniu stad humbak\u00f3w, kt\u00f3re odwiedzaj\u0105 okolic\u0119, aby si\u0119 rozmna\u017ca\u0107 i rodzi\u0107. Dowiedz si\u0119 o zachowaniu i biologii tych ssak\u00f3w morskich z przewodnika eksperta przyrodnika. Jed\u017a dalej na Cayo Levantado lub wysp\u0119 Bacardi, na lunch na pla\u017cy i k\u0105piel w lazurowych wodach przed powrotem do Punta Cana.<\/p>\n<p>&nbsp;<\/p>\n<p><strong>Uwaga: <\/strong>Ta trasa mo\u017ce obejmowa\u0107 przystanek o godz\u00a0<strong>Wodospad Limonki<\/strong>. Aby zarezerwowa\u0107 t\u0119 sam\u0105 wycieczk\u0119 z wodospadami, prosz\u0119 <a href=\"https:\/\/www.ticketswhales.com\/Tours-Excursions\/fees-entrace\/samana-whale-watching-cayo-levantado-bacardi-island-limon-waterfalls-from-punta-cana-hotels\/\" rel=\"noopener\">KLIKNIJ TUTAJ.<\/a><\/p>\n<p>&nbsp;<\/p>\n<ul>\n<li>Wycieczka z obserwacj\u0105 wieloryb\u00f3w<\/li>\n<li>Op\u0142aty za wst\u0119p do Obserwatorium<\/li>\n<li>Obejmuje lunch w formie bufetu na pla\u017cy<\/li>\n<li>Transfer \u0142odzi\u0105<\/li>\n<li>Transfer z hoteli Punta Cana<\/li>\n<li>Kapitan zapewnia instrukcje i nadz\u00f3r<\/li>\n<li>Przewodnik wycieczki<\/li>\n<\/ul>\n<p>&nbsp;<\/p>\n<h4><b>W\u0142\u0105czenia i wykluczenia<\/b><\/h4>\n<p>&nbsp;<\/p>\n<p><b>Inkluzje<\/b><\/p>\n<p>&nbsp;<\/p>\n<ol>\n<li>Lunch w formie bufetu na pla\u017cy<\/li>\n<li>Przewodnik wycieczki<\/li>\n<li>Wycieczka katamaranem lub \u0142odzi\u0105<\/li>\n<li>Wszystkie podatki, op\u0142aty i op\u0142aty manipulacyjne<\/li>\n<li>Lokalne podatki<\/li>\n<li>Napoje<\/li>\n<\/ol>\n<p><b>Wykluczenia<\/b><\/p>\n<ol>\n<li>Napiwki<\/li>\n<\/ol>\n<p>&nbsp;<\/p>\n<h4><em><strong>Wyjazd i powr\u00f3t<\/strong><\/em><\/h4>\n<p>W przypadku tej wycieczki oferowany jest odbi\u00f3r z hotelu. W notatkach po prostu wpisz nazw\u0119 hotelu, z kt\u00f3rego chcesz odebra\u0107. Odbieramy we wszystkich hotelach w Punta Cana.<\/p>\n<p>&nbsp;<\/p>\n<h3>Obserwowanie wieloryb\u00f3w w Punta Cana\/Cap Cana do Samana Bay + Cayo Levantado (wyspa Bacardi) z hoteli.<\/h3>\n<h4><b><i>Czego oczekiwa\u0107?<\/i><\/b><\/h4>\n<p>Zbli\u017c si\u0119 do \u0142agodnych morskich gigant\u00f3w Dominikany podczas tej 12-godzinnej wycieczki z obserwacj\u0105 humbak\u00f3w w zatoce S\u00e1mana. Sp\u0119d\u017a niezapomniany dzie\u0144, obserwuj\u0105c tysi\u0105ce wieloryb\u00f3w, kt\u00f3re co roku przybywaj\u0105 na wysp\u0119, aby kojarzy\u0107 si\u0119, karmi\u0107 i bawi\u0107 si\u0119 w ciep\u0142ych wodach tropikalnych. Obserwuj\u0105c te pi\u0119kne stworzenia, b\u0119dziesz cieszy\u0107 si\u0119 wyj\u0105tkowymi spostrze\u017ceniami swojego do\u015bwiadczonego przewodnika obserwuj\u0105cego wieloryby. Zako\u0144cz dzie\u0144 lunchem i pla\u017c\u0105 na pi\u0119knej wyspie Cayo Levantado. W cen\u0119 wliczony jest r\u00f3wnie\u017c transport hotelowy w obie strony.<\/p>\n<p>Od 9:00 do 12:00 Obserwatorium Obserwacji Wieloryb\u00f3w i Po tej wycieczce odwiedzimy Wysp\u0119 Bacardi \/ Cayo Levantado. Na wyspie Bacardi zapewniony zostanie lunch w formie bufetu w typowym dominika\u0144skim stylu (ry\u017c, fasola, ryby, sa\u0142atki\u2026). Po zako\u0144czeniu lunchu mo\u017cesz p\u0142ywa\u0107 do 16:30. Wycieczka zako\u0144czy si\u0119 o 17:00 w tym samym porcie, z kt\u00f3rego rozpocznie si\u0119 na pok\u0142adzie naszego katamaranu i autobusem z powrotem do hoteli w Punta Cana.<\/p>\n<p>Ta trasa mo\u017ce obejmowa\u0107 przystanek o godz\u00a0<strong>Wodospad Limonki<\/strong>. Aby zarezerwowa\u0107 t\u0119 sam\u0105 wycieczk\u0119 z wodospadami, prosz\u0119 <a href=\"https:\/\/www.ticketswhales.com\/Tours-Excursions\/fees-entrace\/samana-whale-watching-cayo-levantado-bacardi-island-limon-waterfalls-from-punta-cana-hotels\/\" rel=\"noopener\">KLIKNIJ TUTAJ.<\/a><\/p>\n<p><strong>Plan lekcji:<\/strong><\/p>\n<p>6:00 \u2013 7:00 Odbi\u00f3r klient\u00f3w z r\u00f3\u017cnych hoteli<br \/>\n07:00 Wyjazd do Las Canitas w Sabana de la mar<br \/>\n08:15 Przybycie do prywatnej przystani<br \/>\n08:15 \u2013 8:40 \u015aniadanie (kanapki, babeczki, herbata, kawa, soki)<br \/>\n8:45 Wej\u015bcie na pok\u0142ad, aby rozpocz\u0105\u0107 nasz\u0105 podr\u00f3\u017c do sanktuarium humbak\u00f3w w Samanie<br \/>\n11:00 Poszukiwanie wieloryb\u00f3w przez 45 minut - To jest czas, po kt\u00f3rym nast\u0119puj\u0105 zasady rz\u0105dowe.<br \/>\n11:45 Udaj si\u0119 do Cayo Levantado w zatoce Samana<br \/>\n12:30 Przylot do Cayo Levantado<br \/>\n13:00 Czas na lunch (lunch w formie bufetu, typowo dominika\u0144ski)*<br \/>\n13:45 \u2013 15:30 Czas wolny w Cayo Levantado<br \/>\n15:00 \u2013 15:45 Powr\u00f3t na pok\u0142ad w kierunku z powrotem do Miches<br \/>\n17:00 Przyjazd do Miches i wyjazd do hoteli w Punta Cana<br \/>\n19:30 \u2013 20:00 Przyjazd do hoteli w Punta Cana<\/p>\n<p><strong>*Menu lunchowe (typowe dominika\u0144skie)<br \/>\n<\/strong>Ry\u017c, grillowany kurczak lub grillowana ryba, sa\u0142atka, warzywa, \u015bwie\u017ce owoce.<\/p>\n<p><strong>*Klienci, kt\u00f3rzy zdecyduj\u0105 si\u0119 doda\u0107 przystanek przy wodospadzie El Limon po obserwowaniu wieloryb\u00f3w, przenios\u0105 si\u0119 do reklamy wodospadu, b\u0119d\u0105 mieli mniej czasu do sp\u0119dzenia w Cayo Levantado.<\/strong><\/p>\n<p>Ta trasa mo\u017ce obejmowa\u0107 przystanek o godz\u00a0<strong>Wodospad Limonki<\/strong>. Aby zarezerwowa\u0107 t\u0119 sam\u0105 wycieczk\u0119 z wodospadami, prosz\u0119 <a href=\"https:\/\/www.ticketswhales.com\/Tours-Excursions\/fees-entrace\/samana-whale-watching-cayo-levantado-bacardi-island-limon-waterfalls-from-punta-cana-hotels\/\" rel=\"noopener\">KLIKNIJ TUTAJ.<\/a><\/p>\n<p>&nbsp;<\/p>\n<h4><em><strong>Co powiniene\u015b ze sob\u0105 zabra\u0107?<\/strong><\/em><\/h4>\n<ul>\n<li>Kamera<\/li>\n<li>Odstraszaj\u0105ce p\u0105ki<\/li>\n<li>krem do opalania<\/li>\n<li>Kapelusz<\/li>\n<li>Wygodne spodnie<\/li>\n<li>Sanda\u0142y na pla\u017c\u0119<\/li>\n<li>Kostium k\u0105pielowy<\/li>\n<li>Got\u00f3wka na pami\u0105tki<\/li>\n<\/ul>\n<p>&nbsp;<\/p>\n<h4><b><i>Odbi\u00f3r z hotelu<\/i><\/b><\/h4>\n<p>W przypadku tej wycieczki oferowany jest odbi\u00f3r z hotelu. W notatkach po prostu wpisz nazw\u0119 hotelu, z kt\u00f3rego chcesz odebra\u0107. Odbieramy we wszystkich hotelach w Punta Cana.<\/p>\n<p>&nbsp;<\/p>\n<p><b>Uwaga:<\/b> je\u015bli rezerwujesz w ci\u0105gu 24 godzin od godziny wyjazdu\/wycieczki, mo\u017cemy zorganizowa\u0107 odbi\u00f3r z hotelu. Po sfinalizowaniu zakupu wy\u015blemy Ci pe\u0142ne dane kontaktowe (numer telefonu, adres e-mail itp.) do naszego lokalnego przewodnika w celu zorganizowania odbioru.<\/p>\n<h4><b><i>Dodatkowe potwierdzenie informacji<\/i><\/b><\/h4>\n<ol>\n<li>Bilety s\u0105 paragonem po op\u0142aceniu tej wycieczki. Mo\u017cesz pokaza\u0107 p\u0142atno\u015b\u0107 na swoim telefonie.<\/li>\n<li>Miejsce spotkania zostanie odebrane po zako\u0144czeniu procesu rezerwacji.<\/li>\n<li>Dzieciom musi towarzyszy\u0107 osoba doros\u0142a.<\/li>\n<li>Dost\u0119p dla w\u00f3zk\u00f3w inwalidzkich<\/li>\n<li>Niemowl\u0119ta musz\u0105 siedzie\u0107 na kolanach<\/li>\n<li>Wi\u0119kszo\u015b\u0107 podr\u00f3\u017cnych mo\u017ce wzi\u0105\u0107 udzia\u0142<\/li>\n<\/ol>\n<h5><b><i>Zasady anulowania<\/i><\/b><\/h5>\n<p>Aby uzyska\u0107 pe\u0142ny zwrot pieni\u0119dzy, przeczytaj nasze Zasady anulowania rezerwacji\u00a0<a href=\"https:\/\/www.ticketswhales.com\/online-booking\/\" target=\"_blank\" rel=\"noopener\" data-saferedirecturl=\"https:\/\/www.google.com\/url?q=https:\/\/www.ticketswhales.com\/online-booking\/&amp;source=gmail&amp;ust=1672532492004000&amp;usg=AOvVaw3ylqI1cdbIPTimEqEWneyd\">Kliknij tutaj<\/a>. \u015arodki zostan\u0105 utracone, je\u015bli rezerwacja zostanie anulowana tego samego dnia wycieczki.<\/p>\n<\/div>\n<\/div>\n<\/div>\n<\/div>\n<\/div>\n<\/div>\n<\/div>\n<\/div>\n<\/div>\n<\/div>\n<\/div>\n<\/div>\n<div class=\"vc_row wpb_row vc_row-fluid\">\n<div class=\"wpb_column vc_column_container vc_col-sm-12\">\n<div class=\"vc_column-inner\">\n<div class=\"wpb_wrapper\">\n<div class=\"vc_empty_space\"><\/div>\n<div class=\"wpb_text_column wpb_content_element\">\n<div class=\"wpb_wrapper\">\n<h4>Skontaktuj si\u0119 z nami?<\/h4>\n<h5><b><i>WYCIECZKA WIELORYB\u00d3W SAMANA<\/i><\/b><\/h5>\n<p><em><strong>Miejscowi<\/strong>\u00a0oraz\u00a0<strong>Rodacy<\/strong>\u00a0Przewodnicy turystyczni i us\u0142ugi dla go\u015bci<\/em><\/p>\n<p><span class=\"text-turquoise\">Rezerwacje:<\/span>\u00a0Wycieczki i wycieczki w Dom. Reprezentant.<\/p>\n<p><img decoding=\"async\" class=\"emoji\" draggable=\"false\" src=\"https:\/\/s.w.org\/images\/core\/emoji\/11.2.0\/svg\/1f4de.svg\" alt=\"\ud83d\udcde\" title=\"\">\u00a0Tel \/ Whatsapp\u00a0\u00a0<a href=\"tel:+1-809-720-6035\">+1-809-720-6035<\/a>.<\/p>\n<p><img decoding=\"async\" class=\"emoji\" draggable=\"false\" src=\"https:\/\/s.w.org\/images\/core\/emoji\/11.2.0\/svg\/1f4e9.svg\" alt=\"\ud83d\udce9\" title=\"\">\u00a0<a href=\"mailto:info@bookingadventures.com.do\">info@bookingadventures.com.do<\/a><\/p>\n<p><strong>Jeste\u015bmy elastyczni w ustalaniu prywatnych wycieczek przez Whatsapp:\u00a0<a href=\"tel:+18097206035\">+18097206035.<\/a><\/strong><\/p>\n<\/div>\n<\/div>\n<\/div>\n<\/div>\n<\/div>\n<\/div>\n\n\t\t<\/div>\n\t<\/div>\n<\/div><\/div><\/div><\/div>\n<\/section>","protected":false},"excerpt":{"rendered":"<p>Z hoteli w Punta Cana b\u0119dziemy podziwia\u0107 pi\u0119kne krajobrazy Oriental Mountain Range, jad\u0105c na p\u00f3\u0142noc od Punta Cana, zanim dotrzemy do ma\u0142ej wioski rybackiej Miches na po\u0142udniowym brzegu zatoki Samana. Tam zjesz szybkie \u015bniadanie przed wej\u015bciem na pok\u0142ad \u0142odzi do Samany. Pop\u0142yniemy w g\u0142\u0105b zatoki na obserwacj\u0119 wieloryb\u00f3w. Najpierw dotrzemy do Cayo Levantado, znanej r\u00f3wnie\u017c jako Bacardi Island ze wzgl\u0119du na bliskie podobie\u0144stwo do pla\u017c, na kt\u00f3rych Bacardi Rum kr\u0119ci\u0142 swoje s\u0142ynne reklamy. Cayo Levantado to nic innego jak tropikalna oaza \u2013 ma\u0142a wyspa po\u015brodku oceanu z turkusowymi wodami i bia\u0142ym piaskiem.<\/p>\n<p>Ta trasa mo\u017ce obejmowa\u0107 przystanek o godz\u00a0<strong>Wodospad Limonki<\/strong>. Aby zarezerwowa\u0107 t\u0119 sam\u0105 wycieczk\u0119 z wodospadami, prosz\u0119 <a href=\"https:\/\/www.ticketswhales.com\/Tours-Excursions\/fees-entrace\/samana-whale-watching-cayo-levantado-bacardi-island-limon-waterfalls-from-punta-cana-hotels\/\">KLIKNIJ TUTAJ.<\/a><\/p>\n<p>&nbsp;<\/p>\n<p>&nbsp;<\/p>\n<p><em><strong>Wybierz dat\u0119 wycieczki:<\/strong><\/em><\/p>","protected":false},"featured_media":17178,"template":"","meta":[],"product_brand":[],"product_cat":[294,948,972,968,255,664],"product_tag":[631,184,328,480,296,428,327,222,527,313,199,526,458,342,524,276,529,528,274,525],"class_list":{"0":"post-9717","1":"product","2":"type-product","3":"status-publish","4":"has-post-thumbnail","6":"product_cat-tours-excursions-punta-cana-dominican-republic","7":"product_cat-1-punta-cana","8":"product_cat-punta-cana-group-tours","9":"product_cat-punta-cana-whale-watching","10":"product_cat-tours-excursions-samana-bay-dominican-republic","11":"product_cat-whale-watching-punta-cana","12":"product_tag-631","13":"product_tag-bacardi-island","14":"product_tag-cayo-levantado-day-pass","15":"product_tag-cheap-punta-cana-excursions","16":"product_tag-day-trip-punta-cana","17":"product_tag-half-day-whale-watching-miches","18":"product_tag-private-tours-samana","19":"product_tag-punta-cana","20":"product_tag-punta-cana-activities","21":"product_tag-punta-cana-tours","22":"product_tag-samana-bay","23":"product_tag-samana-day-trip","24":"product_tag-samana-day-trip-from-punta-cana","25":"product_tag-samana-whale-watching","26":"product_tag-whale-punta-cana","27":"product_tag-whale-samana","28":"product_tag-whale-watching-2020","29":"product_tag-whale-watching-2020-in-punta-cana-to-samana-bay-cayo-levantado-bacardi-island-from-hotels","30":"product_tag-whale-watching-dominican-republic","31":"product_tag-whale-watching-punta-cana","33":"first","34":"instock","35":"sale","36":"sold-individually","37":"shipping-taxable","38":"product-type-external"},"_links":{"self":[{"href":"https:\/\/ballenajorobada.com\/pl\/wp-json\/wp\/v2\/product\/9717","targetHints":{"allow":["GET"]}}],"collection":[{"href":"https:\/\/ballenajorobada.com\/pl\/wp-json\/wp\/v2\/product"}],"about":[{"href":"https:\/\/ballenajorobada.com\/pl\/wp-json\/wp\/v2\/types\/product"}],"wp:featuredmedia":[{"embeddable":true,"href":"https:\/\/ballenajorobada.com\/pl\/wp-json\/wp\/v2\/media\/17178"}],"wp:attachment":[{"href":"https:\/\/ballenajorobada.com\/pl\/wp-json\/wp\/v2\/media?parent=9717"}],"wp:term":[{"taxonomy":"product_brand","embeddable":true,"href":"https:\/\/ballenajorobada.com\/pl\/wp-json\/wp\/v2\/product_brand?post=9717"},{"taxonomy":"product_cat","embeddable":true,"href":"https:\/\/ballenajorobada.com\/pl\/wp-json\/wp\/v2\/product_cat?post=9717"},{"taxonomy":"product_tag","embeddable":true,"href":"https:\/\/ballenajorobada.com\/pl\/wp-json\/wp\/v2\/product_tag?post=9717"}],"curies":[{"name":"wp","href":"https:\/\/api.w.org\/{rel}","templated":true}]}}