{"id":12450,"date":"2021-03-27T06:52:26","date_gmt":"2021-03-27T06:52:26","guid":{"rendered":"https:\/\/www.ticketswhales.com\/?post_type=product&#038;p=12450"},"modified":"2023-03-22T10:10:45","modified_gmt":"2023-03-22T10:10:45","slug":"saona-island-rentals-rent-a-private-boat-small","status":"publish","type":"product","link":"https:\/\/ballenajorobada.com\/pt\/Tours-Excursions\/aluguel-de-barco-particular-em-saona-islandia\/saona-island-aluguel-aluguer-um-barco-pequeno","title":{"rendered":"Saona Island Rentals \u2013 Alugue um barco particular pequeno"},"content":{"rendered":"<section class=\"wpb-content-wrapper\"><div class=\"vc_row wpb_row vc_row-fluid\" ><div class=\"wpb_column vc_column_container vc_col-sm-12\"><div class=\"vc_column-inner\"><div class=\"wpb_wrapper\">\n\t<div class=\"wpb_text_column wpb_content_element\" >\n\t\t<div class=\"wpb_wrapper\">\n\t\t\t<p> <span style=\"vertical-align: inherit;\"><span style=\"vertical-align: inherit;\"><\/p>\n\n\t\t<\/div>\n\t<\/div>\n<\/div><\/div><\/div><\/div><div class=\"vc_row wpb_row vc_row-fluid\" ><\/div><div class=\"wpb_column vc_column_container vc_col-sm-12\"><div class=\"vc_column-inner\"><div class=\"wpb_wrapper\"><\/div><\/div><\/div><div class=\"vc_tta-container\" data-vc-action=\"collapse\"><div class=\"vc_general vc_tta vc_tta-tabs vc_tta-color-grey vc_tta-style-classic vc_tta-shape-rounded vc_tta-spacing-1 vc_tta-tabs-position-top vc_tta-controls-align-left\"><div class=\"vc_tta-tabs-container\"><ul class=\"vc_tta-tabs-list\"><\/ul><\/div><div class=\"vc_tta-panels-container\"><div class=\"vc_tta-panels\"><\/div><\/div><\/div><\/div><div class=\"vc_tta-panel vc_active\" id=\"1616582286467-74629ea8-fd69\" data-vc-content=\".vc_tta-panel-body\"><div class=\"vc_tta-panel-heading\"><h4 class=\"vc_tta-panel-title\"><a href=\"#1616582286467-74629ea8-fd69\" data-vc-accordion data-vc-container=\".vc_tta-container\"><span class=\"vc_tta-title-text\">Descri\u00e7\u00e3o<\/span><\/a><\/h4><\/div><div class=\"vc_tta-panel-body\"><div class=\"vc_btn3-container vc_btn3-inline\" ><a class=\"vc_general vc_btn3 vc_btn3-size-md vc_btn3-shape-rounded vc_btn3-style-modern vc_btn3-color-green\" href=\"https:\/\/bookingadventures.tours\/booking.php?tour_id=c5b4dcf89f4d6ad59b861fe6cfa59959\" title=\"\" rel=\"noopener\">AGENDE AGORA<\/a><\/div>\n\t<div class=\"wpb_text_column wpb_content_element\" >\n\t\t<div class=\"wpb_wrapper\">\n\t\t\t<p>\u00a0<\/span><\/span><\/p>\n<div class=\"custom-left\">\n<div class=\"row\">\n<div class=\"col-md-12 cust-clas\">\n<div class=\"product-header alignleft\">\n<p><span style=\"vertical-align: inherit;\"><span style=\"vertical-align: inherit;\">ILHA DE SAONA \u2013 BARCO \u2013 ALUGUEL<\/span><\/span><\/p>\n<p><span style=\"vertical-align: inherit;\"><span style=\"vertical-align: inherit;\">CHARTER PRIVADO DE DIA INTEIRO PARA A ILHA DE SAONA<\/span><\/span><\/p>\n<p><span style=\"vertical-align: inherit;\"><span style=\"vertical-align: inherit;\">DURA\u00c7\u00c3O FLEX\u00cdVEL \u2013 SEGUNDA A DOMINGO<\/span><\/span><\/p>\n<\/div>\n<\/div>\n<\/div>\n<\/div>\n<div class=\"custom-left para-p\">\n<div class=\"info_content_label\">\n<p>&nbsp;<\/p>\n<p>&nbsp;<\/p>\n<p>&nbsp;<\/p>\n<p>&nbsp;<\/p>\n<p>Alugue este fabuloso barco por um dia inteiro para at\u00e9 16 pessoas para visitar a Ilha Saona.<\/p>\n<p><strong>INCLUINDO<\/strong><\/p>\n<ul>\n<li>Tripula\u00e7\u00e3o (Capit\u00e3o e Assistente do Capit\u00e3o)<\/li>\n<li>Combust\u00edvel<\/li>\n<li>Refrigerador de gelo com gelo<\/li>\n<\/ul>\n<p>A comida est\u00e1 dispon\u00edvel por um pre\u00e7o extra:<\/p>\n<p><strong>Detalhes do Almo\u00e7o Buffet Tradicional, $15 USD p\/p:<\/strong><\/p>\n<p>- Salada Verde, Salada Russa<br \/>\n-P\u00e3o<br \/>\n-Moro de Guandule (arroz dominicano) com coco<br \/>\n-Massa ao molho de tomate<br \/>\n- Ca\u00e7arolas de Yuca<br \/>\n-Peixe e frango grelhado (dorado) + molho de leite de coco opcional<br \/>\n-Fruta fresca<br \/>\n-1 bebida n\u00e3o alco\u00f3lica (refrigerante ou \u00e1gua)<br \/>\n-Caf\u00e9<\/p>\n<p><strong>Servi\u00e7o adicional de lagosta + doce de coco $19 USD (adicional).<\/strong><\/p>\n<\/div>\n<p><strong><label>N\u00e3o incluso:<\/label><\/strong> Bebidas e alimentos N\u00c3O est\u00e3o inclu\u00eddos e podem ser providenciados por um custo adicional.<\/p>\n<p>&nbsp;<\/p>\n<\/div>\n<p>Se precisar de mais informa\u00e7\u00f5es ou tiver alguma d\u00favida, n\u00e3o hesite em nos contatar pelo Whatsapp: +1-809-720-6035 ou chat ao vivo. Oferecemos o melhor pre\u00e7o online!<\/p>\n<p>&nbsp;<\/p>\n<h4><b><i>Pol\u00edtica de cancelamento<\/i><\/b><\/h4>\n<p>Para um reembolso total, leia nossas pol\u00edticas de cancelamento <a href=\"https:\/\/ballenajorobada.com\/pt\/marcacao-online\/\" target=\"_blank\" rel=\"noopener\" data-saferedirecturl=\"https:\/\/www.google.com\/url?q=https:\/\/ballenajorobada.com\/online-booking\/&amp;source=gmail&amp;ust=1672449202351000&amp;usg=AOvVaw1yAeVAPktmaVCqDujgUn90\">Clique aqui<\/a>. Os fundos ser\u00e3o perdidos se a reserva for cancelada no mesmo dia da viagem.<\/p>\n\n\t\t<\/div>\n\t<\/div>\n<\/div><\/div><div class=\"vc_tta-panel\" id=\"1616580432722-00be9baf-46e3\" data-vc-content=\".vc_tta-panel-body\"><div class=\"vc_tta-panel-heading\"><h4 class=\"vc_tta-panel-title\"><a href=\"#1616580432722-00be9baf-46e3\" data-vc-accordion data-vc-container=\".vc_tta-container\"><span class=\"vc_tta-title-text\">Pre\u00e7o<\/span><\/a><\/h4><\/div><div class=\"vc_tta-panel-body\"> <\/div><\/div><div class=\"mkdf-section-title-holder\" style=\"text-align: center\">\n\t<div class=\"mkdf-st-inner\">\n\t\t\t\t\t\t\t<h3 class=\"mkdf-st-title\" >\n\t\t\t\tPRE\u00c7O\t\t\t<\/h3>\n\t\t\t\t\t<\/div>\n<\/div><div class=\"vc_empty_space\"   style=\"height: 32px\"><span class=\"vc_empty_space_inner\"><\/span><\/div><div class=\"vc_row wpb_row vc_row-fluid\" ><div class=\"wpb_column vc_column_container vc_col-sm-12\"><div class=\"vc_column-inner\"><div class=\"wpb_wrapper\"><div class=\"vc_btn3-container vc_btn3-inline\" ><a class=\"vc_general vc_btn3 vc_btn3-size-md vc_btn3-shape-rounded vc_btn3-style-modern vc_btn3-color-green\" href=\"https:\/\/bookingadventures.tours\/booking.php?tour_id=c5b4dcf89f4d6ad59b861fe6cfa59959\" title=\"\" rel=\"noopener\">AGENDE AGORA<\/a><\/div><\/div><\/div><\/div><\/div>\n<\/section>","protected":false},"excerpt":{"rendered":"Descripci\u00f3nBOOK NOW \u00a0 SAONA ISLAND - BOAT - RENTAL FULL DAY PRIVATE CHARTER TO SAONA ISLAND FLEXIBLE DURATION - MONDAY TO SUNDAY &nbsp; &nbsp; &nbsp; &nbsp; Rent this fabulous boat for the full day for up to 16 people to visit the Saona Island. INCLUDING Crew (Capitan and Captain's Assistant) Fuel Ice cooler with ice Food is available for an extra price: Details of the Traditional Buffet lunch, $15 USD p\/p: -Green salad, Russian Salad -Bread -Moro de Guandule (Rice [...]","protected":false},"featured_media":12452,"template":"","meta":[],"product_brand":[],"product_cat":[871],"product_tag":[874,875,872,876,873],"class_list":{"0":"post-12450","1":"product","2":"type-product","3":"status-publish","4":"has-post-thumbnail","6":"product_cat-rent-private-boat-saona-island","7":"product_tag-saona-island-boat-rent","8":"product_tag-saona-island-boat-rentals","9":"product_tag-saona-island-boat-renting","10":"product_tag-saona-island-private-boat","11":"product_tag-saona-island-rentals","13":"first","14":"instock","15":"sale","16":"shipping-taxable","17":"product-type-external"},"_links":{"self":[{"href":"https:\/\/ballenajorobada.com\/pt\/wp-json\/wp\/v2\/product\/12450","targetHints":{"allow":["GET"]}}],"collection":[{"href":"https:\/\/ballenajorobada.com\/pt\/wp-json\/wp\/v2\/product"}],"about":[{"href":"https:\/\/ballenajorobada.com\/pt\/wp-json\/wp\/v2\/types\/product"}],"wp:featuredmedia":[{"embeddable":true,"href":"https:\/\/ballenajorobada.com\/pt\/wp-json\/wp\/v2\/media\/12452"}],"wp:attachment":[{"href":"https:\/\/ballenajorobada.com\/pt\/wp-json\/wp\/v2\/media?parent=12450"}],"wp:term":[{"taxonomy":"product_brand","embeddable":true,"href":"https:\/\/ballenajorobada.com\/pt\/wp-json\/wp\/v2\/product_brand?post=12450"},{"taxonomy":"product_cat","embeddable":true,"href":"https:\/\/ballenajorobada.com\/pt\/wp-json\/wp\/v2\/product_cat?post=12450"},{"taxonomy":"product_tag","embeddable":true,"href":"https:\/\/ballenajorobada.com\/pt\/wp-json\/wp\/v2\/product_tag?post=12450"}],"curies":[{"name":"wp","href":"https:\/\/api.w.org\/{rel}","templated":true}]}}