{"id":13205,"date":"2021-10-14T18:48:41","date_gmt":"2021-10-14T18:48:41","guid":{"rendered":"https:\/\/www.ticketswhales.com\/?post_type=product&#038;p=13205"},"modified":"2023-10-06T11:58:39","modified_gmt":"2023-10-06T11:58:39","slug":"cano-hondo-hotel-room-free-breakfast-for-5-guests","status":"publish","type":"product","link":"https:\/\/ballenajorobada.com\/pt\/Tours-Excursions\/hotel-cano-hondo\/cano-hondo-quarto-de-hotel-cafe-da-manha-gratis-para-5-hospedes","title":{"rendered":"Quarto no Hotel Ca\u00f1o Hondo e Caf\u00e9 da Manh\u00e3 Gratuito para 5 H\u00f3spedes"},"content":{"rendered":"<section class=\"wpb-content-wrapper\"><div class=\"vc_row wpb_row vc_row-fluid\" ><div class=\"wpb_column vc_column_container vc_col-sm-12\"><div class=\"vc_column-inner\"><div class=\"wpb_wrapper\"><div class=\"vc_btn3-container vc_btn3-inline\" ><button class=\"vc_general vc_btn3 vc_btn3-size-md vc_btn3-shape-rounded vc_btn3-style-modern vc_btn3-color-green\">AGENDE AGORA<\/button><\/div>\n\t<div class=\"wpb_text_column wpb_content_element\" >\n\t\t<div class=\"wpb_wrapper\">\n\t\t\t<p data-name-en=\"roomsize\"><strong>WiFi Gratuito no Quarto ou Lobby,\u00a0<\/strong><strong>Estacionamento Gratuito, Limpeza Di\u00e1ria<\/strong><\/p>\n<p data-name-en=\"roomsize\"><em>(Pequeno-almo\u00e7o gratuito para 5 h\u00f3spedes)<\/em><\/p>\n<h4 class=\"hprt-lightbox-title\" data-et-view=\"ZdffZZLJbFcFbRAOAcEUJXDbNZRO:1\"><strong>No seu banheiro:<\/strong><\/h4>\n<ul class=\"hprt-lightbox-list js-lightbox-facilities\" data-nr-of-facilities=\"4\" data-et-view=\"\">\n<li class=\"hprt-lightbox-list__item js-lightbox-facility\" data-name-en=\"Shower\" data-id=\"4\">\u2022 Banho<\/li>\n<li class=\"hprt-lightbox-list__item js-lightbox-facility\" data-name-en=\"Free Toiletries\" data-id=\"27\">\u2022 amenidades de banho gratuitas<\/li>\n<li class=\"hprt-lightbox-list__item js-lightbox-facility\" data-name-en=\"Bathroom\" data-id=\"38\">\u2022 Banheiro privativo<\/li>\n<li class=\"hprt-lightbox-list__item js-lightbox-facility\" data-name-en=\"higher level toilet\" data-id=\"151\">\u2022 WC elevado<\/li>\n<\/ul>\n<h4 class=\"hprt-lightbox-title\"><strong>Facilidades de quarto:<\/strong><\/h4>\n<ul class=\"hprt-lightbox-list js-lightbox-facilities\" data-nr-of-facilities=\"10\">\n<li style=\"list-style-type: none;\">\n<ul class=\"hprt-lightbox-list js-lightbox-facilities\" data-nr-of-facilities=\"10\">\n<li class=\"hprt-lightbox-list__item js-lightbox-facility\" data-name-en=\"Balcony\" data-id=\"17\">\u2022 Sacada<\/li>\n<li class=\"hprt-lightbox-list__item js-lightbox-facility\" data-name-en=\"Garden View\" data-id=\"110\">\u2022 Vista do oceano<\/li>\n<li class=\"hprt-lightbox-list__item js-lightbox-facility\" data-name-en=\"Fan\" data-id=\"30\">\u2022 Ventilador<\/li>\n<li class=\"hprt-lightbox-list__item js-lightbox-facility\" data-name-en=\"Tumble dryer (machine)\" data-id=\"94\">\u2022 Mobili\u00e1rio<\/li>\n<li>\u2022 3 camas de casal<\/li>\n<li class=\"hprt-lightbox-list__item js-lightbox-facility\" data-name-en=\"Wardrobe\/Closet\" data-id=\"95\">\u2022 Guarda-roupa ou closet<\/li>\n<\/ul>\n<\/li>\n<\/ul>\n<p>[consulte Mais informa\u00e7\u00e3o]<\/p>\n<div>\n<h4><strong>Acesso de convidado:<\/strong><\/h4>\n<ul>\n<li>\u2022 Recep\u00e7\u00e3o 24 horas<\/li>\n<li>\u2022 16 quartos para n\u00e3o fumantes<\/li>\n<li>\u2022 Restaurante e bar<\/li>\n<li>\u2022 Funcion\u00e1rios multilingues<\/li>\n<li>\u2022 Um rio lento e 11 piscinas naturais ao ar livre<\/li>\n<li>\u2022 Terra\u00e7o na laje<\/li>\n<li>\u2022 Jardim<\/li>\n<li>\u2022 \u00c1rea de piquenique<\/li>\n<li>\u2022 Limpeza di\u00e1ria<\/li>\n<li>\u2022 Servi\u00e7o de lavanderia<\/li>\n<\/ul>\n<h2><strong><em>Confortos do quarto:<\/em><\/strong><\/h2>\n<ul>\n<li>Ventilador de teto<\/li>\n<li>decorados individualmente<\/li>\n<li>Secador de cabelo (a pedido)<\/li>\n<li>\u00e1gua engarrafada gr\u00e1tis<\/li>\n<li>Sacada<\/li>\n<li>Limpeza di\u00e1ria<\/li>\n<li>recep\u00e7\u00e3o 24 horas<\/li>\n<li>Vista bonita<\/li>\n<\/ul>\n<p>[\/ler]<\/p>\n<hr \/>\n<h2>Mais detalhes sobre Ca\u00f1o Hondo:<\/h2>\n<h2><strong><em>Fogueira e Acampamento<\/em><\/strong><\/h2>\n<p>Desfrute de uma fogueira noturna sob um manto de estrelas... sem polui\u00e7\u00e3o luminosa, apenas um c\u00e9u noturno escuro e os sons da vida na floresta tropical.<\/p>\n<p>Al\u00e9m de um \u00f3timo servi\u00e7o, voc\u00ea pode desfrutar de comida t\u00edpica local (frutos do mar frescos) ou atividades ao ar livre e excurs\u00f5es com um guia profissional local.<\/p>\n<p>Cada um dos nossos 16 quartos tem o nome de p\u00e1ssaros que podem ser encontrados no Parque Nacional Los Haitises (existem cerca de 110 esp\u00e9cies no parque). Acima de tudo, os quartos s\u00e3o decorados individualmente, com energia totalmente positiva que traz uma melhor estadia em Ca\u00f1o Hondo. Voc\u00ea pode desfrutar de vistas da Ba\u00eda de San Lorenzo e da Ba\u00eda de Samana!<\/p>\n<p>&nbsp;<\/p>\n<hr \/>\n<h2>Ofertas especiais Atividades e excurs\u00f5es em Ca\u00f1o Hondo<\/h2>\n<ul>\n<li>Lista das Atividades e Excurs\u00f5es:<\/li>\n<li>tirolesa<\/li>\n<li>Escalada em parede de rocha<\/li>\n<li>Cavalgando<\/li>\n<li>Trilho Pedestre no Parque Nacional (2 ou 4 horas, podendo ser combinado com caiaque)<\/li>\n<li>Caiaque (2 ou 4 horas, pode ser combinado com caminhadas)<\/li>\n<li>Passeios de barco guiados em Los Haitises visitando cavernas<\/li>\n<li>Observa\u00e7\u00e3o de baleias (temporada de 15 de janeiro a 30 de mar\u00e7o)<\/li>\n<li>Observa\u00e7\u00e3o de Aves Guiada<\/li>\n<li>Descubra o parque Los Haitises na canoa<\/li>\n<li>Cayo Levantado\/Ilha Bacardi<\/li>\n<li>Cachoeiras El Limon<\/li>\n<li>Praia de Front\u00e3o<\/li>\n<li>Boca del Diablo<\/li>\n<li>Quadriciclo + Praia El Valle<\/li>\n<\/ul>\n<p>Fazemos Tours privados ou em grupo, pacotes combinados que se adequam aos nossos h\u00f3spedes. Para mais informa\u00e7\u00f5es sobre atividades e excurs\u00f5es, entre em contato conosco.<\/p>\n<h2><span class=\"_6ijom0\">Ca\u00f1o Hondo Acesso para convidados<\/span><\/h2>\n<p>O que est\u00e1 ao redor\u2026<\/p>\n<ol>\n<li>16 quartos para n\u00e3o fumantes<\/li>\n<li>Restaurante e bar\/lounge<\/li>\n<li>Rio lento e 15 piscinas externas<\/li>\n<li>Parque aqu\u00e1tico gratuito<\/li>\n<li>Terra\u00e7o na laje<\/li>\n<li>recep\u00e7\u00e3o 24 horas<\/li>\n<li>Limpeza di\u00e1ria<\/li>\n<li>Vista para o jardim<\/li>\n<li>Servi\u00e7o de lavanderia<\/li>\n<li>Funcion\u00e1rios multilingues<\/li>\n<li>Servi\u00e7os de recep\u00e7\u00e3o<\/li>\n<li>\u00c1rea de piquenique<\/li>\n<li>Buffet de caf\u00e9 da manh\u00e3 gr\u00e1tis, Wi-Fi gr\u00e1tis nas \u00e1reas comuns e estacionamento gr\u00e1tis<\/li>\n<\/ol>\n<h4><b><i>Pol\u00edtica de cancelamento<\/i><\/b><\/h4>\n<p>Para um reembolso total, leia nossas pol\u00edticas de cancelamento\u00a0<a href=\"https:\/\/ballenajorobada.com\/pt\/marcacao-online\/\" target=\"_blank\" rel=\"noopener\" data-saferedirecturl=\"https:\/\/www.google.com\/url?q=https:\/\/ballenajorobada.com\/online-booking\/&amp;source=gmail&amp;ust=1672449202351000&amp;usg=AOvVaw1yAeVAPktmaVCqDujgUn90\">Clique aqui<\/a>. Os fundos ser\u00e3o perdidos se a reserva for cancelada no mesmo dia da viagem.<\/p>\n<\/div>\n\n\t\t<\/div>\n\t<\/div>\n<div class=\"vc_btn3-container vc_btn3-inline\" ><button class=\"vc_general vc_btn3 vc_btn3-size-md vc_btn3-shape-rounded vc_btn3-style-modern vc_btn3-color-green\">AGENDE AGORA<\/button><\/div><\/div><\/div><\/div><\/div><div class=\"vc_row wpb_row vc_row-fluid\" ><div class=\"wpb_column vc_column_container vc_col-sm-12\"><div class=\"vc_column-inner\"><div class=\"wpb_wrapper\">\n\t<div class=\"wpb_text_column wpb_content_element\" >\n\t\t<div class=\"wpb_wrapper\">\n\t\t\t<h2><em>Outras op\u00e7\u00f5es de quartos<\/em><\/h2>\n\n\t\t<\/div>\n\t<\/div>\n<\/div><\/div><\/div><\/div><div class=\"vc_row wpb_row vc_row-fluid\" ><div class=\"wpb_column vc_column_container vc_col-sm-12\"><div class=\"vc_column-inner\"><div class=\"wpb_wrapper\"><div class=\"woocommerce columns-3\"><ul class=\"products columns-3\">\n<li class=\"product type-product post-16647 status-publish first instock product_cat-haitises product_tag-haitises has-post-thumbnail shipping-taxable product-type-external\">\n\t<div class=\"mkdf-pl-inner\"><div class=\"mkdf-pl-image\"><img loading=\"lazy\" decoding=\"async\" width=\"150\" height=\"150\" src=\"https:\/\/ballenajorobada.com\/wp-content\/uploads\/2023\/11\/laguna-cristal-los-haitises-150x150.png\" class=\"attachment-woocommerce_thumbnail size-woocommerce_thumbnail\" alt=\"lagoa de cristal\" srcset=\"https:\/\/ballenajorobada.com\/wp-content\/uploads\/2023\/11\/laguna-cristal-los-haitises-150x150.png 150w, https:\/\/ballenajorobada.com\/wp-content\/uploads\/2023\/11\/laguna-cristal-los-haitises-550x550.png 550w, https:\/\/ballenajorobada.com\/wp-content\/uploads\/2023\/11\/laguna-cristal-los-haitises-1100x1100.png 1100w, https:\/\/ballenajorobada.com\/wp-content\/uploads\/2023\/11\/laguna-cristal-los-haitises-100x100.png 100w\" sizes=\"auto, (max-width: 150px) 100vw, 150px\" title=\"\"><div class=\"mkdf-pl-text\"><div class=\"mkdf-pl-text-outer\"><div class=\"mkdf-pl-text-inner\"><a href=\"https:\/\/bookingadventures.tours\/booking.php?tour_id=c2838a3a9c0f69d04ff6d5e82795cbb3\" aria-describedby=\"woocommerce_loop_add_to_cart_link_describedby_16647\" data-quantity=\"1\" class=\"button product_type_external\" data-product_id=\"16647\" data-product_sku=\"\" aria-label=\"AGENDE AGORA\" rel=\"nofollow noopener\">AGENDE AGORA<\/a>\t<span id=\"woocommerce_loop_add_to_cart_link_describedby_16647\" class=\"screen-reader-text\">\n\t\t\t<\/span>\n<\/div><\/div><\/div><\/div><a href=\"https:\/\/ballenajorobada.com\/pt\/Tours-Excursions\/haitises\/los-haitises-cueva-el-naranjo-e-laguna-cristal-de-sabana-de-la-mar\" class=\"woocommerce-LoopProduct-link woocommerce-loop-product__link\"><\/a><\/div><div class=\"mkdf-pl-text-wrapper\"><h4 class=\"mkdf-product-list-title\"><a href=\"https:\/\/ballenajorobada.com\/pt\/Tours-Excursions\/haitises\/los-haitises-cueva-el-naranjo-e-laguna-cristal-de-sabana-de-la-mar\">Los Haitises: Cueva el Naranjo e Laguna Cristal de Sabana de la mar<\/a><\/h4>\n<\/div><\/li><li class=\"product type-product post-16643 status-publish instock product_cat-haitises product_tag-haitises has-post-thumbnail shipping-taxable product-type-external\">\n\t<div class=\"mkdf-pl-inner\"><div class=\"mkdf-pl-image\"><img loading=\"lazy\" decoding=\"async\" width=\"150\" height=\"150\" src=\"https:\/\/ballenajorobada.com\/wp-content\/uploads\/2023\/11\/laguna-cristal-los-haitises-150x150.png\" class=\"attachment-woocommerce_thumbnail size-woocommerce_thumbnail\" alt=\"lagoa de cristal\" srcset=\"https:\/\/ballenajorobada.com\/wp-content\/uploads\/2023\/11\/laguna-cristal-los-haitises-150x150.png 150w, https:\/\/ballenajorobada.com\/wp-content\/uploads\/2023\/11\/laguna-cristal-los-haitises-550x550.png 550w, https:\/\/ballenajorobada.com\/wp-content\/uploads\/2023\/11\/laguna-cristal-los-haitises-1100x1100.png 1100w, https:\/\/ballenajorobada.com\/wp-content\/uploads\/2023\/11\/laguna-cristal-los-haitises-100x100.png 100w\" sizes=\"auto, (max-width: 150px) 100vw, 150px\" title=\"\"><div class=\"mkdf-pl-text\"><div class=\"mkdf-pl-text-outer\"><div class=\"mkdf-pl-text-inner\"><a href=\"https:\/\/bookingadventures.tours\/booking.php?tour_id=bfd9370a02c9df2a05e3bdec4654b675\" aria-describedby=\"woocommerce_loop_add_to_cart_link_describedby_16643\" data-quantity=\"1\" class=\"button product_type_external\" data-product_id=\"16643\" data-product_sku=\"\" aria-label=\"AGENDE AGORA\" rel=\"nofollow noopener\">AGENDE AGORA<\/a>\t<span id=\"woocommerce_loop_add_to_cart_link_describedby_16643\" class=\"screen-reader-text\">\n\t\t\t<\/span>\n<\/div><\/div><\/div><\/div><a href=\"https:\/\/ballenajorobada.com\/pt\/Tours-Excursions\/haitises\/los-haitises-cueva-el-naranjo-y-laguna-cristal-from-samana\" class=\"woocommerce-LoopProduct-link woocommerce-loop-product__link\"><\/a><\/div><div class=\"mkdf-pl-text-wrapper\"><h4 class=\"mkdf-product-list-title\"><a href=\"https:\/\/ballenajorobada.com\/pt\/Tours-Excursions\/haitises\/los-haitises-cueva-el-naranjo-y-laguna-cristal-from-samana\">Los Haitises: Cueva el Naranjo e Laguna Cristal de Samana<\/a><\/h4>\n<\/div><\/li><li class=\"product type-product post-16642 status-publish last instock product_cat-hotel-cano-hondo product_cat-room-offers product_tag-altos-cano-hondo product_tag-altos-de-cano-hondo product_tag-cano-hondo product_tag-cano-hondo-day-pass product_tag-cano-hondo-hotel product_tag-hotel-cano-hondo product_tag-hotel-sabana-de-la-mar product_tag-paraiso-cano-hondo has-post-thumbnail shipping-taxable product-type-external\">\n\t<div class=\"mkdf-pl-inner\"><div class=\"mkdf-pl-image\"><img loading=\"lazy\" decoding=\"async\" width=\"150\" height=\"150\" src=\"https:\/\/ballenajorobada.com\/wp-content\/uploads\/2021\/10\/Cano-Hondo35-150x150.jpg\" class=\"attachment-woocommerce_thumbnail size-woocommerce_thumbnail\" alt=\"Airbnb Sabana de la mar - Cano Hondo\" srcset=\"https:\/\/ballenajorobada.com\/wp-content\/uploads\/2021\/10\/Cano-Hondo35-150x150.jpg 150w, https:\/\/ballenajorobada.com\/wp-content\/uploads\/2021\/10\/Cano-Hondo35-85x85.jpg 85w, https:\/\/ballenajorobada.com\/wp-content\/uploads\/2021\/10\/Cano-Hondo35-550x550.jpg 550w, https:\/\/ballenajorobada.com\/wp-content\/uploads\/2021\/10\/Cano-Hondo35-100x100.jpg 100w\" sizes=\"auto, (max-width: 150px) 100vw, 150px\" title=\"\"><div class=\"mkdf-pl-text\"><div class=\"mkdf-pl-text-outer\"><div class=\"mkdf-pl-text-inner\"><a href=\"https:\/\/bookingadventures.tours\/hotel_booking.php?room_id=57b9486a7c3ff2955e1af6d34d042b67https:\/\/bookingadventures.tours\/hotel_booking.php?room_id=57b9486a7c3ff2955e1af6d34d042b67\" aria-describedby=\"woocommerce_loop_add_to_cart_link_describedby_16642\" data-quantity=\"1\" class=\"button product_type_external\" data-product_id=\"16642\" data-product_sku=\"\" aria-label=\"AGENDE AGORA\" rel=\"nofollow noopener\">AGENDE AGORA<\/a>\t<span id=\"woocommerce_loop_add_to_cart_link_describedby_16642\" class=\"screen-reader-text\">\n\t\t\t<\/span>\n<\/div><\/div><\/div><\/div><a href=\"https:\/\/ballenajorobada.com\/pt\/Tours-Excursions\/hotel-cano-hondo\/cano-hondo-quarto-de-hotel-cafe-da-manha-gratis-para-1-hospede\" class=\"woocommerce-LoopProduct-link woocommerce-loop-product__link\"><\/a><\/div><div class=\"mkdf-pl-text-wrapper\"><h4 class=\"mkdf-product-list-title\"><a href=\"https:\/\/ballenajorobada.com\/pt\/Tours-Excursions\/hotel-cano-hondo\/cano-hondo-quarto-de-hotel-cafe-da-manha-gratis-para-1-hospede\">Airbnb Sabana de la mar \u2013 Cano Hondo<\/a><\/h4>\n\t<span class=\"price\"><span class=\"woocommerce-Price-amount amount\"><bdi><span class=\"woocommerce-Price-currencySymbol\">&#36;<\/span>77.00<\/bdi><\/span><\/span>\n<\/div><\/li><\/ul>\n<\/div><\/div><\/div><\/div><\/div><div class=\"vc_row wpb_row vc_row-fluid\" ><div class=\"wpb_column vc_column_container vc_col-sm-12\"><div class=\"vc_column-inner\"><div class=\"wpb_wrapper\"><div class=\"vc_btn3-container vc_btn3-inline\" ><button class=\"vc_general vc_btn3 vc_btn3-size-md vc_btn3-shape-rounded vc_btn3-style-modern vc_btn3-color-green\">AGENDE AGORA<\/button><\/div><\/div><\/div><\/div><\/div>\n<\/section>","protected":false},"excerpt":{"rendered":"<h2><strong>Ca\u00f1o Hondo Hotel<\/strong><\/h2>\n<p><em>(Pequeno-almo\u00e7o gratuito para 5 h\u00f3spedes)<\/em><\/p>\n<p>O Eco-Lodge \u00e9 um lugar m\u00e1gico, tranquilo e original onde se hospedar. Este hotel natural e aut\u00eantico est\u00e1 localizado no famoso Parque Nacional Los Haitises em Sabana de la Mar. Todos os nossos quartos est\u00e3o cheios de energia positiva com uma vista incr\u00edvel para a Ba\u00eda de San Lorenzo e a Ba\u00eda de Samana! Os quartos possuem banheiro privativo com \u00e1gua quente e ventilador de teto. O caf\u00e9 da manh\u00e3 est\u00e1 inclu\u00eddo, \u00e1gua pot\u00e1vel gratuita e caf\u00e9 s\u00e3o oferecidos durante todo o dia. Voc\u00ea tamb\u00e9m pode escolher entre nossos planos de refei\u00e7\u00f5es.<\/p>\n<h4><strong><em><span class=\"_6ijom0\">\u00a0Cano Hondo <\/span><\/em><\/strong><em><strong>Piscinas Naturais<\/strong><\/em><\/h4>\n<p>Desfrute de piscinas ecol\u00f3gicas naturais com \u00e1gua saud\u00e1vel e refrescante que se misturam lindamente com a paisagem com sua fam\u00edlia ou convidados. As piscinas s\u00e3o totalmente biol\u00f3gicas sem necessidade de cloro ou produtos qu\u00edmicos que desenvolvem a sua pr\u00f3pria ecologia natural e ecossistema equilibrado ao serem concebidas e constru\u00eddas de uma determinada forma.<\/p>\n<h4><em><strong>Regras para crian\u00e7as de Ca\u00f1o Hondo:<\/strong><\/em><\/h4>\n<p>-Crian\u00e7as de 2 a 10 anos pagam tarifa infantil<br \/>\n-Menores de 2 anos sem custo<\/p>\n<h4><em><strong>Restaurante Ca\u00f1o Hondo:\u00a0<\/strong><\/em><\/h4>\n<p>H\u00e1 um menu com in\u00fameras op\u00e7\u00f5es para voc\u00ea escolher. Uma bebida tamb\u00e9m est\u00e1 inclu\u00edda por pessoa em cada refei\u00e7\u00e3o. Bebidas alco\u00f3licas est\u00e3o dispon\u00edveis por uma taxa, assim como bebidas adicionais.<\/p>\n<p>O menu do hotel conta contos peculiares de palavras ind\u00edgenas e hist\u00f3rias lend\u00e1rias da regi\u00e3o. Tamb\u00e9m destaca os pratos t\u00edpicos da regi\u00e3o como o caranguejo, o b\u00fazio e a minuta, um pequeno peixe de \u00e1gua doce que \u00e9 apreciado, localmente, temperado e frito. Sucos de frutas naturais frescas s\u00e3o alternados diariamente: lim\u00e3o, mel\u00e3o, manga, tamarindo, abacaxi, etc.<\/p>","protected":false},"featured_media":13230,"template":"","meta":[],"product_brand":[],"product_cat":[807,979,977],"product_tag":[425,879,176,421,211,804,978,423],"class_list":{"0":"post-13205","1":"product","2":"type-product","3":"status-publish","4":"has-post-thumbnail","6":"product_cat-hotel-cano-hondo","7":"product_cat-room-hotel-cano-hondo","8":"product_cat-room-offers","9":"product_tag-altos-cano-hondo","10":"product_tag-altos-de-cano-hondo","11":"product_tag-cano-hondo","12":"product_tag-cano-hondo-day-pass","13":"product_tag-cano-hondo-hotel","14":"product_tag-hotel-cano-hondo","15":"product_tag-hotel-sabana-de-la-mar","16":"product_tag-paraiso-cano-hondo","18":"first","19":"instock","20":"shipping-taxable","21":"product-type-external"},"_links":{"self":[{"href":"https:\/\/ballenajorobada.com\/pt\/wp-json\/wp\/v2\/product\/13205","targetHints":{"allow":["GET"]}}],"collection":[{"href":"https:\/\/ballenajorobada.com\/pt\/wp-json\/wp\/v2\/product"}],"about":[{"href":"https:\/\/ballenajorobada.com\/pt\/wp-json\/wp\/v2\/types\/product"}],"wp:featuredmedia":[{"embeddable":true,"href":"https:\/\/ballenajorobada.com\/pt\/wp-json\/wp\/v2\/media\/13230"}],"wp:attachment":[{"href":"https:\/\/ballenajorobada.com\/pt\/wp-json\/wp\/v2\/media?parent=13205"}],"wp:term":[{"taxonomy":"product_brand","embeddable":true,"href":"https:\/\/ballenajorobada.com\/pt\/wp-json\/wp\/v2\/product_brand?post=13205"},{"taxonomy":"product_cat","embeddable":true,"href":"https:\/\/ballenajorobada.com\/pt\/wp-json\/wp\/v2\/product_cat?post=13205"},{"taxonomy":"product_tag","embeddable":true,"href":"https:\/\/ballenajorobada.com\/pt\/wp-json\/wp\/v2\/product_tag?post=13205"}],"curies":[{"name":"wp","href":"https:\/\/api.w.org\/{rel}","templated":true}]}}