{"id":11778,"date":"2020-12-13T08:28:52","date_gmt":"2020-12-13T08:28:52","guid":{"rendered":"https:\/\/www.ticketswhales.com\/?post_type=product&#038;p=11778"},"modified":"2023-11-07T21:16:27","modified_gmt":"2023-11-07T21:16:27","slug":"hiking-trails-in-barahona-dominican-republic-cachote-mountains-tropical-fruits-swim","status":"publish","type":"product","link":"https:\/\/ballenajorobada.com\/pt_pt\/Tours-Excursions\/lunch\/trilhas-para-caminhadas-em-barahona-republica-dominicana-montanhas-cachote-frutas-tropicais-nadar","title":{"rendered":"Trilhas para caminhadas em Barahona (Rep\u00fablica Dominicana). Serra do Cachote, Frutas Tropicais e Nado"},"content":{"rendered":"<section class=\"wpb-content-wrapper\"><div class=\"vc_row wpb_row vc_row-fluid\" ><div class=\"wpb_column vc_column_container vc_col-sm-12\"><div class=\"vc_column-inner\"><div class=\"wpb_wrapper\">\n\t<div class=\"wpb_text_column wpb_content_element\" >\n\t\t<div class=\"wpb_wrapper\">\n\t\t\t<p><span style=\"vertical-align: inherit;\"><span style=\"vertical-align: inherit;\"><\/p>\n\n\t\t<\/div>\n\t<\/div>\n<div class=\"vc_btn3-container vc_btn3-inline\" ><button class=\"vc_general vc_btn3 vc_btn3-size-md vc_btn3-shape-rounded vc_btn3-style-modern vc_btn3-color-green\">AGENDE AGORA<\/button><\/div>\n\t<div class=\"wpb_text_column wpb_content_element\" >\n\t\t<div class=\"wpb_wrapper\">\n\t\t\t<p><\/span><\/span><\/p>\n<div class=\"vc_row wpb_row vc_row-fluid\">\n<div class=\"wpb_column vc_column_container vc_col-sm-12\">\n<div class=\"vc_column-inner\">\n<div class=\"wpb_wrapper\">\n<div class=\"mkdf-section-title-holder\">\n<div class=\"mkdf-st-inner\">\n<h5 class=\"mkdf-st-subtitle\">Serra do Cachote, Frutas Tropicais e Nado<\/h5>\n<h3 class=\"mkdf-st-title\">Trilhas para caminhadas em Barahona (Rep\u00fablica Dominicana).<\/h3>\n<\/div>\n<\/div>\n<\/div>\n<\/div>\n<\/div>\n<\/div>\n<div class=\"vc_row wpb_row vc_row-fluid\">\n<div class=\"wpb_column vc_column_container vc_col-sm-12\">\n<div class=\"vc_column-inner\">\n<div class=\"wpb_wrapper\">\n<div class=\"wpb_text_column wpb_content_element\">\n<div class=\"wpb_wrapper\">\n<h4><b><i>Vis\u00e3o geral<\/i><\/b><\/h4>\n<p>Desfrute de um dia de caminhada nas montanhas de Cachote, Barahona. A partir da Comunidade Para\u00edso. Conhecendo \u00e1reas de planta\u00e7\u00e3o de caf\u00e9. Nadar em nascentes naturais e uma das mais belas praias da Rep\u00fablica Dominicana com fotos panor\u00e2micas.<\/p>\n<h4><b>Inclus\u00f5es e Exclus\u00f5es<\/b><\/h4>\n<p>&nbsp;<\/p>\n<p><b>Inclus\u00f5es<\/b><\/p>\n<ol>\n<li>Guia local com experi\u00eancia em seguran\u00e7a na \u00e1rea.<\/li>\n<li>Transporte privado para pequenos grupos<\/li>\n<li>Todos os impostos, taxas e encargos de manuseio<\/li>\n<li>Recolha \/ Transporte no seu hotel (\u00e1rea de Barahona \/ Para\u00edso \/ Los Patos)<\/li>\n<li>Guia local que fala ingl\u00eas ou franc\u00eas<\/li>\n<li>Almo\u00e7o t\u00edpico (tipo sandu\u00edches) e uma garrafa de \u00e1gua<\/li>\n<li>Impostos locais<\/li>\n<li>Caminhada<\/li>\n<li>Piscinas Naturais<\/li>\n<\/ol>\n<p><b>Exclus\u00f5es<\/b><\/p>\n<ol>\n<li>Gorjetas<\/li>\n<li>Todas as bebidas<\/li>\n<li>Todos os servi\u00e7os n\u00e3o mencionados especificamente<\/li>\n<li>Despesas pessoais e gorjetas<\/li>\n<\/ol>\n<h4><em><strong>Partida e Retorno<\/strong><\/em><\/h4>\n<p>O viajante receber\u00e1 um ponto de encontro ap\u00f3s o Processo de Reserva. Os passeios come\u00e7am e terminam nos seus pontos de encontro.<\/p>\n<p>Dificuldade: M\u00e9dio-Dif\u00edcil<br \/>\nDura\u00e7\u00e3o da caminhada: 5-6 horas<br \/>\nEleva\u00e7\u00e3o: 800 metros<br \/>\nSa\u00edda do Hotel: 08h00<br \/>\nRetorno ao Hotel: 17h00<\/p>\n<h2 class=\"styles__heading___mD4_3\" data-radium=\"true\">Trilhas para caminhadas em Barahona (Rep\u00fablica Dominicana). Serra do Cachote, Frutas Tropicais e Nado<\/h2>\n<h4><em>O que esperar?<\/em><\/h4>\n<p>Come\u00e7aremos esta caminhada na cidade de Ojeda, famosa por sua grande produ\u00e7\u00e3o de frutas e vegetais t\u00edpicos do Caribe. Ao longo do caminho podemos saborear abacates, laranjas, toranjas, lim\u00f5es, goiabas, mangas, papaias, sapotes e graviolas!<\/p>\n<p>Ap\u00f3s 1 hora e meia de subida, chegaremos a um impressionante mirante sobre a cidade de Para\u00edso, o Riosito e as altas montanhas de Cachote.<\/p>\n<p>Continuaremos subindo em um clima mais frio e \u00famido at\u00e9 chegarmos ao povoado de Barrio Nuevo onde almo\u00e7aremos.<\/p>\n<p>\u00c0 tarde cruzaremos uma magn\u00edfica fazenda de caf\u00e9 no topo da montanha a 800 metros acima do n\u00edvel do mar. Depois desceremos por 1 hora at\u00e9 chegar ao desfiladeiro do Riosito onde poderemos nos banhar em uma bela piscina natural rodeada pela floresta tropical.<\/p>\n<p>Continue caminhando pelo vale do Riosito para terminar o dia tomando banho na praia do Para\u00edso.<\/p>\n<h4><em><strong>O que voc\u00ea deve trazer?<\/strong><\/em><\/h4>\n<ul>\n<li>C\u00e2mera<\/li>\n<li>Bot\u00f5es repelentes<\/li>\n<li>Protetor solar<\/li>\n<li>Banheiro<\/li>\n<li>Chap\u00e9u<\/li>\n<li>Cal\u00e7as confort\u00e1veis<\/li>\n<li>Sapatos de caminhada para floresta<\/li>\n<li>Sand\u00e1lias para as zonas de Primavera.<\/li>\n<li>Roupa de nata\u00e7\u00e3o<\/li>\n<\/ul>\n<p>&nbsp;<\/p>\n<h4><b><i>Hotel de retirada<\/i><\/b><\/h4>\n<p>A retirada do hotel \u00e9 oferecida para este passeio. Recolha\/Transporte no seu hotel (\u00e1rea de Barahona\/Paraiso\/Los Patos).<\/p>\n<p><b>Observa\u00e7\u00e3o:<\/b>\u00a0Se voc\u00ea fizer a reserva dentro de 24 horas antes do hor\u00e1rio de partida do passeio\/excurs\u00e3o, podemos providenciar a retirada do hotel. Acabamos de buscar nas \u00e1reas de Barahona. Assim que sua compra for conclu\u00edda, enviaremos a voc\u00ea informa\u00e7\u00f5es de contato completas (n\u00famero de telefone, endere\u00e7o de e-mail, etc.) para que nosso guia tur\u00edstico local organize a retirada.<\/p>\n<h4><b><i>Confirma\u00e7\u00e3o de informa\u00e7\u00f5es adicionais<\/i><\/b><\/h4>\n<ol>\n<li>Os ingressos s\u00e3o o recibo ap\u00f3s o pagamento deste passeio. Voc\u00ea pode mostrar o pagamento no seu telefone.<\/li>\n<li>O ponto de encontro ser\u00e1 recebido ap\u00f3s o processo de reserva.<\/li>\n<li>As crian\u00e7as devem estar acompanhadas por um adulto.<\/li>\n<li>N\u00e3o acess\u00edvel para cadeiras de rodas<\/li>\n<li>Os beb\u00eas devem sentar-se no colo<\/li>\n<li>N\u00e3o recomendado para viajantes com problemas nas costas<\/li>\n<li>N\u00e3o recomendado para viajantes gr\u00e1vidas<\/li>\n<li>Sem problemas card\u00edacos ou outras condi\u00e7\u00f5es m\u00e9dicas graves<\/li>\n<li>A maioria dos viajantes pode participar<\/li>\n<\/ol>\n<h4><b><i>Pol\u00edtica de cancelamento<\/i><\/b><\/h4>\n<p>Para obter um reembolso total, cancele com pelo menos 72 horas de anteced\u00eancia da data de in\u00edcio da experi\u00eancia. Os fundos ser\u00e3o perdidos se a reserva for cancelada no mesmo dia da viagem.<\/p>\n<\/div>\n<\/div>\n<\/div>\n<\/div>\n<\/div>\n<\/div>\n\n\t\t<\/div>\n\t<\/div>\n<\/div><\/div><\/div><\/div><div class=\"wpb_column vc_column_container vc_col-sm-12\"><div class=\"vc_column-inner\"><div class=\"wpb_wrapper\"><\/div><\/div><\/div><div class=\"wpb_column vc_column_container vc_col-sm-12\"><div class=\"vc_column-inner\"><div class=\"wpb_wrapper\"><\/div><\/div><\/div>\n<\/section>","protected":false},"excerpt":{"rendered":"<p>Compre um ingresso di\u00e1rio para Bahia las Aguilas saindo de Barahona. Dirigindo pelo parque nacional Jaragu\u00e1 e seguindo para Cabo Rojo, onde um barco espera por voc\u00ea. Ap\u00f3s um passeio de barco de 15 minutos, voc\u00ea chegar\u00e1 \u00e0 bela e isolada Bah\u00eda de las \u00c1guilas, considerada a praia mais bonita do pa\u00eds. O almo\u00e7o ser\u00e1 servido na praia e voc\u00ea ter\u00e1 a oportunidade de nadar ou simplesmente relaxar na praia. Aproveite a areia branca e imaculada desta praia de 8 km de extens\u00e3o.<\/p>\n<p>&nbsp;<\/p>\n<p><strong>Selecione o dia para esta viagem:<\/strong><\/p>","protected":false},"featured_media":11651,"template":"","meta":[],"product_brand":[],"product_cat":[160,847],"product_tag":[850,566,849,848],"class_list":{"0":"post-11778","1":"product","2":"type-product","3":"status-publish","4":"has-post-thumbnail","6":"product_cat-lunch","7":"product_cat-barahona","8":"product_tag-barahona-hiking","9":"product_tag-barahona-tours","10":"product_tag-cachote-tour","11":"product_tag-paraiso-tour","13":"first","14":"instock","15":"sale","16":"sold-individually","17":"shipping-taxable","18":"product-type-external"},"_links":{"self":[{"href":"https:\/\/ballenajorobada.com\/pt_pt\/wp-json\/wp\/v2\/product\/11778","targetHints":{"allow":["GET"]}}],"collection":[{"href":"https:\/\/ballenajorobada.com\/pt_pt\/wp-json\/wp\/v2\/product"}],"about":[{"href":"https:\/\/ballenajorobada.com\/pt_pt\/wp-json\/wp\/v2\/types\/product"}],"wp:featuredmedia":[{"embeddable":true,"href":"https:\/\/ballenajorobada.com\/pt_pt\/wp-json\/wp\/v2\/media\/11651"}],"wp:attachment":[{"href":"https:\/\/ballenajorobada.com\/pt_pt\/wp-json\/wp\/v2\/media?parent=11778"}],"wp:term":[{"taxonomy":"product_brand","embeddable":true,"href":"https:\/\/ballenajorobada.com\/pt_pt\/wp-json\/wp\/v2\/product_brand?post=11778"},{"taxonomy":"product_cat","embeddable":true,"href":"https:\/\/ballenajorobada.com\/pt_pt\/wp-json\/wp\/v2\/product_cat?post=11778"},{"taxonomy":"product_tag","embeddable":true,"href":"https:\/\/ballenajorobada.com\/pt_pt\/wp-json\/wp\/v2\/product_tag?post=11778"}],"curies":[{"name":"wp","href":"https:\/\/api.w.org\/{rel}","templated":true}]}}