{"id":9731,"date":"2019-11-07T08:01:34","date_gmt":"2019-11-07T08:01:34","guid":{"rendered":"https:\/\/www.ticketswhales.com\/?post_type=product&#038;p=9731"},"modified":"2025-02-02T17:14:42","modified_gmt":"2025-02-02T17:14:42","slug":"bahia-de-las-aguilas-beach-day-trip-by-boat-day-pass-snorkeling-lunch","status":"publish","type":"product","link":"https:\/\/ballenajorobada.com\/pt_pt\/Tours-Excursions\/lunch\/viagem-de-um-dia-a-praia-de-bahia-de-las-aguilas-de-barco-passe-de-um-dia-almoco-com-snorkel","title":{"rendered":"Bah\u00eda de las \u00c1guilas: passeio de barco pela praia \u2013 passe di\u00e1rio \u2013 mergulho com snorkel e almo\u00e7o"},"content":{"rendered":"<section class=\"wpb-content-wrapper\"><div class=\"vc_row wpb_row vc_row-fluid\" ><div class=\"wpb_column vc_column_container vc_col-sm-12\"><div class=\"vc_column-inner\"><div class=\"wpb_wrapper\"><div class=\"vc_btn3-container vc_btn3-inline\" ><button class=\"vc_general vc_btn3 vc_btn3-size-md vc_btn3-shape-rounded vc_btn3-style-modern vc_btn3-color-green\">AGENDE AGORA<\/button><\/div>\n\t<div class=\"wpb_text_column wpb_content_element\" >\n\t\t<div class=\"wpb_wrapper\">\n\t\t\t<div class=\"vc_row wpb_row vc_row-fluid\">\n<div class=\"wpb_column vc_column_container vc_col-sm-12\">\n<div class=\"vc_column-inner\">\n<div class=\"wpb_wrapper\">\n<div class=\"mkdf-section-title-holder\">\n<div class=\"mkdf-st-inner\">\n<h5 class=\"mkdf-st-subtitle\">Day Pass &#8211; Snorkeling &amp; Lunch<\/h5>\n<h3 class=\"mkdf-st-title\">Bah\u00eda de las Aguilas: passeio de barco pela praia<\/h3>\n<\/div>\n<\/div>\n<\/div>\n<\/div>\n<\/div>\n<\/div>\n<div class=\"vc_row wpb_row vc_row-fluid\">\n<div class=\"wpb_column vc_column_container vc_col-sm-12\">\n<div class=\"vc_column-inner\">\n<div class=\"wpb_wrapper\">\n<div class=\"wpb_text_column wpb_content_element\">\n<div class=\"wpb_wrapper\">\n<h4><b><i>Vis\u00e3o geral<\/i><\/b><\/h4>\n<p>Aproveite um dia de praia e deixe o \u00e2nimo fluir, longe das zonas tur\u00edsticas e de todo o stress. Venha conhecer o Parque Nacional Jaragua e a Bahia de las \u00c1guilas. Dirija por uma bela estrada com vistas deslumbrantes do pequeno porto e vila de pescadores Cabo Rojo. Em Las Cuevas voc\u00ea embarca em um barco que o leva em um passeio de 15 minutos at\u00e9 uma das mais belas praias naturais do mundo. As areias da Bah\u00eda de las Aguilas s\u00e3o imaculadas e a ba\u00eda se estende por 8 km. Experimente uma paisagem costeira excepcional com \u00e1guas cristalinas brilhando em tons que v\u00e3o do turquesa ao azul opala derretendo no horizonte. O almo\u00e7o \u00e9 servido na praia, nade ou mergulhe com snorkel e explore este para\u00edso natural intocado.<\/p>\n<p>&nbsp;<\/p>\n<ul>\n<li>Guia local com experi\u00eancia em seguran\u00e7a na \u00e1rea.<\/li>\n<li>Transporte privado<\/li>\n<li>Taxas inclu\u00eddas<\/li>\n<li>Almo\u00e7o<\/li>\n<li>Guia tur\u00edstico local em espanhol, ingl\u00eas ou franc\u00eas.<\/li>\n<li>Caminhada<\/li>\n<li>Mergulho<\/li>\n<\/ul>\n<h4><b>Inclus\u00f5es e Exclus\u00f5es<\/b><\/h4>\n<p>&nbsp;<\/p>\n<p><b>Inclus\u00f5es<\/b><\/p>\n<ol>\n<li>Guia local com experi\u00eancia em seguran\u00e7a na \u00e1rea.<\/li>\n<li>Transporte privado para pequenos grupos<\/li>\n<li>Todos os impostos, taxas e encargos de manuseio<\/li>\n<li>Impostos locais<\/li>\n<li>Almo\u00e7o<\/li>\n<li>Caminhada<\/li>\n<li>Piscinas Naturais<\/li>\n<li>Mergulho<\/li>\n<li>Todas as atividades<\/li>\n<\/ol>\n<p><b>Exclus\u00f5es<\/b><\/p>\n<ol>\n<li>Gorjetas<\/li>\n<li>Todas as bebidas<\/li>\n<\/ol>\n<h4><em><strong>Partida e Retorno<\/strong><\/em><\/h4>\n<p>O viajante receber\u00e1 um ponto de encontro ap\u00f3s o Processo de Reserva. Os passeios come\u00e7am e terminam nos seus pontos de encontro.<\/p>\n<h2 class=\"styles__heading___mD4_3\" data-radium=\"true\">Bah\u00eda de las Aguilas: Beach Day Trip by Boat -Day Pass \u2013 Snorkeling &amp; Lunch<\/h2>\n<h4><em>O que esperar?<\/em><\/h4>\n<p>Playa de las Aguilas was named after the indigenous eagle. It is famously known as the most beautiful beach of the entire country. The park climate is very arid and the vegetation mainly composed of cacti and other desert plants. The red dirt road that runs along the bay is comparable to an African savanna landscape.<br \/>\nDiscover this paradise for fishermen and lovers of white sand beaches and crystal-clear water. But first, travel to the village La Cueva, where local fishermen live inside caves.<\/p>\n<p>Is there anything missing from this picture perfect moment?<\/p>\n<p>O mar calmo e o vento fraco evitar\u00e3o que voc\u00ea sofra muito com o sol e o calor. Torne-se um explorador por um dia e descubra um para\u00edso ecol\u00f3gico, natural e totalmente intocado. \u00c9 poss\u00edvel observar mais de 130 esp\u00e9cies de aves, das quais 76 vivem permanentemente na ba\u00eda, 10 s\u00e3o end\u00e9micas e 47 s\u00e3o migrantes.<\/p>\n<p>08.00 \u2013 Departure from your hotel<br \/>\n09.30 \u2013 Short stop at the Laguna de Oviedo to enjoy the view from the viewing platform<br \/>\n11.00 \u2013 Departure by boat from the village La Cueva to the Bahia de las Aguilas<br \/>\n12h30 \u2013 Almo\u00e7o t\u00edpico na praia<br \/>\n03h00 \u2013 Retorno a La Cueva<br \/>\n06.00 \u2013 Arrival at your hotel<\/p>\n<h4><em><strong>O que voc\u00ea deve trazer?<\/strong><\/em><\/h4>\n<ul>\n<li>C\u00e2mera<\/li>\n<li>Bot\u00f5es repelentes<\/li>\n<li>Protetor solar<\/li>\n<li>Banheiro<\/li>\n<li>Chap\u00e9u<\/li>\n<li>Cal\u00e7as confort\u00e1veis<\/li>\n<li>Sapatos de caminhada para floresta<\/li>\n<li>Sand\u00e1lias para as zonas de Primavera.<\/li>\n<li>Roupa de nata\u00e7\u00e3o<\/li>\n<\/ul>\n<p>&nbsp;<\/p>\n<h4><b><i>Hotel de retirada<\/i><\/b><\/h4>\n<p>A retirada do hotel \u00e9 oferecida para este passeio. Recolha\/Transporte no seu hotel (\u00e1rea de Barahona\/Paraiso\/Los Patos).<\/p>\n<p><b>Observa\u00e7\u00e3o:<\/b>\u00a0If you are booked within 24 hours of the tour\/Excursion departure time, we can arrange hotel pick-up. We just pick up in Samana area. Once your purchase is complete, we will send you complete contact information (phone number, email address, etc.) for our local Tour guide to organize pick-up arrangements.<\/p>\n<h4><b><i>Confirma\u00e7\u00e3o de informa\u00e7\u00f5es adicionais<\/i><\/b><\/h4>\n<ol>\n<li>Os ingressos s\u00e3o o recibo ap\u00f3s o pagamento deste passeio. Voc\u00ea pode mostrar o pagamento no seu telefone.<\/li>\n<li>O ponto de encontro ser\u00e1 recebido ap\u00f3s o processo de reserva.<\/li>\n<li>As crian\u00e7as devem estar acompanhadas por um adulto.<\/li>\n<li>N\u00e3o acess\u00edvel para cadeiras de rodas<\/li>\n<li>Os beb\u00eas devem sentar-se no colo<\/li>\n<li>N\u00e3o recomendado para viajantes com problemas nas costas<\/li>\n<li>N\u00e3o recomendado para viajantes gr\u00e1vidas<\/li>\n<li>Sem problemas card\u00edacos ou outras condi\u00e7\u00f5es m\u00e9dicas graves<\/li>\n<li>A maioria dos viajantes pode participar<\/li>\n<\/ol>\n<h4><b><i>Pol\u00edtica de cancelamento<\/i><\/b><\/h4>\n<p>For a full refund, cancel at least 24 hours in advance of the start date of the experience. Funds will be lost if the reservation is canceled the same day of the trip.<\/p>\n<\/div>\n<\/div>\n<\/div>\n<\/div>\n<\/div>\n<\/div>\n\n\t\t<\/div>\n\t<\/div>\n<\/div><\/div><\/div><\/div><div class=\"wpb_column vc_column_container vc_col-sm-12\"><div class=\"vc_column-inner\"><div class=\"wpb_wrapper\"><\/div><\/div><\/div>\n<\/section>","protected":false},"excerpt":{"rendered":"<p>Buy a day ticket to Bahia las Aguilas from Barahona. Driving through Jaragua National Park and heading to Cabo Rojo, where a boat awaits you. After a 15-minute boat ride, you&#8217;ll arrive at the beautiful and secluded Bay of Eagles, considered the most beautiful beach in the country. Lunch will be served on the beach and you will have the opportunity to swim or just relax on the beach. Enjoy the pristine white sand of this 8 km long beach.<\/p>\n<p><strong>Select the day for this for this trip:\u00a0<\/strong><\/p>","protected":false},"featured_media":17182,"template":"","meta":[],"product_brand":[],"product_cat":[549,160],"product_tag":[557,554,555,563,560,556,564,559,553,567,566,561,565,558,562],"class_list":{"0":"post-9731","1":"product","2":"type-product","3":"status-publish","4":"has-post-thumbnail","6":"product_cat-bahia-de-las-aguilas-dominican-republic","7":"product_cat-lunch","8":"product_tag-bahia-de-las-aguilas","9":"product_tag-bahia-de-las-aguilas-pedernales","10":"product_tag-bahia-de-las-aguilas-beach-tour","11":"product_tag-bahia-de-las-aguilas-hoteles","12":"product_tag-bahia-de-las-aguilas-map","13":"product_tag-bahia-de-las-aguilas-private-tour","14":"product_tag-bahia-de-las-aguilas-republica-dominicana-hotel","15":"product_tag-bahia-de-las-aguilas-tour-from-punta-cana","16":"product_tag-bahia-de-las-aguilas-beach-day-trip-by-boat","17":"product_tag-bahia-las-aguilas-tours","18":"product_tag-barahona-tours","19":"product_tag-closest-airport-to-bahia-de-las-aguilas","20":"product_tag-hotel-barahona","21":"product_tag-playa-bahia-de-las-aguilas-dominican-republic","22":"product_tag-tours-a-bahia-de-las-aguilas-desde-santo-domingo","24":"first","25":"instock","26":"sale","27":"shipping-taxable","28":"product-type-external"},"_links":{"self":[{"href":"https:\/\/ballenajorobada.com\/pt_pt\/wp-json\/wp\/v2\/product\/9731","targetHints":{"allow":["GET"]}}],"collection":[{"href":"https:\/\/ballenajorobada.com\/pt_pt\/wp-json\/wp\/v2\/product"}],"about":[{"href":"https:\/\/ballenajorobada.com\/pt_pt\/wp-json\/wp\/v2\/types\/product"}],"wp:featuredmedia":[{"embeddable":true,"href":"https:\/\/ballenajorobada.com\/pt_pt\/wp-json\/wp\/v2\/media\/17182"}],"wp:attachment":[{"href":"https:\/\/ballenajorobada.com\/pt_pt\/wp-json\/wp\/v2\/media?parent=9731"}],"wp:term":[{"taxonomy":"product_brand","embeddable":true,"href":"https:\/\/ballenajorobada.com\/pt_pt\/wp-json\/wp\/v2\/product_brand?post=9731"},{"taxonomy":"product_cat","embeddable":true,"href":"https:\/\/ballenajorobada.com\/pt_pt\/wp-json\/wp\/v2\/product_cat?post=9731"},{"taxonomy":"product_tag","embeddable":true,"href":"https:\/\/ballenajorobada.com\/pt_pt\/wp-json\/wp\/v2\/product_tag?post=9731"}],"curies":[{"name":"wp","href":"https:\/\/api.w.org\/{rel}","templated":true}]}}