{"id":11750,"date":"2020-12-03T12:24:44","date_gmt":"2020-12-03T12:24:44","guid":{"rendered":"https:\/\/www.ticketswhales.com\/?post_type=product&#038;p=11750"},"modified":"2023-11-07T21:25:16","modified_gmt":"2023-11-07T21:25:16","slug":"bahia-de-las-aguilas-beach-day-trip-by-boat-day-pass-pedernales","status":"publish","type":"product","link":"https:\/\/ballenajorobada.com\/ro\/Tours-Excursions\/lunch\/bahia-de-las-aguilas-plaja-excursie-de-o-zi-cu-ambarcatiune-pass-de-o-zi-pedernales","title":{"rendered":"Bah\u00eda de las Aguilas: Excursie de o zi pe plaj\u0103 cu barca \u2013 Abonament de o zi \u2013 Pedernales"},"content":{"rendered":"<section class=\"wpb-content-wrapper\"><div class=\"vc_row wpb_row vc_row-fluid\" ><div class=\"wpb_column vc_column_container vc_col-sm-12\"><div class=\"vc_column-inner\"><div class=\"wpb_wrapper\"><div class=\"vc_btn3-container vc_btn3-inline\" ><button class=\"vc_general vc_btn3 vc_btn3-size-md vc_btn3-shape-rounded vc_btn3-style-modern vc_btn3-color-green\">REZERVA ACUM<\/button><\/div><div class=\"mkdf-section-title-holder\" style=\"text-align: left\">\n\t<div class=\"mkdf-st-inner\">\n\t\t\t\t\t<h5 class=\"mkdf-st-subtitle\" >\n\t\t\t\tAbonament de o zi - Snorkeling \u0219i pr\u00e2nz\t\t\t<\/h5>\n\t\t\t\t\t\t\t<h3 class=\"mkdf-st-title\" >\n\t\t\t\tBah\u00eda de las Aguilas: excursie de o zi pe plaj\u0103 cu barca\t\t\t<\/h3>\n\t\t\t\t\t<\/div>\n<\/div><\/div><\/div><\/div><\/div><div class=\"vc_row wpb_row vc_row-fluid\" ><div class=\"wpb_column vc_column_container vc_col-sm-12\"><div class=\"vc_column-inner\"><div class=\"wpb_wrapper\">\n\t<div class=\"wpb_text_column wpb_content_element\" >\n\t\t<div class=\"wpb_wrapper\">\n\t\t\t<h4><b><i>Prezentare general\u0103<\/i><\/b><\/h4>\n<p>Bucura\u021bi-v\u0103 de o zi la plaj\u0103 \u0219i l\u0103sa\u021bi-v\u0103 spiritul s\u0103 curg\u0103, departe de zonele turistice \u0219i de tot stresul. Vino \u0219i descoperi parcul na\u021bional Jaragua \u0219i Bahia de las \u00c1guilas. Conduce\u021bi de-a lungul unui drum frumos, cu vederi uluitoare ale portului mic \u0219i ale satului de pescari Cabo Rojo. \u00cen Las Cuevas te \u00eembarci pe o barc\u0103 care te duce \u00eentr-o plimbare de 15 minute la una dintre cele mai frumoase plaje naturale din lume. Nisipurile din Bah\u00eda de las Aguilas sunt curate, iar golful se \u00eentinde pe 8 km. Experimenta\u021bi un peisaj de coast\u0103 excep\u021bional, cu o ap\u0103 limpede \u0219i cristalin\u0103, care str\u0103luce\u0219te \u00een nuan\u021be, de la turcoaz la albastru opal, care se tope\u0219te la orizont. Pr\u00e2nzul este servit pe plaj\u0103, merge\u021bi la \u00eenot sau la snorkeling \u0219i explora\u021bi acest paradis natural neatins.<\/p>\n<p>&nbsp;<\/p>\n<ul>\n<li>Ghid local cu experien\u021b\u0103 \u00een siguran\u021b\u0103 \u00een zon\u0103.<\/li>\n<li>Transport privat<\/li>\n<li>Taxe incluse<\/li>\n<li>Masa de pranz<\/li>\n<li>Ghid turistic local \u00een spaniol\u0103, englez\u0103 sau francez\u0103.<\/li>\n<li>Drume\u021bii<\/li>\n<li>Snorkeling<\/li>\n<\/ul>\n<h4><b>Incluziuni \u0219i excluderi<\/b><\/h4>\n<p>&nbsp;<\/p>\n<p><b>Incluziuni<\/b><\/p>\n<ol>\n<li>Ghid local cu experien\u021b\u0103 \u00een siguran\u021b\u0103 \u00een zon\u0103.<\/li>\n<li>Transport privat pentru grupuri mici<\/li>\n<li>Toate taxele, taxele \u0219i taxele de manipulare<\/li>\n<li>Taxe locale<\/li>\n<li>Masa de pranz<\/li>\n<li>Drume\u021bii<\/li>\n<li>Piscine naturale<\/li>\n<li>Snorkeling<\/li>\n<li>Toate activit\u0103\u021bile<\/li>\n<\/ol>\n<p><b>Excluderile<\/b><\/p>\n<ol>\n<li>Gratuitatii<\/li>\n<li>Toate B\u0103uturile<\/li>\n<\/ol>\n<h4><em><strong>Plecare \u0219i \u00eentoarcere<\/strong><\/em><\/h4>\n<p>C\u0103l\u0103torul va primi un punct de \u00eent\u00e2lnire dup\u0103 Procesul de Rezervare. Tururile \u00eencep \u0219i se termin\u0103 \u00een punctele dvs. de \u00eent\u00e2lnire.<\/p>\n<h2 class=\"styles__heading___mD4_3\" data-radium=\"true\">Bah\u00eda de las Aguilas: excursie de o zi pe plaj\u0103 cu barca - abonament de o zi - snorkeling \u0219i pr\u00e2nz<\/h2>\n<h4><em>La ce s\u0103 te a\u0219tep\u021bi?<\/em><\/h4>\n<p>Playa de las Aguilas a fost numit\u0103 dup\u0103 vulturul indigen. Turul se face \u00een transport privat din Bahia de las Aguilas unde v\u0103 permite s\u0103 descoperi\u021bi minunile naturale ale acestei plaje afrodisiace \u00eentr-un mod foarte diferit \u0219i durabil. Petrece\u021bi ziua \u00eentr-un tur \u00een natur\u0103 \u00een partea de sud a \u021b\u0103rii unde ve\u021bi cunoa\u0219te Bahia de las Aguila, una dintre cele mai frumoase plaje din Republica Dominican\u0103, unde vom ajunge cu barca cu motor la aceast\u0103 plaj\u0103 paradisiac\u0103, o zon\u0103. pe deplin protejat de legea mediului. Petrece\u021bi un timp relaxant la Bahia de las Aguilas, o rezerva\u021bie natural\u0103 nelocuit\u0103 \u0219i un parc na\u021bional, \u0219i bucura\u021bi-v\u0103 de un pr\u00e2nz \u00een stil gr\u0103tar \u00een pe\u0219teri.<\/p>\n<p>Marea calm\u0103 \u0219i v\u00e2ntul u\u0219or v\u0103 vor \u00eempiedica s\u0103 suferi\u021bi prea mult din cauza soarelui \u0219i a c\u0103ldurii. Deveni\u021bi un explorator al zilei \u0219i descoperi\u021bi un paradis ecologic, natural \u0219i total nealterat. Pute\u021bi observa peste 130 de specii de p\u0103s\u0103ri, dintre care 76 tr\u0103iesc permanent \u00een golf, 10 sunt endemice \u0219i 47 sunt migratoare.<\/p>\n<p>08.30 \u2013 Plecare din Punctul de Intalnire<br \/>\n08.45 \u2013 Plecare cu barca din satul La Cueva spre Bahia de las Aguilas<br \/>\n12.30 \u2013 Pr\u00e2nz tipic pe plaj\u0103<br \/>\n03.00 \u2013 \u00centoarcere la La Cueva<br \/>\n05.30 \u2013 Sosire la Punctul de Intalnire<\/p>\n<h4><em><strong>Ce ar trebui s\u0103 aduci?<\/strong><\/em><\/h4>\n<ul>\n<li>aparat foto<\/li>\n<li>Muguri repelent<\/li>\n<li>Lotiune de plaja<\/li>\n<li>Ap\u0103<\/li>\n<li>P\u0103l\u0103rie<\/li>\n<li>Pantaloni comozi<\/li>\n<li>Pantofi de drume\u021bie pentru p\u0103dure<\/li>\n<li>Sandale \u00een zonele de prim\u0103var\u0103.<\/li>\n<li>\u00cembr\u0103c\u0103minte de \u00eenot<\/li>\n<\/ul>\n<p>&nbsp;<\/p>\n<h4><b><i>Preluare la hotel<\/i><\/b><\/h4>\n<p>Preluarea la hotel este oferit\u0103 pentru acest tur cu cost suplimentar.<\/p>\n<p><b>Not\u0103:<\/b> Dac\u0103 rezerva\u021bi \u00een termen de 24 de ore de la ora de plecare a turului\/excursiei, putem aranja preluarea de la hotel. Pur \u0219i simplu ridic\u0103m din zona Pedernales. Odat\u0103 ce achizi\u021bia dvs. este finalizat\u0103, v\u0103 vom trimite informa\u021bii complete de contact (num\u0103r de telefon, adres\u0103 de e-mail etc.) pentru ghidul nostru local pentru a organiza aranjamentele de ridicare.<\/p>\n<h4><b><i>Confirmare informa\u021bii suplimentare<\/i><\/b><\/h4>\n<ol>\n<li>Biletele sunt Chitan\u021ba dup\u0103 plata acestui Tur. Pute\u021bi afi\u0219a plata pe telefon.<\/li>\n<li>Punctul de \u00eent\u00e2lnire va fi primit dup\u0103 procesul de rezervare.<\/li>\n<li>Copiii trebuie s\u0103 fie \u00eenso\u021bi\u021bi de un adult.<\/li>\n<li>Nu este accesibil cu scaunul cu rotile<\/li>\n<li>Bebelu\u0219ii trebuie s\u0103 stea pe poale<\/li>\n<li>Nu este recomandat c\u0103l\u0103torilor cu probleme de spate<\/li>\n<li>Nu este recomandat c\u0103l\u0103torilor \u00eens\u0103rcinate<\/li>\n<li>F\u0103r\u0103 probleme cardiace sau alte afec\u021biuni medicale grave<\/li>\n<li>Majoritatea c\u0103l\u0103torilor pot participa<\/li>\n<\/ol>\n<h4><b><i>Politica de anulare<\/i><\/b><\/h4>\n<p>Pentru o rambursare complet\u0103, v\u0103 rug\u0103m s\u0103 citi\u021bi politicile noastre de anulare\u00a0<a href=\"https:\/\/ballenajorobada.com\/ro\/rezervare-online\/\" target=\"_blank\" rel=\"noopener\" data-saferedirecturl=\"https:\/\/www.google.com\/url?q=https:\/\/ballenajorobada.com\/online-booking\/&amp;source=gmail&amp;ust=1672449202351000&amp;usg=AOvVaw1yAeVAPktmaVCqDujgUn90\">Click aici<\/a>. Fondurile se vor pierde dac\u0103 rezervarea este anulat\u0103 \u00een aceea\u0219i zi a c\u0103l\u0103toriei.<\/p>\n\n\t\t<\/div>\n\t<\/div>\n<\/div><\/div><\/div><\/div><div class=\"vc_row wpb_row vc_row-fluid\" ><div class=\"wpb_column vc_column_container vc_col-sm-12\"><div class=\"vc_column-inner\"><div class=\"wpb_wrapper\"><div class=\"vc_btn3-container vc_btn3-inline\" ><button class=\"vc_general vc_btn3 vc_btn3-size-md vc_btn3-shape-rounded vc_btn3-style-modern vc_btn3-color-green\">REZERVA ACUM<\/button><\/div><\/div><\/div><\/div><\/div>\n<\/section>","protected":false},"excerpt":{"rendered":"<p><span style=\"vertical-align: inherit;\"><span style=\"vertical-align: inherit;\">Cump\u0103ra\u021bi un bilet de o zi la Bahia las Aguilas din zonele Pedernales. Bucura\u021bi-v\u0103 de o zi la plaj\u0103 \u0219i l\u0103sa\u021bi-v\u0103 sufletul s\u0103 curg\u0103, departe de zonele turistice \u0219i de tot stresul. Vino \u0219i descoperi Parcul Na\u021bional Jaragua \u0219i Bah\u00eda de las \u00c1guilas. Conduce\u021bi de-a lungul unui drum frumos, cu vederi uimitoare la micul port \u0219i satul de pescari Cabo Rojo. La Las Cuevas, te vei urca pe o barc\u0103 care te va duce \u00eentr-o plimbare de 15 minute la una dintre cele mai frumoase plaje naturale din lume. Nisipurile Golfului Vulturilor sunt nealterate, iar golful se \u00eentinde pe 8 km.<\/span><\/span><\/p>\n<p>Experimenta\u021bi un peisaj de coast\u0103 excep\u021bional, cu ape cristaline care str\u0103lucesc \u00een nuan\u021be variind de la turcoaz la albastru opal, care se topesc la orizont. Pr\u00e2nzul este servit pe plaj\u0103, \u00eenota\u021bi sau face\u021bi snorkeling \u0219i explora\u021bi acest paradis natural nealterat.<\/p>\n<p><em><strong>Selecta\u021bi ziua pentru aceast\u0103 c\u0103l\u0103torie:<\/strong><\/em><\/p>","protected":false},"featured_media":9739,"template":"","meta":[],"product_brand":[],"product_cat":[549,160],"product_tag":[557,554,555,563,560,556,564,559,553,567,566,561,565,558,562],"class_list":{"0":"post-11750","1":"product","2":"type-product","3":"status-publish","4":"has-post-thumbnail","6":"product_cat-bahia-de-las-aguilas-dominican-republic","7":"product_cat-lunch","8":"product_tag-bahia-de-las-aguilas","9":"product_tag-bahia-de-las-aguilas-pedernales","10":"product_tag-bahia-de-las-aguilas-beach-tour","11":"product_tag-bahia-de-las-aguilas-hoteles","12":"product_tag-bahia-de-las-aguilas-map","13":"product_tag-bahia-de-las-aguilas-private-tour","14":"product_tag-bahia-de-las-aguilas-republica-dominicana-hotel","15":"product_tag-bahia-de-las-aguilas-tour-from-punta-cana","16":"product_tag-bahia-de-las-aguilas-beach-day-trip-by-boat","17":"product_tag-bahia-las-aguilas-tours","18":"product_tag-barahona-tours","19":"product_tag-closest-airport-to-bahia-de-las-aguilas","20":"product_tag-hotel-barahona","21":"product_tag-playa-bahia-de-las-aguilas-dominican-republic","22":"product_tag-tours-a-bahia-de-las-aguilas-desde-santo-domingo","24":"first","25":"instock","26":"sale","27":"sold-individually","28":"shipping-taxable","29":"product-type-external"},"_links":{"self":[{"href":"https:\/\/ballenajorobada.com\/ro\/wp-json\/wp\/v2\/product\/11750","targetHints":{"allow":["GET"]}}],"collection":[{"href":"https:\/\/ballenajorobada.com\/ro\/wp-json\/wp\/v2\/product"}],"about":[{"href":"https:\/\/ballenajorobada.com\/ro\/wp-json\/wp\/v2\/types\/product"}],"wp:featuredmedia":[{"embeddable":true,"href":"https:\/\/ballenajorobada.com\/ro\/wp-json\/wp\/v2\/media\/9739"}],"wp:attachment":[{"href":"https:\/\/ballenajorobada.com\/ro\/wp-json\/wp\/v2\/media?parent=11750"}],"wp:term":[{"taxonomy":"product_brand","embeddable":true,"href":"https:\/\/ballenajorobada.com\/ro\/wp-json\/wp\/v2\/product_brand?post=11750"},{"taxonomy":"product_cat","embeddable":true,"href":"https:\/\/ballenajorobada.com\/ro\/wp-json\/wp\/v2\/product_cat?post=11750"},{"taxonomy":"product_tag","embeddable":true,"href":"https:\/\/ballenajorobada.com\/ro\/wp-json\/wp\/v2\/product_tag?post=11750"}],"curies":[{"name":"wp","href":"https:\/\/api.w.org\/{rel}","templated":true}]}}